{"id":1255,"date":"2020-02-18T15:13:28","date_gmt":"2020-02-18T20:13:28","guid":{"rendered":"http:\/\/cms.genusplc.com\/absglobal\/?page_id=1255"},"modified":"2020-03-23T11:14:34","modified_gmt":"2020-03-23T16:14:34","slug":"terminos-y-condiciones","status":"publish","type":"page","link":"https:\/\/www.absglobal.com\/ar\/terminos-y-condiciones\/","title":{"rendered":"T\u00c9RMINOS Y CONDICIONES"},"content":{"rendered":"\n<p>Los presentes t\u00e9rminos y condiciones (los \u201cT\u00e9rminos) regir\u00e1n (a) la compra, venta y utilizaci\u00f3n de todos los productos bovinos ofertados por ABS Global, Inc. o sus filiales (\u201cABS\u201d), incluyendo pero sin limitar, bovinos, semen y embriones (\u201cGermoplasma\u201d), productos para el cuidado de ubres, certificados de crianza, servicios de crianza, servicios de gesti\u00f3n gen\u00e9tica, servicios de gesti\u00f3n reproductiva y servicios de inseminaci\u00f3n e implantaci\u00f3n (en adelante, junto con el Germoplasma, los \u201cProductos\u201d), y (b) toda licencia de uso de materiales gen\u00e9ticos comprendidas en o derivadas de Germoplasma (en todo o en parte) o de su progenie, incluyendo todo ADN, RNA, prote\u00edna o cualquier material molecular o hereditario (\u201cMateriales Gen\u00e9ticos\u201d). Lea estos T\u00e9rminos cuidadosamente, ya que la utilizaci\u00f3n o compra de los Productos, por usted, por sus empleados o representantes en vuestro nombre (enti\u00e9ndase colectiva o individualmente, \u201cvuestro\u201d), constituye vuestra confirmaci\u00f3n y acuerdo para actuar conforme a los mismos y quedar vinculados por ellos. ABS se reserva el derecho a hacer cambios sobre estos T\u00e9rminos.<br><strong>COMPRA Y ENV\u00cdO (SHIPPING)<br><\/strong>Mediante la realizaci\u00f3n de un pedido confirma que est\u00e1 autorizado para realizar la compra. Toda las ventas son finales, ni se pueden cancelar ni son reembolsables, salvo que se deduzca lo contrario de estos T\u00e9rminos. Todos los pedidos est\u00e1n sujetos a la aceptaci\u00f3n por parte de ABS y a la disponibilidad en el momento del env\u00edo. Usted certifica que los padres de cualquier animal para el que compra certificados de crianza son los padres aut\u00e9nticos de dicho animal. <br> El pago tendr\u00e1 lugar en los 30 d\u00edas siguientes a la fecha de la factura; sujeto a la Pol\u00edtica de Cr\u00e9dito de ABS. La exportaci\u00f3n de Productos est\u00e1 prohibida sin el previo consentimiento por escrito de ABS.    El pago del impuesto sobre las ventas es su responsabilidad y se aplicar\u00e1 a los pedidos de conformidad con la legislaci\u00f3n fiscal aplicable. Debido a las diferentes leyes fiscales regionales, cualquier impuesto que aparezca en su formulario de pedido es una estimaci\u00f3n y el impuesto definitivo ser\u00e1 el que figure en la factura.<br> Todos los Productos se enviar\u00e1n conforme a los Incoterms 2010 CPT (first carrier) al lugar indicado en el pedido. A excepci\u00f3n de lo establecido en estos T\u00e9rminos con respecto a los Materiales Gen\u00e9ticos, la titularidad de los Productos pasar\u00e1 al cliente desde el primer transportista. <\/p>\n\n\n\n<p><br><strong>UTILIZACI\u00d3N<\/strong><br>Los productos ABS est\u00e1n aprobados \u00fanicamente para su utilizaci\u00f3n en el \u00e1mbito de agricultura animal. La compra de Germoplasma est\u00e1 sujeta a una licencia no exclusiva, intransferible, no sub-licenciable, limitada y revocable para utilizar los Materiales Gen\u00e9ticos, sujeta a las siguientes restricciones:<br> El Germoplasma s\u00f3lo se puede utilizar en animales de su propiedad o arrendados por usted con la intenci\u00f3n de producir descendientes para su uso en una operaci\u00f3n comercial de carne de ternera o de productos l\u00e1cteos. El semen sexuado podr\u00e1 utilizarse \u00fanicamente para la inseminaci\u00f3n artificial de un solo bovino, con la intenci\u00f3n de producir una sola descendencia. Usted no puede vender o trasmitir Germoplasma a terceros, o usar o analizar Germoplasma para el beneficio de terceros, sin el previo consentimiento por escrito de ABS.<br> Sin limitar la generalidad de lo anterior, el Germoplasma identificado por ABS Global, Inc. en su sitio web como NuEraTM s\u00f3lo puede ser utilizado para crear un bovino de raza cruzada y usted no vender\u00e1, arrendar\u00e1 ni trasmitir\u00e1 de ninguna otra manera a ning\u00fan tercero ninguna descendencia masculina derivada de NuEraTM, excepto para su sacrificio, sin el consentimiento previo por escrito de ABS. <br> ABS se reserva todos los derechos sobre el Material Gen\u00e9tico que no se otorgan expresamente a continuaci\u00f3n. Todos los dem\u00e1s usos de los Materiales Gen\u00e9ticos est\u00e1n estrictamente prohibidos a menos que concurra consentimiento previo por escrito de ABS, incluyendo (pero sin limitaci\u00f3n) el genotipado, la secuenciaci\u00f3n, la clonaci\u00f3n, la edici\u00f3n del genoma, el an\u00e1lisis o manipulaci\u00f3n gen\u00e9tica, el uso en programas de investigaci\u00f3n p\u00fablicos o privados, la producci\u00f3n de animales con el prop\u00f3sito de recolectar y vender su semen, o para cualquier otro uso de investigaci\u00f3n o desarrollo.<br> La compra, recibo o utilizaci\u00f3n de germoplasma de los toros identificados como Icono Sires\u2122 est\u00e1 sujeto a los t\u00e9rminos y condiciones del programa Icono Sires\u2122 que se pueden encontrar en el sitio web de ABS Global, Inc. <\/p>\n\n\n\n<p><br><strong>BREEDING SERVICES.<\/strong><br>If you purchase Breeding Services from ABS, you are responsible, at your own cost, for preparing animals in accordance with ABS\u2019s instructions. Additional fees may apply if animals are not properly prepared. You are responsible for Products not used during the Breeding Services, including fresh embryos. For any Breeding Services charged by pregnancy, pregnancy shall mean a positive pregnancy check (ultrasound or non-return) between 30 and 45 days post breeding, unless otherwise agreed by ABS. ABS may provide certain services through a subcontractor.<br><br><strong>WARRANTIES AND LIABILITY.<\/strong><br>ABS warrants that the Germplasm conforms to the description on the individual straw or ampule it is packaged in. Except as otherwise set out in these Terms, all Products provided by ABS are sold &#8220;AS IS&#8221;. <strong>ABS SPECIFICALLY GIVES NO WARRANTY OF MERCHANTABILITY, HEALTH, OR FITNESS FOR A PARTICULAR PURPOSE EXCEPT AS SPECIFICALLY STATED IN THESE TERMS AND TO THE EXTENT ALLOWABLE BY LAW, ALL OTHER WARRANTIES ARE DISCLAIMED.<\/strong> ABS specifically disclaims any warranty of (a) the genetic make-up of the Product; (b) the performance of the Product, or the characteristics or performance of the offspring of the Product; and (c) the absence of pathogens from the Product. The warranty described above is contingent upon the proper use by you of the Products in line with industry standards and in compliance with these Terms and does not cover any Products which have been modified in any manner or subject to abuse, neglect, misuse or alteration. If a Product offered by ABS itself is not as described under such warranty, your sole remedy is to return it in unused condition and a credit up to the purchase price of the Product will be issued to your account. ABS attempts to be as accurate as possible in its Product descriptions. ABS does not warrant that Product descriptions, marketing materials, website content, or other information related to the Products is accurate, complete, reliable, current, or error-free.<br><br><strong>LIABILITY DISCLAIMER.<\/strong><br><strong>ABS, ITS AFFILIATES, AND THEIR EMPLOYEES, OFFICERS, DIRECTORS, AND DISTRIBUTORS (\u201cABS PARTIES\u201d) ENTIRE LIABILITY ON ANY CLAIM ARISING FROM OR RELATED TO THE PRODUCTS (WHETHER FROM BREACH OF WARRANTY, CONTRACT, TORT, STRICT LIABILITY, NEGLIGENCE, OR FIDUCIARY DUTY) SHALL NOT EXCEED THE PURCHASE PRICE PAID TO ABS FOR THE PRODUCTS THAT ALLEGEDLY CAUSED THE LOSS, OR IF ABS SO ELECTS, REPLACEMENT OF THE PRODUCT. IN NO EVENT SHALL ANY ABS PARTY BE LIABLE FOR INCIDENTAL, PUNITIVE, EXEMPLARY, CONSEQUENTIAL, MULTIPLIED DAMAGES OR LOST PROFITS SUSTAINED BY YOU OR ANY OTHER PERSON, OR FOR ANY FAILURE OF COWS TO CALVE. YOU AGREE NOT TO ASSERT ANY NON-CONTRACTUAL CLAIM UNDER STATE LAW ARISING FROM OR RELATED TO YOUR PURCHASE OR USE OF ANY PRODUCT. YOU ASSUME ALL RISK AND LIABILITY ARISING FROM OR RELATED TO YOUR USE, HANDLING, OR STORAGE OF PRODUCTS OR RELATED TO DEFECTS IN ANY STORAGE CONTAINERS OR TANKS CONTAINING PRODUCTS.<\/strong><br><br><strong>LIQUID NITROGEN NOTICE.<\/strong><br>You shall transfer all Germplasm from shipping tanks to your own nitrogen tanks immediately upon receipt. You are responsible for providing and maintaining liquid nitrogen tanks, including nitrogen levels and tank operation at all times. ABS may provide liquid nitrogen services to customers as an ancillary service. Such services are provided on an \u201cAS IS\u201d and \u201cAS AVAILABLE\u201d basis. Without limiting the foregoing, the ABS Parties shall not be responsible for any loss and\/or damages, direct or indirect, arising out contract, tort, or fiduciary duty by providing liquid nitrogen to you. To the extent allowable by law, all liability for the supply, maintenance, or servicing of liquid nitrogen storage tanks is expressly disclaimed by ABS Parties.<br><br><strong>DISTRIBUTORS.<\/strong><br>ABS contracts with independent contractors, sales agents, authorized representatives, or other distributors (\u201cDistributors\u201d) from whom you may purchase Products directly. Distributors are not the agents, employees, or servants of ABS and are not authorized to contract for, or on behalf of, ABS. Because ABS does not control the Products after transfer to a Distributor, ABS disclaims all liability for the Products, services, actions, or work provided to you by Distributors.<br><br><strong>INDEMITY.<\/strong><br>You agree to defend, indemnify and hold all ABS Parties harmless from any and all claims, liabilities, damages, costs and expenses, including reasonable attorneys&#8217; fees, in any way arising from, related to or in connection with (a) your use of ABS Products; (b) your breach or alleged breach of these Terms; (c) your violation of any third-party right, including any intellectual property right, publicity, confidentiality, property or privacy right; (d) your violation of any laws, rules, regulations, codes, statutes, ordinances or orders of any governmental and quasi-governmental authorities, including all regulatory, administrative and legislative authorities; and (e) any misrepresentation made by you.<br><br><strong>INTELLECTUAL PROPERTY.<\/strong><br>All intellectual property rights in the Germplasm and the genetic materials contained in or derived from the Germplasm (in whole or in part) or its progeny, including any DNA, RNA, protein or other molecular or hereditary materials (\u201cDerivatives\u201d) are the sole and confidential property of ABS and are treated by ABS as trade secrets. ABS grants you a non-exclusive, non-transferable, non-sublicensable, limited, revocable license to such intellectual property rights to use the Germplasm and Derivatives strictly as permitted under the \u201cUse\u201d section. Trademarks, logos and service marks on ABS materials, Products, websites, or elsewhere by ABS are registered and unregistered trademarks of ABS (\u201cABS Marks\u201d). No license or right to use any ABS Mark is granted by these Terms. All other uses of ABS intellectual property (including the ABS Marks) are strictly prohibited without the prior written consent of ABS.<br><br><strong>DATA &amp; SOFTWARE.<\/strong><br>Some Products allow you to download ABS owned or licensed software (&#8220;Software&#8221;) onto your computer or device, which may update automatically. ABS grants you a limited, non-exclusive, non-transferable, non-sublicensable, revocable license to use the Software, solely in connection with the Products. To the extent any component of the Software is offered under a third-party sub-license, you must use that Software in compliance with the terms and policies of the third-party supplier, in addition to these Terms. Unless the following restrictions are prohibited by law, you agree not to reverse engineer or decompile the Software or Products, attempt to do so, or assist anyone in doing so. As part of ABS\u2019s effort to continually improve its Product offerings, ABS employees or Distributors may collect data or information, including herd performance data, from your technology systems (\u201cData\u201d). By permitting ABS employees or Distributors to access your Data, you grant ABS a non-exclusive, perpetual, irrevocable, royalty-free, transferable, worldwide license to use the Data for ABS business purposes. ABS understands that maintaining anonymity of your Data is important to your business operations, and will not use your Data in a way that discloses your individual or business identity to the public. Any data, reports, information or intellectual property created, generated or discovered by ABS from the Data (individually or in aggregate) is the sole property of ABS, and no ownership rights in such data, reports, information or intellectual property shall transfer to you or any third-party.<br><br><strong>COMPLIANCE WITH LAWS.<\/strong><br>You agree to comply with all applicable laws, rules, regulations, codes, statutes, ordinances or orders of any governmental and quasi-governmental authorities, including all regulatory, administrative and legislative authorities, including any anti-corruption and bribery law, policy or regulation, in connection with your purchase or use of the Products and in your dealings with ABS.<br><br><strong>GOVERNING LAW.<\/strong><br>These Terms are governed by and construed in accordance with the laws of the State of Wisconsin, USA without giving effect to any principles of conflicts of law. You irrevocably submit to the exclusive jurisdiction of the courts of Wisconsin, USA over any claim or matter arising out of or related to these Terms or your purchase or use of Products.<br><br><strong>ENTIRE AGREEMENT &amp; INTERPRETATION.<\/strong><br>These Terms constitute the entire agreement between you and ABS, and supersede and replace any agreement, terms and conditions, or your purchase order or other ordering document related to the Products, except to the extent that such agreement is in writing, signed by both you and ABS (\u201cWritten Contract\u201d). To the extent that the terms of a Written Contract conflict with these Terms, the terms of the Written Contract shall prevail. In the event these Terms differ from terms and conditions on ABS printed forms, these Terms shall prevail. In these Terms, the word \u201cincluding\u201d shall be deemed to be followed by the words \u201cwithout limitation.\u201d<br><br><strong>WAIVER, SEVERABILITY &amp; ASSIGNMENT.<\/strong><br>ABS\u2019s failure to enforce any provision of the Terms is not a waiver of its right to do so later. If a provision is found unenforceable or invalid for any reason, the remaining provisions shall remain in full force and effect. You may not assign any of your rights under these Terms, and any such attempt shall be void. ABS may assign its rights to its affiliates or subsidiaries, or to any successor in interest of any business associated with ABS.<br><br><strong>MODIFICATION.<\/strong><br>ABS may revise these Terms from time to time, and will post the most current version on our website. You are bound by any revision and should review these Terms periodically. If any provision of these Terms is deemed invalid, void, or unenforceable for any reason, that provision shall be severed and shall not affect the validity or enforceability of any remaining provision, and the parties shall substitute for the invalid provision a provision that most closely approximates the intent and economic effect of the invalid provision.<\/p>\n","protected":false},"excerpt":{"rendered":"<p>Los presentes t\u00e9rminos y condiciones (los \u201cT\u00e9rminos) regir\u00e1n (a) la compra, venta y utilizaci\u00f3n de todos los productos bovinos ofertados por ABS Global, Inc. o sus filiales (\u201cABS\u201d), incluyendo pero sin limitar, bovinos, semen y embriones (\u201cGermoplasma\u201d), productos para el cuidado de ubres, certificados de crianza, servicios de crianza, servicios de gesti\u00f3n gen\u00e9tica, servicios de [&hellip;]<\/p>\n","protected":false},"author":289,"featured_media":0,"parent":0,"menu_order":0,"comment_status":"closed","ping_status":"closed","template":"","meta":{"_acf_changed":false,"content-type":"","footnotes":""},"class_list":["post-1255","page","type-page","status-publish","hentry"],"acf":[],"yoast_head":"<!-- This site is optimized with the Yoast SEO Premium plugin v25.6 (Yoast SEO v25.6) - https:\/\/yoast.com\/wordpress\/plugins\/seo\/ -->\n<title>T\u00c9RMINOS Y CONDICIONES - ABS Global Argentina<\/title>\n<meta name=\"robots\" content=\"index, follow, max-snippet:-1, max-image-preview:large, max-video-preview:-1\" \/>\n<link rel=\"canonical\" href=\"https:\/\/www.absglobal.com\/ar\/terminos-y-condiciones\/\" \/>\n<meta property=\"og:locale\" content=\"es_ES\" \/>\n<meta property=\"og:type\" content=\"article\" \/>\n<meta property=\"og:title\" content=\"T\u00c9RMINOS Y CONDICIONES\" \/>\n<meta property=\"og:description\" content=\"Los presentes t\u00e9rminos y condiciones (los \u201cT\u00e9rminos) regir\u00e1n (a) la compra, venta y utilizaci\u00f3n de todos los productos bovinos ofertados por ABS Global, Inc. o sus filiales (\u201cABS\u201d), incluyendo pero sin limitar, bovinos, semen y embriones (\u201cGermoplasma\u201d), productos para el cuidado de ubres, certificados de crianza, servicios de crianza, servicios de gesti\u00f3n gen\u00e9tica, servicios de [&hellip;]\" \/>\n<meta property=\"og:url\" content=\"https:\/\/www.absglobal.com\/ar\/terminos-y-condiciones\/\" \/>\n<meta property=\"og:site_name\" content=\"ABS Global Argentina\" \/>\n<meta property=\"article:modified_time\" content=\"2020-03-23T16:14:34+00:00\" \/>\n<meta name=\"twitter:card\" content=\"summary_large_image\" \/>\n<meta name=\"twitter:label1\" content=\"Est. reading time\" \/>\n\t<meta name=\"twitter:data1\" content=\"12 minutos\" \/>\n<script type=\"application\/ld+json\" class=\"yoast-schema-graph\">{\"@context\":\"https:\/\/schema.org\",\"@graph\":[{\"@type\":\"WebPage\",\"@id\":\"https:\/\/www.absglobal.com\/ar\/terminos-y-condiciones\/\",\"url\":\"https:\/\/www.absglobal.com\/ar\/terminos-y-condiciones\/\",\"name\":\"T\u00c9RMINOS Y CONDICIONES - ABS Global Argentina\",\"isPartOf\":{\"@id\":\"https:\/\/www.absglobal.com\/ar\/#website\"},\"datePublished\":\"2020-02-18T20:13:28+00:00\",\"dateModified\":\"2020-03-23T16:14:34+00:00\",\"breadcrumb\":{\"@id\":\"https:\/\/www.absglobal.com\/ar\/terminos-y-condiciones\/#breadcrumb\"},\"inLanguage\":\"es\",\"potentialAction\":[{\"@type\":\"ReadAction\",\"target\":[\"https:\/\/www.absglobal.com\/ar\/terminos-y-condiciones\/\"]}]},{\"@type\":\"BreadcrumbList\",\"@id\":\"https:\/\/www.absglobal.com\/ar\/terminos-y-condiciones\/#breadcrumb\",\"itemListElement\":[{\"@type\":\"ListItem\",\"position\":1,\"name\":\"Home\",\"item\":\"https:\/\/www.absglobal.com\/ar\/\"},{\"@type\":\"ListItem\",\"position\":2,\"name\":\"T\u00c9RMINOS Y CONDICIONES\"}]},{\"@type\":\"WebSite\",\"@id\":\"https:\/\/www.absglobal.com\/ar\/#website\",\"url\":\"https:\/\/www.absglobal.com\/ar\/\",\"name\":\"ABS Global Argentina\",\"description\":\"Independientemente de los objetivos o mercados, el motor de todas las lecher\u00edas es el parto, ya que una pre\u00f1ez a t\u00e9rmino da lugar a una lactancia. \",\"publisher\":{\"@id\":\"https:\/\/www.absglobal.com\/ar\/#organization\"},\"potentialAction\":[{\"@type\":\"SearchAction\",\"target\":{\"@type\":\"EntryPoint\",\"urlTemplate\":\"https:\/\/www.absglobal.com\/ar\/?s={search_term_string}\"},\"query-input\":{\"@type\":\"PropertyValueSpecification\",\"valueRequired\":true,\"valueName\":\"search_term_string\"}}],\"inLanguage\":\"es\"},{\"@type\":\"Organization\",\"@id\":\"https:\/\/www.absglobal.com\/ar\/#organization\",\"name\":\"ABS Global Argentina\",\"url\":\"https:\/\/www.absglobal.com\/ar\/\",\"logo\":{\"@type\":\"ImageObject\",\"inLanguage\":\"es\",\"@id\":\"https:\/\/www.absglobal.com\/ar\/#\/schema\/logo\/image\/\",\"url\":\"https:\/\/www.absglobal.com\/ar\/wp-content\/uploads\/sites\/21\/2020\/03\/LogoRGB.png\",\"contentUrl\":\"https:\/\/www.absglobal.com\/ar\/wp-content\/uploads\/sites\/21\/2020\/03\/LogoRGB.png\",\"width\":872,\"height\":1080,\"caption\":\"ABS Global Argentina\"},\"image\":{\"@id\":\"https:\/\/www.absglobal.com\/ar\/#\/schema\/logo\/image\/\"}}]}<\/script>\n<!-- \/ Yoast SEO Premium plugin. -->","yoast_head_json":{"title":"T\u00c9RMINOS Y CONDICIONES - ABS Global Argentina","robots":{"index":"index","follow":"follow","max-snippet":"max-snippet:-1","max-image-preview":"max-image-preview:large","max-video-preview":"max-video-preview:-1"},"canonical":"https:\/\/www.absglobal.com\/ar\/terminos-y-condiciones\/","og_locale":"es_ES","og_type":"article","og_title":"T\u00c9RMINOS Y CONDICIONES","og_description":"Los presentes t\u00e9rminos y condiciones (los \u201cT\u00e9rminos) regir\u00e1n (a) la compra, venta y utilizaci\u00f3n de todos los productos bovinos ofertados por ABS Global, Inc. o sus filiales (\u201cABS\u201d), incluyendo pero sin limitar, bovinos, semen y embriones (\u201cGermoplasma\u201d), productos para el cuidado de ubres, certificados de crianza, servicios de crianza, servicios de gesti\u00f3n gen\u00e9tica, servicios de [&hellip;]","og_url":"https:\/\/www.absglobal.com\/ar\/terminos-y-condiciones\/","og_site_name":"ABS Global Argentina","article_modified_time":"2020-03-23T16:14:34+00:00","twitter_card":"summary_large_image","twitter_misc":{"Est. reading time":"12 minutos"},"schema":{"@context":"https:\/\/schema.org","@graph":[{"@type":"WebPage","@id":"https:\/\/www.absglobal.com\/ar\/terminos-y-condiciones\/","url":"https:\/\/www.absglobal.com\/ar\/terminos-y-condiciones\/","name":"T\u00c9RMINOS Y CONDICIONES - ABS Global Argentina","isPartOf":{"@id":"https:\/\/www.absglobal.com\/ar\/#website"},"datePublished":"2020-02-18T20:13:28+00:00","dateModified":"2020-03-23T16:14:34+00:00","breadcrumb":{"@id":"https:\/\/www.absglobal.com\/ar\/terminos-y-condiciones\/#breadcrumb"},"inLanguage":"es","potentialAction":[{"@type":"ReadAction","target":["https:\/\/www.absglobal.com\/ar\/terminos-y-condiciones\/"]}]},{"@type":"BreadcrumbList","@id":"https:\/\/www.absglobal.com\/ar\/terminos-y-condiciones\/#breadcrumb","itemListElement":[{"@type":"ListItem","position":1,"name":"Home","item":"https:\/\/www.absglobal.com\/ar\/"},{"@type":"ListItem","position":2,"name":"T\u00c9RMINOS Y CONDICIONES"}]},{"@type":"WebSite","@id":"https:\/\/www.absglobal.com\/ar\/#website","url":"https:\/\/www.absglobal.com\/ar\/","name":"ABS Global Argentina","description":"Independientemente de los objetivos o mercados, el motor de todas las lecher\u00edas es el parto, ya que una pre\u00f1ez a t\u00e9rmino da lugar a una lactancia. ","publisher":{"@id":"https:\/\/www.absglobal.com\/ar\/#organization"},"potentialAction":[{"@type":"SearchAction","target":{"@type":"EntryPoint","urlTemplate":"https:\/\/www.absglobal.com\/ar\/?s={search_term_string}"},"query-input":{"@type":"PropertyValueSpecification","valueRequired":true,"valueName":"search_term_string"}}],"inLanguage":"es"},{"@type":"Organization","@id":"https:\/\/www.absglobal.com\/ar\/#organization","name":"ABS Global Argentina","url":"https:\/\/www.absglobal.com\/ar\/","logo":{"@type":"ImageObject","inLanguage":"es","@id":"https:\/\/www.absglobal.com\/ar\/#\/schema\/logo\/image\/","url":"https:\/\/www.absglobal.com\/ar\/wp-content\/uploads\/sites\/21\/2020\/03\/LogoRGB.png","contentUrl":"https:\/\/www.absglobal.com\/ar\/wp-content\/uploads\/sites\/21\/2020\/03\/LogoRGB.png","width":872,"height":1080,"caption":"ABS Global Argentina"},"image":{"@id":"https:\/\/www.absglobal.com\/ar\/#\/schema\/logo\/image\/"}}]}},"_links":{"self":[{"href":"https:\/\/www.absglobal.com\/ar\/wp-json\/wp\/v2\/pages\/1255"}],"collection":[{"href":"https:\/\/www.absglobal.com\/ar\/wp-json\/wp\/v2\/pages"}],"about":[{"href":"https:\/\/www.absglobal.com\/ar\/wp-json\/wp\/v2\/types\/page"}],"author":[{"embeddable":true,"href":"https:\/\/www.absglobal.com\/ar\/wp-json\/wp\/v2\/users\/289"}],"replies":[{"embeddable":true,"href":"https:\/\/www.absglobal.com\/ar\/wp-json\/wp\/v2\/comments?post=1255"}],"version-history":[{"count":9,"href":"https:\/\/www.absglobal.com\/ar\/wp-json\/wp\/v2\/pages\/1255\/revisions"}],"predecessor-version":[{"id":2649,"href":"https:\/\/www.absglobal.com\/ar\/wp-json\/wp\/v2\/pages\/1255\/revisions\/2649"}],"wp:attachment":[{"href":"https:\/\/www.absglobal.com\/ar\/wp-json\/wp\/v2\/media?parent=1255"}],"curies":[{"name":"wp","href":"https:\/\/api.w.org\/{rel}","templated":true}]}}