{"id":2105,"date":"2020-03-10T11:25:40","date_gmt":"2020-03-10T16:25:40","guid":{"rendered":"http:\/\/cms.genusplc.com\/absglobal\/?page_id=2105"},"modified":"2025-05-30T10:50:06","modified_gmt":"2025-05-30T15:50:06","slug":"cadena-de-suministro","status":"publish","type":"page","link":"https:\/\/www.absglobal.com\/ar\/cadena-de-suministro\/","title":{"rendered":"Cadena de suministro"},"content":{"rendered":"\n<p>Desde el parto hasta la cr\u00eda, el recorrido de la cadena de suministro de carne se basa en tres componentes principales: eficiencia, salud y gen\u00e9tica.<\/p>\n\n\n\n<p>La distribuci\u00f3n de trabajo entre los productores, corrales de engorda y empacadores es un aspecto fundamental para garantizar la eficiencia ya que cada actor puede concentrarse en lo que mejor hacen. Las eficiencias obtenidas de esta especializaci\u00f3n pueden tener un gran impacto en los componentes de alimentaci\u00f3n y salud, mientras que la gen\u00e9tica solo puede abordarse al comienzo del proceso en la etapa de mejoramiento, viendo beneficios en toda la cadena de suministro.<\/p>\n\n\n\n<p>Al conocer el impacto de la gen\u00e9tica en la eficiencia, el canal y la calidad de la carne, los empacadores y los corrales de engorde ahora est\u00e1n analizando la gen\u00e9tica como una forma de aumentar la sostenibilidad y la rentabilidad en toda la cadena de suministro de carne de vacuno.<\/p>\n\n\n\n<h2 class=\"wp-block-heading\" id=\"h-abs-ha-desarrollado-soluciones-de-cruce-industrial-teniendo-en-cuenta-toda-la-cadena-de-suministro-de-carne-de-vacuno\">ABS ha desarrollado soluciones de cruce industrial teniendo en cuenta toda la cadena de suministro de carne de vacuno:<\/h2>\n\n\n\t\t<section id=\"\" class=\"section-wrapper article-cards-block alignwide \" data-magellan-target=\"\">\n\t\t\t<div class=\"article-blocks\">\n\t\t\t\t\t\t\t\t\t<a href=\"https:\/\/www.absglobal.com\/ar\/services\/beef-infocus\/\" class=\"article-block\">\n\t\t\t\t\t\t\t\t\t\t\t\t\t<figure>\n\t\t\t\t\t\t\t\t<img decoding=\"async\" class=\"article-block-img\" src=\"https:\/\/www.absglobal.com\/ar\/wp-content\/uploads\/sites\/21\/2020\/03\/product-beef-infocus.jpg\" alt=\"\">\n\t\t\t\t\t\t\t<\/figure>\n\t\t\t\t\t\t\t\t\t\t\t\t<div class=\"article-block-description\">\n\t\t\t\t\t\t\t\t\t\t\t\t\t\t\t<h3 class=\"article-block-title\">Beef InFocus\u2122<\/h3>\n\t\t\t\t\t\t\t\t\t\t\t\t\t\t\t\t\t\t\t\t\t\t<span>Beef InFocus\u2122 de ABS, potenciado por NuEra Genetics\u2122, ofrece gen\u00e9tica de carne probada y confiable para que los productores lecheros maximicen el valor de la cosecha de cr\u00edas al tiempo que impulsan la eficiencia de la cadena de suministro de carne.<\/span>\n\t\t\t\t\t\t\t\t\t\t\t\t\t\t<img decoding=\"async\" class=\"article-block-arrow\" inject-svg src=\"https:\/\/www.absglobal.com\/ar\/wp-content\/themes\/abs\/dist\/assets\/img\/icons\/caret-right-icon.svg\" alt=\"Arrow icon\">\n\t\t\t\t\t\t<\/div>\n\t\t\t\t\t<\/a>\n\t\t\t\t\t\t\t\t\t<a href=\"https:\/\/www.absglobal.com\/ar\/services\/nuera-genetics\/\" class=\"article-block\">\n\t\t\t\t\t\t\t\t\t\t\t\t\t<figure>\n\t\t\t\t\t\t\t\t<img decoding=\"async\" class=\"article-block-img\" src=\"https:\/\/www.absglobal.com\/ar\/wp-content\/uploads\/sites\/21\/2020\/03\/product-nuera.jpg\" alt=\"\">\n\t\t\t\t\t\t\t<\/figure>\n\t\t\t\t\t\t\t\t\t\t\t\t<div class=\"article-block-description\">\n\t\t\t\t\t\t\t\t\t\t\t\t\t\t\t<h3 class=\"article-block-title\">NuEra Genetics\u2122<\/h3>\n\t\t\t\t\t\t\t\t\t\t\t\t\t\t\t\t\t\t\t\t\t\t<span>NuEra Genetics\u2122 de ABS Global abarca todos los programas de cr\u00eda de carne de vacuno de propiedad de ABS, evaluaciones e \u00edndices.<\/span>\n\t\t\t\t\t\t\t\t\t\t\t\t\t\t<img decoding=\"async\" class=\"article-block-arrow\" inject-svg src=\"https:\/\/www.absglobal.com\/ar\/wp-content\/themes\/abs\/dist\/assets\/img\/icons\/caret-right-icon.svg\" alt=\"Arrow icon\">\n\t\t\t\t\t\t<\/div>\n\t\t\t\t\t<\/a>\n\t\t\t\t\t\t\t<\/div>\n\t\t<\/section>\n\t\t\n\n\n<div style=\"height:100px\" aria-hidden=\"true\" class=\"wp-block-spacer\"><\/div>\n\n\n\n\t<h2 class=\"has-text-align-center is-style-underline wp-block-heading\" id=\"fyr-form\">Encuentre a su representante local<\/h2>\n\n    <div class=\"entry-content\" style=\"margin-top: 10px;\">\n        <iframe id=\"fyrFormIframe\" src=\"https:\/\/intranet-latam.absglobal.com\/api\/fyr\/form?country=AR\" width=\"100%\" style=\"border: none; overflow: hidden;\"><\/iframe>\n    <\/div>\n\n    <script>\n    window.addEventListener(\"message\", function(event) {\n        if (event.origin !== \"https:\/\/intranet-latam.absglobal.com\") return;\n        var iframe = document.getElementById(\"fyrFormIframe\");\n        if (iframe && event.data.height) {\n            var height = event.data.height + 100;\n            iframe.style.height = height + \"px\";\n        }\n    }, false);\n    <\/script>\n\n    \n","protected":false},"excerpt":{"rendered":"<p>Desde el parto hasta la cr\u00eda, el recorrido de la cadena de suministro de carne se basa en tres componentes principales: eficiencia, salud y gen\u00e9tica. La distribuci\u00f3n de trabajo entre los productores, corrales de engorda y empacadores es un aspecto fundamental para garantizar la eficiencia ya que cada actor puede concentrarse en lo que mejor [&hellip;]<\/p>\n","protected":false},"author":289,"featured_media":0,"parent":0,"menu_order":0,"comment_status":"closed","ping_status":"closed","template":"","meta":{"_acf_changed":false,"content-type":"","footnotes":""},"class_list":["post-2105","page","type-page","status-publish","hentry"],"acf":[],"yoast_head":"<!-- This site is optimized with the Yoast SEO Premium plugin v25.6 (Yoast SEO v25.6) - https:\/\/yoast.com\/wordpress\/plugins\/seo\/ -->\n<title>Cadena de suministro - ABS Global Argentina<\/title>\n<meta name=\"description\" content=\"Desde el parto hasta la cr\u00eda, el recorrido de la cadena de suministro de carne se basa en tres componentes: eficiencia, salud y gen\u00e9tica.\" \/>\n<meta name=\"robots\" content=\"index, follow, max-snippet:-1, max-image-preview:large, max-video-preview:-1\" \/>\n<link rel=\"canonical\" href=\"https:\/\/www.absglobal.com\/ar\/cadena-de-suministro\/\" \/>\n<meta property=\"og:locale\" content=\"es_ES\" \/>\n<meta property=\"og:type\" content=\"article\" \/>\n<meta property=\"og:title\" content=\"Cadena de suministro\" \/>\n<meta property=\"og:description\" content=\"Desde el parto hasta la cr\u00eda, el recorrido de la cadena de suministro de carne se basa en tres componentes: eficiencia, salud y gen\u00e9tica.\" \/>\n<meta property=\"og:url\" content=\"https:\/\/www.absglobal.com\/ar\/cadena-de-suministro\/\" \/>\n<meta property=\"og:site_name\" content=\"ABS Global Argentina\" \/>\n<meta property=\"article:modified_time\" content=\"2025-05-30T15:50:06+00:00\" \/>\n<meta name=\"twitter:card\" content=\"summary_large_image\" \/>\n<meta name=\"twitter:label1\" content=\"Est. reading time\" \/>\n\t<meta name=\"twitter:data1\" content=\"1 minuto\" \/>\n<script type=\"application\/ld+json\" class=\"yoast-schema-graph\">{\"@context\":\"https:\/\/schema.org\",\"@graph\":[{\"@type\":\"WebPage\",\"@id\":\"https:\/\/www.absglobal.com\/ar\/cadena-de-suministro\/\",\"url\":\"https:\/\/www.absglobal.com\/ar\/cadena-de-suministro\/\",\"name\":\"Cadena de suministro - ABS Global Argentina\",\"isPartOf\":{\"@id\":\"https:\/\/www.absglobal.com\/ar\/#website\"},\"datePublished\":\"2020-03-10T16:25:40+00:00\",\"dateModified\":\"2025-05-30T15:50:06+00:00\",\"description\":\"Desde el parto hasta la cr\u00eda, el recorrido de la cadena de suministro de carne se basa en tres componentes: eficiencia, salud y gen\u00e9tica.\",\"breadcrumb\":{\"@id\":\"https:\/\/www.absglobal.com\/ar\/cadena-de-suministro\/#breadcrumb\"},\"inLanguage\":\"es\",\"potentialAction\":[{\"@type\":\"ReadAction\",\"target\":[\"https:\/\/www.absglobal.com\/ar\/cadena-de-suministro\/\"]}]},{\"@type\":\"BreadcrumbList\",\"@id\":\"https:\/\/www.absglobal.com\/ar\/cadena-de-suministro\/#breadcrumb\",\"itemListElement\":[{\"@type\":\"ListItem\",\"position\":1,\"name\":\"Home\",\"item\":\"https:\/\/www.absglobal.com\/ar\/\"},{\"@type\":\"ListItem\",\"position\":2,\"name\":\"Cadena de suministro\"}]},{\"@type\":\"WebSite\",\"@id\":\"https:\/\/www.absglobal.com\/ar\/#website\",\"url\":\"https:\/\/www.absglobal.com\/ar\/\",\"name\":\"ABS Global Argentina\",\"description\":\"Independientemente de los objetivos o mercados, el motor de todas las lecher\u00edas es el parto, ya que una pre\u00f1ez a t\u00e9rmino da lugar a una lactancia. \",\"publisher\":{\"@id\":\"https:\/\/www.absglobal.com\/ar\/#organization\"},\"potentialAction\":[{\"@type\":\"SearchAction\",\"target\":{\"@type\":\"EntryPoint\",\"urlTemplate\":\"https:\/\/www.absglobal.com\/ar\/?s={search_term_string}\"},\"query-input\":{\"@type\":\"PropertyValueSpecification\",\"valueRequired\":true,\"valueName\":\"search_term_string\"}}],\"inLanguage\":\"es\"},{\"@type\":\"Organization\",\"@id\":\"https:\/\/www.absglobal.com\/ar\/#organization\",\"name\":\"ABS Global Argentina\",\"url\":\"https:\/\/www.absglobal.com\/ar\/\",\"logo\":{\"@type\":\"ImageObject\",\"inLanguage\":\"es\",\"@id\":\"https:\/\/www.absglobal.com\/ar\/#\/schema\/logo\/image\/\",\"url\":\"https:\/\/www.absglobal.com\/ar\/wp-content\/uploads\/sites\/21\/2020\/03\/LogoRGB.png\",\"contentUrl\":\"https:\/\/www.absglobal.com\/ar\/wp-content\/uploads\/sites\/21\/2020\/03\/LogoRGB.png\",\"width\":872,\"height\":1080,\"caption\":\"ABS Global Argentina\"},\"image\":{\"@id\":\"https:\/\/www.absglobal.com\/ar\/#\/schema\/logo\/image\/\"}}]}<\/script>\n<!-- \/ Yoast SEO Premium plugin. -->","yoast_head_json":{"title":"Cadena de suministro - ABS Global Argentina","description":"Desde el parto hasta la cr\u00eda, el recorrido de la cadena de suministro de carne se basa en tres componentes: eficiencia, salud y gen\u00e9tica.","robots":{"index":"index","follow":"follow","max-snippet":"max-snippet:-1","max-image-preview":"max-image-preview:large","max-video-preview":"max-video-preview:-1"},"canonical":"https:\/\/www.absglobal.com\/ar\/cadena-de-suministro\/","og_locale":"es_ES","og_type":"article","og_title":"Cadena de suministro","og_description":"Desde el parto hasta la cr\u00eda, el recorrido de la cadena de suministro de carne se basa en tres componentes: eficiencia, salud y gen\u00e9tica.","og_url":"https:\/\/www.absglobal.com\/ar\/cadena-de-suministro\/","og_site_name":"ABS Global Argentina","article_modified_time":"2025-05-30T15:50:06+00:00","twitter_card":"summary_large_image","twitter_misc":{"Est. reading time":"1 minuto"},"schema":{"@context":"https:\/\/schema.org","@graph":[{"@type":"WebPage","@id":"https:\/\/www.absglobal.com\/ar\/cadena-de-suministro\/","url":"https:\/\/www.absglobal.com\/ar\/cadena-de-suministro\/","name":"Cadena de suministro - ABS Global Argentina","isPartOf":{"@id":"https:\/\/www.absglobal.com\/ar\/#website"},"datePublished":"2020-03-10T16:25:40+00:00","dateModified":"2025-05-30T15:50:06+00:00","description":"Desde el parto hasta la cr\u00eda, el recorrido de la cadena de suministro de carne se basa en tres componentes: eficiencia, salud y gen\u00e9tica.","breadcrumb":{"@id":"https:\/\/www.absglobal.com\/ar\/cadena-de-suministro\/#breadcrumb"},"inLanguage":"es","potentialAction":[{"@type":"ReadAction","target":["https:\/\/www.absglobal.com\/ar\/cadena-de-suministro\/"]}]},{"@type":"BreadcrumbList","@id":"https:\/\/www.absglobal.com\/ar\/cadena-de-suministro\/#breadcrumb","itemListElement":[{"@type":"ListItem","position":1,"name":"Home","item":"https:\/\/www.absglobal.com\/ar\/"},{"@type":"ListItem","position":2,"name":"Cadena de suministro"}]},{"@type":"WebSite","@id":"https:\/\/www.absglobal.com\/ar\/#website","url":"https:\/\/www.absglobal.com\/ar\/","name":"ABS Global Argentina","description":"Independientemente de los objetivos o mercados, el motor de todas las lecher\u00edas es el parto, ya que una pre\u00f1ez a t\u00e9rmino da lugar a una lactancia. ","publisher":{"@id":"https:\/\/www.absglobal.com\/ar\/#organization"},"potentialAction":[{"@type":"SearchAction","target":{"@type":"EntryPoint","urlTemplate":"https:\/\/www.absglobal.com\/ar\/?s={search_term_string}"},"query-input":{"@type":"PropertyValueSpecification","valueRequired":true,"valueName":"search_term_string"}}],"inLanguage":"es"},{"@type":"Organization","@id":"https:\/\/www.absglobal.com\/ar\/#organization","name":"ABS Global Argentina","url":"https:\/\/www.absglobal.com\/ar\/","logo":{"@type":"ImageObject","inLanguage":"es","@id":"https:\/\/www.absglobal.com\/ar\/#\/schema\/logo\/image\/","url":"https:\/\/www.absglobal.com\/ar\/wp-content\/uploads\/sites\/21\/2020\/03\/LogoRGB.png","contentUrl":"https:\/\/www.absglobal.com\/ar\/wp-content\/uploads\/sites\/21\/2020\/03\/LogoRGB.png","width":872,"height":1080,"caption":"ABS Global Argentina"},"image":{"@id":"https:\/\/www.absglobal.com\/ar\/#\/schema\/logo\/image\/"}}]}},"_links":{"self":[{"href":"https:\/\/www.absglobal.com\/ar\/wp-json\/wp\/v2\/pages\/2105"}],"collection":[{"href":"https:\/\/www.absglobal.com\/ar\/wp-json\/wp\/v2\/pages"}],"about":[{"href":"https:\/\/www.absglobal.com\/ar\/wp-json\/wp\/v2\/types\/page"}],"author":[{"embeddable":true,"href":"https:\/\/www.absglobal.com\/ar\/wp-json\/wp\/v2\/users\/289"}],"replies":[{"embeddable":true,"href":"https:\/\/www.absglobal.com\/ar\/wp-json\/wp\/v2\/comments?post=2105"}],"version-history":[{"count":18,"href":"https:\/\/www.absglobal.com\/ar\/wp-json\/wp\/v2\/pages\/2105\/revisions"}],"predecessor-version":[{"id":4466,"href":"https:\/\/www.absglobal.com\/ar\/wp-json\/wp\/v2\/pages\/2105\/revisions\/4466"}],"wp:attachment":[{"href":"https:\/\/www.absglobal.com\/ar\/wp-json\/wp\/v2\/media?parent=2105"}],"curies":[{"name":"wp","href":"https:\/\/api.w.org\/{rel}","templated":true}]}}