{"id":2461,"date":"2020-03-12T14:48:53","date_gmt":"2020-03-12T19:48:53","guid":{"rendered":"http:\/\/cms.genusplc.com\/absglobal\/?page_id=2461"},"modified":"2020-03-31T09:43:21","modified_gmt":"2020-03-31T14:43:21","slug":"cuidado-de-la-ubre","status":"publish","type":"page","link":"https:\/\/www.absglobal.com\/ar\/cuidado-de-la-ubre\/","title":{"rendered":"Cuidado de la Ubre"},"content":{"rendered":"\n<p>Un procedimiento de orde\u00f1o bien ejecutado depende del buen ambiente, el equipo y el cuidado de las ubres. Si hay deficiencias en cualquiera de estas \u00e1reas principales, el riesgo de que aumente la tasa de mastitis es mucho mayor.<\/p>\n\n\n\n<p>Sin un buen procedimiento de orde\u00f1o, la vaca no tendr\u00e1 una buena bajada, lo que afectar\u00e1 negativamente la eficiencia del orde\u00f1o y la comodidad de la vaca. Adem\u00e1s, un procedimiento deficiente en la limpieza dejar\u00e1 bacterias da\u00f1inas que podr\u00edan provocar un aumento de los casos de mastitis.<\/p>\n\n\n\n<p>Cada vez es m\u00e1s com\u00fan que las lecher\u00edas se salten el proceso de orde\u00f1o manual debido a limitaciones de tiempo percibidas. Esto en realidad causa una bajada y salida de la leche m\u00e1s lentas, ya que la extracci\u00f3n tambi\u00e9n es cuando se verifican los signos de mastitis. Eliminar este paso clave dificultar\u00e1 la detecci\u00f3n temprana de problemas y terminar\u00e1 costando m\u00e1s dinero y tiempo a largo plazo.<\/p>\n\n\n\n<p>En este caso, la prevenci\u00f3n es mejor que una cura. Al mantener un buen ambiente, equipo y cuidado de las ubres, la tasa de mastitis disminuir\u00e1, lo que resulta en una operaci\u00f3n m\u00e1s eficiente y rentable.<\/p>\n\n\n\n<div style=\"height:100px\" aria-hidden=\"true\" class=\"wp-block-spacer\"><\/div>\n\n\n\n<h2 class=\"is-style-underline wp-block-heading\">Productos Relacionados <\/h2>\n\n\n\t\t<section id=\"\" class=\"alignwide section-wrapper section-wrapper-small-fluid block-product-slider\" data-magellan-target=\"\">\n\t\t\t<div class=\"carousel-card-section owl-carousel owl-theme\">\n\t\t\t\t\t\t\t\t\t\t<div class=\"card\">\n\t\t\t\t\t\t\t\t\t\t\t\t\t\t<div class=\"card-section\">\n\t\t\t\t\t\t\t\t<h3 class=\"card-title\">Icon Sires\u2122<\/h3>\n\t\t\t\t\t\t\t\t\t\t\t\t\t\t\t\t\t\t\t\t\t\t\t\t\t<p class=\"card-description\">ABS Global, Inc. (ABS) asume el compromiso de proporcionar a los clientes una gen\u00e9tica bovina superior dise\u00f1ada para que puedan producir prote\u00edna animal de alta calidad, en forma de carne y leche, de modo m\u00e1s eficiente. Realizamos importantes inversiones en identificar, desarrollar y comercializar estrat\u00e9gicamente animales que creemos son los mejores para impulsar el avance [&hellip;]<\/p>\n\t\t\t\t\t\t\t\t\n\t\t\t\t\t\t\t\t<a href=\"https:\/\/www.absglobal.com\/ar\/services\/icon-sires\/\" class=\"card-section-button button\">Aprender m\u00e1s<\/a>\n\t\t\t\t\t\t\t<\/div>\n\t\t\t\t\t\t<\/div>\n\t\t\t\t\t\t\t\t\t\t\t\t<div class=\"card\">\n\t\t\t\t\t\t\t\t\t\t\t\t\t\t\t<img decoding=\"async\" class=\"card-img\" src=\"https:\/\/www.absglobal.com\/ar\/wp-content\/uploads\/sites\/21\/2020\/03\/product-sexcel-2.jpg?w=1000&#038;resize=375,250\" alt=\"Image of medical devices\">\n\t\t\t\t\t\t\t\t\t\t\t\t\t\t<div class=\"card-section\">\n\t\t\t\t\t\t\t\t<h3 class=\"card-title\">Sexcel\u00ae<\/h3>\n\t\t\t\t\t\t\t\t\t\t\t\t\t\t\t\t\t\t\t\t\t\t\t\t\t<p class=\"card-description\">Gen\u00e9tica Sexada Sexcel\u00ae &#8211; haga el remplazo de sus vaquillas desde sus mejores vacas Una unidad de semen no aporta un valor real a un productor lechero a menos que resulte en una vaca pre\u00f1ada con una cr\u00eda. Del mismo modo, es necesario que nazca una vaquilla sana y solo entonces se puede ver el [&hellip;]<\/p>\n\t\t\t\t\t\t\t\t\n\t\t\t\t\t\t\t\t<a href=\"https:\/\/www.absglobal.com\/ar\/services\/sexcel\/\" class=\"card-section-button button\">Aprender m\u00e1s<\/a>\n\t\t\t\t\t\t\t<\/div>\n\t\t\t\t\t\t<\/div>\n\t\t\t\t\t\t\t\t\t\t\t\t<div class=\"card\">\n\t\t\t\t\t\t\t\t\t\t\t\t\t\t\t<img decoding=\"async\" class=\"card-img\" src=\"https:\/\/www.absglobal.com\/ar\/wp-content\/uploads\/sites\/21\/2020\/03\/product-beef-infocus.jpg?w=1000&#038;resize=375,250\" alt=\"Image of medical devices\">\n\t\t\t\t\t\t\t\t\t\t\t\t\t\t<div class=\"card-section\">\n\t\t\t\t\t\t\t\t<h3 class=\"card-title\">Beef InFocus \u2122<\/h3>\n\t\t\t\t\t\t\t\t\t\t\t\t\t\t\t\t\t\t\t\t\t\t\t\t\t<p class=\"card-description\">Beef InFocus \u2122 desarrollado por NuEra Genetics \u2122 ofrece al productor gen\u00e9tica de carne probada y confiable para maximizar calidad y eficiencia para la cadena de carne. MAS RENTABILIDAD A TRAV\u00c9S DEL USO DE CARNE EN LECHE Gen\u00e9tica de carne personalizada para los establos Los toros de Beef InFocus se cr\u00edan espec\u00edficamente para vacas lecheras, [&hellip;]<\/p>\n\t\t\t\t\t\t\t\t\n\t\t\t\t\t\t\t\t<a href=\"https:\/\/www.absglobal.com\/ar\/services\/beef-infocus\/\" class=\"card-section-button button\">Aprender m\u00e1s<\/a>\n\t\t\t\t\t\t\t<\/div>\n\t\t\t\t\t\t<\/div>\n\t\t\t\t\t\t\t\t\t\t\t\t<div class=\"card\">\n\t\t\t\t\t\t\t\t\t\t\t\t\t\t\t<img decoding=\"async\" class=\"card-img\" src=\"https:\/\/www.absglobal.com\/ar\/wp-content\/uploads\/sites\/21\/2020\/03\/product-de-novo.jpg?w=1000&#038;resize=375,250\" alt=\"Image of medical devices\">\n\t\t\t\t\t\t\t\t\t\t\t\t\t\t<div class=\"card-section\">\n\t\t\t\t\t\t\t\t<h3 class=\"card-title\">De Novo Genetics<\/h3>\n\t\t\t\t\t\t\t\t\t\t\t\t\t\t\t\t\t\t\t\t\t\t\t\t\t<p class=\"card-description\">Aumentar la productividad del reba\u00f1o y la rentabilidad de los clientes La Gen\u00e9tica De Novo tiene una misi\u00f3n clara: Desarrollar gen\u00e9tica Holstein de \u00e9lite y diferenciada para los clientes de ABS Global en todo el mundo. Lanzada en 2016, ABS Global dirige esta empresa conjunta con De-Su Holsteins, el criador independiente l\u00edder de Norteam\u00e9rica de [&hellip;]<\/p>\n\t\t\t\t\t\t\t\t\n\t\t\t\t\t\t\t\t<a href=\"https:\/\/www.absglobal.com\/ar\/services\/de-novo-genetics\/\" class=\"card-section-button button\">Aprender m\u00e1s<\/a>\n\t\t\t\t\t\t\t<\/div>\n\t\t\t\t\t\t<\/div>\n\t\t\t\t\t\t\t\t\t\t\t\t<div class=\"card\">\n\t\t\t\t\t\t\t\t\t\t\t\t\t\t\t<img decoding=\"async\" class=\"card-img\" src=\"https:\/\/www.absglobal.com\/ar\/wp-content\/uploads\/sites\/21\/2020\/03\/product-Transitionright-3.jpg?w=1000&#038;resize=375,250\" alt=\"Image of medical devices\">\n\t\t\t\t\t\t\t\t\t\t\t\t\t\t<div class=\"card-section\">\n\t\t\t\t\t\t\t\t<h3 class=\"card-title\">TransitionRight\u00ae<\/h3>\n\t\t\t\t\t\t\t\t\t\t\t\t\t\t\t\t\t\t\t\t\t\t\t\t\t<p class=\"card-description\">No reaccione. Prevenir a trav\u00e9s de la gen\u00e9tica. Los trastornos de salud de transici\u00f3n cobran un peaje en su tiempo, dinero y la productividad de su ganado. Hoy en d\u00eda, sin embargo, es posible reducir los riesgos con TransitionRight\u00ae de ABS Global. ABS Global, l\u00edder mundial en gen\u00e9tica bovina, servicios de reproducci\u00f3n y tecnolog\u00edas, utiliza [&hellip;]<\/p>\n\t\t\t\t\t\t\t\t\n\t\t\t\t\t\t\t\t<a href=\"https:\/\/www.absglobal.com\/ar\/services\/transitionright\/\" class=\"card-section-button button\">Aprender m\u00e1s<\/a>\n\t\t\t\t\t\t\t<\/div>\n\t\t\t\t\t\t<\/div>\n\t\t\t\t\t\t\t\t\t\t\t\t<div class=\"card\">\n\t\t\t\t\t\t\t\t\t\t\t\t\t\t\t<img decoding=\"async\" class=\"card-img\" src=\"https:\/\/www.absglobal.com\/ar\/wp-content\/uploads\/sites\/21\/2020\/03\/product-nuera.jpg?w=1024&#038;resize=375,250\" alt=\"Image of medical devices\">\n\t\t\t\t\t\t\t\t\t\t\t\t\t\t<div class=\"card-section\">\n\t\t\t\t\t\t\t\t<h3 class=\"card-title\">NuEra Genetics\u2122: Una nueva era en la mejora gen\u00e9tica de la carne de vacuno<\/h3>\n\t\t\t\t\t\t\t\t\t\t\t\t\t\t\t\t\t\t\t\t\t\t\t\t\t<p class=\"card-description\">La carne de res est\u00e1 llegando a las mesas de los consumidores con m\u00e1s frecuencia, entonces la demanda de carne de vacuno de alta calidad est\u00e1 creciendo en todo el mundo como fuente clave de prote\u00edna animal. Por ello, la cadena de suministro de carne de vacuno busca un suministro constante de animales sanos, predecibles [&hellip;]<\/p>\n\t\t\t\t\t\t\t\t\n\t\t\t\t\t\t\t\t<a href=\"https:\/\/www.absglobal.com\/ar\/services\/nuera-genetics\/\" class=\"card-section-button button\">Aprender m\u00e1s<\/a>\n\t\t\t\t\t\t\t<\/div>\n\t\t\t\t\t\t<\/div>\n\t\t\t\t\t\t\t\t\t\t\t\t<div class=\"card\">\n\t\t\t\t\t\t\t\t\t\t\t\t\t\t\t<img decoding=\"async\" class=\"card-img\" src=\"https:\/\/www.absglobal.com\/ar\/wp-content\/uploads\/sites\/21\/2020\/03\/product-gms.jpg?w=1000&#038;resize=375,250\" alt=\"Image of medical devices\">\n\t\t\t\t\t\t\t\t\t\t\t\t\t\t<div class=\"card-section\">\n\t\t\t\t\t\t\t\t<h3 class=\"card-title\">GMS 2.0<\/h3>\n\t\t\t\t\t\t\t\t\t\t\t\t\t\t\t\t\t\t\t\t\t\t\t\t\t<p class=\"card-description\">La gen\u00e9tica est\u00e1 mejorando.Su programa de apareamiento deber\u00eda hacer lo mismo. Desde 1968, el Genetic Management System\u00ae (GMS \u00ae) ha proporcionado un sistema integral que optimiza el progreso gen\u00e9tico y simplifica el proceso de cr\u00eda. Desde el primer apareamiento hace cerca de 55 a\u00f1os, GMS ha procesado m\u00e1s de 160 millones de apareamiento recomendaciones, m\u00e1s [&hellip;]<\/p>\n\t\t\t\t\t\t\t\t\n\t\t\t\t\t\t\t\t<a href=\"https:\/\/www.absglobal.com\/ar\/services\/gms\/\" class=\"card-section-button button\">Aprender m\u00e1s<\/a>\n\t\t\t\t\t\t\t<\/div>\n\t\t\t\t\t\t<\/div>\n\t\t\t\t\t\t\t\t\t\t\t\t<div class=\"card\">\n\t\t\t\t\t\t\t\t\t\t\t\t\t\t\t<img decoding=\"async\" class=\"card-img\" src=\"https:\/\/www.absglobal.com\/ar\/wp-content\/uploads\/sites\/21\/2020\/03\/product-genetic-audit-1.jpg?w=1000&#038;resize=375,250\" alt=\"Image of medical devices\">\n\t\t\t\t\t\t\t\t\t\t\t\t\t\t<div class=\"card-section\">\n\t\t\t\t\t\t\t\t<h3 class=\"card-title\">Auditor\u00eda Gen\u00e9tica<\/h3>\n\t\t\t\t\t\t\t\t\t\t\t\t\t\t\t\t\t\t\t\t\t\t\t\t\t<p class=\"card-description\">La herramienta m\u00e1s nueva del portafolio de servicios gen\u00e9ticos, la auditor\u00eda gen\u00e9tica ABS, complementa perfectamente a GMS 2.0 para obtener el mayor retorno de su inversi\u00f3n gen\u00e9tica. &nbsp;Similar a una boleta de calificaciones, esta auditor\u00eda anual proporciona una visi\u00f3n general de la gen\u00e9tica de su reba\u00f1o. &nbsp;Con esta l\u00ednea base, puede hacer futuras comparaciones y [&hellip;]<\/p>\n\t\t\t\t\t\t\t\t\n\t\t\t\t\t\t\t\t<a href=\"https:\/\/www.absglobal.com\/ar\/services\/auditoria-genetica\/\" class=\"card-section-button button\">Aprender m\u00e1s<\/a>\n\t\t\t\t\t\t\t<\/div>\n\t\t\t\t\t\t<\/div>\n\t\t\t\t\t\t\t\t\t\t\t\t<div class=\"card\">\n\t\t\t\t\t\t\t\t\t\t\t\t\t\t\t<img decoding=\"async\" class=\"card-img\" src=\"https:\/\/www.absglobal.com\/ar\/wp-content\/uploads\/sites\/21\/2020\/03\/product-monitor.jpg?w=1000&#038;resize=375,250\" alt=\"Image of medical devices\">\n\t\t\t\t\t\t\t\t\t\t\t\t\t\t<div class=\"card-section\">\n\t\t\t\t\t\t\t\t<h3 class=\"card-title\">ABS Monitor<\/h3>\n\t\t\t\t\t\t\t\t\t\t\t\t\t\t\t\t\t\t\t\t\t\t\t\t\t<p class=\"card-description\">Facilidad y velocidad del control reproductivo en hatos lecheros ABS Monitor es un sistema de monitoreo reproductivo para hatos lecheros, desarrollado por ABS con el objetivo de maximizar la producci\u00f3n de embarazos. El sistema ayuda a los productores de leche de todo el mundo a gestionar y analizar los \u00edndices reproductivos del reba\u00f1o de forma [&hellip;]<\/p>\n\t\t\t\t\t\t\t\t\n\t\t\t\t\t\t\t\t<a href=\"https:\/\/www.absglobal.com\/ar\/services\/abs-monitor\/\" class=\"card-section-button button\">Aprender m\u00e1s<\/a>\n\t\t\t\t\t\t\t<\/div>\n\t\t\t\t\t\t<\/div>\n\t\t\t\t\t\t\t\t\t<\/div>\n\t\t<\/section>\n\t\t\n\n","protected":false},"excerpt":{"rendered":"<p>Un procedimiento de orde\u00f1o bien ejecutado depende del buen ambiente, el equipo y el cuidado de las ubres. Si hay deficiencias en cualquiera de estas \u00e1reas principales, el riesgo de que aumente la tasa de mastitis es mucho mayor. Sin un buen procedimiento de orde\u00f1o, la vaca no tendr\u00e1 una buena bajada, lo que afectar\u00e1 [&hellip;]<\/p>\n","protected":false},"author":289,"featured_media":0,"parent":0,"menu_order":0,"comment_status":"closed","ping_status":"closed","template":"","meta":{"_acf_changed":false,"content-type":"","footnotes":""},"class_list":["post-2461","page","type-page","status-publish","hentry"],"acf":[],"yoast_head":"<!-- This site is optimized with the Yoast SEO Premium plugin v25.6 (Yoast SEO v25.6) - https:\/\/yoast.com\/wordpress\/plugins\/seo\/ -->\n<title>Cuidado de la Ubre - ABS Global Argentina<\/title>\n<meta name=\"robots\" content=\"index, follow, max-snippet:-1, max-image-preview:large, max-video-preview:-1\" \/>\n<link rel=\"canonical\" href=\"https:\/\/www.absglobal.com\/ar\/cuidado-de-la-ubre\/\" \/>\n<meta property=\"og:locale\" content=\"es_ES\" \/>\n<meta property=\"og:type\" content=\"article\" \/>\n<meta property=\"og:title\" content=\"Cuidado de la Ubre\" \/>\n<meta property=\"og:description\" content=\"Un procedimiento de orde\u00f1o bien ejecutado depende del buen ambiente, el equipo y el cuidado de las ubres. Si hay deficiencias en cualquiera de estas \u00e1reas principales, el riesgo de que aumente la tasa de mastitis es mucho mayor. Sin un buen procedimiento de orde\u00f1o, la vaca no tendr\u00e1 una buena bajada, lo que afectar\u00e1 [&hellip;]\" \/>\n<meta property=\"og:url\" content=\"https:\/\/www.absglobal.com\/ar\/cuidado-de-la-ubre\/\" \/>\n<meta property=\"og:site_name\" content=\"ABS Global Argentina\" \/>\n<meta property=\"article:modified_time\" content=\"2020-03-31T14:43:21+00:00\" \/>\n<meta name=\"twitter:card\" content=\"summary_large_image\" \/>\n<meta name=\"twitter:label1\" content=\"Est. reading time\" \/>\n\t<meta name=\"twitter:data1\" content=\"1 minuto\" \/>\n<script type=\"application\/ld+json\" class=\"yoast-schema-graph\">{\"@context\":\"https:\/\/schema.org\",\"@graph\":[{\"@type\":\"WebPage\",\"@id\":\"https:\/\/www.absglobal.com\/ar\/cuidado-de-la-ubre\/\",\"url\":\"https:\/\/www.absglobal.com\/ar\/cuidado-de-la-ubre\/\",\"name\":\"Cuidado de la Ubre - ABS Global Argentina\",\"isPartOf\":{\"@id\":\"https:\/\/www.absglobal.com\/ar\/#website\"},\"datePublished\":\"2020-03-12T19:48:53+00:00\",\"dateModified\":\"2020-03-31T14:43:21+00:00\",\"breadcrumb\":{\"@id\":\"https:\/\/www.absglobal.com\/ar\/cuidado-de-la-ubre\/#breadcrumb\"},\"inLanguage\":\"es\",\"potentialAction\":[{\"@type\":\"ReadAction\",\"target\":[\"https:\/\/www.absglobal.com\/ar\/cuidado-de-la-ubre\/\"]}]},{\"@type\":\"BreadcrumbList\",\"@id\":\"https:\/\/www.absglobal.com\/ar\/cuidado-de-la-ubre\/#breadcrumb\",\"itemListElement\":[{\"@type\":\"ListItem\",\"position\":1,\"name\":\"Home\",\"item\":\"https:\/\/www.absglobal.com\/ar\/\"},{\"@type\":\"ListItem\",\"position\":2,\"name\":\"Cuidado de la Ubre\"}]},{\"@type\":\"WebSite\",\"@id\":\"https:\/\/www.absglobal.com\/ar\/#website\",\"url\":\"https:\/\/www.absglobal.com\/ar\/\",\"name\":\"ABS Global Argentina\",\"description\":\"Independientemente de los objetivos o mercados, el motor de todas las lecher\u00edas es el parto, ya que una pre\u00f1ez a t\u00e9rmino da lugar a una lactancia. \",\"publisher\":{\"@id\":\"https:\/\/www.absglobal.com\/ar\/#organization\"},\"potentialAction\":[{\"@type\":\"SearchAction\",\"target\":{\"@type\":\"EntryPoint\",\"urlTemplate\":\"https:\/\/www.absglobal.com\/ar\/?s={search_term_string}\"},\"query-input\":{\"@type\":\"PropertyValueSpecification\",\"valueRequired\":true,\"valueName\":\"search_term_string\"}}],\"inLanguage\":\"es\"},{\"@type\":\"Organization\",\"@id\":\"https:\/\/www.absglobal.com\/ar\/#organization\",\"name\":\"ABS Global Argentina\",\"url\":\"https:\/\/www.absglobal.com\/ar\/\",\"logo\":{\"@type\":\"ImageObject\",\"inLanguage\":\"es\",\"@id\":\"https:\/\/www.absglobal.com\/ar\/#\/schema\/logo\/image\/\",\"url\":\"https:\/\/www.absglobal.com\/ar\/wp-content\/uploads\/sites\/21\/2020\/03\/LogoRGB.png\",\"contentUrl\":\"https:\/\/www.absglobal.com\/ar\/wp-content\/uploads\/sites\/21\/2020\/03\/LogoRGB.png\",\"width\":872,\"height\":1080,\"caption\":\"ABS Global Argentina\"},\"image\":{\"@id\":\"https:\/\/www.absglobal.com\/ar\/#\/schema\/logo\/image\/\"}}]}<\/script>\n<!-- \/ Yoast SEO Premium plugin. -->","yoast_head_json":{"title":"Cuidado de la Ubre - ABS Global Argentina","robots":{"index":"index","follow":"follow","max-snippet":"max-snippet:-1","max-image-preview":"max-image-preview:large","max-video-preview":"max-video-preview:-1"},"canonical":"https:\/\/www.absglobal.com\/ar\/cuidado-de-la-ubre\/","og_locale":"es_ES","og_type":"article","og_title":"Cuidado de la Ubre","og_description":"Un procedimiento de orde\u00f1o bien ejecutado depende del buen ambiente, el equipo y el cuidado de las ubres. Si hay deficiencias en cualquiera de estas \u00e1reas principales, el riesgo de que aumente la tasa de mastitis es mucho mayor. Sin un buen procedimiento de orde\u00f1o, la vaca no tendr\u00e1 una buena bajada, lo que afectar\u00e1 [&hellip;]","og_url":"https:\/\/www.absglobal.com\/ar\/cuidado-de-la-ubre\/","og_site_name":"ABS Global Argentina","article_modified_time":"2020-03-31T14:43:21+00:00","twitter_card":"summary_large_image","twitter_misc":{"Est. reading time":"1 minuto"},"schema":{"@context":"https:\/\/schema.org","@graph":[{"@type":"WebPage","@id":"https:\/\/www.absglobal.com\/ar\/cuidado-de-la-ubre\/","url":"https:\/\/www.absglobal.com\/ar\/cuidado-de-la-ubre\/","name":"Cuidado de la Ubre - ABS Global Argentina","isPartOf":{"@id":"https:\/\/www.absglobal.com\/ar\/#website"},"datePublished":"2020-03-12T19:48:53+00:00","dateModified":"2020-03-31T14:43:21+00:00","breadcrumb":{"@id":"https:\/\/www.absglobal.com\/ar\/cuidado-de-la-ubre\/#breadcrumb"},"inLanguage":"es","potentialAction":[{"@type":"ReadAction","target":["https:\/\/www.absglobal.com\/ar\/cuidado-de-la-ubre\/"]}]},{"@type":"BreadcrumbList","@id":"https:\/\/www.absglobal.com\/ar\/cuidado-de-la-ubre\/#breadcrumb","itemListElement":[{"@type":"ListItem","position":1,"name":"Home","item":"https:\/\/www.absglobal.com\/ar\/"},{"@type":"ListItem","position":2,"name":"Cuidado de la Ubre"}]},{"@type":"WebSite","@id":"https:\/\/www.absglobal.com\/ar\/#website","url":"https:\/\/www.absglobal.com\/ar\/","name":"ABS Global Argentina","description":"Independientemente de los objetivos o mercados, el motor de todas las lecher\u00edas es el parto, ya que una pre\u00f1ez a t\u00e9rmino da lugar a una lactancia. ","publisher":{"@id":"https:\/\/www.absglobal.com\/ar\/#organization"},"potentialAction":[{"@type":"SearchAction","target":{"@type":"EntryPoint","urlTemplate":"https:\/\/www.absglobal.com\/ar\/?s={search_term_string}"},"query-input":{"@type":"PropertyValueSpecification","valueRequired":true,"valueName":"search_term_string"}}],"inLanguage":"es"},{"@type":"Organization","@id":"https:\/\/www.absglobal.com\/ar\/#organization","name":"ABS Global Argentina","url":"https:\/\/www.absglobal.com\/ar\/","logo":{"@type":"ImageObject","inLanguage":"es","@id":"https:\/\/www.absglobal.com\/ar\/#\/schema\/logo\/image\/","url":"https:\/\/www.absglobal.com\/ar\/wp-content\/uploads\/sites\/21\/2020\/03\/LogoRGB.png","contentUrl":"https:\/\/www.absglobal.com\/ar\/wp-content\/uploads\/sites\/21\/2020\/03\/LogoRGB.png","width":872,"height":1080,"caption":"ABS Global Argentina"},"image":{"@id":"https:\/\/www.absglobal.com\/ar\/#\/schema\/logo\/image\/"}}]}},"_links":{"self":[{"href":"https:\/\/www.absglobal.com\/ar\/wp-json\/wp\/v2\/pages\/2461"}],"collection":[{"href":"https:\/\/www.absglobal.com\/ar\/wp-json\/wp\/v2\/pages"}],"about":[{"href":"https:\/\/www.absglobal.com\/ar\/wp-json\/wp\/v2\/types\/page"}],"author":[{"embeddable":true,"href":"https:\/\/www.absglobal.com\/ar\/wp-json\/wp\/v2\/users\/289"}],"replies":[{"embeddable":true,"href":"https:\/\/www.absglobal.com\/ar\/wp-json\/wp\/v2\/comments?post=2461"}],"version-history":[{"count":12,"href":"https:\/\/www.absglobal.com\/ar\/wp-json\/wp\/v2\/pages\/2461\/revisions"}],"predecessor-version":[{"id":2971,"href":"https:\/\/www.absglobal.com\/ar\/wp-json\/wp\/v2\/pages\/2461\/revisions\/2971"}],"wp:attachment":[{"href":"https:\/\/www.absglobal.com\/ar\/wp-json\/wp\/v2\/media?parent=2461"}],"curies":[{"name":"wp","href":"https:\/\/api.w.org\/{rel}","templated":true}]}}