{"id":3012,"date":"2020-03-31T21:22:13","date_gmt":"2020-04-01T02:22:13","guid":{"rendered":"http:\/\/www.absglobal.com\/ar\/?page_id=3012"},"modified":"2025-12-23T08:59:28","modified_gmt":"2025-12-23T13:59:28","slug":"catalogos","status":"publish","type":"page","link":"https:\/\/www.absglobal.com\/ar\/catalogos\/","title":{"rendered":"Cat\u00e1logos"},"content":{"rendered":"\n<p>La mejor gen\u00e9tica para su ganado la encuentra en ABS. Descarga nuestros cat\u00e1logos de gen\u00e9tica y accede a los mejores productos del mercado.<\/p>\n\n\n\n<p><\/p>\n\n\n\n<h2 class=\"wp-block-heading is-style-underline\" id=\"leche\">Leche<\/h2>\n\n\n\n<div class=\"wp-block-media-text alignwide\" style=\"grid-template-columns:25% auto\"><figure class=\"wp-block-media-text__media\"><img fetchpriority=\"high\" decoding=\"async\" width=\"1270\" height=\"1778\" src=\"https:\/\/www.absglobal.com\/ar\/wp-content\/uploads\/sites\/21\/2025\/12\/catalogo-leche-ar.png?w=731\" alt=\"\" class=\"wp-image-4802 size-full\" srcset=\"https:\/\/www.absglobal.com\/ar\/wp-content\/uploads\/sites\/21\/2025\/12\/catalogo-leche-ar.png 1270w, https:\/\/www.absglobal.com\/ar\/wp-content\/uploads\/sites\/21\/2025\/12\/catalogo-leche-ar.png?resize=214,300 214w, https:\/\/www.absglobal.com\/ar\/wp-content\/uploads\/sites\/21\/2025\/12\/catalogo-leche-ar.png?resize=768,1075 768w, https:\/\/www.absglobal.com\/ar\/wp-content\/uploads\/sites\/21\/2025\/12\/catalogo-leche-ar.png?resize=731,1024 731w, https:\/\/www.absglobal.com\/ar\/wp-content\/uploads\/sites\/21\/2025\/12\/catalogo-leche-ar.png?resize=1097,1536 1097w\" sizes=\"(max-width: 1270px) 100vw, 1270px\" \/><\/figure><div class=\"wp-block-media-text__content\">\n<h3 class=\"wp-block-heading\">Cat\u00e1logo Leche<\/h3>\n\n\n\n<p>Diciembre 2025<\/p>\n\n\n\n<div class=\"wp-block-button\"><a class=\"wp-block-button__link wp-element-button\" href=\"https:\/\/ww2.absglobal.com\/es-ar\/cat\u00e1logo-leche-diciembre-2025\" target=\"_blank\" rel=\"https:\/\/www.absglobal.com\/ar\/wp-content\/uploads\/sites\/21\/2020\/03\/ABS-Argentina-Leche-2020.pdf noopener noreferrer\">Descargar<\/a><\/div>\n<\/div><\/div>\n\n\n\n<h2 class=\"wp-block-heading is-style-underline\" id=\"carne\">Carne<\/h2>\n\n\n\n<div class=\"wp-block-media-text alignwide\" style=\"grid-template-columns:25% auto\"><figure class=\"wp-block-media-text__media\"><img decoding=\"async\" width=\"613\" height=\"794\" src=\"https:\/\/www.absglobal.com\/ar\/wp-content\/uploads\/sites\/21\/2025\/07\/portada-catalogo-arg-impo.png?w=613\" alt=\"cat\u00e1logo toros importados\" class=\"wp-image-4590 size-full\" srcset=\"https:\/\/www.absglobal.com\/ar\/wp-content\/uploads\/sites\/21\/2025\/07\/portada-catalogo-arg-impo.png 613w, https:\/\/www.absglobal.com\/ar\/wp-content\/uploads\/sites\/21\/2025\/07\/portada-catalogo-arg-impo.png?resize=232,300 232w\" sizes=\"(max-width: 613px) 100vw, 613px\" \/><\/figure><div class=\"wp-block-media-text__content\">\n<h3 class=\"wp-block-heading\" id=\"h-catalogo-carne-toros-importados\">Cat\u00e1logo Carne &#8211; Toros importados<\/h3>\n\n\n\n<p>2025\/2026<\/p>\n\n\n\n<div class=\"wp-block-button\"><a class=\"wp-block-button__link wp-element-button\" href=\"https:\/\/ww2.absglobal.com\/es-ar\/catalogo-carne-2025\" target=\"_blank\" rel=\"noreferrer noopener\">Descargar<\/a><\/div>\n<\/div><\/div>\n\n\n\n<div class=\"wp-block-media-text alignwide\" style=\"grid-template-columns:25% auto\"><figure class=\"wp-block-media-text__media\"><img decoding=\"async\" width=\"656\" height=\"848\" src=\"https:\/\/www.absglobal.com\/ar\/wp-content\/uploads\/sites\/21\/2025\/07\/portada-catalogo-arg.png?w=656\" alt=\"cat\u00e1logo toros nacionales\" class=\"wp-image-4591 size-full\" srcset=\"https:\/\/www.absglobal.com\/ar\/wp-content\/uploads\/sites\/21\/2025\/07\/portada-catalogo-arg.png 656w, https:\/\/www.absglobal.com\/ar\/wp-content\/uploads\/sites\/21\/2025\/07\/portada-catalogo-arg.png?resize=232,300 232w\" sizes=\"(max-width: 656px) 100vw, 656px\" \/><\/figure><div class=\"wp-block-media-text__content\">\n<h3 class=\"wp-block-heading\" id=\"h-catalogo-carne-toros-nacionales\">Cat\u00e1logo Carne &#8211; Toros nacionales<\/h3>\n\n\n\n<p>2025\/2026<\/p>\n\n\n\n<div class=\"wp-block-button\"><a class=\"wp-block-button__link wp-element-button\" href=\"https:\/\/ww2.absglobal.com\/es-ar\/catalogo-carne-2025\" target=\"_blank\" rel=\"noreferrer noopener\">Descargar<\/a><\/div>\n<\/div><\/div>\n\n\n\n\t<h2 class=\"has-text-align-center is-style-underline wp-block-heading\" id=\"fyr-form\">Encuentre a su representante local<\/h2>\n\n    <div class=\"entry-content\" style=\"margin-top: 10px;\">\n        <iframe id=\"fyrFormIframe\" src=\"https:\/\/intranet-latam.absglobal.com\/api\/fyr\/form?country=AR\" width=\"100%\" style=\"border: none; overflow: hidden;\"><\/iframe>\n    <\/div>\n\n    <script>\n    window.addEventListener(\"message\", function(event) {\n        if (event.origin !== \"https:\/\/intranet-latam.absglobal.com\") return;\n        var iframe = document.getElementById(\"fyrFormIframe\");\n        if (iframe && event.data.height) {\n            var height = event.data.height + 100;\n            iframe.style.height = height + \"px\";\n        }\n    }, false);\n    <\/script>\n\n    \n\n\n\n<p><\/p>\n","protected":false},"excerpt":{"rendered":"<p>La mejor gen\u00e9tica para su ganado la encuentra en ABS. Descarga nuestros cat\u00e1logos de gen\u00e9tica y accede a los mejores productos del mercado. Leche Carne<\/p>\n","protected":false},"author":289,"featured_media":0,"parent":0,"menu_order":0,"comment_status":"closed","ping_status":"closed","template":"","meta":{"_acf_changed":false,"content-type":"","footnotes":""},"class_list":["post-3012","page","type-page","status-publish","hentry"],"acf":[],"yoast_head":"<!-- This site is optimized with the Yoast SEO Premium plugin v25.6 (Yoast SEO v25.6) - https:\/\/yoast.com\/wordpress\/plugins\/seo\/ -->\n<title>Cat\u00e1logos - ABS Global Argentina<\/title>\n<meta name=\"description\" content=\"La mejor gen\u00e9tica para su ganado la encuentra en ABS. Descarga nuestros cat\u00e1logos de gen\u00e9tica y accede a los mejores productos del mercado.\" \/>\n<meta name=\"robots\" content=\"index, follow, max-snippet:-1, max-image-preview:large, max-video-preview:-1\" \/>\n<link rel=\"canonical\" href=\"https:\/\/www.absglobal.com\/ar\/catalogos\/\" \/>\n<meta property=\"og:locale\" content=\"es_ES\" \/>\n<meta property=\"og:type\" content=\"article\" \/>\n<meta property=\"og:title\" content=\"Cat\u00e1logos\" \/>\n<meta property=\"og:description\" content=\"La mejor gen\u00e9tica para su ganado la encuentra en ABS. Descarga nuestros cat\u00e1logos de gen\u00e9tica y accede a los mejores productos del mercado.\" \/>\n<meta property=\"og:url\" content=\"https:\/\/www.absglobal.com\/ar\/catalogos\/\" \/>\n<meta property=\"og:site_name\" content=\"ABS Global Argentina\" \/>\n<meta property=\"article:modified_time\" content=\"2025-12-23T13:59:28+00:00\" \/>\n<meta property=\"og:image\" content=\"https:\/\/www.absglobal.com\/ar\/wp-content\/uploads\/sites\/21\/2025\/12\/catalogo-leche-ar.png\" \/>\n\t<meta property=\"og:image:width\" content=\"1270\" \/>\n\t<meta property=\"og:image:height\" content=\"1778\" \/>\n\t<meta property=\"og:image:type\" content=\"image\/png\" \/>\n<meta name=\"twitter:card\" content=\"summary_large_image\" \/>\n<meta name=\"twitter:label1\" content=\"Est. reading time\" \/>\n\t<meta name=\"twitter:data1\" content=\"1 minuto\" \/>\n<script type=\"application\/ld+json\" class=\"yoast-schema-graph\">{\"@context\":\"https:\/\/schema.org\",\"@graph\":[{\"@type\":\"WebPage\",\"@id\":\"https:\/\/www.absglobal.com\/ar\/catalogos\/\",\"url\":\"https:\/\/www.absglobal.com\/ar\/catalogos\/\",\"name\":\"Cat\u00e1logos - ABS Global Argentina\",\"isPartOf\":{\"@id\":\"https:\/\/www.absglobal.com\/ar\/#website\"},\"primaryImageOfPage\":{\"@id\":\"https:\/\/www.absglobal.com\/ar\/catalogos\/#primaryimage\"},\"image\":{\"@id\":\"https:\/\/www.absglobal.com\/ar\/catalogos\/#primaryimage\"},\"thumbnailUrl\":\"https:\/\/www.absglobal.com\/ar\/wp-content\/uploads\/sites\/21\/2025\/12\/catalogo-leche-ar.png?w=731\",\"datePublished\":\"2020-04-01T02:22:13+00:00\",\"dateModified\":\"2025-12-23T13:59:28+00:00\",\"description\":\"La mejor gen\u00e9tica para su ganado la encuentra en ABS. Descarga nuestros cat\u00e1logos de gen\u00e9tica y accede a los mejores productos del mercado.\",\"breadcrumb\":{\"@id\":\"https:\/\/www.absglobal.com\/ar\/catalogos\/#breadcrumb\"},\"inLanguage\":\"es\",\"potentialAction\":[{\"@type\":\"ReadAction\",\"target\":[\"https:\/\/www.absglobal.com\/ar\/catalogos\/\"]}]},{\"@type\":\"ImageObject\",\"inLanguage\":\"es\",\"@id\":\"https:\/\/www.absglobal.com\/ar\/catalogos\/#primaryimage\",\"url\":\"https:\/\/www.absglobal.com\/ar\/wp-content\/uploads\/sites\/21\/2025\/12\/catalogo-leche-ar.png\",\"contentUrl\":\"https:\/\/www.absglobal.com\/ar\/wp-content\/uploads\/sites\/21\/2025\/12\/catalogo-leche-ar.png\",\"width\":1270,\"height\":1778},{\"@type\":\"BreadcrumbList\",\"@id\":\"https:\/\/www.absglobal.com\/ar\/catalogos\/#breadcrumb\",\"itemListElement\":[{\"@type\":\"ListItem\",\"position\":1,\"name\":\"Home\",\"item\":\"https:\/\/www.absglobal.com\/ar\/\"},{\"@type\":\"ListItem\",\"position\":2,\"name\":\"Cat\u00e1logos\"}]},{\"@type\":\"WebSite\",\"@id\":\"https:\/\/www.absglobal.com\/ar\/#website\",\"url\":\"https:\/\/www.absglobal.com\/ar\/\",\"name\":\"ABS Global Argentina\",\"description\":\"Independientemente de los objetivos o mercados, el motor de todas las lecher\u00edas es el parto, ya que una pre\u00f1ez a t\u00e9rmino da lugar a una lactancia. \",\"publisher\":{\"@id\":\"https:\/\/www.absglobal.com\/ar\/#organization\"},\"potentialAction\":[{\"@type\":\"SearchAction\",\"target\":{\"@type\":\"EntryPoint\",\"urlTemplate\":\"https:\/\/www.absglobal.com\/ar\/?s={search_term_string}\"},\"query-input\":{\"@type\":\"PropertyValueSpecification\",\"valueRequired\":true,\"valueName\":\"search_term_string\"}}],\"inLanguage\":\"es\"},{\"@type\":\"Organization\",\"@id\":\"https:\/\/www.absglobal.com\/ar\/#organization\",\"name\":\"ABS Global Argentina\",\"url\":\"https:\/\/www.absglobal.com\/ar\/\",\"logo\":{\"@type\":\"ImageObject\",\"inLanguage\":\"es\",\"@id\":\"https:\/\/www.absglobal.com\/ar\/#\/schema\/logo\/image\/\",\"url\":\"https:\/\/www.absglobal.com\/ar\/wp-content\/uploads\/sites\/21\/2020\/03\/LogoRGB.png\",\"contentUrl\":\"https:\/\/www.absglobal.com\/ar\/wp-content\/uploads\/sites\/21\/2020\/03\/LogoRGB.png\",\"width\":872,\"height\":1080,\"caption\":\"ABS Global Argentina\"},\"image\":{\"@id\":\"https:\/\/www.absglobal.com\/ar\/#\/schema\/logo\/image\/\"}}]}<\/script>\n<!-- \/ Yoast SEO Premium plugin. -->","yoast_head_json":{"title":"Cat\u00e1logos - ABS Global Argentina","description":"La mejor gen\u00e9tica para su ganado la encuentra en ABS. Descarga nuestros cat\u00e1logos de gen\u00e9tica y accede a los mejores productos del mercado.","robots":{"index":"index","follow":"follow","max-snippet":"max-snippet:-1","max-image-preview":"max-image-preview:large","max-video-preview":"max-video-preview:-1"},"canonical":"https:\/\/www.absglobal.com\/ar\/catalogos\/","og_locale":"es_ES","og_type":"article","og_title":"Cat\u00e1logos","og_description":"La mejor gen\u00e9tica para su ganado la encuentra en ABS. Descarga nuestros cat\u00e1logos de gen\u00e9tica y accede a los mejores productos del mercado.","og_url":"https:\/\/www.absglobal.com\/ar\/catalogos\/","og_site_name":"ABS Global Argentina","article_modified_time":"2025-12-23T13:59:28+00:00","og_image":[{"width":1270,"height":1778,"url":"https:\/\/www.absglobal.com\/ar\/wp-content\/uploads\/sites\/21\/2025\/12\/catalogo-leche-ar.png","type":"image\/png"}],"twitter_card":"summary_large_image","twitter_misc":{"Est. reading time":"1 minuto"},"schema":{"@context":"https:\/\/schema.org","@graph":[{"@type":"WebPage","@id":"https:\/\/www.absglobal.com\/ar\/catalogos\/","url":"https:\/\/www.absglobal.com\/ar\/catalogos\/","name":"Cat\u00e1logos - ABS Global Argentina","isPartOf":{"@id":"https:\/\/www.absglobal.com\/ar\/#website"},"primaryImageOfPage":{"@id":"https:\/\/www.absglobal.com\/ar\/catalogos\/#primaryimage"},"image":{"@id":"https:\/\/www.absglobal.com\/ar\/catalogos\/#primaryimage"},"thumbnailUrl":"https:\/\/www.absglobal.com\/ar\/wp-content\/uploads\/sites\/21\/2025\/12\/catalogo-leche-ar.png?w=731","datePublished":"2020-04-01T02:22:13+00:00","dateModified":"2025-12-23T13:59:28+00:00","description":"La mejor gen\u00e9tica para su ganado la encuentra en ABS. Descarga nuestros cat\u00e1logos de gen\u00e9tica y accede a los mejores productos del mercado.","breadcrumb":{"@id":"https:\/\/www.absglobal.com\/ar\/catalogos\/#breadcrumb"},"inLanguage":"es","potentialAction":[{"@type":"ReadAction","target":["https:\/\/www.absglobal.com\/ar\/catalogos\/"]}]},{"@type":"ImageObject","inLanguage":"es","@id":"https:\/\/www.absglobal.com\/ar\/catalogos\/#primaryimage","url":"https:\/\/www.absglobal.com\/ar\/wp-content\/uploads\/sites\/21\/2025\/12\/catalogo-leche-ar.png","contentUrl":"https:\/\/www.absglobal.com\/ar\/wp-content\/uploads\/sites\/21\/2025\/12\/catalogo-leche-ar.png","width":1270,"height":1778},{"@type":"BreadcrumbList","@id":"https:\/\/www.absglobal.com\/ar\/catalogos\/#breadcrumb","itemListElement":[{"@type":"ListItem","position":1,"name":"Home","item":"https:\/\/www.absglobal.com\/ar\/"},{"@type":"ListItem","position":2,"name":"Cat\u00e1logos"}]},{"@type":"WebSite","@id":"https:\/\/www.absglobal.com\/ar\/#website","url":"https:\/\/www.absglobal.com\/ar\/","name":"ABS Global Argentina","description":"Independientemente de los objetivos o mercados, el motor de todas las lecher\u00edas es el parto, ya que una pre\u00f1ez a t\u00e9rmino da lugar a una lactancia. ","publisher":{"@id":"https:\/\/www.absglobal.com\/ar\/#organization"},"potentialAction":[{"@type":"SearchAction","target":{"@type":"EntryPoint","urlTemplate":"https:\/\/www.absglobal.com\/ar\/?s={search_term_string}"},"query-input":{"@type":"PropertyValueSpecification","valueRequired":true,"valueName":"search_term_string"}}],"inLanguage":"es"},{"@type":"Organization","@id":"https:\/\/www.absglobal.com\/ar\/#organization","name":"ABS Global Argentina","url":"https:\/\/www.absglobal.com\/ar\/","logo":{"@type":"ImageObject","inLanguage":"es","@id":"https:\/\/www.absglobal.com\/ar\/#\/schema\/logo\/image\/","url":"https:\/\/www.absglobal.com\/ar\/wp-content\/uploads\/sites\/21\/2020\/03\/LogoRGB.png","contentUrl":"https:\/\/www.absglobal.com\/ar\/wp-content\/uploads\/sites\/21\/2020\/03\/LogoRGB.png","width":872,"height":1080,"caption":"ABS Global Argentina"},"image":{"@id":"https:\/\/www.absglobal.com\/ar\/#\/schema\/logo\/image\/"}}]}},"_links":{"self":[{"href":"https:\/\/www.absglobal.com\/ar\/wp-json\/wp\/v2\/pages\/3012"}],"collection":[{"href":"https:\/\/www.absglobal.com\/ar\/wp-json\/wp\/v2\/pages"}],"about":[{"href":"https:\/\/www.absglobal.com\/ar\/wp-json\/wp\/v2\/types\/page"}],"author":[{"embeddable":true,"href":"https:\/\/www.absglobal.com\/ar\/wp-json\/wp\/v2\/users\/289"}],"replies":[{"embeddable":true,"href":"https:\/\/www.absglobal.com\/ar\/wp-json\/wp\/v2\/comments?post=3012"}],"version-history":[{"count":50,"href":"https:\/\/www.absglobal.com\/ar\/wp-json\/wp\/v2\/pages\/3012\/revisions"}],"predecessor-version":[{"id":4803,"href":"https:\/\/www.absglobal.com\/ar\/wp-json\/wp\/v2\/pages\/3012\/revisions\/4803"}],"wp:attachment":[{"href":"https:\/\/www.absglobal.com\/ar\/wp-json\/wp\/v2\/media?parent=3012"}],"curies":[{"name":"wp","href":"https:\/\/api.w.org\/{rel}","templated":true}]}}