{"id":3622,"date":"2020-10-01T19:34:19","date_gmt":"2020-10-02T00:34:19","guid":{"rendered":"https:\/\/www.absglobal.com\/ar\/?page_id=3622"},"modified":"2022-02-03T09:29:44","modified_gmt":"2022-02-03T14:29:44","slug":"plan-ganador","status":"publish","type":"page","link":"https:\/\/www.absglobal.com\/ar\/plan-ganador\/","title":{"rendered":"Plan Gen\u00e9tico Ganador"},"content":{"rendered":"\n<figure class=\"wp-block-video\"><video controls src=\"https:\/\/www.absglobal.com\/ar\/wp-content\/uploads\/sites\/21\/2022\/02\/sexcel-bif-game-plan-spanish-latam-subtitle-r2-1.mp4\"><\/video><\/figure>\n\n\n\n<h2 class=\"wp-block-heading\" id=\"h-el-plan-gen-tico-adecuado-siempre-gana\" style=\"font-size:37px\">El plan gen\u00e9tico adecuado siempre gana<\/h2>\n\n\n\n<p>Los ganaderos y productores lecheros de todo el mundo est\u00e1n elaborando este plan ganador con ABS. Una estrategia de Sexcel\u00ae y Beef InFocus \u2122 ofrece un progreso gen\u00e9tico inigualable y vencedor. Los especialistas en ABS crearon un plan gen\u00e9tico personalizado para hacer mejores vacas m\u00e1s r\u00e1pido y los mejores terneros de carne en leche de la industria.<\/p>\n\n\n\t\t<section id=\"\" class=\" section-wrapper section-wrapper-fluid section-wrapper-banner\" data-magellan-target=\"\">\n\t\t\t<div class=\"section-wrapper-background\" style=\"background-image: url('https:\/\/www.absglobal.com\/ar\/wp-content\/uploads\/sites\/21\/2020\/10\/genetic-strategy-winning-plan.jpg');\"><\/div>\n\t\t\t<div class=\"section-wrapper-overlay\"><\/div>\n\t\t\t<div class=\"section-wrapper-inner\">\n\t\t\t\t\t\t\t\t\t<div class=\"grid-container\">\n\t\t\t\t\t\t<div class=\"grid-x align-center\">\n\t\t\t\t\t\t\t<div class=\"cell medium-7 \">\n\t\t\t\t\t\t\t\t\t\t\t\t\t\t\t\t\t<div class=\"section-content\">\n\t\t\t\t\t\t\t\t\t\t<h2 style=\"text-align: center;color: #ffffff\">Un plan gen\u00e9tico ganador es un plan rentable.<\/h2>\n\t\t\t\t\t\t\t\t\t<\/div>\n\t\t\t\t\t\t\t\t\t\t\t\t\t\t\t\t\t\t\t\t\t\t\t\t\t<a href=\"#winning-team-form\" class=\"button\">\u00danase al equipo ganador<\/a>\n\t\t\t\t\t\t\t\t\t\t\t\t\t\t\t<\/div>\n\t\t\t\t\t\t<\/div>\n\t\t\t\t\t<\/div>\n\t\t\t\t\t\t\t<\/div>\n\t\t<\/section>\n\t\t\n\n\n<h2 class=\"has-text-align-center is-style-underline wp-block-heading\" id=\"h-testimonio-de-clientes\">Testimonio de clientes<\/h2>\n\n\n\n<div class=\"wp-block-columns alignwide is-layout-flex wp-container-core-columns-is-layout-1 wp-block-columns-is-layout-flex\">\n<div class=\"wp-block-column is-layout-flow wp-block-column-is-layout-flow\">\t<figure class=\"wp-block-pullquote alignleft\">\n\t\t<blockquote>\n\t\t\t\t\t\t<p>\n\t\t\t\tRMS tiene el privilegio de tener mano de obra profesional 1 hora al d\u00eda y este servicio junto con Sexcel me ayudar\u00e1 a lograr mi objetivo de cambiar a una estrategia de Sexcel y carne en los pr\u00f3ximos dos a\u00f1os.\t\t\t<\/p>\n\t\t\t\t\t\t\t<cite>\n\t\t\t\t\tAbi Reader\t\t\t\t<\/cite>\n\t\t\t\t\t<\/blockquote>\n\t<\/figure>\n\t<\/div>\n\n\n\n<div class=\"wp-block-column is-layout-flow wp-block-column-is-layout-flow\">\t<figure class=\"wp-block-pullquote alignleft\">\n\t\t<blockquote>\n\t\t\t\t\t\t<p>\n\t\t\t\tNuestro principal objetivo es ser rentables, lo que a su vez nos permite desarrollar un negocio sostenible en el que podamos invertir para el futuro y que nos permita seguir expandi\u00e9ndonos. La estrategia Sexcel &amp; Carne ha sido un componente que nos ha ayudado a lograr esto, por lo que continuaremos implementando esta estrategia como parte de nuestro plan m\u00e1s amplio para llegar a donde queremos estar.\t\t\t<\/p>\n\t\t\t\t\t\t\t<cite>\n\t\t\t\t\tEvolution Farming\t\t\t\t<\/cite>\n\t\t\t\t\t<\/blockquote>\n\t<\/figure>\n\t<\/div>\n\n\n\n<div class=\"wp-block-column is-layout-flow wp-block-column-is-layout-flow\">\t<figure class=\"wp-block-pullquote alignleft\">\n\t\t<blockquote>\n\t\t\t\t\t\t<p>\n\t\t\t\tEl cliente qued\u00f3 impresionado con el progreso gen\u00e9tico que ha logrado su reba\u00f1o y, con el servicio de RMS, puede dejar la fertilidad de su reba\u00f1o para que Genus lo cuide.\t\t\t<\/p>\n\t\t\t\t\t\t\t<cite>\n\t\t\t\t\tEvolution Farming\t\t\t\t<\/cite>\n\t\t\t\t\t<\/blockquote>\n\t<\/figure>\n\t<\/div>\n<\/div>\n\n\n\n<div class=\"wp-block-columns alignwide is-layout-flex wp-container-core-columns-is-layout-2 wp-block-columns-is-layout-flex\">\n<div class=\"wp-block-column is-layout-flow wp-block-column-is-layout-flow\">\t<figure class=\"wp-block-pullquote \">\n\t\t<blockquote>\n\t\t\t\t\t\t<p>\n\t\t\t\tAhora que sabemos que tenemos la capacidad de obtener una vaquilla de nuestra mejor vaca y un animal de carne de nuestra peor vaca, hemos comenzado a implementar la gen\u00f3mica para aumentar a\u00fan m\u00e1s el progreso gen\u00e9tico. El cielo es el l\u00edmite de cu\u00e1nto queremos presionar para hacer una mejor vaca.\t\t\t<\/p>\n\t\t\t\t\t\t\t<cite>\n\t\t\t\t\tHELT DAIRY\t\t\t\t<\/cite>\n\t\t\t\t\t<\/blockquote>\n\t<\/figure>\n\t\n\n\t<figure class=\"wp-block-pullquote \">\n\t\t<blockquote>\n\t\t\t\t\t\t<p>\n\t\t\t\tItalia, 100% Sexcel &amp; Beef: ya no se usa semen convencional, se reciben resultados de hasta un 75%\u201d.\t\t\t<\/p>\n\t\t\t\t\t\t\t<cite>\n\t\t\t\t\tHERMANOS ANCELOTTI \u2013 Italia\t\t\t\t<\/cite>\n\t\t\t\t\t<\/blockquote>\n\t<\/figure>\n\t\n\n\t<figure class=\"wp-block-pullquote \">\n\t\t<blockquote>\n\t\t\t\t\t\t<p>\n\t\t\t\tNo hemos tenido ning\u00fan problema con el parto. Los terneros nacen con un buen tama\u00f1o, peso y hay gran facilidad de parto. Al primer mes de edad, han crecido y se han desarrollado muy bien.\t\t\t<\/p>\n\t\t\t\t\t\t\t<cite>\n\t\t\t\t\tGimena Cecilia, Finca La Rueda, Uruguay.\t\t\t\t<\/cite>\n\t\t\t\t\t<\/blockquote>\n\t<\/figure>\n\t\n\n\t<figure class=\"wp-block-pullquote \">\n\t\t<blockquote>\n\t\t\t\t\t\t<p>\n\t\t\t\tUsar gen\u00e9tica de carne nos d\u00e9 m\u00e1s espacio para trabajar y es complemento para aumentar el uso de semen de leche sexado. En la \u00faltima d\u00e9cada se ha hecho mucho \u00e9nfasis en la gen\u00e9tica de la leche; pero ahora la industria necesita mirar m\u00e1s a la gen\u00e9tica de carne para generar rentabilidad.\t\t\t<\/p>\n\t\t\t\t\t\t\t<cite>\n\t\t\t\t\tRichard\u202fFindlay, NFU\u202fLivestock\u202fBoard\u202fChariman, N. Yorkshire, UK\t\t\t\t<\/cite>\n\t\t\t\t\t<\/blockquote>\n\t<\/figure>\n\t\n\n\t<figure class=\"wp-block-pullquote \">\n\t\t<blockquote>\n\t\t\t\t\t\t<p>\n\t\t\t\t\u201cEn los 8 a\u00f1os que llevamos trabajando con ABS, hemos tenido mejoras constantes en nuestro hato, incluyendo: producci\u00f3n, tipo y principalmente rasgos de manejo, como longevidad y fertilidad. Actualmente estamos inseminando novillas con semen Sexcel y novillas de primer parto tambi\u00e9n con Sexcel para las dos primeras gestaciones, a partir de la tercera cr\u00eda utilizamos semen convencional. Para la segunda lactancia y vacas mayores utilizamos los toros Beef InFocus \u2122 British Blue, que nos han dado excelentes resultados en cuanto a facilidad de parto y calidad de ternero. Estamos planeando cambiar a la estrategia Sexcel &amp; Beef InFocus en todo el reba\u00f1o, eliminando as\u00ed el semen convencional para maximizar el progreso gen\u00e9tico y aumentar la rentabilidad de la venta de terneros.&quot;\t\t\t<\/p>\n\t\t\t\t\t\t\t<cite>\n\t\t\t\t\tDaniele Tonna, La Campagnola, San Secondo Parmense, Parma, Italia.\t\t\t\t<\/cite>\n\t\t\t\t\t<\/blockquote>\n\t<\/figure>\n\t<\/div>\n\n\n\n<div class=\"wp-block-column is-layout-flow wp-block-column-is-layout-flow\">\t<figure class=\"wp-block-pullquote \">\n\t\t<blockquote>\n\t\t\t\t\t\t<p>\n\t\t\t\tEstamos tratando de aprovechar el potencial gen\u00e9tico que tienen todas nuestras vacas y estamos tratando de eliminar lo peor al deshacernos de esa gen\u00e9tica con la carne. Adem\u00e1s, al mismo tiempo, estamos produciendo un ternero por el que obtenemos una ganancia mejor en comparaci\u00f3n con nuestro ternero Holstein normal.\t\t\t<\/p>\n\t\t\t\t\t\t\t<cite>\n\t\t\t\t\tJOHNSON&#039;S ROLLING ACRES\t\t\t\t<\/cite>\n\t\t\t\t\t<\/blockquote>\n\t<\/figure>\n\t\n\n\t<figure class=\"wp-block-pullquote \">\n\t\t<blockquote>\n\t\t\t\t\t\t<p>\n\t\t\t\tSexcel &amp; Beef (Jersey): \u00a1el cliente recibi\u00f3 un 10% m\u00e1s de tasa de concepci\u00f3n que el producto ST!\t\t\t<\/p>\n\t\t\t\t\t\t\t<cite>\n\t\t\t\t\tJOGENSEN \u2013 DINAMARCA\t\t\t\t<\/cite>\n\t\t\t\t\t<\/blockquote>\n\t<\/figure>\n\t\n\n\t<figure class=\"wp-block-pullquote \">\n\t\t<blockquote>\n\t\t\t\t\t\t<p>\n\t\t\t\tEl cambio a una estrategia de Sexcel\u00ae y Beef InFocus \u2122 brind\u00f3 a nuestro negocio un mayor retorno de la inversi\u00f3n, estamos muy satisfechos con los resultados. Con la gen\u00e9tica Sexcel\u00ae, obtuvimos unas tasas de concepci\u00f3n excepcionales de los toros superiores gen\u00e9ticamente para nuestro reba\u00f1o. El aumento en el uso de Beef InFocus \u2122 para la parte del hato con un menor rendimiento, nos ha proporcionado un n\u00famero significativamente mayor de terneros de carne que nacen m\u00e1s f\u00e1cilmente; lo que se traduce en un mayor retorno de la inversi\u00f3n en general.\t\t\t<\/p>\n\t\t\t\t\t\t\t<cite>\n\t\t\t\t\tFAMILIA CAMISASSI &#8211; LA GAIA, ITALIA\t\t\t\t<\/cite>\n\t\t\t\t\t<\/blockquote>\n\t<\/figure>\n\t<\/div>\n<\/div>\n\n\n\n<div style=\"height:20px\" aria-hidden=\"true\" id=\"winning-team-form\" class=\"wp-block-spacer\"><\/div>\n\n\n\n\n<div class=\"wpforms-container wpforms-container-full wpforms-block\" id=\"wpforms-3630\"><form id=\"wpforms-form-3630\" class=\"wpforms-validate wpforms-form\" data-formid=\"3630\" method=\"post\" enctype=\"multipart\/form-data\" action=\"\/ar\/wp-json\/wp\/v2\/pages\/3622\" data-token=\"d49779a2121b6de3555c69e077ef8883\" data-token-time=\"1775408740\"><div class=\"wpforms-head-container\"><div class=\"wpforms-title\">\u00danase al equipo ganador<\/div><\/div><noscript class=\"wpforms-error-noscript\">Por favor, activa JavaScript en tu navegador para completar este formulario.<\/noscript><div class=\"wpforms-field-container\"><div id=\"wpforms-3630-field_0-container\" class=\"wpforms-field wpforms-field-name\" data-field-id=\"0\"><label class=\"wpforms-field-label wpforms-label-hide\" for=\"wpforms-3630-field_0\">Name <span class=\"wpforms-required-label\">*<\/span><\/label><div class=\"wpforms-field-row wpforms-field-medium\"><div class=\"wpforms-field-row-block wpforms-first wpforms-one-half\"><input type=\"text\" id=\"wpforms-3630-field_0\" class=\"wpforms-field-name-first wpforms-field-required\" name=\"wpforms[fields][0][first]\" placeholder=\"Nombre\" required><label for=\"wpforms-3630-field_0\" class=\"wpforms-field-sublabel after wpforms-sublabel-hide\">Nombre<\/label><\/div><div class=\"wpforms-field-row-block wpforms-one-half\"><input type=\"text\" id=\"wpforms-3630-field_0-last\" class=\"wpforms-field-name-last wpforms-field-required\" name=\"wpforms[fields][0][last]\" placeholder=\"Apellido\" required><label for=\"wpforms-3630-field_0-last\" class=\"wpforms-field-sublabel after wpforms-sublabel-hide\">Apellidos<\/label><\/div><\/div><\/div><div id=\"wpforms-3630-field_1-container\" class=\"wpforms-field wpforms-field-email\" data-field-id=\"1\"><label class=\"wpforms-field-label wpforms-label-hide\" for=\"wpforms-3630-field_1\">Email <span class=\"wpforms-required-label\">*<\/span><\/label><input type=\"email\" id=\"wpforms-3630-field_1\" class=\"wpforms-field-medium wpforms-field-required\" name=\"wpforms[fields][1]\" placeholder=\"E-mail\" spellcheck=\"false\" required><\/div><div id=\"wpforms-3630-field_3-container\" class=\"wpforms-field wpforms-field-phone\" data-field-id=\"3\"><label class=\"wpforms-field-label wpforms-label-hide\" for=\"wpforms-3630-field_3\">Phone<\/label><input type=\"tel\" id=\"wpforms-3630-field_3\" class=\"wpforms-field-medium\" data-rule-int-phone-field=\"true\" name=\"wpforms[fields][3]\" placeholder=\"Tel\u00e9fono\" aria-label=\"Phone\" ><\/div><div id=\"wpforms-3630-field_4-container\" class=\"wpforms-field wpforms-field-radio\" data-field-id=\"4\"><label class=\"wpforms-field-label\" for=\"wpforms-3630-field_4\">Categor\u00eda <span class=\"wpforms-required-label\">*<\/span><\/label><ul id=\"wpforms-3630-field_4\" class=\"wpforms-field-required\"><li class=\"choice-1 depth-1\"><input type=\"radio\" id=\"wpforms-3630-field_4_1\" name=\"wpforms[fields][4]\" value=\"Productor Lechero\" required ><label class=\"wpforms-field-label-inline\" for=\"wpforms-3630-field_4_1\">Productor Lechero<\/label><\/li><li class=\"choice-2 depth-1\"><input type=\"radio\" id=\"wpforms-3630-field_4_2\" name=\"wpforms[fields][4]\" value=\"Productor de Carne\" required ><label class=\"wpforms-field-label-inline\" for=\"wpforms-3630-field_4_2\">Productor de Carne<\/label><\/li><li class=\"choice-3 depth-1\"><input type=\"radio\" id=\"wpforms-3630-field_4_3\" name=\"wpforms[fields][4]\" value=\"Otro\" required ><label class=\"wpforms-field-label-inline\" for=\"wpforms-3630-field_4_3\">Otro<\/label><\/li><\/ul><div class=\"wpforms-field-description\">Indique qu\u00e9 categor\u00eda lo describe mejor.<\/div><\/div><div id=\"wpforms-3630-field_5-container\" class=\"wpforms-field wpforms-field-radio\" data-field-id=\"5\"><label class=\"wpforms-field-label\" for=\"wpforms-3630-field_5\">M\u00e9todo de contacto<\/label><ul id=\"wpforms-3630-field_5\"><li class=\"choice-1 depth-1\"><input type=\"radio\" id=\"wpforms-3630-field_5_1\" name=\"wpforms[fields][5]\" value=\"Tel\u00e9fono\"  ><label class=\"wpforms-field-label-inline\" for=\"wpforms-3630-field_5_1\">Tel\u00e9fono<\/label><\/li><li class=\"choice-2 depth-1\"><input type=\"radio\" id=\"wpforms-3630-field_5_2\" name=\"wpforms[fields][5]\" value=\"E-mail\"  ><label class=\"wpforms-field-label-inline\" for=\"wpforms-3630-field_5_2\">E-mail<\/label><\/li><\/ul><div class=\"wpforms-field-description\">Seleccione su m\u00e9todo de contacto preferidos.<\/div><\/div><div id=\"wpforms-3630-field_6-container\" class=\"wpforms-field wpforms-field-hidden\" data-field-id=\"6\"><input type=\"hidden\" id=\"wpforms-3630-field_6\" name=\"wpforms[fields][6]\" value=\"Argentina\"><\/div><div id=\"wpforms-3630-field_7-container\" class=\"wpforms-field wpforms-field-hidden\" data-field-id=\"7\"><input type=\"hidden\" id=\"wpforms-3630-field_7\" name=\"wpforms[fields][7]\" value=\"http:\/\/analytics.clickdimensions.com\/forms\/h\/aiA9hsmDUmHm24k3UZMTg\"><\/div><\/div><!-- .wpforms-field-container --><div class=\"wpforms-field wpforms-field-hp\"><label for=\"wpforms-3630-field-hp\" class=\"wpforms-field-label\">Message<\/label><input type=\"text\" name=\"wpforms[hp]\" id=\"wpforms-3630-field-hp\" class=\"wpforms-field-medium\"><\/div><div class=\"wpforms-submit-container\" ><input type=\"hidden\" name=\"wpforms[id]\" value=\"3630\"><input type=\"hidden\" name=\"page_title\" value=\"\"><input type=\"hidden\" name=\"page_url\" value=\"https:\/\/www.absglobal.com\/ar\/wp-json\/wp\/v2\/pages\/3622\"><button type=\"submit\" name=\"wpforms[submit]\" id=\"wpforms-submit-3630\" class=\"wpforms-submit\" data-alt-text=\"Enviando...\" data-submit-text=\"Enviar\" aria-live=\"assertive\" value=\"wpforms-submit\">Enviar<\/button><\/div><\/form><\/div>  <!-- .wpforms-container -->","protected":false},"excerpt":{"rendered":"<p>El plan gen\u00e9tico adecuado siempre gana Los ganaderos y productores lecheros de todo el mundo est\u00e1n elaborando este plan ganador con ABS. Una estrategia de Sexcel\u00ae y Beef InFocus \u2122 ofrece un progreso gen\u00e9tico inigualable y vencedor. Los especialistas en ABS crearon un plan gen\u00e9tico personalizado para hacer mejores vacas m\u00e1s r\u00e1pido y los mejores [&hellip;]<\/p>\n","protected":false},"author":271,"featured_media":0,"parent":0,"menu_order":0,"comment_status":"closed","ping_status":"closed","template":"","meta":{"_acf_changed":false,"content-type":"","footnotes":""},"class_list":["post-3622","page","type-page","status-publish","hentry"],"acf":[],"yoast_head":"<!-- This site is optimized with the Yoast SEO Premium plugin v25.6 (Yoast SEO v25.6) - https:\/\/yoast.com\/wordpress\/plugins\/seo\/ -->\n<title>Plan Gen\u00e9tico Ganador - ABS Global Argentina<\/title>\n<meta name=\"robots\" content=\"index, follow, max-snippet:-1, max-image-preview:large, max-video-preview:-1\" \/>\n<link rel=\"canonical\" href=\"https:\/\/www.absglobal.com\/ar\/plan-ganador\/\" \/>\n<meta property=\"og:locale\" content=\"es_ES\" \/>\n<meta property=\"og:type\" content=\"article\" \/>\n<meta property=\"og:title\" content=\"Plan Gen\u00e9tico Ganador\" \/>\n<meta property=\"og:description\" content=\"El plan gen\u00e9tico adecuado siempre gana Los ganaderos y productores lecheros de todo el mundo est\u00e1n elaborando este plan ganador con ABS. Una estrategia de Sexcel\u00ae y Beef InFocus \u2122 ofrece un progreso gen\u00e9tico inigualable y vencedor. Los especialistas en ABS crearon un plan gen\u00e9tico personalizado para hacer mejores vacas m\u00e1s r\u00e1pido y los mejores [&hellip;]\" \/>\n<meta property=\"og:url\" content=\"https:\/\/www.absglobal.com\/ar\/plan-ganador\/\" \/>\n<meta property=\"og:site_name\" content=\"ABS Global Argentina\" \/>\n<meta property=\"article:modified_time\" content=\"2022-02-03T14:29:44+00:00\" \/>\n<meta name=\"twitter:card\" content=\"summary_large_image\" \/>\n<meta name=\"twitter:label1\" content=\"Est. reading time\" \/>\n\t<meta name=\"twitter:data1\" content=\"1 minuto\" \/>\n<script type=\"application\/ld+json\" class=\"yoast-schema-graph\">{\"@context\":\"https:\/\/schema.org\",\"@graph\":[{\"@type\":\"WebPage\",\"@id\":\"https:\/\/www.absglobal.com\/ar\/plan-ganador\/\",\"url\":\"https:\/\/www.absglobal.com\/ar\/plan-ganador\/\",\"name\":\"Plan Gen\u00e9tico Ganador - ABS Global Argentina\",\"isPartOf\":{\"@id\":\"https:\/\/www.absglobal.com\/ar\/#website\"},\"datePublished\":\"2020-10-02T00:34:19+00:00\",\"dateModified\":\"2022-02-03T14:29:44+00:00\",\"breadcrumb\":{\"@id\":\"https:\/\/www.absglobal.com\/ar\/plan-ganador\/#breadcrumb\"},\"inLanguage\":\"es\",\"potentialAction\":[{\"@type\":\"ReadAction\",\"target\":[\"https:\/\/www.absglobal.com\/ar\/plan-ganador\/\"]}]},{\"@type\":\"BreadcrumbList\",\"@id\":\"https:\/\/www.absglobal.com\/ar\/plan-ganador\/#breadcrumb\",\"itemListElement\":[{\"@type\":\"ListItem\",\"position\":1,\"name\":\"Home\",\"item\":\"https:\/\/www.absglobal.com\/ar\/\"},{\"@type\":\"ListItem\",\"position\":2,\"name\":\"Plan Gen\u00e9tico Ganador\"}]},{\"@type\":\"WebSite\",\"@id\":\"https:\/\/www.absglobal.com\/ar\/#website\",\"url\":\"https:\/\/www.absglobal.com\/ar\/\",\"name\":\"ABS Global Argentina\",\"description\":\"Independientemente de los objetivos o mercados, el motor de todas las lecher\u00edas es el parto, ya que una pre\u00f1ez a t\u00e9rmino da lugar a una lactancia. \",\"publisher\":{\"@id\":\"https:\/\/www.absglobal.com\/ar\/#organization\"},\"potentialAction\":[{\"@type\":\"SearchAction\",\"target\":{\"@type\":\"EntryPoint\",\"urlTemplate\":\"https:\/\/www.absglobal.com\/ar\/?s={search_term_string}\"},\"query-input\":{\"@type\":\"PropertyValueSpecification\",\"valueRequired\":true,\"valueName\":\"search_term_string\"}}],\"inLanguage\":\"es\"},{\"@type\":\"Organization\",\"@id\":\"https:\/\/www.absglobal.com\/ar\/#organization\",\"name\":\"ABS Global Argentina\",\"url\":\"https:\/\/www.absglobal.com\/ar\/\",\"logo\":{\"@type\":\"ImageObject\",\"inLanguage\":\"es\",\"@id\":\"https:\/\/www.absglobal.com\/ar\/#\/schema\/logo\/image\/\",\"url\":\"https:\/\/www.absglobal.com\/ar\/wp-content\/uploads\/sites\/21\/2020\/03\/LogoRGB.png\",\"contentUrl\":\"https:\/\/www.absglobal.com\/ar\/wp-content\/uploads\/sites\/21\/2020\/03\/LogoRGB.png\",\"width\":872,\"height\":1080,\"caption\":\"ABS Global Argentina\"},\"image\":{\"@id\":\"https:\/\/www.absglobal.com\/ar\/#\/schema\/logo\/image\/\"}}]}<\/script>\n<!-- \/ Yoast SEO Premium plugin. -->","yoast_head_json":{"title":"Plan Gen\u00e9tico Ganador - ABS Global Argentina","robots":{"index":"index","follow":"follow","max-snippet":"max-snippet:-1","max-image-preview":"max-image-preview:large","max-video-preview":"max-video-preview:-1"},"canonical":"https:\/\/www.absglobal.com\/ar\/plan-ganador\/","og_locale":"es_ES","og_type":"article","og_title":"Plan Gen\u00e9tico Ganador","og_description":"El plan gen\u00e9tico adecuado siempre gana Los ganaderos y productores lecheros de todo el mundo est\u00e1n elaborando este plan ganador con ABS. Una estrategia de Sexcel\u00ae y Beef InFocus \u2122 ofrece un progreso gen\u00e9tico inigualable y vencedor. Los especialistas en ABS crearon un plan gen\u00e9tico personalizado para hacer mejores vacas m\u00e1s r\u00e1pido y los mejores [&hellip;]","og_url":"https:\/\/www.absglobal.com\/ar\/plan-ganador\/","og_site_name":"ABS Global Argentina","article_modified_time":"2022-02-03T14:29:44+00:00","twitter_card":"summary_large_image","twitter_misc":{"Est. reading time":"1 minuto"},"schema":{"@context":"https:\/\/schema.org","@graph":[{"@type":"WebPage","@id":"https:\/\/www.absglobal.com\/ar\/plan-ganador\/","url":"https:\/\/www.absglobal.com\/ar\/plan-ganador\/","name":"Plan Gen\u00e9tico Ganador - ABS Global Argentina","isPartOf":{"@id":"https:\/\/www.absglobal.com\/ar\/#website"},"datePublished":"2020-10-02T00:34:19+00:00","dateModified":"2022-02-03T14:29:44+00:00","breadcrumb":{"@id":"https:\/\/www.absglobal.com\/ar\/plan-ganador\/#breadcrumb"},"inLanguage":"es","potentialAction":[{"@type":"ReadAction","target":["https:\/\/www.absglobal.com\/ar\/plan-ganador\/"]}]},{"@type":"BreadcrumbList","@id":"https:\/\/www.absglobal.com\/ar\/plan-ganador\/#breadcrumb","itemListElement":[{"@type":"ListItem","position":1,"name":"Home","item":"https:\/\/www.absglobal.com\/ar\/"},{"@type":"ListItem","position":2,"name":"Plan Gen\u00e9tico Ganador"}]},{"@type":"WebSite","@id":"https:\/\/www.absglobal.com\/ar\/#website","url":"https:\/\/www.absglobal.com\/ar\/","name":"ABS Global Argentina","description":"Independientemente de los objetivos o mercados, el motor de todas las lecher\u00edas es el parto, ya que una pre\u00f1ez a t\u00e9rmino da lugar a una lactancia. ","publisher":{"@id":"https:\/\/www.absglobal.com\/ar\/#organization"},"potentialAction":[{"@type":"SearchAction","target":{"@type":"EntryPoint","urlTemplate":"https:\/\/www.absglobal.com\/ar\/?s={search_term_string}"},"query-input":{"@type":"PropertyValueSpecification","valueRequired":true,"valueName":"search_term_string"}}],"inLanguage":"es"},{"@type":"Organization","@id":"https:\/\/www.absglobal.com\/ar\/#organization","name":"ABS Global Argentina","url":"https:\/\/www.absglobal.com\/ar\/","logo":{"@type":"ImageObject","inLanguage":"es","@id":"https:\/\/www.absglobal.com\/ar\/#\/schema\/logo\/image\/","url":"https:\/\/www.absglobal.com\/ar\/wp-content\/uploads\/sites\/21\/2020\/03\/LogoRGB.png","contentUrl":"https:\/\/www.absglobal.com\/ar\/wp-content\/uploads\/sites\/21\/2020\/03\/LogoRGB.png","width":872,"height":1080,"caption":"ABS Global Argentina"},"image":{"@id":"https:\/\/www.absglobal.com\/ar\/#\/schema\/logo\/image\/"}}]}},"_links":{"self":[{"href":"https:\/\/www.absglobal.com\/ar\/wp-json\/wp\/v2\/pages\/3622"}],"collection":[{"href":"https:\/\/www.absglobal.com\/ar\/wp-json\/wp\/v2\/pages"}],"about":[{"href":"https:\/\/www.absglobal.com\/ar\/wp-json\/wp\/v2\/types\/page"}],"author":[{"embeddable":true,"href":"https:\/\/www.absglobal.com\/ar\/wp-json\/wp\/v2\/users\/271"}],"replies":[{"embeddable":true,"href":"https:\/\/www.absglobal.com\/ar\/wp-json\/wp\/v2\/comments?post=3622"}],"version-history":[{"count":21,"href":"https:\/\/www.absglobal.com\/ar\/wp-json\/wp\/v2\/pages\/3622\/revisions"}],"predecessor-version":[{"id":3907,"href":"https:\/\/www.absglobal.com\/ar\/wp-json\/wp\/v2\/pages\/3622\/revisions\/3907"}],"wp:attachment":[{"href":"https:\/\/www.absglobal.com\/ar\/wp-json\/wp\/v2\/media?parent=3622"}],"curies":[{"name":"wp","href":"https:\/\/api.w.org\/{rel}","templated":true}]}}