{"id":4025,"date":"2022-10-19T06:55:37","date_gmt":"2022-10-19T11:55:37","guid":{"rendered":"https:\/\/www.absglobal.com\/ar\/?page_id=4025"},"modified":"2025-07-09T16:48:56","modified_gmt":"2025-07-09T21:48:56","slug":"geneadvance","status":"publish","type":"page","link":"https:\/\/www.absglobal.com\/ar\/geneadvance\/","title":{"rendered":"GENEadvance\u00ae"},"content":{"rendered":"<div class=\"wp-block-image is-style-default\">\n<figure class=\"aligncenter size-full\"><img decoding=\"async\" width=\"200\" height=\"148\" src=\"https:\/\/www.absglobal.com\/ar\/wp-content\/uploads\/sites\/21\/2022\/10\/Screen-Shot-2022-10-19-at-17.43.13-1.png\" alt=\"Geneadvance Logo\" class=\"wp-image-4117\" \/><\/figure><\/div>\n\n\n<h1 class=\"wp-block-heading is-style-underline\"><strong><strong>Un nuevo concepto para acelerar el progreso de su reba\u00f1o<\/strong><\/strong><\/h1>\n\n\n\n<h3 class=\"wp-block-heading has-text-align-center\">Conozca m\u00e1s acerca del \u00fanico partnership genetico del mercado enfocado en el futuro sostenible a traves de un plan personalizado y validado.<\/h3>\n\n\n\n<div class=\"wp-block-columns is-layout-flex wp-container-core-columns-is-layout-1 wp-block-columns-is-layout-flex\">\n<div class=\"wp-block-column is-layout-flow wp-block-column-is-layout-flow\">\n<figure class=\"wp-block-embed is-type-video is-provider-youtube wp-block-embed-youtube wp-embed-aspect-16-9 wp-has-aspect-ratio\"><div class=\"wp-block-embed__wrapper\">\n<iframe title=\"GENEadvance: un nuevo concepto de programa genetico\" width=\"500\" height=\"281\" src=\"https:\/\/www.youtube.com\/embed\/ZzyQVn-aHPs?feature=oembed\" frameborder=\"0\" allow=\"accelerometer; autoplay; clipboard-write; encrypted-media; gyroscope; picture-in-picture; web-share\" referrerpolicy=\"strict-origin-when-cross-origin\" allowfullscreen><\/iframe>\n<\/div><\/figure>\n<\/div>\n<\/div>\n\n\n\n<div class=\"wp-block-buttons is-horizontal is-content-justification-center is-layout-flex wp-container-core-buttons-is-layout-1 wp-block-buttons-is-layout-flex\">\n<div class=\"wp-block-button\"><a class=\"wp-block-button__link wp-element-button\" href=\"#request-consultation\">Formulario de contacto<\/a><\/div>\n<\/div>\n\n\n\n<section class=\"wp-block-group\"><div class=\"wp-block-group__inner-container is-layout-flow wp-block-group-is-layout-flow\">\n<div class=\"wp-block-columns is-layout-flex wp-container-core-columns-is-layout-2 wp-block-columns-is-layout-flex\">\n<div class=\"wp-block-column is-layout-flow wp-block-column-is-layout-flow\">\n<h2 class=\"wp-block-heading has-text-align-center is-style-underline\"><strong>Qu\u00e9 es GENEadvance<\/strong><\/h2>\n\n\n\n<p><strong>GENEadvance<\/strong> es un partnership gen\u00e9tico, en el cual ABS ofrece un plan personalizado y exclusivo para acelerar la mejora de su reba\u00f1o.&nbsp;<\/p>\n\n\n\n<p>Enfocado en un mundo sustentable, a trav\u00e9s de un programa integral que genera un progreso gen\u00e9tico validado, medible y cuantificable.&nbsp;<\/p>\n\n\n\n<p><strong>GENEadvance<\/strong> combina nuestra experiencia, la gen\u00e9tica l\u00edder en el mercado y lo \u00faltimo en tecnolog\u00eda.&nbsp;<\/p>\n\n\n<div class=\"wp-block-image is-style-default\">\n<figure class=\"aligncenter size-large is-resized\"><img fetchpriority=\"high\" decoding=\"async\" height=\"768\" width=\"1024\" src=\"https:\/\/www.absglobal.com\/ar\/wp-content\/uploads\/sites\/21\/2022\/10\/MicrosoftTeams-image-71.jpg?resize=1024,768\" alt=\"\" class=\"wp-image-4060\" style=\"width:512px;height:384px\" srcset=\"https:\/\/www.absglobal.com\/ar\/wp-content\/uploads\/sites\/21\/2022\/10\/MicrosoftTeams-image-71.jpg 1600w, https:\/\/www.absglobal.com\/ar\/wp-content\/uploads\/sites\/21\/2022\/10\/MicrosoftTeams-image-71.jpg?resize=300,225 300w, https:\/\/www.absglobal.com\/ar\/wp-content\/uploads\/sites\/21\/2022\/10\/MicrosoftTeams-image-71.jpg?resize=768,576 768w, https:\/\/www.absglobal.com\/ar\/wp-content\/uploads\/sites\/21\/2022\/10\/MicrosoftTeams-image-71.jpg?resize=1024,768 1024w, https:\/\/www.absglobal.com\/ar\/wp-content\/uploads\/sites\/21\/2022\/10\/MicrosoftTeams-image-71.jpg?resize=1536,1152 1536w\" sizes=\"(max-width: 1024px) 100vw, 1024px\" \/><\/figure><\/div><\/div>\n<\/div>\n<\/div><\/section>\n\n\n\n<h2 class=\"wp-block-heading has-text-align-center is-style-underline\">\u00bfCu\u00e1les son los beneficios?<\/h2>\n\n\n\n<div class=\"wp-block-columns margin40 is-layout-flex wp-container-core-columns-is-layout-3 wp-block-columns-is-layout-flex\">\n<div class=\"wp-block-column column-90 is-layout-flow wp-block-column-is-layout-flow\" style=\"flex-basis:90%\">\n<p><strong><span style=\"text-decoration: underline\"><strong>Partnership Gen\u00e9tico<\/strong><\/span><\/strong><\/p>\n\n\n\n<p>\u2705 Modelo comercial disruptivo y a la medida de cada cliente<\/p>\n\n\n\n<p>\u2705 Acompa\u00f1amiento en el desarrollo y la implementaci\u00f3n de la estrategia gen\u00e9tica<\/p>\n\n\n\n<p>\u2705 Compromiso en maximizar el progreso gen\u00e9tico, a trav\u00e9s de un acuerdo m\u00ednimo de tres a\u00f1os<\/p>\n\n\n\n<p>\u2705 Enfoque en la rentabilidad y en la sostenibilidad del negocio<\/p>\n\n\n\n<p>\u2705 Proyecci\u00f3n y planificaci\u00f3n de la producci\u00f3n y abastecimento de la cadena de suministro&nbsp;<\/p>\n<\/div>\n<\/div>\n\n\n\n<div class=\"wp-block-columns margin40 is-layout-flex wp-container-core-columns-is-layout-4 wp-block-columns-is-layout-flex\">\n<div class=\"wp-block-column is-layout-flow wp-block-column-is-layout-flow\" style=\"flex-basis:90%\">\n<p><strong><span style=\"text-decoration: underline\"><strong>Plan exclusivo y resultado validado<\/strong><\/span><\/strong><\/p>\n\n\n\n<p>\u2705 Acceso a un indice de selecci\u00f3n personalizado y a la mejor gen\u00e9tica del mundo<\/p>\n\n\n\n<p>\u2705 Asesoramiento personalizado \u00fanico sobre los objetivos y la estrategia gen\u00e9tica<\/p>\n\n\n\n<p>\u2705 Acompa\u00f1amiento y monitoreo continuo sobre el desarrollo y ejecuci\u00f3n del plan<\/p>\n\n\n\n<p>\u2705 Entrenamiento permanente y espec\u00edfico para el personal de campo de cada cuenta<\/p>\n\n\n\n<p>\u2705 Validaci\u00f3n con utilizaci\u00f3n de pruebas gen\u00f3micas para tomar las decisiones adecuadas<\/p>\n<\/div>\n<\/div>\n\n\n\n<div class=\"wp-block-columns margin40 is-layout-flex wp-container-core-columns-is-layout-5 wp-block-columns-is-layout-flex\">\n<div class=\"wp-block-column is-layout-flow wp-block-column-is-layout-flow\" style=\"flex-basis:90%\">\n<p><strong><span style=\"text-decoration: underline\"><strong>Innovaci\u00f3n con tecnologia de excelencia<\/strong><\/span><\/strong><\/p>\n\n\n\n<p>\u2705&nbsp;&nbsp;Maximizaci\u00f3n de su estrategia, mediante acceso a nuestras mejores tecnologias, Sexcel\u00ae y Beef InFocus\u2122, para el \u00e9xito del plan<\/p>\n\n\n\n<p>\u2705&nbsp;&nbsp;Precisi\u00f3n en la reposici\u00f3n del reba\u00f1o<\/p>\n<\/div>\n<\/div>\n\n\n\n<div class=\"wp-block-buttons is-horizontal is-content-justification-center is-layout-flex wp-container-core-buttons-is-layout-2 wp-block-buttons-is-layout-flex\">\n<div class=\"wp-block-button\"><a class=\"wp-block-button__link wp-element-button\" href=\"#request-consultation\"> Formulario de contacto<\/a><\/div>\n<\/div>\n\n\n\n<h2 class=\"wp-block-heading has-text-align-center is-style-underline\">\u00danase a otros ganaderos que utilizan GENEadvance<\/h2>\n\n\n\n<figure class=\"wp-block-gallery alignwide has-nested-images columns-3 is-cropped wp-block-gallery-1 is-layout-flex wp-block-gallery-is-layout-flex\">\n<figure class=\"wp-block-image size-large\"><img decoding=\"async\" height=\"766\" width=\"1024\" data-id=\"4062\" src=\"https:\/\/www.absglobal.com\/ar\/wp-content\/uploads\/sites\/21\/2022\/10\/MicrosoftTeams-image-69.jpg?w=1024\" alt=\"\" class=\"wp-image-4062\" srcset=\"https:\/\/www.absglobal.com\/ar\/wp-content\/uploads\/sites\/21\/2022\/10\/MicrosoftTeams-image-69.jpg 1280w, https:\/\/www.absglobal.com\/ar\/wp-content\/uploads\/sites\/21\/2022\/10\/MicrosoftTeams-image-69.jpg?resize=300,225 300w, https:\/\/www.absglobal.com\/ar\/wp-content\/uploads\/sites\/21\/2022\/10\/MicrosoftTeams-image-69.jpg?resize=768,575 768w, https:\/\/www.absglobal.com\/ar\/wp-content\/uploads\/sites\/21\/2022\/10\/MicrosoftTeams-image-69.jpg?resize=1024,766 1024w\" sizes=\"(max-width: 1024px) 100vw, 1024px\" \/><\/figure>\n\n\n\n<figure class=\"wp-block-image size-large\"><img loading=\"lazy\" decoding=\"async\" height=\"1024\" width=\"768\" data-id=\"4064\" src=\"https:\/\/www.absglobal.com\/ar\/wp-content\/uploads\/sites\/21\/2022\/10\/MicrosoftTeams-image-70.jpg?w=768\" alt=\"\" class=\"wp-image-4064\" srcset=\"https:\/\/www.absglobal.com\/ar\/wp-content\/uploads\/sites\/21\/2022\/10\/MicrosoftTeams-image-70.jpg 1200w, https:\/\/www.absglobal.com\/ar\/wp-content\/uploads\/sites\/21\/2022\/10\/MicrosoftTeams-image-70.jpg?resize=225,300 225w, https:\/\/www.absglobal.com\/ar\/wp-content\/uploads\/sites\/21\/2022\/10\/MicrosoftTeams-image-70.jpg?resize=768,1024 768w, https:\/\/www.absglobal.com\/ar\/wp-content\/uploads\/sites\/21\/2022\/10\/MicrosoftTeams-image-70.jpg?resize=1152,1536 1152w\" sizes=\"(max-width: 768px) 100vw, 768px\" \/><\/figure>\n\n\n\n<figure class=\"wp-block-image size-large\"><img loading=\"lazy\" decoding=\"async\" height=\"1024\" width=\"768\" data-id=\"4063\" src=\"https:\/\/www.absglobal.com\/ar\/wp-content\/uploads\/sites\/21\/2022\/10\/MicrosoftTeams-image-72.jpg?w=768\" alt=\"\" class=\"wp-image-4063\" srcset=\"https:\/\/www.absglobal.com\/ar\/wp-content\/uploads\/sites\/21\/2022\/10\/MicrosoftTeams-image-72.jpg 960w, https:\/\/www.absglobal.com\/ar\/wp-content\/uploads\/sites\/21\/2022\/10\/MicrosoftTeams-image-72.jpg?resize=225,300 225w, https:\/\/www.absglobal.com\/ar\/wp-content\/uploads\/sites\/21\/2022\/10\/MicrosoftTeams-image-72.jpg?resize=768,1024 768w\" sizes=\"(max-width: 768px) 100vw, 768px\" \/><\/figure>\n\n\n\n<figure class=\"wp-block-image size-large\"><img loading=\"lazy\" decoding=\"async\" height=\"768\" width=\"1024\" data-id=\"4065\" src=\"https:\/\/www.absglobal.com\/ar\/wp-content\/uploads\/sites\/21\/2022\/10\/MicrosoftTeams-image-73.jpg?w=1024\" alt=\"\" class=\"wp-image-4065\" srcset=\"https:\/\/www.absglobal.com\/ar\/wp-content\/uploads\/sites\/21\/2022\/10\/MicrosoftTeams-image-73.jpg 1280w, https:\/\/www.absglobal.com\/ar\/wp-content\/uploads\/sites\/21\/2022\/10\/MicrosoftTeams-image-73.jpg?resize=300,225 300w, https:\/\/www.absglobal.com\/ar\/wp-content\/uploads\/sites\/21\/2022\/10\/MicrosoftTeams-image-73.jpg?resize=768,576 768w, https:\/\/www.absglobal.com\/ar\/wp-content\/uploads\/sites\/21\/2022\/10\/MicrosoftTeams-image-73.jpg?resize=1024,768 1024w\" sizes=\"(max-width: 1024px) 100vw, 1024px\" \/><\/figure>\n\n\n\n<figure class=\"wp-block-image size-large\"><img loading=\"lazy\" decoding=\"async\" height=\"768\" width=\"1024\" data-id=\"4066\" src=\"https:\/\/www.absglobal.com\/ar\/wp-content\/uploads\/sites\/21\/2022\/10\/MicrosoftTeams-image-74.jpg?w=1024\" alt=\"\" class=\"wp-image-4066\" srcset=\"https:\/\/www.absglobal.com\/ar\/wp-content\/uploads\/sites\/21\/2022\/10\/MicrosoftTeams-image-74.jpg 1280w, https:\/\/www.absglobal.com\/ar\/wp-content\/uploads\/sites\/21\/2022\/10\/MicrosoftTeams-image-74.jpg?resize=300,225 300w, https:\/\/www.absglobal.com\/ar\/wp-content\/uploads\/sites\/21\/2022\/10\/MicrosoftTeams-image-74.jpg?resize=768,576 768w, https:\/\/www.absglobal.com\/ar\/wp-content\/uploads\/sites\/21\/2022\/10\/MicrosoftTeams-image-74.jpg?resize=1024,768 1024w\" sizes=\"(max-width: 1024px) 100vw, 1024px\" \/><\/figure>\n<\/figure>\n\n\n\n<div class=\"wp-block-buttons is-horizontal is-content-justification-center is-layout-flex wp-container-core-buttons-is-layout-3 wp-block-buttons-is-layout-flex\">\n<div class=\"wp-block-button\"><a class=\"wp-block-button__link wp-element-button\" href=\"#request-consultation\"> Formulario de contacto<\/a><\/div>\n<\/div>\n\n\n\n<div class=\"wp-block-columns is-layout-flex wp-container-core-columns-is-layout-6 wp-block-columns-is-layout-flex\">\n<div class=\"wp-block-column block-border custom-form-block block-padding is-layout-flow wp-block-column-is-layout-flow\">\n<h2 class=\"wp-block-heading has-text-align-center is-style-underline\" id=\"request-consultation\">Formulario de contacto<\/h2>\n\n\n\n<div class=\"wp-block-leadin-hubspot-form-block\">\n\t\t\t\t\t\t<script>\n\t\t\t\t\t\t\twindow.hsFormsOnReady = window.hsFormsOnReady || [];\n\t\t\t\t\t\t\twindow.hsFormsOnReady.push(()=>{\n\t\t\t\t\t\t\t\thbspt.forms.create({\n\t\t\t\t\t\t\t\t\tportalId: 25467392,\n\t\t\t\t\t\t\t\t\tformId: \"3b7c8e53-2032-4af8-96de-3c7d777fd3f9\",\n\t\t\t\t\t\t\t\t\ttarget: \"#hbspt-form-1778176648000-2608610217\",\n\t\t\t\t\t\t\t\t\tregion: \"eu1\",\n\t\t\t\t\t\t\t\t\t\n\t\t\t\t\t\t\t})});\n\t\t\t\t\t\t<\/script>\n\t\t\t\t\t\t<div class=\"hbspt-form\" id=\"hbspt-form-1778176648000-2608610217\"><\/div><\/div>\n<\/div>\n<\/div>\n","protected":false},"excerpt":{"rendered":"<p>Un nuevo concepto para acelerar el progreso de su reba\u00f1o Conozca m\u00e1s acerca del \u00fanico partnership genetico del mercado enfocado en el futuro sostenible a traves de un plan personalizado y validado. Qu\u00e9 es GENEadvance GENEadvance es un partnership gen\u00e9tico, en el cual ABS ofrece un plan personalizado y exclusivo para acelerar la mejora de [&hellip;]<\/p>\n","protected":false},"author":437,"featured_media":4117,"parent":0,"menu_order":0,"comment_status":"closed","ping_status":"closed","template":"","meta":{"_acf_changed":false,"content-type":"","footnotes":""},"class_list":["post-4025","page","type-page","status-publish","has-post-thumbnail","hentry"],"acf":[],"yoast_head":"<!-- This site is optimized with the Yoast SEO Premium plugin v25.6 (Yoast SEO v25.6) - https:\/\/yoast.com\/wordpress\/plugins\/seo\/ -->\n<title>GENEadvance\u00ae - ABS Global Argentina<\/title>\n<meta name=\"robots\" content=\"index, follow, max-snippet:-1, max-image-preview:large, max-video-preview:-1\" \/>\n<link rel=\"canonical\" href=\"https:\/\/www.absglobal.com\/ar\/geneadvance\/\" \/>\n<meta property=\"og:locale\" content=\"es_ES\" \/>\n<meta property=\"og:type\" content=\"article\" \/>\n<meta property=\"og:title\" content=\"GENEadvance\u00ae\" \/>\n<meta property=\"og:description\" content=\"Un nuevo concepto para acelerar el progreso de su reba\u00f1o Conozca m\u00e1s acerca del \u00fanico partnership genetico del mercado enfocado en el futuro sostenible a traves de un plan personalizado y validado. Qu\u00e9 es GENEadvance GENEadvance es un partnership gen\u00e9tico, en el cual ABS ofrece un plan personalizado y exclusivo para acelerar la mejora de [&hellip;]\" \/>\n<meta property=\"og:url\" content=\"https:\/\/www.absglobal.com\/ar\/geneadvance\/\" \/>\n<meta property=\"og:site_name\" content=\"ABS Global Argentina\" \/>\n<meta property=\"article:modified_time\" content=\"2025-07-09T21:48:56+00:00\" \/>\n<meta property=\"og:image\" content=\"https:\/\/www.absglobal.com\/ar\/wp-content\/uploads\/sites\/21\/2022\/10\/Screen-Shot-2022-10-19-at-17.43.13-1.png\" \/>\n\t<meta property=\"og:image:width\" content=\"200\" \/>\n\t<meta property=\"og:image:height\" content=\"148\" \/>\n\t<meta property=\"og:image:type\" content=\"image\/png\" \/>\n<meta name=\"twitter:card\" content=\"summary_large_image\" \/>\n<meta name=\"twitter:label1\" content=\"Est. reading time\" \/>\n\t<meta name=\"twitter:data1\" content=\"3 minutos\" \/>\n<script type=\"application\/ld+json\" class=\"yoast-schema-graph\">{\"@context\":\"https:\/\/schema.org\",\"@graph\":[{\"@type\":\"WebPage\",\"@id\":\"https:\/\/www.absglobal.com\/ar\/geneadvance\/\",\"url\":\"https:\/\/www.absglobal.com\/ar\/geneadvance\/\",\"name\":\"GENEadvance\u00ae - ABS Global Argentina\",\"isPartOf\":{\"@id\":\"https:\/\/www.absglobal.com\/ar\/#website\"},\"primaryImageOfPage\":{\"@id\":\"https:\/\/www.absglobal.com\/ar\/geneadvance\/#primaryimage\"},\"image\":{\"@id\":\"https:\/\/www.absglobal.com\/ar\/geneadvance\/#primaryimage\"},\"thumbnailUrl\":\"https:\/\/www.absglobal.com\/ar\/wp-content\/uploads\/sites\/21\/2022\/10\/Screen-Shot-2022-10-19-at-17.43.13-1.png\",\"datePublished\":\"2022-10-19T11:55:37+00:00\",\"dateModified\":\"2025-07-09T21:48:56+00:00\",\"breadcrumb\":{\"@id\":\"https:\/\/www.absglobal.com\/ar\/geneadvance\/#breadcrumb\"},\"inLanguage\":\"es\",\"potentialAction\":[{\"@type\":\"ReadAction\",\"target\":[\"https:\/\/www.absglobal.com\/ar\/geneadvance\/\"]}]},{\"@type\":\"ImageObject\",\"inLanguage\":\"es\",\"@id\":\"https:\/\/www.absglobal.com\/ar\/geneadvance\/#primaryimage\",\"url\":\"https:\/\/www.absglobal.com\/ar\/wp-content\/uploads\/sites\/21\/2022\/10\/Screen-Shot-2022-10-19-at-17.43.13-1.png\",\"contentUrl\":\"https:\/\/www.absglobal.com\/ar\/wp-content\/uploads\/sites\/21\/2022\/10\/Screen-Shot-2022-10-19-at-17.43.13-1.png\",\"width\":200,\"height\":148},{\"@type\":\"BreadcrumbList\",\"@id\":\"https:\/\/www.absglobal.com\/ar\/geneadvance\/#breadcrumb\",\"itemListElement\":[{\"@type\":\"ListItem\",\"position\":1,\"name\":\"Home\",\"item\":\"https:\/\/www.absglobal.com\/ar\/\"},{\"@type\":\"ListItem\",\"position\":2,\"name\":\"GENEadvance\u00ae\"}]},{\"@type\":\"WebSite\",\"@id\":\"https:\/\/www.absglobal.com\/ar\/#website\",\"url\":\"https:\/\/www.absglobal.com\/ar\/\",\"name\":\"ABS Global Argentina\",\"description\":\"Independientemente de los objetivos o mercados, el motor de todas las lecher\u00edas es el parto, ya que una pre\u00f1ez a t\u00e9rmino da lugar a una lactancia. \",\"publisher\":{\"@id\":\"https:\/\/www.absglobal.com\/ar\/#organization\"},\"potentialAction\":[{\"@type\":\"SearchAction\",\"target\":{\"@type\":\"EntryPoint\",\"urlTemplate\":\"https:\/\/www.absglobal.com\/ar\/?s={search_term_string}\"},\"query-input\":{\"@type\":\"PropertyValueSpecification\",\"valueRequired\":true,\"valueName\":\"search_term_string\"}}],\"inLanguage\":\"es\"},{\"@type\":\"Organization\",\"@id\":\"https:\/\/www.absglobal.com\/ar\/#organization\",\"name\":\"ABS Global Argentina\",\"url\":\"https:\/\/www.absglobal.com\/ar\/\",\"logo\":{\"@type\":\"ImageObject\",\"inLanguage\":\"es\",\"@id\":\"https:\/\/www.absglobal.com\/ar\/#\/schema\/logo\/image\/\",\"url\":\"https:\/\/www.absglobal.com\/ar\/wp-content\/uploads\/sites\/21\/2020\/03\/LogoRGB.png\",\"contentUrl\":\"https:\/\/www.absglobal.com\/ar\/wp-content\/uploads\/sites\/21\/2020\/03\/LogoRGB.png\",\"width\":872,\"height\":1080,\"caption\":\"ABS Global Argentina\"},\"image\":{\"@id\":\"https:\/\/www.absglobal.com\/ar\/#\/schema\/logo\/image\/\"}}]}<\/script>\n<!-- \/ Yoast SEO Premium plugin. -->","yoast_head_json":{"title":"GENEadvance\u00ae - ABS Global Argentina","robots":{"index":"index","follow":"follow","max-snippet":"max-snippet:-1","max-image-preview":"max-image-preview:large","max-video-preview":"max-video-preview:-1"},"canonical":"https:\/\/www.absglobal.com\/ar\/geneadvance\/","og_locale":"es_ES","og_type":"article","og_title":"GENEadvance\u00ae","og_description":"Un nuevo concepto para acelerar el progreso de su reba\u00f1o Conozca m\u00e1s acerca del \u00fanico partnership genetico del mercado enfocado en el futuro sostenible a traves de un plan personalizado y validado. Qu\u00e9 es GENEadvance GENEadvance es un partnership gen\u00e9tico, en el cual ABS ofrece un plan personalizado y exclusivo para acelerar la mejora de [&hellip;]","og_url":"https:\/\/www.absglobal.com\/ar\/geneadvance\/","og_site_name":"ABS Global Argentina","article_modified_time":"2025-07-09T21:48:56+00:00","og_image":[{"width":200,"height":148,"url":"https:\/\/www.absglobal.com\/ar\/wp-content\/uploads\/sites\/21\/2022\/10\/Screen-Shot-2022-10-19-at-17.43.13-1.png","type":"image\/png"}],"twitter_card":"summary_large_image","twitter_misc":{"Est. reading time":"3 minutos"},"schema":{"@context":"https:\/\/schema.org","@graph":[{"@type":"WebPage","@id":"https:\/\/www.absglobal.com\/ar\/geneadvance\/","url":"https:\/\/www.absglobal.com\/ar\/geneadvance\/","name":"GENEadvance\u00ae - ABS Global Argentina","isPartOf":{"@id":"https:\/\/www.absglobal.com\/ar\/#website"},"primaryImageOfPage":{"@id":"https:\/\/www.absglobal.com\/ar\/geneadvance\/#primaryimage"},"image":{"@id":"https:\/\/www.absglobal.com\/ar\/geneadvance\/#primaryimage"},"thumbnailUrl":"https:\/\/www.absglobal.com\/ar\/wp-content\/uploads\/sites\/21\/2022\/10\/Screen-Shot-2022-10-19-at-17.43.13-1.png","datePublished":"2022-10-19T11:55:37+00:00","dateModified":"2025-07-09T21:48:56+00:00","breadcrumb":{"@id":"https:\/\/www.absglobal.com\/ar\/geneadvance\/#breadcrumb"},"inLanguage":"es","potentialAction":[{"@type":"ReadAction","target":["https:\/\/www.absglobal.com\/ar\/geneadvance\/"]}]},{"@type":"ImageObject","inLanguage":"es","@id":"https:\/\/www.absglobal.com\/ar\/geneadvance\/#primaryimage","url":"https:\/\/www.absglobal.com\/ar\/wp-content\/uploads\/sites\/21\/2022\/10\/Screen-Shot-2022-10-19-at-17.43.13-1.png","contentUrl":"https:\/\/www.absglobal.com\/ar\/wp-content\/uploads\/sites\/21\/2022\/10\/Screen-Shot-2022-10-19-at-17.43.13-1.png","width":200,"height":148},{"@type":"BreadcrumbList","@id":"https:\/\/www.absglobal.com\/ar\/geneadvance\/#breadcrumb","itemListElement":[{"@type":"ListItem","position":1,"name":"Home","item":"https:\/\/www.absglobal.com\/ar\/"},{"@type":"ListItem","position":2,"name":"GENEadvance\u00ae"}]},{"@type":"WebSite","@id":"https:\/\/www.absglobal.com\/ar\/#website","url":"https:\/\/www.absglobal.com\/ar\/","name":"ABS Global Argentina","description":"Independientemente de los objetivos o mercados, el motor de todas las lecher\u00edas es el parto, ya que una pre\u00f1ez a t\u00e9rmino da lugar a una lactancia. ","publisher":{"@id":"https:\/\/www.absglobal.com\/ar\/#organization"},"potentialAction":[{"@type":"SearchAction","target":{"@type":"EntryPoint","urlTemplate":"https:\/\/www.absglobal.com\/ar\/?s={search_term_string}"},"query-input":{"@type":"PropertyValueSpecification","valueRequired":true,"valueName":"search_term_string"}}],"inLanguage":"es"},{"@type":"Organization","@id":"https:\/\/www.absglobal.com\/ar\/#organization","name":"ABS Global Argentina","url":"https:\/\/www.absglobal.com\/ar\/","logo":{"@type":"ImageObject","inLanguage":"es","@id":"https:\/\/www.absglobal.com\/ar\/#\/schema\/logo\/image\/","url":"https:\/\/www.absglobal.com\/ar\/wp-content\/uploads\/sites\/21\/2020\/03\/LogoRGB.png","contentUrl":"https:\/\/www.absglobal.com\/ar\/wp-content\/uploads\/sites\/21\/2020\/03\/LogoRGB.png","width":872,"height":1080,"caption":"ABS Global Argentina"},"image":{"@id":"https:\/\/www.absglobal.com\/ar\/#\/schema\/logo\/image\/"}}]}},"_links":{"self":[{"href":"https:\/\/www.absglobal.com\/ar\/wp-json\/wp\/v2\/pages\/4025"}],"collection":[{"href":"https:\/\/www.absglobal.com\/ar\/wp-json\/wp\/v2\/pages"}],"about":[{"href":"https:\/\/www.absglobal.com\/ar\/wp-json\/wp\/v2\/types\/page"}],"author":[{"embeddable":true,"href":"https:\/\/www.absglobal.com\/ar\/wp-json\/wp\/v2\/users\/437"}],"replies":[{"embeddable":true,"href":"https:\/\/www.absglobal.com\/ar\/wp-json\/wp\/v2\/comments?post=4025"}],"version-history":[{"count":62,"href":"https:\/\/www.absglobal.com\/ar\/wp-json\/wp\/v2\/pages\/4025\/revisions"}],"predecessor-version":[{"id":4545,"href":"https:\/\/www.absglobal.com\/ar\/wp-json\/wp\/v2\/pages\/4025\/revisions\/4545"}],"wp:featuredmedia":[{"embeddable":true,"href":"https:\/\/www.absglobal.com\/ar\/wp-json\/wp\/v2\/media\/4117"}],"wp:attachment":[{"href":"https:\/\/www.absglobal.com\/ar\/wp-json\/wp\/v2\/media?parent=4025"}],"curies":[{"name":"wp","href":"https:\/\/api.w.org\/{rel}","templated":true}]}}