{"id":4481,"date":"2025-06-19T14:04:03","date_gmt":"2025-06-19T19:04:03","guid":{"rendered":"https:\/\/www.absglobal.com\/ar\/?page_id=4481"},"modified":"2026-03-19T10:33:20","modified_gmt":"2026-03-19T15:33:20","slug":"contacto-de-prensa","status":"publish","type":"page","link":"https:\/\/www.absglobal.com\/ar\/contacto-de-prensa\/","title":{"rendered":"Contacto de prensa"},"content":{"rendered":"\n<p>\u00bfEres periodista o formas parte de un medio de comunicaci\u00f3n y deseas ponerte en contacto con nosotros? Completa el siguiente formulario y un integrante de nuestro equipo de comunicaci\u00f3n te responder\u00e1 a la brevedad.<\/p>\n\n\n\n<div style=\"height:36px\" aria-hidden=\"true\" class=\"wp-block-spacer\"><\/div>\n\n\n\n<div class=\"wp-block-leadin-hubspot-form-block\">\n\t\t\t<div\n\t\t\tclass=\"hs-form-frame\"\n\t\t\tdata-region=\"eu1\"\n\t\t\tdata-form-id=\"0ac96dc4-6927-4c4c-84f6-6b28ee26865d\"\n\t\t\tdata-portal-id=\"25467392\"\n\t\t\t >\n\t\t\t<\/div>\n\t\t\t<\/div>\n","protected":false},"excerpt":{"rendered":"<p>\u00bfEres periodista o formas parte de un medio de comunicaci\u00f3n y deseas ponerte en contacto con nosotros? Completa el siguiente formulario y un integrante de nuestro equipo de comunicaci\u00f3n te responder\u00e1 a la brevedad.<\/p>\n","protected":false},"author":9982,"featured_media":0,"parent":0,"menu_order":0,"comment_status":"closed","ping_status":"closed","template":"","meta":{"_acf_changed":false,"content-type":"","footnotes":""},"class_list":["post-4481","page","type-page","status-publish","hentry"],"acf":[],"yoast_head":"<!-- This site is optimized with the Yoast SEO Premium plugin v25.6 (Yoast SEO v25.6) - https:\/\/yoast.com\/wordpress\/plugins\/seo\/ -->\n<title>Contacto de prensa - ABS Global Argentina<\/title>\n<meta name=\"description\" content=\"Si estas interesado en que nuestro equipo de comunicaci\u00f3n se ponga en contacto contigo, llena el formulario de contacto de prensa\" \/>\n<meta name=\"robots\" content=\"index, follow, max-snippet:-1, max-image-preview:large, max-video-preview:-1\" \/>\n<link rel=\"canonical\" href=\"https:\/\/www.absglobal.com\/ar\/contacto-de-prensa\/\" \/>\n<meta property=\"og:locale\" content=\"es_ES\" \/>\n<meta property=\"og:type\" content=\"article\" \/>\n<meta property=\"og:title\" content=\"Contacto de prensa\" \/>\n<meta property=\"og:description\" content=\"Si estas interesado en que nuestro equipo de comunicaci\u00f3n se ponga en contacto contigo, llena el formulario de contacto de prensa\" \/>\n<meta property=\"og:url\" content=\"https:\/\/www.absglobal.com\/ar\/contacto-de-prensa\/\" \/>\n<meta property=\"og:site_name\" content=\"ABS Global Argentina\" \/>\n<meta property=\"article:modified_time\" content=\"2026-03-19T15:33:20+00:00\" \/>\n<meta name=\"twitter:card\" content=\"summary_large_image\" \/>\n<meta name=\"twitter:label1\" content=\"Est. reading time\" \/>\n\t<meta name=\"twitter:data1\" content=\"1 minuto\" \/>\n<script type=\"application\/ld+json\" class=\"yoast-schema-graph\">{\"@context\":\"https:\/\/schema.org\",\"@graph\":[{\"@type\":\"WebPage\",\"@id\":\"https:\/\/www.absglobal.com\/ar\/contacto-de-prensa\/\",\"url\":\"https:\/\/www.absglobal.com\/ar\/contacto-de-prensa\/\",\"name\":\"Contacto de prensa - ABS Global Argentina\",\"isPartOf\":{\"@id\":\"https:\/\/www.absglobal.com\/ar\/#website\"},\"datePublished\":\"2025-06-19T19:04:03+00:00\",\"dateModified\":\"2026-03-19T15:33:20+00:00\",\"description\":\"Si estas interesado en que nuestro equipo de comunicaci\u00f3n se ponga en contacto contigo, llena el formulario de contacto de prensa\",\"breadcrumb\":{\"@id\":\"https:\/\/www.absglobal.com\/ar\/contacto-de-prensa\/#breadcrumb\"},\"inLanguage\":\"es\",\"potentialAction\":[{\"@type\":\"ReadAction\",\"target\":[\"https:\/\/www.absglobal.com\/ar\/contacto-de-prensa\/\"]}]},{\"@type\":\"BreadcrumbList\",\"@id\":\"https:\/\/www.absglobal.com\/ar\/contacto-de-prensa\/#breadcrumb\",\"itemListElement\":[{\"@type\":\"ListItem\",\"position\":1,\"name\":\"Home\",\"item\":\"https:\/\/www.absglobal.com\/ar\/\"},{\"@type\":\"ListItem\",\"position\":2,\"name\":\"Contacto de prensa\"}]},{\"@type\":\"WebSite\",\"@id\":\"https:\/\/www.absglobal.com\/ar\/#website\",\"url\":\"https:\/\/www.absglobal.com\/ar\/\",\"name\":\"ABS Global Argentina\",\"description\":\"Independientemente de los objetivos o mercados, el motor de todas las lecher\u00edas es el parto, ya que una pre\u00f1ez a t\u00e9rmino da lugar a una lactancia. \",\"publisher\":{\"@id\":\"https:\/\/www.absglobal.com\/ar\/#organization\"},\"potentialAction\":[{\"@type\":\"SearchAction\",\"target\":{\"@type\":\"EntryPoint\",\"urlTemplate\":\"https:\/\/www.absglobal.com\/ar\/?s={search_term_string}\"},\"query-input\":{\"@type\":\"PropertyValueSpecification\",\"valueRequired\":true,\"valueName\":\"search_term_string\"}}],\"inLanguage\":\"es\"},{\"@type\":\"Organization\",\"@id\":\"https:\/\/www.absglobal.com\/ar\/#organization\",\"name\":\"ABS Global Argentina\",\"url\":\"https:\/\/www.absglobal.com\/ar\/\",\"logo\":{\"@type\":\"ImageObject\",\"inLanguage\":\"es\",\"@id\":\"https:\/\/www.absglobal.com\/ar\/#\/schema\/logo\/image\/\",\"url\":\"https:\/\/www.absglobal.com\/ar\/wp-content\/uploads\/sites\/21\/2020\/03\/LogoRGB.png\",\"contentUrl\":\"https:\/\/www.absglobal.com\/ar\/wp-content\/uploads\/sites\/21\/2020\/03\/LogoRGB.png\",\"width\":872,\"height\":1080,\"caption\":\"ABS Global Argentina\"},\"image\":{\"@id\":\"https:\/\/www.absglobal.com\/ar\/#\/schema\/logo\/image\/\"}}]}<\/script>\n<!-- \/ Yoast SEO Premium plugin. -->","yoast_head_json":{"title":"Contacto de prensa - ABS Global Argentina","description":"Si estas interesado en que nuestro equipo de comunicaci\u00f3n se ponga en contacto contigo, llena el formulario de contacto de prensa","robots":{"index":"index","follow":"follow","max-snippet":"max-snippet:-1","max-image-preview":"max-image-preview:large","max-video-preview":"max-video-preview:-1"},"canonical":"https:\/\/www.absglobal.com\/ar\/contacto-de-prensa\/","og_locale":"es_ES","og_type":"article","og_title":"Contacto de prensa","og_description":"Si estas interesado en que nuestro equipo de comunicaci\u00f3n se ponga en contacto contigo, llena el formulario de contacto de prensa","og_url":"https:\/\/www.absglobal.com\/ar\/contacto-de-prensa\/","og_site_name":"ABS Global Argentina","article_modified_time":"2026-03-19T15:33:20+00:00","twitter_card":"summary_large_image","twitter_misc":{"Est. reading time":"1 minuto"},"schema":{"@context":"https:\/\/schema.org","@graph":[{"@type":"WebPage","@id":"https:\/\/www.absglobal.com\/ar\/contacto-de-prensa\/","url":"https:\/\/www.absglobal.com\/ar\/contacto-de-prensa\/","name":"Contacto de prensa - ABS Global Argentina","isPartOf":{"@id":"https:\/\/www.absglobal.com\/ar\/#website"},"datePublished":"2025-06-19T19:04:03+00:00","dateModified":"2026-03-19T15:33:20+00:00","description":"Si estas interesado en que nuestro equipo de comunicaci\u00f3n se ponga en contacto contigo, llena el formulario de contacto de prensa","breadcrumb":{"@id":"https:\/\/www.absglobal.com\/ar\/contacto-de-prensa\/#breadcrumb"},"inLanguage":"es","potentialAction":[{"@type":"ReadAction","target":["https:\/\/www.absglobal.com\/ar\/contacto-de-prensa\/"]}]},{"@type":"BreadcrumbList","@id":"https:\/\/www.absglobal.com\/ar\/contacto-de-prensa\/#breadcrumb","itemListElement":[{"@type":"ListItem","position":1,"name":"Home","item":"https:\/\/www.absglobal.com\/ar\/"},{"@type":"ListItem","position":2,"name":"Contacto de prensa"}]},{"@type":"WebSite","@id":"https:\/\/www.absglobal.com\/ar\/#website","url":"https:\/\/www.absglobal.com\/ar\/","name":"ABS Global Argentina","description":"Independientemente de los objetivos o mercados, el motor de todas las lecher\u00edas es el parto, ya que una pre\u00f1ez a t\u00e9rmino da lugar a una lactancia. ","publisher":{"@id":"https:\/\/www.absglobal.com\/ar\/#organization"},"potentialAction":[{"@type":"SearchAction","target":{"@type":"EntryPoint","urlTemplate":"https:\/\/www.absglobal.com\/ar\/?s={search_term_string}"},"query-input":{"@type":"PropertyValueSpecification","valueRequired":true,"valueName":"search_term_string"}}],"inLanguage":"es"},{"@type":"Organization","@id":"https:\/\/www.absglobal.com\/ar\/#organization","name":"ABS Global Argentina","url":"https:\/\/www.absglobal.com\/ar\/","logo":{"@type":"ImageObject","inLanguage":"es","@id":"https:\/\/www.absglobal.com\/ar\/#\/schema\/logo\/image\/","url":"https:\/\/www.absglobal.com\/ar\/wp-content\/uploads\/sites\/21\/2020\/03\/LogoRGB.png","contentUrl":"https:\/\/www.absglobal.com\/ar\/wp-content\/uploads\/sites\/21\/2020\/03\/LogoRGB.png","width":872,"height":1080,"caption":"ABS Global Argentina"},"image":{"@id":"https:\/\/www.absglobal.com\/ar\/#\/schema\/logo\/image\/"}}]}},"_links":{"self":[{"href":"https:\/\/www.absglobal.com\/ar\/wp-json\/wp\/v2\/pages\/4481"}],"collection":[{"href":"https:\/\/www.absglobal.com\/ar\/wp-json\/wp\/v2\/pages"}],"about":[{"href":"https:\/\/www.absglobal.com\/ar\/wp-json\/wp\/v2\/types\/page"}],"author":[{"embeddable":true,"href":"https:\/\/www.absglobal.com\/ar\/wp-json\/wp\/v2\/users\/9982"}],"replies":[{"embeddable":true,"href":"https:\/\/www.absglobal.com\/ar\/wp-json\/wp\/v2\/comments?post=4481"}],"version-history":[{"count":4,"href":"https:\/\/www.absglobal.com\/ar\/wp-json\/wp\/v2\/pages\/4481\/revisions"}],"predecessor-version":[{"id":4840,"href":"https:\/\/www.absglobal.com\/ar\/wp-json\/wp\/v2\/pages\/4481\/revisions\/4840"}],"wp:attachment":[{"href":"https:\/\/www.absglobal.com\/ar\/wp-json\/wp\/v2\/media?parent=4481"}],"curies":[{"name":"wp","href":"https:\/\/api.w.org\/{rel}","templated":true}]}}