{"id":6,"date":"2019-08-23T20:02:31","date_gmt":"2019-08-23T20:02:31","guid":{"rendered":"https:\/\/cms.genusplc.com\/absglobal\/?page_id=6"},"modified":"2026-03-06T11:12:44","modified_gmt":"2026-03-06T16:12:44","slug":"home","status":"publish","type":"page","link":"https:\/\/www.absglobal.com\/ar\/","title":{"rendered":"Home"},"content":{"rendered":"\n<section class=\"section-wrapper\">\n<h2 id=\"h-centro-de-aprendizaje\" class=\"section-title-main\">Centro de Aprendizaje<\/h2>\n<\/section>\n\n\n\n<div class=\"wp-block-query is-layout-flow wp-block-query-is-layout-flow\"><ul class=\"wp-block-post-template is-layout-flow wp-block-post-template-is-layout-flow\"><li class=\"wp-block-post post-4778 post type-post status-publish format-standard has-post-thumbnail hentry category-centro-de-aprendizaje abs_type-article\">\n<figure class=\"wp-block-post-featured-image\"><a href=\"https:\/\/www.absglobal.com\/ar\/los-toros-con-diversidad-de-pedigree-y-equilibrados\/\" target=\"_self\"  ><img fetchpriority=\"high\" decoding=\"async\" width=\"646\" height=\"364\" src=\"https:\/\/www.absglobal.com\/ar\/wp-content\/uploads\/sites\/21\/2025\/12\/image.png?w=646\" class=\"attachment-post-thumbnail size-post-thumbnail wp-post-image\" alt=\"Sumario de diciembre: Los toros con diversidad de pedigree y equilibrados impulsan la rentabilidad en el sector\" style=\"object-fit:cover;\" srcset=\"https:\/\/www.absglobal.com\/ar\/wp-content\/uploads\/sites\/21\/2025\/12\/image.png 646w, https:\/\/www.absglobal.com\/ar\/wp-content\/uploads\/sites\/21\/2025\/12\/image.png?resize=300,169 300w\" sizes=\"(max-width: 646px) 100vw, 646px\" \/><\/a><\/figure>\n\n<div class=\"wp-block-post-date\"><time datetime=\"2025-12-18T09:27:03-05:00\">Dic 18<\/time><\/div>\n\n<h2 class=\"wp-block-post-title has-medium-font-size\"><a href=\"https:\/\/www.absglobal.com\/ar\/los-toros-con-diversidad-de-pedigree-y-equilibrados\/\" target=\"_self\" >Sumario de diciembre: Los toros con diversidad de pedigree y equilibrados impulsan la rentabilidad en el sector<\/a><\/h2>\n<\/li><li class=\"wp-block-post post-4771 post type-post status-publish format-standard has-post-thumbnail hentry category-centro-de-aprendizaje category-uncategorized abs_type-articulo abs_industry-carne\">\n<figure class=\"wp-block-post-featured-image\"><a href=\"https:\/\/www.absglobal.com\/ar\/descubre-los-beneficios-del-ganado-cruza\/\" target=\"_self\"  ><img decoding=\"async\" width=\"921\" height=\"518\" src=\"https:\/\/www.absglobal.com\/ar\/wp-content\/uploads\/sites\/21\/2025\/11\/image.png?w=921\" class=\"attachment-post-thumbnail size-post-thumbnail wp-post-image\" alt=\"Descubre los beneficios del ganado cruza\" style=\"object-fit:cover;\" srcset=\"https:\/\/www.absglobal.com\/ar\/wp-content\/uploads\/sites\/21\/2025\/11\/image.png 921w, https:\/\/www.absglobal.com\/ar\/wp-content\/uploads\/sites\/21\/2025\/11\/image.png?resize=300,169 300w, https:\/\/www.absglobal.com\/ar\/wp-content\/uploads\/sites\/21\/2025\/11\/image.png?resize=768,432 768w\" sizes=\"(max-width: 921px) 100vw, 921px\" \/><\/a><\/figure>\n\n<div class=\"wp-block-post-date\"><time datetime=\"2025-11-26T14:49:32-05:00\">Nov 26<\/time><\/div>\n\n<h2 class=\"wp-block-post-title has-medium-font-size\"><a href=\"https:\/\/www.absglobal.com\/ar\/descubre-los-beneficios-del-ganado-cruza\/\" target=\"_self\" >Descubre los beneficios del ganado cruza<\/a><\/h2>\n<\/li><li class=\"wp-block-post post-4740 post type-post status-publish format-standard has-post-thumbnail hentry category-centro-de-aprendizaje category-uncategorized abs_type-articulo abs_industry-leche\">\n<figure class=\"wp-block-post-featured-image\"><a href=\"https:\/\/www.absglobal.com\/ar\/como-otros-aumentan-los-ingresos-a-traves-del-progreso-genetico\/\" target=\"_self\"  ><img decoding=\"async\" width=\"1024\" height=\"576\" src=\"https:\/\/www.absglobal.com\/ar\/wp-content\/uploads\/sites\/21\/2025\/10\/image-1.png?w=1024\" class=\"attachment-post-thumbnail size-post-thumbnail wp-post-image\" alt=\"C\u00f3mo otros aumentan los ingresos a trav\u00e9s del progreso gen\u00e9tico\" style=\"object-fit:cover;\" srcset=\"https:\/\/www.absglobal.com\/ar\/wp-content\/uploads\/sites\/21\/2025\/10\/image-1.png 1024w, https:\/\/www.absglobal.com\/ar\/wp-content\/uploads\/sites\/21\/2025\/10\/image-1.png?resize=300,169 300w, https:\/\/www.absglobal.com\/ar\/wp-content\/uploads\/sites\/21\/2025\/10\/image-1.png?resize=768,432 768w\" sizes=\"(max-width: 1024px) 100vw, 1024px\" \/><\/a><\/figure>\n\n<div class=\"wp-block-post-date\"><time datetime=\"2025-10-24T12:14:27-05:00\">Oct 24<\/time><\/div>\n\n<h2 class=\"wp-block-post-title has-medium-font-size\"><a href=\"https:\/\/www.absglobal.com\/ar\/como-otros-aumentan-los-ingresos-a-traves-del-progreso-genetico\/\" target=\"_self\" >C\u00f3mo otros aumentan los ingresos a trav\u00e9s del progreso gen\u00e9tico<\/a><\/h2>\n<\/li><\/ul>\n\n<nav class=\"wp-block-query-pagination is-layout-flex wp-block-query-pagination-is-layout-flex\" aria-label=\"Pagination\">\n\n\n<div class=\"wp-block-query-pagination-numbers\"><span aria-current=\"page\" class=\"page-numbers current\">1<\/span>\n<a class=\"page-numbers\" href=\"?query-11-page=2\">2<\/a>\n<a class=\"page-numbers\" href=\"?query-11-page=3\">3<\/a>\n<span class=\"page-numbers dots\">&hellip;<\/span>\n<a class=\"page-numbers\" href=\"?query-11-page=5\">5<\/a><\/div>\n\n<a href=\"\/ar\/wp-json\/wp\/v2\/pages\/6?query-11-page=2\" class=\"wp-block-query-pagination-next\">Next Page<\/a>\n<\/nav><\/div>\n\n\n\n\t<section class=\"latest-news-block section-wrapper block-background-gray\">\n\n\t\n\t\t<div>\n\t\t<h2 class=\"section-title-main\">\u00daltimas noticias<\/h2>\n\t<\/div>\n\t\n\t<div class=\"grid-container\">\n\t\t<div class=\"card-row-grid\">\n\t\t\t\t\t\t\t<article id=\"post-4843\" class=\"post-6 page type-page status-publish hentry\">\n\t\t\t\t\t<a href=\"https:\/\/www.absglobal.com\/ar\/articles\/resultados-a-campo-confirman-el-desempeno-de-sexcel-en-sistemas-lecheros\/\" class=\"card-row\">\n\t\t\t\t\t\t<div class=\"card-title\">\n\t\t\t\t\t\t\t<h4>Resultados a campo confirman el desempe\u00f1o de Sexcel en sistemas lecheros<\/h4>\n\t\t\t\t\t\t<\/div>\n\t\t\t\t\t<\/a>\n\t\t\t\t<\/article>\n\t\t\t\t\t\t\t<article id=\"post-4816\" class=\"post-6 page type-page status-publish hentry\">\n\t\t\t\t\t<a href=\"https:\/\/www.absglobal.com\/ar\/articles\/la-oriental-datos-genetica-y-una-lecheria-que-evoluciona-con-vision-de-futuro-con-geneadvance\/\" class=\"card-row\">\n\t\t\t\t\t\t<div class=\"card-title\">\n\t\t\t\t\t\t\t<h4>La Oriental: datos, gen\u00e9tica y una lecher\u00eda que evoluciona con visi\u00f3n de futuro con GENEadvance<\/h4>\n\t\t\t\t\t\t<\/div>\n\t\t\t\t\t<\/a>\n\t\t\t\t<\/article>\n\t\t\t\t\t\t\t<article id=\"post-4782\" class=\"post-6 page type-page status-publish hentry\">\n\t\t\t\t\t<a href=\"https:\/\/www.absglobal.com\/ar\/articles\/geneadvance-fortalecio-la-estrategia-productiva-de-agropecuaria-gortari\/\" class=\"card-row\">\n\t\t\t\t\t\t<div class=\"card-title\">\n\t\t\t\t\t\t\t<h4>Gen\u00e9tica con direcci\u00f3n: c\u00f3mo GENEAdvance fortaleci\u00f3 la estrategia productiva de Agropecuaria Gortari<\/h4>\n\t\t\t\t\t\t<\/div>\n\t\t\t\t\t<\/a>\n\t\t\t\t<\/article>\n\t\t\t\n\t\t\t\t\t\t<div class=\"button-wrapper\">\n\t\t\t\t<a class=\"button\" href=\"https:\/\/www.absglobal.com\/ar\/articles\/\">\n\t\t\t\t\tMore News\t\t\t\t<\/a>\n\t\t\t<\/div>\n\t\t\t\t\t<\/div>\n\t<\/div>\n\n\t\n\t<\/section>\n\n\n\n<hr class=\"wp-block-separator has-alpha-channel-opacity has-background\" \/>\n","protected":false},"excerpt":{"rendered":"<p>Centro de Aprendizaje<\/p>\n","protected":false},"author":10,"featured_media":0,"parent":0,"menu_order":0,"comment_status":"closed","ping_status":"closed","template":"","meta":{"_acf_changed":false,"content-type":"","footnotes":""},"class_list":["post-6","page","type-page","status-publish","hentry"],"acf":[],"yoast_head":"<!-- This site is optimized with the Yoast SEO Premium plugin v25.6 (Yoast SEO v25.6) - https:\/\/yoast.com\/wordpress\/plugins\/seo\/ -->\n<title>Home - ABS Global Argentina<\/title>\n<meta name=\"description\" content=\"En ABS Global, somos pioneros en la mejora gen\u00e9tica animal y ayudar a alimentar al mundo de una manera segura, responsable y rentable.\" \/>\n<meta name=\"robots\" content=\"index, follow, max-snippet:-1, max-image-preview:large, max-video-preview:-1\" \/>\n<link rel=\"canonical\" href=\"https:\/\/www.absglobal.com\/ar\/\" \/>\n<link rel=\"next\" href=\"https:\/\/www.absglobal.com\/ar\/6?query-11-page=2\" \/>\n<meta property=\"og:locale\" content=\"es_ES\" \/>\n<meta property=\"og:type\" content=\"article\" \/>\n<meta property=\"og:title\" content=\"Home\" \/>\n<meta property=\"og:description\" content=\"En ABS Global, somos pioneros en la mejora gen\u00e9tica animal y ayudar a alimentar al mundo de una manera segura, responsable y rentable.\" \/>\n<meta property=\"og:url\" content=\"https:\/\/www.absglobal.com\/ar\/\" \/>\n<meta property=\"og:site_name\" content=\"ABS Global Argentina\" \/>\n<meta property=\"article:modified_time\" content=\"2026-03-06T16:12:44+00:00\" \/>\n<meta name=\"twitter:card\" content=\"summary_large_image\" \/>\n<meta name=\"twitter:label1\" content=\"Est. reading time\" \/>\n\t<meta name=\"twitter:data1\" content=\"1 minuto\" \/>\n<script type=\"application\/ld+json\" class=\"yoast-schema-graph\">{\"@context\":\"https:\/\/schema.org\",\"@graph\":[{\"@type\":\"WebPage\",\"@id\":\"https:\/\/www.absglobal.com\/ar\/\",\"url\":\"https:\/\/www.absglobal.com\/ar\/\",\"name\":\"Home - ABS Global Argentina\",\"isPartOf\":{\"@id\":\"https:\/\/www.absglobal.com\/ar\/#website\"},\"datePublished\":\"2019-08-23T20:02:31+00:00\",\"dateModified\":\"2026-03-06T16:12:44+00:00\",\"description\":\"En ABS Global, somos pioneros en la mejora gen\u00e9tica animal y ayudar a alimentar al mundo de una manera segura, responsable y rentable.\",\"breadcrumb\":{\"@id\":\"https:\/\/www.absglobal.com\/ar\/#breadcrumb\"},\"inLanguage\":\"es\",\"potentialAction\":[{\"@type\":\"ReadAction\",\"target\":[\"https:\/\/www.absglobal.com\/ar\/\"]}]},{\"@type\":\"BreadcrumbList\",\"@id\":\"https:\/\/www.absglobal.com\/ar\/#breadcrumb\",\"itemListElement\":[{\"@type\":\"ListItem\",\"position\":1,\"name\":\"Home\",\"item\":\"https:\/\/www.absglobal.com\/ar\/\"},{\"@type\":\"ListItem\",\"position\":2,\"name\":\"Home\"}]},{\"@type\":\"WebSite\",\"@id\":\"https:\/\/www.absglobal.com\/ar\/#website\",\"url\":\"https:\/\/www.absglobal.com\/ar\/\",\"name\":\"ABS Global Argentina\",\"description\":\"Independientemente de los objetivos o mercados, el motor de todas las lecher\u00edas es el parto, ya que una pre\u00f1ez a t\u00e9rmino da lugar a una lactancia. \",\"publisher\":{\"@id\":\"https:\/\/www.absglobal.com\/ar\/#organization\"},\"potentialAction\":[{\"@type\":\"SearchAction\",\"target\":{\"@type\":\"EntryPoint\",\"urlTemplate\":\"https:\/\/www.absglobal.com\/ar\/?s={search_term_string}\"},\"query-input\":{\"@type\":\"PropertyValueSpecification\",\"valueRequired\":true,\"valueName\":\"search_term_string\"}}],\"inLanguage\":\"es\"},{\"@type\":\"Organization\",\"@id\":\"https:\/\/www.absglobal.com\/ar\/#organization\",\"name\":\"ABS Global Argentina\",\"url\":\"https:\/\/www.absglobal.com\/ar\/\",\"logo\":{\"@type\":\"ImageObject\",\"inLanguage\":\"es\",\"@id\":\"https:\/\/www.absglobal.com\/ar\/#\/schema\/logo\/image\/\",\"url\":\"https:\/\/www.absglobal.com\/ar\/wp-content\/uploads\/sites\/21\/2020\/03\/LogoRGB.png\",\"contentUrl\":\"https:\/\/www.absglobal.com\/ar\/wp-content\/uploads\/sites\/21\/2020\/03\/LogoRGB.png\",\"width\":872,\"height\":1080,\"caption\":\"ABS Global Argentina\"},\"image\":{\"@id\":\"https:\/\/www.absglobal.com\/ar\/#\/schema\/logo\/image\/\"}}]}<\/script>\n<!-- \/ Yoast SEO Premium plugin. -->","yoast_head_json":{"title":"Home - ABS Global Argentina","description":"En ABS Global, somos pioneros en la mejora gen\u00e9tica animal y ayudar a alimentar al mundo de una manera segura, responsable y rentable.","robots":{"index":"index","follow":"follow","max-snippet":"max-snippet:-1","max-image-preview":"max-image-preview:large","max-video-preview":"max-video-preview:-1"},"canonical":"https:\/\/www.absglobal.com\/ar\/","next":"https:\/\/www.absglobal.com\/ar\/6?query-11-page=2","og_locale":"es_ES","og_type":"article","og_title":"Home","og_description":"En ABS Global, somos pioneros en la mejora gen\u00e9tica animal y ayudar a alimentar al mundo de una manera segura, responsable y rentable.","og_url":"https:\/\/www.absglobal.com\/ar\/","og_site_name":"ABS Global Argentina","article_modified_time":"2026-03-06T16:12:44+00:00","twitter_card":"summary_large_image","twitter_misc":{"Est. reading time":"1 minuto"},"schema":{"@context":"https:\/\/schema.org","@graph":[{"@type":"WebPage","@id":"https:\/\/www.absglobal.com\/ar\/","url":"https:\/\/www.absglobal.com\/ar\/","name":"Home - ABS Global Argentina","isPartOf":{"@id":"https:\/\/www.absglobal.com\/ar\/#website"},"datePublished":"2019-08-23T20:02:31+00:00","dateModified":"2026-03-06T16:12:44+00:00","description":"En ABS Global, somos pioneros en la mejora gen\u00e9tica animal y ayudar a alimentar al mundo de una manera segura, responsable y rentable.","breadcrumb":{"@id":"https:\/\/www.absglobal.com\/ar\/#breadcrumb"},"inLanguage":"es","potentialAction":[{"@type":"ReadAction","target":["https:\/\/www.absglobal.com\/ar\/"]}]},{"@type":"BreadcrumbList","@id":"https:\/\/www.absglobal.com\/ar\/#breadcrumb","itemListElement":[{"@type":"ListItem","position":1,"name":"Home","item":"https:\/\/www.absglobal.com\/ar\/"},{"@type":"ListItem","position":2,"name":"Home"}]},{"@type":"WebSite","@id":"https:\/\/www.absglobal.com\/ar\/#website","url":"https:\/\/www.absglobal.com\/ar\/","name":"ABS Global Argentina","description":"Independientemente de los objetivos o mercados, el motor de todas las lecher\u00edas es el parto, ya que una pre\u00f1ez a t\u00e9rmino da lugar a una lactancia. ","publisher":{"@id":"https:\/\/www.absglobal.com\/ar\/#organization"},"potentialAction":[{"@type":"SearchAction","target":{"@type":"EntryPoint","urlTemplate":"https:\/\/www.absglobal.com\/ar\/?s={search_term_string}"},"query-input":{"@type":"PropertyValueSpecification","valueRequired":true,"valueName":"search_term_string"}}],"inLanguage":"es"},{"@type":"Organization","@id":"https:\/\/www.absglobal.com\/ar\/#organization","name":"ABS Global Argentina","url":"https:\/\/www.absglobal.com\/ar\/","logo":{"@type":"ImageObject","inLanguage":"es","@id":"https:\/\/www.absglobal.com\/ar\/#\/schema\/logo\/image\/","url":"https:\/\/www.absglobal.com\/ar\/wp-content\/uploads\/sites\/21\/2020\/03\/LogoRGB.png","contentUrl":"https:\/\/www.absglobal.com\/ar\/wp-content\/uploads\/sites\/21\/2020\/03\/LogoRGB.png","width":872,"height":1080,"caption":"ABS Global Argentina"},"image":{"@id":"https:\/\/www.absglobal.com\/ar\/#\/schema\/logo\/image\/"}}]}},"_links":{"self":[{"href":"https:\/\/www.absglobal.com\/ar\/wp-json\/wp\/v2\/pages\/6"}],"collection":[{"href":"https:\/\/www.absglobal.com\/ar\/wp-json\/wp\/v2\/pages"}],"about":[{"href":"https:\/\/www.absglobal.com\/ar\/wp-json\/wp\/v2\/types\/page"}],"author":[{"embeddable":true,"href":"https:\/\/www.absglobal.com\/ar\/wp-json\/wp\/v2\/users\/10"}],"replies":[{"embeddable":true,"href":"https:\/\/www.absglobal.com\/ar\/wp-json\/wp\/v2\/comments?post=6"}],"version-history":[{"count":273,"href":"https:\/\/www.absglobal.com\/ar\/wp-json\/wp\/v2\/pages\/6\/revisions"}],"predecessor-version":[{"id":4838,"href":"https:\/\/www.absglobal.com\/ar\/wp-json\/wp\/v2\/pages\/6\/revisions\/4838"}],"wp:attachment":[{"href":"https:\/\/www.absglobal.com\/ar\/wp-json\/wp\/v2\/media?parent=6"}],"curies":[{"name":"wp","href":"https:\/\/api.w.org\/{rel}","templated":true}]}}