{"id":11078,"date":"2024-12-19T23:26:55","date_gmt":"2024-12-20T04:26:55","guid":{"rendered":"https:\/\/www.absglobal.com\/br\/?page_id=11078"},"modified":"2025-01-03T14:35:21","modified_gmt":"2025-01-03T19:35:21","slug":"nossa-estrutura","status":"publish","type":"page","link":"https:\/\/www.absglobal.com\/br\/nossa-estrutura\/","title":{"rendered":"Nossa Estrutura"},"content":{"rendered":"\n<h2 class=\"wp-block-heading has-text-align-center is-style-underline\" id=\"nossa-estrutura-abs\" style=\"font-size:30px\">Infraestrutura de ponta para m\u00e1xima efici\u00eancia<\/h2>\n\n\n\n<p>Localizada em Uberaba, Minas Gerais, a sede da ABS no Brasil \u00e9 a maior central de biotecnologia reprodutiva do mundo. Nossa localiza\u00e7\u00e3o estrat\u00e9gica facilita a log\u00edstica para atender clientes de todas as regi\u00f5es do pa\u00eds, garantindo uma distribui\u00e7\u00e3o eficiente de s\u00eamen e embri\u00f5es.<\/p>\n\n\n\n<p><strong>A empresa foi pioneira ao oferecer, em um s\u00f3 lugar:<\/strong><\/p>\n\n\n\n<ul class=\"wp-block-list\">\n<li><strong>Laborat\u00f3rios especializados em s\u00eamen convencional, gen\u00e9tica sexada e embri\u00f5es<\/strong><\/li>\n\n\n\n<li><strong>\u00c1rea de produ\u00e7\u00e3o de touros<\/strong><\/li>\n\n\n\n<li><strong>Um n\u00facleo exclusivo de doadoras superiores<\/strong><\/li>\n<\/ul>\n\n\n\n<p>O espa\u00e7o de 150 hectares tamb\u00e9m abriga nossos touros melhoradores e possui rigorosos padr\u00f5es de biosseguran\u00e7a. Prezando sempre pelo bem-estar e sa\u00fade dos animais, nossas instala\u00e7\u00f5es, manejo, nutri\u00e7\u00e3o e assist\u00eancia veterin\u00e1ria s\u00e3o cuidadosamente planejados e projetados para garantir o m\u00e1ximo conforto, seguindo padr\u00f5es internacionais.<\/p>\n\n\n\n<p>Assim, garantimos que os animais estejam bem e saud\u00e1veis e possibilitamos que todos alcancem o melhor potencial de produ\u00e7\u00e3o.<\/p>\n\n\n\n<div style=\"height:20px\" aria-hidden=\"true\" class=\"wp-block-spacer\"><\/div>\n\n\n\n<figure class=\"wp-block-image alignfull size-large\"><img fetchpriority=\"high\" decoding=\"async\" height=\"337\" width=\"1024\" src=\"https:\/\/www.absglobal.com\/br\/wp-content\/uploads\/sites\/16\/2024\/12\/nossa-estrutura-abs.png?w=1024\" alt=\"\" class=\"wp-image-12090\" srcset=\"https:\/\/www.absglobal.com\/br\/wp-content\/uploads\/sites\/16\/2024\/12\/nossa-estrutura-abs.png 1600w, https:\/\/www.absglobal.com\/br\/wp-content\/uploads\/sites\/16\/2024\/12\/nossa-estrutura-abs.png?resize=300,99 300w, https:\/\/www.absglobal.com\/br\/wp-content\/uploads\/sites\/16\/2024\/12\/nossa-estrutura-abs.png?resize=768,253 768w, https:\/\/www.absglobal.com\/br\/wp-content\/uploads\/sites\/16\/2024\/12\/nossa-estrutura-abs.png?resize=1024,337 1024w, https:\/\/www.absglobal.com\/br\/wp-content\/uploads\/sites\/16\/2024\/12\/nossa-estrutura-abs.png?resize=1536,506 1536w\" sizes=\"(max-width: 1024px) 100vw, 1024px\" \/><\/figure>\n\n\n\n<div style=\"height:40px\" aria-hidden=\"true\" class=\"wp-block-spacer\"><\/div>\n\n\n\n<h2 class=\"wp-block-heading has-text-align-center is-style-underline has-x-large-font-size\" id=\"nossos-laboratorios-abs\">Nossos Laborat\u00f3rios<\/h2>\n\n\n<div class=\"wp-block-image is-style-default\">\n<figure class=\"aligncenter size-large\"><img decoding=\"async\" height=\"342\" width=\"1024\" src=\"https:\/\/www.absglobal.com\/br\/wp-content\/uploads\/sites\/16\/2024\/12\/laboratorio-abs-convencional.png?w=1024\" alt=\"\" class=\"wp-image-12594\" srcset=\"https:\/\/www.absglobal.com\/br\/wp-content\/uploads\/sites\/16\/2024\/12\/laboratorio-abs-convencional.png 2048w, https:\/\/www.absglobal.com\/br\/wp-content\/uploads\/sites\/16\/2024\/12\/laboratorio-abs-convencional.png?resize=300,100 300w, https:\/\/www.absglobal.com\/br\/wp-content\/uploads\/sites\/16\/2024\/12\/laboratorio-abs-convencional.png?resize=768,256 768w, https:\/\/www.absglobal.com\/br\/wp-content\/uploads\/sites\/16\/2024\/12\/laboratorio-abs-convencional.png?resize=1024,342 1024w, https:\/\/www.absglobal.com\/br\/wp-content\/uploads\/sites\/16\/2024\/12\/laboratorio-abs-convencional.png?resize=1536,512 1536w\" sizes=\"(max-width: 1024px) 100vw, 1024px\" \/><figcaption class=\"wp-element-caption\">Possui 450 m\u00b2 e tem capacidade para produ\u00e7\u00e3o de 2 milh\u00f5es de doses por ano.<\/figcaption><\/figure><\/div>\n\n\n<p class=\"has-medium-font-size\"><strong>Produ\u00e7\u00e3o de S\u00eamen Convencional<\/strong><\/p>\n\n\n\n<p>A Central de Produ\u00e7\u00e3o de S\u00eamen Convencional da ABS \u00e9 refer\u00eancia em tecnologia e qualidade no mercado. Produzimos doses de s\u00eamen dos touros que fazem parte da nossa seleta bateria e as distribu\u00edmos para todo o Brasil.<\/p>\n\n\n\n<p>Nossa produ\u00e7\u00e3o segue rigorosos controles de qualidade, conduzidos por t\u00e9cnicos altamente capacitados e com o apoio de tecnologias e equipamentos de \u00faltima gera\u00e7\u00e3o. Dessa forma, garantimos ao pecuarista n\u00e3o apenas o melhor material gen\u00e9tico, mas tamb\u00e9m um produto que entrega resultados superiores em termos de fertilidade.<\/p>\n\n\n\n<div style=\"height:40px\" aria-hidden=\"true\" class=\"wp-block-spacer\"><\/div>\n\n\n\n<hr class=\"wp-block-separator has-alpha-channel-opacity has-very-light-gray-to-cyan-bluish-gray-gradient-background has-background is-style-default\" \/>\n\n\n<div class=\"wp-block-image\">\n<figure class=\"aligncenter size-large\"><img decoding=\"async\" height=\"342\" width=\"1024\" src=\"https:\/\/www.absglobal.com\/br\/wp-content\/uploads\/sites\/16\/2024\/12\/laboratorio-abs-inteligen.png?w=1024\" alt=\"\" class=\"wp-image-12596\" srcset=\"https:\/\/www.absglobal.com\/br\/wp-content\/uploads\/sites\/16\/2024\/12\/laboratorio-abs-inteligen.png 2048w, https:\/\/www.absglobal.com\/br\/wp-content\/uploads\/sites\/16\/2024\/12\/laboratorio-abs-inteligen.png?resize=300,100 300w, https:\/\/www.absglobal.com\/br\/wp-content\/uploads\/sites\/16\/2024\/12\/laboratorio-abs-inteligen.png?resize=768,256 768w, https:\/\/www.absglobal.com\/br\/wp-content\/uploads\/sites\/16\/2024\/12\/laboratorio-abs-inteligen.png?resize=1024,342 1024w, https:\/\/www.absglobal.com\/br\/wp-content\/uploads\/sites\/16\/2024\/12\/laboratorio-abs-inteligen.png?resize=1536,512 1536w\" sizes=\"(max-width: 1024px) 100vw, 1024px\" \/><figcaption class=\"wp-element-caption\">\u00c1rea de 460 m\u00b2 com capacidade de produzir 200 mil doses por ano.<\/figcaption><\/figure><\/div>\n\n\n<h4 class=\"wp-block-heading\" id=\"h-laboratorio-de-genetica-sexada-sexcel\"><strong>Laborat\u00f3rio de Gen\u00e9tica Sexada Sexcel\u00ae<\/strong><\/h4>\n\n\n\n<p>A ABS realiza um procedimento pioneiro no mercado para produzir s\u00eamen sexado, o Sexcel.<br>Desenvolvido com a tecnologia IntelliGen, que impacta menos as c\u00e9lulas durante o processo de sexagem, o Sexcel da ABS entrega gen\u00e9tica sexada mais lucrativa aliada a uma fertilidade superior para atingir elevadas taxas de concep\u00e7\u00e3o.<\/p>\n\n\n\n<p><em>Saiba mais sobre o <strong>Sexcel Corte<\/strong> e o <strong>Sexcel Leite<\/strong>.<br><\/em><\/p>\n\n\n\n<div style=\"height:40px\" aria-hidden=\"true\" class=\"wp-block-spacer\"><\/div>\n\n\n\n<hr class=\"wp-block-separator has-alpha-channel-opacity has-very-light-gray-to-cyan-bluish-gray-gradient-background has-background is-style-default\" \/>\n\n\n<div class=\"wp-block-image\">\n<figure class=\"aligncenter size-large\"><img loading=\"lazy\" decoding=\"async\" height=\"341\" width=\"1024\" src=\"https:\/\/www.absglobal.com\/br\/wp-content\/uploads\/sites\/16\/2024\/12\/laboratorio-embrioes-abs.png?w=1024\" alt=\"\" class=\"wp-image-12106\" srcset=\"https:\/\/www.absglobal.com\/br\/wp-content\/uploads\/sites\/16\/2024\/12\/laboratorio-embrioes-abs.png 3840w, https:\/\/www.absglobal.com\/br\/wp-content\/uploads\/sites\/16\/2024\/12\/laboratorio-embrioes-abs.png?resize=300,100 300w, https:\/\/www.absglobal.com\/br\/wp-content\/uploads\/sites\/16\/2024\/12\/laboratorio-embrioes-abs.png?resize=768,256 768w, https:\/\/www.absglobal.com\/br\/wp-content\/uploads\/sites\/16\/2024\/12\/laboratorio-embrioes-abs.png?resize=1024,341 1024w, https:\/\/www.absglobal.com\/br\/wp-content\/uploads\/sites\/16\/2024\/12\/laboratorio-embrioes-abs.png?resize=1536,512 1536w, https:\/\/www.absglobal.com\/br\/wp-content\/uploads\/sites\/16\/2024\/12\/laboratorio-embrioes-abs.png?resize=2048,683 2048w\" sizes=\"(max-width: 1024px) 100vw, 1024px\" \/><figcaption class=\"wp-element-caption\">Capacidade de produ\u00e7\u00e3o de 220.000 embri\u00f5es por ano<\/figcaption><\/figure><\/div>\n\n\n<h4 class=\"wp-block-heading\"><strong>Laborat\u00f3rio de Embri\u00f5es<\/strong><\/h4>\n\n\n\n<p>Os Laborat\u00f3rios de Embri\u00f5es da ABS utilizam tecnologias de ponta para produzir embri\u00f5es de qualidade superior.<\/p>\n\n\n\n<p>No Brasil, os embri\u00f5es da Linha NEO da ABS s\u00e3o produzidos em 14 laborat\u00f3rios afiliados e tr\u00eas laborat\u00f3rios pr\u00f3prios. Aproximadamente 70% da produ\u00e7\u00e3o total de embri\u00f5es ocorre no laborat\u00f3rio de Minas Gerais pertencente \u00e0 empresa.<\/p>\n\n\n\n<p>Cada embri\u00e3o \u00e9 produzido e selecionado com rigorosos padr\u00f5es de biosseguran\u00e7a e qualidade gen\u00e9tica, garantindo aos pecuaristas a oportunidade de acelerar o progresso de seus rebanhos, avan\u00e7ando o equivalente a cinco gera\u00e7\u00f5es em apenas uma.<\/p>\n\n\n\n<p><em>Saiba mais sobre o <strong>ABS NEO<\/strong> e o <strong>ABS NEO Nelore<\/strong> para rebanho de corte, <strong>ABS NEO<\/strong> e <strong>ABS NEO Premium <\/strong>para rebanho de leite e <strong>IVB NEO.<\/strong><\/em><br><\/p>\n\n\n\n<div style=\"height:40px\" aria-hidden=\"true\" id=\"nucleo-neo-abs\" class=\"wp-block-spacer\"><\/div>\n\n\n\n<hr class=\"wp-block-separator has-alpha-channel-opacity has-very-light-gray-to-cyan-bluish-gray-gradient-background has-background is-style-default\" \/>\n\n\n<div class=\"wp-block-image\">\n<figure class=\"aligncenter size-large\"><img loading=\"lazy\" decoding=\"async\" width=\"200\" height=\"98\" src=\"https:\/\/www.absglobal.com\/br\/wp-content\/uploads\/sites\/16\/2020\/04\/nucleoneo1.png?w=200\" alt=\"\" class=\"wp-image-2837\" \/><\/figure><\/div>\n\n<div class=\"wp-block-image\">\n<figure class=\"aligncenter size-large\"><img loading=\"lazy\" decoding=\"async\" height=\"357\" width=\"1024\" src=\"https:\/\/www.absglobal.com\/br\/wp-content\/uploads\/sites\/16\/2024\/12\/Nucleo-Neo_.png?w=1024\" alt=\"\" class=\"wp-image-12658\" srcset=\"https:\/\/www.absglobal.com\/br\/wp-content\/uploads\/sites\/16\/2024\/12\/Nucleo-Neo_.png 1644w, https:\/\/www.absglobal.com\/br\/wp-content\/uploads\/sites\/16\/2024\/12\/Nucleo-Neo_.png?resize=300,105 300w, https:\/\/www.absglobal.com\/br\/wp-content\/uploads\/sites\/16\/2024\/12\/Nucleo-Neo_.png?resize=768,268 768w, https:\/\/www.absglobal.com\/br\/wp-content\/uploads\/sites\/16\/2024\/12\/Nucleo-Neo_.png?resize=1024,357 1024w, https:\/\/www.absglobal.com\/br\/wp-content\/uploads\/sites\/16\/2024\/12\/Nucleo-Neo_.png?resize=1536,535 1536w\" sizes=\"(max-width: 1024px) 100vw, 1024px\" \/><\/figure><\/div>\n\n\n<h4 class=\"wp-block-heading\" id=\"h-nucleo-neo\"><strong>N\u00facleo NEO<\/strong><\/h4>\n\n\n\n<p>O N\u00facleo NEO \u00e9 um rebanho de doadoras com elevado valor gen\u00e9tico meticulosamente selecionadas pela ABS para a produ\u00e7\u00e3o de embri\u00f5es destinados ao mercado nacional e internacional.<\/p>\n\n\n\n<p>Al\u00e9m de ter um alto padr\u00e3o de biosseguran\u00e7a, a estrutura do N\u00facleo NEO tem capacidade para receber 150 f\u00eameas taurinas no sistema de compost barn e outras 150 f\u00eameas zebu\u00ednas em piquetes.<\/p>\n\n\n\n<div style=\"height:40px\" aria-hidden=\"true\" class=\"wp-block-spacer\"><\/div>\n\n\n\n<h2 class=\"wp-block-heading has-text-align-center is-style-underline has-large-font-size\" id=\"tour-pela-abs\">FA\u00c7A UM TOUR PELA ABS<\/h2>\n\n\n\n<figure class=\"wp-block-embed aligncenter is-type-video is-provider-youtube wp-block-embed-youtube wp-embed-aspect-16-9 wp-has-aspect-ratio\"><div class=\"wp-block-embed__wrapper\">\n<iframe title=\"Tour pela ABS\" width=\"500\" height=\"281\" src=\"https:\/\/www.youtube.com\/embed\/Rg65u2q_uDc?feature=oembed\" frameborder=\"0\" allow=\"accelerometer; autoplay; clipboard-write; encrypted-media; gyroscope; picture-in-picture; web-share\" referrerpolicy=\"strict-origin-when-cross-origin\" allowfullscreen><\/iframe>\n<\/div><\/figure>\n\n\n\n<div style=\"height:40px\" aria-hidden=\"true\" class=\"wp-block-spacer\"><\/div>\n\n\n\n<div class=\"wp-block-buttons is-content-justification-center is-layout-flex wp-container-core-buttons-is-layout-1 wp-block-buttons-is-layout-flex\">\n<div class=\"wp-block-button has-custom-width wp-block-button__width-100 has-custom-font-size\" style=\"font-size:17px\"><a class=\"wp-block-button__link wp-element-button\" href=\"https:\/\/www.absglobal.com\/br\/visita-central-abs\/#:~:text=O%20agendamento%20das%20visitas%20%C3%A9,da%20Covid%2D19%20(Termo)%3B\" style=\"border-radius:5px\"><strong>Agende sua visita \u00e0 Central! <\/strong><\/a><\/div>\n<\/div>\n","protected":false},"excerpt":{"rendered":"<p>Infraestrutura de ponta para m\u00e1xima efici\u00eancia Localizada em Uberaba, Minas Gerais, a sede da ABS no Brasil \u00e9 a maior central de biotecnologia reprodutiva do mundo. Nossa localiza\u00e7\u00e3o estrat\u00e9gica facilita a log\u00edstica para atender clientes de todas as regi\u00f5es do pa\u00eds, garantindo uma distribui\u00e7\u00e3o eficiente de s\u00eamen e embri\u00f5es. A empresa foi pioneira ao oferecer, [&hellip;]<\/p>\n","protected":false},"author":12972,"featured_media":0,"parent":0,"menu_order":0,"comment_status":"closed","ping_status":"closed","template":"","meta":{"_acf_changed":false,"content-type":"","footnotes":""},"class_list":["post-11078","page","type-page","status-publish","hentry"],"acf":[],"yoast_head":"<!-- This site is optimized with the Yoast SEO Premium plugin v25.6 (Yoast SEO v25.6) - https:\/\/yoast.com\/wordpress\/plugins\/seo\/ -->\n<title>Nossa Estrutura | ABS<\/title>\n<meta name=\"description\" content=\"Conhe\u00e7a a Central ABS, maior e mais moderna central de biotecnologia do mundo\" \/>\n<meta name=\"robots\" content=\"index, follow, max-snippet:-1, max-image-preview:large, max-video-preview:-1\" \/>\n<link rel=\"canonical\" href=\"https:\/\/www.absglobal.com\/br\/nossa-estrutura\/\" \/>\n<meta property=\"og:locale\" content=\"pt_BR\" \/>\n<meta property=\"og:type\" content=\"article\" \/>\n<meta property=\"og:title\" content=\"Nossa Estrutura\" \/>\n<meta property=\"og:description\" content=\"Conhe\u00e7a a Central ABS, maior e mais moderna central de biotecnologia do mundo\" \/>\n<meta property=\"og:url\" content=\"https:\/\/www.absglobal.com\/br\/nossa-estrutura\/\" \/>\n<meta property=\"og:site_name\" content=\"ABS Global Brasil\" \/>\n<meta property=\"article:modified_time\" content=\"2025-01-03T19:35:21+00:00\" \/>\n<meta property=\"og:image\" content=\"https:\/\/www.absglobal.com\/br\/wp-content\/uploads\/sites\/16\/2024\/12\/nossa-estrutura-abs.png?w=1024\" \/>\n<meta name=\"twitter:card\" content=\"summary_large_image\" \/>\n<meta name=\"twitter:label1\" content=\"Est. reading time\" \/>\n\t<meta name=\"twitter:data1\" content=\"5 minutos\" \/>\n<script type=\"application\/ld+json\" class=\"yoast-schema-graph\">{\"@context\":\"https:\/\/schema.org\",\"@graph\":[{\"@type\":\"WebPage\",\"@id\":\"https:\/\/www.absglobal.com\/br\/nossa-estrutura\/\",\"url\":\"https:\/\/www.absglobal.com\/br\/nossa-estrutura\/\",\"name\":\"Nossa Estrutura | ABS\",\"isPartOf\":{\"@id\":\"https:\/\/www.absglobal.com\/br\/#website\"},\"primaryImageOfPage\":{\"@id\":\"https:\/\/www.absglobal.com\/br\/nossa-estrutura\/#primaryimage\"},\"image\":{\"@id\":\"https:\/\/www.absglobal.com\/br\/nossa-estrutura\/#primaryimage\"},\"thumbnailUrl\":\"https:\/\/www.absglobal.com\/br\/wp-content\/uploads\/sites\/16\/2024\/12\/nossa-estrutura-abs.png?w=1024\",\"datePublished\":\"2024-12-20T04:26:55+00:00\",\"dateModified\":\"2025-01-03T19:35:21+00:00\",\"description\":\"Conhe\u00e7a a Central ABS, maior e mais moderna central de biotecnologia do mundo\",\"breadcrumb\":{\"@id\":\"https:\/\/www.absglobal.com\/br\/nossa-estrutura\/#breadcrumb\"},\"inLanguage\":\"pt-BR\",\"potentialAction\":[{\"@type\":\"ReadAction\",\"target\":[\"https:\/\/www.absglobal.com\/br\/nossa-estrutura\/\"]}]},{\"@type\":\"ImageObject\",\"inLanguage\":\"pt-BR\",\"@id\":\"https:\/\/www.absglobal.com\/br\/nossa-estrutura\/#primaryimage\",\"url\":\"https:\/\/www.absglobal.com\/br\/wp-content\/uploads\/sites\/16\/2024\/12\/nossa-estrutura-abs.png\",\"contentUrl\":\"https:\/\/www.absglobal.com\/br\/wp-content\/uploads\/sites\/16\/2024\/12\/nossa-estrutura-abs.png\",\"width\":1600,\"height\":527},{\"@type\":\"BreadcrumbList\",\"@id\":\"https:\/\/www.absglobal.com\/br\/nossa-estrutura\/#breadcrumb\",\"itemListElement\":[{\"@type\":\"ListItem\",\"position\":1,\"name\":\"Home\",\"item\":\"https:\/\/www.absglobal.com\/br\/\"},{\"@type\":\"ListItem\",\"position\":2,\"name\":\"Nossa Estrutura\"}]},{\"@type\":\"WebSite\",\"@id\":\"https:\/\/www.absglobal.com\/br\/#website\",\"url\":\"https:\/\/www.absglobal.com\/br\/\",\"name\":\"ABS Global Brasil\",\"description\":\"\",\"publisher\":{\"@id\":\"https:\/\/www.absglobal.com\/br\/#organization\"},\"potentialAction\":[{\"@type\":\"SearchAction\",\"target\":{\"@type\":\"EntryPoint\",\"urlTemplate\":\"https:\/\/www.absglobal.com\/br\/?s={search_term_string}\"},\"query-input\":{\"@type\":\"PropertyValueSpecification\",\"valueRequired\":true,\"valueName\":\"search_term_string\"}}],\"inLanguage\":\"pt-BR\"},{\"@type\":\"Organization\",\"@id\":\"https:\/\/www.absglobal.com\/br\/#organization\",\"name\":\"ABS Global Brasil\",\"url\":\"https:\/\/www.absglobal.com\/br\/\",\"logo\":{\"@type\":\"ImageObject\",\"inLanguage\":\"pt-BR\",\"@id\":\"https:\/\/www.absglobal.com\/br\/#\/schema\/logo\/image\/\",\"url\":\"https:\/\/www.absglobal.com\/br\/wp-content\/uploads\/sites\/16\/2020\/03\/LogoRGB.png\",\"contentUrl\":\"https:\/\/www.absglobal.com\/br\/wp-content\/uploads\/sites\/16\/2020\/03\/LogoRGB.png\",\"width\":872,\"height\":1080,\"caption\":\"ABS Global Brasil \"},\"image\":{\"@id\":\"https:\/\/www.absglobal.com\/br\/#\/schema\/logo\/image\/\"}}]}<\/script>\n<!-- \/ Yoast SEO Premium plugin. -->","yoast_head_json":{"title":"Nossa Estrutura | ABS","description":"Conhe\u00e7a a Central ABS, maior e mais moderna central de biotecnologia do mundo","robots":{"index":"index","follow":"follow","max-snippet":"max-snippet:-1","max-image-preview":"max-image-preview:large","max-video-preview":"max-video-preview:-1"},"canonical":"https:\/\/www.absglobal.com\/br\/nossa-estrutura\/","og_locale":"pt_BR","og_type":"article","og_title":"Nossa Estrutura","og_description":"Conhe\u00e7a a Central ABS, maior e mais moderna central de biotecnologia do mundo","og_url":"https:\/\/www.absglobal.com\/br\/nossa-estrutura\/","og_site_name":"ABS Global Brasil","article_modified_time":"2025-01-03T19:35:21+00:00","og_image":[{"url":"https:\/\/www.absglobal.com\/br\/wp-content\/uploads\/sites\/16\/2024\/12\/nossa-estrutura-abs.png?w=1024","type":"","width":"","height":""}],"twitter_card":"summary_large_image","twitter_misc":{"Est. reading time":"5 minutos"},"schema":{"@context":"https:\/\/schema.org","@graph":[{"@type":"WebPage","@id":"https:\/\/www.absglobal.com\/br\/nossa-estrutura\/","url":"https:\/\/www.absglobal.com\/br\/nossa-estrutura\/","name":"Nossa Estrutura | ABS","isPartOf":{"@id":"https:\/\/www.absglobal.com\/br\/#website"},"primaryImageOfPage":{"@id":"https:\/\/www.absglobal.com\/br\/nossa-estrutura\/#primaryimage"},"image":{"@id":"https:\/\/www.absglobal.com\/br\/nossa-estrutura\/#primaryimage"},"thumbnailUrl":"https:\/\/www.absglobal.com\/br\/wp-content\/uploads\/sites\/16\/2024\/12\/nossa-estrutura-abs.png?w=1024","datePublished":"2024-12-20T04:26:55+00:00","dateModified":"2025-01-03T19:35:21+00:00","description":"Conhe\u00e7a a Central ABS, maior e mais moderna central de biotecnologia do mundo","breadcrumb":{"@id":"https:\/\/www.absglobal.com\/br\/nossa-estrutura\/#breadcrumb"},"inLanguage":"pt-BR","potentialAction":[{"@type":"ReadAction","target":["https:\/\/www.absglobal.com\/br\/nossa-estrutura\/"]}]},{"@type":"ImageObject","inLanguage":"pt-BR","@id":"https:\/\/www.absglobal.com\/br\/nossa-estrutura\/#primaryimage","url":"https:\/\/www.absglobal.com\/br\/wp-content\/uploads\/sites\/16\/2024\/12\/nossa-estrutura-abs.png","contentUrl":"https:\/\/www.absglobal.com\/br\/wp-content\/uploads\/sites\/16\/2024\/12\/nossa-estrutura-abs.png","width":1600,"height":527},{"@type":"BreadcrumbList","@id":"https:\/\/www.absglobal.com\/br\/nossa-estrutura\/#breadcrumb","itemListElement":[{"@type":"ListItem","position":1,"name":"Home","item":"https:\/\/www.absglobal.com\/br\/"},{"@type":"ListItem","position":2,"name":"Nossa Estrutura"}]},{"@type":"WebSite","@id":"https:\/\/www.absglobal.com\/br\/#website","url":"https:\/\/www.absglobal.com\/br\/","name":"ABS Global Brasil","description":"","publisher":{"@id":"https:\/\/www.absglobal.com\/br\/#organization"},"potentialAction":[{"@type":"SearchAction","target":{"@type":"EntryPoint","urlTemplate":"https:\/\/www.absglobal.com\/br\/?s={search_term_string}"},"query-input":{"@type":"PropertyValueSpecification","valueRequired":true,"valueName":"search_term_string"}}],"inLanguage":"pt-BR"},{"@type":"Organization","@id":"https:\/\/www.absglobal.com\/br\/#organization","name":"ABS Global Brasil","url":"https:\/\/www.absglobal.com\/br\/","logo":{"@type":"ImageObject","inLanguage":"pt-BR","@id":"https:\/\/www.absglobal.com\/br\/#\/schema\/logo\/image\/","url":"https:\/\/www.absglobal.com\/br\/wp-content\/uploads\/sites\/16\/2020\/03\/LogoRGB.png","contentUrl":"https:\/\/www.absglobal.com\/br\/wp-content\/uploads\/sites\/16\/2020\/03\/LogoRGB.png","width":872,"height":1080,"caption":"ABS Global Brasil "},"image":{"@id":"https:\/\/www.absglobal.com\/br\/#\/schema\/logo\/image\/"}}]}},"_links":{"self":[{"href":"https:\/\/www.absglobal.com\/br\/wp-json\/wp\/v2\/pages\/11078"}],"collection":[{"href":"https:\/\/www.absglobal.com\/br\/wp-json\/wp\/v2\/pages"}],"about":[{"href":"https:\/\/www.absglobal.com\/br\/wp-json\/wp\/v2\/types\/page"}],"author":[{"embeddable":true,"href":"https:\/\/www.absglobal.com\/br\/wp-json\/wp\/v2\/users\/12972"}],"replies":[{"embeddable":true,"href":"https:\/\/www.absglobal.com\/br\/wp-json\/wp\/v2\/comments?post=11078"}],"version-history":[{"count":55,"href":"https:\/\/www.absglobal.com\/br\/wp-json\/wp\/v2\/pages\/11078\/revisions"}],"predecessor-version":[{"id":12952,"href":"https:\/\/www.absglobal.com\/br\/wp-json\/wp\/v2\/pages\/11078\/revisions\/12952"}],"wp:attachment":[{"href":"https:\/\/www.absglobal.com\/br\/wp-json\/wp\/v2\/media?parent=11078"}],"curies":[{"name":"wp","href":"https:\/\/api.w.org\/{rel}","templated":true}]}}