{"id":12140,"date":"2024-12-19T23:54:31","date_gmt":"2024-12-20T04:54:31","guid":{"rendered":"https:\/\/www.absglobal.com\/br\/?page_id=12140"},"modified":"2025-01-21T12:20:58","modified_gmt":"2025-01-21T17:20:58","slug":"visita-central-abs","status":"publish","type":"page","link":"https:\/\/www.absglobal.com\/br\/visita-central-abs\/","title":{"rendered":"Visite a Central ABS"},"content":{"rendered":"\n<p>Conhe\u00e7a de perto a maior central de biotecnologia do mundo e descubra como a ABS est\u00e1 revolucionando o futuro da pecu\u00e1ria. Agende sua visita \u00e0 nossa sede em Uberaba, Minas Gerais, e veja de perto os melhores touros do mercado, al\u00e9m de nossa estrutura de ponta.<\/p>\n\n\n\n<div style=\"height:20px\" aria-hidden=\"true\" class=\"wp-block-spacer\"><\/div>\n\n\n\n<figure class=\"wp-block-image size-large\"><img fetchpriority=\"high\" decoding=\"async\" height=\"275\" width=\"1024\" src=\"https:\/\/www.absglobal.com\/br\/wp-content\/uploads\/sites\/16\/2024\/12\/Ilustracao_Visita.png?w=1024\" alt=\"\" class=\"wp-image-12173\" srcset=\"https:\/\/www.absglobal.com\/br\/wp-content\/uploads\/sites\/16\/2024\/12\/Ilustracao_Visita.png 2209w, https:\/\/www.absglobal.com\/br\/wp-content\/uploads\/sites\/16\/2024\/12\/Ilustracao_Visita.png?resize=300,81 300w, https:\/\/www.absglobal.com\/br\/wp-content\/uploads\/sites\/16\/2024\/12\/Ilustracao_Visita.png?resize=768,207 768w, https:\/\/www.absglobal.com\/br\/wp-content\/uploads\/sites\/16\/2024\/12\/Ilustracao_Visita.png?resize=1024,275 1024w, https:\/\/www.absglobal.com\/br\/wp-content\/uploads\/sites\/16\/2024\/12\/Ilustracao_Visita.png?resize=1536,413 1536w, https:\/\/www.absglobal.com\/br\/wp-content\/uploads\/sites\/16\/2024\/12\/Ilustracao_Visita.png?resize=2048,551 2048w\" sizes=\"(max-width: 1024px) 100vw, 1024px\" \/><\/figure>\n\n\n\n<h2 class=\"wp-block-heading is-style-default has-medium-font-size\" id=\"h-confira-o-funcionamento-das-visitas\"><strong>Confira o funcionamento das visitas:<\/strong><\/h2>\n\n\n\n<ul class=\"wp-block-list\">\n<li><a href=\"https:\/\/api.whatsapp.com\/send?phone=553433195400&amp;text=Ol%C3%A1!%20Gostaria%20de%20agendar%20uma%20visita%20na%20ABS\" target=\"_blank\" rel=\"noreferrer noopener\"><strong>O agendamento deve ser feito por meio deste link. <\/strong><\/a><\/li>\n\n\n\n<li>Os hor\u00e1rios de agendamento seguem a disponibilidade dos Coordenadores de Produtos e Atendimento ao Cliente, respons\u00e1veis pelas visitas<\/li>\n\n\n\n<li>\u00c9 obrigat\u00f3rio o uso botas pl\u00e1sticas em visita\u00e7\u00e3o aos touros<\/li>\n<\/ul>\n\n\n\t\t<section id=\"\" class=\"alignwide section-wrapper section-wrapper-fluid section-wrapper-banner\" data-magellan-target=\"\">\n\t\t\t\t\t\t\t\t\t\t<div class=\"section-wrapper-overlay\"><\/div>\n\t\t\t\t\t\t<div class=\"section-wrapper-inner\">\n\t\t\t\t<article class=\"article \">\n\t\t\t\t\t\t\t\t\t\t\t<h2 class=\"section-title-main\">Seja muito bem-vindo \u00e0 ABS!<\/h2>\n\t\t\t\t\t\n\t\t\t\t\t<p style=\"text-align: center\"><a href=\"https:\/\/api.whatsapp.com\/send?phone=553433195400&amp;text=Ol%C3%A1!%20Gostaria%20de%20agendar%20uma%20visita%20na%20ABS\" target=\"_blank\" rel=\"noopener\"><strong>Clique aqui.<\/strong> Ser\u00e1 um prazer receb\u00ea-lo aqui!<\/a><\/p>\n\n\t\t\t\t\t\t\t\t\t<\/article>\n\t\t\t<\/div>\n\t\t<\/section>\n\t\t\n\n\n<p><\/p>\n\n\n\n<h2 class=\"wp-block-heading has-text-align-center is-style-underline has-x-large-font-size\" id=\"h-localizacao\">Localiza\u00e7\u00e3o<\/h2>\n\n\n\n<div class=\"wp-block-columns is-layout-flex wp-container-core-columns-is-layout-1 wp-block-columns-is-layout-flex\">\n<div class=\"wp-block-column is-vertically-aligned-center is-layout-flow wp-block-column-is-layout-flow\">\n<p class=\"has-text-align-center\"><strong>ABS Brasil<br><\/strong>Rodovia BR-050, Km 196 Delta-MG. Caixa Postal 4046 CEP: 38020-300<\/p>\n\n\n<div class=\"wp-block-image\">\n<figure class=\"aligncenter size-full is-resized\"><a href=\"https:\/\/maps.app.goo.gl\/jnZReqp9f3TdUGRV9\"><img decoding=\"async\" width=\"819\" height=\"653\" src=\"https:\/\/www.absglobal.com\/br\/wp-content\/uploads\/sites\/16\/2024\/12\/Localizacao.png\" alt=\"\" class=\"wp-image-12176\" style=\"width:575px;height:auto\" srcset=\"https:\/\/www.absglobal.com\/br\/wp-content\/uploads\/sites\/16\/2024\/12\/Localizacao.png 819w, https:\/\/www.absglobal.com\/br\/wp-content\/uploads\/sites\/16\/2024\/12\/Localizacao.png?resize=300,239 300w, https:\/\/www.absglobal.com\/br\/wp-content\/uploads\/sites\/16\/2024\/12\/Localizacao.png?resize=768,612 768w\" sizes=\"(max-width: 819px) 100vw, 819px\" \/><\/a><\/figure><\/div><\/div>\n<\/div>\n","protected":false},"excerpt":{"rendered":"<p>Conhe\u00e7a de perto a maior central de biotecnologia do mundo e descubra como a ABS est\u00e1 revolucionando o futuro da pecu\u00e1ria. Agende sua visita \u00e0 nossa sede em Uberaba, Minas Gerais, e veja de perto os melhores touros do mercado, al\u00e9m de nossa estrutura de ponta. Confira o funcionamento das visitas: Localiza\u00e7\u00e3o ABS BrasilRodovia BR-050, [&hellip;]<\/p>\n","protected":false},"author":12972,"featured_media":0,"parent":0,"menu_order":0,"comment_status":"closed","ping_status":"closed","template":"","meta":{"_acf_changed":false,"content-type":"","footnotes":""},"class_list":["post-12140","page","type-page","status-publish","hentry"],"acf":[],"yoast_head":"<!-- This site is optimized with the Yoast SEO Premium plugin v25.6 (Yoast SEO v25.6) - https:\/\/yoast.com\/wordpress\/plugins\/seo\/ -->\n<title>Visite a Central ABS<\/title>\n<meta name=\"description\" content=\"Venha conhecer a maior Central ABS, a maior central de biotecnologia do mundo\" \/>\n<meta name=\"robots\" content=\"index, follow, max-snippet:-1, max-image-preview:large, max-video-preview:-1\" \/>\n<link rel=\"canonical\" href=\"https:\/\/www.absglobal.com\/br\/visita-central-abs\/\" \/>\n<meta property=\"og:locale\" content=\"pt_BR\" \/>\n<meta property=\"og:type\" content=\"article\" \/>\n<meta property=\"og:title\" content=\"Visite a Central ABS\" \/>\n<meta property=\"og:description\" content=\"Venha conhecer a maior Central ABS, a maior central de biotecnologia do mundo\" \/>\n<meta property=\"og:url\" content=\"https:\/\/www.absglobal.com\/br\/visita-central-abs\/\" \/>\n<meta property=\"og:site_name\" content=\"ABS Global Brasil\" \/>\n<meta property=\"article:modified_time\" content=\"2025-01-21T17:20:58+00:00\" \/>\n<meta property=\"og:image\" content=\"https:\/\/www.absglobal.com\/br\/wp-content\/uploads\/sites\/16\/2024\/12\/Ilustracao_Visita.png?w=1024\" \/>\n<meta name=\"twitter:card\" content=\"summary_large_image\" \/>\n<meta name=\"twitter:label1\" content=\"Est. reading time\" \/>\n\t<meta name=\"twitter:data1\" content=\"1 minuto\" \/>\n<script type=\"application\/ld+json\" class=\"yoast-schema-graph\">{\"@context\":\"https:\/\/schema.org\",\"@graph\":[{\"@type\":\"WebPage\",\"@id\":\"https:\/\/www.absglobal.com\/br\/visita-central-abs\/\",\"url\":\"https:\/\/www.absglobal.com\/br\/visita-central-abs\/\",\"name\":\"Visite a Central ABS\",\"isPartOf\":{\"@id\":\"https:\/\/www.absglobal.com\/br\/#website\"},\"primaryImageOfPage\":{\"@id\":\"https:\/\/www.absglobal.com\/br\/visita-central-abs\/#primaryimage\"},\"image\":{\"@id\":\"https:\/\/www.absglobal.com\/br\/visita-central-abs\/#primaryimage\"},\"thumbnailUrl\":\"https:\/\/www.absglobal.com\/br\/wp-content\/uploads\/sites\/16\/2024\/12\/Ilustracao_Visita.png?w=1024\",\"datePublished\":\"2024-12-20T04:54:31+00:00\",\"dateModified\":\"2025-01-21T17:20:58+00:00\",\"description\":\"Venha conhecer a maior Central ABS, a maior central de biotecnologia do mundo\",\"breadcrumb\":{\"@id\":\"https:\/\/www.absglobal.com\/br\/visita-central-abs\/#breadcrumb\"},\"inLanguage\":\"pt-BR\",\"potentialAction\":[{\"@type\":\"ReadAction\",\"target\":[\"https:\/\/www.absglobal.com\/br\/visita-central-abs\/\"]}]},{\"@type\":\"ImageObject\",\"inLanguage\":\"pt-BR\",\"@id\":\"https:\/\/www.absglobal.com\/br\/visita-central-abs\/#primaryimage\",\"url\":\"https:\/\/www.absglobal.com\/br\/wp-content\/uploads\/sites\/16\/2024\/12\/Ilustracao_Visita.png\",\"contentUrl\":\"https:\/\/www.absglobal.com\/br\/wp-content\/uploads\/sites\/16\/2024\/12\/Ilustracao_Visita.png\",\"width\":2209,\"height\":594},{\"@type\":\"BreadcrumbList\",\"@id\":\"https:\/\/www.absglobal.com\/br\/visita-central-abs\/#breadcrumb\",\"itemListElement\":[{\"@type\":\"ListItem\",\"position\":1,\"name\":\"Home\",\"item\":\"https:\/\/www.absglobal.com\/br\/\"},{\"@type\":\"ListItem\",\"position\":2,\"name\":\"Visite a Central ABS\"}]},{\"@type\":\"WebSite\",\"@id\":\"https:\/\/www.absglobal.com\/br\/#website\",\"url\":\"https:\/\/www.absglobal.com\/br\/\",\"name\":\"ABS Global Brasil\",\"description\":\"\",\"publisher\":{\"@id\":\"https:\/\/www.absglobal.com\/br\/#organization\"},\"potentialAction\":[{\"@type\":\"SearchAction\",\"target\":{\"@type\":\"EntryPoint\",\"urlTemplate\":\"https:\/\/www.absglobal.com\/br\/?s={search_term_string}\"},\"query-input\":{\"@type\":\"PropertyValueSpecification\",\"valueRequired\":true,\"valueName\":\"search_term_string\"}}],\"inLanguage\":\"pt-BR\"},{\"@type\":\"Organization\",\"@id\":\"https:\/\/www.absglobal.com\/br\/#organization\",\"name\":\"ABS Global Brasil\",\"url\":\"https:\/\/www.absglobal.com\/br\/\",\"logo\":{\"@type\":\"ImageObject\",\"inLanguage\":\"pt-BR\",\"@id\":\"https:\/\/www.absglobal.com\/br\/#\/schema\/logo\/image\/\",\"url\":\"https:\/\/www.absglobal.com\/br\/wp-content\/uploads\/sites\/16\/2020\/03\/LogoRGB.png\",\"contentUrl\":\"https:\/\/www.absglobal.com\/br\/wp-content\/uploads\/sites\/16\/2020\/03\/LogoRGB.png\",\"width\":872,\"height\":1080,\"caption\":\"ABS Global Brasil \"},\"image\":{\"@id\":\"https:\/\/www.absglobal.com\/br\/#\/schema\/logo\/image\/\"}}]}<\/script>\n<!-- \/ Yoast SEO Premium plugin. -->","yoast_head_json":{"title":"Visite a Central ABS","description":"Venha conhecer a maior Central ABS, a maior central de biotecnologia do mundo","robots":{"index":"index","follow":"follow","max-snippet":"max-snippet:-1","max-image-preview":"max-image-preview:large","max-video-preview":"max-video-preview:-1"},"canonical":"https:\/\/www.absglobal.com\/br\/visita-central-abs\/","og_locale":"pt_BR","og_type":"article","og_title":"Visite a Central ABS","og_description":"Venha conhecer a maior Central ABS, a maior central de biotecnologia do mundo","og_url":"https:\/\/www.absglobal.com\/br\/visita-central-abs\/","og_site_name":"ABS Global Brasil","article_modified_time":"2025-01-21T17:20:58+00:00","og_image":[{"url":"https:\/\/www.absglobal.com\/br\/wp-content\/uploads\/sites\/16\/2024\/12\/Ilustracao_Visita.png?w=1024","type":"","width":"","height":""}],"twitter_card":"summary_large_image","twitter_misc":{"Est. reading time":"1 minuto"},"schema":{"@context":"https:\/\/schema.org","@graph":[{"@type":"WebPage","@id":"https:\/\/www.absglobal.com\/br\/visita-central-abs\/","url":"https:\/\/www.absglobal.com\/br\/visita-central-abs\/","name":"Visite a Central ABS","isPartOf":{"@id":"https:\/\/www.absglobal.com\/br\/#website"},"primaryImageOfPage":{"@id":"https:\/\/www.absglobal.com\/br\/visita-central-abs\/#primaryimage"},"image":{"@id":"https:\/\/www.absglobal.com\/br\/visita-central-abs\/#primaryimage"},"thumbnailUrl":"https:\/\/www.absglobal.com\/br\/wp-content\/uploads\/sites\/16\/2024\/12\/Ilustracao_Visita.png?w=1024","datePublished":"2024-12-20T04:54:31+00:00","dateModified":"2025-01-21T17:20:58+00:00","description":"Venha conhecer a maior Central ABS, a maior central de biotecnologia do mundo","breadcrumb":{"@id":"https:\/\/www.absglobal.com\/br\/visita-central-abs\/#breadcrumb"},"inLanguage":"pt-BR","potentialAction":[{"@type":"ReadAction","target":["https:\/\/www.absglobal.com\/br\/visita-central-abs\/"]}]},{"@type":"ImageObject","inLanguage":"pt-BR","@id":"https:\/\/www.absglobal.com\/br\/visita-central-abs\/#primaryimage","url":"https:\/\/www.absglobal.com\/br\/wp-content\/uploads\/sites\/16\/2024\/12\/Ilustracao_Visita.png","contentUrl":"https:\/\/www.absglobal.com\/br\/wp-content\/uploads\/sites\/16\/2024\/12\/Ilustracao_Visita.png","width":2209,"height":594},{"@type":"BreadcrumbList","@id":"https:\/\/www.absglobal.com\/br\/visita-central-abs\/#breadcrumb","itemListElement":[{"@type":"ListItem","position":1,"name":"Home","item":"https:\/\/www.absglobal.com\/br\/"},{"@type":"ListItem","position":2,"name":"Visite a Central ABS"}]},{"@type":"WebSite","@id":"https:\/\/www.absglobal.com\/br\/#website","url":"https:\/\/www.absglobal.com\/br\/","name":"ABS Global Brasil","description":"","publisher":{"@id":"https:\/\/www.absglobal.com\/br\/#organization"},"potentialAction":[{"@type":"SearchAction","target":{"@type":"EntryPoint","urlTemplate":"https:\/\/www.absglobal.com\/br\/?s={search_term_string}"},"query-input":{"@type":"PropertyValueSpecification","valueRequired":true,"valueName":"search_term_string"}}],"inLanguage":"pt-BR"},{"@type":"Organization","@id":"https:\/\/www.absglobal.com\/br\/#organization","name":"ABS Global Brasil","url":"https:\/\/www.absglobal.com\/br\/","logo":{"@type":"ImageObject","inLanguage":"pt-BR","@id":"https:\/\/www.absglobal.com\/br\/#\/schema\/logo\/image\/","url":"https:\/\/www.absglobal.com\/br\/wp-content\/uploads\/sites\/16\/2020\/03\/LogoRGB.png","contentUrl":"https:\/\/www.absglobal.com\/br\/wp-content\/uploads\/sites\/16\/2020\/03\/LogoRGB.png","width":872,"height":1080,"caption":"ABS Global Brasil "},"image":{"@id":"https:\/\/www.absglobal.com\/br\/#\/schema\/logo\/image\/"}}]}},"_links":{"self":[{"href":"https:\/\/www.absglobal.com\/br\/wp-json\/wp\/v2\/pages\/12140"}],"collection":[{"href":"https:\/\/www.absglobal.com\/br\/wp-json\/wp\/v2\/pages"}],"about":[{"href":"https:\/\/www.absglobal.com\/br\/wp-json\/wp\/v2\/types\/page"}],"author":[{"embeddable":true,"href":"https:\/\/www.absglobal.com\/br\/wp-json\/wp\/v2\/users\/12972"}],"replies":[{"embeddable":true,"href":"https:\/\/www.absglobal.com\/br\/wp-json\/wp\/v2\/comments?post=12140"}],"version-history":[{"count":35,"href":"https:\/\/www.absglobal.com\/br\/wp-json\/wp\/v2\/pages\/12140\/revisions"}],"predecessor-version":[{"id":13499,"href":"https:\/\/www.absglobal.com\/br\/wp-json\/wp\/v2\/pages\/12140\/revisions\/13499"}],"wp:attachment":[{"href":"https:\/\/www.absglobal.com\/br\/wp-json\/wp\/v2\/media?parent=12140"}],"curies":[{"name":"wp","href":"https:\/\/api.w.org\/{rel}","templated":true}]}}