{"id":1270,"date":"2020-02-18T15:55:07","date_gmt":"2020-02-18T20:55:07","guid":{"rendered":"http:\/\/cms.genusplc.com\/absglobal\/?page_id=1270"},"modified":"2021-12-30T14:11:33","modified_gmt":"2021-12-30T19:11:33","slug":"cookies","status":"publish","type":"page","link":"https:\/\/www.absglobal.com\/br\/cookies\/","title":{"rendered":"Cookies"},"content":{"rendered":"\n<h2 class=\"wp-block-heading\" id=\"h-servi-os-de-cookies\"><strong>Servi\u00e7os de cookies<\/strong><\/h2>\n\n\n\n<p class=\"has-text-align-justify\">Um cookie \u00e9 um pequeno arquivo de texto que seu navegador armazena em seu dispositivo. Os cookies s\u00e3o transferidos para o armazenamento permanente do seu dispositivo quando voc\u00ea visita nosso site para permitir que o site o reconhe\u00e7a quando voc\u00ea visitar nosso site novamente e para nos permitir melhorar seu uso do site.<\/p>\n\n\n\n<p class=\"has-text-align-justify\">Os cookies podem ser cookies tempor\u00e1rios (ou de &#8220;sess\u00e3o&#8221;), que est\u00e3o em uso apenas enquanto voc\u00ea visita nosso site e s\u00e3o exclu\u00eddos quando voc\u00ea fecha o navegador, ou cookies permanentes, que permanecem no armazenamento permanente de seu dispositivo depois que voc\u00ea sai de nosso site at\u00e9 voc\u00ea os excluir manualmente ou o seu navegador os exclui ap\u00f3s um per\u00edodo de tempo.<\/p>\n\n\n\n<p class=\"has-text-align-justify\">Podemos usar cookies tempor\u00e1rios para lembrar de voc\u00ea \u00e0 medida que usa nosso site, mas tamb\u00e9m permitimos que terceiros (por exemplo, Google) usem cookies anal\u00edticos (tempor\u00e1rios e permanentes) em nosso site para compilar informa\u00e7\u00f5es agregadas sobre as \u00e1reas de nosso site que s\u00e3o visitadas com maior frequ\u00eancia.<\/p>\n\n\n\n<p class=\"has-text-align-justify\">A maioria das configura\u00e7\u00f5es do navegador da web s\u00e3o definidas para que voc\u00ea aceite nossos pr\u00f3prios cookies e cookies de terceiros. No entanto, voc\u00ea pode ajustar essas configura\u00e7\u00f5es (em rela\u00e7\u00e3o aos nossos pr\u00f3prios cookies e aos de terceiros) para aceitar os cookies, para solicitar que voc\u00ea aceite ou recuse um cookie cada vez que um \u00e9 enviado, ou para rejeitar todos os cookies imediatamente. Recomendamos que, para a melhor funcionalidade do site, voc\u00ea aceite os nossos pr\u00f3prios cookies e cookies de terceiros. As configura\u00e7\u00f5es do navegador podem ser alteradas na barra de ferramentas.<\/p>\n\n\n\n<p class=\"has-text-align-justify\">Por padr\u00e3o, os cookies est\u00e3o habilitados. Se desejar rejeitar nossos cookies, voc\u00ea pode configurar seu navegador para faz\u00ea-lo, mas esteja ciente de que, se o fizer, algumas funcionalidades do site podem n\u00e3o estar dispon\u00edveis e seu uso do site pode, portanto, ser reduzido.<\/p>\n\n\n\n<p><strong>Nome:<br>Objetivo:<br>Tempo para expira\u00e7\u00e3o:<\/strong><\/p>\n","protected":false},"excerpt":{"rendered":"<p>Servi\u00e7os de cookies Um cookie \u00e9 um pequeno arquivo de texto que seu navegador armazena em seu dispositivo. Os cookies s\u00e3o transferidos para o armazenamento permanente do seu dispositivo quando voc\u00ea visita nosso site para permitir que o site o reconhe\u00e7a quando voc\u00ea visitar nosso site novamente e para nos permitir melhorar seu uso do [&hellip;]<\/p>\n","protected":false},"author":289,"featured_media":0,"parent":0,"menu_order":0,"comment_status":"closed","ping_status":"closed","template":"","meta":{"_acf_changed":false,"content-type":"","footnotes":""},"class_list":["post-1270","page","type-page","status-publish","hentry"],"acf":[],"yoast_head":"<!-- This site is optimized with the Yoast SEO Premium plugin v25.6 (Yoast SEO v25.6) - https:\/\/yoast.com\/wordpress\/plugins\/seo\/ -->\n<title>Cookies - ABS Global Brasil<\/title>\n<meta name=\"robots\" content=\"index, follow, max-snippet:-1, max-image-preview:large, max-video-preview:-1\" \/>\n<link rel=\"canonical\" href=\"https:\/\/www.absglobal.com\/br\/cookies\/\" \/>\n<meta property=\"og:locale\" content=\"pt_BR\" \/>\n<meta property=\"og:type\" content=\"article\" \/>\n<meta property=\"og:title\" content=\"Cookies\" \/>\n<meta property=\"og:description\" content=\"Servi\u00e7os de cookies Um cookie \u00e9 um pequeno arquivo de texto que seu navegador armazena em seu dispositivo. Os cookies s\u00e3o transferidos para o armazenamento permanente do seu dispositivo quando voc\u00ea visita nosso site para permitir que o site o reconhe\u00e7a quando voc\u00ea visitar nosso site novamente e para nos permitir melhorar seu uso do [&hellip;]\" \/>\n<meta property=\"og:url\" content=\"https:\/\/www.absglobal.com\/br\/cookies\/\" \/>\n<meta property=\"og:site_name\" content=\"ABS Global Brasil\" \/>\n<meta property=\"article:modified_time\" content=\"2021-12-30T19:11:33+00:00\" \/>\n<meta name=\"twitter:card\" content=\"summary_large_image\" \/>\n<meta name=\"twitter:label1\" content=\"Est. reading time\" \/>\n\t<meta name=\"twitter:data1\" content=\"2 minutos\" \/>\n<script type=\"application\/ld+json\" class=\"yoast-schema-graph\">{\"@context\":\"https:\/\/schema.org\",\"@graph\":[{\"@type\":\"WebPage\",\"@id\":\"https:\/\/www.absglobal.com\/br\/cookies\/\",\"url\":\"https:\/\/www.absglobal.com\/br\/cookies\/\",\"name\":\"Cookies - ABS Global Brasil\",\"isPartOf\":{\"@id\":\"https:\/\/www.absglobal.com\/br\/#website\"},\"datePublished\":\"2020-02-18T20:55:07+00:00\",\"dateModified\":\"2021-12-30T19:11:33+00:00\",\"breadcrumb\":{\"@id\":\"https:\/\/www.absglobal.com\/br\/cookies\/#breadcrumb\"},\"inLanguage\":\"pt-BR\",\"potentialAction\":[{\"@type\":\"ReadAction\",\"target\":[\"https:\/\/www.absglobal.com\/br\/cookies\/\"]}]},{\"@type\":\"BreadcrumbList\",\"@id\":\"https:\/\/www.absglobal.com\/br\/cookies\/#breadcrumb\",\"itemListElement\":[{\"@type\":\"ListItem\",\"position\":1,\"name\":\"Home\",\"item\":\"https:\/\/www.absglobal.com\/br\/\"},{\"@type\":\"ListItem\",\"position\":2,\"name\":\"Cookies\"}]},{\"@type\":\"WebSite\",\"@id\":\"https:\/\/www.absglobal.com\/br\/#website\",\"url\":\"https:\/\/www.absglobal.com\/br\/\",\"name\":\"ABS Global Brasil\",\"description\":\"\",\"publisher\":{\"@id\":\"https:\/\/www.absglobal.com\/br\/#organization\"},\"potentialAction\":[{\"@type\":\"SearchAction\",\"target\":{\"@type\":\"EntryPoint\",\"urlTemplate\":\"https:\/\/www.absglobal.com\/br\/?s={search_term_string}\"},\"query-input\":{\"@type\":\"PropertyValueSpecification\",\"valueRequired\":true,\"valueName\":\"search_term_string\"}}],\"inLanguage\":\"pt-BR\"},{\"@type\":\"Organization\",\"@id\":\"https:\/\/www.absglobal.com\/br\/#organization\",\"name\":\"ABS Global Brasil\",\"url\":\"https:\/\/www.absglobal.com\/br\/\",\"logo\":{\"@type\":\"ImageObject\",\"inLanguage\":\"pt-BR\",\"@id\":\"https:\/\/www.absglobal.com\/br\/#\/schema\/logo\/image\/\",\"url\":\"https:\/\/www.absglobal.com\/br\/wp-content\/uploads\/sites\/16\/2020\/03\/LogoRGB.png\",\"contentUrl\":\"https:\/\/www.absglobal.com\/br\/wp-content\/uploads\/sites\/16\/2020\/03\/LogoRGB.png\",\"width\":872,\"height\":1080,\"caption\":\"ABS Global Brasil \"},\"image\":{\"@id\":\"https:\/\/www.absglobal.com\/br\/#\/schema\/logo\/image\/\"}}]}<\/script>\n<!-- \/ Yoast SEO Premium plugin. -->","yoast_head_json":{"title":"Cookies - ABS Global Brasil","robots":{"index":"index","follow":"follow","max-snippet":"max-snippet:-1","max-image-preview":"max-image-preview:large","max-video-preview":"max-video-preview:-1"},"canonical":"https:\/\/www.absglobal.com\/br\/cookies\/","og_locale":"pt_BR","og_type":"article","og_title":"Cookies","og_description":"Servi\u00e7os de cookies Um cookie \u00e9 um pequeno arquivo de texto que seu navegador armazena em seu dispositivo. Os cookies s\u00e3o transferidos para o armazenamento permanente do seu dispositivo quando voc\u00ea visita nosso site para permitir que o site o reconhe\u00e7a quando voc\u00ea visitar nosso site novamente e para nos permitir melhorar seu uso do [&hellip;]","og_url":"https:\/\/www.absglobal.com\/br\/cookies\/","og_site_name":"ABS Global Brasil","article_modified_time":"2021-12-30T19:11:33+00:00","twitter_card":"summary_large_image","twitter_misc":{"Est. reading time":"2 minutos"},"schema":{"@context":"https:\/\/schema.org","@graph":[{"@type":"WebPage","@id":"https:\/\/www.absglobal.com\/br\/cookies\/","url":"https:\/\/www.absglobal.com\/br\/cookies\/","name":"Cookies - ABS Global Brasil","isPartOf":{"@id":"https:\/\/www.absglobal.com\/br\/#website"},"datePublished":"2020-02-18T20:55:07+00:00","dateModified":"2021-12-30T19:11:33+00:00","breadcrumb":{"@id":"https:\/\/www.absglobal.com\/br\/cookies\/#breadcrumb"},"inLanguage":"pt-BR","potentialAction":[{"@type":"ReadAction","target":["https:\/\/www.absglobal.com\/br\/cookies\/"]}]},{"@type":"BreadcrumbList","@id":"https:\/\/www.absglobal.com\/br\/cookies\/#breadcrumb","itemListElement":[{"@type":"ListItem","position":1,"name":"Home","item":"https:\/\/www.absglobal.com\/br\/"},{"@type":"ListItem","position":2,"name":"Cookies"}]},{"@type":"WebSite","@id":"https:\/\/www.absglobal.com\/br\/#website","url":"https:\/\/www.absglobal.com\/br\/","name":"ABS Global Brasil","description":"","publisher":{"@id":"https:\/\/www.absglobal.com\/br\/#organization"},"potentialAction":[{"@type":"SearchAction","target":{"@type":"EntryPoint","urlTemplate":"https:\/\/www.absglobal.com\/br\/?s={search_term_string}"},"query-input":{"@type":"PropertyValueSpecification","valueRequired":true,"valueName":"search_term_string"}}],"inLanguage":"pt-BR"},{"@type":"Organization","@id":"https:\/\/www.absglobal.com\/br\/#organization","name":"ABS Global Brasil","url":"https:\/\/www.absglobal.com\/br\/","logo":{"@type":"ImageObject","inLanguage":"pt-BR","@id":"https:\/\/www.absglobal.com\/br\/#\/schema\/logo\/image\/","url":"https:\/\/www.absglobal.com\/br\/wp-content\/uploads\/sites\/16\/2020\/03\/LogoRGB.png","contentUrl":"https:\/\/www.absglobal.com\/br\/wp-content\/uploads\/sites\/16\/2020\/03\/LogoRGB.png","width":872,"height":1080,"caption":"ABS Global Brasil "},"image":{"@id":"https:\/\/www.absglobal.com\/br\/#\/schema\/logo\/image\/"}}]}},"_links":{"self":[{"href":"https:\/\/www.absglobal.com\/br\/wp-json\/wp\/v2\/pages\/1270"}],"collection":[{"href":"https:\/\/www.absglobal.com\/br\/wp-json\/wp\/v2\/pages"}],"about":[{"href":"https:\/\/www.absglobal.com\/br\/wp-json\/wp\/v2\/types\/page"}],"author":[{"embeddable":true,"href":"https:\/\/www.absglobal.com\/br\/wp-json\/wp\/v2\/users\/289"}],"replies":[{"embeddable":true,"href":"https:\/\/www.absglobal.com\/br\/wp-json\/wp\/v2\/comments?post=1270"}],"version-history":[{"count":5,"href":"https:\/\/www.absglobal.com\/br\/wp-json\/wp\/v2\/pages\/1270\/revisions"}],"predecessor-version":[{"id":5542,"href":"https:\/\/www.absglobal.com\/br\/wp-json\/wp\/v2\/pages\/1270\/revisions\/5542"}],"wp:attachment":[{"href":"https:\/\/www.absglobal.com\/br\/wp-json\/wp\/v2\/media?parent=1270"}],"curies":[{"name":"wp","href":"https:\/\/api.w.org\/{rel}","templated":true}]}}