{"id":12814,"date":"2025-07-19T11:20:55","date_gmt":"2025-07-19T16:20:55","guid":{"rendered":"https:\/\/www.absglobal.com\/br\/?page_id=12814"},"modified":"2025-07-19T11:20:57","modified_gmt":"2025-07-19T16:20:57","slug":"laboratorios-abs","status":"publish","type":"page","link":"https:\/\/www.absglobal.com\/br\/laboratorios-abs\/","title":{"rendered":"Laborat\u00f3rios ABS"},"content":{"rendered":"\t\t<div data-elementor-type=\"wp-page\" data-elementor-id=\"12814\" class=\"elementor elementor-12814\" data-elementor-post-type=\"page\">\n\t\t\t\t\t\t<section class=\"elementor-section elementor-top-section elementor-element elementor-element-8b4e751 elementor-section-boxed elementor-section-height-default elementor-section-height-default\" data-id=\"8b4e751\" data-element_type=\"section\" data-e-type=\"section\" data-settings=\"{&quot;_ha_eqh_enable&quot;:false}\">\n\t\t\t\t\t\t<div class=\"elementor-container elementor-column-gap-default\">\n\t\t\t\t\t<div class=\"elementor-column elementor-col-100 elementor-top-column elementor-element elementor-element-2890f35\" data-id=\"2890f35\" data-element_type=\"column\" data-e-type=\"column\">\n\t\t\t<div class=\"elementor-widget-wrap elementor-element-populated\">\n\t\t\t\t\t\t<div class=\"elementor-element elementor-element-59320ac elementor-widget elementor-widget-html\" data-id=\"59320ac\" data-element_type=\"widget\" data-e-type=\"widget\" data-widget_type=\"html.default\">\n\t\t\t\t<div class=\"elementor-widget-container\">\n\t\t\t\t\t<div class=\"lab-overview\">\n    <div class=\"overview-card\">\n        <div class=\"overview-number\">47<\/div>\n        <div class=\"overview-label\">Laborat\u00f3rios<\/div>\n    <\/div>\n    <div class=\"overview-card\">\n        <div class=\"overview-number\">16<\/div>\n        <div class=\"overview-label\">Pa\u00edses<\/div>\n    <\/div>\n<\/div>\t\t\t\t<\/div>\n\t\t\t\t<\/div>\n\t\t\t\t<div class=\"elementor-element elementor-element-a2f1a81 elementor-widget__width-initial elementor-widget elementor-widget-accordion\" data-id=\"a2f1a81\" data-element_type=\"widget\" data-e-type=\"widget\" data-widget_type=\"accordion.default\">\n\t\t\t\t<div class=\"elementor-widget-container\">\n\t\t\t\t\t\t\t<div class=\"elementor-accordion\">\n\t\t\t\t\t\t\t<div class=\"elementor-accordion-item\">\n\t\t\t\t\t<div id=\"elementor-tab-title-1701\" class=\"elementor-tab-title\" data-tab=\"1\" role=\"button\" aria-controls=\"elementor-tab-content-1701\" aria-expanded=\"false\">\n\t\t\t\t\t\t\t\t\t\t\t\t\t<span class=\"elementor-accordion-icon elementor-accordion-icon-left\" aria-hidden=\"true\">\n\t\t\t\t\t\t\t\t\t\t\t\t\t\t\t<span class=\"elementor-accordion-icon-closed\"><i class=\"fas fa-plus\"><\/i><\/span>\n\t\t\t\t\t\t\t\t<span class=\"elementor-accordion-icon-opened\"><i class=\"fas fa-minus\"><\/i><\/span>\n\t\t\t\t\t\t\t\t\t\t\t\t\t\t<\/span>\n\t\t\t\t\t\t\t\t\t\t\t\t<a class=\"elementor-accordion-title\" tabindex=\"0\">Laborat\u00f3rios Afiliados<\/a>\n\t\t\t\t\t<\/div>\n\t\t\t\t\t<div id=\"elementor-tab-content-1701\" class=\"elementor-tab-content elementor-clearfix\" data-tab=\"1\" role=\"region\" aria-labelledby=\"elementor-tab-title-1701\"><div class=\"lab-section\">\n    <h3>\ud83c\udf0e Am\u00e9rica do Sul<\/h3>\n    <div class=\"lab-item\">\n        <h4>\ud83c\udde6\ud83c\uddf7 Argentina<\/h4>\n    <\/div>\n    \n    <div class=\"lab-item\">\n        <h4>\ud83c\udde7\ud83c\uddf4 Bol\u00edvia<\/h4>\n    <\/div>\n    \n    <div class=\"lab-item\">\n        <h4>\ud83c\udde7\ud83c\uddf7 Brasil<\/h4>\n    <\/div>\n    \n    <div class=\"lab-item\">\n        <h4>\ud83c\udde8\ud83c\uddf4 Col\u00f4mbia<\/h4>\n    <\/div>\n    \n    <div class=\"lab-item\">\n        <h4>\ud83c\uddf5\ud83c\uddfe Paraguai<\/h4>\n    <\/div>\n    \n    <div class=\"lab-item\">\n        <h4>\ud83c\uddfa\ud83c\uddfe Uruguai<\/h4>\n    <\/div>\n    \n    <div class=\"lab-item\">\n        <h4>\ud83c\uddfb\ud83c\uddea Venezuela<\/h4>\n    <\/div>\n\n    <h3>\ud83c\udf0d Am\u00e9rica do Norte<\/h3>\n    <div class=\"lab-item\">\n        <h4>\ud83c\uddfa\ud83c\uddf8 Estados Unidos<\/h4>\n    <\/div>\n    \n    <div class=\"lab-item\">\n        <h4>\ud83c\uddf5\ud83c\udde6 Panam\u00e1<\/h4>\n    <\/div>\n\n    <h3>\ud83c\udf0f \u00c1sia<\/h3>\n    <div class=\"lab-item\">\n        <h4>\ud83c\udde8\ud83c\uddf3 China<\/h4>\n    <\/div>\n    \n    <div class=\"lab-item\">\n        <h4>\ud83c\uddfb\ud83c\uddf3 Vietn\u00e3<\/h4>\n    <\/div>\n\n    <h3>\ud83c\udf0d \u00c1frica<\/h3>\n    <div class=\"lab-item\">\n        <h4>\ud83c\uddff\ud83c\udde6 \u00c1frica do Sul<\/h4>\n    <\/div>\n\n    <h3>\ud83c\udf0f Oceania<\/h3>\n    <div class=\"lab-item\">\n        <h4>\ud83c\udde6\ud83c\uddfa Austr\u00e1lia<\/h4>\n    <\/div>\n    \n    <div class=\"lab-item\">\n        <h4>\ud83c\uddf3\ud83c\uddff Nova Zel\u00e2ndia<\/h4>\n    <\/div>\n<\/div><\/div>\n\t\t\t\t<\/div>\n\t\t\t\t\t\t\t<div class=\"elementor-accordion-item\">\n\t\t\t\t\t<div id=\"elementor-tab-title-1702\" class=\"elementor-tab-title\" data-tab=\"2\" role=\"button\" aria-controls=\"elementor-tab-content-1702\" aria-expanded=\"false\">\n\t\t\t\t\t\t\t\t\t\t\t\t\t<span class=\"elementor-accordion-icon elementor-accordion-icon-left\" aria-hidden=\"true\">\n\t\t\t\t\t\t\t\t\t\t\t\t\t\t\t<span class=\"elementor-accordion-icon-closed\"><i class=\"fas fa-plus\"><\/i><\/span>\n\t\t\t\t\t\t\t\t<span class=\"elementor-accordion-icon-opened\"><i class=\"fas fa-minus\"><\/i><\/span>\n\t\t\t\t\t\t\t\t\t\t\t\t\t\t<\/span>\n\t\t\t\t\t\t\t\t\t\t\t\t<a class=\"elementor-accordion-title\" tabindex=\"0\">Laborat\u00f3rios Pr\u00f3prios<\/a>\n\t\t\t\t\t<\/div>\n\t\t\t\t\t<div id=\"elementor-tab-content-1702\" class=\"elementor-tab-content elementor-clearfix\" data-tab=\"2\" role=\"region\" aria-labelledby=\"elementor-tab-title-1702\"><div class=\"lab-section\">\n<h3>\ud83c\udf0e Am\u00e9rica do Sul<\/h3>\n<div class=\"lab-item featured\">\n<h4>\ud83c\udde7\ud83c\uddf7 Brasil<\/h4>\n<\/div>\n<div class=\"lab-item featured\">\n<h4>\ud83c\udde8\ud83c\uddf1 Chile<\/h4>\n<\/div>\n<h3>\ud83c\udf0d Am\u00e9rica do Norte<\/h3>\n<div class=\"lab-item featured\">\n<h4>\ud83c\uddfa\ud83c\uddf8 Estados Unidos<\/h4>\n<\/div>\n<div class=\"lab-item featured\">\n<h4>\ud83c\uddf2\ud83c\uddfd M\u00e9xico<\/h4>\n<\/div>\n<h3>\ud83c\udf0f \u00c1sia<\/h3>\n<div class=\"lab-item featured\">\n<h4>\ud83c\udde8\ud83c\uddf3 China<\/h4>\n<\/div>\n<\/div><\/div>\n\t\t\t\t<\/div>\n\t\t\t\t\t\t\t<div class=\"elementor-accordion-item\">\n\t\t\t\t\t<div id=\"elementor-tab-title-1703\" class=\"elementor-tab-title\" data-tab=\"3\" role=\"button\" aria-controls=\"elementor-tab-content-1703\" aria-expanded=\"false\">\n\t\t\t\t\t\t\t\t\t\t\t\t\t<span class=\"elementor-accordion-icon elementor-accordion-icon-left\" aria-hidden=\"true\">\n\t\t\t\t\t\t\t\t\t\t\t\t\t\t\t<span class=\"elementor-accordion-icon-closed\"><i class=\"fas fa-plus\"><\/i><\/span>\n\t\t\t\t\t\t\t\t<span class=\"elementor-accordion-icon-opened\"><i class=\"fas fa-minus\"><\/i><\/span>\n\t\t\t\t\t\t\t\t\t\t\t\t\t\t<\/span>\n\t\t\t\t\t\t\t\t\t\t\t\t<a class=\"elementor-accordion-title\" tabindex=\"0\">Centro de Pesquisa, Desenvolvimento e Controle de Qualidade<\/a>\n\t\t\t\t\t<\/div>\n\t\t\t\t\t<div id=\"elementor-tab-content-1703\" class=\"elementor-tab-content elementor-clearfix\" data-tab=\"3\" role=\"region\" aria-labelledby=\"elementor-tab-title-1703\"><div class=\"lab-section\">\n<h3>\ud83c\udf0e Am\u00e9rica do Sul<\/h3>\n<div class=\"lab-item featured\">\n<h4>\ud83c\udde7\ud83c\uddf7 Brasil<\/h4>\n<\/div>\n<\/div><\/div>\n\t\t\t\t<\/div>\n\t\t\t\t\t\t\t\t<\/div>\n\t\t\t\t\t\t<\/div>\n\t\t\t\t<\/div>\n\t\t\t\t\t<\/div>\n\t\t<\/div>\n\t\t\t\t\t<\/div>\n\t\t<\/section>\n\t\t\t\t<section class=\"elementor-section elementor-top-section elementor-element elementor-element-dce3244 elementor-section-boxed elementor-section-height-default elementor-section-height-default\" data-id=\"dce3244\" data-element_type=\"section\" data-e-type=\"section\" data-settings=\"{&quot;_ha_eqh_enable&quot;:false}\">\n\t\t\t\t\t\t<div class=\"elementor-container elementor-column-gap-default\">\n\t\t\t\t\t<div class=\"elementor-column elementor-col-100 elementor-top-column elementor-element elementor-element-bef2929\" data-id=\"bef2929\" data-element_type=\"column\" data-e-type=\"column\">\n\t\t\t<div class=\"elementor-widget-wrap\">\n\t\t\t\t\t\t\t<\/div>\n\t\t<\/div>\n\t\t\t\t\t<\/div>\n\t\t<\/section>\n\t\t\t\t<\/div>\n\t\t","protected":false},"excerpt":{"rendered":"<p>47 Laborat\u00f3rios 16 Pa\u00edses Laborat\u00f3rios Afiliados \ud83c\udf0e Am\u00e9rica do Sul \ud83c\udde6\ud83c\uddf7 Argentina \ud83c\udde7\ud83c\uddf4 Bol\u00edvia \ud83c\udde7\ud83c\uddf7 Brasil \ud83c\udde8\ud83c\uddf4 Col\u00f4mbia \ud83c\uddf5\ud83c\uddfe Paraguai \ud83c\uddfa\ud83c\uddfe Uruguai \ud83c\uddfb\ud83c\uddea Venezuela \ud83c\udf0d Am\u00e9rica do Norte \ud83c\uddfa\ud83c\uddf8 Estados Unidos \ud83c\uddf5\ud83c\udde6 Panam\u00e1 \ud83c\udf0f \u00c1sia \ud83c\udde8\ud83c\uddf3 China \ud83c\uddfb\ud83c\uddf3 Vietn\u00e3 \ud83c\udf0d \u00c1frica \ud83c\uddff\ud83c\udde6 \u00c1frica do Sul \ud83c\udf0f Oceania \ud83c\udde6\ud83c\uddfa Austr\u00e1lia \ud83c\uddf3\ud83c\uddff Nova Zel\u00e2ndia Laborat\u00f3rios Pr\u00f3prios \ud83c\udf0e [&hellip;]<\/p>\n","protected":false},"author":12972,"featured_media":0,"parent":0,"menu_order":0,"comment_status":"closed","ping_status":"closed","template":"","meta":{"_acf_changed":false,"content-type":"","footnotes":""},"class_list":["post-12814","page","type-page","status-publish","hentry"],"acf":[],"yoast_head":"<!-- This site is optimized with the Yoast SEO Premium plugin v25.6 (Yoast SEO v25.6) - https:\/\/yoast.com\/wordpress\/plugins\/seo\/ -->\n<title>Laborat\u00f3rios ABS - ABS Global Brasil<\/title>\n<meta name=\"robots\" content=\"index, follow, max-snippet:-1, max-image-preview:large, max-video-preview:-1\" \/>\n<link rel=\"canonical\" href=\"https:\/\/www.absglobal.com\/br\/laboratorios-abs\/\" \/>\n<meta property=\"og:locale\" content=\"pt_BR\" \/>\n<meta property=\"og:type\" content=\"article\" \/>\n<meta property=\"og:title\" content=\"Laborat\u00f3rios ABS\" \/>\n<meta property=\"og:description\" content=\"47 Laborat\u00f3rios 16 Pa\u00edses Laborat\u00f3rios Afiliados \ud83c\udf0e Am\u00e9rica do Sul \ud83c\udde6\ud83c\uddf7 Argentina \ud83c\udde7\ud83c\uddf4 Bol\u00edvia \ud83c\udde7\ud83c\uddf7 Brasil \ud83c\udde8\ud83c\uddf4 Col\u00f4mbia \ud83c\uddf5\ud83c\uddfe Paraguai \ud83c\uddfa\ud83c\uddfe Uruguai \ud83c\uddfb\ud83c\uddea Venezuela \ud83c\udf0d Am\u00e9rica do Norte \ud83c\uddfa\ud83c\uddf8 Estados Unidos \ud83c\uddf5\ud83c\udde6 Panam\u00e1 \ud83c\udf0f \u00c1sia \ud83c\udde8\ud83c\uddf3 China \ud83c\uddfb\ud83c\uddf3 Vietn\u00e3 \ud83c\udf0d \u00c1frica \ud83c\uddff\ud83c\udde6 \u00c1frica do Sul \ud83c\udf0f Oceania \ud83c\udde6\ud83c\uddfa Austr\u00e1lia \ud83c\uddf3\ud83c\uddff Nova Zel\u00e2ndia Laborat\u00f3rios Pr\u00f3prios \ud83c\udf0e [&hellip;]\" \/>\n<meta property=\"og:url\" content=\"https:\/\/www.absglobal.com\/br\/laboratorios-abs\/\" \/>\n<meta property=\"og:site_name\" content=\"ABS Global Brasil\" \/>\n<meta property=\"article:modified_time\" content=\"2025-07-19T16:20:57+00:00\" \/>\n<meta name=\"twitter:card\" content=\"summary_large_image\" \/>\n<meta name=\"twitter:label1\" content=\"Est. reading time\" \/>\n\t<meta name=\"twitter:data1\" content=\"1 minuto\" \/>\n<script type=\"application\/ld+json\" class=\"yoast-schema-graph\">{\"@context\":\"https:\/\/schema.org\",\"@graph\":[{\"@type\":\"WebPage\",\"@id\":\"https:\/\/www.absglobal.com\/br\/laboratorios-abs\/\",\"url\":\"https:\/\/www.absglobal.com\/br\/laboratorios-abs\/\",\"name\":\"Laborat\u00f3rios ABS - ABS Global Brasil\",\"isPartOf\":{\"@id\":\"https:\/\/www.absglobal.com\/br\/#website\"},\"datePublished\":\"2025-07-19T16:20:55+00:00\",\"dateModified\":\"2025-07-19T16:20:57+00:00\",\"breadcrumb\":{\"@id\":\"https:\/\/www.absglobal.com\/br\/laboratorios-abs\/#breadcrumb\"},\"inLanguage\":\"pt-BR\",\"potentialAction\":[{\"@type\":\"ReadAction\",\"target\":[\"https:\/\/www.absglobal.com\/br\/laboratorios-abs\/\"]}]},{\"@type\":\"BreadcrumbList\",\"@id\":\"https:\/\/www.absglobal.com\/br\/laboratorios-abs\/#breadcrumb\",\"itemListElement\":[{\"@type\":\"ListItem\",\"position\":1,\"name\":\"Home\",\"item\":\"https:\/\/www.absglobal.com\/br\/\"},{\"@type\":\"ListItem\",\"position\":2,\"name\":\"Laborat\u00f3rios ABS\"}]},{\"@type\":\"WebSite\",\"@id\":\"https:\/\/www.absglobal.com\/br\/#website\",\"url\":\"https:\/\/www.absglobal.com\/br\/\",\"name\":\"ABS Global Brasil\",\"description\":\"\",\"publisher\":{\"@id\":\"https:\/\/www.absglobal.com\/br\/#organization\"},\"potentialAction\":[{\"@type\":\"SearchAction\",\"target\":{\"@type\":\"EntryPoint\",\"urlTemplate\":\"https:\/\/www.absglobal.com\/br\/?s={search_term_string}\"},\"query-input\":{\"@type\":\"PropertyValueSpecification\",\"valueRequired\":true,\"valueName\":\"search_term_string\"}}],\"inLanguage\":\"pt-BR\"},{\"@type\":\"Organization\",\"@id\":\"https:\/\/www.absglobal.com\/br\/#organization\",\"name\":\"ABS Global Brasil\",\"url\":\"https:\/\/www.absglobal.com\/br\/\",\"logo\":{\"@type\":\"ImageObject\",\"inLanguage\":\"pt-BR\",\"@id\":\"https:\/\/www.absglobal.com\/br\/#\/schema\/logo\/image\/\",\"url\":\"https:\/\/www.absglobal.com\/br\/wp-content\/uploads\/sites\/16\/2020\/03\/LogoRGB.png\",\"contentUrl\":\"https:\/\/www.absglobal.com\/br\/wp-content\/uploads\/sites\/16\/2020\/03\/LogoRGB.png\",\"width\":872,\"height\":1080,\"caption\":\"ABS Global Brasil \"},\"image\":{\"@id\":\"https:\/\/www.absglobal.com\/br\/#\/schema\/logo\/image\/\"}}]}<\/script>\n<!-- \/ Yoast SEO Premium plugin. -->","yoast_head_json":{"title":"Laborat\u00f3rios ABS - ABS Global Brasil","robots":{"index":"index","follow":"follow","max-snippet":"max-snippet:-1","max-image-preview":"max-image-preview:large","max-video-preview":"max-video-preview:-1"},"canonical":"https:\/\/www.absglobal.com\/br\/laboratorios-abs\/","og_locale":"pt_BR","og_type":"article","og_title":"Laborat\u00f3rios ABS","og_description":"47 Laborat\u00f3rios 16 Pa\u00edses Laborat\u00f3rios Afiliados \ud83c\udf0e Am\u00e9rica do Sul \ud83c\udde6\ud83c\uddf7 Argentina \ud83c\udde7\ud83c\uddf4 Bol\u00edvia \ud83c\udde7\ud83c\uddf7 Brasil \ud83c\udde8\ud83c\uddf4 Col\u00f4mbia \ud83c\uddf5\ud83c\uddfe Paraguai \ud83c\uddfa\ud83c\uddfe Uruguai \ud83c\uddfb\ud83c\uddea Venezuela \ud83c\udf0d Am\u00e9rica do Norte \ud83c\uddfa\ud83c\uddf8 Estados Unidos \ud83c\uddf5\ud83c\udde6 Panam\u00e1 \ud83c\udf0f \u00c1sia \ud83c\udde8\ud83c\uddf3 China \ud83c\uddfb\ud83c\uddf3 Vietn\u00e3 \ud83c\udf0d \u00c1frica \ud83c\uddff\ud83c\udde6 \u00c1frica do Sul \ud83c\udf0f Oceania \ud83c\udde6\ud83c\uddfa Austr\u00e1lia \ud83c\uddf3\ud83c\uddff Nova Zel\u00e2ndia Laborat\u00f3rios Pr\u00f3prios \ud83c\udf0e [&hellip;]","og_url":"https:\/\/www.absglobal.com\/br\/laboratorios-abs\/","og_site_name":"ABS Global Brasil","article_modified_time":"2025-07-19T16:20:57+00:00","twitter_card":"summary_large_image","twitter_misc":{"Est. reading time":"1 minuto"},"schema":{"@context":"https:\/\/schema.org","@graph":[{"@type":"WebPage","@id":"https:\/\/www.absglobal.com\/br\/laboratorios-abs\/","url":"https:\/\/www.absglobal.com\/br\/laboratorios-abs\/","name":"Laborat\u00f3rios ABS - ABS Global Brasil","isPartOf":{"@id":"https:\/\/www.absglobal.com\/br\/#website"},"datePublished":"2025-07-19T16:20:55+00:00","dateModified":"2025-07-19T16:20:57+00:00","breadcrumb":{"@id":"https:\/\/www.absglobal.com\/br\/laboratorios-abs\/#breadcrumb"},"inLanguage":"pt-BR","potentialAction":[{"@type":"ReadAction","target":["https:\/\/www.absglobal.com\/br\/laboratorios-abs\/"]}]},{"@type":"BreadcrumbList","@id":"https:\/\/www.absglobal.com\/br\/laboratorios-abs\/#breadcrumb","itemListElement":[{"@type":"ListItem","position":1,"name":"Home","item":"https:\/\/www.absglobal.com\/br\/"},{"@type":"ListItem","position":2,"name":"Laborat\u00f3rios ABS"}]},{"@type":"WebSite","@id":"https:\/\/www.absglobal.com\/br\/#website","url":"https:\/\/www.absglobal.com\/br\/","name":"ABS Global Brasil","description":"","publisher":{"@id":"https:\/\/www.absglobal.com\/br\/#organization"},"potentialAction":[{"@type":"SearchAction","target":{"@type":"EntryPoint","urlTemplate":"https:\/\/www.absglobal.com\/br\/?s={search_term_string}"},"query-input":{"@type":"PropertyValueSpecification","valueRequired":true,"valueName":"search_term_string"}}],"inLanguage":"pt-BR"},{"@type":"Organization","@id":"https:\/\/www.absglobal.com\/br\/#organization","name":"ABS Global Brasil","url":"https:\/\/www.absglobal.com\/br\/","logo":{"@type":"ImageObject","inLanguage":"pt-BR","@id":"https:\/\/www.absglobal.com\/br\/#\/schema\/logo\/image\/","url":"https:\/\/www.absglobal.com\/br\/wp-content\/uploads\/sites\/16\/2020\/03\/LogoRGB.png","contentUrl":"https:\/\/www.absglobal.com\/br\/wp-content\/uploads\/sites\/16\/2020\/03\/LogoRGB.png","width":872,"height":1080,"caption":"ABS Global Brasil "},"image":{"@id":"https:\/\/www.absglobal.com\/br\/#\/schema\/logo\/image\/"}}]}},"_links":{"self":[{"href":"https:\/\/www.absglobal.com\/br\/wp-json\/wp\/v2\/pages\/12814"}],"collection":[{"href":"https:\/\/www.absglobal.com\/br\/wp-json\/wp\/v2\/pages"}],"about":[{"href":"https:\/\/www.absglobal.com\/br\/wp-json\/wp\/v2\/types\/page"}],"author":[{"embeddable":true,"href":"https:\/\/www.absglobal.com\/br\/wp-json\/wp\/v2\/users\/12972"}],"replies":[{"embeddable":true,"href":"https:\/\/www.absglobal.com\/br\/wp-json\/wp\/v2\/comments?post=12814"}],"version-history":[{"count":34,"href":"https:\/\/www.absglobal.com\/br\/wp-json\/wp\/v2\/pages\/12814\/revisions"}],"predecessor-version":[{"id":14631,"href":"https:\/\/www.absglobal.com\/br\/wp-json\/wp\/v2\/pages\/12814\/revisions\/14631"}],"wp:attachment":[{"href":"https:\/\/www.absglobal.com\/br\/wp-json\/wp\/v2\/media?parent=12814"}],"curies":[{"name":"wp","href":"https:\/\/api.w.org\/{rel}","templated":true}]}}