{"id":13967,"date":"2025-04-17T13:40:13","date_gmt":"2025-04-17T18:40:13","guid":{"rendered":"https:\/\/www.absglobal.com\/br\/?page_id=13967"},"modified":"2025-04-17T13:51:56","modified_gmt":"2025-04-17T18:51:56","slug":"o-que-e-a-mudanca-de-base","status":"publish","type":"page","link":"https:\/\/www.absglobal.com\/br\/o-que-e-a-mudanca-de-base\/","title":{"rendered":"O que \u00e9 a Mudan\u00e7a de Base"},"content":{"rendered":"<div class=\"wp-block-image\">\n<figure class=\"aligncenter size-large is-resized\"><img fetchpriority=\"high\" decoding=\"async\" width=\"1024\" height=\"576\" src=\"https:\/\/www.absglobal.com\/br\/wp-content\/uploads\/sites\/16\/2025\/03\/BaseChange_abs_brasil.webp?w=1024\" alt=\"\" class=\"wp-image-13725\" style=\"width:612px;height:auto\" srcset=\"https:\/\/www.absglobal.com\/br\/wp-content\/uploads\/sites\/16\/2025\/03\/BaseChange_abs_brasil.webp 1024w, https:\/\/www.absglobal.com\/br\/wp-content\/uploads\/sites\/16\/2025\/03\/BaseChange_abs_brasil.webp?resize=300,169 300w, https:\/\/www.absglobal.com\/br\/wp-content\/uploads\/sites\/16\/2025\/03\/BaseChange_abs_brasil.webp?resize=768,432 768w\" sizes=\"(max-width: 1024px) 100vw, 1024px\" \/><\/figure><\/div>\n\n\n<div style=\"height:37px\" aria-hidden=\"true\" class=\"wp-block-spacer\"><\/div>\n\n\n\n<h3 class=\"wp-block-heading has-text-align-center\" id=\"h-um-guia-para-entender-a-mudanca-de-base-e-seu-impacto\" style=\"font-size:18px\"><a href=\"https:\/\/youtu.be\/lxRydIptpBg?si=jXQp9YedEoNV6lSi\" target=\"_blank\" rel=\"noreferrer noopener\"><strong>Um guia para entender a mudan\u00e7a de base e seu impacto<\/strong><\/a><\/h3>\n\n\n\n<div style=\"height:33px\" aria-hidden=\"true\" class=\"wp-block-spacer\"><\/div>\n\n\n\n<h3 class=\"wp-block-heading has-text-align-center\" id=\"h-a-mudanca-anual-da-base-do-reino-unido-o-que-isso-significa-para-voce\" style=\"font-size:18px\"><a href=\"https:\/\/www.absglobal.com\/br\/a-mudanca-anual-da-base-do-reino-unido-o-que-isso-significa-para-voce\/\" target=\"_blank\" rel=\"noreferrer noopener\"><strong>A mudan\u00e7a anual da base do Reino Unido: o que isso significa para voc\u00ea?<\/strong><\/a><\/h3>\n\n\n\n<div style=\"height:33px\" aria-hidden=\"true\" class=\"wp-block-spacer\"><\/div>\n\n\n\n<h3 class=\"wp-block-heading has-text-align-center\" id=\"h-a-proxima-mudanca-de-base-dos-eua-o-que-isso-significa-para-voce\" style=\"font-size:18px\"><a href=\"https:\/\/www.absglobal.com\/br\/a-proxima-mudanca-de-base-dos-eua-o-que-isso-significa-para-voce\/\" target=\"_blank\" rel=\"noreferrer noopener\"><strong>A pr\u00f3xima mudan\u00e7a de base dos EUA: o que isso significa para voc\u00ea?<\/strong><\/a><\/h3>\n","protected":false},"excerpt":{"rendered":"<p>Um guia para entender a mudan\u00e7a de base e seu impacto A mudan\u00e7a anual da base do Reino Unido: o que isso significa para voc\u00ea? A pr\u00f3xima mudan\u00e7a de base dos EUA: o que isso significa para voc\u00ea?<\/p>\n","protected":false},"author":12972,"featured_media":0,"parent":0,"menu_order":0,"comment_status":"closed","ping_status":"closed","template":"","meta":{"_acf_changed":false,"content-type":"","footnotes":""},"class_list":["post-13967","page","type-page","status-publish","hentry"],"acf":[],"yoast_head":"<!-- This site is optimized with the Yoast SEO Premium plugin v25.6 (Yoast SEO v25.6) - https:\/\/yoast.com\/wordpress\/plugins\/seo\/ -->\n<title>O que \u00e9 a Mudan\u00e7a de Base - ABS Global Brasil<\/title>\n<meta name=\"robots\" content=\"index, follow, max-snippet:-1, max-image-preview:large, max-video-preview:-1\" \/>\n<link rel=\"canonical\" href=\"https:\/\/www.absglobal.com\/br\/o-que-e-a-mudanca-de-base\/\" \/>\n<meta property=\"og:locale\" content=\"pt_BR\" \/>\n<meta property=\"og:type\" content=\"article\" \/>\n<meta property=\"og:title\" content=\"O que \u00e9 a Mudan\u00e7a de Base\" \/>\n<meta property=\"og:description\" content=\"Um guia para entender a mudan\u00e7a de base e seu impacto A mudan\u00e7a anual da base do Reino Unido: o que isso significa para voc\u00ea? A pr\u00f3xima mudan\u00e7a de base dos EUA: o que isso significa para voc\u00ea?\" \/>\n<meta property=\"og:url\" content=\"https:\/\/www.absglobal.com\/br\/o-que-e-a-mudanca-de-base\/\" \/>\n<meta property=\"og:site_name\" content=\"ABS Global Brasil\" \/>\n<meta property=\"article:modified_time\" content=\"2025-04-17T18:51:56+00:00\" \/>\n<meta property=\"og:image\" content=\"https:\/\/www.absglobal.com\/br\/wp-content\/uploads\/sites\/16\/2025\/03\/BaseChange_abs_brasil.webp?w=1024\" \/>\n<meta name=\"twitter:card\" content=\"summary_large_image\" \/>\n<meta name=\"twitter:label1\" content=\"Est. reading time\" \/>\n\t<meta name=\"twitter:data1\" content=\"1 minuto\" \/>\n<script type=\"application\/ld+json\" class=\"yoast-schema-graph\">{\"@context\":\"https:\/\/schema.org\",\"@graph\":[{\"@type\":\"WebPage\",\"@id\":\"https:\/\/www.absglobal.com\/br\/o-que-e-a-mudanca-de-base\/\",\"url\":\"https:\/\/www.absglobal.com\/br\/o-que-e-a-mudanca-de-base\/\",\"name\":\"O que \u00e9 a Mudan\u00e7a de Base - ABS Global Brasil\",\"isPartOf\":{\"@id\":\"https:\/\/www.absglobal.com\/br\/#website\"},\"primaryImageOfPage\":{\"@id\":\"https:\/\/www.absglobal.com\/br\/o-que-e-a-mudanca-de-base\/#primaryimage\"},\"image\":{\"@id\":\"https:\/\/www.absglobal.com\/br\/o-que-e-a-mudanca-de-base\/#primaryimage\"},\"thumbnailUrl\":\"https:\/\/www.absglobal.com\/br\/wp-content\/uploads\/sites\/16\/2025\/03\/BaseChange_abs_brasil.webp?w=1024\",\"datePublished\":\"2025-04-17T18:40:13+00:00\",\"dateModified\":\"2025-04-17T18:51:56+00:00\",\"breadcrumb\":{\"@id\":\"https:\/\/www.absglobal.com\/br\/o-que-e-a-mudanca-de-base\/#breadcrumb\"},\"inLanguage\":\"pt-BR\",\"potentialAction\":[{\"@type\":\"ReadAction\",\"target\":[\"https:\/\/www.absglobal.com\/br\/o-que-e-a-mudanca-de-base\/\"]}]},{\"@type\":\"ImageObject\",\"inLanguage\":\"pt-BR\",\"@id\":\"https:\/\/www.absglobal.com\/br\/o-que-e-a-mudanca-de-base\/#primaryimage\",\"url\":\"https:\/\/www.absglobal.com\/br\/wp-content\/uploads\/sites\/16\/2025\/03\/BaseChange_abs_brasil.webp\",\"contentUrl\":\"https:\/\/www.absglobal.com\/br\/wp-content\/uploads\/sites\/16\/2025\/03\/BaseChange_abs_brasil.webp\",\"width\":1024,\"height\":576},{\"@type\":\"BreadcrumbList\",\"@id\":\"https:\/\/www.absglobal.com\/br\/o-que-e-a-mudanca-de-base\/#breadcrumb\",\"itemListElement\":[{\"@type\":\"ListItem\",\"position\":1,\"name\":\"Home\",\"item\":\"https:\/\/www.absglobal.com\/br\/\"},{\"@type\":\"ListItem\",\"position\":2,\"name\":\"O que \u00e9 a Mudan\u00e7a de Base\"}]},{\"@type\":\"WebSite\",\"@id\":\"https:\/\/www.absglobal.com\/br\/#website\",\"url\":\"https:\/\/www.absglobal.com\/br\/\",\"name\":\"ABS Global Brasil\",\"description\":\"\",\"publisher\":{\"@id\":\"https:\/\/www.absglobal.com\/br\/#organization\"},\"potentialAction\":[{\"@type\":\"SearchAction\",\"target\":{\"@type\":\"EntryPoint\",\"urlTemplate\":\"https:\/\/www.absglobal.com\/br\/?s={search_term_string}\"},\"query-input\":{\"@type\":\"PropertyValueSpecification\",\"valueRequired\":true,\"valueName\":\"search_term_string\"}}],\"inLanguage\":\"pt-BR\"},{\"@type\":\"Organization\",\"@id\":\"https:\/\/www.absglobal.com\/br\/#organization\",\"name\":\"ABS Global Brasil\",\"url\":\"https:\/\/www.absglobal.com\/br\/\",\"logo\":{\"@type\":\"ImageObject\",\"inLanguage\":\"pt-BR\",\"@id\":\"https:\/\/www.absglobal.com\/br\/#\/schema\/logo\/image\/\",\"url\":\"https:\/\/www.absglobal.com\/br\/wp-content\/uploads\/sites\/16\/2020\/03\/LogoRGB.png\",\"contentUrl\":\"https:\/\/www.absglobal.com\/br\/wp-content\/uploads\/sites\/16\/2020\/03\/LogoRGB.png\",\"width\":872,\"height\":1080,\"caption\":\"ABS Global Brasil \"},\"image\":{\"@id\":\"https:\/\/www.absglobal.com\/br\/#\/schema\/logo\/image\/\"}}]}<\/script>\n<!-- \/ Yoast SEO Premium plugin. -->","yoast_head_json":{"title":"O que \u00e9 a Mudan\u00e7a de Base - ABS Global Brasil","robots":{"index":"index","follow":"follow","max-snippet":"max-snippet:-1","max-image-preview":"max-image-preview:large","max-video-preview":"max-video-preview:-1"},"canonical":"https:\/\/www.absglobal.com\/br\/o-que-e-a-mudanca-de-base\/","og_locale":"pt_BR","og_type":"article","og_title":"O que \u00e9 a Mudan\u00e7a de Base","og_description":"Um guia para entender a mudan\u00e7a de base e seu impacto A mudan\u00e7a anual da base do Reino Unido: o que isso significa para voc\u00ea? A pr\u00f3xima mudan\u00e7a de base dos EUA: o que isso significa para voc\u00ea?","og_url":"https:\/\/www.absglobal.com\/br\/o-que-e-a-mudanca-de-base\/","og_site_name":"ABS Global Brasil","article_modified_time":"2025-04-17T18:51:56+00:00","og_image":[{"url":"https:\/\/www.absglobal.com\/br\/wp-content\/uploads\/sites\/16\/2025\/03\/BaseChange_abs_brasil.webp?w=1024","type":"","width":"","height":""}],"twitter_card":"summary_large_image","twitter_misc":{"Est. reading time":"1 minuto"},"schema":{"@context":"https:\/\/schema.org","@graph":[{"@type":"WebPage","@id":"https:\/\/www.absglobal.com\/br\/o-que-e-a-mudanca-de-base\/","url":"https:\/\/www.absglobal.com\/br\/o-que-e-a-mudanca-de-base\/","name":"O que \u00e9 a Mudan\u00e7a de Base - ABS Global Brasil","isPartOf":{"@id":"https:\/\/www.absglobal.com\/br\/#website"},"primaryImageOfPage":{"@id":"https:\/\/www.absglobal.com\/br\/o-que-e-a-mudanca-de-base\/#primaryimage"},"image":{"@id":"https:\/\/www.absglobal.com\/br\/o-que-e-a-mudanca-de-base\/#primaryimage"},"thumbnailUrl":"https:\/\/www.absglobal.com\/br\/wp-content\/uploads\/sites\/16\/2025\/03\/BaseChange_abs_brasil.webp?w=1024","datePublished":"2025-04-17T18:40:13+00:00","dateModified":"2025-04-17T18:51:56+00:00","breadcrumb":{"@id":"https:\/\/www.absglobal.com\/br\/o-que-e-a-mudanca-de-base\/#breadcrumb"},"inLanguage":"pt-BR","potentialAction":[{"@type":"ReadAction","target":["https:\/\/www.absglobal.com\/br\/o-que-e-a-mudanca-de-base\/"]}]},{"@type":"ImageObject","inLanguage":"pt-BR","@id":"https:\/\/www.absglobal.com\/br\/o-que-e-a-mudanca-de-base\/#primaryimage","url":"https:\/\/www.absglobal.com\/br\/wp-content\/uploads\/sites\/16\/2025\/03\/BaseChange_abs_brasil.webp","contentUrl":"https:\/\/www.absglobal.com\/br\/wp-content\/uploads\/sites\/16\/2025\/03\/BaseChange_abs_brasil.webp","width":1024,"height":576},{"@type":"BreadcrumbList","@id":"https:\/\/www.absglobal.com\/br\/o-que-e-a-mudanca-de-base\/#breadcrumb","itemListElement":[{"@type":"ListItem","position":1,"name":"Home","item":"https:\/\/www.absglobal.com\/br\/"},{"@type":"ListItem","position":2,"name":"O que \u00e9 a Mudan\u00e7a de Base"}]},{"@type":"WebSite","@id":"https:\/\/www.absglobal.com\/br\/#website","url":"https:\/\/www.absglobal.com\/br\/","name":"ABS Global Brasil","description":"","publisher":{"@id":"https:\/\/www.absglobal.com\/br\/#organization"},"potentialAction":[{"@type":"SearchAction","target":{"@type":"EntryPoint","urlTemplate":"https:\/\/www.absglobal.com\/br\/?s={search_term_string}"},"query-input":{"@type":"PropertyValueSpecification","valueRequired":true,"valueName":"search_term_string"}}],"inLanguage":"pt-BR"},{"@type":"Organization","@id":"https:\/\/www.absglobal.com\/br\/#organization","name":"ABS Global Brasil","url":"https:\/\/www.absglobal.com\/br\/","logo":{"@type":"ImageObject","inLanguage":"pt-BR","@id":"https:\/\/www.absglobal.com\/br\/#\/schema\/logo\/image\/","url":"https:\/\/www.absglobal.com\/br\/wp-content\/uploads\/sites\/16\/2020\/03\/LogoRGB.png","contentUrl":"https:\/\/www.absglobal.com\/br\/wp-content\/uploads\/sites\/16\/2020\/03\/LogoRGB.png","width":872,"height":1080,"caption":"ABS Global Brasil "},"image":{"@id":"https:\/\/www.absglobal.com\/br\/#\/schema\/logo\/image\/"}}]}},"_links":{"self":[{"href":"https:\/\/www.absglobal.com\/br\/wp-json\/wp\/v2\/pages\/13967"}],"collection":[{"href":"https:\/\/www.absglobal.com\/br\/wp-json\/wp\/v2\/pages"}],"about":[{"href":"https:\/\/www.absglobal.com\/br\/wp-json\/wp\/v2\/types\/page"}],"author":[{"embeddable":true,"href":"https:\/\/www.absglobal.com\/br\/wp-json\/wp\/v2\/users\/12972"}],"replies":[{"embeddable":true,"href":"https:\/\/www.absglobal.com\/br\/wp-json\/wp\/v2\/comments?post=13967"}],"version-history":[{"count":8,"href":"https:\/\/www.absglobal.com\/br\/wp-json\/wp\/v2\/pages\/13967\/revisions"}],"predecessor-version":[{"id":13983,"href":"https:\/\/www.absglobal.com\/br\/wp-json\/wp\/v2\/pages\/13967\/revisions\/13983"}],"wp:attachment":[{"href":"https:\/\/www.absglobal.com\/br\/wp-json\/wp\/v2\/media?parent=13967"}],"curies":[{"name":"wp","href":"https:\/\/api.w.org\/{rel}","templated":true}]}}