{"id":14212,"date":"2025-06-19T14:54:12","date_gmt":"2025-06-19T19:54:12","guid":{"rendered":"https:\/\/www.absglobal.com\/br\/?page_id=14212"},"modified":"2026-03-19T10:34:44","modified_gmt":"2026-03-19T15:34:44","slug":"contato-com-a-midia","status":"publish","type":"page","link":"https:\/\/www.absglobal.com\/br\/contato-com-a-midia\/","title":{"rendered":"Contato com a m\u00eddia"},"content":{"rendered":"\n<p>Voc\u00ea \u00e9 jornalista ou profissional de m\u00eddia e deseja entrar em contato? Preencha o formul\u00e1rio abaixo e um membro da nossa equipe de comunica\u00e7\u00e3o responder\u00e1 o mais breve poss\u00edvel.<\/p>\n\n\n\n<div style=\"height:50px\" aria-hidden=\"true\" class=\"wp-block-spacer\"><\/div>\n\n\n\n<div class=\"wp-block-leadin-hubspot-form-block\">\n\t\t\t<div\n\t\t\tclass=\"hs-form-frame\"\n\t\t\tdata-region=\"eu1\"\n\t\t\tdata-form-id=\"2ae65744-ff59-42b8-b479-7b51da44d947\"\n\t\t\tdata-portal-id=\"25467392\"\n\t\t\t >\n\t\t\t<\/div>\n\t\t\t<\/div>\n","protected":false},"excerpt":{"rendered":"<p>Voc\u00ea \u00e9 jornalista ou profissional de m\u00eddia e deseja entrar em contato? Preencha o formul\u00e1rio abaixo e um membro da nossa equipe de comunica\u00e7\u00e3o responder\u00e1 o mais breve poss\u00edvel.<\/p>\n","protected":false},"author":9982,"featured_media":0,"parent":0,"menu_order":0,"comment_status":"closed","ping_status":"closed","template":"","meta":{"_acf_changed":false,"content-type":"","footnotes":""},"class_list":["post-14212","page","type-page","status-publish","hentry"],"acf":[],"yoast_head":"<!-- This site is optimized with the Yoast SEO Premium plugin v25.6 (Yoast SEO v25.6) - https:\/\/yoast.com\/wordpress\/plugins\/seo\/ -->\n<title>Contato com a m\u00eddia - ABS Global Brasil<\/title>\n<meta name=\"description\" content=\"Se estiver interessado em ser contactado pela nossa equipa de comunica\u00e7\u00e3o, preencha o formul\u00e1rio de contacto para a imprensa.\" \/>\n<meta name=\"robots\" content=\"index, follow, max-snippet:-1, max-image-preview:large, max-video-preview:-1\" \/>\n<link rel=\"canonical\" href=\"https:\/\/www.absglobal.com\/br\/contato-com-a-midia\/\" \/>\n<meta property=\"og:locale\" content=\"pt_BR\" \/>\n<meta property=\"og:type\" content=\"article\" \/>\n<meta property=\"og:title\" content=\"Contato com a m\u00eddia\" \/>\n<meta property=\"og:description\" content=\"Se estiver interessado em ser contactado pela nossa equipa de comunica\u00e7\u00e3o, preencha o formul\u00e1rio de contacto para a imprensa.\" \/>\n<meta property=\"og:url\" content=\"https:\/\/www.absglobal.com\/br\/contato-com-a-midia\/\" \/>\n<meta property=\"og:site_name\" content=\"ABS Global Brasil\" \/>\n<meta property=\"article:modified_time\" content=\"2026-03-19T15:34:44+00:00\" \/>\n<meta name=\"twitter:card\" content=\"summary_large_image\" \/>\n<meta name=\"twitter:label1\" content=\"Est. reading time\" \/>\n\t<meta name=\"twitter:data1\" content=\"1 minuto\" \/>\n<script type=\"application\/ld+json\" class=\"yoast-schema-graph\">{\"@context\":\"https:\/\/schema.org\",\"@graph\":[{\"@type\":\"WebPage\",\"@id\":\"https:\/\/www.absglobal.com\/br\/contato-com-a-midia\/\",\"url\":\"https:\/\/www.absglobal.com\/br\/contato-com-a-midia\/\",\"name\":\"Contato com a m\u00eddia - ABS Global Brasil\",\"isPartOf\":{\"@id\":\"https:\/\/www.absglobal.com\/br\/#website\"},\"datePublished\":\"2025-06-19T19:54:12+00:00\",\"dateModified\":\"2026-03-19T15:34:44+00:00\",\"description\":\"Se estiver interessado em ser contactado pela nossa equipa de comunica\u00e7\u00e3o, preencha o formul\u00e1rio de contacto para a imprensa.\",\"breadcrumb\":{\"@id\":\"https:\/\/www.absglobal.com\/br\/contato-com-a-midia\/#breadcrumb\"},\"inLanguage\":\"pt-BR\",\"potentialAction\":[{\"@type\":\"ReadAction\",\"target\":[\"https:\/\/www.absglobal.com\/br\/contato-com-a-midia\/\"]}]},{\"@type\":\"BreadcrumbList\",\"@id\":\"https:\/\/www.absglobal.com\/br\/contato-com-a-midia\/#breadcrumb\",\"itemListElement\":[{\"@type\":\"ListItem\",\"position\":1,\"name\":\"Home\",\"item\":\"https:\/\/www.absglobal.com\/br\/\"},{\"@type\":\"ListItem\",\"position\":2,\"name\":\"Contato com a m\u00eddia\"}]},{\"@type\":\"WebSite\",\"@id\":\"https:\/\/www.absglobal.com\/br\/#website\",\"url\":\"https:\/\/www.absglobal.com\/br\/\",\"name\":\"ABS Global Brasil\",\"description\":\"\",\"publisher\":{\"@id\":\"https:\/\/www.absglobal.com\/br\/#organization\"},\"potentialAction\":[{\"@type\":\"SearchAction\",\"target\":{\"@type\":\"EntryPoint\",\"urlTemplate\":\"https:\/\/www.absglobal.com\/br\/?s={search_term_string}\"},\"query-input\":{\"@type\":\"PropertyValueSpecification\",\"valueRequired\":true,\"valueName\":\"search_term_string\"}}],\"inLanguage\":\"pt-BR\"},{\"@type\":\"Organization\",\"@id\":\"https:\/\/www.absglobal.com\/br\/#organization\",\"name\":\"ABS Global Brasil\",\"url\":\"https:\/\/www.absglobal.com\/br\/\",\"logo\":{\"@type\":\"ImageObject\",\"inLanguage\":\"pt-BR\",\"@id\":\"https:\/\/www.absglobal.com\/br\/#\/schema\/logo\/image\/\",\"url\":\"https:\/\/www.absglobal.com\/br\/wp-content\/uploads\/sites\/16\/2020\/03\/LogoRGB.png\",\"contentUrl\":\"https:\/\/www.absglobal.com\/br\/wp-content\/uploads\/sites\/16\/2020\/03\/LogoRGB.png\",\"width\":872,\"height\":1080,\"caption\":\"ABS Global Brasil \"},\"image\":{\"@id\":\"https:\/\/www.absglobal.com\/br\/#\/schema\/logo\/image\/\"}}]}<\/script>\n<!-- \/ Yoast SEO Premium plugin. -->","yoast_head_json":{"title":"Contato com a m\u00eddia - ABS Global Brasil","description":"Se estiver interessado em ser contactado pela nossa equipa de comunica\u00e7\u00e3o, preencha o formul\u00e1rio de contacto para a imprensa.","robots":{"index":"index","follow":"follow","max-snippet":"max-snippet:-1","max-image-preview":"max-image-preview:large","max-video-preview":"max-video-preview:-1"},"canonical":"https:\/\/www.absglobal.com\/br\/contato-com-a-midia\/","og_locale":"pt_BR","og_type":"article","og_title":"Contato com a m\u00eddia","og_description":"Se estiver interessado em ser contactado pela nossa equipa de comunica\u00e7\u00e3o, preencha o formul\u00e1rio de contacto para a imprensa.","og_url":"https:\/\/www.absglobal.com\/br\/contato-com-a-midia\/","og_site_name":"ABS Global Brasil","article_modified_time":"2026-03-19T15:34:44+00:00","twitter_card":"summary_large_image","twitter_misc":{"Est. reading time":"1 minuto"},"schema":{"@context":"https:\/\/schema.org","@graph":[{"@type":"WebPage","@id":"https:\/\/www.absglobal.com\/br\/contato-com-a-midia\/","url":"https:\/\/www.absglobal.com\/br\/contato-com-a-midia\/","name":"Contato com a m\u00eddia - ABS Global Brasil","isPartOf":{"@id":"https:\/\/www.absglobal.com\/br\/#website"},"datePublished":"2025-06-19T19:54:12+00:00","dateModified":"2026-03-19T15:34:44+00:00","description":"Se estiver interessado em ser contactado pela nossa equipa de comunica\u00e7\u00e3o, preencha o formul\u00e1rio de contacto para a imprensa.","breadcrumb":{"@id":"https:\/\/www.absglobal.com\/br\/contato-com-a-midia\/#breadcrumb"},"inLanguage":"pt-BR","potentialAction":[{"@type":"ReadAction","target":["https:\/\/www.absglobal.com\/br\/contato-com-a-midia\/"]}]},{"@type":"BreadcrumbList","@id":"https:\/\/www.absglobal.com\/br\/contato-com-a-midia\/#breadcrumb","itemListElement":[{"@type":"ListItem","position":1,"name":"Home","item":"https:\/\/www.absglobal.com\/br\/"},{"@type":"ListItem","position":2,"name":"Contato com a m\u00eddia"}]},{"@type":"WebSite","@id":"https:\/\/www.absglobal.com\/br\/#website","url":"https:\/\/www.absglobal.com\/br\/","name":"ABS Global Brasil","description":"","publisher":{"@id":"https:\/\/www.absglobal.com\/br\/#organization"},"potentialAction":[{"@type":"SearchAction","target":{"@type":"EntryPoint","urlTemplate":"https:\/\/www.absglobal.com\/br\/?s={search_term_string}"},"query-input":{"@type":"PropertyValueSpecification","valueRequired":true,"valueName":"search_term_string"}}],"inLanguage":"pt-BR"},{"@type":"Organization","@id":"https:\/\/www.absglobal.com\/br\/#organization","name":"ABS Global Brasil","url":"https:\/\/www.absglobal.com\/br\/","logo":{"@type":"ImageObject","inLanguage":"pt-BR","@id":"https:\/\/www.absglobal.com\/br\/#\/schema\/logo\/image\/","url":"https:\/\/www.absglobal.com\/br\/wp-content\/uploads\/sites\/16\/2020\/03\/LogoRGB.png","contentUrl":"https:\/\/www.absglobal.com\/br\/wp-content\/uploads\/sites\/16\/2020\/03\/LogoRGB.png","width":872,"height":1080,"caption":"ABS Global Brasil "},"image":{"@id":"https:\/\/www.absglobal.com\/br\/#\/schema\/logo\/image\/"}}]}},"_links":{"self":[{"href":"https:\/\/www.absglobal.com\/br\/wp-json\/wp\/v2\/pages\/14212"}],"collection":[{"href":"https:\/\/www.absglobal.com\/br\/wp-json\/wp\/v2\/pages"}],"about":[{"href":"https:\/\/www.absglobal.com\/br\/wp-json\/wp\/v2\/types\/page"}],"author":[{"embeddable":true,"href":"https:\/\/www.absglobal.com\/br\/wp-json\/wp\/v2\/users\/9982"}],"replies":[{"embeddable":true,"href":"https:\/\/www.absglobal.com\/br\/wp-json\/wp\/v2\/comments?post=14212"}],"version-history":[{"count":2,"href":"https:\/\/www.absglobal.com\/br\/wp-json\/wp\/v2\/pages\/14212\/revisions"}],"predecessor-version":[{"id":16107,"href":"https:\/\/www.absglobal.com\/br\/wp-json\/wp\/v2\/pages\/14212\/revisions\/16107"}],"wp:attachment":[{"href":"https:\/\/www.absglobal.com\/br\/wp-json\/wp\/v2\/media?parent=14212"}],"curies":[{"name":"wp","href":"https:\/\/api.w.org\/{rel}","templated":true}]}}