{"id":15808,"date":"2026-02-18T10:03:35","date_gmt":"2026-02-18T15:03:35","guid":{"rendered":"https:\/\/www.absglobal.com\/br\/?page_id=15808"},"modified":"2026-02-24T13:07:58","modified_gmt":"2026-02-24T18:07:58","slug":"sustentabilidade-na-pecuaria-comeca-com-genetica","status":"publish","type":"page","link":"https:\/\/www.absglobal.com\/br\/sustentabilidade-na-pecuaria-comeca-com-genetica\/","title":{"rendered":"Sustentabilidade na pecu\u00e1ria come\u00e7a com  gen\u00e9tica"},"content":{"rendered":"\n<p>Na ABS, sustentabilidade \u00e9 mais do que um conceito: est\u00e1 no centro das nossas opera\u00e7\u00f5es. Ela est\u00e1 presente em cada decis\u00e3o que tomamos ao longo dos \u00faltimos 80 anos e nas que continuamos a tomar. Nossa miss\u00e3o permanece a mesma: liderar o melhoramento gen\u00e9tico animal para nutrir o mundo de forma sustent\u00e1vel.<\/p>\n\n\n\n<p>Nossos programas de melhoramento personalizados e gen\u00e9tica de elite permitem que os produtores criem animais que vivem mais, produzem com maior efici\u00eancia e possuem menor impacto ambiental. Por meio de estrat\u00e9gias gen\u00e9ticas inovadoras e da evolu\u00e7\u00e3o cont\u00ednua das tecnologias gen\u00e9ticas, ajudamos os produtores a maximizar o valor de cada bezerro e a reduzir o uso de recursos. Em ess\u00eancia, apoiamos o produtor a produzir mais com menos!<\/p>\n\n\n\n<h2 class=\"wp-block-heading\" id=\"h-nossos-pilares-de-sustentabilidade\"><strong>Nossos Pilares de Sustentabilidade<\/strong><\/h2>\n\n\n\n<p>N\u00e3o estamos apenas no neg\u00f3cio da gen\u00e9tica. Estamos moldando o futuro da pecu\u00e1ria sustent\u00e1vel, um bezerro de cada vez. Em nossa ess\u00eancia, buscamos ser parceiros dos produtores para ajud\u00e1-los a produzir carne e leite de qualidade superior, de forma mais eficiente, acess\u00edvel e sustent\u00e1vel. Nosso portf\u00f3lio de solu\u00e7\u00f5es gen\u00e9ticas e reprodutivas j\u00e1 torna nossos clientes mais eficientes, rent\u00e1veis e sustent\u00e1veis. Eles s\u00e3o a base dos nossos pilares de sustentabilidade.<\/p>\n\n\n\n<figure class=\"wp-block-image size-large\"><img fetchpriority=\"high\" decoding=\"async\" height=\"452\" width=\"1024\" src=\"https:\/\/www.absglobal.com\/br\/wp-content\/uploads\/sites\/16\/2026\/02\/Captura-de-Tela-2026-02-18-as-11.50.09.png?w=1024\" alt=\"\" class=\"wp-image-15813\" srcset=\"https:\/\/www.absglobal.com\/br\/wp-content\/uploads\/sites\/16\/2026\/02\/Captura-de-Tela-2026-02-18-as-11.50.09.png 1500w, https:\/\/www.absglobal.com\/br\/wp-content\/uploads\/sites\/16\/2026\/02\/Captura-de-Tela-2026-02-18-as-11.50.09.png?resize=300,132 300w, https:\/\/www.absglobal.com\/br\/wp-content\/uploads\/sites\/16\/2026\/02\/Captura-de-Tela-2026-02-18-as-11.50.09.png?resize=768,339 768w, https:\/\/www.absglobal.com\/br\/wp-content\/uploads\/sites\/16\/2026\/02\/Captura-de-Tela-2026-02-18-as-11.50.09.png?resize=1024,452 1024w\" sizes=\"(max-width: 1024px) 100vw, 1024px\" \/><\/figure>\n\n\n\n<h2 class=\"wp-block-heading\" id=\"h-criando-maior-eficiencia\"><strong>Criando Maior Efici\u00eancia<\/strong><\/h2>\n\n\n\n<p>A efici\u00eancia est\u00e1 no centro da produ\u00e7\u00e3o sustent\u00e1vel. Ao selecionar animais que convertem alimento de forma mais eficiente e produzem com maior rentabilidade, ajudamos os produtores a reduzir custos e impactos ambientais, maximizando os retornos.<\/p>\n\n\n\n<h2 class=\"wp-block-heading\" id=\"h-criando-melhor-saude-animal\"><strong>Criando Melhor Sa\u00fade Animal<\/strong><\/h2>\n\n\n\n<p>Animais saud\u00e1veis s\u00e3o mais produtivos e demandam menos recursos, beneficiando tanto o produtor quanto o meio ambiente. Ao focar nessas caracter\u00edsticas gen\u00e9ticas, apoiamos a forma\u00e7\u00e3o de rebanhos mais eficientes e robustos.<\/p>\n\n\n\n<h2 class=\"wp-block-heading\" id=\"h-criando-comunidades-conscientes\"><strong>Criando Comunidades Conscientes<\/strong><\/h2>\n\n\n\n<p>Para n\u00f3s, sustentabilidade tamb\u00e9m significa promover pr\u00e1ticas \u00e9ticas que cuidem do meio ambiente, apoiem o bem-estar animal e incentivem a diversidade gen\u00e9tica nos rebanhos. Isso fortalece a atividade agropecu\u00e1ria, melhora a seguran\u00e7a alimentar, garante produtos pecu\u00e1rios de qualidade e contribui para a redu\u00e7\u00e3o do impacto ambiental.<\/p>\n\n\n\n<blockquote class=\"wp-block-quote is-layout-flow wp-block-quote-is-layout-flow\">\n<p>Tudo isso \u00e9\u2026\u00a0<strong>Gen\u00e9tica para o Bem<\/strong>.<\/p>\n<\/blockquote>\n\n\n\n<h2 class=\"wp-block-heading\" id=\"h-pesquisa-inovadora-comprovando-o-valor-do-melhoramento-genetico\"><strong>Pesquisa Inovadora: Comprovando o Valor do Melhoramento Gen\u00e9tico<\/strong><\/h2>\n\n\n\n<p>Temos orgulho de ter conclu\u00eddo a primeira Avalia\u00e7\u00e3o de Ciclo de Vida (LCA) completa do setor para carne em leite (Beef on Dairy \u2013 BxD), com o objetivo de entender o impacto da gen\u00e9tica na sustentabilidade. A LCA \u00e9 o padr\u00e3o-ouro na avalia\u00e7\u00e3o de desempenho ambiental, analisando todas as etapas do ciclo de vida de um produto.<\/p>\n\n\n\n<p>Desenvolvidas de acordo com as diretrizes da International Standards Organization (ISO) e atualmente em revis\u00e3o acad\u00eamica especializada, nossas LCAs foram conduzidas por uma consultoria independente de refer\u00eancia, como parte do projeto Innovate UK, com a participa\u00e7\u00e3o de especialistas de importantes universidades dos Estados Unidos, Canad\u00e1 e Europa.<\/p>\n\n\n\n<p>Co-financiado pela Innovate UK e DEFRA, em parceria com o Scotland\u2019s Rural College (SRUC), o programa Climate Smart Genetics est\u00e1 na vanguarda do desenvolvimento de formas inovadoras de medir e reduzir o impacto ambiental da produ\u00e7\u00e3o de carne.<\/p>\n\n\n\n<hr class=\"wp-block-separator has-alpha-channel-opacity\" \/>\n\n\n\n<h3 class=\"wp-block-heading\" id=\"h-nuera-genetics-o-futuro-da-proteina-sustentavel\">NuEra Genetics\u00ae: O Futuro da Prote\u00edna Sustent\u00e1vel<\/h3>\n\n\n\n<p>Utilizando dados reais de desempenho de mais de 60.000 animais BxD em sistemas comerciais do Reino Unido, as an\u00e1lises demonstram que o uso de NuEra Genetics\u00ae proporciona maiores taxas de crescimento, menor uso de insumos, melhor convers\u00e3o alimentar e redu\u00e7\u00e3o mensur\u00e1vel na intensidade das emiss\u00f5es de metano.<\/p>\n\n\n\n<div class=\"wp-block-columns is-layout-flex wp-container-core-columns-is-layout-2 wp-block-columns-is-layout-flex\">\n<div class=\"wp-block-column is-layout-flow wp-block-column-is-layout-flow\" style=\"flex-basis:100%\">\n<div class=\"wp-block-columns is-layout-flex wp-container-core-columns-is-layout-1 wp-block-columns-is-layout-flex\">\n<div class=\"wp-block-column is-layout-flow wp-block-column-is-layout-flow\" style=\"flex-basis:33.33%\">\n<p>Os resultados indicam que, com um programa direcionado de melhoramento gen\u00e9tico, os produtores podem reduzir as emiss\u00f5es em at\u00e9 9% ao ano \u2014 simplesmente escolhendo a gen\u00e9tica certa.<\/p>\n<\/div>\n\n\n\n<div class=\"wp-block-column is-layout-flow wp-block-column-is-layout-flow\" style=\"flex-basis:66.66%\">\n<figure class=\"wp-block-image size-large is-resized\"><img decoding=\"async\" height=\"567\" width=\"1024\" src=\"https:\/\/www.absglobal.com\/br\/wp-content\/uploads\/sites\/16\/2026\/02\/Captura-de-Tela-2026-02-18-as-11.58.00-1.png?w=1024\" alt=\"\" class=\"wp-image-15812\" style=\"width:419px;height:auto\" srcset=\"https:\/\/www.absglobal.com\/br\/wp-content\/uploads\/sites\/16\/2026\/02\/Captura-de-Tela-2026-02-18-as-11.58.00-1.png 1088w, https:\/\/www.absglobal.com\/br\/wp-content\/uploads\/sites\/16\/2026\/02\/Captura-de-Tela-2026-02-18-as-11.58.00-1.png?resize=300,166 300w, https:\/\/www.absglobal.com\/br\/wp-content\/uploads\/sites\/16\/2026\/02\/Captura-de-Tela-2026-02-18-as-11.58.00-1.png?resize=768,425 768w, https:\/\/www.absglobal.com\/br\/wp-content\/uploads\/sites\/16\/2026\/02\/Captura-de-Tela-2026-02-18-as-11.58.00-1.png?resize=1024,567 1024w\" sizes=\"(max-width: 1024px) 100vw, 1024px\" \/><\/figure>\n<\/div>\n<\/div>\n<\/div>\n<\/div>\n\n\n\n<p>O NuEra Genetics oferece aos produtores a oportunidade de produzir prote\u00edna de maior qualidade e mais sustent\u00e1vel, com menor impacto ambiental e maior rentabilidade. Com o poder da gen\u00e9tica e um programa estruturado de melhoramento, \u00e9 poss\u00edvel produzir mais com menos, aumentando a efici\u00eancia e a lucratividade de toda a cadeia e reduzindo as emiss\u00f5es de gases de efeito estufa (GEE).<\/p>\n\n\n\n<hr class=\"wp-block-separator has-alpha-channel-opacity\" \/>\n\n\n\n<figure class=\"wp-block-image size-large\"><img decoding=\"async\" height=\"432\" width=\"1024\" src=\"https:\/\/www.absglobal.com\/br\/wp-content\/uploads\/sites\/16\/2026\/02\/Captura-de-Tela-2026-02-18-as-11.56.53.png?w=1024\" alt=\"\" class=\"wp-image-15810\" srcset=\"https:\/\/www.absglobal.com\/br\/wp-content\/uploads\/sites\/16\/2026\/02\/Captura-de-Tela-2026-02-18-as-11.56.53.png 1650w, https:\/\/www.absglobal.com\/br\/wp-content\/uploads\/sites\/16\/2026\/02\/Captura-de-Tela-2026-02-18-as-11.56.53.png?resize=300,127 300w, https:\/\/www.absglobal.com\/br\/wp-content\/uploads\/sites\/16\/2026\/02\/Captura-de-Tela-2026-02-18-as-11.56.53.png?resize=768,324 768w, https:\/\/www.absglobal.com\/br\/wp-content\/uploads\/sites\/16\/2026\/02\/Captura-de-Tela-2026-02-18-as-11.56.53.png?resize=1024,432 1024w, https:\/\/www.absglobal.com\/br\/wp-content\/uploads\/sites\/16\/2026\/02\/Captura-de-Tela-2026-02-18-as-11.56.53.png?resize=1536,648 1536w\" sizes=\"(max-width: 1024px) 100vw, 1024px\" \/><\/figure>\n\n\n\n<p>O melhoramento gen\u00e9tico \u00e9 uma solu\u00e7\u00e3o de sustentabilidade de longo prazo. O impacto da gen\u00e9tica gera benef\u00edcios permanentes e cumulativos para produtores, comunidades e meio ambiente. Ao oferecer ferramentas para selecionar a melhor gen\u00e9tica, a ABS ajuda os produtores a aumentar a produtividade, melhorar a rentabilidade e minimizar o impacto ambiental \u2014 capacitando o setor a avan\u00e7ar rumo a uma agricultura mais sustent\u00e1vel.<\/p>\n","protected":false},"excerpt":{"rendered":"<p>Na ABS, sustentabilidade \u00e9 mais do que um conceito: est\u00e1 no centro das nossas opera\u00e7\u00f5es. Ela est\u00e1 presente em cada decis\u00e3o que tomamos ao longo dos \u00faltimos 80 anos e nas que continuamos a tomar. Nossa miss\u00e3o permanece a mesma: liderar o melhoramento gen\u00e9tico animal para nutrir o mundo de forma sustent\u00e1vel. Nossos programas de [&hellip;]<\/p>\n","protected":false},"author":10335,"featured_media":0,"parent":0,"menu_order":0,"comment_status":"closed","ping_status":"closed","template":"","meta":{"_acf_changed":false,"content-type":"","footnotes":""},"class_list":["post-15808","page","type-page","status-publish","hentry"],"acf":[],"yoast_head":"<!-- This site is optimized with the Yoast SEO Premium plugin v25.6 (Yoast SEO v25.6) - https:\/\/yoast.com\/wordpress\/plugins\/seo\/ -->\n<title>Sustentabilidade na pecu\u00e1ria come\u00e7a com gen\u00e9tica - ABS Global Brasil<\/title>\n<meta name=\"robots\" content=\"index, follow, max-snippet:-1, max-image-preview:large, max-video-preview:-1\" \/>\n<link rel=\"canonical\" href=\"https:\/\/www.absglobal.com\/br\/sustentabilidade-na-pecuaria-comeca-com-genetica\/\" \/>\n<meta property=\"og:locale\" content=\"pt_BR\" \/>\n<meta property=\"og:type\" content=\"article\" \/>\n<meta property=\"og:title\" content=\"Sustentabilidade na pecu\u00e1ria come\u00e7a com gen\u00e9tica\" \/>\n<meta property=\"og:description\" content=\"Na ABS, sustentabilidade \u00e9 mais do que um conceito: est\u00e1 no centro das nossas opera\u00e7\u00f5es. Ela est\u00e1 presente em cada decis\u00e3o que tomamos ao longo dos \u00faltimos 80 anos e nas que continuamos a tomar. Nossa miss\u00e3o permanece a mesma: liderar o melhoramento gen\u00e9tico animal para nutrir o mundo de forma sustent\u00e1vel. Nossos programas de [&hellip;]\" \/>\n<meta property=\"og:url\" content=\"https:\/\/www.absglobal.com\/br\/sustentabilidade-na-pecuaria-comeca-com-genetica\/\" \/>\n<meta property=\"og:site_name\" content=\"ABS Global Brasil\" \/>\n<meta property=\"article:modified_time\" content=\"2026-02-24T18:07:58+00:00\" \/>\n<meta property=\"og:image\" content=\"https:\/\/www.absglobal.com\/br\/wp-content\/uploads\/sites\/16\/2026\/02\/Captura-de-Tela-2026-02-18-as-11.50.09.png\" \/>\n\t<meta property=\"og:image:width\" content=\"1500\" \/>\n\t<meta property=\"og:image:height\" content=\"662\" \/>\n\t<meta property=\"og:image:type\" content=\"image\/png\" \/>\n<meta name=\"twitter:card\" content=\"summary_large_image\" \/>\n<meta name=\"twitter:label1\" content=\"Est. reading time\" \/>\n\t<meta name=\"twitter:data1\" content=\"5 minutos\" \/>\n<script type=\"application\/ld+json\" class=\"yoast-schema-graph\">{\"@context\":\"https:\/\/schema.org\",\"@graph\":[{\"@type\":\"WebPage\",\"@id\":\"https:\/\/www.absglobal.com\/br\/sustentabilidade-na-pecuaria-comeca-com-genetica\/\",\"url\":\"https:\/\/www.absglobal.com\/br\/sustentabilidade-na-pecuaria-comeca-com-genetica\/\",\"name\":\"Sustentabilidade na pecu\u00e1ria come\u00e7a com gen\u00e9tica - ABS Global Brasil\",\"isPartOf\":{\"@id\":\"https:\/\/www.absglobal.com\/br\/#website\"},\"primaryImageOfPage\":{\"@id\":\"https:\/\/www.absglobal.com\/br\/sustentabilidade-na-pecuaria-comeca-com-genetica\/#primaryimage\"},\"image\":{\"@id\":\"https:\/\/www.absglobal.com\/br\/sustentabilidade-na-pecuaria-comeca-com-genetica\/#primaryimage\"},\"thumbnailUrl\":\"https:\/\/www.absglobal.com\/br\/wp-content\/uploads\/sites\/16\/2026\/02\/Captura-de-Tela-2026-02-18-as-11.50.09.png?w=1024\",\"datePublished\":\"2026-02-18T15:03:35+00:00\",\"dateModified\":\"2026-02-24T18:07:58+00:00\",\"breadcrumb\":{\"@id\":\"https:\/\/www.absglobal.com\/br\/sustentabilidade-na-pecuaria-comeca-com-genetica\/#breadcrumb\"},\"inLanguage\":\"pt-BR\",\"potentialAction\":[{\"@type\":\"ReadAction\",\"target\":[\"https:\/\/www.absglobal.com\/br\/sustentabilidade-na-pecuaria-comeca-com-genetica\/\"]}]},{\"@type\":\"ImageObject\",\"inLanguage\":\"pt-BR\",\"@id\":\"https:\/\/www.absglobal.com\/br\/sustentabilidade-na-pecuaria-comeca-com-genetica\/#primaryimage\",\"url\":\"https:\/\/www.absglobal.com\/br\/wp-content\/uploads\/sites\/16\/2026\/02\/Captura-de-Tela-2026-02-18-as-11.50.09.png\",\"contentUrl\":\"https:\/\/www.absglobal.com\/br\/wp-content\/uploads\/sites\/16\/2026\/02\/Captura-de-Tela-2026-02-18-as-11.50.09.png\",\"width\":1500,\"height\":662},{\"@type\":\"BreadcrumbList\",\"@id\":\"https:\/\/www.absglobal.com\/br\/sustentabilidade-na-pecuaria-comeca-com-genetica\/#breadcrumb\",\"itemListElement\":[{\"@type\":\"ListItem\",\"position\":1,\"name\":\"Home\",\"item\":\"https:\/\/www.absglobal.com\/br\/\"},{\"@type\":\"ListItem\",\"position\":2,\"name\":\"Sustentabilidade na pecu\u00e1ria come\u00e7a com gen\u00e9tica\"}]},{\"@type\":\"WebSite\",\"@id\":\"https:\/\/www.absglobal.com\/br\/#website\",\"url\":\"https:\/\/www.absglobal.com\/br\/\",\"name\":\"ABS Global Brasil\",\"description\":\"\",\"publisher\":{\"@id\":\"https:\/\/www.absglobal.com\/br\/#organization\"},\"potentialAction\":[{\"@type\":\"SearchAction\",\"target\":{\"@type\":\"EntryPoint\",\"urlTemplate\":\"https:\/\/www.absglobal.com\/br\/?s={search_term_string}\"},\"query-input\":{\"@type\":\"PropertyValueSpecification\",\"valueRequired\":true,\"valueName\":\"search_term_string\"}}],\"inLanguage\":\"pt-BR\"},{\"@type\":\"Organization\",\"@id\":\"https:\/\/www.absglobal.com\/br\/#organization\",\"name\":\"ABS Global Brasil\",\"url\":\"https:\/\/www.absglobal.com\/br\/\",\"logo\":{\"@type\":\"ImageObject\",\"inLanguage\":\"pt-BR\",\"@id\":\"https:\/\/www.absglobal.com\/br\/#\/schema\/logo\/image\/\",\"url\":\"https:\/\/www.absglobal.com\/br\/wp-content\/uploads\/sites\/16\/2020\/03\/LogoRGB.png\",\"contentUrl\":\"https:\/\/www.absglobal.com\/br\/wp-content\/uploads\/sites\/16\/2020\/03\/LogoRGB.png\",\"width\":872,\"height\":1080,\"caption\":\"ABS Global Brasil \"},\"image\":{\"@id\":\"https:\/\/www.absglobal.com\/br\/#\/schema\/logo\/image\/\"}}]}<\/script>\n<!-- \/ Yoast SEO Premium plugin. -->","yoast_head_json":{"title":"Sustentabilidade na pecu\u00e1ria come\u00e7a com gen\u00e9tica - ABS Global Brasil","robots":{"index":"index","follow":"follow","max-snippet":"max-snippet:-1","max-image-preview":"max-image-preview:large","max-video-preview":"max-video-preview:-1"},"canonical":"https:\/\/www.absglobal.com\/br\/sustentabilidade-na-pecuaria-comeca-com-genetica\/","og_locale":"pt_BR","og_type":"article","og_title":"Sustentabilidade na pecu\u00e1ria come\u00e7a com gen\u00e9tica","og_description":"Na ABS, sustentabilidade \u00e9 mais do que um conceito: est\u00e1 no centro das nossas opera\u00e7\u00f5es. Ela est\u00e1 presente em cada decis\u00e3o que tomamos ao longo dos \u00faltimos 80 anos e nas que continuamos a tomar. Nossa miss\u00e3o permanece a mesma: liderar o melhoramento gen\u00e9tico animal para nutrir o mundo de forma sustent\u00e1vel. Nossos programas de [&hellip;]","og_url":"https:\/\/www.absglobal.com\/br\/sustentabilidade-na-pecuaria-comeca-com-genetica\/","og_site_name":"ABS Global Brasil","article_modified_time":"2026-02-24T18:07:58+00:00","og_image":[{"width":1500,"height":662,"url":"https:\/\/www.absglobal.com\/br\/wp-content\/uploads\/sites\/16\/2026\/02\/Captura-de-Tela-2026-02-18-as-11.50.09.png","type":"image\/png"}],"twitter_card":"summary_large_image","twitter_misc":{"Est. reading time":"5 minutos"},"schema":{"@context":"https:\/\/schema.org","@graph":[{"@type":"WebPage","@id":"https:\/\/www.absglobal.com\/br\/sustentabilidade-na-pecuaria-comeca-com-genetica\/","url":"https:\/\/www.absglobal.com\/br\/sustentabilidade-na-pecuaria-comeca-com-genetica\/","name":"Sustentabilidade na pecu\u00e1ria come\u00e7a com gen\u00e9tica - ABS Global Brasil","isPartOf":{"@id":"https:\/\/www.absglobal.com\/br\/#website"},"primaryImageOfPage":{"@id":"https:\/\/www.absglobal.com\/br\/sustentabilidade-na-pecuaria-comeca-com-genetica\/#primaryimage"},"image":{"@id":"https:\/\/www.absglobal.com\/br\/sustentabilidade-na-pecuaria-comeca-com-genetica\/#primaryimage"},"thumbnailUrl":"https:\/\/www.absglobal.com\/br\/wp-content\/uploads\/sites\/16\/2026\/02\/Captura-de-Tela-2026-02-18-as-11.50.09.png?w=1024","datePublished":"2026-02-18T15:03:35+00:00","dateModified":"2026-02-24T18:07:58+00:00","breadcrumb":{"@id":"https:\/\/www.absglobal.com\/br\/sustentabilidade-na-pecuaria-comeca-com-genetica\/#breadcrumb"},"inLanguage":"pt-BR","potentialAction":[{"@type":"ReadAction","target":["https:\/\/www.absglobal.com\/br\/sustentabilidade-na-pecuaria-comeca-com-genetica\/"]}]},{"@type":"ImageObject","inLanguage":"pt-BR","@id":"https:\/\/www.absglobal.com\/br\/sustentabilidade-na-pecuaria-comeca-com-genetica\/#primaryimage","url":"https:\/\/www.absglobal.com\/br\/wp-content\/uploads\/sites\/16\/2026\/02\/Captura-de-Tela-2026-02-18-as-11.50.09.png","contentUrl":"https:\/\/www.absglobal.com\/br\/wp-content\/uploads\/sites\/16\/2026\/02\/Captura-de-Tela-2026-02-18-as-11.50.09.png","width":1500,"height":662},{"@type":"BreadcrumbList","@id":"https:\/\/www.absglobal.com\/br\/sustentabilidade-na-pecuaria-comeca-com-genetica\/#breadcrumb","itemListElement":[{"@type":"ListItem","position":1,"name":"Home","item":"https:\/\/www.absglobal.com\/br\/"},{"@type":"ListItem","position":2,"name":"Sustentabilidade na pecu\u00e1ria come\u00e7a com gen\u00e9tica"}]},{"@type":"WebSite","@id":"https:\/\/www.absglobal.com\/br\/#website","url":"https:\/\/www.absglobal.com\/br\/","name":"ABS Global Brasil","description":"","publisher":{"@id":"https:\/\/www.absglobal.com\/br\/#organization"},"potentialAction":[{"@type":"SearchAction","target":{"@type":"EntryPoint","urlTemplate":"https:\/\/www.absglobal.com\/br\/?s={search_term_string}"},"query-input":{"@type":"PropertyValueSpecification","valueRequired":true,"valueName":"search_term_string"}}],"inLanguage":"pt-BR"},{"@type":"Organization","@id":"https:\/\/www.absglobal.com\/br\/#organization","name":"ABS Global Brasil","url":"https:\/\/www.absglobal.com\/br\/","logo":{"@type":"ImageObject","inLanguage":"pt-BR","@id":"https:\/\/www.absglobal.com\/br\/#\/schema\/logo\/image\/","url":"https:\/\/www.absglobal.com\/br\/wp-content\/uploads\/sites\/16\/2020\/03\/LogoRGB.png","contentUrl":"https:\/\/www.absglobal.com\/br\/wp-content\/uploads\/sites\/16\/2020\/03\/LogoRGB.png","width":872,"height":1080,"caption":"ABS Global Brasil "},"image":{"@id":"https:\/\/www.absglobal.com\/br\/#\/schema\/logo\/image\/"}}]}},"_links":{"self":[{"href":"https:\/\/www.absglobal.com\/br\/wp-json\/wp\/v2\/pages\/15808"}],"collection":[{"href":"https:\/\/www.absglobal.com\/br\/wp-json\/wp\/v2\/pages"}],"about":[{"href":"https:\/\/www.absglobal.com\/br\/wp-json\/wp\/v2\/types\/page"}],"author":[{"embeddable":true,"href":"https:\/\/www.absglobal.com\/br\/wp-json\/wp\/v2\/users\/10335"}],"replies":[{"embeddable":true,"href":"https:\/\/www.absglobal.com\/br\/wp-json\/wp\/v2\/comments?post=15808"}],"version-history":[{"count":2,"href":"https:\/\/www.absglobal.com\/br\/wp-json\/wp\/v2\/pages\/15808\/revisions"}],"predecessor-version":[{"id":15814,"href":"https:\/\/www.absglobal.com\/br\/wp-json\/wp\/v2\/pages\/15808\/revisions\/15814"}],"wp:attachment":[{"href":"https:\/\/www.absglobal.com\/br\/wp-json\/wp\/v2\/media?parent=15808"}],"curies":[{"name":"wp","href":"https:\/\/api.w.org\/{rel}","templated":true}]}}