{"id":16194,"date":"2026-04-14T13:19:55","date_gmt":"2026-04-14T18:19:55","guid":{"rendered":"https:\/\/www.absglobal.com\/br\/?page_id=16194"},"modified":"2026-04-17T06:29:34","modified_gmt":"2026-04-17T11:29:34","slug":"selo-prime","status":"publish","type":"page","link":"https:\/\/www.absglobal.com\/br\/selo-prime\/","title":{"rendered":"Selo Prime"},"content":{"rendered":"<div class=\"wp-block-image\">\n<figure class=\"aligncenter size-large is-resized\"><img fetchpriority=\"high\" decoding=\"async\" height=\"1024\" width=\"1016\" src=\"https:\/\/www.absglobal.com\/br\/wp-content\/uploads\/sites\/16\/2026\/04\/Selo.png?w=1016\" alt=\"\" class=\"wp-image-16197\" style=\"width:217px;height:auto\" srcset=\"https:\/\/www.absglobal.com\/br\/wp-content\/uploads\/sites\/16\/2026\/04\/Selo.png 1089w, https:\/\/www.absglobal.com\/br\/wp-content\/uploads\/sites\/16\/2026\/04\/Selo.png?resize=150,150 150w, https:\/\/www.absglobal.com\/br\/wp-content\/uploads\/sites\/16\/2026\/04\/Selo.png?resize=298,300 298w, https:\/\/www.absglobal.com\/br\/wp-content\/uploads\/sites\/16\/2026\/04\/Selo.png?resize=768,774 768w, https:\/\/www.absglobal.com\/br\/wp-content\/uploads\/sites\/16\/2026\/04\/Selo.png?resize=1016,1024 1016w\" sizes=\"(max-width: 1016px) 100vw, 1016px\" \/><\/figure><\/div>\n\n\n<p class=\"has-text-align-center\"><strong>O \u00cdNDICE GEN\u00c9TICO PARA QUALIDADE DE CARNE<\/strong><\/p>\n\n\n\n<div class=\"wp-block-columns is-layout-flex wp-container-core-columns-is-layout-1 wp-block-columns-is-layout-flex\">\n<div class=\"wp-block-column is-layout-flow wp-block-column-is-layout-flow\" style=\"flex-basis:66.66%\">\n<p>O&nbsp;<strong>Prime<\/strong>&nbsp;\u00e9 o primeiro \u00edndice gen\u00e9tico da ABS desenvolvido com foco exclusivo na&nbsp;<strong>qualidade da carne<\/strong>: um novo padr\u00e3o para orientar decis\u00f5es mais precisas e rent\u00e1veis na pecu\u00e1ria de corte.<\/p>\n\n\n\n<p>Mais do que um indicador isolado, o <strong>Prime<\/strong> representa a evolu\u00e7\u00e3o do tradicional&nbsp;<strong>Selo Top M<\/strong> (que se baseava apenas em marmoreio), trazendo uma abordagem mais completa, t\u00e9cnica e conectada ao valor real da carca\u00e7a.<\/p>\n\n\n\n<p>O Prime \u00e9 constru\u00eddo a partir de crit\u00e9rios&nbsp;<strong>gen\u00e9ticos, gen\u00f4micos e econ\u00f4micos<\/strong>, que refletem o valor real da carne, considerando de forma integrada:<\/p>\n\n\n\n<ul class=\"wp-block-list\">\n<li>Marmoreio<\/li>\n\n\n\n<li>\u00c1rea de olho de lombo<\/li>\n\n\n\n<li>Espessura de gordura<\/li>\n<\/ul>\n<\/div>\n\n\n\n<div class=\"wp-block-column is-layout-flow wp-block-column-is-layout-flow\" style=\"flex-basis:33.33%\">\n<figure class=\"wp-block-video\"><video controls src=\"https:\/\/www.absglobal.com\/br\/wp-content\/uploads\/sites\/16\/2026\/04\/WhatsApp-Video-2026-04-15-at-18.47.44-2.mp4\"><\/video><\/figure>\n<\/div>\n<\/div>\n\n\n\n<p><strong>Como o Selo Prime foi desenvolvido?<\/strong><br>O \u00edndice foi desenvolvido a partir de uma base consistente de dados:<\/p>\n\n\n\n<ul class=\"wp-block-list\">\n<li>Mais de&nbsp;<strong>7.100 registros de abate t\u00e9cnico<\/strong><\/li>\n\n\n\n<li>Informa\u00e7\u00f5es gen\u00e9ticas, gen\u00f4micas e fenot\u00edpicas<\/li>\n\n\n\n<li>Modelos estat\u00edsticos e bioecon\u00f4micos consolidados<\/li>\n<\/ul>\n\n\n<div class=\"wp-block-image\">\n<figure class=\"aligncenter size-large is-resized\"><img decoding=\"async\" height=\"571\" width=\"1024\" src=\"https:\/\/www.absglobal.com\/br\/wp-content\/uploads\/sites\/16\/2026\/04\/Captura-de-Tela-2026-04-14-as-15.36.22.png?w=1024\" alt=\"\" class=\"wp-image-16209\" style=\"width:637px;height:auto\" srcset=\"https:\/\/www.absglobal.com\/br\/wp-content\/uploads\/sites\/16\/2026\/04\/Captura-de-Tela-2026-04-14-as-15.36.22.png 3446w, https:\/\/www.absglobal.com\/br\/wp-content\/uploads\/sites\/16\/2026\/04\/Captura-de-Tela-2026-04-14-as-15.36.22.png?resize=300,167 300w, https:\/\/www.absglobal.com\/br\/wp-content\/uploads\/sites\/16\/2026\/04\/Captura-de-Tela-2026-04-14-as-15.36.22.png?resize=768,428 768w, https:\/\/www.absglobal.com\/br\/wp-content\/uploads\/sites\/16\/2026\/04\/Captura-de-Tela-2026-04-14-as-15.36.22.png?resize=1024,571 1024w, https:\/\/www.absglobal.com\/br\/wp-content\/uploads\/sites\/16\/2026\/04\/Captura-de-Tela-2026-04-14-as-15.36.22.png?resize=1536,857 1536w, https:\/\/www.absglobal.com\/br\/wp-content\/uploads\/sites\/16\/2026\/04\/Captura-de-Tela-2026-04-14-as-15.36.22.png?resize=2048,1142 2048w\" sizes=\"(max-width: 1024px) 100vw, 1024px\" \/><\/figure><\/div>\n\n\n<div class=\"wp-block-columns is-layout-flex wp-container-core-columns-is-layout-2 wp-block-columns-is-layout-flex\">\n<div class=\"wp-block-column is-layout-flow wp-block-column-is-layout-flow\" style=\"flex-basis:33.33%\">\n<figure class=\"wp-block-image size-full is-resized\"><img decoding=\"async\" width=\"670\" height=\"800\" src=\"https:\/\/www.absglobal.com\/br\/wp-content\/uploads\/sites\/16\/2026\/04\/imagem_c578b1.jpeg\" alt=\"\" class=\"wp-image-16208\" style=\"width:248px;height:auto\" srcset=\"https:\/\/www.absglobal.com\/br\/wp-content\/uploads\/sites\/16\/2026\/04\/imagem_c578b1.jpeg 670w, https:\/\/www.absglobal.com\/br\/wp-content\/uploads\/sites\/16\/2026\/04\/imagem_c578b1.jpeg?resize=251,300 251w\" sizes=\"(max-width: 670px) 100vw, 670px\" \/><\/figure>\n<\/div>\n\n\n\n<div class=\"wp-block-column is-layout-flow wp-block-column-is-layout-flow\" style=\"flex-basis:66.66%\">\n<p><br><strong>Como ter acesso \u00e0 gen\u00e9tica certificada com Selo Prime?<\/strong><\/p>\n\n\n\n<p><br>Os produtores podem encontrar os touros com Selo Prime diretamente no <a href=\"https:\/\/absbullsearch.absglobal.com\">BullSearch da ABS<\/a>. A certifica\u00e7\u00e3o tamb\u00e9m est\u00e1 dispon\u00edvel para a <a href=\"https:\/\/www.absglobal.com\/br\/solucoes\/super-dose-abs\/\">Super Dose ABS<\/a>.<\/p>\n<\/div>\n<\/div>\n","protected":false},"excerpt":{"rendered":"<p>O \u00cdNDICE GEN\u00c9TICO PARA QUALIDADE DE CARNE O&nbsp;Prime&nbsp;\u00e9 o primeiro \u00edndice gen\u00e9tico da ABS desenvolvido com foco exclusivo na&nbsp;qualidade da carne: um novo padr\u00e3o para orientar decis\u00f5es mais precisas e rent\u00e1veis na pecu\u00e1ria de corte. Mais do que um indicador isolado, o Prime representa a evolu\u00e7\u00e3o do tradicional&nbsp;Selo Top M (que se baseava apenas em [&hellip;]<\/p>\n","protected":false},"author":10335,"featured_media":0,"parent":0,"menu_order":0,"comment_status":"closed","ping_status":"closed","template":"","meta":{"_acf_changed":false,"content-type":"","footnotes":""},"class_list":["post-16194","page","type-page","status-publish","hentry"],"acf":[],"yoast_head":"<!-- This site is optimized with the Yoast SEO Premium plugin v25.6 (Yoast SEO v25.6) - https:\/\/yoast.com\/wordpress\/plugins\/seo\/ -->\n<title>Selo Prime - ABS Global Brasil<\/title>\n<meta name=\"robots\" content=\"index, follow, max-snippet:-1, max-image-preview:large, max-video-preview:-1\" \/>\n<link rel=\"canonical\" href=\"https:\/\/www.absglobal.com\/br\/selo-prime\/\" \/>\n<meta property=\"og:locale\" content=\"pt_BR\" \/>\n<meta property=\"og:type\" content=\"article\" \/>\n<meta property=\"og:title\" content=\"Selo Prime\" \/>\n<meta property=\"og:description\" content=\"O \u00cdNDICE GEN\u00c9TICO PARA QUALIDADE DE CARNE O&nbsp;Prime&nbsp;\u00e9 o primeiro \u00edndice gen\u00e9tico da ABS desenvolvido com foco exclusivo na&nbsp;qualidade da carne: um novo padr\u00e3o para orientar decis\u00f5es mais precisas e rent\u00e1veis na pecu\u00e1ria de corte. Mais do que um indicador isolado, o Prime representa a evolu\u00e7\u00e3o do tradicional&nbsp;Selo Top M (que se baseava apenas em [&hellip;]\" \/>\n<meta property=\"og:url\" content=\"https:\/\/www.absglobal.com\/br\/selo-prime\/\" \/>\n<meta property=\"og:site_name\" content=\"ABS Global Brasil\" \/>\n<meta property=\"article:modified_time\" content=\"2026-04-17T11:29:34+00:00\" \/>\n<meta property=\"og:image\" content=\"https:\/\/www.absglobal.com\/br\/wp-content\/uploads\/sites\/16\/2026\/04\/Selo.png\" \/>\n\t<meta property=\"og:image:width\" content=\"1089\" \/>\n\t<meta property=\"og:image:height\" content=\"1098\" \/>\n\t<meta property=\"og:image:type\" content=\"image\/png\" \/>\n<meta name=\"twitter:card\" content=\"summary_large_image\" \/>\n<meta name=\"twitter:label1\" content=\"Est. reading time\" \/>\n\t<meta name=\"twitter:data1\" content=\"2 minutos\" \/>\n<script type=\"application\/ld+json\" class=\"yoast-schema-graph\">{\"@context\":\"https:\/\/schema.org\",\"@graph\":[{\"@type\":\"WebPage\",\"@id\":\"https:\/\/www.absglobal.com\/br\/selo-prime\/\",\"url\":\"https:\/\/www.absglobal.com\/br\/selo-prime\/\",\"name\":\"Selo Prime - ABS Global Brasil\",\"isPartOf\":{\"@id\":\"https:\/\/www.absglobal.com\/br\/#website\"},\"primaryImageOfPage\":{\"@id\":\"https:\/\/www.absglobal.com\/br\/selo-prime\/#primaryimage\"},\"image\":{\"@id\":\"https:\/\/www.absglobal.com\/br\/selo-prime\/#primaryimage\"},\"thumbnailUrl\":\"https:\/\/www.absglobal.com\/br\/wp-content\/uploads\/sites\/16\/2026\/04\/Selo.png?w=1016\",\"datePublished\":\"2026-04-14T18:19:55+00:00\",\"dateModified\":\"2026-04-17T11:29:34+00:00\",\"breadcrumb\":{\"@id\":\"https:\/\/www.absglobal.com\/br\/selo-prime\/#breadcrumb\"},\"inLanguage\":\"pt-BR\",\"potentialAction\":[{\"@type\":\"ReadAction\",\"target\":[\"https:\/\/www.absglobal.com\/br\/selo-prime\/\"]}]},{\"@type\":\"ImageObject\",\"inLanguage\":\"pt-BR\",\"@id\":\"https:\/\/www.absglobal.com\/br\/selo-prime\/#primaryimage\",\"url\":\"https:\/\/www.absglobal.com\/br\/wp-content\/uploads\/sites\/16\/2026\/04\/Selo.png\",\"contentUrl\":\"https:\/\/www.absglobal.com\/br\/wp-content\/uploads\/sites\/16\/2026\/04\/Selo.png\",\"width\":1089,\"height\":1098},{\"@type\":\"BreadcrumbList\",\"@id\":\"https:\/\/www.absglobal.com\/br\/selo-prime\/#breadcrumb\",\"itemListElement\":[{\"@type\":\"ListItem\",\"position\":1,\"name\":\"Home\",\"item\":\"https:\/\/www.absglobal.com\/br\/\"},{\"@type\":\"ListItem\",\"position\":2,\"name\":\"Selo Prime\"}]},{\"@type\":\"WebSite\",\"@id\":\"https:\/\/www.absglobal.com\/br\/#website\",\"url\":\"https:\/\/www.absglobal.com\/br\/\",\"name\":\"ABS Global Brasil\",\"description\":\"\",\"publisher\":{\"@id\":\"https:\/\/www.absglobal.com\/br\/#organization\"},\"potentialAction\":[{\"@type\":\"SearchAction\",\"target\":{\"@type\":\"EntryPoint\",\"urlTemplate\":\"https:\/\/www.absglobal.com\/br\/?s={search_term_string}\"},\"query-input\":{\"@type\":\"PropertyValueSpecification\",\"valueRequired\":true,\"valueName\":\"search_term_string\"}}],\"inLanguage\":\"pt-BR\"},{\"@type\":\"Organization\",\"@id\":\"https:\/\/www.absglobal.com\/br\/#organization\",\"name\":\"ABS Global Brasil\",\"url\":\"https:\/\/www.absglobal.com\/br\/\",\"logo\":{\"@type\":\"ImageObject\",\"inLanguage\":\"pt-BR\",\"@id\":\"https:\/\/www.absglobal.com\/br\/#\/schema\/logo\/image\/\",\"url\":\"https:\/\/www.absglobal.com\/br\/wp-content\/uploads\/sites\/16\/2020\/03\/LogoRGB.png\",\"contentUrl\":\"https:\/\/www.absglobal.com\/br\/wp-content\/uploads\/sites\/16\/2020\/03\/LogoRGB.png\",\"width\":872,\"height\":1080,\"caption\":\"ABS Global Brasil \"},\"image\":{\"@id\":\"https:\/\/www.absglobal.com\/br\/#\/schema\/logo\/image\/\"}}]}<\/script>\n<!-- \/ Yoast SEO Premium plugin. -->","yoast_head_json":{"title":"Selo Prime - ABS Global Brasil","robots":{"index":"index","follow":"follow","max-snippet":"max-snippet:-1","max-image-preview":"max-image-preview:large","max-video-preview":"max-video-preview:-1"},"canonical":"https:\/\/www.absglobal.com\/br\/selo-prime\/","og_locale":"pt_BR","og_type":"article","og_title":"Selo Prime","og_description":"O \u00cdNDICE GEN\u00c9TICO PARA QUALIDADE DE CARNE O&nbsp;Prime&nbsp;\u00e9 o primeiro \u00edndice gen\u00e9tico da ABS desenvolvido com foco exclusivo na&nbsp;qualidade da carne: um novo padr\u00e3o para orientar decis\u00f5es mais precisas e rent\u00e1veis na pecu\u00e1ria de corte. Mais do que um indicador isolado, o Prime representa a evolu\u00e7\u00e3o do tradicional&nbsp;Selo Top M (que se baseava apenas em [&hellip;]","og_url":"https:\/\/www.absglobal.com\/br\/selo-prime\/","og_site_name":"ABS Global Brasil","article_modified_time":"2026-04-17T11:29:34+00:00","og_image":[{"width":1089,"height":1098,"url":"https:\/\/www.absglobal.com\/br\/wp-content\/uploads\/sites\/16\/2026\/04\/Selo.png","type":"image\/png"}],"twitter_card":"summary_large_image","twitter_misc":{"Est. reading time":"2 minutos"},"schema":{"@context":"https:\/\/schema.org","@graph":[{"@type":"WebPage","@id":"https:\/\/www.absglobal.com\/br\/selo-prime\/","url":"https:\/\/www.absglobal.com\/br\/selo-prime\/","name":"Selo Prime - ABS Global Brasil","isPartOf":{"@id":"https:\/\/www.absglobal.com\/br\/#website"},"primaryImageOfPage":{"@id":"https:\/\/www.absglobal.com\/br\/selo-prime\/#primaryimage"},"image":{"@id":"https:\/\/www.absglobal.com\/br\/selo-prime\/#primaryimage"},"thumbnailUrl":"https:\/\/www.absglobal.com\/br\/wp-content\/uploads\/sites\/16\/2026\/04\/Selo.png?w=1016","datePublished":"2026-04-14T18:19:55+00:00","dateModified":"2026-04-17T11:29:34+00:00","breadcrumb":{"@id":"https:\/\/www.absglobal.com\/br\/selo-prime\/#breadcrumb"},"inLanguage":"pt-BR","potentialAction":[{"@type":"ReadAction","target":["https:\/\/www.absglobal.com\/br\/selo-prime\/"]}]},{"@type":"ImageObject","inLanguage":"pt-BR","@id":"https:\/\/www.absglobal.com\/br\/selo-prime\/#primaryimage","url":"https:\/\/www.absglobal.com\/br\/wp-content\/uploads\/sites\/16\/2026\/04\/Selo.png","contentUrl":"https:\/\/www.absglobal.com\/br\/wp-content\/uploads\/sites\/16\/2026\/04\/Selo.png","width":1089,"height":1098},{"@type":"BreadcrumbList","@id":"https:\/\/www.absglobal.com\/br\/selo-prime\/#breadcrumb","itemListElement":[{"@type":"ListItem","position":1,"name":"Home","item":"https:\/\/www.absglobal.com\/br\/"},{"@type":"ListItem","position":2,"name":"Selo Prime"}]},{"@type":"WebSite","@id":"https:\/\/www.absglobal.com\/br\/#website","url":"https:\/\/www.absglobal.com\/br\/","name":"ABS Global Brasil","description":"","publisher":{"@id":"https:\/\/www.absglobal.com\/br\/#organization"},"potentialAction":[{"@type":"SearchAction","target":{"@type":"EntryPoint","urlTemplate":"https:\/\/www.absglobal.com\/br\/?s={search_term_string}"},"query-input":{"@type":"PropertyValueSpecification","valueRequired":true,"valueName":"search_term_string"}}],"inLanguage":"pt-BR"},{"@type":"Organization","@id":"https:\/\/www.absglobal.com\/br\/#organization","name":"ABS Global Brasil","url":"https:\/\/www.absglobal.com\/br\/","logo":{"@type":"ImageObject","inLanguage":"pt-BR","@id":"https:\/\/www.absglobal.com\/br\/#\/schema\/logo\/image\/","url":"https:\/\/www.absglobal.com\/br\/wp-content\/uploads\/sites\/16\/2020\/03\/LogoRGB.png","contentUrl":"https:\/\/www.absglobal.com\/br\/wp-content\/uploads\/sites\/16\/2020\/03\/LogoRGB.png","width":872,"height":1080,"caption":"ABS Global Brasil "},"image":{"@id":"https:\/\/www.absglobal.com\/br\/#\/schema\/logo\/image\/"}}]}},"_links":{"self":[{"href":"https:\/\/www.absglobal.com\/br\/wp-json\/wp\/v2\/pages\/16194"}],"collection":[{"href":"https:\/\/www.absglobal.com\/br\/wp-json\/wp\/v2\/pages"}],"about":[{"href":"https:\/\/www.absglobal.com\/br\/wp-json\/wp\/v2\/types\/page"}],"author":[{"embeddable":true,"href":"https:\/\/www.absglobal.com\/br\/wp-json\/wp\/v2\/users\/10335"}],"replies":[{"embeddable":true,"href":"https:\/\/www.absglobal.com\/br\/wp-json\/wp\/v2\/comments?post=16194"}],"version-history":[{"count":6,"href":"https:\/\/www.absglobal.com\/br\/wp-json\/wp\/v2\/pages\/16194\/revisions"}],"predecessor-version":[{"id":16217,"href":"https:\/\/www.absglobal.com\/br\/wp-json\/wp\/v2\/pages\/16194\/revisions\/16217"}],"wp:attachment":[{"href":"https:\/\/www.absglobal.com\/br\/wp-json\/wp\/v2\/media?parent=16194"}],"curies":[{"name":"wp","href":"https:\/\/api.w.org\/{rel}","templated":true}]}}