{"id":1757,"date":"2020-02-24T10:47:23","date_gmt":"2020-02-24T15:47:23","guid":{"rendered":"http:\/\/cms.genusplc.com\/absglobal\/?page_id=1757"},"modified":"2020-04-06T15:05:31","modified_gmt":"2020-04-06T20:05:31","slug":"eficiencia-reprodutiva","status":"publish","type":"page","link":"https:\/\/www.absglobal.com\/br\/eficiencia-reprodutiva\/","title":{"rendered":"Efici\u00eancia Reprodutiva"},"content":{"rendered":"\n<p>A efici\u00eancia reprodutiva em um rebanho est\u00e1 relacionada \u00e0 capacidade de emprenhar as vacas em tempo h\u00e1bil. A reprodu\u00e7\u00e3o \u00e9 essencial para o sucesso de uma fazenda de gado leiteiro e est\u00e1 altamente associada \u00e0 lucratividade.<\/p>\n\n\n\n<p>A rela\u00e7\u00e3o entre reprodu\u00e7\u00e3o e lucratividade pode ser facilmente entendida. Um latic\u00ednio que n\u00e3o consiga emprenhar consistentemente as vacas n\u00e3o ter\u00e1 que se refrescar, nem ordenhar as vacas. Isso, por sua vez, significa que n\u00e3o h\u00e1 dinheiro entrando.<\/p>\n\n\n\n<p>Embora isso possa parecer uma matem\u00e1tica simples, o processo se torna mais complexo quando a efici\u00eancia \u00e9 considerada. Por mais que a produ\u00e7\u00e3o de leite seja crucial para uma fazenda leiteira, os investimentos feitos para emprenhar uma vaca e o temo que leva entre os partos tamb\u00e9m determinam uma opera\u00e7\u00e3o sustent\u00e1vel.<\/p>\n\n\n\n<p>Uma boa maneira de abordar a reprodu\u00e7\u00e3o em uma fazenda leiteira \u00e9 entender que todas as vari\u00e1veis da fazenda est\u00e3o conectadas. Essas vari\u00e1veis podem ser divididas em cinco pilares principais: animais, pessoas, protocolos de manejo, ambiente e s\u00eamen\/embri\u00f5es. Isso cobre a maior parte da \u00e1rea que pode afetar a fertilidade do rebanho. Ao categorizar as coisas dessa maneira, sempre que um dos pilares estiver com baixo desempenho, podemos identificar e aliviar problemas rapidamente, evitando situa\u00e7\u00f5es complicadas quando um problema de rebanho \u00e9 mantido no ponto cego.<\/p>\n\n\n\n<div style=\"height:50px\" aria-hidden=\"true\" class=\"wp-block-spacer\"><\/div>\n\n\n\n<h2 class=\"is-style-underline wp-block-heading\">As soluc\u00f5es para reprodu\u00e7\u00e3o da ABS incluem:<\/h2>\n\n\n\n<div style=\"height:50px\" aria-hidden=\"true\" class=\"wp-block-spacer\"><\/div>\n\n\n\n\n\n\t<section id=\"repFinder\" class=\"alignfull rep-finder\" data-magellan-target=\"repFinder\">\n\t\t<div class=\"section-wrapper\">\n\t\t\t\t\t\t\t<h2 class=\"section-title\">Encontre seu Representante ABS<\/h2>\n\t\t\t\n\t\t\t<div class=\"grid-x grid-margin-x align-justify rep-finder-inner\">\n\t\t\t\t<div class=\"cell medium-large-6\">\n\t\t\t\t\t<button class=\"button rep-finder-cta\" id=\"selectRep\" data-open=\"repFinderModal\">Encontre Seu Representante<\/button>\n\t\t\t\t\t<div class=\"rep-finder-selected-rep\" id=\"selectedRep\"><\/div>\n\t\t\t\t<\/div>\n\n\t\t\t\t\t\t\t\t\t<div class=\"cell medium-large-6\">\n\t\t\t\t\t\t<h4>D\u00favidas gerais<\/h4>\n\t\t\t\t\t\t<hr class=\"rep-finder-divider\">\n\t\t\t\t\t\t\t\t\t\t\t\t\t<ul class=\"rep-finder-details\">\n\t\t\t\t\t\t\t\t\t\t\t\t\t\t\t\t\t<li><a href=\"tel:(34) 3319-5400\"><h5><img decoding=\"async\" src=\"https:\/\/www.absglobal.com\/br\/wp-content\/themes\/abs\/dist\/assets\/img\/icons\/phone-icon.svg\" alt=\"Phone icon\"> (34) 3319-5400<\/h5><\/a><\/li>\n\t\t\t\t\t\t\t\t\t\t\t\t\t\t\t\t<\/ul>\n\t\t\t\t\t\t\t\t\t\t\t<\/div>\n\t\t\t\t\t\t\t<\/div>\n\t\t<\/div>\n\t<\/section>\n\t","protected":false},"excerpt":{"rendered":"<p>A efici\u00eancia reprodutiva em um rebanho est\u00e1 relacionada \u00e0 capacidade de emprenhar as vacas em tempo h\u00e1bil. A reprodu\u00e7\u00e3o \u00e9 essencial para o sucesso de uma fazenda de gado leiteiro e est\u00e1 altamente associada \u00e0 lucratividade. A rela\u00e7\u00e3o entre reprodu\u00e7\u00e3o e lucratividade pode ser facilmente entendida. Um latic\u00ednio que n\u00e3o consiga emprenhar consistentemente as vacas [&hellip;]<\/p>\n","protected":false},"author":289,"featured_media":0,"parent":0,"menu_order":0,"comment_status":"closed","ping_status":"closed","template":"","meta":{"_acf_changed":false,"content-type":"","footnotes":""},"class_list":["post-1757","page","type-page","status-publish","hentry"],"acf":[],"yoast_head":"<!-- This site is optimized with the Yoast SEO Premium plugin v25.6 (Yoast SEO v25.6) - https:\/\/yoast.com\/wordpress\/plugins\/seo\/ -->\n<title>Efici\u00eancia Reprodutiva - ABS Global Brasil<\/title>\n<meta name=\"robots\" content=\"index, follow, max-snippet:-1, max-image-preview:large, max-video-preview:-1\" \/>\n<link rel=\"canonical\" href=\"https:\/\/www.absglobal.com\/br\/eficiencia-reprodutiva\/\" \/>\n<meta property=\"og:locale\" content=\"pt_BR\" \/>\n<meta property=\"og:type\" content=\"article\" \/>\n<meta property=\"og:title\" content=\"Efici\u00eancia Reprodutiva\" \/>\n<meta property=\"og:description\" content=\"A efici\u00eancia reprodutiva em um rebanho est\u00e1 relacionada \u00e0 capacidade de emprenhar as vacas em tempo h\u00e1bil. A reprodu\u00e7\u00e3o \u00e9 essencial para o sucesso de uma fazenda de gado leiteiro e est\u00e1 altamente associada \u00e0 lucratividade. A rela\u00e7\u00e3o entre reprodu\u00e7\u00e3o e lucratividade pode ser facilmente entendida. Um latic\u00ednio que n\u00e3o consiga emprenhar consistentemente as vacas [&hellip;]\" \/>\n<meta property=\"og:url\" content=\"https:\/\/www.absglobal.com\/br\/eficiencia-reprodutiva\/\" \/>\n<meta property=\"og:site_name\" content=\"ABS Global Brasil\" \/>\n<meta property=\"article:modified_time\" content=\"2020-04-06T20:05:31+00:00\" \/>\n<meta name=\"twitter:card\" content=\"summary_large_image\" \/>\n<meta name=\"twitter:label1\" content=\"Est. reading time\" \/>\n\t<meta name=\"twitter:data1\" content=\"1 minuto\" \/>\n<script type=\"application\/ld+json\" class=\"yoast-schema-graph\">{\"@context\":\"https:\/\/schema.org\",\"@graph\":[{\"@type\":\"WebPage\",\"@id\":\"https:\/\/www.absglobal.com\/br\/eficiencia-reprodutiva\/\",\"url\":\"https:\/\/www.absglobal.com\/br\/eficiencia-reprodutiva\/\",\"name\":\"Efici\u00eancia Reprodutiva - ABS Global Brasil\",\"isPartOf\":{\"@id\":\"https:\/\/www.absglobal.com\/br\/#website\"},\"datePublished\":\"2020-02-24T15:47:23+00:00\",\"dateModified\":\"2020-04-06T20:05:31+00:00\",\"breadcrumb\":{\"@id\":\"https:\/\/www.absglobal.com\/br\/eficiencia-reprodutiva\/#breadcrumb\"},\"inLanguage\":\"pt-BR\",\"potentialAction\":[{\"@type\":\"ReadAction\",\"target\":[\"https:\/\/www.absglobal.com\/br\/eficiencia-reprodutiva\/\"]}]},{\"@type\":\"BreadcrumbList\",\"@id\":\"https:\/\/www.absglobal.com\/br\/eficiencia-reprodutiva\/#breadcrumb\",\"itemListElement\":[{\"@type\":\"ListItem\",\"position\":1,\"name\":\"Home\",\"item\":\"https:\/\/www.absglobal.com\/br\/\"},{\"@type\":\"ListItem\",\"position\":2,\"name\":\"Efici\u00eancia Reprodutiva\"}]},{\"@type\":\"WebSite\",\"@id\":\"https:\/\/www.absglobal.com\/br\/#website\",\"url\":\"https:\/\/www.absglobal.com\/br\/\",\"name\":\"ABS Global Brasil\",\"description\":\"\",\"publisher\":{\"@id\":\"https:\/\/www.absglobal.com\/br\/#organization\"},\"potentialAction\":[{\"@type\":\"SearchAction\",\"target\":{\"@type\":\"EntryPoint\",\"urlTemplate\":\"https:\/\/www.absglobal.com\/br\/?s={search_term_string}\"},\"query-input\":{\"@type\":\"PropertyValueSpecification\",\"valueRequired\":true,\"valueName\":\"search_term_string\"}}],\"inLanguage\":\"pt-BR\"},{\"@type\":\"Organization\",\"@id\":\"https:\/\/www.absglobal.com\/br\/#organization\",\"name\":\"ABS Global Brasil\",\"url\":\"https:\/\/www.absglobal.com\/br\/\",\"logo\":{\"@type\":\"ImageObject\",\"inLanguage\":\"pt-BR\",\"@id\":\"https:\/\/www.absglobal.com\/br\/#\/schema\/logo\/image\/\",\"url\":\"https:\/\/www.absglobal.com\/br\/wp-content\/uploads\/sites\/16\/2020\/03\/LogoRGB.png\",\"contentUrl\":\"https:\/\/www.absglobal.com\/br\/wp-content\/uploads\/sites\/16\/2020\/03\/LogoRGB.png\",\"width\":872,\"height\":1080,\"caption\":\"ABS Global Brasil \"},\"image\":{\"@id\":\"https:\/\/www.absglobal.com\/br\/#\/schema\/logo\/image\/\"}}]}<\/script>\n<!-- \/ Yoast SEO Premium plugin. -->","yoast_head_json":{"title":"Efici\u00eancia Reprodutiva - ABS Global Brasil","robots":{"index":"index","follow":"follow","max-snippet":"max-snippet:-1","max-image-preview":"max-image-preview:large","max-video-preview":"max-video-preview:-1"},"canonical":"https:\/\/www.absglobal.com\/br\/eficiencia-reprodutiva\/","og_locale":"pt_BR","og_type":"article","og_title":"Efici\u00eancia Reprodutiva","og_description":"A efici\u00eancia reprodutiva em um rebanho est\u00e1 relacionada \u00e0 capacidade de emprenhar as vacas em tempo h\u00e1bil. A reprodu\u00e7\u00e3o \u00e9 essencial para o sucesso de uma fazenda de gado leiteiro e est\u00e1 altamente associada \u00e0 lucratividade. A rela\u00e7\u00e3o entre reprodu\u00e7\u00e3o e lucratividade pode ser facilmente entendida. Um latic\u00ednio que n\u00e3o consiga emprenhar consistentemente as vacas [&hellip;]","og_url":"https:\/\/www.absglobal.com\/br\/eficiencia-reprodutiva\/","og_site_name":"ABS Global Brasil","article_modified_time":"2020-04-06T20:05:31+00:00","twitter_card":"summary_large_image","twitter_misc":{"Est. reading time":"1 minuto"},"schema":{"@context":"https:\/\/schema.org","@graph":[{"@type":"WebPage","@id":"https:\/\/www.absglobal.com\/br\/eficiencia-reprodutiva\/","url":"https:\/\/www.absglobal.com\/br\/eficiencia-reprodutiva\/","name":"Efici\u00eancia Reprodutiva - ABS Global Brasil","isPartOf":{"@id":"https:\/\/www.absglobal.com\/br\/#website"},"datePublished":"2020-02-24T15:47:23+00:00","dateModified":"2020-04-06T20:05:31+00:00","breadcrumb":{"@id":"https:\/\/www.absglobal.com\/br\/eficiencia-reprodutiva\/#breadcrumb"},"inLanguage":"pt-BR","potentialAction":[{"@type":"ReadAction","target":["https:\/\/www.absglobal.com\/br\/eficiencia-reprodutiva\/"]}]},{"@type":"BreadcrumbList","@id":"https:\/\/www.absglobal.com\/br\/eficiencia-reprodutiva\/#breadcrumb","itemListElement":[{"@type":"ListItem","position":1,"name":"Home","item":"https:\/\/www.absglobal.com\/br\/"},{"@type":"ListItem","position":2,"name":"Efici\u00eancia Reprodutiva"}]},{"@type":"WebSite","@id":"https:\/\/www.absglobal.com\/br\/#website","url":"https:\/\/www.absglobal.com\/br\/","name":"ABS Global Brasil","description":"","publisher":{"@id":"https:\/\/www.absglobal.com\/br\/#organization"},"potentialAction":[{"@type":"SearchAction","target":{"@type":"EntryPoint","urlTemplate":"https:\/\/www.absglobal.com\/br\/?s={search_term_string}"},"query-input":{"@type":"PropertyValueSpecification","valueRequired":true,"valueName":"search_term_string"}}],"inLanguage":"pt-BR"},{"@type":"Organization","@id":"https:\/\/www.absglobal.com\/br\/#organization","name":"ABS Global Brasil","url":"https:\/\/www.absglobal.com\/br\/","logo":{"@type":"ImageObject","inLanguage":"pt-BR","@id":"https:\/\/www.absglobal.com\/br\/#\/schema\/logo\/image\/","url":"https:\/\/www.absglobal.com\/br\/wp-content\/uploads\/sites\/16\/2020\/03\/LogoRGB.png","contentUrl":"https:\/\/www.absglobal.com\/br\/wp-content\/uploads\/sites\/16\/2020\/03\/LogoRGB.png","width":872,"height":1080,"caption":"ABS Global Brasil "},"image":{"@id":"https:\/\/www.absglobal.com\/br\/#\/schema\/logo\/image\/"}}]}},"_links":{"self":[{"href":"https:\/\/www.absglobal.com\/br\/wp-json\/wp\/v2\/pages\/1757"}],"collection":[{"href":"https:\/\/www.absglobal.com\/br\/wp-json\/wp\/v2\/pages"}],"about":[{"href":"https:\/\/www.absglobal.com\/br\/wp-json\/wp\/v2\/types\/page"}],"author":[{"embeddable":true,"href":"https:\/\/www.absglobal.com\/br\/wp-json\/wp\/v2\/users\/289"}],"replies":[{"embeddable":true,"href":"https:\/\/www.absglobal.com\/br\/wp-json\/wp\/v2\/comments?post=1757"}],"version-history":[{"count":14,"href":"https:\/\/www.absglobal.com\/br\/wp-json\/wp\/v2\/pages\/1757\/revisions"}],"predecessor-version":[{"id":3203,"href":"https:\/\/www.absglobal.com\/br\/wp-json\/wp\/v2\/pages\/1757\/revisions\/3203"}],"wp:attachment":[{"href":"https:\/\/www.absglobal.com\/br\/wp-json\/wp\/v2\/media?parent=1757"}],"curies":[{"name":"wp","href":"https:\/\/api.w.org\/{rel}","templated":true}]}}