{"id":2096,"date":"2020-03-10T10:39:13","date_gmt":"2020-03-10T15:39:13","guid":{"rendered":"http:\/\/cms.genusplc.com\/absglobal\/?page_id=2096"},"modified":"2026-04-13T10:34:31","modified_gmt":"2026-04-13T15:34:31","slug":"corte-no-leite","status":"publish","type":"page","link":"https:\/\/www.absglobal.com\/br\/corte-no-leite\/","title":{"rendered":"Corte no Leite"},"content":{"rendered":"\n<p>A ideia de cruzar vacas leiteiras com baixo m\u00e9rito gen\u00e9tico\/produtivo com s\u00eamen de corte tornou-se uma pr\u00e1tica crescente em fazendas leiteiras. A principal raz\u00e3o para o crescimento \u00e9 o aumento do valor desta prog\u00eanie, quando comparado ao bezerro leiteiro tradicional.<\/p>\n\n\n\n<p>Embora o valor do bezerro seja um benef\u00edcio real, h\u00e1 ainda mais vantagens. O uso de s\u00eamen sexado nas melhores f\u00eameas do rebanho para criar novilhas de reposi\u00e7\u00e3o tamb\u00e9m aumenta a intensidade da sele\u00e7\u00e3o e acelera o progresso gen\u00e9tico. Al\u00e9m disso, o gerenciamento proativo da quantidade de novilhas de reposi\u00e7\u00e3o evitar\u00e1 o excesso de despesas com a recria.<\/p>\n\n\n\n<div style=\"height:45px\" aria-hidden=\"true\" class=\"wp-block-spacer\"><\/div>\n\n\n\n<figure class=\"wp-block-embed-youtube wp-block-embed is-type-video is-provider-youtube wp-embed-aspect-16-9 wp-has-aspect-ratio\"><div class=\"wp-block-embed__wrapper\">\n<iframe title=\"Progresso Gen\u00e9tico\" width=\"500\" height=\"281\" src=\"https:\/\/www.youtube.com\/embed\/zYKb436LXOw?feature=oembed\" frameborder=\"0\" allow=\"accelerometer; autoplay; clipboard-write; encrypted-media; gyroscope; picture-in-picture; web-share\" referrerpolicy=\"strict-origin-when-cross-origin\" allowfullscreen><\/iframe>\n<\/div><\/figure>\n\n\n\n<div style=\"height:45px\" aria-hidden=\"true\" class=\"wp-block-spacer\"><\/div>\n\n\n\n<p>Mais dinheiro por bezerros cruzados, melhor gen\u00e9tica para f\u00eameas de reposi\u00e7\u00e3o e a otimiza\u00e7\u00e3o de custos \u00e9 o ideal, mas pode ser um risco se n\u00e3o for cuidadoso ao selecionar a gen\u00e9tica de corte.<\/p>\n\n\n\n<p>O primeiro passo desse processo \u00e9 garantir que a gen\u00e9tica de corte traga bons resultados em prenhez das f\u00eameas e, em seguida, demonstre um bom desempenho de parto. Al\u00e9m disso, produzindo um bezerro saud\u00e1vel e eficiente que criar\u00e1 valor para toda a cadeia de suprimentos de carne bovina.<\/p>\n\n\n\n<p><h2 class=\"is-style-default\">A ABS tem v\u00e1rias maneiras de apoiar os produtores de leite a estabelecer um plano de corte no leite, abaixo est\u00e3o v\u00e1rios recursos para iniciar o processo.<\/h2><\/p>\n\n\n\n<div style=\"height:50px\" aria-hidden=\"true\" class=\"wp-block-spacer\"><\/div>\n\n\n\n<h2 class=\"is-style-underline wp-block-heading\">Solu\u00e7\u00f5es ABS para Corte no Leite<\/h2>\n\n\n\n\n\n\t<section id=\"repFinder\" class=\"alignfull rep-finder\" data-magellan-target=\"repFinder\">\n\t\t<div class=\"section-wrapper\">\n\t\t\t\t\t\t\t<h2 class=\"section-title\">Encontre seu Representante ABS<\/h2>\n\t\t\t\n\t\t\t<div class=\"grid-x grid-margin-x align-justify rep-finder-inner\">\n\t\t\t\t<div class=\"cell medium-large-6\">\n\t\t\t\t\t<button class=\"button rep-finder-cta\" id=\"selectRep\" data-open=\"repFinderModal\">Encontre Seu Representante<\/button>\n\t\t\t\t\t<div class=\"rep-finder-selected-rep\" id=\"selectedRep\"><\/div>\n\t\t\t\t<\/div>\n\n\t\t\t\t\t\t\t\t\t<div class=\"cell medium-large-6\">\n\t\t\t\t\t\t<h4>D\u00favidas gerais<\/h4>\n\t\t\t\t\t\t<hr class=\"rep-finder-divider\">\n\t\t\t\t\t\t\t\t\t\t\t\t\t<ul class=\"rep-finder-details\">\n\t\t\t\t\t\t\t\t\t\t\t\t\t\t\t\t\t<li><a href=\"tel:(34) 3319-5400\"><h5><img decoding=\"async\" src=\"https:\/\/www.absglobal.com\/br\/wp-content\/themes\/abs\/dist\/assets\/img\/icons\/phone-icon.svg\" alt=\"Phone icon\"> (34) 3319-5400<\/h5><\/a><\/li>\n\t\t\t\t\t\t\t\t\t\t\t\t\t\t\t\t<\/ul>\n\t\t\t\t\t\t\t\t\t\t\t<\/div>\n\t\t\t\t\t\t\t<\/div>\n\t\t<\/div>\n\t<\/section>\n\t","protected":false},"excerpt":{"rendered":"<p>A ideia de cruzar vacas leiteiras com baixo m\u00e9rito gen\u00e9tico\/produtivo com s\u00eamen de corte tornou-se uma pr\u00e1tica crescente em fazendas leiteiras. A principal raz\u00e3o para o crescimento \u00e9 o aumento do valor desta prog\u00eanie, quando comparado ao bezerro leiteiro tradicional. Embora o valor do bezerro seja um benef\u00edcio real, h\u00e1 ainda mais vantagens. O uso [&hellip;]<\/p>\n","protected":false},"author":289,"featured_media":0,"parent":0,"menu_order":0,"comment_status":"closed","ping_status":"closed","template":"","meta":{"_acf_changed":false,"content-type":"","footnotes":""},"class_list":["post-2096","page","type-page","status-publish","hentry"],"acf":[],"yoast_head":"<!-- This site is optimized with the Yoast SEO Premium plugin v25.6 (Yoast SEO v25.6) - https:\/\/yoast.com\/wordpress\/plugins\/seo\/ -->\n<title>Corte no Leite - ABS Global Brasil<\/title>\n<meta name=\"robots\" content=\"index, follow, max-snippet:-1, max-image-preview:large, max-video-preview:-1\" \/>\n<link rel=\"canonical\" href=\"https:\/\/www.absglobal.com\/br\/corte-no-leite\/\" \/>\n<meta property=\"og:locale\" content=\"pt_BR\" \/>\n<meta property=\"og:type\" content=\"article\" \/>\n<meta property=\"og:title\" content=\"Corte no Leite\" \/>\n<meta property=\"og:description\" content=\"A ideia de cruzar vacas leiteiras com baixo m\u00e9rito gen\u00e9tico\/produtivo com s\u00eamen de corte tornou-se uma pr\u00e1tica crescente em fazendas leiteiras. A principal raz\u00e3o para o crescimento \u00e9 o aumento do valor desta prog\u00eanie, quando comparado ao bezerro leiteiro tradicional. Embora o valor do bezerro seja um benef\u00edcio real, h\u00e1 ainda mais vantagens. O uso [&hellip;]\" \/>\n<meta property=\"og:url\" content=\"https:\/\/www.absglobal.com\/br\/corte-no-leite\/\" \/>\n<meta property=\"og:site_name\" content=\"ABS Global Brasil\" \/>\n<meta property=\"article:modified_time\" content=\"2026-04-13T15:34:31+00:00\" \/>\n<meta name=\"twitter:card\" content=\"summary_large_image\" \/>\n<meta name=\"twitter:label1\" content=\"Est. reading time\" \/>\n\t<meta name=\"twitter:data1\" content=\"2 minutos\" \/>\n<script type=\"application\/ld+json\" class=\"yoast-schema-graph\">{\"@context\":\"https:\/\/schema.org\",\"@graph\":[{\"@type\":\"WebPage\",\"@id\":\"https:\/\/www.absglobal.com\/br\/corte-no-leite\/\",\"url\":\"https:\/\/www.absglobal.com\/br\/corte-no-leite\/\",\"name\":\"Corte no Leite - ABS Global Brasil\",\"isPartOf\":{\"@id\":\"https:\/\/www.absglobal.com\/br\/#website\"},\"datePublished\":\"2020-03-10T15:39:13+00:00\",\"dateModified\":\"2026-04-13T15:34:31+00:00\",\"breadcrumb\":{\"@id\":\"https:\/\/www.absglobal.com\/br\/corte-no-leite\/#breadcrumb\"},\"inLanguage\":\"pt-BR\",\"potentialAction\":[{\"@type\":\"ReadAction\",\"target\":[\"https:\/\/www.absglobal.com\/br\/corte-no-leite\/\"]}]},{\"@type\":\"BreadcrumbList\",\"@id\":\"https:\/\/www.absglobal.com\/br\/corte-no-leite\/#breadcrumb\",\"itemListElement\":[{\"@type\":\"ListItem\",\"position\":1,\"name\":\"Home\",\"item\":\"https:\/\/www.absglobal.com\/br\/\"},{\"@type\":\"ListItem\",\"position\":2,\"name\":\"Corte no Leite\"}]},{\"@type\":\"WebSite\",\"@id\":\"https:\/\/www.absglobal.com\/br\/#website\",\"url\":\"https:\/\/www.absglobal.com\/br\/\",\"name\":\"ABS Global Brasil\",\"description\":\"\",\"publisher\":{\"@id\":\"https:\/\/www.absglobal.com\/br\/#organization\"},\"potentialAction\":[{\"@type\":\"SearchAction\",\"target\":{\"@type\":\"EntryPoint\",\"urlTemplate\":\"https:\/\/www.absglobal.com\/br\/?s={search_term_string}\"},\"query-input\":{\"@type\":\"PropertyValueSpecification\",\"valueRequired\":true,\"valueName\":\"search_term_string\"}}],\"inLanguage\":\"pt-BR\"},{\"@type\":\"Organization\",\"@id\":\"https:\/\/www.absglobal.com\/br\/#organization\",\"name\":\"ABS Global Brasil\",\"url\":\"https:\/\/www.absglobal.com\/br\/\",\"logo\":{\"@type\":\"ImageObject\",\"inLanguage\":\"pt-BR\",\"@id\":\"https:\/\/www.absglobal.com\/br\/#\/schema\/logo\/image\/\",\"url\":\"https:\/\/www.absglobal.com\/br\/wp-content\/uploads\/sites\/16\/2020\/03\/LogoRGB.png\",\"contentUrl\":\"https:\/\/www.absglobal.com\/br\/wp-content\/uploads\/sites\/16\/2020\/03\/LogoRGB.png\",\"width\":872,\"height\":1080,\"caption\":\"ABS Global Brasil \"},\"image\":{\"@id\":\"https:\/\/www.absglobal.com\/br\/#\/schema\/logo\/image\/\"}}]}<\/script>\n<!-- \/ Yoast SEO Premium plugin. -->","yoast_head_json":{"title":"Corte no Leite - ABS Global Brasil","robots":{"index":"index","follow":"follow","max-snippet":"max-snippet:-1","max-image-preview":"max-image-preview:large","max-video-preview":"max-video-preview:-1"},"canonical":"https:\/\/www.absglobal.com\/br\/corte-no-leite\/","og_locale":"pt_BR","og_type":"article","og_title":"Corte no Leite","og_description":"A ideia de cruzar vacas leiteiras com baixo m\u00e9rito gen\u00e9tico\/produtivo com s\u00eamen de corte tornou-se uma pr\u00e1tica crescente em fazendas leiteiras. A principal raz\u00e3o para o crescimento \u00e9 o aumento do valor desta prog\u00eanie, quando comparado ao bezerro leiteiro tradicional. Embora o valor do bezerro seja um benef\u00edcio real, h\u00e1 ainda mais vantagens. O uso [&hellip;]","og_url":"https:\/\/www.absglobal.com\/br\/corte-no-leite\/","og_site_name":"ABS Global Brasil","article_modified_time":"2026-04-13T15:34:31+00:00","twitter_card":"summary_large_image","twitter_misc":{"Est. reading time":"2 minutos"},"schema":{"@context":"https:\/\/schema.org","@graph":[{"@type":"WebPage","@id":"https:\/\/www.absglobal.com\/br\/corte-no-leite\/","url":"https:\/\/www.absglobal.com\/br\/corte-no-leite\/","name":"Corte no Leite - ABS Global Brasil","isPartOf":{"@id":"https:\/\/www.absglobal.com\/br\/#website"},"datePublished":"2020-03-10T15:39:13+00:00","dateModified":"2026-04-13T15:34:31+00:00","breadcrumb":{"@id":"https:\/\/www.absglobal.com\/br\/corte-no-leite\/#breadcrumb"},"inLanguage":"pt-BR","potentialAction":[{"@type":"ReadAction","target":["https:\/\/www.absglobal.com\/br\/corte-no-leite\/"]}]},{"@type":"BreadcrumbList","@id":"https:\/\/www.absglobal.com\/br\/corte-no-leite\/#breadcrumb","itemListElement":[{"@type":"ListItem","position":1,"name":"Home","item":"https:\/\/www.absglobal.com\/br\/"},{"@type":"ListItem","position":2,"name":"Corte no Leite"}]},{"@type":"WebSite","@id":"https:\/\/www.absglobal.com\/br\/#website","url":"https:\/\/www.absglobal.com\/br\/","name":"ABS Global Brasil","description":"","publisher":{"@id":"https:\/\/www.absglobal.com\/br\/#organization"},"potentialAction":[{"@type":"SearchAction","target":{"@type":"EntryPoint","urlTemplate":"https:\/\/www.absglobal.com\/br\/?s={search_term_string}"},"query-input":{"@type":"PropertyValueSpecification","valueRequired":true,"valueName":"search_term_string"}}],"inLanguage":"pt-BR"},{"@type":"Organization","@id":"https:\/\/www.absglobal.com\/br\/#organization","name":"ABS Global Brasil","url":"https:\/\/www.absglobal.com\/br\/","logo":{"@type":"ImageObject","inLanguage":"pt-BR","@id":"https:\/\/www.absglobal.com\/br\/#\/schema\/logo\/image\/","url":"https:\/\/www.absglobal.com\/br\/wp-content\/uploads\/sites\/16\/2020\/03\/LogoRGB.png","contentUrl":"https:\/\/www.absglobal.com\/br\/wp-content\/uploads\/sites\/16\/2020\/03\/LogoRGB.png","width":872,"height":1080,"caption":"ABS Global Brasil "},"image":{"@id":"https:\/\/www.absglobal.com\/br\/#\/schema\/logo\/image\/"}}]}},"_links":{"self":[{"href":"https:\/\/www.absglobal.com\/br\/wp-json\/wp\/v2\/pages\/2096"}],"collection":[{"href":"https:\/\/www.absglobal.com\/br\/wp-json\/wp\/v2\/pages"}],"about":[{"href":"https:\/\/www.absglobal.com\/br\/wp-json\/wp\/v2\/types\/page"}],"author":[{"embeddable":true,"href":"https:\/\/www.absglobal.com\/br\/wp-json\/wp\/v2\/users\/289"}],"replies":[{"embeddable":true,"href":"https:\/\/www.absglobal.com\/br\/wp-json\/wp\/v2\/comments?post=2096"}],"version-history":[{"count":32,"href":"https:\/\/www.absglobal.com\/br\/wp-json\/wp\/v2\/pages\/2096\/revisions"}],"predecessor-version":[{"id":16202,"href":"https:\/\/www.absglobal.com\/br\/wp-json\/wp\/v2\/pages\/2096\/revisions\/16202"}],"wp:attachment":[{"href":"https:\/\/www.absglobal.com\/br\/wp-json\/wp\/v2\/media?parent=2096"}],"curies":[{"name":"wp","href":"https:\/\/api.w.org\/{rel}","templated":true}]}}