{"id":2649,"date":"2020-04-05T23:19:05","date_gmt":"2020-04-06T04:19:05","guid":{"rendered":"http:\/\/www.absglobal.com\/br\/?page_id=2649"},"modified":"2026-04-03T08:59:57","modified_gmt":"2026-04-03T13:59:57","slug":"catalogos","status":"publish","type":"page","link":"https:\/\/www.absglobal.com\/br\/catalogos\/","title":{"rendered":"Cat\u00e1logos"},"content":{"rendered":"\n<h2 class=\"wp-block-heading\" id=\"catalogos-leite\">Cat\u00e1logos Leite<\/h2>\n\n\n\n<div class=\"wp-block-group alignwide\"><div class=\"wp-block-group__inner-container is-layout-flow wp-block-group-is-layout-flow\">\n<div class=\"wp-block-media-text alignwide\" style=\"grid-template-columns:25% auto\"><figure class=\"wp-block-media-text__media\"><a href=\"https:\/\/f5urk.share-eu1.hsforms.com\/2QdZpOHNCQVeZzct0BY0Ocg\" target=\"_blank\" rel=\"noreferrer noopener\"><img fetchpriority=\"high\" decoding=\"async\" width=\"620\" height=\"877\" src=\"https:\/\/www.absglobal.com\/br\/wp-content\/uploads\/sites\/16\/2025\/12\/CAPA.jpg?w=620\" alt=\"\" class=\"wp-image-15203 size-full\" srcset=\"https:\/\/www.absglobal.com\/br\/wp-content\/uploads\/sites\/16\/2025\/12\/CAPA.jpg 620w, https:\/\/www.absglobal.com\/br\/wp-content\/uploads\/sites\/16\/2025\/12\/CAPA.jpg?resize=212,300 212w\" sizes=\"(max-width: 620px) 100vw, 620px\" \/><\/a><\/figure><div class=\"wp-block-media-text__content\">\n<h3 class=\"wp-block-heading\">Leite Europeu<\/h3>\n\n\n\n<p>2026<\/p>\n\n\n\n<a id=\"leite-europeu-br\" href=\"https:\/\/f5urk.share-eu1.hsforms.com\/2QdZpOHNCQVeZzct0BY0Ocg\" target=\"_blank\" rel=\"noreferrer noopener\">Download PDF<\/a>\n\n\n\n<p><\/p>\n<\/div><\/div>\n\n\n\n<p><\/p>\n\n\n\n<div class=\"wp-block-media-text alignwide\" style=\"grid-template-columns:25% auto\"><figure class=\"wp-block-media-text__media\"><a href=\"https:\/\/f5urk.share-eu1.hsforms.com\/2tWm-6jvAQCyHXjZx7eNsYQ\" target=\"_blank\" rel=\"noreferrer noopener\"><img decoding=\"async\" width=\"413\" height=\"585\" src=\"https:\/\/www.absglobal.com\/br\/wp-content\/uploads\/sites\/16\/2024\/12\/BRA_SummaryTropicalMilk_0829_Cover_210x297_PT-1.png?w=413\" alt=\"\" class=\"wp-image-14838 size-full\" srcset=\"https:\/\/www.absglobal.com\/br\/wp-content\/uploads\/sites\/16\/2024\/12\/BRA_SummaryTropicalMilk_0829_Cover_210x297_PT-1.png 413w, https:\/\/www.absglobal.com\/br\/wp-content\/uploads\/sites\/16\/2024\/12\/BRA_SummaryTropicalMilk_0829_Cover_210x297_PT-1.png?resize=212,300 212w\" sizes=\"(max-width: 413px) 100vw, 413px\" \/><\/a><\/figure><div class=\"wp-block-media-text__content\">\n<h3 class=\"wp-block-heading\">Leite Tropical<\/h3>\n\n\n\n<p>2025<\/p>\n\n\n\n<a href=\"https:\/\/f5urk.share-eu1.hsforms.com\/2tWm-6jvAQCyHXjZx7eNsYQ\" target=\"_blank\" rel=\"noreferrer noopener\">Download PDF<\/a>\n\n\n\n<p><\/p>\n<\/div><\/div>\n\n\n\n<p><\/p>\n<\/div><\/div>\n\n\n\n<h2 class=\"wp-block-heading\" id=\"catalogos-corte\">Cat\u00e1logos Corte<\/h2>\n\n\n\n<div class=\"wp-block-group alignwide\"><div class=\"wp-block-group__inner-container is-layout-flow wp-block-group-is-layout-flow\">\n<div class=\"wp-block-media-text alignwide\" style=\"grid-template-columns:25% auto\"><figure class=\"wp-block-media-text__media\"><a href=\"https:\/\/f5urk.share-eu1.hsforms.com\/2dRBy5hKjShKTIvFpKN16rg\" target=\"_blank\" rel=\"noreferrer noopener\"><img decoding=\"async\" width=\"2550\" height=\"3298\" src=\"https:\/\/www.absglobal.com\/br\/wp-content\/uploads\/sites\/16\/2024\/12\/BRA_CapaCatalogoEuropeuCorte_0126_Letter_PT.jpg?w=792\" alt=\"\" class=\"wp-image-15287 size-full\" srcset=\"https:\/\/www.absglobal.com\/br\/wp-content\/uploads\/sites\/16\/2024\/12\/BRA_CapaCatalogoEuropeuCorte_0126_Letter_PT.jpg 2550w, https:\/\/www.absglobal.com\/br\/wp-content\/uploads\/sites\/16\/2024\/12\/BRA_CapaCatalogoEuropeuCorte_0126_Letter_PT.jpg?resize=232,300 232w, https:\/\/www.absglobal.com\/br\/wp-content\/uploads\/sites\/16\/2024\/12\/BRA_CapaCatalogoEuropeuCorte_0126_Letter_PT.jpg?resize=768,993 768w, https:\/\/www.absglobal.com\/br\/wp-content\/uploads\/sites\/16\/2024\/12\/BRA_CapaCatalogoEuropeuCorte_0126_Letter_PT.jpg?resize=792,1024 792w, https:\/\/www.absglobal.com\/br\/wp-content\/uploads\/sites\/16\/2024\/12\/BRA_CapaCatalogoEuropeuCorte_0126_Letter_PT.jpg?resize=1188,1536 1188w, https:\/\/www.absglobal.com\/br\/wp-content\/uploads\/sites\/16\/2024\/12\/BRA_CapaCatalogoEuropeuCorte_0126_Letter_PT.jpg?resize=1584,2048 1584w\" sizes=\"(max-width: 2550px) 100vw, 2550px\" \/><\/a><\/figure><div class=\"wp-block-media-text__content\">\n<h3 class=\"wp-block-heading\" id=\"h-corte-europeu\">Corte Europeu<\/h3>\n\n\n\n<p>2026<\/p>\n\n\n\n<a href=\"https:\/\/f5urk.share-eu1.hsforms.com\/2dRBy5hKjShKTIvFpKN16rg\" target=\"_blank\" rel=\"noreferrer noopener\">Download PDF<\/a>\n\n\n\n<p><\/p>\n<\/div><\/div>\n\n\n\n<p><\/p>\n\n\n\n<div class=\"wp-block-media-text alignwide\" style=\"grid-template-columns:25% auto\"><figure class=\"wp-block-media-text__media\"><a href=\"https:\/\/f5urk.share-eu1.hsforms.com\/2pxU0sheeTnGngRIOjjS-vA\"><img loading=\"lazy\" decoding=\"async\" width=\"612\" height=\"792\" src=\"https:\/\/www.absglobal.com\/br\/wp-content\/uploads\/sites\/16\/2026\/04\/Miniatura-2026-Corte-Zebu-ABS-1.jpg?w=612\" alt=\"\" class=\"wp-image-16180 size-full\" srcset=\"https:\/\/www.absglobal.com\/br\/wp-content\/uploads\/sites\/16\/2026\/04\/Miniatura-2026-Corte-Zebu-ABS-1.jpg 612w, https:\/\/www.absglobal.com\/br\/wp-content\/uploads\/sites\/16\/2026\/04\/Miniatura-2026-Corte-Zebu-ABS-1.jpg?resize=232,300 232w\" sizes=\"(max-width: 612px) 100vw, 612px\" \/><\/a><\/figure><div class=\"wp-block-media-text__content\">\n<h3 class=\"wp-block-heading\">Corte Zebu<\/h3>\n\n\n\n<p>2026<\/p>\n\n\n\n<p><\/p>\n\n\n\n<a href=\"https:\/\/f5urk.share-eu1.hsforms.com\/2pxU0sheeTnGngRIOjjS-vA\" target=\"_blank\" rel=\"noreferrer noopener\">Download PDF<\/a>\n<\/div><\/div>\n<\/div><\/div>\n\n\n\n<p><\/p>\n","protected":false},"excerpt":{"rendered":"<p>Cat\u00e1logos Leite Leite Europeu 2026 Download PDF Leite Tropical 2025 Download PDF Cat\u00e1logos Corte Corte Europeu 2026 Download PDF Corte Zebu 2026 Download PDF<\/p>\n","protected":false},"author":289,"featured_media":0,"parent":0,"menu_order":0,"comment_status":"closed","ping_status":"closed","template":"","meta":{"_acf_changed":false,"content-type":"","footnotes":""},"class_list":["post-2649","page","type-page","status-publish","hentry"],"acf":[],"yoast_head":"<!-- This site is optimized with the Yoast SEO Premium plugin v25.6 (Yoast SEO v25.6) - https:\/\/yoast.com\/wordpress\/plugins\/seo\/ -->\n<title>Cat\u00e1logos - ABS Global Brasil<\/title>\n<meta name=\"robots\" content=\"index, follow, max-snippet:-1, max-image-preview:large, max-video-preview:-1\" \/>\n<link rel=\"canonical\" href=\"https:\/\/www.absglobal.com\/br\/catalogos\/\" \/>\n<meta property=\"og:locale\" content=\"pt_BR\" \/>\n<meta property=\"og:type\" content=\"article\" \/>\n<meta property=\"og:title\" content=\"Cat\u00e1logos\" \/>\n<meta property=\"og:description\" content=\"Cat\u00e1logos Leite Leite Europeu 2026 Download PDF Leite Tropical 2025 Download PDF Cat\u00e1logos Corte Corte Europeu 2026 Download PDF Corte Zebu 2026 Download PDF\" \/>\n<meta property=\"og:url\" content=\"https:\/\/www.absglobal.com\/br\/catalogos\/\" \/>\n<meta property=\"og:site_name\" content=\"ABS Global Brasil\" \/>\n<meta property=\"article:modified_time\" content=\"2026-04-03T13:59:57+00:00\" \/>\n<meta property=\"og:image\" content=\"https:\/\/www.absglobal.com\/br\/wp-content\/uploads\/sites\/16\/2025\/12\/CAPA.jpg\" \/>\n\t<meta property=\"og:image:width\" content=\"620\" \/>\n\t<meta property=\"og:image:height\" content=\"877\" \/>\n\t<meta property=\"og:image:type\" content=\"image\/jpeg\" \/>\n<meta name=\"twitter:card\" content=\"summary_large_image\" \/>\n<meta name=\"twitter:label1\" content=\"Est. reading time\" \/>\n\t<meta name=\"twitter:data1\" content=\"1 minuto\" \/>\n<script type=\"application\/ld+json\" class=\"yoast-schema-graph\">{\"@context\":\"https:\/\/schema.org\",\"@graph\":[{\"@type\":\"WebPage\",\"@id\":\"https:\/\/www.absglobal.com\/br\/catalogos\/\",\"url\":\"https:\/\/www.absglobal.com\/br\/catalogos\/\",\"name\":\"Cat\u00e1logos - ABS Global Brasil\",\"isPartOf\":{\"@id\":\"https:\/\/www.absglobal.com\/br\/#website\"},\"primaryImageOfPage\":{\"@id\":\"https:\/\/www.absglobal.com\/br\/catalogos\/#primaryimage\"},\"image\":{\"@id\":\"https:\/\/www.absglobal.com\/br\/catalogos\/#primaryimage\"},\"thumbnailUrl\":\"https:\/\/www.absglobal.com\/br\/wp-content\/uploads\/sites\/16\/2025\/12\/CAPA.jpg?w=620\",\"datePublished\":\"2020-04-06T04:19:05+00:00\",\"dateModified\":\"2026-04-03T13:59:57+00:00\",\"breadcrumb\":{\"@id\":\"https:\/\/www.absglobal.com\/br\/catalogos\/#breadcrumb\"},\"inLanguage\":\"pt-BR\",\"potentialAction\":[{\"@type\":\"ReadAction\",\"target\":[\"https:\/\/www.absglobal.com\/br\/catalogos\/\"]}]},{\"@type\":\"ImageObject\",\"inLanguage\":\"pt-BR\",\"@id\":\"https:\/\/www.absglobal.com\/br\/catalogos\/#primaryimage\",\"url\":\"https:\/\/www.absglobal.com\/br\/wp-content\/uploads\/sites\/16\/2025\/12\/CAPA.jpg\",\"contentUrl\":\"https:\/\/www.absglobal.com\/br\/wp-content\/uploads\/sites\/16\/2025\/12\/CAPA.jpg\",\"width\":620,\"height\":877},{\"@type\":\"BreadcrumbList\",\"@id\":\"https:\/\/www.absglobal.com\/br\/catalogos\/#breadcrumb\",\"itemListElement\":[{\"@type\":\"ListItem\",\"position\":1,\"name\":\"Home\",\"item\":\"https:\/\/www.absglobal.com\/br\/\"},{\"@type\":\"ListItem\",\"position\":2,\"name\":\"Cat\u00e1logos\"}]},{\"@type\":\"WebSite\",\"@id\":\"https:\/\/www.absglobal.com\/br\/#website\",\"url\":\"https:\/\/www.absglobal.com\/br\/\",\"name\":\"ABS Global Brasil\",\"description\":\"\",\"publisher\":{\"@id\":\"https:\/\/www.absglobal.com\/br\/#organization\"},\"potentialAction\":[{\"@type\":\"SearchAction\",\"target\":{\"@type\":\"EntryPoint\",\"urlTemplate\":\"https:\/\/www.absglobal.com\/br\/?s={search_term_string}\"},\"query-input\":{\"@type\":\"PropertyValueSpecification\",\"valueRequired\":true,\"valueName\":\"search_term_string\"}}],\"inLanguage\":\"pt-BR\"},{\"@type\":\"Organization\",\"@id\":\"https:\/\/www.absglobal.com\/br\/#organization\",\"name\":\"ABS Global Brasil\",\"url\":\"https:\/\/www.absglobal.com\/br\/\",\"logo\":{\"@type\":\"ImageObject\",\"inLanguage\":\"pt-BR\",\"@id\":\"https:\/\/www.absglobal.com\/br\/#\/schema\/logo\/image\/\",\"url\":\"https:\/\/www.absglobal.com\/br\/wp-content\/uploads\/sites\/16\/2020\/03\/LogoRGB.png\",\"contentUrl\":\"https:\/\/www.absglobal.com\/br\/wp-content\/uploads\/sites\/16\/2020\/03\/LogoRGB.png\",\"width\":872,\"height\":1080,\"caption\":\"ABS Global Brasil \"},\"image\":{\"@id\":\"https:\/\/www.absglobal.com\/br\/#\/schema\/logo\/image\/\"}}]}<\/script>\n<!-- \/ Yoast SEO Premium plugin. -->","yoast_head_json":{"title":"Cat\u00e1logos - ABS Global Brasil","robots":{"index":"index","follow":"follow","max-snippet":"max-snippet:-1","max-image-preview":"max-image-preview:large","max-video-preview":"max-video-preview:-1"},"canonical":"https:\/\/www.absglobal.com\/br\/catalogos\/","og_locale":"pt_BR","og_type":"article","og_title":"Cat\u00e1logos","og_description":"Cat\u00e1logos Leite Leite Europeu 2026 Download PDF Leite Tropical 2025 Download PDF Cat\u00e1logos Corte Corte Europeu 2026 Download PDF Corte Zebu 2026 Download PDF","og_url":"https:\/\/www.absglobal.com\/br\/catalogos\/","og_site_name":"ABS Global Brasil","article_modified_time":"2026-04-03T13:59:57+00:00","og_image":[{"width":620,"height":877,"url":"https:\/\/www.absglobal.com\/br\/wp-content\/uploads\/sites\/16\/2025\/12\/CAPA.jpg","type":"image\/jpeg"}],"twitter_card":"summary_large_image","twitter_misc":{"Est. reading time":"1 minuto"},"schema":{"@context":"https:\/\/schema.org","@graph":[{"@type":"WebPage","@id":"https:\/\/www.absglobal.com\/br\/catalogos\/","url":"https:\/\/www.absglobal.com\/br\/catalogos\/","name":"Cat\u00e1logos - ABS Global Brasil","isPartOf":{"@id":"https:\/\/www.absglobal.com\/br\/#website"},"primaryImageOfPage":{"@id":"https:\/\/www.absglobal.com\/br\/catalogos\/#primaryimage"},"image":{"@id":"https:\/\/www.absglobal.com\/br\/catalogos\/#primaryimage"},"thumbnailUrl":"https:\/\/www.absglobal.com\/br\/wp-content\/uploads\/sites\/16\/2025\/12\/CAPA.jpg?w=620","datePublished":"2020-04-06T04:19:05+00:00","dateModified":"2026-04-03T13:59:57+00:00","breadcrumb":{"@id":"https:\/\/www.absglobal.com\/br\/catalogos\/#breadcrumb"},"inLanguage":"pt-BR","potentialAction":[{"@type":"ReadAction","target":["https:\/\/www.absglobal.com\/br\/catalogos\/"]}]},{"@type":"ImageObject","inLanguage":"pt-BR","@id":"https:\/\/www.absglobal.com\/br\/catalogos\/#primaryimage","url":"https:\/\/www.absglobal.com\/br\/wp-content\/uploads\/sites\/16\/2025\/12\/CAPA.jpg","contentUrl":"https:\/\/www.absglobal.com\/br\/wp-content\/uploads\/sites\/16\/2025\/12\/CAPA.jpg","width":620,"height":877},{"@type":"BreadcrumbList","@id":"https:\/\/www.absglobal.com\/br\/catalogos\/#breadcrumb","itemListElement":[{"@type":"ListItem","position":1,"name":"Home","item":"https:\/\/www.absglobal.com\/br\/"},{"@type":"ListItem","position":2,"name":"Cat\u00e1logos"}]},{"@type":"WebSite","@id":"https:\/\/www.absglobal.com\/br\/#website","url":"https:\/\/www.absglobal.com\/br\/","name":"ABS Global Brasil","description":"","publisher":{"@id":"https:\/\/www.absglobal.com\/br\/#organization"},"potentialAction":[{"@type":"SearchAction","target":{"@type":"EntryPoint","urlTemplate":"https:\/\/www.absglobal.com\/br\/?s={search_term_string}"},"query-input":{"@type":"PropertyValueSpecification","valueRequired":true,"valueName":"search_term_string"}}],"inLanguage":"pt-BR"},{"@type":"Organization","@id":"https:\/\/www.absglobal.com\/br\/#organization","name":"ABS Global Brasil","url":"https:\/\/www.absglobal.com\/br\/","logo":{"@type":"ImageObject","inLanguage":"pt-BR","@id":"https:\/\/www.absglobal.com\/br\/#\/schema\/logo\/image\/","url":"https:\/\/www.absglobal.com\/br\/wp-content\/uploads\/sites\/16\/2020\/03\/LogoRGB.png","contentUrl":"https:\/\/www.absglobal.com\/br\/wp-content\/uploads\/sites\/16\/2020\/03\/LogoRGB.png","width":872,"height":1080,"caption":"ABS Global Brasil "},"image":{"@id":"https:\/\/www.absglobal.com\/br\/#\/schema\/logo\/image\/"}}]}},"_links":{"self":[{"href":"https:\/\/www.absglobal.com\/br\/wp-json\/wp\/v2\/pages\/2649"}],"collection":[{"href":"https:\/\/www.absglobal.com\/br\/wp-json\/wp\/v2\/pages"}],"about":[{"href":"https:\/\/www.absglobal.com\/br\/wp-json\/wp\/v2\/types\/page"}],"author":[{"embeddable":true,"href":"https:\/\/www.absglobal.com\/br\/wp-json\/wp\/v2\/users\/289"}],"replies":[{"embeddable":true,"href":"https:\/\/www.absglobal.com\/br\/wp-json\/wp\/v2\/comments?post=2649"}],"version-history":[{"count":168,"href":"https:\/\/www.absglobal.com\/br\/wp-json\/wp\/v2\/pages\/2649\/revisions"}],"predecessor-version":[{"id":16187,"href":"https:\/\/www.absglobal.com\/br\/wp-json\/wp\/v2\/pages\/2649\/revisions\/16187"}],"wp:attachment":[{"href":"https:\/\/www.absglobal.com\/br\/wp-json\/wp\/v2\/media?parent=2649"}],"curies":[{"name":"wp","href":"https:\/\/api.w.org\/{rel}","templated":true}]}}