{"id":3139,"date":"2020-04-05T23:47:04","date_gmt":"2020-04-06T04:47:04","guid":{"rendered":"http:\/\/www.absglobal.com\/br\/?page_id=3139"},"modified":"2020-05-07T15:20:13","modified_gmt":"2020-05-07T20:20:13","slug":"termos-de-opcao","status":"publish","type":"page","link":"https:\/\/www.absglobal.com\/br\/termos-de-opcao\/","title":{"rendered":"Termos de Op\u00e7\u00e3o"},"content":{"rendered":"\n<p>Al\u00e9m dos <a href=\"#\">Termos e Condi\u00e7\u00f5es Padr\u00e3o da ABS<\/a>, os seguintes termos se aplicam a qualquer compra e uso de germoplasma de Icon Sire\u2122 da ABS e a qualquer uso de prole de primeira gera\u00e7\u00e3o produzida a partir de germoplasma de Icon Sire (\u201cProle\u201d). Nada nestes termos exige que voc\u00ea adquira ou use germoplasma de Icon Sires da ABS.<\/p>\n\n\n\n<h2 class=\"wp-block-heading\">Uso<\/h2>\n\n\n\n<p>Voc\u00ea concorda em apenas usar germoplasma de Icon Sires (no todo ou em parte) em animais de sua propriedade ou arrendados por voc\u00ea no curso normal dos neg\u00f3cios. Voc\u00ea n\u00e3o dever\u00e1, sem o pr\u00e9vio consentimento por escrito da ABS, antes ou durante o Per\u00edodo de Op\u00e7\u00e3o, direta ou indiretamente:<\/p>\n\n\n\n<ul class=\"wp-block-list\"><li>Coletar s\u00eamen de Prole masculina;<\/li><li>Vender, comercializar, arrendar ou de outra forma transferir Prole (nascida ou n\u00e3o) para terceiro algum; ou<\/li><li>Coletar, comercializar, vender ou de outra forma fornecer s\u00eamen, o\u00f3citos ou embri\u00f5es da Prole para terceiro algum.<\/li><\/ul>\n\n\n\n<p>Para esclarecer, qualquer embri\u00e3o que voc\u00ea produza de germoplasma de Icon Sire \u00e9 apenas para seu uso interno e n\u00e3o dever\u00e1 ser vendido, transferido ou usado com terceiro algum e em momento algum, a menos que aceito por escrito pela ABS. Para evitar d\u00favidas, nada nestes termos restringe o seu uso da Prole para cruzamentos naturais dentro de seu rebanho ou a venda da Prole para abate.<\/p>\n\n\n\n<h2 class=\"wp-block-heading\">Op\u00e7\u00e3o<\/h2>\n\n\n\n<p>Voc\u00ea concede \u00e0 ABS (ou sua afiliada nomeada) uma op\u00e7\u00e3o irrevog\u00e1vel e exclusiva de compra (A) de qualquer Prole masculina e (B) de qualquer f\u00eamea que voc\u00ea torne, ou pretenda tornar, dispon\u00edvel para venda nos seguintes termos:<\/p>\n\n\n\n<ul class=\"wp-block-list\"><li>Se (i) o Touro da Prole estiver listado no site do Icon Sires e (ii) ele atender a qualquer um dos requisitos gen\u00e9ticos m\u00ednimos listados no site do Icon Sires, voc\u00ea dever\u00e1 notificar a ABS por escrito dentro de tr\u00eas dias \u00fateis do recebimento da primeira avalia\u00e7\u00e3o gen\u00f4mica de qualquer Prole masculina ou imediatamente, se voc\u00ea desejar vender qualquer Prole feminina, preenchendo o Formul\u00e1rio de envio de op\u00e7\u00e3o de prole do Icon Sires. Voc\u00ea concorda que \u00e9 sua responsabilidade verificar o site do Icon Sires antes de oferecer a Prole para venda e, conforme necess\u00e1rio, para cumprir suas obriga\u00e7\u00f5es segundo estes termos.<\/li><li>A ABS ter\u00e1 15 dias \u00fateis a partir da data de recebimento do aviso por escrito enviado por voc\u00ea (\u201cPer\u00edodo de Op\u00e7\u00e3o\u201d) para exercer sua op\u00e7\u00e3o sobre tal Prole segundo as matrizes de pre\u00e7o e os termos de pagamento listados no site de Termos de op\u00e7\u00e3o de Icon Sire em <a href=\"https:\/\/cms.genusplc.com\/absglobal\/br\/termos-de-opcao\">https:\/\/cms.genusplc.com\/absglobal\/br\/termos-de-opcao<\/a>, conforme atualizado de tempos em tempos, e segundo quaisquer outros termos habituais para contratos de compra de animais na ind\u00fastria gen\u00e9tica bovina. Se a ABS exercer a sua op\u00e7\u00e3o segundo esta se\u00e7\u00e3o, voc\u00ea e a ABS celebrar\u00e3o o contrato de compra de touro ou f\u00eamea padr\u00e3o da ABS ent\u00e3o em vigor (\u201cContrato de Compra\u201d) para a Prole aplic\u00e1vel.<\/li><li>Se (i) o Touro n\u00e3o estiver mais listado no site do Icon Sires, (ii) a Prole n\u00e3o atender a nenhum dos requisitos gen\u00e9ticos listados no site do Icon Sires ou (iii) a ABS deixar de exercer sua op\u00e7\u00e3o dentro do Per\u00edodo de Op\u00e7\u00e3o ou notific\u00e1-lo por escrito da sua inten\u00e7\u00e3o de n\u00e3o comprar a Prole, voc\u00ea estar\u00e1 livre para vender ou eliminar a Prole a seu crit\u00e9rio, de acordo com os Termos e Condi\u00e7\u00f5es da ABS (T&amp;Cs da ABS).<\/li><\/ul>\n\n\n\n<p>Voc\u00ea concorda que \u00e9 sua responsabilidade verificar o site do Icon Sires antes de oferecer a Prole para venda e, conforme necess\u00e1rio, para cumprir suas obriga\u00e7\u00f5es segundo estes termos.<\/p>\n\n\n\n<h2 class=\"wp-block-heading\">Disposi\u00e7\u00f5es gerais<\/h2>\n\n\n\n<p>Estes termos se aplicam ao uso de qualquer germoplasma de Icon Sire, independentemente de como chegou \u00e0 sua posse. Voc\u00ea n\u00e3o dever\u00e1 transferir nenhum de seus direitos ou obriga\u00e7\u00f5es sob estes termos sem consentimento por escrito da ABS. Qualquer transfer\u00eancia ou delega\u00e7\u00e3o destes termos ou de qualquer Prole ser\u00e1 nula e sem efeito ab initio. Estes termos s\u00e3o obrigat\u00f3rios e t\u00eam efeito em benef\u00edcio das partes e de suas respectivas sucessoras e cession\u00e1rias.<\/p>\n\n\n\n<p>Mediante solicita\u00e7\u00e3o da ABS, voc\u00ea dever\u00e1 fornecer \u00e0 ABS evid\u00eancias documentais (razoavelmente aceit\u00e1veis para a ABS) de suas compras de s\u00eamen e registros de procria\u00e7\u00e3o necess\u00e1rios para monitoramento de suas obriga\u00e7\u00f5es sob este Contrato.<\/p>\n\n\n\n<p>Voc\u00ea reconhece e concorda que qualquer viola\u00e7\u00e3o de suas obriga\u00e7\u00f5es sob estes termos causaria danos irrepar\u00e1veis \u00e0 ABS, cujo valor monet\u00e1rio poderia ser dif\u00edcil de determinar, e que a ABS tem o direito de buscar uma medida cautelar para refor\u00e7ar essas obriga\u00e7\u00f5es, al\u00e9m de quaisquer outros direitos e recursos que possa ter.<\/p>\n\n\n\n<p>Voc\u00ea reconhece que a ABS ou uma de suas afiliadas \u00e9, e dever\u00e1 permanecer em todos os momentos, a titular de toda a propriedade intelectual existente ou criada, gerada ou descoberta a partir dos Materiais Gen\u00e9ticos (conforme definido nos T&amp;C da ABS) contidos no germoplasma de Icon Sires.<\/p>\n\n\n\n<p>Estes termos, juntamente com os T&amp;Cs da ABS e quaisquer documentos aqui incorporados por refer\u00eancia, s\u00e3o o Contrato completo entre voc\u00ea e a ABS em rela\u00e7\u00e3o \u00e0 Prole e ao germoplasma de Icon Sire, substituem todas as conversas e contratos anteriores a respeito de seu objeto, e s\u00f3 poder\u00e3o ser modificados por escrito, com as assinaturas de ambas as partes. Se voc\u00ea tiver um contrato de rebanho de desenvolvimento de produto ou um contrato de pr\u00e9-lan\u00e7amento registrado com a ABS, esse contrato dever\u00e1 prevalecer caso qualquer um de seus termos conflitem com este Contrato.<\/p>\n\n\n\n<p>As Partes concordam que este Contrato e os documentos incorporados por refer\u00eancia ser\u00e3o celebrados apenas em ingl\u00eas.<\/p>\n\n\n\n<h2 class=\"wp-block-heading\" id=\"opcao-de-preco\">Op\u00e7\u00e3o de Pre\u00e7o<\/h2>\n\n\n\n<p>Se a ABS exercer a sua op\u00e7\u00e3o segundo a Se\u00e7\u00e3o 3 do Contrato de Op\u00e7\u00e3o de Icon Sires ou da se\u00e7\u00e3o \u201cOp\u00e7\u00e3o\u201d destes termos, a ABS pagar\u00e1 os seguintes montantes (em d\u00f3lares americanos), com base na classifica\u00e7\u00e3o da Prole e nas condi\u00e7\u00f5es estabelecidas abaixo e no Contrato de Compra.<\/p>\n\n\n\n<div class=\"wp-block-columns alignwide is-layout-flex wp-container-core-columns-is-layout-1 wp-block-columns-is-layout-flex\">\n<div class=\"wp-block-column is-layout-flow wp-block-column-is-layout-flow\">\n<h4 class=\"has-text-align-center wp-block-heading\">Prole feminina \u2013 HOLSTEIN<\/h4>\n\n\n\n<figure class=\"wp-block-table\"><table class=\"has-fixed-layout\"><thead><tr><th>Classifica\u00e7\u00e3o*<\/th><th><strong>Pre\u00e7o de compra<\/strong><\/th><\/tr><\/thead><tbody><tr><td>1-25<\/td><td>$100,000<\/td><\/tr><tr><td>26+<\/td><td>$40,000<\/td><\/tr><\/tbody><\/table><figcaption><em>*A classifica\u00e7\u00e3o \u00e9 baseada no &#8220;\u00cdndice&#8221; TPI da Prole feminina em compara\u00e7\u00e3o a f\u00eameas da idade da Prole ou mais velhas no mais recente arquivo da CDCB de Sum\u00e1rio de Touros publicado.<\/em><\/figcaption><\/figure>\n<\/div>\n\n\n\n<div class=\"wp-block-column is-layout-flow wp-block-column-is-layout-flow\">\n<h4 class=\"has-text-align-center wp-block-heading\">Prole masculina \u2013 HOLSTEIN<\/h4>\n\n\n\n<figure class=\"wp-block-table\"><table class=\"has-fixed-layout\"><thead><tr><th><strong><strong>Classifica\u00e7\u00e3o*<\/strong><\/strong><\/th><th><strong><strong>Pre\u00e7o de compra<\/strong><\/strong><\/th><\/tr><\/thead><tbody><tr><td>1-10    <\/td><td>$100,000<\/td><\/tr><tr><td>11-30<\/td><td>$50,000<\/td><\/tr><tr><td>31-100<\/td><td>$20,000<\/td><\/tr><tr><td>101+<\/td><td>$10,000<\/td><\/tr><\/tbody><\/table><figcaption>*<em>A classifica\u00e7\u00e3o \u00e9 baseada no &#8220;\u00cdndice&#8221; TPI da Prole masculina em compara\u00e7\u00e3o a touros da idade da Prole ou mais velhos no mais recente arquivo da CDCB de Sum\u00e1rio de Touros publicado.<\/em><\/figcaption><\/figure>\n<\/div>\n<\/div>\n\n\n\n<hr class=\"wp-block-separator is-style-wide\" \/>\n\n\n\n<div class=\"wp-block-columns alignwide is-layout-flex wp-container-core-columns-is-layout-2 wp-block-columns-is-layout-flex\">\n<div class=\"wp-block-column is-layout-flow wp-block-column-is-layout-flow\">\n<h4 class=\"has-text-align-center wp-block-heading\">Prole feminina \u2013 HOLSTEIN SEM CHIFRE\/VERMELHO<\/h4>\n\n\n\n<p class=\"has-text-align-center has-small-font-size\">(PO; PP; vermelho portador; ou vermelho dominante)<\/p>\n\n\n\n<figure class=\"wp-block-table\"><table class=\"has-fixed-layout\"><thead><tr><th><font style=\"vertical-align: inherit\"><font style=\"vertical-align: inherit\"><strong>Classifica\u00e7\u00e3o*<\/strong><\/font><\/font><\/th><th><strong><strong><font style=\"vertical-align: inherit\"><font style=\"vertical-align: inherit\"><strong><strong>Pre\u00e7o de compra<\/strong><\/strong><\/font><\/font><\/strong><\/strong><\/th><\/tr><\/thead><tbody><tr><td>1-3<\/td><td>$30,000<\/td><\/tr><tr><td>4+<\/td><td>$20,000<\/td><\/tr><\/tbody><\/table><figcaption><em>* A classifica\u00e7\u00e3o \u00e9 baseada no &#8220;\u00cdndice&#8221; TPI sem chifre (PO ou PP) da Prole feminina em compara\u00e7\u00e3o a f\u00eameas da idade da Prole ou mais velhas no mais recente arquivo da CDCB de Sum\u00e1rio de Touros publicado. Se a sua prole se classifica tanto no \u00edndice Holstein geral quanto em um dos \u00edndices sem chifre, voc\u00ea receber\u00e1 o pre\u00e7o de compra aplic\u00e1vel \u00e0 sua classifica\u00e7\u00e3o em cada matriz de pre\u00e7os. A ABS poder\u00e1 optar por confirmar a condi\u00e7\u00e3o de sem chifre por um teste gen\u00e9tico ao seu pr\u00f3prio custo e, se desejar, o Per\u00edodo de Op\u00e7\u00e3o ser\u00e1 estendido por mais dez dias \u00fateis.<\/em><\/figcaption><\/figure>\n<\/div>\n\n\n\n<div class=\"wp-block-column is-layout-flow wp-block-column-is-layout-flow\">\n<h4 class=\"has-text-align-center wp-block-heading\">Prole masculina \u2013 HOLSTEIN SEM CHIFRE\/VERMELHO<\/h4>\n\n\n\n<p class=\"has-text-align-center has-small-font-size\">(PO; PP; vermelho portador; ou vermelho dominante)<\/p>\n\n\n\n<figure class=\"wp-block-table\"><table class=\"has-fixed-layout\"><thead><tr><th><strong><strong><font style=\"vertical-align: inherit\"><font style=\"vertical-align: inherit\"><strong>Classifica\u00e7\u00e3o*<\/strong><\/font><\/font><\/strong><\/strong><\/th><th><strong><strong>Pre\u00e7o de compra<\/strong><\/strong><\/th><\/tr><\/thead><tbody><tr><td>1<\/td><td>$30,000<\/td><\/tr><tr><td>2<\/td><td>$20,000<\/td><\/tr><tr><td>3-5<\/td><td>$15,000<\/td><\/tr><tr><td>6+<\/td><td>$10,000<\/td><\/tr><\/tbody><\/table><figcaption><em>* A classifica\u00e7\u00e3o \u00e9 baseada no &#8220;\u00cdndice&#8221; TPI sem chifre (PO ou PP) da Prole masculina em compara\u00e7\u00e3o a touros da idade da Prole ou mais velhos no mais recente arquivo da CDCB de Sum\u00e1rio de Touros publicado. Se a sua prole se classifica tanto no \u00edndice Holstein geral quanto em um dos \u00edndices sem chifre, voc\u00ea receber\u00e1 o pre\u00e7o de compra aplic\u00e1vel \u00e0 sua classifica\u00e7\u00e3o em cada matriz de pre\u00e7os. A ABS poder\u00e1 optar por confirmar a condi\u00e7\u00e3o de sem chifre por um teste gen\u00e9tico ao seu pr\u00f3prio custo e, se desejar, o Per\u00edodo de Op\u00e7\u00e3o ser\u00e1 estendido por mais dez dias \u00fateis.<\/em><\/figcaption><\/figure>\n<\/div>\n<\/div>\n\n\n\n<hr class=\"wp-block-separator is-style-wide\" \/>\n\n\n\n<div class=\"wp-block-columns alignwide is-layout-flex wp-container-core-columns-is-layout-3 wp-block-columns-is-layout-flex\">\n<div class=\"wp-block-column is-layout-flow wp-block-column-is-layout-flow\">\n<h4 class=\"has-text-align-center wp-block-heading\">Prole feminina \u2013 JERSEY<\/h4>\n\n\n\n<figure class=\"wp-block-table\"><table class=\"has-fixed-layout\"><thead><tr><th><strong>Classifica\u00e7\u00e3o*<\/strong><\/th><th><strong><strong><strong>Pre\u00e7o de compra<\/strong><\/strong><\/strong><\/th><\/tr><\/thead><tbody><tr><td>1-25<\/td><td>$30,000<\/td><\/tr><tr><td>26+<\/td><td>$15,000<\/td><\/tr><\/tbody><\/table><figcaption><em>* A classifica\u00e7\u00e3o \u00e9 baseada no &#8220;\u00cdndice&#8221; JPI da Prole feminina em compara\u00e7\u00e3o a f\u00eameas da idade da Prole ou mais velhas no mais recente arquivo da CDCB de Sum\u00e1rio de Touros publicado.<\/em><\/figcaption><\/figure>\n<\/div>\n\n\n\n<div class=\"wp-block-column is-layout-flow wp-block-column-is-layout-flow\">\n<h4 class=\"has-text-align-center wp-block-heading\">Prole masculina \u2013 JERSEY<\/h4>\n\n\n\n<figure class=\"wp-block-table\"><table class=\"has-fixed-layout\"><thead><tr><th><strong><strong>Classifica\u00e7\u00e3o*<\/strong><\/strong><\/th><th><strong><strong><strong>Pre\u00e7o de compra<\/strong><\/strong><\/strong><\/th><\/tr><\/thead><tbody><tr><td>1-10<\/td><td>$30,000<\/td><\/tr><tr><td>11-30<\/td><td>$20,000<\/td><\/tr><tr><td>31+<\/td><td>$10,000<\/td><\/tr><\/tbody><\/table><figcaption>* A classifica\u00e7\u00e3o \u00e9 baseada no &#8220;\u00cdndice&#8221; JPI da Prole masculina em compara\u00e7\u00e3o a touros da idade da Prole ou mais velhos no mais recente arquivo da CDCB de Sum\u00e1rio de Touros publicado.<\/figcaption><\/figure>\n<\/div>\n<\/div>\n\n\n\n<hr class=\"wp-block-separator is-style-wide\" \/>\n\n\n\n<h2 class=\"wp-block-heading\">Condi\u00e7\u00f5es de Compra<\/h2>\n\n\n\n<p>A ABS pagar\u00e1 o pre\u00e7o de compra segundo as condi\u00e7\u00f5es a seguir:<\/p>\n\n\n\n<p><strong>1. Prole masculina<\/strong> \u2013 o pre\u00e7o de compra ser\u00e1 pago apenas se (e depois que) a Prole:<\/p>\n\n\n\n<ul class=\"wp-block-list\"><li>Passar na inspe\u00e7\u00e3o veterin\u00e1ria e nos testes padr\u00e3o de sa\u00fade e produ\u00e7\u00e3o de s\u00eamen da ABS (conforme detalhado no Contrato de Compra); e<\/li><li>Tiver produzido pelo menos 2.000 unidades de s\u00eamen<\/li><\/ul>\n\n\n\n<p><strong>2. Prole feminina<\/strong> \u2013 o pre\u00e7o de compra ser\u00e1 pago apenas se (e depois que) a Prole:<\/p>\n\n\n\n<ul class=\"wp-block-list\"><li>Passar na inspe\u00e7\u00e3o veterin\u00e1ria e nos testes padr\u00e3o de sa\u00fade da ABS (conforme detalhado no Contrato de Compra); e<\/li><li>For reprodutivamente sadia conforme determinado a crit\u00e9rio da equipe veterin\u00e1ria da ABS<\/li><\/ul>\n\n\n\n<p>3. Todos os demais termos aplic\u00e1veis do Contrato de Compra s\u00e3o cumpridos.<\/p>\n\n\n\n<p>De tempos em tempos, a ABS poder\u00e1 adicionar ou alterar as matrizes de pre\u00e7os e os termos de pagamento, incluindo (sem limita\u00e7\u00e3o) pre\u00e7o de compra, n\u00edveis, \u00edndice, arquivo de avalia\u00e7\u00e3o gen\u00e9tica, ra\u00e7as. Os termos de pre\u00e7os em vigor no momento que voc\u00ea notificar a ABS segundo a Se\u00e7\u00e3o 3(a) deste Contrato reger\u00e3o qualquer compra de Prole.<\/p>\n","protected":false},"excerpt":{"rendered":"<p>Al\u00e9m dos Termos e Condi\u00e7\u00f5es Padr\u00e3o da ABS, os seguintes termos se aplicam a qualquer compra e uso de germoplasma de Icon Sire\u2122 da ABS e a qualquer uso de prole de primeira gera\u00e7\u00e3o produzida a partir de germoplasma de Icon Sire (\u201cProle\u201d). Nada nestes termos exige que voc\u00ea adquira ou use germoplasma de Icon [&hellip;]<\/p>\n","protected":false},"author":20,"featured_media":0,"parent":0,"menu_order":0,"comment_status":"closed","ping_status":"closed","template":"","meta":{"_acf_changed":false,"content-type":"","footnotes":""},"class_list":["post-3139","page","type-page","status-publish","hentry"],"acf":[],"yoast_head":"<!-- This site is optimized with the Yoast SEO Premium plugin v25.6 (Yoast SEO v25.6) - https:\/\/yoast.com\/wordpress\/plugins\/seo\/ -->\n<title>Termos de Op\u00e7\u00e3o - ABS Global Brasil<\/title>\n<meta name=\"robots\" content=\"index, follow, max-snippet:-1, max-image-preview:large, max-video-preview:-1\" \/>\n<link rel=\"canonical\" href=\"https:\/\/www.absglobal.com\/br\/termos-de-opcao\/\" \/>\n<meta property=\"og:locale\" content=\"pt_BR\" \/>\n<meta property=\"og:type\" content=\"article\" \/>\n<meta property=\"og:title\" content=\"Termos de Op\u00e7\u00e3o\" \/>\n<meta property=\"og:description\" content=\"Al\u00e9m dos Termos e Condi\u00e7\u00f5es Padr\u00e3o da ABS, os seguintes termos se aplicam a qualquer compra e uso de germoplasma de Icon Sire\u2122 da ABS e a qualquer uso de prole de primeira gera\u00e7\u00e3o produzida a partir de germoplasma de Icon Sire (\u201cProle\u201d). Nada nestes termos exige que voc\u00ea adquira ou use germoplasma de Icon [&hellip;]\" \/>\n<meta property=\"og:url\" content=\"https:\/\/www.absglobal.com\/br\/termos-de-opcao\/\" \/>\n<meta property=\"og:site_name\" content=\"ABS Global Brasil\" \/>\n<meta property=\"article:modified_time\" content=\"2020-05-07T20:20:13+00:00\" \/>\n<meta name=\"twitter:card\" content=\"summary_large_image\" \/>\n<meta name=\"twitter:label1\" content=\"Est. reading time\" \/>\n\t<meta name=\"twitter:data1\" content=\"8 minutos\" \/>\n<script type=\"application\/ld+json\" class=\"yoast-schema-graph\">{\"@context\":\"https:\/\/schema.org\",\"@graph\":[{\"@type\":\"WebPage\",\"@id\":\"https:\/\/www.absglobal.com\/br\/termos-de-opcao\/\",\"url\":\"https:\/\/www.absglobal.com\/br\/termos-de-opcao\/\",\"name\":\"Termos de Op\u00e7\u00e3o - ABS Global Brasil\",\"isPartOf\":{\"@id\":\"https:\/\/www.absglobal.com\/br\/#website\"},\"datePublished\":\"2020-04-06T04:47:04+00:00\",\"dateModified\":\"2020-05-07T20:20:13+00:00\",\"breadcrumb\":{\"@id\":\"https:\/\/www.absglobal.com\/br\/termos-de-opcao\/#breadcrumb\"},\"inLanguage\":\"pt-BR\",\"potentialAction\":[{\"@type\":\"ReadAction\",\"target\":[\"https:\/\/www.absglobal.com\/br\/termos-de-opcao\/\"]}]},{\"@type\":\"BreadcrumbList\",\"@id\":\"https:\/\/www.absglobal.com\/br\/termos-de-opcao\/#breadcrumb\",\"itemListElement\":[{\"@type\":\"ListItem\",\"position\":1,\"name\":\"Home\",\"item\":\"https:\/\/www.absglobal.com\/br\/\"},{\"@type\":\"ListItem\",\"position\":2,\"name\":\"Termos de Op\u00e7\u00e3o\"}]},{\"@type\":\"WebSite\",\"@id\":\"https:\/\/www.absglobal.com\/br\/#website\",\"url\":\"https:\/\/www.absglobal.com\/br\/\",\"name\":\"ABS Global Brasil\",\"description\":\"\",\"publisher\":{\"@id\":\"https:\/\/www.absglobal.com\/br\/#organization\"},\"potentialAction\":[{\"@type\":\"SearchAction\",\"target\":{\"@type\":\"EntryPoint\",\"urlTemplate\":\"https:\/\/www.absglobal.com\/br\/?s={search_term_string}\"},\"query-input\":{\"@type\":\"PropertyValueSpecification\",\"valueRequired\":true,\"valueName\":\"search_term_string\"}}],\"inLanguage\":\"pt-BR\"},{\"@type\":\"Organization\",\"@id\":\"https:\/\/www.absglobal.com\/br\/#organization\",\"name\":\"ABS Global Brasil\",\"url\":\"https:\/\/www.absglobal.com\/br\/\",\"logo\":{\"@type\":\"ImageObject\",\"inLanguage\":\"pt-BR\",\"@id\":\"https:\/\/www.absglobal.com\/br\/#\/schema\/logo\/image\/\",\"url\":\"https:\/\/www.absglobal.com\/br\/wp-content\/uploads\/sites\/16\/2020\/03\/LogoRGB.png\",\"contentUrl\":\"https:\/\/www.absglobal.com\/br\/wp-content\/uploads\/sites\/16\/2020\/03\/LogoRGB.png\",\"width\":872,\"height\":1080,\"caption\":\"ABS Global Brasil \"},\"image\":{\"@id\":\"https:\/\/www.absglobal.com\/br\/#\/schema\/logo\/image\/\"}}]}<\/script>\n<!-- \/ Yoast SEO Premium plugin. -->","yoast_head_json":{"title":"Termos de Op\u00e7\u00e3o - ABS Global Brasil","robots":{"index":"index","follow":"follow","max-snippet":"max-snippet:-1","max-image-preview":"max-image-preview:large","max-video-preview":"max-video-preview:-1"},"canonical":"https:\/\/www.absglobal.com\/br\/termos-de-opcao\/","og_locale":"pt_BR","og_type":"article","og_title":"Termos de Op\u00e7\u00e3o","og_description":"Al\u00e9m dos Termos e Condi\u00e7\u00f5es Padr\u00e3o da ABS, os seguintes termos se aplicam a qualquer compra e uso de germoplasma de Icon Sire\u2122 da ABS e a qualquer uso de prole de primeira gera\u00e7\u00e3o produzida a partir de germoplasma de Icon Sire (\u201cProle\u201d). Nada nestes termos exige que voc\u00ea adquira ou use germoplasma de Icon [&hellip;]","og_url":"https:\/\/www.absglobal.com\/br\/termos-de-opcao\/","og_site_name":"ABS Global Brasil","article_modified_time":"2020-05-07T20:20:13+00:00","twitter_card":"summary_large_image","twitter_misc":{"Est. reading time":"8 minutos"},"schema":{"@context":"https:\/\/schema.org","@graph":[{"@type":"WebPage","@id":"https:\/\/www.absglobal.com\/br\/termos-de-opcao\/","url":"https:\/\/www.absglobal.com\/br\/termos-de-opcao\/","name":"Termos de Op\u00e7\u00e3o - ABS Global Brasil","isPartOf":{"@id":"https:\/\/www.absglobal.com\/br\/#website"},"datePublished":"2020-04-06T04:47:04+00:00","dateModified":"2020-05-07T20:20:13+00:00","breadcrumb":{"@id":"https:\/\/www.absglobal.com\/br\/termos-de-opcao\/#breadcrumb"},"inLanguage":"pt-BR","potentialAction":[{"@type":"ReadAction","target":["https:\/\/www.absglobal.com\/br\/termos-de-opcao\/"]}]},{"@type":"BreadcrumbList","@id":"https:\/\/www.absglobal.com\/br\/termos-de-opcao\/#breadcrumb","itemListElement":[{"@type":"ListItem","position":1,"name":"Home","item":"https:\/\/www.absglobal.com\/br\/"},{"@type":"ListItem","position":2,"name":"Termos de Op\u00e7\u00e3o"}]},{"@type":"WebSite","@id":"https:\/\/www.absglobal.com\/br\/#website","url":"https:\/\/www.absglobal.com\/br\/","name":"ABS Global Brasil","description":"","publisher":{"@id":"https:\/\/www.absglobal.com\/br\/#organization"},"potentialAction":[{"@type":"SearchAction","target":{"@type":"EntryPoint","urlTemplate":"https:\/\/www.absglobal.com\/br\/?s={search_term_string}"},"query-input":{"@type":"PropertyValueSpecification","valueRequired":true,"valueName":"search_term_string"}}],"inLanguage":"pt-BR"},{"@type":"Organization","@id":"https:\/\/www.absglobal.com\/br\/#organization","name":"ABS Global Brasil","url":"https:\/\/www.absglobal.com\/br\/","logo":{"@type":"ImageObject","inLanguage":"pt-BR","@id":"https:\/\/www.absglobal.com\/br\/#\/schema\/logo\/image\/","url":"https:\/\/www.absglobal.com\/br\/wp-content\/uploads\/sites\/16\/2020\/03\/LogoRGB.png","contentUrl":"https:\/\/www.absglobal.com\/br\/wp-content\/uploads\/sites\/16\/2020\/03\/LogoRGB.png","width":872,"height":1080,"caption":"ABS Global Brasil "},"image":{"@id":"https:\/\/www.absglobal.com\/br\/#\/schema\/logo\/image\/"}}]}},"_links":{"self":[{"href":"https:\/\/www.absglobal.com\/br\/wp-json\/wp\/v2\/pages\/3139"}],"collection":[{"href":"https:\/\/www.absglobal.com\/br\/wp-json\/wp\/v2\/pages"}],"about":[{"href":"https:\/\/www.absglobal.com\/br\/wp-json\/wp\/v2\/types\/page"}],"author":[{"embeddable":true,"href":"https:\/\/www.absglobal.com\/br\/wp-json\/wp\/v2\/users\/20"}],"replies":[{"embeddable":true,"href":"https:\/\/www.absglobal.com\/br\/wp-json\/wp\/v2\/comments?post=3139"}],"version-history":[{"count":2,"href":"https:\/\/www.absglobal.com\/br\/wp-json\/wp\/v2\/pages\/3139\/revisions"}],"predecessor-version":[{"id":3726,"href":"https:\/\/www.absglobal.com\/br\/wp-json\/wp\/v2\/pages\/3139\/revisions\/3726"}],"wp:attachment":[{"href":"https:\/\/www.absglobal.com\/br\/wp-json\/wp\/v2\/media?parent=3139"}],"curies":[{"name":"wp","href":"https:\/\/api.w.org\/{rel}","templated":true}]}}