{"id":3261,"date":"2020-04-06T21:07:03","date_gmt":"2020-04-07T02:07:03","guid":{"rendered":"http:\/\/www.absglobal.com\/br\/?page_id=3261"},"modified":"2020-04-07T15:43:03","modified_gmt":"2020-04-07T20:43:03","slug":"bem-vindo","status":"publish","type":"page","link":"https:\/\/www.absglobal.com\/br\/bem-vindo\/","title":{"rendered":"Bem-vindo"},"content":{"rendered":"\n<h2 class=\"has-text-align-center wp-block-heading\">Bem-vindo ao novo site da ABS<br>Focado em solu\u00e7\u00f5es para produtores orientados a resultado<\/h2>\n\n\n\n<div style=\"height:50px\" aria-hidden=\"true\" class=\"wp-block-spacer\"><\/div>\n\n\n\n<p class=\"has-small-font-size\">Abril 7, 2020<\/p>\n\n\n\n<p>A ABS apresentou nesta ter\u00e7a-feira (07) seu novo site global, totalmente reformulado para se aproximar ainda mais de clientes de todo o mundo. A principal plataforma digital de solu\u00e7\u00f5es gen\u00e9ticas passou por atualiza\u00e7\u00e3o integral e abrangente, com objetivo de garantir a melhor experi\u00eancia poss\u00edvel ao cliente.<\/p>\n\n\n\n<p>&#8220;Com o redesenho do site da ABS Global, queremos ajudar voc\u00ea, nosso cliente, a atingir seus objetivos por meio de uma experi\u00eancia digital aprimorada. Guiado por informa\u00e7\u00f5es baseadas em solu\u00e7\u00f5es, o usu\u00e1rio vai encontrar a resposta mais adequada \u00e0s suas necessidades&#8221;, explica Olivier Hiers, diretor de Marketing Global da ABS.&nbsp;<\/p>\n\n\n\n<p>O novo portal valoriza o conte\u00fado t\u00e9cnico, apresentando recursos como biblioteca digital, estudos de caso e experi\u00eancias de outros pecuaristas, contribuindo para que os usu\u00e1rios entendam melhor o papel que a gen\u00e9tica desempenha na lucratividade geral da fazenda. &#8220;A ABS se dedica a atender de forma completa as demandas das fazendas leiteiras e de corte. Agora, nosso site deixa ainda mais claro esse nosso compromisso de fornecer solu\u00e7\u00f5es sustent\u00e1veis a longo prazo, atrav\u00e9s do progresso gen\u00e9tico&#8221;, acrescenta Nate Zwald, COO Leite da empresa.&nbsp;&nbsp;<\/p>\n\n\n\n<p>O site tamb\u00e9m melhora consideravelmente a disponibilidade e acessibilidade de ferramentas para o sucesso, como o&nbsp;<em>Bull Search&nbsp;<\/em>( busca de touros) e o&nbsp;<em>Custom Index<\/em>&nbsp;(\u00edndice personalizado) da ABS Global. Al\u00e9m disso, o&nbsp;portal cont\u00e9m links integrados para redes sociais como Facebook, Twitter e LinkedIn, aproximando no desenvolvimento da comunidade ABS junto aos clientes.&nbsp;<\/p>\n\n\n\n<p>Todo o conte\u00fado continuar\u00e1 sendo atualizado constantemente com not\u00edcias da empresa, novidades, artigos t\u00e9cnicos e lan\u00e7amento de novos produtos e servi\u00e7os.&nbsp;<\/p>\n\n\n\n<p><strong>Sobre a ABS<\/strong><\/p>\n\n\n\n<p>Sediada em DeForest, Wisconsin, EUA, a ABS Global \u00e9 a l\u00edder mundial no fornecimento de gen\u00e9tica bovina, servi\u00e7os de reprodu\u00e7\u00e3o e tecnologias de insemina\u00e7\u00e3o artificial. Presente em mais de 70 pa\u00edses em todo o mundo, a ABS est\u00e1 na vanguarda da gen\u00e9tica e tecnologia animal desde a sua funda\u00e7\u00e3o em 1941. A ABS Global \u00e9 uma divis\u00e3o da Genus plc.<\/p>\n\n\n\n<div style=\"height:50px\" aria-hidden=\"true\" class=\"wp-block-spacer\"><\/div>\n","protected":false},"excerpt":{"rendered":"<p>Bem-vindo ao novo site da ABSFocado em solu\u00e7\u00f5es para produtores orientados a resultado Abril 7, 2020 A ABS apresentou nesta ter\u00e7a-feira (07) seu novo site global, totalmente reformulado para se aproximar ainda mais de clientes de todo o mundo. A principal plataforma digital de solu\u00e7\u00f5es gen\u00e9ticas passou por atualiza\u00e7\u00e3o integral e abrangente, com objetivo de [&hellip;]<\/p>\n","protected":false},"author":289,"featured_media":0,"parent":0,"menu_order":0,"comment_status":"closed","ping_status":"closed","template":"","meta":{"_acf_changed":false,"content-type":"","footnotes":""},"class_list":["post-3261","page","type-page","status-publish","hentry"],"acf":[],"yoast_head":"<!-- This site is optimized with the Yoast SEO Premium plugin v25.6 (Yoast SEO v25.6) - https:\/\/yoast.com\/wordpress\/plugins\/seo\/ -->\n<title>Bem-vindo - ABS Global Brasil<\/title>\n<meta name=\"robots\" content=\"index, follow, max-snippet:-1, max-image-preview:large, max-video-preview:-1\" \/>\n<link rel=\"canonical\" href=\"https:\/\/www.absglobal.com\/br\/bem-vindo\/\" \/>\n<meta property=\"og:locale\" content=\"pt_BR\" \/>\n<meta property=\"og:type\" content=\"article\" \/>\n<meta property=\"og:title\" content=\"Bem-vindo\" \/>\n<meta property=\"og:description\" content=\"Bem-vindo ao novo site da ABSFocado em solu\u00e7\u00f5es para produtores orientados a resultado Abril 7, 2020 A ABS apresentou nesta ter\u00e7a-feira (07) seu novo site global, totalmente reformulado para se aproximar ainda mais de clientes de todo o mundo. A principal plataforma digital de solu\u00e7\u00f5es gen\u00e9ticas passou por atualiza\u00e7\u00e3o integral e abrangente, com objetivo de [&hellip;]\" \/>\n<meta property=\"og:url\" content=\"https:\/\/www.absglobal.com\/br\/bem-vindo\/\" \/>\n<meta property=\"og:site_name\" content=\"ABS Global Brasil\" \/>\n<meta property=\"article:modified_time\" content=\"2020-04-07T20:43:03+00:00\" \/>\n<meta name=\"twitter:card\" content=\"summary_large_image\" \/>\n<meta name=\"twitter:label1\" content=\"Est. reading time\" \/>\n\t<meta name=\"twitter:data1\" content=\"2 minutos\" \/>\n<script type=\"application\/ld+json\" class=\"yoast-schema-graph\">{\"@context\":\"https:\/\/schema.org\",\"@graph\":[{\"@type\":\"WebPage\",\"@id\":\"https:\/\/www.absglobal.com\/br\/bem-vindo\/\",\"url\":\"https:\/\/www.absglobal.com\/br\/bem-vindo\/\",\"name\":\"Bem-vindo - ABS Global Brasil\",\"isPartOf\":{\"@id\":\"https:\/\/www.absglobal.com\/br\/#website\"},\"datePublished\":\"2020-04-07T02:07:03+00:00\",\"dateModified\":\"2020-04-07T20:43:03+00:00\",\"breadcrumb\":{\"@id\":\"https:\/\/www.absglobal.com\/br\/bem-vindo\/#breadcrumb\"},\"inLanguage\":\"pt-BR\",\"potentialAction\":[{\"@type\":\"ReadAction\",\"target\":[\"https:\/\/www.absglobal.com\/br\/bem-vindo\/\"]}]},{\"@type\":\"BreadcrumbList\",\"@id\":\"https:\/\/www.absglobal.com\/br\/bem-vindo\/#breadcrumb\",\"itemListElement\":[{\"@type\":\"ListItem\",\"position\":1,\"name\":\"Home\",\"item\":\"https:\/\/www.absglobal.com\/br\/\"},{\"@type\":\"ListItem\",\"position\":2,\"name\":\"Bem-vindo\"}]},{\"@type\":\"WebSite\",\"@id\":\"https:\/\/www.absglobal.com\/br\/#website\",\"url\":\"https:\/\/www.absglobal.com\/br\/\",\"name\":\"ABS Global Brasil\",\"description\":\"\",\"publisher\":{\"@id\":\"https:\/\/www.absglobal.com\/br\/#organization\"},\"potentialAction\":[{\"@type\":\"SearchAction\",\"target\":{\"@type\":\"EntryPoint\",\"urlTemplate\":\"https:\/\/www.absglobal.com\/br\/?s={search_term_string}\"},\"query-input\":{\"@type\":\"PropertyValueSpecification\",\"valueRequired\":true,\"valueName\":\"search_term_string\"}}],\"inLanguage\":\"pt-BR\"},{\"@type\":\"Organization\",\"@id\":\"https:\/\/www.absglobal.com\/br\/#organization\",\"name\":\"ABS Global Brasil\",\"url\":\"https:\/\/www.absglobal.com\/br\/\",\"logo\":{\"@type\":\"ImageObject\",\"inLanguage\":\"pt-BR\",\"@id\":\"https:\/\/www.absglobal.com\/br\/#\/schema\/logo\/image\/\",\"url\":\"https:\/\/www.absglobal.com\/br\/wp-content\/uploads\/sites\/16\/2020\/03\/LogoRGB.png\",\"contentUrl\":\"https:\/\/www.absglobal.com\/br\/wp-content\/uploads\/sites\/16\/2020\/03\/LogoRGB.png\",\"width\":872,\"height\":1080,\"caption\":\"ABS Global Brasil \"},\"image\":{\"@id\":\"https:\/\/www.absglobal.com\/br\/#\/schema\/logo\/image\/\"}}]}<\/script>\n<!-- \/ Yoast SEO Premium plugin. -->","yoast_head_json":{"title":"Bem-vindo - ABS Global Brasil","robots":{"index":"index","follow":"follow","max-snippet":"max-snippet:-1","max-image-preview":"max-image-preview:large","max-video-preview":"max-video-preview:-1"},"canonical":"https:\/\/www.absglobal.com\/br\/bem-vindo\/","og_locale":"pt_BR","og_type":"article","og_title":"Bem-vindo","og_description":"Bem-vindo ao novo site da ABSFocado em solu\u00e7\u00f5es para produtores orientados a resultado Abril 7, 2020 A ABS apresentou nesta ter\u00e7a-feira (07) seu novo site global, totalmente reformulado para se aproximar ainda mais de clientes de todo o mundo. A principal plataforma digital de solu\u00e7\u00f5es gen\u00e9ticas passou por atualiza\u00e7\u00e3o integral e abrangente, com objetivo de [&hellip;]","og_url":"https:\/\/www.absglobal.com\/br\/bem-vindo\/","og_site_name":"ABS Global Brasil","article_modified_time":"2020-04-07T20:43:03+00:00","twitter_card":"summary_large_image","twitter_misc":{"Est. reading time":"2 minutos"},"schema":{"@context":"https:\/\/schema.org","@graph":[{"@type":"WebPage","@id":"https:\/\/www.absglobal.com\/br\/bem-vindo\/","url":"https:\/\/www.absglobal.com\/br\/bem-vindo\/","name":"Bem-vindo - ABS Global Brasil","isPartOf":{"@id":"https:\/\/www.absglobal.com\/br\/#website"},"datePublished":"2020-04-07T02:07:03+00:00","dateModified":"2020-04-07T20:43:03+00:00","breadcrumb":{"@id":"https:\/\/www.absglobal.com\/br\/bem-vindo\/#breadcrumb"},"inLanguage":"pt-BR","potentialAction":[{"@type":"ReadAction","target":["https:\/\/www.absglobal.com\/br\/bem-vindo\/"]}]},{"@type":"BreadcrumbList","@id":"https:\/\/www.absglobal.com\/br\/bem-vindo\/#breadcrumb","itemListElement":[{"@type":"ListItem","position":1,"name":"Home","item":"https:\/\/www.absglobal.com\/br\/"},{"@type":"ListItem","position":2,"name":"Bem-vindo"}]},{"@type":"WebSite","@id":"https:\/\/www.absglobal.com\/br\/#website","url":"https:\/\/www.absglobal.com\/br\/","name":"ABS Global Brasil","description":"","publisher":{"@id":"https:\/\/www.absglobal.com\/br\/#organization"},"potentialAction":[{"@type":"SearchAction","target":{"@type":"EntryPoint","urlTemplate":"https:\/\/www.absglobal.com\/br\/?s={search_term_string}"},"query-input":{"@type":"PropertyValueSpecification","valueRequired":true,"valueName":"search_term_string"}}],"inLanguage":"pt-BR"},{"@type":"Organization","@id":"https:\/\/www.absglobal.com\/br\/#organization","name":"ABS Global Brasil","url":"https:\/\/www.absglobal.com\/br\/","logo":{"@type":"ImageObject","inLanguage":"pt-BR","@id":"https:\/\/www.absglobal.com\/br\/#\/schema\/logo\/image\/","url":"https:\/\/www.absglobal.com\/br\/wp-content\/uploads\/sites\/16\/2020\/03\/LogoRGB.png","contentUrl":"https:\/\/www.absglobal.com\/br\/wp-content\/uploads\/sites\/16\/2020\/03\/LogoRGB.png","width":872,"height":1080,"caption":"ABS Global Brasil "},"image":{"@id":"https:\/\/www.absglobal.com\/br\/#\/schema\/logo\/image\/"}}]}},"_links":{"self":[{"href":"https:\/\/www.absglobal.com\/br\/wp-json\/wp\/v2\/pages\/3261"}],"collection":[{"href":"https:\/\/www.absglobal.com\/br\/wp-json\/wp\/v2\/pages"}],"about":[{"href":"https:\/\/www.absglobal.com\/br\/wp-json\/wp\/v2\/types\/page"}],"author":[{"embeddable":true,"href":"https:\/\/www.absglobal.com\/br\/wp-json\/wp\/v2\/users\/289"}],"replies":[{"embeddable":true,"href":"https:\/\/www.absglobal.com\/br\/wp-json\/wp\/v2\/comments?post=3261"}],"version-history":[{"count":6,"href":"https:\/\/www.absglobal.com\/br\/wp-json\/wp\/v2\/pages\/3261\/revisions"}],"predecessor-version":[{"id":3933,"href":"https:\/\/www.absglobal.com\/br\/wp-json\/wp\/v2\/pages\/3261\/revisions\/3933"}],"wp:attachment":[{"href":"https:\/\/www.absglobal.com\/br\/wp-json\/wp\/v2\/media?parent=3261"}],"curies":[{"name":"wp","href":"https:\/\/api.w.org\/{rel}","templated":true}]}}