{"id":6199,"date":"2023-02-02T12:43:01","date_gmt":"2023-02-02T17:43:01","guid":{"rendered":"https:\/\/www.absglobal.com\/br\/?page_id=6199"},"modified":"2024-08-27T07:06:57","modified_gmt":"2024-08-27T12:06:57","slug":"lei-geral-de-protecao-de-dados","status":"publish","type":"page","link":"https:\/\/www.absglobal.com\/br\/lei-geral-de-protecao-de-dados\/","title":{"rendered":"Lei Geral de Prote\u00e7\u00e3o de Dados\u00a0Pessoais"},"content":{"rendered":"\n<p class=\"has-text-align-center\"><strong>Formul\u00e1rio para exerc\u00edcio dos direitos dos Titulares&nbsp;<\/strong><strong>&nbsp;<\/strong><\/p>\n\n\n\n<p>Este formul\u00e1rio tem por objetivo atender os preceitos da Lei Geral de Prote\u00e7\u00e3o de Dados Pessoais no sentido de criar um canal de comunica\u00e7\u00e3o para que o Titular exer\u00e7a seus direitos.&nbsp;<strong>&nbsp;<\/strong><\/p>\n\n\n\n<p>Por favor, envie um documento com foto para verificar se o solicitante \u00e9, de fato, o Titular dos Dados Pessoais. Caso voc\u00ea seja o representante do Titular dos Dados Pessoais, favor enviar o documento de identifica\u00e7\u00e3o de ambos e o comprovante de sua condi\u00e7\u00e3o de representante. Com isso, atuamos com seguran\u00e7a e protegemos os direitos e interesses de todos os envolvidos.&nbsp;&nbsp;<\/p>\n\n\n\n<p>A depender do tipo de solicita\u00e7\u00e3o poderemos requisitar outras informa\u00e7\u00f5es e\/ou documentos para comprovar a legitimidade do solicitante e garantir a autenticidade de todo o processo.&nbsp;<strong>&nbsp;<\/strong><\/p>\n\n\n\n<p>Este formul\u00e1rio \u00e9 exclusivo para pessoas f\u00edsicas.<strong>&nbsp;<\/strong><\/p>\n\n\n<div class=\"wpforms-container wpforms-container-full wpforms-block wpforms-block-ad1f24ee-7197-478b-8f54-c027f4cd72d1\" id=\"wpforms-6194\"><form id=\"wpforms-form-6194\" class=\"wpforms-validate wpforms-form\" data-formid=\"6194\" method=\"post\" enctype=\"multipart\/form-data\" action=\"\/br\/wp-json\/wp\/v2\/pages\/6199?wpforms_form_id=6194\" data-token=\"efef9c5483df8aded4fa397271e34ea3\" data-token-time=\"1775615118\"><noscript class=\"wpforms-error-noscript\">Ative o JavaScript no seu navegador para preencher este formul\u00e1rio.<\/noscript><div class=\"wpforms-field-container\"><div id=\"wpforms-6194-field_12-container\" class=\"wpforms-field wpforms-field-name\" data-field-id=\"12\"><label class=\"wpforms-field-label\" for=\"wpforms-6194-field_12\">Nome <span class=\"wpforms-required-label\">*<\/span><\/label><div class=\"wpforms-field-row wpforms-field-medium\"><div class=\"wpforms-field-row-block wpforms-first wpforms-one-half\"><input type=\"text\" id=\"wpforms-6194-field_12\" class=\"wpforms-field-name-first wpforms-field-required\" name=\"wpforms[fields][12][first]\" required><label for=\"wpforms-6194-field_12\" class=\"wpforms-field-sublabel after\">Nome<\/label><\/div><div class=\"wpforms-field-row-block wpforms-one-half\"><input type=\"text\" id=\"wpforms-6194-field_12-last\" class=\"wpforms-field-name-last wpforms-field-required\" name=\"wpforms[fields][12][last]\" required><label for=\"wpforms-6194-field_12-last\" class=\"wpforms-field-sublabel after\">Sobrenome<\/label><\/div><\/div><\/div><div id=\"wpforms-6194-field_13-container\" class=\"wpforms-field wpforms-field-select wpforms-field-select-style-classic\" data-field-id=\"13\"><label class=\"wpforms-field-label\" for=\"wpforms-6194-field_13\">T\u00edtulo <span class=\"wpforms-required-label\">*<\/span><\/label><select id=\"wpforms-6194-field_13\" class=\"wpforms-field-medium wpforms-field-required\" name=\"wpforms[fields][13]\" required=\"required\"><option value=\"Titular\" >Titular<\/option><option value=\"Representante\" >Representante<\/option><\/select><\/div><div id=\"wpforms-6194-field_14-container\" class=\"wpforms-field wpforms-field-select wpforms-field-select-style-classic\" data-field-id=\"14\"><label class=\"wpforms-field-label\" for=\"wpforms-6194-field_14\">Identifica\u00e7\u00e3o <span class=\"wpforms-required-label\">*<\/span><\/label><select id=\"wpforms-6194-field_14\" class=\"wpforms-field-medium wpforms-field-required\" name=\"wpforms[fields][14]\" required=\"required\"><option value=\"Cliente\" >Cliente<\/option><option value=\"Colaborador(a)\" >Colaborador(a)<\/option><option value=\"Fornecedor\" >Fornecedor<\/option><option value=\"Candidato(a) a vaga de emprego\" >Candidato(a) a vaga de emprego<\/option><option value=\"Outro\" >Outro<\/option><\/select><\/div><div id=\"wpforms-6194-field_1-container\" class=\"wpforms-field wpforms-field-email wpforms-one-half wpforms-first\" data-field-id=\"1\"><label class=\"wpforms-field-label\" for=\"wpforms-6194-field_1\">Email <span class=\"wpforms-required-label\">*<\/span><\/label><input type=\"email\" id=\"wpforms-6194-field_1\" class=\"wpforms-field-large wpforms-field-required\" name=\"wpforms[fields][1]\" spellcheck=\"false\" required><\/div><div id=\"wpforms-6194-field_3-container\" class=\"wpforms-field wpforms-field-phone wpforms-one-half\" data-field-id=\"3\"><label class=\"wpforms-field-label\" for=\"wpforms-6194-field_3\">Telefone <span class=\"wpforms-required-label\">*<\/span><\/label><input type=\"tel\" id=\"wpforms-6194-field_3\" class=\"wpforms-field-large wpforms-field-required\" data-rule-int-phone-field=\"true\" name=\"wpforms[fields][3]\" aria-label=\"Telefone\" required><\/div><div id=\"wpforms-6194-field_19-container\" class=\"wpforms-field wpforms-field-file-upload wpforms-one-half\" data-field-id=\"19\"><label class=\"wpforms-field-label\" for=\"wpforms-6194-field_19\">Documento de Identifica\u00e7\u00e3o <span class=\"wpforms-required-label\">*<\/span><\/label><input type=\"file\" id=\"wpforms-6194-field_19\" class=\"wpforms-field-required\" data-rule-extension=\"pdf,doc,docx,jpg,png,jpeg\" data-rule-maxsize=\"104857600\" name=\"wpforms_6194_19\" accept=\".pdf,.doc,.docx,.jpg,.png,.jpeg\" required><\/div><div id=\"wpforms-6194-field_11-container\" class=\"wpforms-field wpforms-field-select wpforms-field-select-style-classic\" data-field-id=\"11\"><label class=\"wpforms-field-label\" for=\"wpforms-6194-field_11\">Selecione a op\u00e7\u00e3o desejada <span class=\"wpforms-required-label\">*<\/span><\/label><select id=\"wpforms-6194-field_11\" class=\"wpforms-field-medium wpforms-field-required\" name=\"wpforms[fields][11]\" required=\"required\"><option value=\"Retirada de consentimento\" >Retirada de consentimento<\/option><option value=\"Solicita\u00e7\u00e3o de acesso\" >Solicita\u00e7\u00e3o de acesso<\/option><option value=\"Retifica\u00e7\u00e3o de acessos pessoais\" >Retifica\u00e7\u00e3o de acessos pessoais<\/option><option value=\"Elimina\u00e7\u00e3o de dados pessoais\" >Elimina\u00e7\u00e3o de dados pessoais<\/option><option value=\"Restri\u00e7\u00e3o de processamento de dados pessoais\" >Restri\u00e7\u00e3o de processamento de dados pessoais<\/option><option value=\"Pedido de portabilidade de dados pessoais\" >Pedido de portabilidade de dados pessoais<\/option><option value=\"Pedido relativo \u00e0 tomada de decis\u00e3o e cria\u00e7\u00e3o de perfis automatizados\" >Pedido relativo \u00e0 tomada de decis\u00e3o e cria\u00e7\u00e3o de perfis automatizados<\/option><option value=\"D\u00favidas sobre tratamento de meus dados pessoais\" >D\u00favidas sobre tratamento de meus dados pessoais<\/option><\/select><\/div><div id=\"wpforms-6194-field_2-container\" class=\"wpforms-field wpforms-field-textarea\" data-field-id=\"2\"><label class=\"wpforms-field-label\" for=\"wpforms-6194-field_2\">Motivo \/ Justificativa <span class=\"wpforms-required-label\">*<\/span><\/label><textarea id=\"wpforms-6194-field_2\" class=\"wpforms-field-medium wpforms-field-required\" name=\"wpforms[fields][2]\" required><\/textarea><\/div><div id=\"wpforms-6194-field_26-container\" class=\"wpforms-field wpforms-field-select wpforms-field-select-style-modern\" data-field-id=\"26\"><label class=\"wpforms-field-label\" for=\"wpforms-6194-field_26\">Prazo de resposta <span class=\"wpforms-required-label\">*<\/span><\/label><select id=\"wpforms-6194-field_26\" class=\"wpforms-field-large wpforms-field-required choicesjs-select\" data-size-class=\"wpforms-field-row wpforms-field-large\" data-search-enabled=\"\" name=\"wpforms[fields][26][]\" required=\"required\" multiple=\"multiple\"><option value=\"\" class=\"placeholder\" disabled >Estou ciente que o prazo de resposta \u00e9 de at\u00e9 15 (quinze) dias e ser\u00e1 encaminhada via e-mail acima informado. Portanto, evite e-mail de terceiros para que n\u00e3o seja compartilhado dados pessoais desnecessariamente.<\/option><option value=\"Estou ciente que o prazo de resposta \u00e9 de at\u00e9 15 (quinze) dias e ser\u00e1 encaminhada via e-mail acima informado. Portanto, evite e-mail de terceiros para que n\u00e3o seja compartilhado dados pessoais desnecessariamente.\" >Estou ciente que o prazo de resposta \u00e9 de at\u00e9 15 (quinze) dias e ser\u00e1 encaminhada via e-mail acima informado. Portanto, evite e-mail de terceiros para que n\u00e3o seja compartilhado dados pessoais desnecessariamente.<\/option><\/select><\/div><div id=\"wpforms-6194-field_27-container\" class=\"wpforms-field wpforms-field-select wpforms-field-select-style-modern\" data-field-id=\"27\"><label class=\"wpforms-field-label\" for=\"wpforms-6194-field_27\">Declara\u00e7\u00e3o <span class=\"wpforms-required-label\">*<\/span><\/label><select id=\"wpforms-6194-field_27\" class=\"wpforms-field-large wpforms-field-required choicesjs-select\" data-size-class=\"wpforms-field-row wpforms-field-large\" data-search-enabled=\"\" name=\"wpforms[fields][27][]\" required=\"required\" multiple=\"multiple\"><option value=\"\" class=\"placeholder\" disabled >Declaro que sou o titular dos dados pessoais ou seu representante e estou ciente de que esta solicita\u00e7\u00e3o e o documento anexado ser\u00e3o arquivados pelo prazo de 10 (dez) anos, de acordo com o que estabelece o art. 205 do C\u00f3digo Civil e art. 7, VI, LGPD.<\/option><option value=\"Declaro que sou o titular dos dados pessoais ou seu representante e estou ciente de que esta solicita\u00e7\u00e3o e o documento anexado ser\u00e3o arquivados pelo prazo de 10 (dez) anos, de acordo com o que estabelece o art. 205 do C\u00f3digo Civil e art. 7, VI, LGPD.\" >Declaro que sou o titular dos dados pessoais ou seu representante e estou ciente de que esta solicita\u00e7\u00e3o e o documento anexado ser\u00e3o arquivados pelo prazo de 10 (dez) anos, de acordo com o que estabelece o art. 205 do C\u00f3digo Civil e art. 7, VI, LGPD.<\/option><\/select><\/div><\/div><!-- .wpforms-field-container --><div class=\"wpforms-field wpforms-field-hp\"><label for=\"wpforms-6194-field-hp\" class=\"wpforms-field-label\">Website<\/label><input type=\"text\" name=\"wpforms[hp]\" id=\"wpforms-6194-field-hp\" class=\"wpforms-field-medium\"><\/div><div class=\"wpforms-recaptcha-container wpforms-is-recaptcha wpforms-is-recaptcha-type-v3\" ><input type=\"hidden\" name=\"wpforms[recaptcha]\" value=\"\"><\/div><div class=\"wpforms-submit-container\" ><input type=\"hidden\" name=\"wpforms[id]\" value=\"6194\"><input type=\"hidden\" name=\"page_title\" value=\"\"><input type=\"hidden\" name=\"page_url\" value=\"https:\/\/www.absglobal.com\/br\/wp-json\/wp\/v2\/pages\/6199\"><button type=\"submit\" name=\"wpforms[submit]\" id=\"wpforms-submit-6194\" class=\"wpforms-submit\" data-alt-text=\"Enviando...\" data-submit-text=\"Enviar\" aria-live=\"assertive\" value=\"wpforms-submit\">Enviar<\/button><\/div><\/form><\/div>  <!-- .wpforms-container -->\n\n\n<p>A&nbsp;ABS&nbsp;respeita&nbsp;os Dados Pessoais de todos os&nbsp;seus&nbsp;colaboradores (as), clientes, fornecedores (as), candidatos (as) \u00e0 vaga de emprego, e demais pessoas que mant\u00e9m rela\u00e7\u00f5es jur\u00eddicas com ela, em alinho com o que determina a Lei Geral de Prote\u00e7\u00e3o de Dados Pessoais (LGPD). Caso&nbsp;a informa\u00e7\u00e3o necess\u00e1ria parar sanar sua d\u00favida n\u00e3o seja&nbsp;encontrada&nbsp;no nosso \u201cportal da privacidade\u201d, entre em contato com o Encarregado pelo Tratamento de Dados Pessoais:&nbsp;&nbsp;<\/p>\n\n\n\n<p>Nome: Alves, Freitas\u00a0e\u00a0Moutinho,\u00a0sociedade de\u00a0Advogados\u00a0LTDA<br><strong>Respons\u00e1veis: Glauber de Freitas e Marcelo Wendel<\/strong>\u00a0\u00a0<\/p>\n\n\n\n<p>Contato:&nbsp;<a target=\"_blank\" rel=\"noreferrer noopener\">dpo.absbrasil@genusplc.com<\/a>&nbsp;&nbsp;<\/p>\n\n\n\n<p>Endere\u00e7o: Rua Jaime Bilharinho, 1240&nbsp;&nbsp;<\/p>\n\n\n\n<p>CEP: 38065-280 \u2013 Uberaba \u2013 MG&nbsp;&nbsp;<\/p>\n\n\n\n<p>Telefone: (34) 3322.2922&nbsp;&nbsp;&nbsp;&nbsp;<\/p>\n","protected":false},"excerpt":{"rendered":"<p>Formul\u00e1rio para exerc\u00edcio dos direitos dos Titulares&nbsp;&nbsp; Este formul\u00e1rio tem por objetivo atender os preceitos da Lei Geral de Prote\u00e7\u00e3o de Dados Pessoais no sentido de criar um canal de comunica\u00e7\u00e3o para que o Titular exer\u00e7a seus direitos.&nbsp;&nbsp; Por favor, envie um documento com foto para verificar se o solicitante \u00e9, de fato, o Titular [&hellip;]<\/p>\n","protected":false},"author":437,"featured_media":0,"parent":0,"menu_order":0,"comment_status":"closed","ping_status":"closed","template":"","meta":{"_acf_changed":false,"content-type":"","footnotes":""},"class_list":["post-6199","page","type-page","status-publish","hentry"],"acf":[],"yoast_head":"<!-- This site is optimized with the Yoast SEO Premium plugin v25.6 (Yoast SEO v25.6) - https:\/\/yoast.com\/wordpress\/plugins\/seo\/ -->\n<title>Lei Geral de Prote\u00e7\u00e3o de Dados\u00a0Pessoais - ABS Global Brasil<\/title>\n<meta name=\"robots\" content=\"index, follow, max-snippet:-1, max-image-preview:large, max-video-preview:-1\" \/>\n<link rel=\"canonical\" href=\"https:\/\/www.absglobal.com\/br\/lei-geral-de-protecao-de-dados\/\" \/>\n<meta property=\"og:locale\" content=\"pt_BR\" \/>\n<meta property=\"og:type\" content=\"article\" \/>\n<meta property=\"og:title\" content=\"Lei Geral de Prote\u00e7\u00e3o de Dados\u00a0Pessoais\" \/>\n<meta property=\"og:description\" content=\"Formul\u00e1rio para exerc\u00edcio dos direitos dos Titulares&nbsp;&nbsp; Este formul\u00e1rio tem por objetivo atender os preceitos da Lei Geral de Prote\u00e7\u00e3o de Dados Pessoais no sentido de criar um canal de comunica\u00e7\u00e3o para que o Titular exer\u00e7a seus direitos.&nbsp;&nbsp; Por favor, envie um documento com foto para verificar se o solicitante \u00e9, de fato, o Titular [&hellip;]\" \/>\n<meta property=\"og:url\" content=\"https:\/\/www.absglobal.com\/br\/lei-geral-de-protecao-de-dados\/\" \/>\n<meta property=\"og:site_name\" content=\"ABS Global Brasil\" \/>\n<meta property=\"article:modified_time\" content=\"2024-08-27T12:06:57+00:00\" \/>\n<meta name=\"twitter:card\" content=\"summary_large_image\" \/>\n<meta name=\"twitter:label1\" content=\"Est. reading time\" \/>\n\t<meta name=\"twitter:data1\" content=\"2 minutos\" \/>\n<script type=\"application\/ld+json\" class=\"yoast-schema-graph\">{\"@context\":\"https:\/\/schema.org\",\"@graph\":[{\"@type\":\"WebPage\",\"@id\":\"https:\/\/www.absglobal.com\/br\/lei-geral-de-protecao-de-dados\/\",\"url\":\"https:\/\/www.absglobal.com\/br\/lei-geral-de-protecao-de-dados\/\",\"name\":\"Lei Geral de Prote\u00e7\u00e3o de Dados\u00a0Pessoais - ABS Global Brasil\",\"isPartOf\":{\"@id\":\"https:\/\/www.absglobal.com\/br\/#website\"},\"datePublished\":\"2023-02-02T17:43:01+00:00\",\"dateModified\":\"2024-08-27T12:06:57+00:00\",\"breadcrumb\":{\"@id\":\"https:\/\/www.absglobal.com\/br\/lei-geral-de-protecao-de-dados\/#breadcrumb\"},\"inLanguage\":\"pt-BR\",\"potentialAction\":[{\"@type\":\"ReadAction\",\"target\":[\"https:\/\/www.absglobal.com\/br\/lei-geral-de-protecao-de-dados\/\"]}]},{\"@type\":\"BreadcrumbList\",\"@id\":\"https:\/\/www.absglobal.com\/br\/lei-geral-de-protecao-de-dados\/#breadcrumb\",\"itemListElement\":[{\"@type\":\"ListItem\",\"position\":1,\"name\":\"Home\",\"item\":\"https:\/\/www.absglobal.com\/br\/\"},{\"@type\":\"ListItem\",\"position\":2,\"name\":\"Lei Geral de Prote\u00e7\u00e3o de Dados\u00a0Pessoais\"}]},{\"@type\":\"WebSite\",\"@id\":\"https:\/\/www.absglobal.com\/br\/#website\",\"url\":\"https:\/\/www.absglobal.com\/br\/\",\"name\":\"ABS Global Brasil\",\"description\":\"\",\"publisher\":{\"@id\":\"https:\/\/www.absglobal.com\/br\/#organization\"},\"potentialAction\":[{\"@type\":\"SearchAction\",\"target\":{\"@type\":\"EntryPoint\",\"urlTemplate\":\"https:\/\/www.absglobal.com\/br\/?s={search_term_string}\"},\"query-input\":{\"@type\":\"PropertyValueSpecification\",\"valueRequired\":true,\"valueName\":\"search_term_string\"}}],\"inLanguage\":\"pt-BR\"},{\"@type\":\"Organization\",\"@id\":\"https:\/\/www.absglobal.com\/br\/#organization\",\"name\":\"ABS Global Brasil\",\"url\":\"https:\/\/www.absglobal.com\/br\/\",\"logo\":{\"@type\":\"ImageObject\",\"inLanguage\":\"pt-BR\",\"@id\":\"https:\/\/www.absglobal.com\/br\/#\/schema\/logo\/image\/\",\"url\":\"https:\/\/www.absglobal.com\/br\/wp-content\/uploads\/sites\/16\/2020\/03\/LogoRGB.png\",\"contentUrl\":\"https:\/\/www.absglobal.com\/br\/wp-content\/uploads\/sites\/16\/2020\/03\/LogoRGB.png\",\"width\":872,\"height\":1080,\"caption\":\"ABS Global Brasil \"},\"image\":{\"@id\":\"https:\/\/www.absglobal.com\/br\/#\/schema\/logo\/image\/\"}}]}<\/script>\n<!-- \/ Yoast SEO Premium plugin. -->","yoast_head_json":{"title":"Lei Geral de Prote\u00e7\u00e3o de Dados\u00a0Pessoais - ABS Global Brasil","robots":{"index":"index","follow":"follow","max-snippet":"max-snippet:-1","max-image-preview":"max-image-preview:large","max-video-preview":"max-video-preview:-1"},"canonical":"https:\/\/www.absglobal.com\/br\/lei-geral-de-protecao-de-dados\/","og_locale":"pt_BR","og_type":"article","og_title":"Lei Geral de Prote\u00e7\u00e3o de Dados\u00a0Pessoais","og_description":"Formul\u00e1rio para exerc\u00edcio dos direitos dos Titulares&nbsp;&nbsp; Este formul\u00e1rio tem por objetivo atender os preceitos da Lei Geral de Prote\u00e7\u00e3o de Dados Pessoais no sentido de criar um canal de comunica\u00e7\u00e3o para que o Titular exer\u00e7a seus direitos.&nbsp;&nbsp; Por favor, envie um documento com foto para verificar se o solicitante \u00e9, de fato, o Titular [&hellip;]","og_url":"https:\/\/www.absglobal.com\/br\/lei-geral-de-protecao-de-dados\/","og_site_name":"ABS Global Brasil","article_modified_time":"2024-08-27T12:06:57+00:00","twitter_card":"summary_large_image","twitter_misc":{"Est. reading time":"2 minutos"},"schema":{"@context":"https:\/\/schema.org","@graph":[{"@type":"WebPage","@id":"https:\/\/www.absglobal.com\/br\/lei-geral-de-protecao-de-dados\/","url":"https:\/\/www.absglobal.com\/br\/lei-geral-de-protecao-de-dados\/","name":"Lei Geral de Prote\u00e7\u00e3o de Dados\u00a0Pessoais - ABS Global Brasil","isPartOf":{"@id":"https:\/\/www.absglobal.com\/br\/#website"},"datePublished":"2023-02-02T17:43:01+00:00","dateModified":"2024-08-27T12:06:57+00:00","breadcrumb":{"@id":"https:\/\/www.absglobal.com\/br\/lei-geral-de-protecao-de-dados\/#breadcrumb"},"inLanguage":"pt-BR","potentialAction":[{"@type":"ReadAction","target":["https:\/\/www.absglobal.com\/br\/lei-geral-de-protecao-de-dados\/"]}]},{"@type":"BreadcrumbList","@id":"https:\/\/www.absglobal.com\/br\/lei-geral-de-protecao-de-dados\/#breadcrumb","itemListElement":[{"@type":"ListItem","position":1,"name":"Home","item":"https:\/\/www.absglobal.com\/br\/"},{"@type":"ListItem","position":2,"name":"Lei Geral de Prote\u00e7\u00e3o de Dados\u00a0Pessoais"}]},{"@type":"WebSite","@id":"https:\/\/www.absglobal.com\/br\/#website","url":"https:\/\/www.absglobal.com\/br\/","name":"ABS Global Brasil","description":"","publisher":{"@id":"https:\/\/www.absglobal.com\/br\/#organization"},"potentialAction":[{"@type":"SearchAction","target":{"@type":"EntryPoint","urlTemplate":"https:\/\/www.absglobal.com\/br\/?s={search_term_string}"},"query-input":{"@type":"PropertyValueSpecification","valueRequired":true,"valueName":"search_term_string"}}],"inLanguage":"pt-BR"},{"@type":"Organization","@id":"https:\/\/www.absglobal.com\/br\/#organization","name":"ABS Global Brasil","url":"https:\/\/www.absglobal.com\/br\/","logo":{"@type":"ImageObject","inLanguage":"pt-BR","@id":"https:\/\/www.absglobal.com\/br\/#\/schema\/logo\/image\/","url":"https:\/\/www.absglobal.com\/br\/wp-content\/uploads\/sites\/16\/2020\/03\/LogoRGB.png","contentUrl":"https:\/\/www.absglobal.com\/br\/wp-content\/uploads\/sites\/16\/2020\/03\/LogoRGB.png","width":872,"height":1080,"caption":"ABS Global Brasil "},"image":{"@id":"https:\/\/www.absglobal.com\/br\/#\/schema\/logo\/image\/"}}]}},"_links":{"self":[{"href":"https:\/\/www.absglobal.com\/br\/wp-json\/wp\/v2\/pages\/6199"}],"collection":[{"href":"https:\/\/www.absglobal.com\/br\/wp-json\/wp\/v2\/pages"}],"about":[{"href":"https:\/\/www.absglobal.com\/br\/wp-json\/wp\/v2\/types\/page"}],"author":[{"embeddable":true,"href":"https:\/\/www.absglobal.com\/br\/wp-json\/wp\/v2\/users\/437"}],"replies":[{"embeddable":true,"href":"https:\/\/www.absglobal.com\/br\/wp-json\/wp\/v2\/comments?post=6199"}],"version-history":[{"count":7,"href":"https:\/\/www.absglobal.com\/br\/wp-json\/wp\/v2\/pages\/6199\/revisions"}],"predecessor-version":[{"id":13585,"href":"https:\/\/www.absglobal.com\/br\/wp-json\/wp\/v2\/pages\/6199\/revisions\/13585"}],"wp:attachment":[{"href":"https:\/\/www.absglobal.com\/br\/wp-json\/wp\/v2\/media?parent=6199"}],"curies":[{"name":"wp","href":"https:\/\/api.w.org\/{rel}","templated":true}]}}