{"id":2717,"date":"2020-02-07T15:25:01","date_gmt":"2020-02-07T15:25:01","guid":{"rendered":"http:\/\/cms.genusplc.com\/absglobal\/?page_id=2451"},"modified":"2020-02-07T15:25:01","modified_gmt":"2020-02-07T15:25:01","slug":"deutschland","status":"publish","type":"page","link":"https:\/\/www.absglobal.com\/ca-fr\/deutschland\/","title":{"rendered":"Deutschland"},"content":{"rendered":"<h2>\n\t\tUnser Team\n\t<\/h2>\n<h3>\n\t\tAu\u00dfendienst\n\t<\/h3>\n\t\t\t<h3>Georg Lang<\/h3>\t\t\t\n\t\t\t\t<p>Region: Bayern<br \/>Mobil: 0173 &#8211; 97 42 59 9<br \/>georg.lang@genusplc.com<\/p>\n\t\t\t<h3>Olaf thom Suden<\/h3>\t\t\t\n\t\t\t\t<p>Region: Weser-Elbe, Meck.-Pom.<br \/>Mobil: 0170 &#8211; 57 05 28 2<br \/>olaf.thomsuden@genusplc.com<\/p>\n\t\t\t<h3>Evelyn Hardege<\/h3>\t\t\t\n\t\t\t\t<p>Region: Niedersachsen, Nordhessen<br \/>Mobil: 0171 &#8211; 416 82 63<br \/>evelyn.hardege@genusplc.com<\/p>\n\t\t\t<h3>Knut Kosoric<\/h3>\t\t\t\n\t\t\t\t<p>Region: Schleswig-Holstein<br \/>Mobil: 0151 &#8211; 18 80 58 88<br \/>knut.kosoric@genusplc.com<\/p>\n\t\t\t<h3>Jens Gemballa<\/h3>\t\t\t\n\t\t\t\t<p>Region: BB, SA, Meck.-Pom.<br \/>Mobil: 0151 &#8211; 117 642 40<br \/>jens.gemballa@genusplc.com<\/p>\n\t\t\t<h3>Miguel Becerra<\/h3>\t\t\t\n\t\t\t\t<p>Region: NRW, RP, Saarland<br \/>Mobil: 0171 &#8211; 86 26 86 8<br \/>miguel.becerra@genusplc.com<\/p>\n\t\t\t<h3>Arne Fitzner<\/h3>\t\t\t\n\t\t\t\t<p>Region: Su\u0308d-Niedersachsen<br \/>Mobil: 0151 &#8211; 156 66 415<br \/>arne.fitzner-abs@web.de<\/p>\n\t\t\t<h3>Sandra Ehnert<\/h3>\t\t\t\n\t\t\t\t<p>Region: Sachsen-Anhalt, Thu\u0308ringen<br \/>Mobil: 0151 &#8211; 52 82 06 52<br \/>sandra.ehnert@genusplc.com<\/p>\n\t\t\t<h3>Dr. Edwin Brade<\/h3>\t\t\t\n\t\t\t\t<p>Region: BB, Sachsen<br \/>Mobil: 0151 &#8211; 18 80 58 86<br \/>edwin.brade@genusplc.com<\/p>\n<h3>\n\t\tGMS\u00ae 2.0 &#8211; An ABS Genetic Service\n\t<\/h3>\n\t\t\t<h3>Robert Schwendenmann<\/h3>\t\t\t\n\t\t\t\t<p>GMS Manager\/Anpaarungsprogramm<br \/>Mobil: 0160 &#8211; 97 24 60 78<br \/>robert.schwendenmann@genusplc.com<\/p>\n<h3>\n\t\tBu\u0308ro Hannover\n\t<\/h3>\n\t\t\t<h3>Kerstin Lepold<\/h3>\t\t\t\n\t\t\t\t<p>Buchhaltung<br \/>Tel.: 0511 &#8211; 870 85 42<br \/>kerstin.lepold@genusplc.com<\/p>\n\t\t\t<h3>Bj\u00f6rn Reinhard<\/h3>\t\t\t\n\t\t\t\t<p>Assistent der Gesch\u00e4ftsf\u00fchrung<br \/>Tel.: 0511 &#8211; 870 85 66<br \/>bjoern.reinhard@genusplc.com<\/p>\n\t\t\t<h3>Dirk Ellermann<\/h3>\t\t\t\n\t\t\t\t<p>Gesch\u00e4ftsf\u00fchrung<br \/>dirk.ellermann@genusplc.com<\/p>\n<h3>\n\t\tImpressum\n\t<\/h3>\n\t\t\t<h5>Pig Improvement Company Deutschland GmbH<\/h5><h3>ABS Deutschland<\/h3>\t\t\t\n\t\t\t\t<p>Jathostra\u00dfe 11 A<br \/>30163 Hannover<\/p>\n<p>Telefon 0511 \u2013 870 85 66<\/p>\n<p>Email: abs.de@genusplc.com<\/p>\n<p>Umsatzsteuer-ID: DE 811 194 716<br \/>Amtsgericht Hannover HRB 211269<\/p>\n<p>Gesch\u00e4ftsf\u00fchrer: Dirk Ellermann, Jorge Atserias Hernaiz, J\u00fcrgen Kramer<\/p>\n","protected":false},"excerpt":{"rendered":"<p>Unser Team Au\u00dfendienst Georg Lang Region: BayernMobil: 0173 &#8211; 97 42 59 9georg.lang@genusplc.com Olaf thom Suden Region: Weser-Elbe, Meck.-Pom.Mobil: 0170 &#8211; 57 05 28 2olaf.thomsuden@genusplc.com Evelyn Hardege Region: Niedersachsen, NordhessenMobil: 0171 &#8211; 416 82 63evelyn.hardege@genusplc.com Knut Kosoric Region: Schleswig-HolsteinMobil: 0151 &#8211; 18 80 58 88knut.kosoric@genusplc.com Jens Gemballa Region: BB, SA, Meck.-Pom.Mobil: 0151 &#8211; 117 642&hellip;<\/p>\n","protected":false},"author":292,"featured_media":0,"parent":0,"menu_order":0,"comment_status":"closed","ping_status":"closed","template":"","meta":{"_acf_changed":false,"footnotes":""},"class_list":["post-2717","page","type-page","status-publish","hentry"],"acf":[],"yoast_head":"<!-- This site is optimized with the Yoast SEO Premium plugin v25.6 (Yoast SEO v25.6) - https:\/\/yoast.com\/wordpress\/plugins\/seo\/ -->\n<title>Deutschland - ABS Global Canada (ca-fr)<\/title>\n<meta name=\"robots\" content=\"index, follow, max-snippet:-1, max-image-preview:large, max-video-preview:-1\" \/>\n<link rel=\"canonical\" href=\"https:\/\/www.absglobal.com\/ca-fr\/deutschland\/\" \/>\n<meta property=\"og:locale\" content=\"fr_CA\" \/>\n<meta property=\"og:type\" content=\"article\" \/>\n<meta property=\"og:title\" content=\"Deutschland\" \/>\n<meta property=\"og:description\" content=\"Unser Team Au\u00dfendienst Georg Lang Region: BayernMobil: 0173 &#8211; 97 42 59 9georg.lang@genusplc.com Olaf thom Suden Region: Weser-Elbe, Meck.-Pom.Mobil: 0170 &#8211; 57 05 28 2olaf.thomsuden@genusplc.com Evelyn Hardege Region: Niedersachsen, NordhessenMobil: 0171 &#8211; 416 82 63evelyn.hardege@genusplc.com Knut Kosoric Region: Schleswig-HolsteinMobil: 0151 &#8211; 18 80 58 88knut.kosoric@genusplc.com Jens Gemballa Region: BB, SA, Meck.-Pom.Mobil: 0151 &#8211; 117 642&hellip;\" \/>\n<meta property=\"og:url\" content=\"https:\/\/www.absglobal.com\/ca-fr\/deutschland\/\" \/>\n<meta property=\"og:site_name\" content=\"ABS Global Canada (ca-fr)\" \/>\n<meta name=\"twitter:card\" content=\"summary_large_image\" \/>\n<meta name=\"twitter:label1\" content=\"Est. reading time\" \/>\n\t<meta name=\"twitter:data1\" content=\"1 minute\" \/>\n<script type=\"application\/ld+json\" class=\"yoast-schema-graph\">{\"@context\":\"https:\/\/schema.org\",\"@graph\":[{\"@type\":\"WebPage\",\"@id\":\"https:\/\/www.absglobal.com\/ca-fr\/deutschland\/\",\"url\":\"https:\/\/www.absglobal.com\/ca-fr\/deutschland\/\",\"name\":\"Deutschland - ABS Global Canada (ca-fr)\",\"isPartOf\":{\"@id\":\"https:\/\/www.absglobal.com\/ca-fr\/#website\"},\"datePublished\":\"2020-02-07T15:25:01+00:00\",\"breadcrumb\":{\"@id\":\"https:\/\/www.absglobal.com\/ca-fr\/deutschland\/#breadcrumb\"},\"inLanguage\":\"fr-CA\",\"potentialAction\":[{\"@type\":\"ReadAction\",\"target\":[\"https:\/\/www.absglobal.com\/ca-fr\/deutschland\/\"]}]},{\"@type\":\"BreadcrumbList\",\"@id\":\"https:\/\/www.absglobal.com\/ca-fr\/deutschland\/#breadcrumb\",\"itemListElement\":[{\"@type\":\"ListItem\",\"position\":1,\"name\":\"Home\",\"item\":\"https:\/\/www.absglobal.com\/ca-fr\/\"},{\"@type\":\"ListItem\",\"position\":2,\"name\":\"Deutschland\"}]},{\"@type\":\"WebSite\",\"@id\":\"https:\/\/www.absglobal.com\/ca-fr\/#website\",\"url\":\"https:\/\/www.absglobal.com\/ca-fr\/\",\"name\":\"ABS Global Canada (ca-fr)\",\"description\":\"\",\"potentialAction\":[{\"@type\":\"SearchAction\",\"target\":{\"@type\":\"EntryPoint\",\"urlTemplate\":\"https:\/\/www.absglobal.com\/ca-fr\/?s={search_term_string}\"},\"query-input\":{\"@type\":\"PropertyValueSpecification\",\"valueRequired\":true,\"valueName\":\"search_term_string\"}}],\"inLanguage\":\"fr-CA\"}]}<\/script>\n<!-- \/ Yoast SEO Premium plugin. -->","yoast_head_json":{"title":"Deutschland - ABS Global Canada (ca-fr)","robots":{"index":"index","follow":"follow","max-snippet":"max-snippet:-1","max-image-preview":"max-image-preview:large","max-video-preview":"max-video-preview:-1"},"canonical":"https:\/\/www.absglobal.com\/ca-fr\/deutschland\/","og_locale":"fr_CA","og_type":"article","og_title":"Deutschland","og_description":"Unser Team Au\u00dfendienst Georg Lang Region: BayernMobil: 0173 &#8211; 97 42 59 9georg.lang@genusplc.com Olaf thom Suden Region: Weser-Elbe, Meck.-Pom.Mobil: 0170 &#8211; 57 05 28 2olaf.thomsuden@genusplc.com Evelyn Hardege Region: Niedersachsen, NordhessenMobil: 0171 &#8211; 416 82 63evelyn.hardege@genusplc.com Knut Kosoric Region: Schleswig-HolsteinMobil: 0151 &#8211; 18 80 58 88knut.kosoric@genusplc.com Jens Gemballa Region: BB, SA, Meck.-Pom.Mobil: 0151 &#8211; 117 642&hellip;","og_url":"https:\/\/www.absglobal.com\/ca-fr\/deutschland\/","og_site_name":"ABS Global Canada (ca-fr)","twitter_card":"summary_large_image","twitter_misc":{"Est. reading time":"1 minute"},"schema":{"@context":"https:\/\/schema.org","@graph":[{"@type":"WebPage","@id":"https:\/\/www.absglobal.com\/ca-fr\/deutschland\/","url":"https:\/\/www.absglobal.com\/ca-fr\/deutschland\/","name":"Deutschland - ABS Global Canada (ca-fr)","isPartOf":{"@id":"https:\/\/www.absglobal.com\/ca-fr\/#website"},"datePublished":"2020-02-07T15:25:01+00:00","breadcrumb":{"@id":"https:\/\/www.absglobal.com\/ca-fr\/deutschland\/#breadcrumb"},"inLanguage":"fr-CA","potentialAction":[{"@type":"ReadAction","target":["https:\/\/www.absglobal.com\/ca-fr\/deutschland\/"]}]},{"@type":"BreadcrumbList","@id":"https:\/\/www.absglobal.com\/ca-fr\/deutschland\/#breadcrumb","itemListElement":[{"@type":"ListItem","position":1,"name":"Home","item":"https:\/\/www.absglobal.com\/ca-fr\/"},{"@type":"ListItem","position":2,"name":"Deutschland"}]},{"@type":"WebSite","@id":"https:\/\/www.absglobal.com\/ca-fr\/#website","url":"https:\/\/www.absglobal.com\/ca-fr\/","name":"ABS Global Canada (ca-fr)","description":"","potentialAction":[{"@type":"SearchAction","target":{"@type":"EntryPoint","urlTemplate":"https:\/\/www.absglobal.com\/ca-fr\/?s={search_term_string}"},"query-input":{"@type":"PropertyValueSpecification","valueRequired":true,"valueName":"search_term_string"}}],"inLanguage":"fr-CA"}]}},"_links":{"self":[{"href":"https:\/\/www.absglobal.com\/ca-fr\/wp-json\/wp\/v2\/pages\/2717"}],"collection":[{"href":"https:\/\/www.absglobal.com\/ca-fr\/wp-json\/wp\/v2\/pages"}],"about":[{"href":"https:\/\/www.absglobal.com\/ca-fr\/wp-json\/wp\/v2\/types\/page"}],"author":[{"embeddable":true,"href":"https:\/\/www.absglobal.com\/ca-fr\/wp-json\/wp\/v2\/users\/292"}],"replies":[{"embeddable":true,"href":"https:\/\/www.absglobal.com\/ca-fr\/wp-json\/wp\/v2\/comments?post=2717"}],"version-history":[{"count":0,"href":"https:\/\/www.absglobal.com\/ca-fr\/wp-json\/wp\/v2\/pages\/2717\/revisions"}],"wp:attachment":[{"href":"https:\/\/www.absglobal.com\/ca-fr\/wp-json\/wp\/v2\/media?parent=2717"}],"curies":[{"name":"wp","href":"https:\/\/api.w.org\/{rel}","templated":true}]}}