{"id":500,"date":"2018-02-18T20:46:54","date_gmt":"2018-02-18T20:46:54","guid":{"rendered":"http:\/\/absglobal.flywheelsites.com\/us\/?page_id=500"},"modified":"2020-04-03T01:40:36","modified_gmt":"2020-04-03T01:40:36","slug":"beef","status":"publish","type":"page","link":"https:\/\/www.absglobal.com\/ca-fr\/beef\/","title":{"rendered":"Boucherie"},"content":{"rendered":"\r\n<p>&nbsp;<\/p>\r\n<h2>Votre Leader Mondial en G\u00e9n\u00e9tique Bovine<\/h2>\r\n<p>ABS est heureux d&#8217;offrir des taureaux de boucherie \u00e9prouv\u00e9s dans plusieurs pays \u00e0 travers le monde. Ces taureaux sont soigneusement s\u00e9lectionn\u00e9s et test\u00e9s pour fournir des taureaux avec une plus grande pr\u00e9cision des donn\u00e9es dans l&#8217;industrie. ABS m\u00e8ne l\u2019industrie pour le d\u00e9veloppement de taureaux qui se distinguent du p\u00e2turage au plat (Pasture to Plate\u00ae). <img fetchpriority=\"high\" decoding=\"async\" src=\"https:\/\/www.absglobal.com\/ca-fr\/wp-content\/uploads\/sites\/23\/2018\/02\/Beef_Fr.jpg\" alt=\"Beef_Fr\" width=\"1920\" height=\"480\" \/><\/p>\r\n<h2>G\u00e9n\u00e9tique et Service Pasture to Plate\u00ae<\/h2>\r\n<p>La philosophie de ABS est de fournir la g\u00e9n\u00e9tique et les services \u00e9prouv\u00e9s qui ajoutent de la valeur du p\u00e2turage au plat. Nous mettons l&#8217;accent g\u00e9n\u00e9tique sur des taureaux qui performent sur plusieurs traits, principalement sur le m\u00e9rite du produit final pour le consommateur tout en exigeant que les bovins poss\u00e8dent les traits de performances fonctionnels n\u00e9cessaires \u00e0 leur \u00e9panouissement pour les producteurs de bovins commerciaux. Nos services offrent non seulement des solutions \u00e0 la ferme pour les producteurs, mais s&#8217;\u00e9tendent au-del\u00e0 de la ferme pour ajouter valeur et qualit\u00e9 tout au long de la cha\u00eene d&#8217;approvisionnement de boeuf.<\/p>\r\n","protected":false},"excerpt":{"rendered":"<p>&nbsp; Votre Leader Mondial en G\u00e9n\u00e9tique Bovine ABS est heureux d&#8217;offrir des taureaux de boucherie \u00e9prouv\u00e9s dans plusieurs pays \u00e0 travers le monde. Ces taureaux sont soigneusement s\u00e9lectionn\u00e9s et test\u00e9s pour fournir des taureaux avec une plus grande pr\u00e9cision des donn\u00e9es dans l&#8217;industrie. ABS m\u00e8ne l\u2019industrie pour le d\u00e9veloppement de taureaux qui se distinguent du&hellip;<\/p>\n","protected":false},"author":20,"featured_media":1559,"parent":0,"menu_order":0,"comment_status":"closed","ping_status":"closed","template":"","meta":{"_acf_changed":false,"footnotes":""},"class_list":["post-500","page","type-page","status-publish","has-post-thumbnail","hentry"],"acf":[],"yoast_head":"<!-- This site is optimized with the Yoast SEO Premium plugin v25.6 (Yoast SEO v25.6) - https:\/\/yoast.com\/wordpress\/plugins\/seo\/ -->\n<title>Boucherie - ABS Global Canada (ca-fr)<\/title>\n<meta name=\"robots\" content=\"index, follow, max-snippet:-1, max-image-preview:large, max-video-preview:-1\" \/>\n<link rel=\"canonical\" href=\"https:\/\/www.absglobal.com\/ca-fr\/beef\/\" \/>\n<meta property=\"og:locale\" content=\"fr_CA\" \/>\n<meta property=\"og:type\" content=\"article\" \/>\n<meta property=\"og:title\" content=\"Boucherie\" \/>\n<meta property=\"og:description\" content=\"&nbsp; Votre Leader Mondial en G\u00e9n\u00e9tique Bovine ABS est heureux d&#8217;offrir des taureaux de boucherie \u00e9prouv\u00e9s dans plusieurs pays \u00e0 travers le monde. Ces taureaux sont soigneusement s\u00e9lectionn\u00e9s et test\u00e9s pour fournir des taureaux avec une plus grande pr\u00e9cision des donn\u00e9es dans l&#8217;industrie. ABS m\u00e8ne l\u2019industrie pour le d\u00e9veloppement de taureaux qui se distinguent du&hellip;\" \/>\n<meta property=\"og:url\" content=\"https:\/\/www.absglobal.com\/ca-fr\/beef\/\" \/>\n<meta property=\"og:site_name\" content=\"ABS Global Canada (ca-fr)\" \/>\n<meta property=\"article:modified_time\" content=\"2020-04-03T01:40:36+00:00\" \/>\n<meta property=\"og:image\" content=\"https:\/\/www.absglobal.com\/ca-fr\/wp-content\/uploads\/sites\/23\/2018\/03\/abs-can-fr-beef.jpg?fit=1920%2C500\" \/>\n\t<meta property=\"og:image:width\" content=\"1920\" \/>\n\t<meta property=\"og:image:height\" content=\"500\" \/>\n\t<meta property=\"og:image:type\" content=\"image\/jpeg\" \/>\n<meta name=\"twitter:card\" content=\"summary_large_image\" \/>\n<meta name=\"twitter:label1\" content=\"Est. reading time\" \/>\n\t<meta name=\"twitter:data1\" content=\"1 minute\" \/>\n<script type=\"application\/ld+json\" class=\"yoast-schema-graph\">{\"@context\":\"https:\/\/schema.org\",\"@graph\":[{\"@type\":\"WebPage\",\"@id\":\"https:\/\/www.absglobal.com\/ca-fr\/beef\/\",\"url\":\"https:\/\/www.absglobal.com\/ca-fr\/beef\/\",\"name\":\"Boucherie - ABS Global Canada (ca-fr)\",\"isPartOf\":{\"@id\":\"https:\/\/www.absglobal.com\/ca-fr\/#website\"},\"primaryImageOfPage\":{\"@id\":\"https:\/\/www.absglobal.com\/ca-fr\/beef\/#primaryimage\"},\"image\":{\"@id\":\"https:\/\/www.absglobal.com\/ca-fr\/beef\/#primaryimage\"},\"thumbnailUrl\":\"https:\/\/www.absglobal.com\/ca-fr\/wp-content\/uploads\/sites\/23\/2018\/03\/abs-can-fr-beef.jpg\",\"datePublished\":\"2018-02-18T20:46:54+00:00\",\"dateModified\":\"2020-04-03T01:40:36+00:00\",\"breadcrumb\":{\"@id\":\"https:\/\/www.absglobal.com\/ca-fr\/beef\/#breadcrumb\"},\"inLanguage\":\"fr-CA\",\"potentialAction\":[{\"@type\":\"ReadAction\",\"target\":[\"https:\/\/www.absglobal.com\/ca-fr\/beef\/\"]}]},{\"@type\":\"ImageObject\",\"inLanguage\":\"fr-CA\",\"@id\":\"https:\/\/www.absglobal.com\/ca-fr\/beef\/#primaryimage\",\"url\":\"https:\/\/www.absglobal.com\/ca-fr\/wp-content\/uploads\/sites\/23\/2018\/03\/abs-can-fr-beef.jpg\",\"contentUrl\":\"https:\/\/www.absglobal.com\/ca-fr\/wp-content\/uploads\/sites\/23\/2018\/03\/abs-can-fr-beef.jpg\",\"width\":1920,\"height\":500},{\"@type\":\"BreadcrumbList\",\"@id\":\"https:\/\/www.absglobal.com\/ca-fr\/beef\/#breadcrumb\",\"itemListElement\":[{\"@type\":\"ListItem\",\"position\":1,\"name\":\"Home\",\"item\":\"https:\/\/www.absglobal.com\/ca-fr\/\"},{\"@type\":\"ListItem\",\"position\":2,\"name\":\"Boucherie\"}]},{\"@type\":\"WebSite\",\"@id\":\"https:\/\/www.absglobal.com\/ca-fr\/#website\",\"url\":\"https:\/\/www.absglobal.com\/ca-fr\/\",\"name\":\"ABS Global Canada (ca-fr)\",\"description\":\"\",\"potentialAction\":[{\"@type\":\"SearchAction\",\"target\":{\"@type\":\"EntryPoint\",\"urlTemplate\":\"https:\/\/www.absglobal.com\/ca-fr\/?s={search_term_string}\"},\"query-input\":{\"@type\":\"PropertyValueSpecification\",\"valueRequired\":true,\"valueName\":\"search_term_string\"}}],\"inLanguage\":\"fr-CA\"}]}<\/script>\n<!-- \/ Yoast SEO Premium plugin. -->","yoast_head_json":{"title":"Boucherie - ABS Global Canada (ca-fr)","robots":{"index":"index","follow":"follow","max-snippet":"max-snippet:-1","max-image-preview":"max-image-preview:large","max-video-preview":"max-video-preview:-1"},"canonical":"https:\/\/www.absglobal.com\/ca-fr\/beef\/","og_locale":"fr_CA","og_type":"article","og_title":"Boucherie","og_description":"&nbsp; Votre Leader Mondial en G\u00e9n\u00e9tique Bovine ABS est heureux d&#8217;offrir des taureaux de boucherie \u00e9prouv\u00e9s dans plusieurs pays \u00e0 travers le monde. Ces taureaux sont soigneusement s\u00e9lectionn\u00e9s et test\u00e9s pour fournir des taureaux avec une plus grande pr\u00e9cision des donn\u00e9es dans l&#8217;industrie. ABS m\u00e8ne l\u2019industrie pour le d\u00e9veloppement de taureaux qui se distinguent du&hellip;","og_url":"https:\/\/www.absglobal.com\/ca-fr\/beef\/","og_site_name":"ABS Global Canada (ca-fr)","article_modified_time":"2020-04-03T01:40:36+00:00","og_image":[{"width":1920,"height":500,"url":"https:\/\/www.absglobal.com\/ca-fr\/wp-content\/uploads\/sites\/23\/2018\/03\/abs-can-fr-beef.jpg?fit=1920%2C500","type":"image\/jpeg"}],"twitter_card":"summary_large_image","twitter_misc":{"Est. reading time":"1 minute"},"schema":{"@context":"https:\/\/schema.org","@graph":[{"@type":"WebPage","@id":"https:\/\/www.absglobal.com\/ca-fr\/beef\/","url":"https:\/\/www.absglobal.com\/ca-fr\/beef\/","name":"Boucherie - ABS Global Canada (ca-fr)","isPartOf":{"@id":"https:\/\/www.absglobal.com\/ca-fr\/#website"},"primaryImageOfPage":{"@id":"https:\/\/www.absglobal.com\/ca-fr\/beef\/#primaryimage"},"image":{"@id":"https:\/\/www.absglobal.com\/ca-fr\/beef\/#primaryimage"},"thumbnailUrl":"https:\/\/www.absglobal.com\/ca-fr\/wp-content\/uploads\/sites\/23\/2018\/03\/abs-can-fr-beef.jpg","datePublished":"2018-02-18T20:46:54+00:00","dateModified":"2020-04-03T01:40:36+00:00","breadcrumb":{"@id":"https:\/\/www.absglobal.com\/ca-fr\/beef\/#breadcrumb"},"inLanguage":"fr-CA","potentialAction":[{"@type":"ReadAction","target":["https:\/\/www.absglobal.com\/ca-fr\/beef\/"]}]},{"@type":"ImageObject","inLanguage":"fr-CA","@id":"https:\/\/www.absglobal.com\/ca-fr\/beef\/#primaryimage","url":"https:\/\/www.absglobal.com\/ca-fr\/wp-content\/uploads\/sites\/23\/2018\/03\/abs-can-fr-beef.jpg","contentUrl":"https:\/\/www.absglobal.com\/ca-fr\/wp-content\/uploads\/sites\/23\/2018\/03\/abs-can-fr-beef.jpg","width":1920,"height":500},{"@type":"BreadcrumbList","@id":"https:\/\/www.absglobal.com\/ca-fr\/beef\/#breadcrumb","itemListElement":[{"@type":"ListItem","position":1,"name":"Home","item":"https:\/\/www.absglobal.com\/ca-fr\/"},{"@type":"ListItem","position":2,"name":"Boucherie"}]},{"@type":"WebSite","@id":"https:\/\/www.absglobal.com\/ca-fr\/#website","url":"https:\/\/www.absglobal.com\/ca-fr\/","name":"ABS Global Canada (ca-fr)","description":"","potentialAction":[{"@type":"SearchAction","target":{"@type":"EntryPoint","urlTemplate":"https:\/\/www.absglobal.com\/ca-fr\/?s={search_term_string}"},"query-input":{"@type":"PropertyValueSpecification","valueRequired":true,"valueName":"search_term_string"}}],"inLanguage":"fr-CA"}]}},"_links":{"self":[{"href":"https:\/\/www.absglobal.com\/ca-fr\/wp-json\/wp\/v2\/pages\/500"}],"collection":[{"href":"https:\/\/www.absglobal.com\/ca-fr\/wp-json\/wp\/v2\/pages"}],"about":[{"href":"https:\/\/www.absglobal.com\/ca-fr\/wp-json\/wp\/v2\/types\/page"}],"author":[{"embeddable":true,"href":"https:\/\/www.absglobal.com\/ca-fr\/wp-json\/wp\/v2\/users\/20"}],"replies":[{"embeddable":true,"href":"https:\/\/www.absglobal.com\/ca-fr\/wp-json\/wp\/v2\/comments?post=500"}],"version-history":[{"count":2,"href":"https:\/\/www.absglobal.com\/ca-fr\/wp-json\/wp\/v2\/pages\/500\/revisions"}],"predecessor-version":[{"id":2545,"href":"https:\/\/www.absglobal.com\/ca-fr\/wp-json\/wp\/v2\/pages\/500\/revisions\/2545"}],"wp:featuredmedia":[{"embeddable":true,"href":"https:\/\/www.absglobal.com\/ca-fr\/wp-json\/wp\/v2\/media\/1559"}],"wp:attachment":[{"href":"https:\/\/www.absglobal.com\/ca-fr\/wp-json\/wp\/v2\/media?parent=500"}],"curies":[{"name":"wp","href":"https:\/\/api.w.org\/{rel}","templated":true}]}}