{"id":590,"date":"2018-02-19T00:27:00","date_gmt":"2018-02-19T00:27:00","guid":{"rendered":"http:\/\/absglobal.flywheelsites.com\/us\/?page_id=590"},"modified":"2020-04-03T01:54:29","modified_gmt":"2020-04-03T01:54:29","slug":"beef-programs","status":"publish","type":"page","link":"https:\/\/www.absglobal.com\/ca-fr\/beef\/beef-programs\/","title":{"rendered":"Programmes de Bovins de Boucherie"},"content":{"rendered":"\n\t\t\t<h2>Beef Deferred Program<\/h2>\t\t\t\n\t\t\t\t<p>0% Financing &#8211; The Best Deal in the Industry<\/p>\n\t\t\t<a href=\"https:\/\/www.absglobal.com\/ca-fr\/beef\/beef-programs\/beef-deferred-program\/\" target=\"_self\" role=\"button\" rel=\"noopener noreferrer\">\n\t\t\t\t\t\t\tLEARN MORE\n\t\t<\/a>\n\t\t\t<h2><a href=\"\/ca-fr\/beef\/beef-programs\/angus-sire-alliance\" title=\"Angus Sire Alliance \">Angus Sire Alliance<\/a><\/h2>\t\t\t\n\t\t\t\t<p>ABS a b\u00e9n\u00e9fici\u00e9 d&#8217;une relation constructive avec Cercle A Ranch et Angus Sire Alliance depuis 1996 en tant qu\u2019agent exclusif pour le marketing de ces excellents taureaux. Nous avons appr\u00e9ci\u00e9 le programme de testage de prog\u00e9niture de Angus Sires Alliance comme \u00e9tant le plus pr\u00e9cis et complet de l&#8217;industrie et nous avons applaudi leurs premiers travaux qui a produit des indices de s\u00e9lection \u00e9conomiques exprim\u00e9s par la Valeur de Profitabilit\u00e9 de Sire Alliance.<\/p>\n\t\t\t<h2><a href=\"\/ca-fr\/beef\/beef-programs\/pasture-to-plate-genetics-services\" title=\"Pasture to Plate\u2122 Genetics &amp; Services\">G\u00e9n\u00e9tique et Services Pasture to Plate\u2122<\/a><\/h2>\t\t\t\n\t\t\t\t<p>La philosophie de ABS est de fournir la g\u00e9n\u00e9tique et les services \u00e9prouv\u00e9s qui ajoutent de la valeur du p\u00e2turage au plat.<\/p>\n<p>Nous mettons l&#8217;accent g\u00e9n\u00e9tique sur des taureaux qui performent sur plusieurs traits, principalement sur le m\u00e9rite du produit final pour le consommateur tout en exigeant que les bovins poss\u00e8dent les traits de performance fonctionnels n\u00e9cessaires \u00e0 leur \u00e9panouissement pour les producteurs de bovins commerciaux.<\/p>\n<p>Nos services offrent non seulement des solutions \u00e0 la ferme pour les producteurs, mais s&#8217;\u00e9tendent au-del\u00e0 de la ferme pour ajouter valeur et qualit\u00e9 tout au long de la cha\u00eene d&#8217;approvisionnement de boeuf.<\/p>\n\t\t\t<h2><a href=\"\/ca-fr\/beef\/beef-programs\/beef-deferred-program\" title=\"Pasture to Plate\u2122 Genetics &amp; Services\">Programme de Paiement Diff\u00e9r\u00e9<\/a><\/h2>\t\t\t\n\t\t\t\t<p><strong>Financement \u00e0 0% &#8211; La Meilleure Offre Dans L&#8217;industrie<\/strong><\/p>\n\t\t\t\t<img fetchpriority=\"high\" decoding=\"async\" src=\"https:\/\/www.absglobal.com\/ca-fr\/wp-content\/uploads\/sites\/23\/2018\/02\/sire-alliance-logo.jpg\" alt=\"sire alliance-logo\" height=\"764\" width=\"640\" title=\"sire alliance-logo\" \/>\n","protected":false},"excerpt":{"rendered":"<p>Beef Deferred Program 0% Financing &#8211; The Best Deal in the Industry LEARN MORE Angus Sire Alliance ABS a b\u00e9n\u00e9fici\u00e9 d&#8217;une relation constructive avec Cercle A Ranch et Angus Sire Alliance depuis 1996 en tant qu\u2019agent exclusif pour le marketing de ces excellents taureaux. Nous avons appr\u00e9ci\u00e9 le programme de testage de prog\u00e9niture de Angus&hellip;<\/p>\n","protected":false},"author":20,"featured_media":1559,"parent":500,"menu_order":0,"comment_status":"closed","ping_status":"closed","template":"","meta":{"_acf_changed":false,"footnotes":""},"class_list":["post-590","page","type-page","status-publish","has-post-thumbnail","hentry"],"acf":[],"yoast_head":"<!-- This site is optimized with the Yoast SEO Premium plugin v25.6 (Yoast SEO v25.6) - https:\/\/yoast.com\/wordpress\/plugins\/seo\/ -->\n<title>Programmes de Bovins de Boucherie - ABS Global Canada (ca-fr)<\/title>\n<meta name=\"robots\" content=\"index, follow, max-snippet:-1, max-image-preview:large, max-video-preview:-1\" \/>\n<link rel=\"canonical\" href=\"https:\/\/www.absglobal.com\/ca-fr\/beef\/beef-programs\/\" \/>\n<meta property=\"og:locale\" content=\"fr_CA\" \/>\n<meta property=\"og:type\" content=\"article\" \/>\n<meta property=\"og:title\" content=\"Programmes de Bovins de Boucherie\" \/>\n<meta property=\"og:description\" content=\"Beef Deferred Program 0% Financing &#8211; The Best Deal in the Industry LEARN MORE Angus Sire Alliance ABS a b\u00e9n\u00e9fici\u00e9 d&#8217;une relation constructive avec Cercle A Ranch et Angus Sire Alliance depuis 1996 en tant qu\u2019agent exclusif pour le marketing de ces excellents taureaux. Nous avons appr\u00e9ci\u00e9 le programme de testage de prog\u00e9niture de Angus&hellip;\" \/>\n<meta property=\"og:url\" content=\"https:\/\/www.absglobal.com\/ca-fr\/beef\/beef-programs\/\" \/>\n<meta property=\"og:site_name\" content=\"ABS Global Canada (ca-fr)\" \/>\n<meta property=\"article:modified_time\" content=\"2020-04-03T01:54:29+00:00\" \/>\n<meta property=\"og:image\" content=\"https:\/\/www.absglobal.com\/ca-fr\/wp-content\/uploads\/sites\/23\/2018\/03\/abs-can-fr-beef.jpg?fit=1920%2C500\" \/>\n\t<meta property=\"og:image:width\" content=\"1920\" \/>\n\t<meta property=\"og:image:height\" content=\"500\" \/>\n\t<meta property=\"og:image:type\" content=\"image\/jpeg\" \/>\n<meta name=\"twitter:card\" content=\"summary_large_image\" \/>\n<meta name=\"twitter:label1\" content=\"Est. reading time\" \/>\n\t<meta name=\"twitter:data1\" content=\"1 minute\" \/>\n<script type=\"application\/ld+json\" class=\"yoast-schema-graph\">{\"@context\":\"https:\/\/schema.org\",\"@graph\":[{\"@type\":\"WebPage\",\"@id\":\"https:\/\/www.absglobal.com\/ca-fr\/beef\/beef-programs\/\",\"url\":\"https:\/\/www.absglobal.com\/ca-fr\/beef\/beef-programs\/\",\"name\":\"Programmes de Bovins de Boucherie - ABS Global Canada (ca-fr)\",\"isPartOf\":{\"@id\":\"https:\/\/www.absglobal.com\/ca-fr\/#website\"},\"primaryImageOfPage\":{\"@id\":\"https:\/\/www.absglobal.com\/ca-fr\/beef\/beef-programs\/#primaryimage\"},\"image\":{\"@id\":\"https:\/\/www.absglobal.com\/ca-fr\/beef\/beef-programs\/#primaryimage\"},\"thumbnailUrl\":\"https:\/\/www.absglobal.com\/ca-fr\/wp-content\/uploads\/sites\/23\/2018\/03\/abs-can-fr-beef.jpg\",\"datePublished\":\"2018-02-19T00:27:00+00:00\",\"dateModified\":\"2020-04-03T01:54:29+00:00\",\"breadcrumb\":{\"@id\":\"https:\/\/www.absglobal.com\/ca-fr\/beef\/beef-programs\/#breadcrumb\"},\"inLanguage\":\"fr-CA\",\"potentialAction\":[{\"@type\":\"ReadAction\",\"target\":[\"https:\/\/www.absglobal.com\/ca-fr\/beef\/beef-programs\/\"]}]},{\"@type\":\"ImageObject\",\"inLanguage\":\"fr-CA\",\"@id\":\"https:\/\/www.absglobal.com\/ca-fr\/beef\/beef-programs\/#primaryimage\",\"url\":\"https:\/\/www.absglobal.com\/ca-fr\/wp-content\/uploads\/sites\/23\/2018\/03\/abs-can-fr-beef.jpg\",\"contentUrl\":\"https:\/\/www.absglobal.com\/ca-fr\/wp-content\/uploads\/sites\/23\/2018\/03\/abs-can-fr-beef.jpg\",\"width\":1920,\"height\":500},{\"@type\":\"BreadcrumbList\",\"@id\":\"https:\/\/www.absglobal.com\/ca-fr\/beef\/beef-programs\/#breadcrumb\",\"itemListElement\":[{\"@type\":\"ListItem\",\"position\":1,\"name\":\"Home\",\"item\":\"https:\/\/www.absglobal.com\/ca-fr\/\"},{\"@type\":\"ListItem\",\"position\":2,\"name\":\"Boucherie\",\"item\":\"https:\/\/www.absglobal.com\/ca-fr\/beef\/\"},{\"@type\":\"ListItem\",\"position\":3,\"name\":\"Programmes de Bovins de Boucherie\"}]},{\"@type\":\"WebSite\",\"@id\":\"https:\/\/www.absglobal.com\/ca-fr\/#website\",\"url\":\"https:\/\/www.absglobal.com\/ca-fr\/\",\"name\":\"ABS Global Canada (ca-fr)\",\"description\":\"\",\"potentialAction\":[{\"@type\":\"SearchAction\",\"target\":{\"@type\":\"EntryPoint\",\"urlTemplate\":\"https:\/\/www.absglobal.com\/ca-fr\/?s={search_term_string}\"},\"query-input\":{\"@type\":\"PropertyValueSpecification\",\"valueRequired\":true,\"valueName\":\"search_term_string\"}}],\"inLanguage\":\"fr-CA\"}]}<\/script>\n<!-- \/ Yoast SEO Premium plugin. -->","yoast_head_json":{"title":"Programmes de Bovins de Boucherie - ABS Global Canada (ca-fr)","robots":{"index":"index","follow":"follow","max-snippet":"max-snippet:-1","max-image-preview":"max-image-preview:large","max-video-preview":"max-video-preview:-1"},"canonical":"https:\/\/www.absglobal.com\/ca-fr\/beef\/beef-programs\/","og_locale":"fr_CA","og_type":"article","og_title":"Programmes de Bovins de Boucherie","og_description":"Beef Deferred Program 0% Financing &#8211; The Best Deal in the Industry LEARN MORE Angus Sire Alliance ABS a b\u00e9n\u00e9fici\u00e9 d&#8217;une relation constructive avec Cercle A Ranch et Angus Sire Alliance depuis 1996 en tant qu\u2019agent exclusif pour le marketing de ces excellents taureaux. Nous avons appr\u00e9ci\u00e9 le programme de testage de prog\u00e9niture de Angus&hellip;","og_url":"https:\/\/www.absglobal.com\/ca-fr\/beef\/beef-programs\/","og_site_name":"ABS Global Canada (ca-fr)","article_modified_time":"2020-04-03T01:54:29+00:00","og_image":[{"width":1920,"height":500,"url":"https:\/\/www.absglobal.com\/ca-fr\/wp-content\/uploads\/sites\/23\/2018\/03\/abs-can-fr-beef.jpg?fit=1920%2C500","type":"image\/jpeg"}],"twitter_card":"summary_large_image","twitter_misc":{"Est. reading time":"1 minute"},"schema":{"@context":"https:\/\/schema.org","@graph":[{"@type":"WebPage","@id":"https:\/\/www.absglobal.com\/ca-fr\/beef\/beef-programs\/","url":"https:\/\/www.absglobal.com\/ca-fr\/beef\/beef-programs\/","name":"Programmes de Bovins de Boucherie - ABS Global Canada (ca-fr)","isPartOf":{"@id":"https:\/\/www.absglobal.com\/ca-fr\/#website"},"primaryImageOfPage":{"@id":"https:\/\/www.absglobal.com\/ca-fr\/beef\/beef-programs\/#primaryimage"},"image":{"@id":"https:\/\/www.absglobal.com\/ca-fr\/beef\/beef-programs\/#primaryimage"},"thumbnailUrl":"https:\/\/www.absglobal.com\/ca-fr\/wp-content\/uploads\/sites\/23\/2018\/03\/abs-can-fr-beef.jpg","datePublished":"2018-02-19T00:27:00+00:00","dateModified":"2020-04-03T01:54:29+00:00","breadcrumb":{"@id":"https:\/\/www.absglobal.com\/ca-fr\/beef\/beef-programs\/#breadcrumb"},"inLanguage":"fr-CA","potentialAction":[{"@type":"ReadAction","target":["https:\/\/www.absglobal.com\/ca-fr\/beef\/beef-programs\/"]}]},{"@type":"ImageObject","inLanguage":"fr-CA","@id":"https:\/\/www.absglobal.com\/ca-fr\/beef\/beef-programs\/#primaryimage","url":"https:\/\/www.absglobal.com\/ca-fr\/wp-content\/uploads\/sites\/23\/2018\/03\/abs-can-fr-beef.jpg","contentUrl":"https:\/\/www.absglobal.com\/ca-fr\/wp-content\/uploads\/sites\/23\/2018\/03\/abs-can-fr-beef.jpg","width":1920,"height":500},{"@type":"BreadcrumbList","@id":"https:\/\/www.absglobal.com\/ca-fr\/beef\/beef-programs\/#breadcrumb","itemListElement":[{"@type":"ListItem","position":1,"name":"Home","item":"https:\/\/www.absglobal.com\/ca-fr\/"},{"@type":"ListItem","position":2,"name":"Boucherie","item":"https:\/\/www.absglobal.com\/ca-fr\/beef\/"},{"@type":"ListItem","position":3,"name":"Programmes de Bovins de Boucherie"}]},{"@type":"WebSite","@id":"https:\/\/www.absglobal.com\/ca-fr\/#website","url":"https:\/\/www.absglobal.com\/ca-fr\/","name":"ABS Global Canada (ca-fr)","description":"","potentialAction":[{"@type":"SearchAction","target":{"@type":"EntryPoint","urlTemplate":"https:\/\/www.absglobal.com\/ca-fr\/?s={search_term_string}"},"query-input":{"@type":"PropertyValueSpecification","valueRequired":true,"valueName":"search_term_string"}}],"inLanguage":"fr-CA"}]}},"_links":{"self":[{"href":"https:\/\/www.absglobal.com\/ca-fr\/wp-json\/wp\/v2\/pages\/590"}],"collection":[{"href":"https:\/\/www.absglobal.com\/ca-fr\/wp-json\/wp\/v2\/pages"}],"about":[{"href":"https:\/\/www.absglobal.com\/ca-fr\/wp-json\/wp\/v2\/types\/page"}],"author":[{"embeddable":true,"href":"https:\/\/www.absglobal.com\/ca-fr\/wp-json\/wp\/v2\/users\/20"}],"replies":[{"embeddable":true,"href":"https:\/\/www.absglobal.com\/ca-fr\/wp-json\/wp\/v2\/comments?post=590"}],"version-history":[{"count":3,"href":"https:\/\/www.absglobal.com\/ca-fr\/wp-json\/wp\/v2\/pages\/590\/revisions"}],"predecessor-version":[{"id":2564,"href":"https:\/\/www.absglobal.com\/ca-fr\/wp-json\/wp\/v2\/pages\/590\/revisions\/2564"}],"up":[{"embeddable":true,"href":"https:\/\/www.absglobal.com\/ca-fr\/wp-json\/wp\/v2\/pages\/500"}],"wp:featuredmedia":[{"embeddable":true,"href":"https:\/\/www.absglobal.com\/ca-fr\/wp-json\/wp\/v2\/media\/1559"}],"wp:attachment":[{"href":"https:\/\/www.absglobal.com\/ca-fr\/wp-json\/wp\/v2\/media?parent=590"}],"curies":[{"name":"wp","href":"https:\/\/api.w.org\/{rel}","templated":true}]}}