{"id":652,"date":"2018-02-20T04:22:04","date_gmt":"2018-02-20T04:22:04","guid":{"rendered":"http:\/\/cms.genusplc.com\/absglobal\/us\/?page_id=652"},"modified":"2020-04-03T02:00:54","modified_gmt":"2020-04-03T02:00:54","slug":"pasture-plate-genetics-services","status":"publish","type":"page","link":"https:\/\/www.absglobal.com\/ca-fr\/beef\/beef-programs\/pasture-plate-genetics-services\/","title":{"rendered":"G\u0117n\u0117tique et Services Pasture to Plate"},"content":{"rendered":"\r\n<p>La philosophie de ABS est de fournir la g\u00e9n\u00e9tique et les services \u00e9prouv\u00e9s qui ajoutent de la valeur du p\u00e2turage au plat. Nous mettons l&#8217;accent g\u00e9n\u00e9tique sur des taureaux qui performent sur plusieurs traits, principalement sur le m\u00e9rite du produit final pour le consommateur tout en exigeant que les bovins poss\u00e8dent les traits de performance fonctionnels n\u00e9cessaires \u00e0 leur \u00e9panouissement pour les producteurs de bovins commerciaux. Nos services incluent non seulement des solutions \u00e0 la ferme pour les producteurs, mais s&#8217;\u00e9tendent au-del\u00e0 de la ferme pour ajouter valeur et qualit\u00e9 tout au long de la cha\u00eene d&#8217;approvisionnement de b\u0153uf. <img fetchpriority=\"high\" decoding=\"async\" src=\"https:\/\/www.absglobal.com\/ca-fr\/wp-content\/uploads\/sites\/23\/2018\/02\/pasture-to-plate.jpg\" alt=\"pasture to plate\" width=\"650\" height=\"162\" \/><\/p>\r\n<h2>PROFITABILIT\u00c9<\/h2>\r\n<ul>\r\n<li>Taureaux profitables \u00e9prouv\u00e9s par la Angus Sire Alliance<\/li>\r\n<li>Acc\u00e8s aux meilleurs march\u00e9s \u2013 Cha\u00eene d\u2019approvisionnement de ABS<\/li>\r\n<li>G\u00e9n\u00e9tique avec plusieurs traits qui performe pour toute l\u2019industrie<\/li>\r\n<\/ul>\r\n<h2>CONFIDANCE<\/h2>\r\n<ul>\r\n<li>G\u00e9n\u00e9tique Rock Solid\u2122 \u2013 Taureaux \u00e9prouv\u00e9s pour l\u2019I.A.<\/li>\r\n<li>Semence avec le plus haut standard de qualit\u00e9 de l\u2019industrie.<\/li>\r\n<li>Real World Data\u2122 \u2013 prouv\u00e9 dans des environnements commerciaux<\/li>\r\n<\/ul>\r\n<h2>SERVICE<\/h2>\r\n<ul>\r\n<li>Repr\u00e9sentants ABS professionnels offrant une gamme de services<\/li>\r\n<li>Programme d\u2019ins\u00e9mination avec cl\u00e9-en-main<\/li>\r\n<li>Consultation pour g\u00e9n\u00e9tique et mise en march\u00e9<\/li>\r\n<\/ul>\r\n<h2>SATISFACTION<\/h2>\r\n<ul>\r\n<li>Soumission de g\u00e9n\u00e9tique \u00e9prouv\u00e9e pour le client<\/li>\r\n<li>Atteindre les buts pour am\u00e9liorer l\u2019industrie<\/li>\r\n<li>Cr\u00e9er des animaux que vous serez fier d\u2019\u00e9lever et de vendre<\/li>\r\n<\/ul>\r\n","protected":false},"excerpt":{"rendered":"<p>La philosophie de ABS est de fournir la g\u00e9n\u00e9tique et les services \u00e9prouv\u00e9s qui ajoutent de la valeur du p\u00e2turage au plat. Nous mettons l&#8217;accent g\u00e9n\u00e9tique sur des taureaux qui performent sur plusieurs traits, principalement sur le m\u00e9rite du produit final pour le consommateur tout en exigeant que les bovins poss\u00e8dent les traits de performance&hellip;<\/p>\n","protected":false},"author":20,"featured_media":1559,"parent":590,"menu_order":0,"comment_status":"closed","ping_status":"closed","template":"","meta":{"_acf_changed":false,"footnotes":""},"class_list":["post-652","page","type-page","status-publish","has-post-thumbnail","hentry"],"acf":[],"yoast_head":"<!-- This site is optimized with the Yoast SEO Premium plugin v25.6 (Yoast SEO v25.6) - https:\/\/yoast.com\/wordpress\/plugins\/seo\/ -->\n<title>G\u0117n\u0117tique et Services Pasture to Plate - ABS Global Canada (ca-fr)<\/title>\n<meta name=\"robots\" content=\"index, follow, max-snippet:-1, max-image-preview:large, max-video-preview:-1\" \/>\n<link rel=\"canonical\" href=\"https:\/\/www.absglobal.com\/ca-fr\/beef\/beef-programs\/pasture-plate-genetics-services\/\" \/>\n<meta property=\"og:locale\" content=\"fr_CA\" \/>\n<meta property=\"og:type\" content=\"article\" \/>\n<meta property=\"og:title\" content=\"G\u0117n\u0117tique et Services Pasture to Plate\" \/>\n<meta property=\"og:description\" content=\"La philosophie de ABS est de fournir la g\u00e9n\u00e9tique et les services \u00e9prouv\u00e9s qui ajoutent de la valeur du p\u00e2turage au plat. Nous mettons l&#8217;accent g\u00e9n\u00e9tique sur des taureaux qui performent sur plusieurs traits, principalement sur le m\u00e9rite du produit final pour le consommateur tout en exigeant que les bovins poss\u00e8dent les traits de performance&hellip;\" \/>\n<meta property=\"og:url\" content=\"https:\/\/www.absglobal.com\/ca-fr\/beef\/beef-programs\/pasture-plate-genetics-services\/\" \/>\n<meta property=\"og:site_name\" content=\"ABS Global Canada (ca-fr)\" \/>\n<meta property=\"article:modified_time\" content=\"2020-04-03T02:00:54+00:00\" \/>\n<meta property=\"og:image\" content=\"https:\/\/www.absglobal.com\/ca-fr\/wp-content\/uploads\/sites\/23\/2018\/03\/abs-can-fr-beef.jpg?fit=1920%2C500\" \/>\n\t<meta property=\"og:image:width\" content=\"1920\" \/>\n\t<meta property=\"og:image:height\" content=\"500\" \/>\n\t<meta property=\"og:image:type\" content=\"image\/jpeg\" \/>\n<meta name=\"twitter:card\" content=\"summary_large_image\" \/>\n<meta name=\"twitter:label1\" content=\"Est. reading time\" \/>\n\t<meta name=\"twitter:data1\" content=\"1 minute\" \/>\n<script type=\"application\/ld+json\" class=\"yoast-schema-graph\">{\"@context\":\"https:\/\/schema.org\",\"@graph\":[{\"@type\":\"WebPage\",\"@id\":\"https:\/\/www.absglobal.com\/ca-fr\/beef\/beef-programs\/pasture-plate-genetics-services\/\",\"url\":\"https:\/\/www.absglobal.com\/ca-fr\/beef\/beef-programs\/pasture-plate-genetics-services\/\",\"name\":\"G\u0117n\u0117tique et Services Pasture to Plate - ABS Global Canada (ca-fr)\",\"isPartOf\":{\"@id\":\"https:\/\/www.absglobal.com\/ca-fr\/#website\"},\"primaryImageOfPage\":{\"@id\":\"https:\/\/www.absglobal.com\/ca-fr\/beef\/beef-programs\/pasture-plate-genetics-services\/#primaryimage\"},\"image\":{\"@id\":\"https:\/\/www.absglobal.com\/ca-fr\/beef\/beef-programs\/pasture-plate-genetics-services\/#primaryimage\"},\"thumbnailUrl\":\"https:\/\/www.absglobal.com\/ca-fr\/wp-content\/uploads\/sites\/23\/2018\/03\/abs-can-fr-beef.jpg\",\"datePublished\":\"2018-02-20T04:22:04+00:00\",\"dateModified\":\"2020-04-03T02:00:54+00:00\",\"breadcrumb\":{\"@id\":\"https:\/\/www.absglobal.com\/ca-fr\/beef\/beef-programs\/pasture-plate-genetics-services\/#breadcrumb\"},\"inLanguage\":\"fr-CA\",\"potentialAction\":[{\"@type\":\"ReadAction\",\"target\":[\"https:\/\/www.absglobal.com\/ca-fr\/beef\/beef-programs\/pasture-plate-genetics-services\/\"]}]},{\"@type\":\"ImageObject\",\"inLanguage\":\"fr-CA\",\"@id\":\"https:\/\/www.absglobal.com\/ca-fr\/beef\/beef-programs\/pasture-plate-genetics-services\/#primaryimage\",\"url\":\"https:\/\/www.absglobal.com\/ca-fr\/wp-content\/uploads\/sites\/23\/2018\/03\/abs-can-fr-beef.jpg\",\"contentUrl\":\"https:\/\/www.absglobal.com\/ca-fr\/wp-content\/uploads\/sites\/23\/2018\/03\/abs-can-fr-beef.jpg\",\"width\":1920,\"height\":500},{\"@type\":\"BreadcrumbList\",\"@id\":\"https:\/\/www.absglobal.com\/ca-fr\/beef\/beef-programs\/pasture-plate-genetics-services\/#breadcrumb\",\"itemListElement\":[{\"@type\":\"ListItem\",\"position\":1,\"name\":\"Home\",\"item\":\"https:\/\/www.absglobal.com\/ca-fr\/\"},{\"@type\":\"ListItem\",\"position\":2,\"name\":\"Boucherie\",\"item\":\"https:\/\/www.absglobal.com\/ca-fr\/beef\/\"},{\"@type\":\"ListItem\",\"position\":3,\"name\":\"Programmes de Bovins de Boucherie\",\"item\":\"https:\/\/www.absglobal.com\/ca-fr\/beef\/beef-programs\/\"},{\"@type\":\"ListItem\",\"position\":4,\"name\":\"G\u0117n\u0117tique et Services Pasture to Plate\"}]},{\"@type\":\"WebSite\",\"@id\":\"https:\/\/www.absglobal.com\/ca-fr\/#website\",\"url\":\"https:\/\/www.absglobal.com\/ca-fr\/\",\"name\":\"ABS Global Canada (ca-fr)\",\"description\":\"\",\"potentialAction\":[{\"@type\":\"SearchAction\",\"target\":{\"@type\":\"EntryPoint\",\"urlTemplate\":\"https:\/\/www.absglobal.com\/ca-fr\/?s={search_term_string}\"},\"query-input\":{\"@type\":\"PropertyValueSpecification\",\"valueRequired\":true,\"valueName\":\"search_term_string\"}}],\"inLanguage\":\"fr-CA\"}]}<\/script>\n<!-- \/ Yoast SEO Premium plugin. -->","yoast_head_json":{"title":"G\u0117n\u0117tique et Services Pasture to Plate - ABS Global Canada (ca-fr)","robots":{"index":"index","follow":"follow","max-snippet":"max-snippet:-1","max-image-preview":"max-image-preview:large","max-video-preview":"max-video-preview:-1"},"canonical":"https:\/\/www.absglobal.com\/ca-fr\/beef\/beef-programs\/pasture-plate-genetics-services\/","og_locale":"fr_CA","og_type":"article","og_title":"G\u0117n\u0117tique et Services Pasture to Plate","og_description":"La philosophie de ABS est de fournir la g\u00e9n\u00e9tique et les services \u00e9prouv\u00e9s qui ajoutent de la valeur du p\u00e2turage au plat. Nous mettons l&#8217;accent g\u00e9n\u00e9tique sur des taureaux qui performent sur plusieurs traits, principalement sur le m\u00e9rite du produit final pour le consommateur tout en exigeant que les bovins poss\u00e8dent les traits de performance&hellip;","og_url":"https:\/\/www.absglobal.com\/ca-fr\/beef\/beef-programs\/pasture-plate-genetics-services\/","og_site_name":"ABS Global Canada (ca-fr)","article_modified_time":"2020-04-03T02:00:54+00:00","og_image":[{"width":1920,"height":500,"url":"https:\/\/www.absglobal.com\/ca-fr\/wp-content\/uploads\/sites\/23\/2018\/03\/abs-can-fr-beef.jpg?fit=1920%2C500","type":"image\/jpeg"}],"twitter_card":"summary_large_image","twitter_misc":{"Est. reading time":"1 minute"},"schema":{"@context":"https:\/\/schema.org","@graph":[{"@type":"WebPage","@id":"https:\/\/www.absglobal.com\/ca-fr\/beef\/beef-programs\/pasture-plate-genetics-services\/","url":"https:\/\/www.absglobal.com\/ca-fr\/beef\/beef-programs\/pasture-plate-genetics-services\/","name":"G\u0117n\u0117tique et Services Pasture to Plate - ABS Global Canada (ca-fr)","isPartOf":{"@id":"https:\/\/www.absglobal.com\/ca-fr\/#website"},"primaryImageOfPage":{"@id":"https:\/\/www.absglobal.com\/ca-fr\/beef\/beef-programs\/pasture-plate-genetics-services\/#primaryimage"},"image":{"@id":"https:\/\/www.absglobal.com\/ca-fr\/beef\/beef-programs\/pasture-plate-genetics-services\/#primaryimage"},"thumbnailUrl":"https:\/\/www.absglobal.com\/ca-fr\/wp-content\/uploads\/sites\/23\/2018\/03\/abs-can-fr-beef.jpg","datePublished":"2018-02-20T04:22:04+00:00","dateModified":"2020-04-03T02:00:54+00:00","breadcrumb":{"@id":"https:\/\/www.absglobal.com\/ca-fr\/beef\/beef-programs\/pasture-plate-genetics-services\/#breadcrumb"},"inLanguage":"fr-CA","potentialAction":[{"@type":"ReadAction","target":["https:\/\/www.absglobal.com\/ca-fr\/beef\/beef-programs\/pasture-plate-genetics-services\/"]}]},{"@type":"ImageObject","inLanguage":"fr-CA","@id":"https:\/\/www.absglobal.com\/ca-fr\/beef\/beef-programs\/pasture-plate-genetics-services\/#primaryimage","url":"https:\/\/www.absglobal.com\/ca-fr\/wp-content\/uploads\/sites\/23\/2018\/03\/abs-can-fr-beef.jpg","contentUrl":"https:\/\/www.absglobal.com\/ca-fr\/wp-content\/uploads\/sites\/23\/2018\/03\/abs-can-fr-beef.jpg","width":1920,"height":500},{"@type":"BreadcrumbList","@id":"https:\/\/www.absglobal.com\/ca-fr\/beef\/beef-programs\/pasture-plate-genetics-services\/#breadcrumb","itemListElement":[{"@type":"ListItem","position":1,"name":"Home","item":"https:\/\/www.absglobal.com\/ca-fr\/"},{"@type":"ListItem","position":2,"name":"Boucherie","item":"https:\/\/www.absglobal.com\/ca-fr\/beef\/"},{"@type":"ListItem","position":3,"name":"Programmes de Bovins de Boucherie","item":"https:\/\/www.absglobal.com\/ca-fr\/beef\/beef-programs\/"},{"@type":"ListItem","position":4,"name":"G\u0117n\u0117tique et Services Pasture to Plate"}]},{"@type":"WebSite","@id":"https:\/\/www.absglobal.com\/ca-fr\/#website","url":"https:\/\/www.absglobal.com\/ca-fr\/","name":"ABS Global Canada (ca-fr)","description":"","potentialAction":[{"@type":"SearchAction","target":{"@type":"EntryPoint","urlTemplate":"https:\/\/www.absglobal.com\/ca-fr\/?s={search_term_string}"},"query-input":{"@type":"PropertyValueSpecification","valueRequired":true,"valueName":"search_term_string"}}],"inLanguage":"fr-CA"}]}},"_links":{"self":[{"href":"https:\/\/www.absglobal.com\/ca-fr\/wp-json\/wp\/v2\/pages\/652"}],"collection":[{"href":"https:\/\/www.absglobal.com\/ca-fr\/wp-json\/wp\/v2\/pages"}],"about":[{"href":"https:\/\/www.absglobal.com\/ca-fr\/wp-json\/wp\/v2\/types\/page"}],"author":[{"embeddable":true,"href":"https:\/\/www.absglobal.com\/ca-fr\/wp-json\/wp\/v2\/users\/20"}],"replies":[{"embeddable":true,"href":"https:\/\/www.absglobal.com\/ca-fr\/wp-json\/wp\/v2\/comments?post=652"}],"version-history":[{"count":2,"href":"https:\/\/www.absglobal.com\/ca-fr\/wp-json\/wp\/v2\/pages\/652\/revisions"}],"predecessor-version":[{"id":2574,"href":"https:\/\/www.absglobal.com\/ca-fr\/wp-json\/wp\/v2\/pages\/652\/revisions\/2574"}],"up":[{"embeddable":true,"href":"https:\/\/www.absglobal.com\/ca-fr\/wp-json\/wp\/v2\/pages\/590"}],"wp:featuredmedia":[{"embeddable":true,"href":"https:\/\/www.absglobal.com\/ca-fr\/wp-json\/wp\/v2\/media\/1559"}],"wp:attachment":[{"href":"https:\/\/www.absglobal.com\/ca-fr\/wp-json\/wp\/v2\/media?parent=652"}],"curies":[{"name":"wp","href":"https:\/\/api.w.org\/{rel}","templated":true}]}}