{"id":654,"date":"2018-02-20T04:22:12","date_gmt":"2018-02-20T04:22:12","guid":{"rendered":"http:\/\/cms.genusplc.com\/absglobal\/us\/?page_id=654"},"modified":"2020-04-03T01:56:47","modified_gmt":"2020-04-03T01:56:47","slug":"beef-deferred-program","status":"publish","type":"page","link":"https:\/\/www.absglobal.com\/ca-fr\/beef\/beef-programs\/beef-deferred-program\/","title":{"rendered":"Programme de Paiement Diff\u0117r\u0117"},"content":{"rendered":"\r\n<p>&nbsp;<\/p>\r\n<h2>0% Financing <strong>The Best Deal in the Industry<\/strong><\/h2>\r\n<p><img fetchpriority=\"high\" decoding=\"async\" src=\"https:\/\/www.absglobal.com\/ca-fr\/wp-content\/uploads\/sites\/23\/2018\/02\/Beef-Defered_Fr.jpg\" alt=\"Beef-Defered_Fr\" width=\"1920\" height=\"480\" \/><\/p>\r\n<h2>Financement \u00e0 0%!<\/h2>\r\n<ul>\r\n<li><strong>La Meilleure Offre Dans L&#8217;industrie!<\/strong>\r\n<ul>\r\n<li>Paiement diff\u00e9r\u00e9 sur achats de $600 ou plus effectu\u00e9es en le 1 janvier 2013 et le 30 juin 2013<\/li>\r\n<li>Uniquement pour les clients avec un bon cr\u00e9dit avec ABS (Pas de mauvaises dettes, compte \u00e0 jour, etc)<\/li>\r\n<li>Les ventes de r\u00e9frig\u00e9rateurs et \/ ou fournitures ne sont pas admissibles \u00e0 ce programme et devront \u00eatre factur\u00e9es s\u00e9par\u00e9ment<\/li>\r\n<li>Les frais de location de r\u00e9frig\u00e9rateur sont admissibles au programme et peuvent \u00eatre factur\u00e9s sur la m\u00eame commande que la semence<\/li>\r\n<li>Les commandes peuvent \u00eatre diff\u00e9r\u00e9es AU PLUS TARD jusqu\u2019au 10 novembre 2013.\u00a0<strong>PRENEZ NOTE:***Si le paiement pour le solde diff\u00e9r\u00e9 n&#8217;est pas re\u00e7u au plus tard le 10 novembre 2013, les int\u00e9r\u00eats seront impos\u00e9s sur le solde impay\u00e9 \u00e0 partir de la date d&#8217;achat \u00e0 un taux de 15,00%***<\/strong><\/li>\r\n<li>Chaque commande doit \u00eatre identifi\u00e9e comme PAIEMENT DIFF\u00c9R\u00c9 avec le date d&#8217;\u00e9ch\u00e9ance dans la section \u00abInstructions sp\u00e9ciales\u00bb du formulaire de commande de ABS Global.<\/li>\r\n<li>Pour les commandes par t\u00e9l\u00e9phone, s&#8217;il vous pla\u00eet aviser votre repr\u00e9sentant au service \u00e0 la client\u00e8le que vous voulez placer une commande avec PAIEMENT DIFF\u00c9R\u00c9 avant de donner la liste de la semence que vous voulex acheter.<\/li>\r\n<li>Renseignez-vous sur notre rabais de 3% au lieu de financement \u00e0 0%<\/li>\r\n<li>Contactez votre repr\u00e9sentant local pour plus de d\u00e9tails<\/li>\r\n<li><strong>Le meilleur prix de l&#8217;industrie!<\/strong>\r\n<ul>\r\n<li>Prix du volume simplifi\u00e9s:\r\n<ul>\r\n<li>50 doses ou plus = 10% de rabais*<\/li>\r\n<li>100 doses ou plus = 15% de rabais*<\/li>\r\n<li>*Taureaux avec disponibilit\u00e9 limit\u00e9e et taureaux de d\u2019autres sources que ABS peuvent ne pas \u00eatre admissibles au rabais<\/li>\r\n<\/ul>\r\n<\/li>\r\n<li>Disponible sur les taureaux ABS et sur les taureaux ORIgen<\/li>\r\n<li>Choisissez parmi tous les taureaux \u00e9ligibles pour obtenir le nombre de doses n\u00e9cessaires!<\/li>\r\n<\/ul>\r\n<\/li>\r\n<li><strong>Les meilleures opportunit\u00e9s pour acheter t\u00f4t dans l&#8217;industrie!\u00a0<\/strong>\r\n<ul>\r\n<li>Achetez t\u00f4t pour obtenir les meilleurs prix de la saison<\/li>\r\n<li>Choisissez parmi tous les taureaux disponibles pour obtenir le nombre de doses n\u00e9cessaires<\/li>\r\n<li>Demandez \u00e0 votre repr\u00e9sentant pour plus de d\u00e9tails<\/li>\r\n<\/ul>\r\n<\/li>\r\n<li>*Financement \u00e0 0% uniquement disponible aux Canada.<\/li>\r\n<\/ul>\r\n<\/li>\r\n<\/ul>\r\n","protected":false},"excerpt":{"rendered":"<p>&nbsp; 0% Financing The Best Deal in the Industry Financement \u00e0 0%! La Meilleure Offre Dans L&#8217;industrie! Paiement diff\u00e9r\u00e9 sur achats de $600 ou plus effectu\u00e9es en le 1 janvier 2013 et le 30 juin 2013 Uniquement pour les clients avec un bon cr\u00e9dit avec ABS (Pas de mauvaises dettes, compte \u00e0 jour, etc) Les&hellip;<\/p>\n","protected":false},"author":20,"featured_media":1559,"parent":590,"menu_order":0,"comment_status":"closed","ping_status":"closed","template":"","meta":{"_acf_changed":false,"footnotes":""},"class_list":["post-654","page","type-page","status-publish","has-post-thumbnail","hentry"],"acf":[],"yoast_head":"<!-- This site is optimized with the Yoast SEO Premium plugin v25.6 (Yoast SEO v25.6) - https:\/\/yoast.com\/wordpress\/plugins\/seo\/ -->\n<title>Programme de Paiement Diff\u0117r\u0117 - ABS Global Canada (ca-fr)<\/title>\n<meta name=\"robots\" content=\"index, follow, max-snippet:-1, max-image-preview:large, max-video-preview:-1\" \/>\n<link rel=\"canonical\" href=\"https:\/\/www.absglobal.com\/ca-fr\/beef\/beef-programs\/beef-deferred-program\/\" \/>\n<meta property=\"og:locale\" content=\"fr_CA\" \/>\n<meta property=\"og:type\" content=\"article\" \/>\n<meta property=\"og:title\" content=\"Programme de Paiement Diff\u0117r\u0117\" \/>\n<meta property=\"og:description\" content=\"&nbsp; 0% Financing The Best Deal in the Industry Financement \u00e0 0%! La Meilleure Offre Dans L&#8217;industrie! Paiement diff\u00e9r\u00e9 sur achats de $600 ou plus effectu\u00e9es en le 1 janvier 2013 et le 30 juin 2013 Uniquement pour les clients avec un bon cr\u00e9dit avec ABS (Pas de mauvaises dettes, compte \u00e0 jour, etc) Les&hellip;\" \/>\n<meta property=\"og:url\" content=\"https:\/\/www.absglobal.com\/ca-fr\/beef\/beef-programs\/beef-deferred-program\/\" \/>\n<meta property=\"og:site_name\" content=\"ABS Global Canada (ca-fr)\" \/>\n<meta property=\"article:modified_time\" content=\"2020-04-03T01:56:47+00:00\" \/>\n<meta property=\"og:image\" content=\"https:\/\/www.absglobal.com\/ca-fr\/wp-content\/uploads\/sites\/23\/2018\/03\/abs-can-fr-beef.jpg?fit=1920%2C500\" \/>\n\t<meta property=\"og:image:width\" content=\"1920\" \/>\n\t<meta property=\"og:image:height\" content=\"500\" \/>\n\t<meta property=\"og:image:type\" content=\"image\/jpeg\" \/>\n<meta name=\"twitter:card\" content=\"summary_large_image\" \/>\n<meta name=\"twitter:label1\" content=\"Est. reading time\" \/>\n\t<meta name=\"twitter:data1\" content=\"2 minutes\" \/>\n<script type=\"application\/ld+json\" class=\"yoast-schema-graph\">{\"@context\":\"https:\/\/schema.org\",\"@graph\":[{\"@type\":\"WebPage\",\"@id\":\"https:\/\/www.absglobal.com\/ca-fr\/beef\/beef-programs\/beef-deferred-program\/\",\"url\":\"https:\/\/www.absglobal.com\/ca-fr\/beef\/beef-programs\/beef-deferred-program\/\",\"name\":\"Programme de Paiement Diff\u0117r\u0117 - ABS Global Canada (ca-fr)\",\"isPartOf\":{\"@id\":\"https:\/\/www.absglobal.com\/ca-fr\/#website\"},\"primaryImageOfPage\":{\"@id\":\"https:\/\/www.absglobal.com\/ca-fr\/beef\/beef-programs\/beef-deferred-program\/#primaryimage\"},\"image\":{\"@id\":\"https:\/\/www.absglobal.com\/ca-fr\/beef\/beef-programs\/beef-deferred-program\/#primaryimage\"},\"thumbnailUrl\":\"https:\/\/www.absglobal.com\/ca-fr\/wp-content\/uploads\/sites\/23\/2018\/03\/abs-can-fr-beef.jpg\",\"datePublished\":\"2018-02-20T04:22:12+00:00\",\"dateModified\":\"2020-04-03T01:56:47+00:00\",\"breadcrumb\":{\"@id\":\"https:\/\/www.absglobal.com\/ca-fr\/beef\/beef-programs\/beef-deferred-program\/#breadcrumb\"},\"inLanguage\":\"fr-CA\",\"potentialAction\":[{\"@type\":\"ReadAction\",\"target\":[\"https:\/\/www.absglobal.com\/ca-fr\/beef\/beef-programs\/beef-deferred-program\/\"]}]},{\"@type\":\"ImageObject\",\"inLanguage\":\"fr-CA\",\"@id\":\"https:\/\/www.absglobal.com\/ca-fr\/beef\/beef-programs\/beef-deferred-program\/#primaryimage\",\"url\":\"https:\/\/www.absglobal.com\/ca-fr\/wp-content\/uploads\/sites\/23\/2018\/03\/abs-can-fr-beef.jpg\",\"contentUrl\":\"https:\/\/www.absglobal.com\/ca-fr\/wp-content\/uploads\/sites\/23\/2018\/03\/abs-can-fr-beef.jpg\",\"width\":1920,\"height\":500},{\"@type\":\"BreadcrumbList\",\"@id\":\"https:\/\/www.absglobal.com\/ca-fr\/beef\/beef-programs\/beef-deferred-program\/#breadcrumb\",\"itemListElement\":[{\"@type\":\"ListItem\",\"position\":1,\"name\":\"Home\",\"item\":\"https:\/\/www.absglobal.com\/ca-fr\/\"},{\"@type\":\"ListItem\",\"position\":2,\"name\":\"Boucherie\",\"item\":\"https:\/\/www.absglobal.com\/ca-fr\/beef\/\"},{\"@type\":\"ListItem\",\"position\":3,\"name\":\"Programmes de Bovins de Boucherie\",\"item\":\"https:\/\/www.absglobal.com\/ca-fr\/beef\/beef-programs\/\"},{\"@type\":\"ListItem\",\"position\":4,\"name\":\"Programme de Paiement Diff\u0117r\u0117\"}]},{\"@type\":\"WebSite\",\"@id\":\"https:\/\/www.absglobal.com\/ca-fr\/#website\",\"url\":\"https:\/\/www.absglobal.com\/ca-fr\/\",\"name\":\"ABS Global Canada (ca-fr)\",\"description\":\"\",\"potentialAction\":[{\"@type\":\"SearchAction\",\"target\":{\"@type\":\"EntryPoint\",\"urlTemplate\":\"https:\/\/www.absglobal.com\/ca-fr\/?s={search_term_string}\"},\"query-input\":{\"@type\":\"PropertyValueSpecification\",\"valueRequired\":true,\"valueName\":\"search_term_string\"}}],\"inLanguage\":\"fr-CA\"}]}<\/script>\n<!-- \/ Yoast SEO Premium plugin. -->","yoast_head_json":{"title":"Programme de Paiement Diff\u0117r\u0117 - ABS Global Canada (ca-fr)","robots":{"index":"index","follow":"follow","max-snippet":"max-snippet:-1","max-image-preview":"max-image-preview:large","max-video-preview":"max-video-preview:-1"},"canonical":"https:\/\/www.absglobal.com\/ca-fr\/beef\/beef-programs\/beef-deferred-program\/","og_locale":"fr_CA","og_type":"article","og_title":"Programme de Paiement Diff\u0117r\u0117","og_description":"&nbsp; 0% Financing The Best Deal in the Industry Financement \u00e0 0%! La Meilleure Offre Dans L&#8217;industrie! Paiement diff\u00e9r\u00e9 sur achats de $600 ou plus effectu\u00e9es en le 1 janvier 2013 et le 30 juin 2013 Uniquement pour les clients avec un bon cr\u00e9dit avec ABS (Pas de mauvaises dettes, compte \u00e0 jour, etc) Les&hellip;","og_url":"https:\/\/www.absglobal.com\/ca-fr\/beef\/beef-programs\/beef-deferred-program\/","og_site_name":"ABS Global Canada (ca-fr)","article_modified_time":"2020-04-03T01:56:47+00:00","og_image":[{"width":1920,"height":500,"url":"https:\/\/www.absglobal.com\/ca-fr\/wp-content\/uploads\/sites\/23\/2018\/03\/abs-can-fr-beef.jpg?fit=1920%2C500","type":"image\/jpeg"}],"twitter_card":"summary_large_image","twitter_misc":{"Est. reading time":"2 minutes"},"schema":{"@context":"https:\/\/schema.org","@graph":[{"@type":"WebPage","@id":"https:\/\/www.absglobal.com\/ca-fr\/beef\/beef-programs\/beef-deferred-program\/","url":"https:\/\/www.absglobal.com\/ca-fr\/beef\/beef-programs\/beef-deferred-program\/","name":"Programme de Paiement Diff\u0117r\u0117 - ABS Global Canada (ca-fr)","isPartOf":{"@id":"https:\/\/www.absglobal.com\/ca-fr\/#website"},"primaryImageOfPage":{"@id":"https:\/\/www.absglobal.com\/ca-fr\/beef\/beef-programs\/beef-deferred-program\/#primaryimage"},"image":{"@id":"https:\/\/www.absglobal.com\/ca-fr\/beef\/beef-programs\/beef-deferred-program\/#primaryimage"},"thumbnailUrl":"https:\/\/www.absglobal.com\/ca-fr\/wp-content\/uploads\/sites\/23\/2018\/03\/abs-can-fr-beef.jpg","datePublished":"2018-02-20T04:22:12+00:00","dateModified":"2020-04-03T01:56:47+00:00","breadcrumb":{"@id":"https:\/\/www.absglobal.com\/ca-fr\/beef\/beef-programs\/beef-deferred-program\/#breadcrumb"},"inLanguage":"fr-CA","potentialAction":[{"@type":"ReadAction","target":["https:\/\/www.absglobal.com\/ca-fr\/beef\/beef-programs\/beef-deferred-program\/"]}]},{"@type":"ImageObject","inLanguage":"fr-CA","@id":"https:\/\/www.absglobal.com\/ca-fr\/beef\/beef-programs\/beef-deferred-program\/#primaryimage","url":"https:\/\/www.absglobal.com\/ca-fr\/wp-content\/uploads\/sites\/23\/2018\/03\/abs-can-fr-beef.jpg","contentUrl":"https:\/\/www.absglobal.com\/ca-fr\/wp-content\/uploads\/sites\/23\/2018\/03\/abs-can-fr-beef.jpg","width":1920,"height":500},{"@type":"BreadcrumbList","@id":"https:\/\/www.absglobal.com\/ca-fr\/beef\/beef-programs\/beef-deferred-program\/#breadcrumb","itemListElement":[{"@type":"ListItem","position":1,"name":"Home","item":"https:\/\/www.absglobal.com\/ca-fr\/"},{"@type":"ListItem","position":2,"name":"Boucherie","item":"https:\/\/www.absglobal.com\/ca-fr\/beef\/"},{"@type":"ListItem","position":3,"name":"Programmes de Bovins de Boucherie","item":"https:\/\/www.absglobal.com\/ca-fr\/beef\/beef-programs\/"},{"@type":"ListItem","position":4,"name":"Programme de Paiement Diff\u0117r\u0117"}]},{"@type":"WebSite","@id":"https:\/\/www.absglobal.com\/ca-fr\/#website","url":"https:\/\/www.absglobal.com\/ca-fr\/","name":"ABS Global Canada (ca-fr)","description":"","potentialAction":[{"@type":"SearchAction","target":{"@type":"EntryPoint","urlTemplate":"https:\/\/www.absglobal.com\/ca-fr\/?s={search_term_string}"},"query-input":{"@type":"PropertyValueSpecification","valueRequired":true,"valueName":"search_term_string"}}],"inLanguage":"fr-CA"}]}},"_links":{"self":[{"href":"https:\/\/www.absglobal.com\/ca-fr\/wp-json\/wp\/v2\/pages\/654"}],"collection":[{"href":"https:\/\/www.absglobal.com\/ca-fr\/wp-json\/wp\/v2\/pages"}],"about":[{"href":"https:\/\/www.absglobal.com\/ca-fr\/wp-json\/wp\/v2\/types\/page"}],"author":[{"embeddable":true,"href":"https:\/\/www.absglobal.com\/ca-fr\/wp-json\/wp\/v2\/users\/20"}],"replies":[{"embeddable":true,"href":"https:\/\/www.absglobal.com\/ca-fr\/wp-json\/wp\/v2\/comments?post=654"}],"version-history":[{"count":2,"href":"https:\/\/www.absglobal.com\/ca-fr\/wp-json\/wp\/v2\/pages\/654\/revisions"}],"predecessor-version":[{"id":2568,"href":"https:\/\/www.absglobal.com\/ca-fr\/wp-json\/wp\/v2\/pages\/654\/revisions\/2568"}],"up":[{"embeddable":true,"href":"https:\/\/www.absglobal.com\/ca-fr\/wp-json\/wp\/v2\/pages\/590"}],"wp:featuredmedia":[{"embeddable":true,"href":"https:\/\/www.absglobal.com\/ca-fr\/wp-json\/wp\/v2\/media\/1559"}],"wp:attachment":[{"href":"https:\/\/www.absglobal.com\/ca-fr\/wp-json\/wp\/v2\/media?parent=654"}],"curies":[{"name":"wp","href":"https:\/\/api.w.org\/{rel}","templated":true}]}}