{"id":936,"date":"2018-02-25T16:51:19","date_gmt":"2018-02-25T16:51:19","guid":{"rendered":"http:\/\/cms.genusplc.com\/absglobal\/ca\/?page_id=936"},"modified":"2020-04-03T01:43:17","modified_gmt":"2020-04-03T01:43:17","slug":"beef-information","status":"publish","type":"page","link":"https:\/\/www.absglobal.com\/ca-fr\/beef\/beef-information\/","title":{"rendered":"Information Sur Le Bovins de Boucherie"},"content":{"rendered":"\r\n<p>&nbsp;<\/p>\r\n<h2>Les gens, Programmes et Services:<\/h2>\r\n<p>ABS est le leader mondial en services g\u00e9n\u00e9tiques. Votre repr\u00e9sentant ABS local est un fournisseur complet de services, de g\u00e9n\u00e9tique, de protocoles de synchronisation, de conseils et de solutions en reproduction. Permettez \u00e0 ABS de vous aider \u00e0 mettre en place un programme d\u2019ins\u00e9mination artificielle efficace qui correspond aux besoins de votre op\u00e9ration.<\/p>\r\n<ul>\r\n<li>Services Cl\u00e9 en Main<\/li>\r\n<li>Options de Synchronisation<\/li>\r\n<li>I.A personnalis\u00e9e.<\/li>\r\n<li>Abris Mobiles pour Ins\u00e9minations<\/li>\r\n<li>G\u00e9n\u00e9tique \u00c9prouv\u00e9es<\/li>\r\n<\/ul>\r\n<p><img fetchpriority=\"high\" decoding=\"async\" src=\"https:\/\/www.absglobal.com\/ca-fr\/wp-content\/uploads\/sites\/23\/2018\/02\/Information_Fr.jpg\" alt=\"Information_Fr\" width=\"1920\" height=\"480\" \/><\/p>\r\n<h2>Profits Dans le P\u00e2turage:<\/h2>\r\n<p><strong>Traits Maternels\u00a0<\/strong>\u2013 S\u2019assurer que la vache matriarche est productive et vive longtemps est un \u00e9l\u00e9ment cl\u00e9 de la rentabilit\u00e9 dans l&#8217;industrie du boeuf. Les vaches qui v\u00ealent facilement, sont faciles \u00e0 remettre en gestation, peuvent sevrer un veau lourd et r\u00e9p\u00e9ter le m\u00eame man\u00e8ge ann\u00e9e apr\u00e8s ann\u00e9e continueront d&#8217;\u00eatre une cl\u00e9 pour rester rentable. L\u2019utilisation non seulement de donn\u00e9es ph\u00e9notypiques, mais \u00e9galement de l&#8217;information g\u00e9notypique pour prendre des d\u00e9cisions \u00e9clair\u00e9es, fond\u00e9es sur la science ABS, continueront d&#8217;am\u00e9liorer la g\u00e9n\u00e9tique maternelle. <strong>Ph\u00e9notype Fonctionnel\u00a0<\/strong>\u2013 Produire des bovins qui seront fonctionnels et productifs pendant de nombreuses ann\u00e9es est un autre objectif du programme de Bovins de Boucherie Mondial de ABS. Gr\u00e2ce \u00e0 nos \u00e9preuves g\u00e9n\u00e9tiques pour la conformation (GTS) et les programmes d&#8217;\u00e9valuation australiens, les producteurs ont la seule \u00e9valuation document\u00e9e du ph\u00e9notype bas\u00e9e sur la prog\u00e9niture. Ces descriptions ph\u00e9notypiques permettent aux clients d&#8217;ABS de mieux choisir les taureaux qui r\u00e9pondent \u00e0 leurs objectifs et besoins. <strong>Croisement entre races<\/strong>\u2013 On ne peut nier que l&#8217;h\u00e9t\u00e9rosis est un outil tr\u00e8s b\u00e9n\u00e9fique pour la production agricole. Gr\u00e2ce \u00e0 l&#8217;utilisation de races composites et des programmes de croisement structur\u00e9s les producteurs peuvent am\u00e9liorer leurs profits. L\u2019I.A. est une technologie qui permet l\u2019utilisation et l\u2019impl\u00e9mentation efficace de principes de croisements structur\u00e9s entre races. Les producteurs ont \u00e0 port\u00e9e de la main la meilleure g\u00e9n\u00e9tique \u00e9prouv\u00e9e de plusieurs races qui peut \u00eatre utilis\u00e9e pour cr\u00e9er un plan efficace \u00e0 long terme.<\/p>\r\n<h2>I.A. \u00c9prouv\u00e9e Rock Solid:<\/h2>\r\n<p>Nous savons que l\u2019I.A. fournit un acc\u00e8s facile \u00e0 tous les taureaux, qu\u2019ils soient nouveaux, uniques ou exceptionellement \u00e9prouv\u00e9s. Mais la valeur ultime de l\u2019I.A. est dans l\u2019apport des donn\u00e9es tr\u00e8s pr\u00e9cises sur les taureaux avec des traits qui affectent positivement la profitabilit\u00e9. ABS travaille constamment \u00e0 identifier des jeunes taureaux avec un grand potentiel pour plusieurs traits et d\u00e9veloppe un syst\u00e8me pour les \u00e9prouver aussi rapidement que possible.<\/p>\r\n<h2>\u00c9preuve de Prog\u00e9niture:<\/h2>\r\n<p>Le progr\u00e8s g\u00e9n\u00e9tique par l\u2019utilisation d\u2019un programme de testage de prog\u00e9niture structur\u00e9 a \u00e9t\u00e9 la pierre angulaire du programme de bovins de boucherie de ABS depuis la fin des ann\u00e9es 60. Cette emphase continue aujourd\u2019hui et est renforcie gr\u00e2ce \u00e0 des programmes tels le Angus Sire Alliances aux \u00c9tats-Unis, le Programme d\u2019\u00c9levage de Bovins de Boucherie de Genus et beaucoup d\u2019autres. Nous sommes fiers d\u2019offrir \u00e0 nos clients des taureaux \u00e9prouv\u00e9s avec pr\u00e9cision comme outil de gestion des risques pour am\u00e9liorer leur profitabilit\u00e9. Les meilleurs taureaux avec le meilleur m\u00e9rite g\u00e9n\u00e9tique sont disponibles par ABS Global.<\/p>\r\n","protected":false},"excerpt":{"rendered":"<p>&nbsp; Les gens, Programmes et Services: ABS est le leader mondial en services g\u00e9n\u00e9tiques. Votre repr\u00e9sentant ABS local est un fournisseur complet de services, de g\u00e9n\u00e9tique, de protocoles de synchronisation, de conseils et de solutions en reproduction. Permettez \u00e0 ABS de vous aider \u00e0 mettre en place un programme d\u2019ins\u00e9mination artificielle efficace qui correspond aux&hellip;<\/p>\n","protected":false},"author":20,"featured_media":1559,"parent":500,"menu_order":0,"comment_status":"closed","ping_status":"closed","template":"","meta":{"_acf_changed":false,"footnotes":""},"class_list":["post-936","page","type-page","status-publish","has-post-thumbnail","hentry"],"acf":[],"yoast_head":"<!-- This site is optimized with the Yoast SEO Premium plugin v25.6 (Yoast SEO v25.6) - https:\/\/yoast.com\/wordpress\/plugins\/seo\/ -->\n<title>Information Sur Le Bovins de Boucherie - ABS Global Canada (ca-fr)<\/title>\n<meta name=\"robots\" content=\"index, follow, max-snippet:-1, max-image-preview:large, max-video-preview:-1\" \/>\n<link rel=\"canonical\" href=\"https:\/\/www.absglobal.com\/ca-fr\/beef\/beef-information\/\" \/>\n<meta property=\"og:locale\" content=\"fr_CA\" \/>\n<meta property=\"og:type\" content=\"article\" \/>\n<meta property=\"og:title\" content=\"Information Sur Le Bovins de Boucherie\" \/>\n<meta property=\"og:description\" content=\"&nbsp; Les gens, Programmes et Services: ABS est le leader mondial en services g\u00e9n\u00e9tiques. Votre repr\u00e9sentant ABS local est un fournisseur complet de services, de g\u00e9n\u00e9tique, de protocoles de synchronisation, de conseils et de solutions en reproduction. Permettez \u00e0 ABS de vous aider \u00e0 mettre en place un programme d\u2019ins\u00e9mination artificielle efficace qui correspond aux&hellip;\" \/>\n<meta property=\"og:url\" content=\"https:\/\/www.absglobal.com\/ca-fr\/beef\/beef-information\/\" \/>\n<meta property=\"og:site_name\" content=\"ABS Global Canada (ca-fr)\" \/>\n<meta property=\"article:modified_time\" content=\"2020-04-03T01:43:17+00:00\" \/>\n<meta property=\"og:image\" content=\"https:\/\/www.absglobal.com\/ca-fr\/wp-content\/uploads\/sites\/23\/2018\/03\/abs-can-fr-beef.jpg?fit=1920%2C500\" \/>\n\t<meta property=\"og:image:width\" content=\"1920\" \/>\n\t<meta property=\"og:image:height\" content=\"500\" \/>\n\t<meta property=\"og:image:type\" content=\"image\/jpeg\" \/>\n<meta name=\"twitter:card\" content=\"summary_large_image\" \/>\n<meta name=\"twitter:label1\" content=\"Est. reading time\" \/>\n\t<meta name=\"twitter:data1\" content=\"3 minutes\" \/>\n<script type=\"application\/ld+json\" class=\"yoast-schema-graph\">{\"@context\":\"https:\/\/schema.org\",\"@graph\":[{\"@type\":\"WebPage\",\"@id\":\"https:\/\/www.absglobal.com\/ca-fr\/beef\/beef-information\/\",\"url\":\"https:\/\/www.absglobal.com\/ca-fr\/beef\/beef-information\/\",\"name\":\"Information Sur Le Bovins de Boucherie - ABS Global Canada (ca-fr)\",\"isPartOf\":{\"@id\":\"https:\/\/www.absglobal.com\/ca-fr\/#website\"},\"primaryImageOfPage\":{\"@id\":\"https:\/\/www.absglobal.com\/ca-fr\/beef\/beef-information\/#primaryimage\"},\"image\":{\"@id\":\"https:\/\/www.absglobal.com\/ca-fr\/beef\/beef-information\/#primaryimage\"},\"thumbnailUrl\":\"https:\/\/www.absglobal.com\/ca-fr\/wp-content\/uploads\/sites\/23\/2018\/03\/abs-can-fr-beef.jpg\",\"datePublished\":\"2018-02-25T16:51:19+00:00\",\"dateModified\":\"2020-04-03T01:43:17+00:00\",\"breadcrumb\":{\"@id\":\"https:\/\/www.absglobal.com\/ca-fr\/beef\/beef-information\/#breadcrumb\"},\"inLanguage\":\"fr-CA\",\"potentialAction\":[{\"@type\":\"ReadAction\",\"target\":[\"https:\/\/www.absglobal.com\/ca-fr\/beef\/beef-information\/\"]}]},{\"@type\":\"ImageObject\",\"inLanguage\":\"fr-CA\",\"@id\":\"https:\/\/www.absglobal.com\/ca-fr\/beef\/beef-information\/#primaryimage\",\"url\":\"https:\/\/www.absglobal.com\/ca-fr\/wp-content\/uploads\/sites\/23\/2018\/03\/abs-can-fr-beef.jpg\",\"contentUrl\":\"https:\/\/www.absglobal.com\/ca-fr\/wp-content\/uploads\/sites\/23\/2018\/03\/abs-can-fr-beef.jpg\",\"width\":1920,\"height\":500},{\"@type\":\"BreadcrumbList\",\"@id\":\"https:\/\/www.absglobal.com\/ca-fr\/beef\/beef-information\/#breadcrumb\",\"itemListElement\":[{\"@type\":\"ListItem\",\"position\":1,\"name\":\"Home\",\"item\":\"https:\/\/www.absglobal.com\/ca-fr\/\"},{\"@type\":\"ListItem\",\"position\":2,\"name\":\"Boucherie\",\"item\":\"https:\/\/www.absglobal.com\/ca-fr\/beef\/\"},{\"@type\":\"ListItem\",\"position\":3,\"name\":\"Information Sur Le Bovins de Boucherie\"}]},{\"@type\":\"WebSite\",\"@id\":\"https:\/\/www.absglobal.com\/ca-fr\/#website\",\"url\":\"https:\/\/www.absglobal.com\/ca-fr\/\",\"name\":\"ABS Global Canada (ca-fr)\",\"description\":\"\",\"potentialAction\":[{\"@type\":\"SearchAction\",\"target\":{\"@type\":\"EntryPoint\",\"urlTemplate\":\"https:\/\/www.absglobal.com\/ca-fr\/?s={search_term_string}\"},\"query-input\":{\"@type\":\"PropertyValueSpecification\",\"valueRequired\":true,\"valueName\":\"search_term_string\"}}],\"inLanguage\":\"fr-CA\"}]}<\/script>\n<!-- \/ Yoast SEO Premium plugin. -->","yoast_head_json":{"title":"Information Sur Le Bovins de Boucherie - ABS Global Canada (ca-fr)","robots":{"index":"index","follow":"follow","max-snippet":"max-snippet:-1","max-image-preview":"max-image-preview:large","max-video-preview":"max-video-preview:-1"},"canonical":"https:\/\/www.absglobal.com\/ca-fr\/beef\/beef-information\/","og_locale":"fr_CA","og_type":"article","og_title":"Information Sur Le Bovins de Boucherie","og_description":"&nbsp; Les gens, Programmes et Services: ABS est le leader mondial en services g\u00e9n\u00e9tiques. Votre repr\u00e9sentant ABS local est un fournisseur complet de services, de g\u00e9n\u00e9tique, de protocoles de synchronisation, de conseils et de solutions en reproduction. Permettez \u00e0 ABS de vous aider \u00e0 mettre en place un programme d\u2019ins\u00e9mination artificielle efficace qui correspond aux&hellip;","og_url":"https:\/\/www.absglobal.com\/ca-fr\/beef\/beef-information\/","og_site_name":"ABS Global Canada (ca-fr)","article_modified_time":"2020-04-03T01:43:17+00:00","og_image":[{"width":1920,"height":500,"url":"https:\/\/www.absglobal.com\/ca-fr\/wp-content\/uploads\/sites\/23\/2018\/03\/abs-can-fr-beef.jpg?fit=1920%2C500","type":"image\/jpeg"}],"twitter_card":"summary_large_image","twitter_misc":{"Est. reading time":"3 minutes"},"schema":{"@context":"https:\/\/schema.org","@graph":[{"@type":"WebPage","@id":"https:\/\/www.absglobal.com\/ca-fr\/beef\/beef-information\/","url":"https:\/\/www.absglobal.com\/ca-fr\/beef\/beef-information\/","name":"Information Sur Le Bovins de Boucherie - ABS Global Canada (ca-fr)","isPartOf":{"@id":"https:\/\/www.absglobal.com\/ca-fr\/#website"},"primaryImageOfPage":{"@id":"https:\/\/www.absglobal.com\/ca-fr\/beef\/beef-information\/#primaryimage"},"image":{"@id":"https:\/\/www.absglobal.com\/ca-fr\/beef\/beef-information\/#primaryimage"},"thumbnailUrl":"https:\/\/www.absglobal.com\/ca-fr\/wp-content\/uploads\/sites\/23\/2018\/03\/abs-can-fr-beef.jpg","datePublished":"2018-02-25T16:51:19+00:00","dateModified":"2020-04-03T01:43:17+00:00","breadcrumb":{"@id":"https:\/\/www.absglobal.com\/ca-fr\/beef\/beef-information\/#breadcrumb"},"inLanguage":"fr-CA","potentialAction":[{"@type":"ReadAction","target":["https:\/\/www.absglobal.com\/ca-fr\/beef\/beef-information\/"]}]},{"@type":"ImageObject","inLanguage":"fr-CA","@id":"https:\/\/www.absglobal.com\/ca-fr\/beef\/beef-information\/#primaryimage","url":"https:\/\/www.absglobal.com\/ca-fr\/wp-content\/uploads\/sites\/23\/2018\/03\/abs-can-fr-beef.jpg","contentUrl":"https:\/\/www.absglobal.com\/ca-fr\/wp-content\/uploads\/sites\/23\/2018\/03\/abs-can-fr-beef.jpg","width":1920,"height":500},{"@type":"BreadcrumbList","@id":"https:\/\/www.absglobal.com\/ca-fr\/beef\/beef-information\/#breadcrumb","itemListElement":[{"@type":"ListItem","position":1,"name":"Home","item":"https:\/\/www.absglobal.com\/ca-fr\/"},{"@type":"ListItem","position":2,"name":"Boucherie","item":"https:\/\/www.absglobal.com\/ca-fr\/beef\/"},{"@type":"ListItem","position":3,"name":"Information Sur Le Bovins de Boucherie"}]},{"@type":"WebSite","@id":"https:\/\/www.absglobal.com\/ca-fr\/#website","url":"https:\/\/www.absglobal.com\/ca-fr\/","name":"ABS Global Canada (ca-fr)","description":"","potentialAction":[{"@type":"SearchAction","target":{"@type":"EntryPoint","urlTemplate":"https:\/\/www.absglobal.com\/ca-fr\/?s={search_term_string}"},"query-input":{"@type":"PropertyValueSpecification","valueRequired":true,"valueName":"search_term_string"}}],"inLanguage":"fr-CA"}]}},"_links":{"self":[{"href":"https:\/\/www.absglobal.com\/ca-fr\/wp-json\/wp\/v2\/pages\/936"}],"collection":[{"href":"https:\/\/www.absglobal.com\/ca-fr\/wp-json\/wp\/v2\/pages"}],"about":[{"href":"https:\/\/www.absglobal.com\/ca-fr\/wp-json\/wp\/v2\/types\/page"}],"author":[{"embeddable":true,"href":"https:\/\/www.absglobal.com\/ca-fr\/wp-json\/wp\/v2\/users\/20"}],"replies":[{"embeddable":true,"href":"https:\/\/www.absglobal.com\/ca-fr\/wp-json\/wp\/v2\/comments?post=936"}],"version-history":[{"count":2,"href":"https:\/\/www.absglobal.com\/ca-fr\/wp-json\/wp\/v2\/pages\/936\/revisions"}],"predecessor-version":[{"id":2547,"href":"https:\/\/www.absglobal.com\/ca-fr\/wp-json\/wp\/v2\/pages\/936\/revisions\/2547"}],"up":[{"embeddable":true,"href":"https:\/\/www.absglobal.com\/ca-fr\/wp-json\/wp\/v2\/pages\/500"}],"wp:featuredmedia":[{"embeddable":true,"href":"https:\/\/www.absglobal.com\/ca-fr\/wp-json\/wp\/v2\/media\/1559"}],"wp:attachment":[{"href":"https:\/\/www.absglobal.com\/ca-fr\/wp-json\/wp\/v2\/media?parent=936"}],"curies":[{"name":"wp","href":"https:\/\/api.w.org\/{rel}","templated":true}]}}