{"id":2273,"date":"2019-06-03T19:11:44","date_gmt":"2019-06-03T19:11:44","guid":{"rendered":"http:\/\/cms.genusplc.com\/absglobal\/?page_id=2273"},"modified":"2019-06-03T19:11:44","modified_gmt":"2019-06-03T19:11:44","slug":"it","status":"publish","type":"page","link":"https:\/\/www.absglobal.com\/ca\/beef-in-focus\/it\/","title":{"rendered":"Beef In Focus &#8211; Beef on Dairy, ma non il solito prodotto"},"content":{"rendered":"\n\t\t\t\t<img fetchpriority=\"high\" decoding=\"async\" src=\"http:\/\/cms.genusplc.com\/absglobal\/wp-content\/uploads\/RS8749_InFocus_Logo_TM.png\" alt=\"RS8749_InFocus_Logo_TM\" height=\"441\" width=\"1353\" title=\"RS8749_InFocus_Logo_TM\" \/>\n\t<p>ABS Beef InFocus\u2122, powered by NuEra Genetics\u2122, offre agli allevatori da latte una genetica da carne provata e attendibile per massimizzare il valore del vitello e al tempo stesso migliorare l\u2019efficienza di tutta la catena produttiva.<\/p>\n\t\t\t<h2>Genetica da carne specifica per le razze da Latte<\/h2>\t\t\t\n\t\t\t\t<p>I tori Beef InFocus sono stati creati appositamente per le vacche da latte al fine di massimizzare la redditivit\u00e0 della catena produttiva da latte e da carne.<\/p>\n<ul>\n<li>NuEra Genetics \u00e8 il Sistema genetico alla base di Beef InFocus e sviluppa una fonte di tori d\u2019\u00e9lite.<\/li>\n<li>Tutti i tori inclusi quelli ottenuti al di fuori di NuEra sono appositamente progettati per ottenere prestazioni elevate nelle razze da latte.<\/li>\n<\/ul>\n\t\t\t\t<img decoding=\"async\" src=\"http:\/\/cms.genusplc.com\/absglobal\/wp-content\/uploads\/ValidatedGenetics_NuEra_Info_IT.png\" alt=\"ValidatedGenetics_NuEra_Info_IT\" height=\"480\" width=\"755\" title=\"ValidatedGenetics_NuEra_Info_IT\" \/>\n\t\t\t\t<img decoding=\"async\" src=\"http:\/\/cms.genusplc.com\/absglobal\/wp-content\/plugins\/bb-plugin\/img\/pixel.png\" alt=\"\" \/>\n\t\t\t<h2>GENETICA CONVALIDATA<\/h2>\t\t\t\n\t\t\t\t<p>I dati sulla fertilit\u00e0 e facilit\u00e0 al parto \u2013 caratteri economicamente importanti per gli allevamenti da latte &#8211; sono raccolti attraverso Beef Cornerstone, in aggiunta al sistema Real World Data\u00ae (RWD\u2122) di ABS Global.<\/p>\n<p>I risultati raccolti vengono poi convertiti in valori economici per poter assegnare un indice generale BeefAdvantage\u2122. L\u2019indice BeefAdvantage \u00e8 un benefit economico aggiuntivo che un toro da carne provato ABS pu\u00f2 offrire, rispetto alla media dei tori da carne della stessa razza quando incrociato su vacche da latte.<\/p>\n<ul>\n<li>Per essere qualificato provato Beef InFocus, un toro deve avere un minimo di 120 osservazioni sul parto in almeno 60 allevamenti diversi.<\/li>\n<li>Le performance di parto sono valutate raccogliendo e confermando i seguenti dati:\n<ul>\n<li>Facilit\u00e0 di parto<\/li>\n<li>Lunghezza di gestazione<\/li>\n<li>Qualit\u00e0 del vitello<\/li>\n<li>Sopravvivenza del vitello<\/li>\n<\/ul>\n<\/li>\n<\/ul>\n\t\t\t\t<img decoding=\"async\" src=\"http:\/\/cms.genusplc.com\/absglobal\/wp-content\/uploads\/beef-advantage@2x-IT.png\" alt=\"beef-advantage@2x-IT\" height=\"603\" width=\"861\" title=\"beef-advantage@2x-IT\" \/>\n\t\t\t<h2>Partner nella catena produttiva della carne<\/h2>\t\t\t\n\t\t\t\t<p>ABS Beef InFocus \u00e8 rapidamente diventata la fonte pi\u00f9 attendibile di vitelli Beef on Dairy di costante ed elevata qualit\u00e0 per il mercato attuale.<\/p>\n<p>ABS collabora con i principali partner industriali nella filiera della carne bovina per aiutare gli allevamenti da latte a trovare le opportunit\u00e0 pi\u00f9 redditizie attraverso il programma Beef InFocus.<\/p>\n<p>Inoltre, ABS valuta e analizza le performance totali della genetica ABS Beef InFocus dalla nascita del vitello alla sua destinazione finale.<\/p>\n\t\t\t<h2>Cosa differenzia ABS Beef InFocus da altri programmi Beef on Dairy?<\/h2>\t\t\t\n\t\t\t\t<p>Non tutti i vitelli Beef on Dairy hanno lo stesso valore genetico. Ogni riproduttore ABS Beef InFocus offre:<\/p>\n<ul>\n<li>Genetica da carne specifica per le razze da latte<\/li>\n<li>Performance provate in allevamenti da latte<\/li>\n<li>Costanti rapporti con le catene di lavorazione della carne<\/li>\n<li>Risultati basati su dati attendibili<\/li>\n<\/ul>\n\t\t\t<h2>Risultati basati su dati attendibili<\/h2>\t\t\t\n\t\t\t\t<p>ABS si impegna a sviluppare e offrire una genetica di elevata qualit\u00e0 che conduca a risultati pi\u00f9 redditizi.<\/p>\n<p><em>Profit from genetic progress<\/em> richiede una strategia pianificata per garantire maggior valore ad ogni singola gravidanza.<\/p>\n<p>ABS lavora con gli allevamenti da latte per creare un piano genetico completo che possa allinearsi agli obiettivi aziendali. La maggior parte dei piani utilizza genetica sessata Sexcel\u00ae sugli animali geneticamente superiori e strategicamente usa ABS Beef InFocus sulla parte meno performante della mandria per creare un animale da carne che rispecchi le caratteristiche maggiormente richieste dall\u2019industria di trasformazione.<\/p>\n\t\t\t\t<img loading=\"lazy\" decoding=\"async\" src=\"http:\/\/cms.genusplc.com\/absglobal\/wp-content\/uploads\/BellCurve.png\" alt=\"BellCurve\" height=\"1458\" width=\"3000\" title=\"BellCurve\" \/>\n\t<p>BASSO LIVELLO GENETICO &#8211; ALTO LIVELLO GENETICO<\/p>\n\t\t\t\t<img loading=\"lazy\" decoding=\"async\" src=\"http:\/\/cms.genusplc.com\/absglobal\/wp-content\/uploads\/ABS-bif-1920x600px-IT.jpg\" alt=\"ABS-bif-1920x600px-IT\" height=\"600\" width=\"1920\" title=\"ABS-bif-1920x600px-IT\" \/>\n\t\t\t\t<img loading=\"lazy\" decoding=\"async\" src=\"http:\/\/cms.genusplc.com\/absglobal\/wp-content\/uploads\/bif-1600x1200px-IT.jpg\" alt=\"bif-1600x1200px-IT\" height=\"1200\" width=\"1600\" title=\"bif-1600x1200px-IT\" \/>\n","protected":false},"excerpt":{"rendered":"<p>ABS Beef InFocus\u2122, powered by NuEra Genetics\u2122, offre agli allevatori da latte una genetica da carne provata e attendibile per massimizzare il valore del vitello e al tempo stesso migliorare l\u2019efficienza di tutta la catena produttiva. Genetica da carne specifica per le razze da Latte I tori Beef InFocus sono stati creati appositamente per le [&hellip;]<\/p>\n","protected":false},"author":292,"featured_media":2318,"parent":2208,"menu_order":0,"comment_status":"closed","ping_status":"closed","template":"","meta":{"_acf_changed":false,"content-type":"","footnotes":""},"class_list":["post-2273","page","type-page","status-publish","has-post-thumbnail","hentry"],"acf":[],"yoast_head":"<!-- This site is optimized with the Yoast SEO Premium plugin v25.6 (Yoast SEO v25.6) - https:\/\/yoast.com\/wordpress\/plugins\/seo\/ -->\n<title>Beef In Focus - Beef on Dairy, ma non il solito prodotto - ABS Global Canada (en)<\/title>\n<meta name=\"robots\" content=\"index, follow, max-snippet:-1, max-image-preview:large, max-video-preview:-1\" \/>\n<link rel=\"canonical\" href=\"https:\/\/www.absglobal.com\/ca\/beef-in-focus\/it\/\" \/>\n<meta property=\"og:locale\" content=\"en_US\" \/>\n<meta property=\"og:type\" content=\"article\" \/>\n<meta property=\"og:title\" content=\"Beef In Focus - Beef on Dairy, ma non il solito prodotto\" \/>\n<meta property=\"og:description\" content=\"ABS Beef InFocus\u2122, powered by NuEra Genetics\u2122, offre agli allevatori da latte una genetica da carne provata e attendibile per massimizzare il valore del vitello e al tempo stesso migliorare l\u2019efficienza di tutta la catena produttiva. Genetica da carne specifica per le razze da Latte I tori Beef InFocus sono stati creati appositamente per le [&hellip;]\" \/>\n<meta property=\"og:url\" content=\"https:\/\/www.absglobal.com\/ca\/beef-in-focus\/it\/\" \/>\n<meta property=\"og:site_name\" content=\"ABS Global Canada (en)\" \/>\n<meta name=\"twitter:card\" content=\"summary_large_image\" \/>\n<meta name=\"twitter:label1\" content=\"Est. reading time\" \/>\n\t<meta name=\"twitter:data1\" content=\"2 minutes\" \/>\n<script type=\"application\/ld+json\" class=\"yoast-schema-graph\">{\"@context\":\"https:\/\/schema.org\",\"@graph\":[{\"@type\":\"WebPage\",\"@id\":\"https:\/\/www.absglobal.com\/ca\/beef-in-focus\/it\/\",\"url\":\"https:\/\/www.absglobal.com\/ca\/beef-in-focus\/it\/\",\"name\":\"Beef In Focus - Beef on Dairy, ma non il solito prodotto - ABS Global Canada (en)\",\"isPartOf\":{\"@id\":\"https:\/\/www.absglobal.com\/ca\/#website\"},\"primaryImageOfPage\":{\"@id\":\"https:\/\/www.absglobal.com\/ca\/beef-in-focus\/it\/#primaryimage\"},\"image\":{\"@id\":\"https:\/\/www.absglobal.com\/ca\/beef-in-focus\/it\/#primaryimage\"},\"thumbnailUrl\":\"\",\"datePublished\":\"2019-06-03T19:11:44+00:00\",\"breadcrumb\":{\"@id\":\"https:\/\/www.absglobal.com\/ca\/beef-in-focus\/it\/#breadcrumb\"},\"inLanguage\":\"en-CA\",\"potentialAction\":[{\"@type\":\"ReadAction\",\"target\":[\"https:\/\/www.absglobal.com\/ca\/beef-in-focus\/it\/\"]}]},{\"@type\":\"ImageObject\",\"inLanguage\":\"en-CA\",\"@id\":\"https:\/\/www.absglobal.com\/ca\/beef-in-focus\/it\/#primaryimage\",\"url\":\"\",\"contentUrl\":\"\"},{\"@type\":\"BreadcrumbList\",\"@id\":\"https:\/\/www.absglobal.com\/ca\/beef-in-focus\/it\/#breadcrumb\",\"itemListElement\":[{\"@type\":\"ListItem\",\"position\":1,\"name\":\"Home\",\"item\":\"https:\/\/www.absglobal.com\/ca\/\"},{\"@type\":\"ListItem\",\"position\":2,\"name\":\"Beef InFocus &#8211; Beef on Dairy, but not as you know it\",\"item\":\"https:\/\/www.absglobal.com\/ca\/beef-in-focus\/\"},{\"@type\":\"ListItem\",\"position\":3,\"name\":\"Beef In Focus &#8211; Beef on Dairy, ma non il solito prodotto\"}]},{\"@type\":\"WebSite\",\"@id\":\"https:\/\/www.absglobal.com\/ca\/#website\",\"url\":\"https:\/\/www.absglobal.com\/ca\/\",\"name\":\"ABS Global Canada (en)\",\"description\":\"\",\"publisher\":{\"@id\":\"https:\/\/www.absglobal.com\/ca\/#organization\"},\"potentialAction\":[{\"@type\":\"SearchAction\",\"target\":{\"@type\":\"EntryPoint\",\"urlTemplate\":\"https:\/\/www.absglobal.com\/ca\/?s={search_term_string}\"},\"query-input\":{\"@type\":\"PropertyValueSpecification\",\"valueRequired\":true,\"valueName\":\"search_term_string\"}}],\"inLanguage\":\"en-CA\"},{\"@type\":\"Organization\",\"@id\":\"https:\/\/www.absglobal.com\/ca\/#organization\",\"name\":\"ABS Global Canada (en)\",\"url\":\"https:\/\/www.absglobal.com\/ca\/\",\"logo\":{\"@type\":\"ImageObject\",\"inLanguage\":\"en-CA\",\"@id\":\"https:\/\/www.absglobal.com\/ca\/#\/schema\/logo\/image\/\",\"url\":\"https:\/\/www.absglobal.com\/ca\/wp-content\/uploads\/sites\/24\/2018\/02\/cropped-RS13731_ABS_logo-3.png\",\"contentUrl\":\"https:\/\/www.absglobal.com\/ca\/wp-content\/uploads\/sites\/24\/2018\/02\/cropped-RS13731_ABS_logo-3.png\",\"width\":1220,\"height\":1583,\"caption\":\"ABS Global Canada (en)\"},\"image\":{\"@id\":\"https:\/\/www.absglobal.com\/ca\/#\/schema\/logo\/image\/\"}}]}<\/script>\n<!-- \/ Yoast SEO Premium plugin. -->","yoast_head_json":{"title":"Beef In Focus - Beef on Dairy, ma non il solito prodotto - ABS Global Canada (en)","robots":{"index":"index","follow":"follow","max-snippet":"max-snippet:-1","max-image-preview":"max-image-preview:large","max-video-preview":"max-video-preview:-1"},"canonical":"https:\/\/www.absglobal.com\/ca\/beef-in-focus\/it\/","og_locale":"en_US","og_type":"article","og_title":"Beef In Focus - Beef on Dairy, ma non il solito prodotto","og_description":"ABS Beef InFocus\u2122, powered by NuEra Genetics\u2122, offre agli allevatori da latte una genetica da carne provata e attendibile per massimizzare il valore del vitello e al tempo stesso migliorare l\u2019efficienza di tutta la catena produttiva. Genetica da carne specifica per le razze da Latte I tori Beef InFocus sono stati creati appositamente per le [&hellip;]","og_url":"https:\/\/www.absglobal.com\/ca\/beef-in-focus\/it\/","og_site_name":"ABS Global Canada (en)","twitter_card":"summary_large_image","twitter_misc":{"Est. reading time":"2 minutes"},"schema":{"@context":"https:\/\/schema.org","@graph":[{"@type":"WebPage","@id":"https:\/\/www.absglobal.com\/ca\/beef-in-focus\/it\/","url":"https:\/\/www.absglobal.com\/ca\/beef-in-focus\/it\/","name":"Beef In Focus - Beef on Dairy, ma non il solito prodotto - ABS Global Canada (en)","isPartOf":{"@id":"https:\/\/www.absglobal.com\/ca\/#website"},"primaryImageOfPage":{"@id":"https:\/\/www.absglobal.com\/ca\/beef-in-focus\/it\/#primaryimage"},"image":{"@id":"https:\/\/www.absglobal.com\/ca\/beef-in-focus\/it\/#primaryimage"},"thumbnailUrl":"","datePublished":"2019-06-03T19:11:44+00:00","breadcrumb":{"@id":"https:\/\/www.absglobal.com\/ca\/beef-in-focus\/it\/#breadcrumb"},"inLanguage":"en-CA","potentialAction":[{"@type":"ReadAction","target":["https:\/\/www.absglobal.com\/ca\/beef-in-focus\/it\/"]}]},{"@type":"ImageObject","inLanguage":"en-CA","@id":"https:\/\/www.absglobal.com\/ca\/beef-in-focus\/it\/#primaryimage","url":"","contentUrl":""},{"@type":"BreadcrumbList","@id":"https:\/\/www.absglobal.com\/ca\/beef-in-focus\/it\/#breadcrumb","itemListElement":[{"@type":"ListItem","position":1,"name":"Home","item":"https:\/\/www.absglobal.com\/ca\/"},{"@type":"ListItem","position":2,"name":"Beef InFocus &#8211; Beef on Dairy, but not as you know it","item":"https:\/\/www.absglobal.com\/ca\/beef-in-focus\/"},{"@type":"ListItem","position":3,"name":"Beef In Focus &#8211; Beef on Dairy, ma non il solito prodotto"}]},{"@type":"WebSite","@id":"https:\/\/www.absglobal.com\/ca\/#website","url":"https:\/\/www.absglobal.com\/ca\/","name":"ABS Global Canada (en)","description":"","publisher":{"@id":"https:\/\/www.absglobal.com\/ca\/#organization"},"potentialAction":[{"@type":"SearchAction","target":{"@type":"EntryPoint","urlTemplate":"https:\/\/www.absglobal.com\/ca\/?s={search_term_string}"},"query-input":{"@type":"PropertyValueSpecification","valueRequired":true,"valueName":"search_term_string"}}],"inLanguage":"en-CA"},{"@type":"Organization","@id":"https:\/\/www.absglobal.com\/ca\/#organization","name":"ABS Global Canada (en)","url":"https:\/\/www.absglobal.com\/ca\/","logo":{"@type":"ImageObject","inLanguage":"en-CA","@id":"https:\/\/www.absglobal.com\/ca\/#\/schema\/logo\/image\/","url":"https:\/\/www.absglobal.com\/ca\/wp-content\/uploads\/sites\/24\/2018\/02\/cropped-RS13731_ABS_logo-3.png","contentUrl":"https:\/\/www.absglobal.com\/ca\/wp-content\/uploads\/sites\/24\/2018\/02\/cropped-RS13731_ABS_logo-3.png","width":1220,"height":1583,"caption":"ABS Global Canada (en)"},"image":{"@id":"https:\/\/www.absglobal.com\/ca\/#\/schema\/logo\/image\/"}}]}},"_links":{"self":[{"href":"https:\/\/www.absglobal.com\/ca\/wp-json\/wp\/v2\/pages\/2273"}],"collection":[{"href":"https:\/\/www.absglobal.com\/ca\/wp-json\/wp\/v2\/pages"}],"about":[{"href":"https:\/\/www.absglobal.com\/ca\/wp-json\/wp\/v2\/types\/page"}],"author":[{"embeddable":true,"href":"https:\/\/www.absglobal.com\/ca\/wp-json\/wp\/v2\/users\/292"}],"replies":[{"embeddable":true,"href":"https:\/\/www.absglobal.com\/ca\/wp-json\/wp\/v2\/comments?post=2273"}],"version-history":[{"count":0,"href":"https:\/\/www.absglobal.com\/ca\/wp-json\/wp\/v2\/pages\/2273\/revisions"}],"up":[{"embeddable":true,"href":"https:\/\/www.absglobal.com\/ca\/wp-json\/wp\/v2\/pages\/2208"}],"wp:featuredmedia":[{"embeddable":true,"href":"https:\/\/www.absglobal.com\/ca\/wp-json\/wp\/v2\/media\/2318"}],"wp:attachment":[{"href":"https:\/\/www.absglobal.com\/ca\/wp-json\/wp\/v2\/media?parent=2273"}],"curies":[{"name":"wp","href":"https:\/\/api.w.org\/{rel}","templated":true}]}}