{"id":1745,"date":"2020-02-24T10:43:15","date_gmt":"2020-02-24T15:43:15","guid":{"rendered":"http:\/\/cms.genusplc.com\/absglobal\/?page_id=1745"},"modified":"2025-05-29T15:00:40","modified_gmt":"2025-05-29T20:00:40","slug":"evaluacion-genetica","status":"publish","type":"page","link":"https:\/\/www.absglobal.com\/cl\/evaluacion-genetica\/","title":{"rendered":"Evaluaci\u00f3n gen\u00e9tica"},"content":{"rendered":"\n<h2 class=\"wp-block-heading\" id=\"h-evaluacion-genetica-validacion-orientacion-e-inteligencia-para-el-progreso-genetico\">Evaluaci\u00f3n gen\u00e9tica &#8211; Validaci\u00f3n, orientaci\u00f3n e inteligencia para el progreso gen\u00e9tico <\/h2>\n\n\n\n<div style=\"height:50px\" aria-hidden=\"true\" class=\"wp-block-spacer\"><\/div>\n\n\n\n<p>Por mucho que nos gustar\u00eda que fuera de otra manera, el progreso gen\u00e9tico no puede verse de la noche a la ma\u00f1ana. Debido a esto, puede ser dif\u00edcil ver la mejora en su reba\u00f1o en el d\u00eda a d\u00eda. <\/p>\n\n\n\n<p>La evaluaci\u00f3n gen\u00e9tica es una forma de validar que la gen\u00e9tica se est\u00e1 moviendo en la direcci\u00f3n correcta. Este proceso se realiza analizando el pedigr\u00ed o la informaci\u00f3n gen\u00f3mica de un animal. Es una forma de asegurar que la pr\u00f3xima generaci\u00f3n es mejor que la \u00faltima al comparar los rasgos determinados en su plan gen\u00e9tico inicial. <\/p>\n\n\n\n<p>Sabiendo que no todas las vacas son creadas iguales, tambi\u00e9n nos permite ayudarles a clasificar sus animales de mejor a peor. Esto puede ayudarle a segmentar el reba\u00f1o e identificar qu\u00e9 hembras ser\u00e1n utilizadas para hacer su pr\u00f3xima generaci\u00f3n.&nbsp;<\/p>\n\n\n\n<p>Independientemente de que est\u00e9 evaluando su reba\u00f1o por su cuenta o confiando en un asesor gen\u00e9tico, la evaluaci\u00f3n gen\u00e9tica es un paso crucial para mantenerlo en el camino de sus objetivos gen\u00e9ticos. <\/p>\n\n\n\n<div style=\"height:50px\" aria-hidden=\"true\" class=\"wp-block-spacer\"><\/div>\n\n\n\n<h2 class=\"wp-block-heading is-style-underline\" id=\"h-productos-relacionados\">Productos Relacionados<\/h2>\n\n\n\t\t<section id=\"\" class=\"alignwide section-wrapper section-wrapper-small-fluid block-product-slider\" data-magellan-target=\"\">\n\t\t\t<div class=\"carousel-card-section owl-carousel owl-theme\">\n\t\t\t\t\t\t\t\t\t\t<div class=\"card\">\n\t\t\t\t\t\t\t\t\t\t\t\t\t\t\t<img decoding=\"async\" class=\"card-img\" src=\"https:\/\/www.absglobal.com\/cl\/wp-content\/uploads\/sites\/15\/2020\/02\/product-genetic-audit-1.jpg?w=1000&#038;resize=375,250\" alt=\"Image of medical devices\">\n\t\t\t\t\t\t\t\t\t\t\t\t\t\t<div class=\"card-section\">\n\t\t\t\t\t\t\t\t<h3 class=\"card-title\">Auditor\u00eda Gen\u00e9tica<\/h3>\n\t\t\t\t\t\t\t\t\t\t\t\t\t\t\t\t\t\t\t\t\t\t\t\t\t<p class=\"card-description\">La herramienta m\u00e1s nueva del portafolio de servicios gen\u00e9ticos, la auditor\u00eda gen\u00e9tica ABS, complementa perfectamente a GMS 2.0 para obtener el mayor retorno de su inversi\u00f3n gen\u00e9tica. \u00a0Similar a una boleta de calificaciones, esta auditor\u00eda anual proporciona una visi\u00f3n general de la gen\u00e9tica de su reba\u00f1o. \u00a0Con esta l\u00ednea base, puede hacer futuras comparaciones y [&hellip;]<\/p>\n\t\t\t\t\t\t\t\t\n\t\t\t\t\t\t\t\t<a href=\"https:\/\/www.absglobal.com\/cl\/services\/genetic-audit\/\" class=\"card-section-button button\">Aprender m\u00e1s<\/a>\n\t\t\t\t\t\t\t<\/div>\n\t\t\t\t\t\t<\/div>\n\t\t\t\t\t\t\t\t\t\t\t\t<div class=\"card\">\n\t\t\t\t\t\t\t\t\t\t\t\t\t\t\t<img decoding=\"async\" class=\"card-img\" src=\"https:\/\/www.absglobal.com\/cl\/wp-content\/uploads\/sites\/15\/2020\/02\/product-gms.jpg?w=1000&#038;resize=375,250\" alt=\"Image of medical devices\">\n\t\t\t\t\t\t\t\t\t\t\t\t\t\t<div class=\"card-section\">\n\t\t\t\t\t\t\t\t<h3 class=\"card-title\">GMS 2.0<\/h3>\n\t\t\t\t\t\t\t\t\t\t\t\t\t\t\t\t\t\t\t\t\t\t\t\t\t<p class=\"card-description\">La gen\u00e9tica est\u00e1 mejorando.Su programa de apareamiento deber\u00eda hacer lo mismo. Desde 1968, el Genetic Management System\u00ae (GMS\u00ae) ha proporcionado un sistema integral que optimiza el progreso gen\u00e9tico y simplifica el proceso de cr\u00eda. Desde el primer apareamiento hace cerca de 55 a\u00f1os, GMS ha procesado m\u00e1s de 160 millones de apareamiento recomendaciones, m\u00e1s que [&hellip;]<\/p>\n\t\t\t\t\t\t\t\t\n\t\t\t\t\t\t\t\t<a href=\"https:\/\/www.absglobal.com\/cl\/services\/gms\/\" class=\"card-section-button button\">Aprender m\u00e1s<\/a>\n\t\t\t\t\t\t\t<\/div>\n\t\t\t\t\t\t<\/div>\n\t\t\t\t\t\t\t\t\t\t\t\t<div class=\"card\">\n\t\t\t\t\t\t\t\t\t\t\t\t\t\t\t<img decoding=\"async\" class=\"card-img\" src=\"https:\/\/www.absglobal.com\/cl\/wp-content\/uploads\/sites\/15\/2020\/01\/product-monitor.jpg?w=1000&#038;resize=375,250\" alt=\"Image of medical devices\">\n\t\t\t\t\t\t\t\t\t\t\t\t\t\t<div class=\"card-section\">\n\t\t\t\t\t\t\t\t<h3 class=\"card-title\">ABS Monitor<\/h3>\n\t\t\t\t\t\t\t\t\t\t\t\t\t\t\t\t\t\t\t\t\t\t\t\t\t<p class=\"card-description\">Facilidad y velocidad del control reproductivo en hatos lecheros ABS Monitor es un sistema de monitoreo reproductivo para hatos lecheros, desarrollado por ABS con el objetivo de maximizar la producci\u00f3n de embarazos. El sistema ayuda a los productores de leche de todo el mundo a gestionar y analizar los \u00edndices reproductivos del reba\u00f1o de forma [&hellip;]<\/p>\n\t\t\t\t\t\t\t\t\n\t\t\t\t\t\t\t\t<a href=\"https:\/\/www.absglobal.com\/cl\/services\/abs-monitor\/\" class=\"card-section-button button\">Aprender m\u00e1s<\/a>\n\t\t\t\t\t\t\t<\/div>\n\t\t\t\t\t\t<\/div>\n\t\t\t\t\t\t\t\t\t<\/div>\n\t\t<\/section>\n\t\t\n\n\n<div style=\"height:100px\" aria-hidden=\"true\" class=\"wp-block-spacer\"><\/div>\n\n\n\n\t<h2 class=\"has-text-align-center is-style-underline wp-block-heading\" id=\"fyr-form\">Encuentre a su representante local<\/h2>\n\n    <div class=\"entry-content\" style=\"margin-top: 10px;\">\n        <iframe id=\"fyrFormIframe\" src=\"https:\/\/intranet-latam.absglobal.com\/api\/fyr\/form?country=CL\" width=\"100%\" style=\"border: none; overflow: hidden;\"><\/iframe>\n    <\/div>\n\n    <script>\n    window.addEventListener(\"message\", function(event) {\n        if (event.origin !== \"https:\/\/intranet-latam.absglobal.com\") return;\n        var iframe = document.getElementById(\"fyrFormIframe\");\n        if (iframe && event.data.height) {\n            var height = event.data.height + 100;\n            iframe.style.height = height + \"px\";\n        }\n    }, false);\n    <\/script>\n\n    \n\n\n\n<p><\/p>\n","protected":false},"excerpt":{"rendered":"<p>Evaluaci\u00f3n gen\u00e9tica &#8211; Validaci\u00f3n, orientaci\u00f3n e inteligencia para el progreso gen\u00e9tico Por mucho que nos gustar\u00eda que fuera de otra manera, el progreso gen\u00e9tico no puede verse de la noche a la ma\u00f1ana. Debido a esto, puede ser dif\u00edcil ver la mejora en su reba\u00f1o en el d\u00eda a d\u00eda. La evaluaci\u00f3n gen\u00e9tica es una [&hellip;]<\/p>\n","protected":false},"author":289,"featured_media":0,"parent":0,"menu_order":0,"comment_status":"closed","ping_status":"closed","template":"","meta":{"_acf_changed":false,"content-type":"","footnotes":""},"class_list":["post-1745","page","type-page","status-publish","hentry"],"acf":[],"yoast_head":"<!-- This site is optimized with the Yoast SEO Premium plugin v25.6 (Yoast SEO v25.6) - https:\/\/yoast.com\/wordpress\/plugins\/seo\/ -->\n<title>Evaluaci\u00f3n gen\u00e9tica - ABS Global Chile<\/title>\n<meta name=\"description\" content=\"El progreso gen\u00e9tico no puede verse de la noche a la ma\u00f1ana. Debido a esto, puede ser dif\u00edcil ver la mejora en su reba\u00f1o en el d\u00eda a d\u00eda...\" \/>\n<meta name=\"robots\" content=\"index, follow, max-snippet:-1, max-image-preview:large, max-video-preview:-1\" \/>\n<link rel=\"canonical\" href=\"https:\/\/www.absglobal.com\/cl\/evaluacion-genetica\/\" \/>\n<meta property=\"og:locale\" content=\"es_MX\" \/>\n<meta property=\"og:type\" content=\"article\" \/>\n<meta property=\"og:title\" content=\"Evaluaci\u00f3n gen\u00e9tica\" \/>\n<meta property=\"og:description\" content=\"El progreso gen\u00e9tico no puede verse de la noche a la ma\u00f1ana. Debido a esto, puede ser dif\u00edcil ver la mejora en su reba\u00f1o en el d\u00eda a d\u00eda...\" \/>\n<meta property=\"og:url\" content=\"https:\/\/www.absglobal.com\/cl\/evaluacion-genetica\/\" \/>\n<meta property=\"og:site_name\" content=\"ABS Global Chile\" \/>\n<meta property=\"article:modified_time\" content=\"2025-05-29T20:00:40+00:00\" \/>\n<meta name=\"twitter:card\" content=\"summary_large_image\" \/>\n<meta name=\"twitter:label1\" content=\"Est. reading time\" \/>\n\t<meta name=\"twitter:data1\" content=\"1 minuto\" \/>\n<script type=\"application\/ld+json\" class=\"yoast-schema-graph\">{\"@context\":\"https:\/\/schema.org\",\"@graph\":[{\"@type\":\"WebPage\",\"@id\":\"https:\/\/www.absglobal.com\/cl\/evaluacion-genetica\/\",\"url\":\"https:\/\/www.absglobal.com\/cl\/evaluacion-genetica\/\",\"name\":\"Evaluaci\u00f3n gen\u00e9tica - ABS Global Chile\",\"isPartOf\":{\"@id\":\"https:\/\/www.absglobal.com\/cl\/#website\"},\"datePublished\":\"2020-02-24T15:43:15+00:00\",\"dateModified\":\"2025-05-29T20:00:40+00:00\",\"description\":\"El progreso gen\u00e9tico no puede verse de la noche a la ma\u00f1ana. Debido a esto, puede ser dif\u00edcil ver la mejora en su reba\u00f1o en el d\u00eda a d\u00eda...\",\"breadcrumb\":{\"@id\":\"https:\/\/www.absglobal.com\/cl\/evaluacion-genetica\/#breadcrumb\"},\"inLanguage\":\"es-MX\",\"potentialAction\":[{\"@type\":\"ReadAction\",\"target\":[\"https:\/\/www.absglobal.com\/cl\/evaluacion-genetica\/\"]}]},{\"@type\":\"BreadcrumbList\",\"@id\":\"https:\/\/www.absglobal.com\/cl\/evaluacion-genetica\/#breadcrumb\",\"itemListElement\":[{\"@type\":\"ListItem\",\"position\":1,\"name\":\"Home\",\"item\":\"https:\/\/www.absglobal.com\/cl\/\"},{\"@type\":\"ListItem\",\"position\":2,\"name\":\"Evaluaci\u00f3n gen\u00e9tica\"}]},{\"@type\":\"WebSite\",\"@id\":\"https:\/\/www.absglobal.com\/cl\/#website\",\"url\":\"https:\/\/www.absglobal.com\/cl\/\",\"name\":\"ABS Global Chile\",\"description\":\"\",\"publisher\":{\"@id\":\"https:\/\/www.absglobal.com\/cl\/#organization\"},\"potentialAction\":[{\"@type\":\"SearchAction\",\"target\":{\"@type\":\"EntryPoint\",\"urlTemplate\":\"https:\/\/www.absglobal.com\/cl\/?s={search_term_string}\"},\"query-input\":{\"@type\":\"PropertyValueSpecification\",\"valueRequired\":true,\"valueName\":\"search_term_string\"}}],\"inLanguage\":\"es-MX\"},{\"@type\":\"Organization\",\"@id\":\"https:\/\/www.absglobal.com\/cl\/#organization\",\"name\":\"ABS Global Chile\",\"url\":\"https:\/\/www.absglobal.com\/cl\/\",\"logo\":{\"@type\":\"ImageObject\",\"inLanguage\":\"es-MX\",\"@id\":\"https:\/\/www.absglobal.com\/cl\/#\/schema\/logo\/image\/\",\"url\":\"https:\/\/www.absglobal.com\/cl\/wp-content\/uploads\/sites\/15\/2020\/03\/LogoRGB.png\",\"contentUrl\":\"https:\/\/www.absglobal.com\/cl\/wp-content\/uploads\/sites\/15\/2020\/03\/LogoRGB.png\",\"width\":872,\"height\":1080,\"caption\":\"ABS Global Chile\"},\"image\":{\"@id\":\"https:\/\/www.absglobal.com\/cl\/#\/schema\/logo\/image\/\"}}]}<\/script>\n<!-- \/ Yoast SEO Premium plugin. -->","yoast_head_json":{"title":"Evaluaci\u00f3n gen\u00e9tica - ABS Global Chile","description":"El progreso gen\u00e9tico no puede verse de la noche a la ma\u00f1ana. Debido a esto, puede ser dif\u00edcil ver la mejora en su reba\u00f1o en el d\u00eda a d\u00eda...","robots":{"index":"index","follow":"follow","max-snippet":"max-snippet:-1","max-image-preview":"max-image-preview:large","max-video-preview":"max-video-preview:-1"},"canonical":"https:\/\/www.absglobal.com\/cl\/evaluacion-genetica\/","og_locale":"es_MX","og_type":"article","og_title":"Evaluaci\u00f3n gen\u00e9tica","og_description":"El progreso gen\u00e9tico no puede verse de la noche a la ma\u00f1ana. Debido a esto, puede ser dif\u00edcil ver la mejora en su reba\u00f1o en el d\u00eda a d\u00eda...","og_url":"https:\/\/www.absglobal.com\/cl\/evaluacion-genetica\/","og_site_name":"ABS Global Chile","article_modified_time":"2025-05-29T20:00:40+00:00","twitter_card":"summary_large_image","twitter_misc":{"Est. reading time":"1 minuto"},"schema":{"@context":"https:\/\/schema.org","@graph":[{"@type":"WebPage","@id":"https:\/\/www.absglobal.com\/cl\/evaluacion-genetica\/","url":"https:\/\/www.absglobal.com\/cl\/evaluacion-genetica\/","name":"Evaluaci\u00f3n gen\u00e9tica - ABS Global Chile","isPartOf":{"@id":"https:\/\/www.absglobal.com\/cl\/#website"},"datePublished":"2020-02-24T15:43:15+00:00","dateModified":"2025-05-29T20:00:40+00:00","description":"El progreso gen\u00e9tico no puede verse de la noche a la ma\u00f1ana. Debido a esto, puede ser dif\u00edcil ver la mejora en su reba\u00f1o en el d\u00eda a d\u00eda...","breadcrumb":{"@id":"https:\/\/www.absglobal.com\/cl\/evaluacion-genetica\/#breadcrumb"},"inLanguage":"es-MX","potentialAction":[{"@type":"ReadAction","target":["https:\/\/www.absglobal.com\/cl\/evaluacion-genetica\/"]}]},{"@type":"BreadcrumbList","@id":"https:\/\/www.absglobal.com\/cl\/evaluacion-genetica\/#breadcrumb","itemListElement":[{"@type":"ListItem","position":1,"name":"Home","item":"https:\/\/www.absglobal.com\/cl\/"},{"@type":"ListItem","position":2,"name":"Evaluaci\u00f3n gen\u00e9tica"}]},{"@type":"WebSite","@id":"https:\/\/www.absglobal.com\/cl\/#website","url":"https:\/\/www.absglobal.com\/cl\/","name":"ABS Global Chile","description":"","publisher":{"@id":"https:\/\/www.absglobal.com\/cl\/#organization"},"potentialAction":[{"@type":"SearchAction","target":{"@type":"EntryPoint","urlTemplate":"https:\/\/www.absglobal.com\/cl\/?s={search_term_string}"},"query-input":{"@type":"PropertyValueSpecification","valueRequired":true,"valueName":"search_term_string"}}],"inLanguage":"es-MX"},{"@type":"Organization","@id":"https:\/\/www.absglobal.com\/cl\/#organization","name":"ABS Global Chile","url":"https:\/\/www.absglobal.com\/cl\/","logo":{"@type":"ImageObject","inLanguage":"es-MX","@id":"https:\/\/www.absglobal.com\/cl\/#\/schema\/logo\/image\/","url":"https:\/\/www.absglobal.com\/cl\/wp-content\/uploads\/sites\/15\/2020\/03\/LogoRGB.png","contentUrl":"https:\/\/www.absglobal.com\/cl\/wp-content\/uploads\/sites\/15\/2020\/03\/LogoRGB.png","width":872,"height":1080,"caption":"ABS Global Chile"},"image":{"@id":"https:\/\/www.absglobal.com\/cl\/#\/schema\/logo\/image\/"}}]}},"_links":{"self":[{"href":"https:\/\/www.absglobal.com\/cl\/wp-json\/wp\/v2\/pages\/1745"}],"collection":[{"href":"https:\/\/www.absglobal.com\/cl\/wp-json\/wp\/v2\/pages"}],"about":[{"href":"https:\/\/www.absglobal.com\/cl\/wp-json\/wp\/v2\/types\/page"}],"author":[{"embeddable":true,"href":"https:\/\/www.absglobal.com\/cl\/wp-json\/wp\/v2\/users\/289"}],"replies":[{"embeddable":true,"href":"https:\/\/www.absglobal.com\/cl\/wp-json\/wp\/v2\/comments?post=1745"}],"version-history":[{"count":22,"href":"https:\/\/www.absglobal.com\/cl\/wp-json\/wp\/v2\/pages\/1745\/revisions"}],"predecessor-version":[{"id":4087,"href":"https:\/\/www.absglobal.com\/cl\/wp-json\/wp\/v2\/pages\/1745\/revisions\/4087"}],"wp:attachment":[{"href":"https:\/\/www.absglobal.com\/cl\/wp-json\/wp\/v2\/media?parent=1745"}],"curies":[{"name":"wp","href":"https:\/\/api.w.org\/{rel}","templated":true}]}}