{"id":1800,"date":"2020-02-24T14:30:17","date_gmt":"2020-02-24T19:30:17","guid":{"rendered":"http:\/\/cms.genusplc.com\/absglobal\/?page_id=1800"},"modified":"2025-05-29T14:49:57","modified_gmt":"2025-05-29T19:49:57","slug":"bienestar-de-las-vacas","status":"publish","type":"page","link":"https:\/\/www.absglobal.com\/cl\/bienestar-de-las-vacas\/","title":{"rendered":"Bienestar de las Vacas"},"content":{"rendered":"\n<p>El bienestar de las vacas est\u00e1 directamente relacionada con la salud y la comodidad del animal. El bienestar que brinde a sus vacas determinar\u00e1 qu\u00e9 tan bien se desempe\u00f1ar\u00e1n tanto en la producci\u00f3n como en la reproducci\u00f3n.<\/p>\n\n\n\n<p>Dado que es dif\u00edcil medir los beneficios exactos, invertir en la comodidad de las vacas a veces se considera un gasto adicional. Sin embargo, las consecuencias de ignorar el bienestar de las vacas finalmente pondr\u00e1n en riesgo la operaci\u00f3n lechera. Los costos de los tratamientos y las p\u00e9rdidas en la producci\u00f3n se acumular\u00e1n r\u00e1pidamente y toda la operaci\u00f3n podr\u00eda ser m\u00e1s costosa.<\/p>\n\n\n\n<p>El impacto en el bienestar de las vacas es crucial para mantener una lecher\u00eda sostenible. Prestar atenci\u00f3n a las se\u00f1ales de las vacas y satisfacer las necesidades b\u00e1sicas de sus animales establecer\u00e1 su operaci\u00f3n para el \u00e9xito.<\/p>\n\n\n\n<div style=\"height:50px\" aria-hidden=\"true\" class=\"wp-block-spacer\"><\/div>\n\n\n\n<h2 class=\"wp-block-heading is-style-underline\" id=\"h-productos-relacionados\">Productos Relacionados <\/h2>\n\n\n\t\t<section id=\"\" class=\"alignwide section-wrapper section-wrapper-small-fluid block-product-slider\" data-magellan-target=\"\">\n\t\t\t<div class=\"carousel-card-section owl-carousel owl-theme\">\n\t\t\t\t\t\t\t\t\t\t<div class=\"card\">\n\t\t\t\t\t\t\t\t\t\t\t\t\t\t\t<img decoding=\"async\" class=\"card-img\" src=\"https:\/\/www.absglobal.com\/cl\/wp-content\/uploads\/sites\/15\/2020\/03\/product-Transitionright-3.jpg?w=1000&#038;resize=375,250\" alt=\"Image of medical devices\">\n\t\t\t\t\t\t\t\t\t\t\t\t\t\t<div class=\"card-section\">\n\t\t\t\t\t\t\t\t<h3 class=\"card-title\">TransitionRight\u00ae<\/h3>\n\t\t\t\t\t\t\t\t\t\t\t\t\t\t\t\t\t\t\t\t\t\t\t\t\t<p class=\"card-description\">No reaccione. Prevenir a trav\u00e9s de la gen\u00e9tica. Los trastornos de salud de transici\u00f3n cobran un peaje en su tiempo, dinero y la productividad de su ganado. Hoy en d\u00eda, sin embargo, es posible reducir los riesgos con TransitionRight\u00ae de ABS Global. ABS Global, l\u00edder mundial en gen\u00e9tica bovina, servicios de reproducci\u00f3n y tecnolog\u00edas, utiliza [&hellip;]<\/p>\n\t\t\t\t\t\t\t\t\n\t\t\t\t\t\t\t\t<a href=\"https:\/\/www.absglobal.com\/cl\/services\/transitionright\/\" class=\"card-section-button button\">Aprender m\u00e1s<\/a>\n\t\t\t\t\t\t\t<\/div>\n\t\t\t\t\t\t<\/div>\n\t\t\t\t\t\t\t\t\t\t\t\t<div class=\"card\">\n\t\t\t\t\t\t\t\t\t\t\t\t\t\t\t<img decoding=\"async\" class=\"card-img\" src=\"https:\/\/www.absglobal.com\/cl\/wp-content\/uploads\/sites\/15\/2020\/01\/product-monitor.jpg?w=1000&#038;resize=375,250\" alt=\"Image of medical devices\">\n\t\t\t\t\t\t\t\t\t\t\t\t\t\t<div class=\"card-section\">\n\t\t\t\t\t\t\t\t<h3 class=\"card-title\">ABS Monitor<\/h3>\n\t\t\t\t\t\t\t\t\t\t\t\t\t\t\t\t\t\t\t\t\t\t\t\t\t<p class=\"card-description\">Facilidad y velocidad del control reproductivo en hatos lecheros ABS Monitor es un sistema de monitoreo reproductivo para hatos lecheros, desarrollado por ABS con el objetivo de maximizar la producci\u00f3n de embarazos. El sistema ayuda a los productores de leche de todo el mundo a gestionar y analizar los \u00edndices reproductivos del reba\u00f1o de forma [&hellip;]<\/p>\n\t\t\t\t\t\t\t\t\n\t\t\t\t\t\t\t\t<a href=\"https:\/\/www.absglobal.com\/cl\/services\/abs-monitor\/\" class=\"card-section-button button\">Aprender m\u00e1s<\/a>\n\t\t\t\t\t\t\t<\/div>\n\t\t\t\t\t\t<\/div>\n\t\t\t\t\t\t\t\t\t\t\t\t<div class=\"card\">\n\t\t\t\t\t\t\t\t\t\t\t\t\t\t\t<img decoding=\"async\" class=\"card-img\" src=\"https:\/\/www.absglobal.com\/cl\/wp-content\/uploads\/sites\/15\/2020\/02\/product-gms.jpg?w=1000&#038;resize=375,250\" alt=\"Image of medical devices\">\n\t\t\t\t\t\t\t\t\t\t\t\t\t\t<div class=\"card-section\">\n\t\t\t\t\t\t\t\t<h3 class=\"card-title\">GMS 2.0<\/h3>\n\t\t\t\t\t\t\t\t\t\t\t\t\t\t\t\t\t\t\t\t\t\t\t\t\t<p class=\"card-description\">La gen\u00e9tica est\u00e1 mejorando.Su programa de apareamiento deber\u00eda hacer lo mismo. Desde 1968, el Genetic Management System\u00ae (GMS\u00ae) ha proporcionado un sistema integral que optimiza el progreso gen\u00e9tico y simplifica el proceso de cr\u00eda. Desde el primer apareamiento hace cerca de 55 a\u00f1os, GMS ha procesado m\u00e1s de 160 millones de apareamiento recomendaciones, m\u00e1s que [&hellip;]<\/p>\n\t\t\t\t\t\t\t\t\n\t\t\t\t\t\t\t\t<a href=\"https:\/\/www.absglobal.com\/cl\/services\/gms\/\" class=\"card-section-button button\">Aprender m\u00e1s<\/a>\n\t\t\t\t\t\t\t<\/div>\n\t\t\t\t\t\t<\/div>\n\t\t\t\t\t\t\t\t\t<\/div>\n\t\t<\/section>\n\t\t\n\n\n<div style=\"height:100px\" aria-hidden=\"true\" class=\"wp-block-spacer\"><\/div>\n\n\n\n\t<h2 class=\"has-text-align-center is-style-underline wp-block-heading\" id=\"fyr-form\">Encuentre a su representante local<\/h2>\n\n    <div class=\"entry-content\" style=\"margin-top: 10px;\">\n        <iframe id=\"fyrFormIframe\" src=\"https:\/\/intranet-latam.absglobal.com\/api\/fyr\/form?country=CL\" width=\"100%\" style=\"border: none; overflow: hidden;\"><\/iframe>\n    <\/div>\n\n    <script>\n    window.addEventListener(\"message\", function(event) {\n        if (event.origin !== \"https:\/\/intranet-latam.absglobal.com\") return;\n        var iframe = document.getElementById(\"fyrFormIframe\");\n        if (iframe && event.data.height) {\n            var height = event.data.height + 100;\n            iframe.style.height = height + \"px\";\n        }\n    }, false);\n    <\/script>\n\n    \n","protected":false},"excerpt":{"rendered":"<p>El bienestar de las vacas est\u00e1 directamente relacionada con la salud y la comodidad del animal. El bienestar que brinde a sus vacas determinar\u00e1 qu\u00e9 tan bien se desempe\u00f1ar\u00e1n tanto en la producci\u00f3n como en la reproducci\u00f3n. Dado que es dif\u00edcil medir los beneficios exactos, invertir en la comodidad de las vacas a veces se [&hellip;]<\/p>\n","protected":false},"author":289,"featured_media":0,"parent":0,"menu_order":0,"comment_status":"closed","ping_status":"closed","template":"","meta":{"_acf_changed":false,"content-type":"","footnotes":""},"class_list":["post-1800","page","type-page","status-publish","hentry"],"acf":[],"yoast_head":"<!-- This site is optimized with the Yoast SEO Premium plugin v25.6 (Yoast SEO v25.6) - https:\/\/yoast.com\/wordpress\/plugins\/seo\/ -->\n<title>Bienestar de las Vacas - ABS Global Chile<\/title>\n<meta name=\"description\" content=\"El bienestar de las vacas est\u00e1 directamente relacionada con la salud y la comodidad del animal. Para conocer m\u00e1s, ingresa a nuestra web.\" \/>\n<meta name=\"robots\" content=\"index, follow, max-snippet:-1, max-image-preview:large, max-video-preview:-1\" \/>\n<link rel=\"canonical\" href=\"https:\/\/www.absglobal.com\/cl\/bienestar-de-las-vacas\/\" \/>\n<meta property=\"og:locale\" content=\"es_MX\" \/>\n<meta property=\"og:type\" content=\"article\" \/>\n<meta property=\"og:title\" content=\"Bienestar de las Vacas\" \/>\n<meta property=\"og:description\" content=\"El bienestar de las vacas est\u00e1 directamente relacionada con la salud y la comodidad del animal. Para conocer m\u00e1s, ingresa a nuestra web.\" \/>\n<meta property=\"og:url\" content=\"https:\/\/www.absglobal.com\/cl\/bienestar-de-las-vacas\/\" \/>\n<meta property=\"og:site_name\" content=\"ABS Global Chile\" \/>\n<meta property=\"article:modified_time\" content=\"2025-05-29T19:49:57+00:00\" \/>\n<meta name=\"twitter:card\" content=\"summary_large_image\" \/>\n<meta name=\"twitter:label1\" content=\"Est. reading time\" \/>\n\t<meta name=\"twitter:data1\" content=\"1 minuto\" \/>\n<script type=\"application\/ld+json\" class=\"yoast-schema-graph\">{\"@context\":\"https:\/\/schema.org\",\"@graph\":[{\"@type\":\"WebPage\",\"@id\":\"https:\/\/www.absglobal.com\/cl\/bienestar-de-las-vacas\/\",\"url\":\"https:\/\/www.absglobal.com\/cl\/bienestar-de-las-vacas\/\",\"name\":\"Bienestar de las Vacas - ABS Global Chile\",\"isPartOf\":{\"@id\":\"https:\/\/www.absglobal.com\/cl\/#website\"},\"datePublished\":\"2020-02-24T19:30:17+00:00\",\"dateModified\":\"2025-05-29T19:49:57+00:00\",\"description\":\"El bienestar de las vacas est\u00e1 directamente relacionada con la salud y la comodidad del animal. Para conocer m\u00e1s, ingresa a nuestra web.\",\"breadcrumb\":{\"@id\":\"https:\/\/www.absglobal.com\/cl\/bienestar-de-las-vacas\/#breadcrumb\"},\"inLanguage\":\"es-MX\",\"potentialAction\":[{\"@type\":\"ReadAction\",\"target\":[\"https:\/\/www.absglobal.com\/cl\/bienestar-de-las-vacas\/\"]}]},{\"@type\":\"BreadcrumbList\",\"@id\":\"https:\/\/www.absglobal.com\/cl\/bienestar-de-las-vacas\/#breadcrumb\",\"itemListElement\":[{\"@type\":\"ListItem\",\"position\":1,\"name\":\"Home\",\"item\":\"https:\/\/www.absglobal.com\/cl\/\"},{\"@type\":\"ListItem\",\"position\":2,\"name\":\"Bienestar de las Vacas\"}]},{\"@type\":\"WebSite\",\"@id\":\"https:\/\/www.absglobal.com\/cl\/#website\",\"url\":\"https:\/\/www.absglobal.com\/cl\/\",\"name\":\"ABS Global Chile\",\"description\":\"\",\"publisher\":{\"@id\":\"https:\/\/www.absglobal.com\/cl\/#organization\"},\"potentialAction\":[{\"@type\":\"SearchAction\",\"target\":{\"@type\":\"EntryPoint\",\"urlTemplate\":\"https:\/\/www.absglobal.com\/cl\/?s={search_term_string}\"},\"query-input\":{\"@type\":\"PropertyValueSpecification\",\"valueRequired\":true,\"valueName\":\"search_term_string\"}}],\"inLanguage\":\"es-MX\"},{\"@type\":\"Organization\",\"@id\":\"https:\/\/www.absglobal.com\/cl\/#organization\",\"name\":\"ABS Global Chile\",\"url\":\"https:\/\/www.absglobal.com\/cl\/\",\"logo\":{\"@type\":\"ImageObject\",\"inLanguage\":\"es-MX\",\"@id\":\"https:\/\/www.absglobal.com\/cl\/#\/schema\/logo\/image\/\",\"url\":\"https:\/\/www.absglobal.com\/cl\/wp-content\/uploads\/sites\/15\/2020\/03\/LogoRGB.png\",\"contentUrl\":\"https:\/\/www.absglobal.com\/cl\/wp-content\/uploads\/sites\/15\/2020\/03\/LogoRGB.png\",\"width\":872,\"height\":1080,\"caption\":\"ABS Global Chile\"},\"image\":{\"@id\":\"https:\/\/www.absglobal.com\/cl\/#\/schema\/logo\/image\/\"}}]}<\/script>\n<!-- \/ Yoast SEO Premium plugin. -->","yoast_head_json":{"title":"Bienestar de las Vacas - ABS Global Chile","description":"El bienestar de las vacas est\u00e1 directamente relacionada con la salud y la comodidad del animal. Para conocer m\u00e1s, ingresa a nuestra web.","robots":{"index":"index","follow":"follow","max-snippet":"max-snippet:-1","max-image-preview":"max-image-preview:large","max-video-preview":"max-video-preview:-1"},"canonical":"https:\/\/www.absglobal.com\/cl\/bienestar-de-las-vacas\/","og_locale":"es_MX","og_type":"article","og_title":"Bienestar de las Vacas","og_description":"El bienestar de las vacas est\u00e1 directamente relacionada con la salud y la comodidad del animal. Para conocer m\u00e1s, ingresa a nuestra web.","og_url":"https:\/\/www.absglobal.com\/cl\/bienestar-de-las-vacas\/","og_site_name":"ABS Global Chile","article_modified_time":"2025-05-29T19:49:57+00:00","twitter_card":"summary_large_image","twitter_misc":{"Est. reading time":"1 minuto"},"schema":{"@context":"https:\/\/schema.org","@graph":[{"@type":"WebPage","@id":"https:\/\/www.absglobal.com\/cl\/bienestar-de-las-vacas\/","url":"https:\/\/www.absglobal.com\/cl\/bienestar-de-las-vacas\/","name":"Bienestar de las Vacas - ABS Global Chile","isPartOf":{"@id":"https:\/\/www.absglobal.com\/cl\/#website"},"datePublished":"2020-02-24T19:30:17+00:00","dateModified":"2025-05-29T19:49:57+00:00","description":"El bienestar de las vacas est\u00e1 directamente relacionada con la salud y la comodidad del animal. Para conocer m\u00e1s, ingresa a nuestra web.","breadcrumb":{"@id":"https:\/\/www.absglobal.com\/cl\/bienestar-de-las-vacas\/#breadcrumb"},"inLanguage":"es-MX","potentialAction":[{"@type":"ReadAction","target":["https:\/\/www.absglobal.com\/cl\/bienestar-de-las-vacas\/"]}]},{"@type":"BreadcrumbList","@id":"https:\/\/www.absglobal.com\/cl\/bienestar-de-las-vacas\/#breadcrumb","itemListElement":[{"@type":"ListItem","position":1,"name":"Home","item":"https:\/\/www.absglobal.com\/cl\/"},{"@type":"ListItem","position":2,"name":"Bienestar de las Vacas"}]},{"@type":"WebSite","@id":"https:\/\/www.absglobal.com\/cl\/#website","url":"https:\/\/www.absglobal.com\/cl\/","name":"ABS Global Chile","description":"","publisher":{"@id":"https:\/\/www.absglobal.com\/cl\/#organization"},"potentialAction":[{"@type":"SearchAction","target":{"@type":"EntryPoint","urlTemplate":"https:\/\/www.absglobal.com\/cl\/?s={search_term_string}"},"query-input":{"@type":"PropertyValueSpecification","valueRequired":true,"valueName":"search_term_string"}}],"inLanguage":"es-MX"},{"@type":"Organization","@id":"https:\/\/www.absglobal.com\/cl\/#organization","name":"ABS Global Chile","url":"https:\/\/www.absglobal.com\/cl\/","logo":{"@type":"ImageObject","inLanguage":"es-MX","@id":"https:\/\/www.absglobal.com\/cl\/#\/schema\/logo\/image\/","url":"https:\/\/www.absglobal.com\/cl\/wp-content\/uploads\/sites\/15\/2020\/03\/LogoRGB.png","contentUrl":"https:\/\/www.absglobal.com\/cl\/wp-content\/uploads\/sites\/15\/2020\/03\/LogoRGB.png","width":872,"height":1080,"caption":"ABS Global Chile"},"image":{"@id":"https:\/\/www.absglobal.com\/cl\/#\/schema\/logo\/image\/"}}]}},"_links":{"self":[{"href":"https:\/\/www.absglobal.com\/cl\/wp-json\/wp\/v2\/pages\/1800"}],"collection":[{"href":"https:\/\/www.absglobal.com\/cl\/wp-json\/wp\/v2\/pages"}],"about":[{"href":"https:\/\/www.absglobal.com\/cl\/wp-json\/wp\/v2\/types\/page"}],"author":[{"embeddable":true,"href":"https:\/\/www.absglobal.com\/cl\/wp-json\/wp\/v2\/users\/289"}],"replies":[{"embeddable":true,"href":"https:\/\/www.absglobal.com\/cl\/wp-json\/wp\/v2\/comments?post=1800"}],"version-history":[{"count":18,"href":"https:\/\/www.absglobal.com\/cl\/wp-json\/wp\/v2\/pages\/1800\/revisions"}],"predecessor-version":[{"id":4080,"href":"https:\/\/www.absglobal.com\/cl\/wp-json\/wp\/v2\/pages\/1800\/revisions\/4080"}],"wp:attachment":[{"href":"https:\/\/www.absglobal.com\/cl\/wp-json\/wp\/v2\/media?parent=1800"}],"curies":[{"name":"wp","href":"https:\/\/api.w.org\/{rel}","templated":true}]}}