{"id":3026,"date":"2020-03-31T14:07:32","date_gmt":"2020-03-31T19:07:32","guid":{"rendered":"http:\/\/www.absglobal.com\/cl\/?page_id=3026"},"modified":"2025-08-26T10:53:52","modified_gmt":"2025-08-26T15:53:52","slug":"catalogos","status":"publish","type":"page","link":"https:\/\/www.absglobal.com\/cl\/catalogos\/","title":{"rendered":"Cat\u00e1logos"},"content":{"rendered":"\n<h2 class=\"wp-block-heading is-style-underline\" id=\"carne\">Carne<\/h2>\n\n\n\n<div class=\"wp-block-media-text alignwide\" style=\"grid-template-columns:25% auto\"><figure class=\"wp-block-media-text__media\"><img fetchpriority=\"high\" decoding=\"async\" width=\"1083\" height=\"1401\" src=\"https:\/\/www.absglobal.com\/cl\/wp-content\/uploads\/sites\/15\/2025\/08\/Portada-Chile.png?w=792\" alt=\"\" class=\"wp-image-4269 size-full\" srcset=\"https:\/\/www.absglobal.com\/cl\/wp-content\/uploads\/sites\/15\/2025\/08\/Portada-Chile.png 1083w, https:\/\/www.absglobal.com\/cl\/wp-content\/uploads\/sites\/15\/2025\/08\/Portada-Chile.png?resize=232,300 232w, https:\/\/www.absglobal.com\/cl\/wp-content\/uploads\/sites\/15\/2025\/08\/Portada-Chile.png?resize=768,994 768w, https:\/\/www.absglobal.com\/cl\/wp-content\/uploads\/sites\/15\/2025\/08\/Portada-Chile.png?resize=792,1024 792w\" sizes=\"(max-width: 1083px) 100vw, 1083px\" \/><\/figure><div class=\"wp-block-media-text__content\">\n<h3 class=\"wp-block-heading\">Nuevo cat\u00e1logo de Carne<\/h3>\n\n\n\n<p>2025<\/p>\n\n\n\n<div class=\"wp-block-button\"><a class=\"wp-block-button__link wp-element-button\" href=\"https:\/\/ww2.absglobal.com\/es-cl\/catalogo-carne-2025\">Download PDF<\/a><\/div>\n\n\n\n<p><\/p>\n<\/div><\/div>\n\n\n\n<div class=\"wp-block-media-text alignwide\" style=\"grid-template-columns:25% auto\"><figure class=\"wp-block-media-text__media\"><img decoding=\"async\" width=\"906\" height=\"795\" src=\"https:\/\/www.absglobal.com\/cl\/wp-content\/uploads\/sites\/15\/2024\/07\/catalogocarnechile.png\" alt=\"\" class=\"wp-image-3974 size-full\" srcset=\"https:\/\/www.absglobal.com\/cl\/wp-content\/uploads\/sites\/15\/2024\/07\/catalogocarnechile.png 906w, https:\/\/www.absglobal.com\/cl\/wp-content\/uploads\/sites\/15\/2024\/07\/catalogocarnechile.png?resize=300,263 300w, https:\/\/www.absglobal.com\/cl\/wp-content\/uploads\/sites\/15\/2024\/07\/catalogocarnechile.png?resize=768,674 768w\" sizes=\"(max-width: 906px) 100vw, 906px\" \/><\/figure><div class=\"wp-block-media-text__content\">\n<h3 class=\"wp-block-heading\" id=\"h-catalogo-de-carne\">Cat\u00e1logo de Carne<\/h3>\n\n\n\n<p>2024-2025<\/p>\n\n\n\n<div class=\"wp-block-button\"><a class=\"wp-block-button__link wp-element-button\" href=\"https:\/\/share-eu1.hsforms.com\/1KbiPvxv8QfeFk4Gjo2esXAf5urk\">Download PDF<\/a><\/div>\n\n\n\n<p><\/p>\n<\/div><\/div>\n\n\n\n<div style=\"height:100px\" aria-hidden=\"true\" class=\"wp-block-spacer\"><\/div>\n\n\n\n\t<h2 class=\"has-text-align-center is-style-underline wp-block-heading\" id=\"fyr-form\">Encuentre a su representante local<\/h2>\n\n    <div class=\"entry-content\" style=\"margin-top: 10px;\">\n        <iframe id=\"fyrFormIframe\" src=\"https:\/\/intranet-latam.absglobal.com\/api\/fyr\/form?country=CL\" width=\"100%\" style=\"border: none; overflow: hidden;\"><\/iframe>\n    <\/div>\n\n    <script>\n    window.addEventListener(\"message\", function(event) {\n        if (event.origin !== \"https:\/\/intranet-latam.absglobal.com\") return;\n        var iframe = document.getElementById(\"fyrFormIframe\");\n        if (iframe && event.data.height) {\n            var height = event.data.height + 100;\n            iframe.style.height = height + \"px\";\n        }\n    }, false);\n    <\/script>\n\n    \n","protected":false},"excerpt":{"rendered":"<p>Carne<\/p>\n","protected":false},"author":289,"featured_media":0,"parent":0,"menu_order":0,"comment_status":"closed","ping_status":"closed","template":"","meta":{"_acf_changed":false,"content-type":"","footnotes":""},"class_list":["post-3026","page","type-page","status-publish","hentry"],"acf":[],"yoast_head":"<!-- This site is optimized with the Yoast SEO Premium plugin v25.6 (Yoast SEO v25.6) - https:\/\/yoast.com\/wordpress\/plugins\/seo\/ -->\n<title>Cat\u00e1logos - ABS Global Chile<\/title>\n<meta name=\"description\" content=\"Revisa nuestros cat\u00e1logos con los productos que tenemos disponibles, de la mejor gen\u00e9tica de carne y leche del mercado\" \/>\n<meta name=\"robots\" content=\"index, follow, max-snippet:-1, max-image-preview:large, max-video-preview:-1\" \/>\n<link rel=\"canonical\" href=\"https:\/\/www.absglobal.com\/cl\/catalogos\/\" \/>\n<meta property=\"og:locale\" content=\"es_MX\" \/>\n<meta property=\"og:type\" content=\"article\" \/>\n<meta property=\"og:title\" content=\"Cat\u00e1logos\" \/>\n<meta property=\"og:description\" content=\"Revisa nuestros cat\u00e1logos con los productos que tenemos disponibles, de la mejor gen\u00e9tica de carne y leche del mercado\" \/>\n<meta property=\"og:url\" content=\"https:\/\/www.absglobal.com\/cl\/catalogos\/\" \/>\n<meta property=\"og:site_name\" content=\"ABS Global Chile\" \/>\n<meta property=\"article:modified_time\" content=\"2025-08-26T15:53:52+00:00\" \/>\n<meta property=\"og:image\" content=\"https:\/\/www.absglobal.com\/cl\/wp-content\/uploads\/sites\/15\/2025\/08\/Portada-Chile.png\" \/>\n\t<meta property=\"og:image:width\" content=\"1083\" \/>\n\t<meta property=\"og:image:height\" content=\"1401\" \/>\n\t<meta property=\"og:image:type\" content=\"image\/png\" \/>\n<meta name=\"twitter:card\" content=\"summary_large_image\" \/>\n<meta name=\"twitter:label1\" content=\"Est. reading time\" \/>\n\t<meta name=\"twitter:data1\" content=\"1 minuto\" \/>\n<script type=\"application\/ld+json\" class=\"yoast-schema-graph\">{\"@context\":\"https:\/\/schema.org\",\"@graph\":[{\"@type\":\"WebPage\",\"@id\":\"https:\/\/www.absglobal.com\/cl\/catalogos\/\",\"url\":\"https:\/\/www.absglobal.com\/cl\/catalogos\/\",\"name\":\"Cat\u00e1logos - ABS Global Chile\",\"isPartOf\":{\"@id\":\"https:\/\/www.absglobal.com\/cl\/#website\"},\"primaryImageOfPage\":{\"@id\":\"https:\/\/www.absglobal.com\/cl\/catalogos\/#primaryimage\"},\"image\":{\"@id\":\"https:\/\/www.absglobal.com\/cl\/catalogos\/#primaryimage\"},\"thumbnailUrl\":\"https:\/\/www.absglobal.com\/cl\/wp-content\/uploads\/sites\/15\/2025\/08\/Portada-Chile.png?w=792\",\"datePublished\":\"2020-03-31T19:07:32+00:00\",\"dateModified\":\"2025-08-26T15:53:52+00:00\",\"description\":\"Revisa nuestros cat\u00e1logos con los productos que tenemos disponibles, de la mejor gen\u00e9tica de carne y leche del mercado\",\"breadcrumb\":{\"@id\":\"https:\/\/www.absglobal.com\/cl\/catalogos\/#breadcrumb\"},\"inLanguage\":\"es-MX\",\"potentialAction\":[{\"@type\":\"ReadAction\",\"target\":[\"https:\/\/www.absglobal.com\/cl\/catalogos\/\"]}]},{\"@type\":\"ImageObject\",\"inLanguage\":\"es-MX\",\"@id\":\"https:\/\/www.absglobal.com\/cl\/catalogos\/#primaryimage\",\"url\":\"https:\/\/www.absglobal.com\/cl\/wp-content\/uploads\/sites\/15\/2025\/08\/Portada-Chile.png\",\"contentUrl\":\"https:\/\/www.absglobal.com\/cl\/wp-content\/uploads\/sites\/15\/2025\/08\/Portada-Chile.png\",\"width\":1083,\"height\":1401},{\"@type\":\"BreadcrumbList\",\"@id\":\"https:\/\/www.absglobal.com\/cl\/catalogos\/#breadcrumb\",\"itemListElement\":[{\"@type\":\"ListItem\",\"position\":1,\"name\":\"Home\",\"item\":\"https:\/\/www.absglobal.com\/cl\/\"},{\"@type\":\"ListItem\",\"position\":2,\"name\":\"Cat\u00e1logos\"}]},{\"@type\":\"WebSite\",\"@id\":\"https:\/\/www.absglobal.com\/cl\/#website\",\"url\":\"https:\/\/www.absglobal.com\/cl\/\",\"name\":\"ABS Global Chile\",\"description\":\"\",\"publisher\":{\"@id\":\"https:\/\/www.absglobal.com\/cl\/#organization\"},\"potentialAction\":[{\"@type\":\"SearchAction\",\"target\":{\"@type\":\"EntryPoint\",\"urlTemplate\":\"https:\/\/www.absglobal.com\/cl\/?s={search_term_string}\"},\"query-input\":{\"@type\":\"PropertyValueSpecification\",\"valueRequired\":true,\"valueName\":\"search_term_string\"}}],\"inLanguage\":\"es-MX\"},{\"@type\":\"Organization\",\"@id\":\"https:\/\/www.absglobal.com\/cl\/#organization\",\"name\":\"ABS Global Chile\",\"url\":\"https:\/\/www.absglobal.com\/cl\/\",\"logo\":{\"@type\":\"ImageObject\",\"inLanguage\":\"es-MX\",\"@id\":\"https:\/\/www.absglobal.com\/cl\/#\/schema\/logo\/image\/\",\"url\":\"https:\/\/www.absglobal.com\/cl\/wp-content\/uploads\/sites\/15\/2020\/03\/LogoRGB.png\",\"contentUrl\":\"https:\/\/www.absglobal.com\/cl\/wp-content\/uploads\/sites\/15\/2020\/03\/LogoRGB.png\",\"width\":872,\"height\":1080,\"caption\":\"ABS Global Chile\"},\"image\":{\"@id\":\"https:\/\/www.absglobal.com\/cl\/#\/schema\/logo\/image\/\"}}]}<\/script>\n<!-- \/ Yoast SEO Premium plugin. -->","yoast_head_json":{"title":"Cat\u00e1logos - ABS Global Chile","description":"Revisa nuestros cat\u00e1logos con los productos que tenemos disponibles, de la mejor gen\u00e9tica de carne y leche del mercado","robots":{"index":"index","follow":"follow","max-snippet":"max-snippet:-1","max-image-preview":"max-image-preview:large","max-video-preview":"max-video-preview:-1"},"canonical":"https:\/\/www.absglobal.com\/cl\/catalogos\/","og_locale":"es_MX","og_type":"article","og_title":"Cat\u00e1logos","og_description":"Revisa nuestros cat\u00e1logos con los productos que tenemos disponibles, de la mejor gen\u00e9tica de carne y leche del mercado","og_url":"https:\/\/www.absglobal.com\/cl\/catalogos\/","og_site_name":"ABS Global Chile","article_modified_time":"2025-08-26T15:53:52+00:00","og_image":[{"width":1083,"height":1401,"url":"https:\/\/www.absglobal.com\/cl\/wp-content\/uploads\/sites\/15\/2025\/08\/Portada-Chile.png","type":"image\/png"}],"twitter_card":"summary_large_image","twitter_misc":{"Est. reading time":"1 minuto"},"schema":{"@context":"https:\/\/schema.org","@graph":[{"@type":"WebPage","@id":"https:\/\/www.absglobal.com\/cl\/catalogos\/","url":"https:\/\/www.absglobal.com\/cl\/catalogos\/","name":"Cat\u00e1logos - ABS Global Chile","isPartOf":{"@id":"https:\/\/www.absglobal.com\/cl\/#website"},"primaryImageOfPage":{"@id":"https:\/\/www.absglobal.com\/cl\/catalogos\/#primaryimage"},"image":{"@id":"https:\/\/www.absglobal.com\/cl\/catalogos\/#primaryimage"},"thumbnailUrl":"https:\/\/www.absglobal.com\/cl\/wp-content\/uploads\/sites\/15\/2025\/08\/Portada-Chile.png?w=792","datePublished":"2020-03-31T19:07:32+00:00","dateModified":"2025-08-26T15:53:52+00:00","description":"Revisa nuestros cat\u00e1logos con los productos que tenemos disponibles, de la mejor gen\u00e9tica de carne y leche del mercado","breadcrumb":{"@id":"https:\/\/www.absglobal.com\/cl\/catalogos\/#breadcrumb"},"inLanguage":"es-MX","potentialAction":[{"@type":"ReadAction","target":["https:\/\/www.absglobal.com\/cl\/catalogos\/"]}]},{"@type":"ImageObject","inLanguage":"es-MX","@id":"https:\/\/www.absglobal.com\/cl\/catalogos\/#primaryimage","url":"https:\/\/www.absglobal.com\/cl\/wp-content\/uploads\/sites\/15\/2025\/08\/Portada-Chile.png","contentUrl":"https:\/\/www.absglobal.com\/cl\/wp-content\/uploads\/sites\/15\/2025\/08\/Portada-Chile.png","width":1083,"height":1401},{"@type":"BreadcrumbList","@id":"https:\/\/www.absglobal.com\/cl\/catalogos\/#breadcrumb","itemListElement":[{"@type":"ListItem","position":1,"name":"Home","item":"https:\/\/www.absglobal.com\/cl\/"},{"@type":"ListItem","position":2,"name":"Cat\u00e1logos"}]},{"@type":"WebSite","@id":"https:\/\/www.absglobal.com\/cl\/#website","url":"https:\/\/www.absglobal.com\/cl\/","name":"ABS Global Chile","description":"","publisher":{"@id":"https:\/\/www.absglobal.com\/cl\/#organization"},"potentialAction":[{"@type":"SearchAction","target":{"@type":"EntryPoint","urlTemplate":"https:\/\/www.absglobal.com\/cl\/?s={search_term_string}"},"query-input":{"@type":"PropertyValueSpecification","valueRequired":true,"valueName":"search_term_string"}}],"inLanguage":"es-MX"},{"@type":"Organization","@id":"https:\/\/www.absglobal.com\/cl\/#organization","name":"ABS Global Chile","url":"https:\/\/www.absglobal.com\/cl\/","logo":{"@type":"ImageObject","inLanguage":"es-MX","@id":"https:\/\/www.absglobal.com\/cl\/#\/schema\/logo\/image\/","url":"https:\/\/www.absglobal.com\/cl\/wp-content\/uploads\/sites\/15\/2020\/03\/LogoRGB.png","contentUrl":"https:\/\/www.absglobal.com\/cl\/wp-content\/uploads\/sites\/15\/2020\/03\/LogoRGB.png","width":872,"height":1080,"caption":"ABS Global Chile"},"image":{"@id":"https:\/\/www.absglobal.com\/cl\/#\/schema\/logo\/image\/"}}]}},"_links":{"self":[{"href":"https:\/\/www.absglobal.com\/cl\/wp-json\/wp\/v2\/pages\/3026"}],"collection":[{"href":"https:\/\/www.absglobal.com\/cl\/wp-json\/wp\/v2\/pages"}],"about":[{"href":"https:\/\/www.absglobal.com\/cl\/wp-json\/wp\/v2\/types\/page"}],"author":[{"embeddable":true,"href":"https:\/\/www.absglobal.com\/cl\/wp-json\/wp\/v2\/users\/289"}],"replies":[{"embeddable":true,"href":"https:\/\/www.absglobal.com\/cl\/wp-json\/wp\/v2\/comments?post=3026"}],"version-history":[{"count":15,"href":"https:\/\/www.absglobal.com\/cl\/wp-json\/wp\/v2\/pages\/3026\/revisions"}],"predecessor-version":[{"id":4271,"href":"https:\/\/www.absglobal.com\/cl\/wp-json\/wp\/v2\/pages\/3026\/revisions\/4271"}],"wp:attachment":[{"href":"https:\/\/www.absglobal.com\/cl\/wp-json\/wp\/v2\/media?parent=3026"}],"curies":[{"name":"wp","href":"https:\/\/api.w.org\/{rel}","templated":true}]}}