{"id":3882,"date":"2023-12-05T13:01:51","date_gmt":"2023-12-05T18:01:51","guid":{"rendered":"https:\/\/www.absglobal.com\/cl\/?page_id=3882"},"modified":"2023-12-05T13:04:28","modified_gmt":"2023-12-05T18:04:28","slug":"color-pelo-beef-infocus","status":"publish","type":"page","link":"https:\/\/www.absglobal.com\/cl\/color-pelo-beef-infocus\/","title":{"rendered":"Color del pelo: conc\u00e9ntrese en lo que hay debajo de la piel"},"content":{"rendered":"\n<p>Imag\u00ednese que est\u00e1 en la secci\u00f3n de carnes del supermercado. Ahora, dir\u00edjase a la secci\u00f3n de carne de bovino. \u00bfQu\u00e9 ve? A primera vista, puede que vea una sabrosa carne que se llevar\u00e1 a casa para asar. Sin embargo, si se fija bien, es posible que las etiquetas de la carne &#8220;Angus&#8221; describan propiedades de mayor calidad en el producto.<\/p>\n\n\n\n<p class=\"is-style-lead\">La raza Angus ha arrasado en el sector de la carne de bovino al conseguir que los consumidores asocien el ganado de pelo negro con: \u00a1\u00a1\u00a1La mejor carne de Bovino!!! su raza tiene fama de sobresalir en caracter\u00edsticas de la canal como el marmoreo y el \u00e1rea del ojo del lomo. De hecho, el ganado Angus es conocido por su potencial para producir carne de bovino sabrosa y de alta calidad.&nbsp; Sin embargo, los comerciantes le siguen dando mayor importancia y valor a los animales blancos a pesar de los bajos resultados demostrables en rendimiento y calidad de canal.<\/p>\n\n\n\n<blockquote class=\"wp-block-quote is-layout-flow wp-block-quote-is-layout-flow\"><p><em>Pero el secreto de una carne sabrosa no es el color del pelo del ganado, sino su composici\u00f3n gen\u00e9tic<\/em>a.<\/p><\/blockquote>\n\n\n\n<figure class=\"wp-block-image size-full\"><img fetchpriority=\"high\" decoding=\"async\" width=\"991\" height=\"253\" src=\"https:\/\/www.absglobal.com\/cl\/wp-content\/uploads\/sites\/15\/2023\/12\/MicrosoftTeams-image-214.jpg\" alt=\"Color del pelo no afecta en la carne que produce el animal\" class=\"wp-image-3883\" srcset=\"https:\/\/www.absglobal.com\/cl\/wp-content\/uploads\/sites\/15\/2023\/12\/MicrosoftTeams-image-214.jpg 991w, https:\/\/www.absglobal.com\/cl\/wp-content\/uploads\/sites\/15\/2023\/12\/MicrosoftTeams-image-214.jpg?resize=300,77 300w, https:\/\/www.absglobal.com\/cl\/wp-content\/uploads\/sites\/15\/2023\/12\/MicrosoftTeams-image-214.jpg?resize=768,196 768w\" sizes=\"(max-width: 991px) 100vw, 991px\" \/><\/figure>\n\n\n\n<p>Ah\u00ed es donde empieza nuestra conversaci\u00f3n de hoy. No es un tema nuevo el escuchar hablar de becerros cruzados de razas de carne x razas lecheras que entran en la cadena de suministro de carne de bovino. Hoy en d\u00eda consumimos m\u00e1s animales lecheros cruzados con razas de carne que nunca, a medida que los sistemas de producci\u00f3n de leche implementan estrategias gen\u00e9ticas usando semen sexado y de toros de producci\u00f3n de carne.<\/p>\n\n\n\n<p>Como empresa l\u00edder en gen\u00e9tica, ABS Global escucha las preocupaciones sobre las manchas de color en el pelo que ocasionalmente se encuentran en el ganado cruzado de carne. Con los comentarios y diferenciaci\u00f3n en precio que los comerciantes pueden argumentar por esos diferentes colores, y lo entendemos a pesar de que esas preocupaciones no son v\u00e1lidas. Perm\u00edtanos ayudarle a entender el color del pelo.<\/p>\n\n\n\n<h2 class=\"wp-block-heading\" id=\"h-qu-determina-el-color-del-pelo\"><strong>\u00bfQu\u00e9 determina el color del pelo?<\/strong><\/h2>\n\n\n\n<p>La respuesta es la gen\u00e9tica. Cuando se comprueba que el ganado es homocigoto negro, la prueba se basa en el gen responsable del color rojo del pelo. El blanco no se tiene en cuenta. Tambi\u00e9n hay otros genes responsables de diluir ese color base, a veces haciendo que el ganado sea gris, a\u00f1adiendo barcino o manchas.<\/p>\n\n\n\n<p>En las razas de vacuno comunes en EE. UU., hay al menos siete genes asociados a la herencia del color (y probablemente otros que tambi\u00e9n desempe\u00f1an un papel) y cada gen ejerce efectos variables sobre el color del ganado. El color de la capa de pelo del ganado no es tan f\u00e1cil de determinar en el ADN como podr\u00eda pensarse.<\/p>\n\n\n<div class=\"wp-block-image\">\n<figure class=\"alignright size-full is-resized\"><img decoding=\"async\" src=\"https:\/\/www.absglobal.com\/cl\/wp-content\/uploads\/sites\/15\/2023\/12\/articulo2.webp\" alt=\"\" class=\"wp-image-3884\" width=\"-355\" height=\"-236\" srcset=\"https:\/\/www.absglobal.com\/cl\/wp-content\/uploads\/sites\/15\/2023\/12\/articulo2.webp 1024w, https:\/\/www.absglobal.com\/cl\/wp-content\/uploads\/sites\/15\/2023\/12\/articulo2.webp?resize=300,200 300w, https:\/\/www.absglobal.com\/cl\/wp-content\/uploads\/sites\/15\/2023\/12\/articulo2.webp?resize=768,512 768w\" sizes=\"(max-width: 1024px) 100vw, 1024px\" \/><\/figure><\/div>\n\n\n<p>El color del pelo tambi\u00e9n est\u00e1 relacionado con el material gen\u00e9tico que se transmite de padres a hijos. <strong>A menudo olvidamos que el padre aporta el 50% de la composici\u00f3n gen\u00e9tica de un ternero, mientras que la madre aporta el otro 50%.<\/strong> La composici\u00f3n gen\u00e9tica de la madre Holstein desempe\u00f1a un papel importante en la aparici\u00f3n ocasional de manchas blancas y negras en los terneros cruzados.<\/p>\n\n\n\n<h2 class=\"wp-block-heading\" id=\"h-influye-el-color-del-pelaje-en-los-beneficios-de-la-cadena-de-suministro\"><strong>\u00bfInfluye el color del pelaje en los beneficios de la cadena de suministro?\u00a0<\/strong><\/h2>\n\n\n\n<p>La respuesta simple es que las manchas o diferentes colores de pelo pueden ser un motor econ\u00f3mico para quienes venden terneros de un d\u00eda o para los criadores de terneros que venden animales para la ceba. Entendemos que los compradores de terneros utilizan el color del pelo para evitar que la gen\u00e9tica Holstein de pura raza entre en la cadena de suministro de carne de vacuno.<strong> <\/strong><\/p>\n\n\n\n<p><strong>El color del pelaje se ha utilizado hist\u00f3ricamente como un indicador para identificar el m\u00e9rito gen\u00e9tico del animal porque es f\u00e1cil de observar, a diferencia del marmoreo u otras caracter\u00edsticas de calidad de la carne. <\/strong>Esto significa que los productores de ganado est\u00e1n sujetos a descuentos por comercializar animales de coleres diferentes al blanco, pero el verdadero valor de la canal producida se basa en su gen\u00e9tica.&nbsp;<\/p>\n\n\n\n<p>Si volvemos a nuestro escenario del caso de la carne, un consumidor nunca ve el color de la capa de pelo del animal beneficiado. El color del pelo no es un factor determinante para que el consumidor compre o no la carne. Lo que s\u00ed lo es, es la carne roja de alta calidad. La carne roja que ven en el empaque les motiva, y la realidad es que todos los animales cosechados en la cadena de suministro de carne de bovino tienen el mismo color bajo la piel. La gen\u00e9tica del animal determina la calidad de la canal que producir\u00e1.<\/p>\n\n\n\n<blockquote class=\"wp-block-quote is-layout-flow wp-block-quote-is-layout-flow\"><p><em>El color de la capa de pelo no debe ser su \u00fanica consideraci\u00f3n a la hora de producir o adquirir terneros cruzados de carne.<\/em><\/p><\/blockquote>\n\n\n\n<p>Sabemos que no todos los terneros cruzados de bovino son iguales. Aunque el deseo de tener ganado de ciertos colores (blanco, rojo) es evidente, el ganado negro y manchado puede producir canales de igual calidad o hasta superior. Su selecci\u00f3n debe ir m\u00e1s all\u00e1 del l\u00edmite del color del pelo y centrarse en la calidad gen\u00e9tica que decidi\u00f3 desplegar.<\/p>\n\n\n\n<p>[Conoce m\u00e1s sobre nuestra <a href=\"https:\/\/www.absglobal.com\/cl\/client_tag\/sexcel\/\">gen\u00e9tica sexada Sexcel<\/a> ]<\/p>\n\n\n\n<p>Como productor lechero, saber lo que hay debajo del pelo de sus terneros cruzados es mucho m\u00e1s importante que el color. Conf\u00ede en el escudo ABS para obtener la gen\u00e9tica de bovino adecuada para SU sistema de producci\u00f3n de leche. Conf\u00ede en el valor de los terneros cruzados de bovino que crea con nuestro programa <a href=\"https:\/\/www.absglobal.com\/cl\/services\/beef-infocus\/\">Beef InFocus<\/a>, el \u00fanico programa creado con un dise\u00f1o pensando en la rentabilidad de SU cadena de suministro de bovino de leche y carne.<\/p>\n\n\n\n<p><strong>\u00a1Inscr\u00edbase para saber m\u00e1s sobre Beef InFocus!<\/strong><\/p>\n\n\n\n<div class=\"wp-block-leadin-hubspot-form-block\">\n\t\t\t\t\t\t<script>\n\t\t\t\t\t\t\twindow.hsFormsOnReady = window.hsFormsOnReady || [];\n\t\t\t\t\t\t\twindow.hsFormsOnReady.push(()=>{\n\t\t\t\t\t\t\t\thbspt.forms.create({\n\t\t\t\t\t\t\t\t\tportalId: 25467392,\n\t\t\t\t\t\t\t\t\tformId: \"0e377fbe-16f1-4fb2-b88d-fca8bf8b443a\",\n\t\t\t\t\t\t\t\t\ttarget: \"#hbspt-form-1775455668000-4690531771\",\n\t\t\t\t\t\t\t\t\tregion: \"eu1\",\n\t\t\t\t\t\t\t\t\t\n\t\t\t\t\t\t\t})});\n\t\t\t\t\t\t<\/script>\n\t\t\t\t\t\t<div class=\"hbspt-form\" id=\"hbspt-form-1775455668000-4690531771\"><\/div><\/div>\n","protected":false},"excerpt":{"rendered":"<p>Imag\u00ednese que est\u00e1 en la secci\u00f3n de carnes del supermercado. Ahora, dir\u00edjase a la secci\u00f3n de carne de bovino. \u00bfQu\u00e9 ve? A primera vista, puede que vea una sabrosa carne que se llevar\u00e1 a casa para asar. Sin embargo, si se fija bien, es posible que las etiquetas de la carne &#8220;Angus&#8221; describan propiedades de [&hellip;]<\/p>\n","protected":false},"author":9982,"featured_media":3885,"parent":0,"menu_order":0,"comment_status":"closed","ping_status":"closed","template":"","meta":{"_acf_changed":false,"content-type":"","footnotes":""},"class_list":["post-3882","page","type-page","status-publish","has-post-thumbnail","hentry"],"acf":[],"yoast_head":"<!-- This site is optimized with the Yoast SEO Premium plugin v25.6 (Yoast SEO v25.6) - https:\/\/yoast.com\/wordpress\/plugins\/seo\/ -->\n<title>Color del pelo: conc\u00e9ntrese en lo que hay debajo de la piel - ABS Global Chile<\/title>\n<meta name=\"description\" content=\"El color del pelo no afecta el valor de la carne que produce un animal. Perm\u00edtanos ayudarle a entender el color del pelaje.\" \/>\n<meta name=\"robots\" content=\"index, follow, max-snippet:-1, max-image-preview:large, max-video-preview:-1\" \/>\n<link rel=\"canonical\" href=\"https:\/\/www.absglobal.com\/cl\/color-pelo-beef-infocus\/\" \/>\n<meta property=\"og:locale\" content=\"es_MX\" \/>\n<meta property=\"og:type\" content=\"article\" \/>\n<meta property=\"og:title\" content=\"Color del pelo: conc\u00e9ntrese en lo que hay debajo de la piel\" \/>\n<meta property=\"og:description\" content=\"El color del pelo no afecta el valor de la carne que produce un animal. Perm\u00edtanos ayudarle a entender el color del pelaje.\" \/>\n<meta property=\"og:url\" content=\"https:\/\/www.absglobal.com\/cl\/color-pelo-beef-infocus\/\" \/>\n<meta property=\"og:site_name\" content=\"ABS Global Chile\" \/>\n<meta property=\"article:modified_time\" content=\"2023-12-05T18:04:28+00:00\" \/>\n<meta property=\"og:image\" content=\"https:\/\/www.absglobal.com\/cl\/wp-content\/uploads\/sites\/15\/2023\/12\/articulo1.webp\" \/>\n\t<meta property=\"og:image:width\" content=\"1071\" \/>\n\t<meta property=\"og:image:height\" content=\"495\" \/>\n\t<meta property=\"og:image:type\" content=\"image\/webp\" \/>\n<meta name=\"twitter:card\" content=\"summary_large_image\" \/>\n<meta name=\"twitter:label1\" content=\"Est. reading time\" \/>\n\t<meta name=\"twitter:data1\" content=\"5 minutos\" \/>\n<script type=\"application\/ld+json\" class=\"yoast-schema-graph\">{\"@context\":\"https:\/\/schema.org\",\"@graph\":[{\"@type\":\"WebPage\",\"@id\":\"https:\/\/www.absglobal.com\/cl\/color-pelo-beef-infocus\/\",\"url\":\"https:\/\/www.absglobal.com\/cl\/color-pelo-beef-infocus\/\",\"name\":\"Color del pelo: conc\u00e9ntrese en lo que hay debajo de la piel - ABS Global Chile\",\"isPartOf\":{\"@id\":\"https:\/\/www.absglobal.com\/cl\/#website\"},\"primaryImageOfPage\":{\"@id\":\"https:\/\/www.absglobal.com\/cl\/color-pelo-beef-infocus\/#primaryimage\"},\"image\":{\"@id\":\"https:\/\/www.absglobal.com\/cl\/color-pelo-beef-infocus\/#primaryimage\"},\"thumbnailUrl\":\"https:\/\/www.absglobal.com\/cl\/wp-content\/uploads\/sites\/15\/2023\/12\/articulo1.webp\",\"datePublished\":\"2023-12-05T18:01:51+00:00\",\"dateModified\":\"2023-12-05T18:04:28+00:00\",\"description\":\"El color del pelo no afecta el valor de la carne que produce un animal. Perm\u00edtanos ayudarle a entender el color del pelaje.\",\"breadcrumb\":{\"@id\":\"https:\/\/www.absglobal.com\/cl\/color-pelo-beef-infocus\/#breadcrumb\"},\"inLanguage\":\"es-MX\",\"potentialAction\":[{\"@type\":\"ReadAction\",\"target\":[\"https:\/\/www.absglobal.com\/cl\/color-pelo-beef-infocus\/\"]}]},{\"@type\":\"ImageObject\",\"inLanguage\":\"es-MX\",\"@id\":\"https:\/\/www.absglobal.com\/cl\/color-pelo-beef-infocus\/#primaryimage\",\"url\":\"https:\/\/www.absglobal.com\/cl\/wp-content\/uploads\/sites\/15\/2023\/12\/articulo1.webp\",\"contentUrl\":\"https:\/\/www.absglobal.com\/cl\/wp-content\/uploads\/sites\/15\/2023\/12\/articulo1.webp\",\"width\":1071,\"height\":495},{\"@type\":\"BreadcrumbList\",\"@id\":\"https:\/\/www.absglobal.com\/cl\/color-pelo-beef-infocus\/#breadcrumb\",\"itemListElement\":[{\"@type\":\"ListItem\",\"position\":1,\"name\":\"Home\",\"item\":\"https:\/\/www.absglobal.com\/cl\/\"},{\"@type\":\"ListItem\",\"position\":2,\"name\":\"Color del pelo: conc\u00e9ntrese en lo que hay debajo de la piel\"}]},{\"@type\":\"WebSite\",\"@id\":\"https:\/\/www.absglobal.com\/cl\/#website\",\"url\":\"https:\/\/www.absglobal.com\/cl\/\",\"name\":\"ABS Global Chile\",\"description\":\"\",\"publisher\":{\"@id\":\"https:\/\/www.absglobal.com\/cl\/#organization\"},\"potentialAction\":[{\"@type\":\"SearchAction\",\"target\":{\"@type\":\"EntryPoint\",\"urlTemplate\":\"https:\/\/www.absglobal.com\/cl\/?s={search_term_string}\"},\"query-input\":{\"@type\":\"PropertyValueSpecification\",\"valueRequired\":true,\"valueName\":\"search_term_string\"}}],\"inLanguage\":\"es-MX\"},{\"@type\":\"Organization\",\"@id\":\"https:\/\/www.absglobal.com\/cl\/#organization\",\"name\":\"ABS Global Chile\",\"url\":\"https:\/\/www.absglobal.com\/cl\/\",\"logo\":{\"@type\":\"ImageObject\",\"inLanguage\":\"es-MX\",\"@id\":\"https:\/\/www.absglobal.com\/cl\/#\/schema\/logo\/image\/\",\"url\":\"https:\/\/www.absglobal.com\/cl\/wp-content\/uploads\/sites\/15\/2020\/03\/LogoRGB.png\",\"contentUrl\":\"https:\/\/www.absglobal.com\/cl\/wp-content\/uploads\/sites\/15\/2020\/03\/LogoRGB.png\",\"width\":872,\"height\":1080,\"caption\":\"ABS Global Chile\"},\"image\":{\"@id\":\"https:\/\/www.absglobal.com\/cl\/#\/schema\/logo\/image\/\"}}]}<\/script>\n<!-- \/ Yoast SEO Premium plugin. -->","yoast_head_json":{"title":"Color del pelo: conc\u00e9ntrese en lo que hay debajo de la piel - ABS Global Chile","description":"El color del pelo no afecta el valor de la carne que produce un animal. Perm\u00edtanos ayudarle a entender el color del pelaje.","robots":{"index":"index","follow":"follow","max-snippet":"max-snippet:-1","max-image-preview":"max-image-preview:large","max-video-preview":"max-video-preview:-1"},"canonical":"https:\/\/www.absglobal.com\/cl\/color-pelo-beef-infocus\/","og_locale":"es_MX","og_type":"article","og_title":"Color del pelo: conc\u00e9ntrese en lo que hay debajo de la piel","og_description":"El color del pelo no afecta el valor de la carne que produce un animal. Perm\u00edtanos ayudarle a entender el color del pelaje.","og_url":"https:\/\/www.absglobal.com\/cl\/color-pelo-beef-infocus\/","og_site_name":"ABS Global Chile","article_modified_time":"2023-12-05T18:04:28+00:00","og_image":[{"width":1071,"height":495,"url":"https:\/\/www.absglobal.com\/cl\/wp-content\/uploads\/sites\/15\/2023\/12\/articulo1.webp","type":"image\/webp"}],"twitter_card":"summary_large_image","twitter_misc":{"Est. reading time":"5 minutos"},"schema":{"@context":"https:\/\/schema.org","@graph":[{"@type":"WebPage","@id":"https:\/\/www.absglobal.com\/cl\/color-pelo-beef-infocus\/","url":"https:\/\/www.absglobal.com\/cl\/color-pelo-beef-infocus\/","name":"Color del pelo: conc\u00e9ntrese en lo que hay debajo de la piel - ABS Global Chile","isPartOf":{"@id":"https:\/\/www.absglobal.com\/cl\/#website"},"primaryImageOfPage":{"@id":"https:\/\/www.absglobal.com\/cl\/color-pelo-beef-infocus\/#primaryimage"},"image":{"@id":"https:\/\/www.absglobal.com\/cl\/color-pelo-beef-infocus\/#primaryimage"},"thumbnailUrl":"https:\/\/www.absglobal.com\/cl\/wp-content\/uploads\/sites\/15\/2023\/12\/articulo1.webp","datePublished":"2023-12-05T18:01:51+00:00","dateModified":"2023-12-05T18:04:28+00:00","description":"El color del pelo no afecta el valor de la carne que produce un animal. Perm\u00edtanos ayudarle a entender el color del pelaje.","breadcrumb":{"@id":"https:\/\/www.absglobal.com\/cl\/color-pelo-beef-infocus\/#breadcrumb"},"inLanguage":"es-MX","potentialAction":[{"@type":"ReadAction","target":["https:\/\/www.absglobal.com\/cl\/color-pelo-beef-infocus\/"]}]},{"@type":"ImageObject","inLanguage":"es-MX","@id":"https:\/\/www.absglobal.com\/cl\/color-pelo-beef-infocus\/#primaryimage","url":"https:\/\/www.absglobal.com\/cl\/wp-content\/uploads\/sites\/15\/2023\/12\/articulo1.webp","contentUrl":"https:\/\/www.absglobal.com\/cl\/wp-content\/uploads\/sites\/15\/2023\/12\/articulo1.webp","width":1071,"height":495},{"@type":"BreadcrumbList","@id":"https:\/\/www.absglobal.com\/cl\/color-pelo-beef-infocus\/#breadcrumb","itemListElement":[{"@type":"ListItem","position":1,"name":"Home","item":"https:\/\/www.absglobal.com\/cl\/"},{"@type":"ListItem","position":2,"name":"Color del pelo: conc\u00e9ntrese en lo que hay debajo de la piel"}]},{"@type":"WebSite","@id":"https:\/\/www.absglobal.com\/cl\/#website","url":"https:\/\/www.absglobal.com\/cl\/","name":"ABS Global Chile","description":"","publisher":{"@id":"https:\/\/www.absglobal.com\/cl\/#organization"},"potentialAction":[{"@type":"SearchAction","target":{"@type":"EntryPoint","urlTemplate":"https:\/\/www.absglobal.com\/cl\/?s={search_term_string}"},"query-input":{"@type":"PropertyValueSpecification","valueRequired":true,"valueName":"search_term_string"}}],"inLanguage":"es-MX"},{"@type":"Organization","@id":"https:\/\/www.absglobal.com\/cl\/#organization","name":"ABS Global Chile","url":"https:\/\/www.absglobal.com\/cl\/","logo":{"@type":"ImageObject","inLanguage":"es-MX","@id":"https:\/\/www.absglobal.com\/cl\/#\/schema\/logo\/image\/","url":"https:\/\/www.absglobal.com\/cl\/wp-content\/uploads\/sites\/15\/2020\/03\/LogoRGB.png","contentUrl":"https:\/\/www.absglobal.com\/cl\/wp-content\/uploads\/sites\/15\/2020\/03\/LogoRGB.png","width":872,"height":1080,"caption":"ABS Global Chile"},"image":{"@id":"https:\/\/www.absglobal.com\/cl\/#\/schema\/logo\/image\/"}}]}},"_links":{"self":[{"href":"https:\/\/www.absglobal.com\/cl\/wp-json\/wp\/v2\/pages\/3882"}],"collection":[{"href":"https:\/\/www.absglobal.com\/cl\/wp-json\/wp\/v2\/pages"}],"about":[{"href":"https:\/\/www.absglobal.com\/cl\/wp-json\/wp\/v2\/types\/page"}],"author":[{"embeddable":true,"href":"https:\/\/www.absglobal.com\/cl\/wp-json\/wp\/v2\/users\/9982"}],"replies":[{"embeddable":true,"href":"https:\/\/www.absglobal.com\/cl\/wp-json\/wp\/v2\/comments?post=3882"}],"version-history":[{"count":2,"href":"https:\/\/www.absglobal.com\/cl\/wp-json\/wp\/v2\/pages\/3882\/revisions"}],"predecessor-version":[{"id":3888,"href":"https:\/\/www.absglobal.com\/cl\/wp-json\/wp\/v2\/pages\/3882\/revisions\/3888"}],"wp:featuredmedia":[{"embeddable":true,"href":"https:\/\/www.absglobal.com\/cl\/wp-json\/wp\/v2\/media\/3885"}],"wp:attachment":[{"href":"https:\/\/www.absglobal.com\/cl\/wp-json\/wp\/v2\/media?parent=3882"}],"curies":[{"name":"wp","href":"https:\/\/api.w.org\/{rel}","templated":true}]}}