{"id":4406,"date":"2025-11-28T12:28:59","date_gmt":"2025-11-28T17:28:59","guid":{"rendered":"https:\/\/www.absglobal.com\/cl\/?page_id=4406"},"modified":"2025-11-28T12:29:03","modified_gmt":"2025-11-28T17:29:03","slug":"alianza-abs-solnua-genetica-de-irlanda","status":"publish","type":"page","link":"https:\/\/www.absglobal.com\/cl\/alianza-abs-solnua-genetica-de-irlanda\/","title":{"rendered":"Alianza ABS &amp; SOLNUA: Gen\u00e9tica de Irlanda para la lecher\u00eda pastoril de Chile"},"content":{"rendered":"\n<p>En 2024 iniciamos la distribuci\u00f3n de <em>Ireland Genetics<\/em>, marca que recientemente evolucion\u00f3 a <strong>Solnua<\/strong>, un consorcio que re\u00fane a las principales empresas gen\u00e9ticas de Irlanda con el objetivo de exportar al mundo la mejor gen\u00e9tica desarrollada en su pa\u00eds. Para ABS es un orgullo representar esta alianza en Chile y poner a disposici\u00f3n de nuestros productores un programa s\u00f3lido, confiable y orientado al rendimiento real en sistemas pastoriles.<\/p>\n\n\n\n<p><strong>\u00bfQu\u00e9 gen\u00e9tica irlandesa traemos a Chile?<\/strong><\/p>\n\n\n\n<p>Solnua ofrece gen\u00e9tica probada para <strong>leche<\/strong>, y <strong>carne en leche<\/strong> dise\u00f1ada para maximizar fertilidad, eficiencia y sostenibilidad. Nuestra importaci\u00f3n se centra en toros <strong>Holstein irlandeses especialmente seleccionados para sistemas de pastoreo<\/strong>, con un fuerte \u00e9nfasis en productividad y manejo eficiente.<\/p>\n\n\n\n<p><strong>Segmentos productivos: una gen\u00e9tica dise\u00f1ada para cada sistema<\/strong><\/p>\n\n\n\n<p>El sistema irland\u00e9s clasifica a los animales en <strong>segmentos del 1 al 4<\/strong>, seg\u00fan sus niveles de producci\u00f3n y necesidades de suplementaci\u00f3n.<br>En ABS Chile trabajamos con los <strong>segmentos 2 y 3<\/strong>, que corresponden a animales con:<\/p>\n\n\n\n<ul class=\"wp-block-list\">\n<li>Mayor producci\u00f3n de leche<\/li>\n\n\n\n<li>Requerimientos moderados de suplementaci\u00f3n<\/li>\n\n\n\n<li>Excelente adaptaci\u00f3n a sistemas pastoriles intensivos<\/li>\n<\/ul>\n\n\n\n<p>Estos segmentos son altamente demandados en el sur de Chile, donde el ambiente y el modelo productivo son muy similares a los sistemas irlandeses, logrando una excelente adaptaci\u00f3n y resultados consistentes.<\/p>\n\n\n\n<p><strong>\u00bfPor qu\u00e9 Solnua?<\/strong><\/p>\n\n\n\n<ul class=\"wp-block-list\">\n<li>Conforma <strong>el mayor programa de cr\u00eda de ganado de Irlanda<\/strong><\/li>\n\n\n\n<li>Integra la <strong>organizaci\u00f3n gen\u00e9tica m\u00e1s grande y confiable del pa\u00eds<\/strong><\/li>\n\n\n\n<li>Entrega gen\u00e9tica robusta, evaluada en condiciones reales y exigentes<\/li>\n\n\n\n<li>Ofrece toros seleccionados por <strong>fertilidad, eficiencia y rendimiento sostenible<\/strong><\/li>\n<\/ul>\n\n\n\n<p>La alianza ABS \u2013 Solnua refuerza nuestro compromiso con entregar gen\u00e9tica internacional de excelencia, dise\u00f1ada para impulsar la productividad del campo chileno desde la ciencia y la confiabilidad.<\/p>\n\n\n\n<p><strong>Para revisar el catalogo de SOLNUA debes hacer clic en el siguiente enlace:<\/strong><a href=\"https:\/\/solnua.com\/dairy-search\/\"> <\/a><\/p>\n\n\n\n<div class=\"wp-block-buttons is-content-justification-center is-layout-flex wp-container-core-buttons-is-layout-1 wp-block-buttons-is-layout-flex\">\n<div class=\"wp-block-button\"><a class=\"wp-block-button__link wp-element-button\" href=\"https:\/\/solnua.com\/dairy-search\/\">Cat\u00e1logo SOLNUA<\/a><\/div>\n<\/div>\n\n\n\n<div style=\"height:68px\" aria-hidden=\"true\" class=\"wp-block-spacer\"><\/div>\n\n\n\n\t<h2 class=\"has-text-align-center is-style-underline wp-block-heading\" id=\"fyr-form\">Encuentre a su representante local<\/h2>\n\n    <div class=\"entry-content\" style=\"margin-top: 10px;\">\n        <iframe id=\"fyrFormIframe\" src=\"https:\/\/intranet-latam.absglobal.com\/api\/fyr\/form?country=CL\" width=\"100%\" style=\"border: none; overflow: hidden;\"><\/iframe>\n    <\/div>\n\n    <script>\n    window.addEventListener(\"message\", function(event) {\n        if (event.origin !== \"https:\/\/intranet-latam.absglobal.com\") return;\n        var iframe = document.getElementById(\"fyrFormIframe\");\n        if (iframe && event.data.height) {\n            var height = event.data.height + 100;\n            iframe.style.height = height + \"px\";\n        }\n    }, false);\n    <\/script>\n\n    \n","protected":false},"excerpt":{"rendered":"<p>En 2024 iniciamos la distribuci\u00f3n de Ireland Genetics, marca que recientemente evolucion\u00f3 a Solnua, un consorcio que re\u00fane a las principales empresas gen\u00e9ticas de Irlanda con el objetivo de exportar al mundo la mejor gen\u00e9tica desarrollada en su pa\u00eds. Para ABS es un orgullo representar esta alianza en Chile y poner a disposici\u00f3n de nuestros [&hellip;]<\/p>\n","protected":false},"author":14075,"featured_media":4407,"parent":0,"menu_order":0,"comment_status":"closed","ping_status":"closed","template":"","meta":{"_acf_changed":false,"content-type":"","footnotes":""},"class_list":["post-4406","page","type-page","status-publish","has-post-thumbnail","hentry"],"acf":[],"yoast_head":"<!-- This site is optimized with the Yoast SEO Premium plugin v25.6 (Yoast SEO v25.6) - https:\/\/yoast.com\/wordpress\/plugins\/seo\/ -->\n<title>Alianza ABS &amp; SOLNUA: Gen\u00e9tica de Irlanda para la lecher\u00eda pastoril de Chile<\/title>\n<meta name=\"description\" content=\"Para ABS es un orgullo representar esta alianza en Chile y poner a disposici\u00f3n de nuestros productores gen\u00e9tica de Irlanda\" \/>\n<meta name=\"robots\" content=\"index, follow, max-snippet:-1, max-image-preview:large, max-video-preview:-1\" \/>\n<link rel=\"canonical\" href=\"https:\/\/www.absglobal.com\/cl\/alianza-abs-solnua-genetica-de-irlanda\/\" \/>\n<meta property=\"og:locale\" content=\"es_MX\" \/>\n<meta property=\"og:type\" content=\"article\" \/>\n<meta property=\"og:title\" content=\"Alianza ABS &amp; SOLNUA: Gen\u00e9tica de Irlanda para la lecher\u00eda pastoril de Chile\" \/>\n<meta property=\"og:description\" content=\"Para ABS es un orgullo representar esta alianza en Chile y poner a disposici\u00f3n de nuestros productores gen\u00e9tica de Irlanda\" \/>\n<meta property=\"og:url\" content=\"https:\/\/www.absglobal.com\/cl\/alianza-abs-solnua-genetica-de-irlanda\/\" \/>\n<meta property=\"og:site_name\" content=\"ABS Global Chile\" \/>\n<meta property=\"article:modified_time\" content=\"2025-11-28T17:29:03+00:00\" \/>\n<meta property=\"og:image\" content=\"https:\/\/www.absglobal.com\/cl\/wp-content\/uploads\/sites\/15\/2025\/11\/SOLNUA.webp\" \/>\n\t<meta property=\"og:image:width\" content=\"2500\" \/>\n\t<meta property=\"og:image:height\" content=\"1667\" \/>\n\t<meta property=\"og:image:type\" content=\"image\/webp\" \/>\n<meta name=\"twitter:card\" content=\"summary_large_image\" \/>\n<meta name=\"twitter:label1\" content=\"Est. reading time\" \/>\n\t<meta name=\"twitter:data1\" content=\"2 minutos\" \/>\n<script type=\"application\/ld+json\" class=\"yoast-schema-graph\">{\"@context\":\"https:\/\/schema.org\",\"@graph\":[{\"@type\":\"WebPage\",\"@id\":\"https:\/\/www.absglobal.com\/cl\/alianza-abs-solnua-genetica-de-irlanda\/\",\"url\":\"https:\/\/www.absglobal.com\/cl\/alianza-abs-solnua-genetica-de-irlanda\/\",\"name\":\"Alianza ABS &amp; SOLNUA: Gen\u00e9tica de Irlanda para la lecher\u00eda pastoril de Chile\",\"isPartOf\":{\"@id\":\"https:\/\/www.absglobal.com\/cl\/#website\"},\"primaryImageOfPage\":{\"@id\":\"https:\/\/www.absglobal.com\/cl\/alianza-abs-solnua-genetica-de-irlanda\/#primaryimage\"},\"image\":{\"@id\":\"https:\/\/www.absglobal.com\/cl\/alianza-abs-solnua-genetica-de-irlanda\/#primaryimage\"},\"thumbnailUrl\":\"https:\/\/www.absglobal.com\/cl\/wp-content\/uploads\/sites\/15\/2025\/11\/SOLNUA.webp\",\"datePublished\":\"2025-11-28T17:28:59+00:00\",\"dateModified\":\"2025-11-28T17:29:03+00:00\",\"description\":\"Para ABS es un orgullo representar esta alianza en Chile y poner a disposici\u00f3n de nuestros productores gen\u00e9tica de Irlanda\",\"breadcrumb\":{\"@id\":\"https:\/\/www.absglobal.com\/cl\/alianza-abs-solnua-genetica-de-irlanda\/#breadcrumb\"},\"inLanguage\":\"es-MX\",\"potentialAction\":[{\"@type\":\"ReadAction\",\"target\":[\"https:\/\/www.absglobal.com\/cl\/alianza-abs-solnua-genetica-de-irlanda\/\"]}]},{\"@type\":\"ImageObject\",\"inLanguage\":\"es-MX\",\"@id\":\"https:\/\/www.absglobal.com\/cl\/alianza-abs-solnua-genetica-de-irlanda\/#primaryimage\",\"url\":\"https:\/\/www.absglobal.com\/cl\/wp-content\/uploads\/sites\/15\/2025\/11\/SOLNUA.webp\",\"contentUrl\":\"https:\/\/www.absglobal.com\/cl\/wp-content\/uploads\/sites\/15\/2025\/11\/SOLNUA.webp\",\"width\":2500,\"height\":1667},{\"@type\":\"BreadcrumbList\",\"@id\":\"https:\/\/www.absglobal.com\/cl\/alianza-abs-solnua-genetica-de-irlanda\/#breadcrumb\",\"itemListElement\":[{\"@type\":\"ListItem\",\"position\":1,\"name\":\"Home\",\"item\":\"https:\/\/www.absglobal.com\/cl\/\"},{\"@type\":\"ListItem\",\"position\":2,\"name\":\"Alianza ABS &amp; SOLNUA: Gen\u00e9tica de Irlanda para la lecher\u00eda pastoril de Chile\"}]},{\"@type\":\"WebSite\",\"@id\":\"https:\/\/www.absglobal.com\/cl\/#website\",\"url\":\"https:\/\/www.absglobal.com\/cl\/\",\"name\":\"ABS Global Chile\",\"description\":\"\",\"publisher\":{\"@id\":\"https:\/\/www.absglobal.com\/cl\/#organization\"},\"potentialAction\":[{\"@type\":\"SearchAction\",\"target\":{\"@type\":\"EntryPoint\",\"urlTemplate\":\"https:\/\/www.absglobal.com\/cl\/?s={search_term_string}\"},\"query-input\":{\"@type\":\"PropertyValueSpecification\",\"valueRequired\":true,\"valueName\":\"search_term_string\"}}],\"inLanguage\":\"es-MX\"},{\"@type\":\"Organization\",\"@id\":\"https:\/\/www.absglobal.com\/cl\/#organization\",\"name\":\"ABS Global Chile\",\"url\":\"https:\/\/www.absglobal.com\/cl\/\",\"logo\":{\"@type\":\"ImageObject\",\"inLanguage\":\"es-MX\",\"@id\":\"https:\/\/www.absglobal.com\/cl\/#\/schema\/logo\/image\/\",\"url\":\"https:\/\/www.absglobal.com\/cl\/wp-content\/uploads\/sites\/15\/2020\/03\/LogoRGB.png\",\"contentUrl\":\"https:\/\/www.absglobal.com\/cl\/wp-content\/uploads\/sites\/15\/2020\/03\/LogoRGB.png\",\"width\":872,\"height\":1080,\"caption\":\"ABS Global Chile\"},\"image\":{\"@id\":\"https:\/\/www.absglobal.com\/cl\/#\/schema\/logo\/image\/\"}}]}<\/script>\n<!-- \/ Yoast SEO Premium plugin. -->","yoast_head_json":{"title":"Alianza ABS &amp; SOLNUA: Gen\u00e9tica de Irlanda para la lecher\u00eda pastoril de Chile","description":"Para ABS es un orgullo representar esta alianza en Chile y poner a disposici\u00f3n de nuestros productores gen\u00e9tica de Irlanda","robots":{"index":"index","follow":"follow","max-snippet":"max-snippet:-1","max-image-preview":"max-image-preview:large","max-video-preview":"max-video-preview:-1"},"canonical":"https:\/\/www.absglobal.com\/cl\/alianza-abs-solnua-genetica-de-irlanda\/","og_locale":"es_MX","og_type":"article","og_title":"Alianza ABS &amp; SOLNUA: Gen\u00e9tica de Irlanda para la lecher\u00eda pastoril de Chile","og_description":"Para ABS es un orgullo representar esta alianza en Chile y poner a disposici\u00f3n de nuestros productores gen\u00e9tica de Irlanda","og_url":"https:\/\/www.absglobal.com\/cl\/alianza-abs-solnua-genetica-de-irlanda\/","og_site_name":"ABS Global Chile","article_modified_time":"2025-11-28T17:29:03+00:00","og_image":[{"width":2500,"height":1667,"url":"https:\/\/www.absglobal.com\/cl\/wp-content\/uploads\/sites\/15\/2025\/11\/SOLNUA.webp","type":"image\/webp"}],"twitter_card":"summary_large_image","twitter_misc":{"Est. reading time":"2 minutos"},"schema":{"@context":"https:\/\/schema.org","@graph":[{"@type":"WebPage","@id":"https:\/\/www.absglobal.com\/cl\/alianza-abs-solnua-genetica-de-irlanda\/","url":"https:\/\/www.absglobal.com\/cl\/alianza-abs-solnua-genetica-de-irlanda\/","name":"Alianza ABS &amp; SOLNUA: Gen\u00e9tica de Irlanda para la lecher\u00eda pastoril de Chile","isPartOf":{"@id":"https:\/\/www.absglobal.com\/cl\/#website"},"primaryImageOfPage":{"@id":"https:\/\/www.absglobal.com\/cl\/alianza-abs-solnua-genetica-de-irlanda\/#primaryimage"},"image":{"@id":"https:\/\/www.absglobal.com\/cl\/alianza-abs-solnua-genetica-de-irlanda\/#primaryimage"},"thumbnailUrl":"https:\/\/www.absglobal.com\/cl\/wp-content\/uploads\/sites\/15\/2025\/11\/SOLNUA.webp","datePublished":"2025-11-28T17:28:59+00:00","dateModified":"2025-11-28T17:29:03+00:00","description":"Para ABS es un orgullo representar esta alianza en Chile y poner a disposici\u00f3n de nuestros productores gen\u00e9tica de Irlanda","breadcrumb":{"@id":"https:\/\/www.absglobal.com\/cl\/alianza-abs-solnua-genetica-de-irlanda\/#breadcrumb"},"inLanguage":"es-MX","potentialAction":[{"@type":"ReadAction","target":["https:\/\/www.absglobal.com\/cl\/alianza-abs-solnua-genetica-de-irlanda\/"]}]},{"@type":"ImageObject","inLanguage":"es-MX","@id":"https:\/\/www.absglobal.com\/cl\/alianza-abs-solnua-genetica-de-irlanda\/#primaryimage","url":"https:\/\/www.absglobal.com\/cl\/wp-content\/uploads\/sites\/15\/2025\/11\/SOLNUA.webp","contentUrl":"https:\/\/www.absglobal.com\/cl\/wp-content\/uploads\/sites\/15\/2025\/11\/SOLNUA.webp","width":2500,"height":1667},{"@type":"BreadcrumbList","@id":"https:\/\/www.absglobal.com\/cl\/alianza-abs-solnua-genetica-de-irlanda\/#breadcrumb","itemListElement":[{"@type":"ListItem","position":1,"name":"Home","item":"https:\/\/www.absglobal.com\/cl\/"},{"@type":"ListItem","position":2,"name":"Alianza ABS &amp; SOLNUA: Gen\u00e9tica de Irlanda para la lecher\u00eda pastoril de Chile"}]},{"@type":"WebSite","@id":"https:\/\/www.absglobal.com\/cl\/#website","url":"https:\/\/www.absglobal.com\/cl\/","name":"ABS Global Chile","description":"","publisher":{"@id":"https:\/\/www.absglobal.com\/cl\/#organization"},"potentialAction":[{"@type":"SearchAction","target":{"@type":"EntryPoint","urlTemplate":"https:\/\/www.absglobal.com\/cl\/?s={search_term_string}"},"query-input":{"@type":"PropertyValueSpecification","valueRequired":true,"valueName":"search_term_string"}}],"inLanguage":"es-MX"},{"@type":"Organization","@id":"https:\/\/www.absglobal.com\/cl\/#organization","name":"ABS Global Chile","url":"https:\/\/www.absglobal.com\/cl\/","logo":{"@type":"ImageObject","inLanguage":"es-MX","@id":"https:\/\/www.absglobal.com\/cl\/#\/schema\/logo\/image\/","url":"https:\/\/www.absglobal.com\/cl\/wp-content\/uploads\/sites\/15\/2020\/03\/LogoRGB.png","contentUrl":"https:\/\/www.absglobal.com\/cl\/wp-content\/uploads\/sites\/15\/2020\/03\/LogoRGB.png","width":872,"height":1080,"caption":"ABS Global Chile"},"image":{"@id":"https:\/\/www.absglobal.com\/cl\/#\/schema\/logo\/image\/"}}]}},"_links":{"self":[{"href":"https:\/\/www.absglobal.com\/cl\/wp-json\/wp\/v2\/pages\/4406"}],"collection":[{"href":"https:\/\/www.absglobal.com\/cl\/wp-json\/wp\/v2\/pages"}],"about":[{"href":"https:\/\/www.absglobal.com\/cl\/wp-json\/wp\/v2\/types\/page"}],"author":[{"embeddable":true,"href":"https:\/\/www.absglobal.com\/cl\/wp-json\/wp\/v2\/users\/14075"}],"replies":[{"embeddable":true,"href":"https:\/\/www.absglobal.com\/cl\/wp-json\/wp\/v2\/comments?post=4406"}],"version-history":[{"count":2,"href":"https:\/\/www.absglobal.com\/cl\/wp-json\/wp\/v2\/pages\/4406\/revisions"}],"predecessor-version":[{"id":4413,"href":"https:\/\/www.absglobal.com\/cl\/wp-json\/wp\/v2\/pages\/4406\/revisions\/4413"}],"wp:featuredmedia":[{"embeddable":true,"href":"https:\/\/www.absglobal.com\/cl\/wp-json\/wp\/v2\/media\/4407"}],"wp:attachment":[{"href":"https:\/\/www.absglobal.com\/cl\/wp-json\/wp\/v2\/media?parent=4406"}],"curies":[{"name":"wp","href":"https:\/\/api.w.org\/{rel}","templated":true}]}}