{"id":1745,"date":"2020-02-24T10:43:15","date_gmt":"2020-02-24T15:43:15","guid":{"rendered":"http:\/\/cms.genusplc.com\/absglobal\/?page_id=1745"},"modified":"2020-07-01T10:56:00","modified_gmt":"2020-07-01T15:56:00","slug":"evaluacion-genetica","status":"publish","type":"page","link":"https:\/\/www.absglobal.com\/co\/evaluacion-genetica\/","title":{"rendered":"Evaluaci\u00f3n gen\u00e9tica"},"content":{"rendered":"\n<h2 class=\"wp-block-heading\">Evaluaci\u00f3n gen\u00e9tica &#8211; Validaci\u00f3n, orientaci\u00f3n e inteligencia para el progreso gen\u00e9tico <\/h2>\n\n\n\n<div style=\"height:50px\" aria-hidden=\"true\" class=\"wp-block-spacer\"><\/div>\n\n\n\n<p>Por mucho que nos gustar\u00eda que fuera de otra manera, el progreso gen\u00e9tico no puede verse de la noche a la ma\u00f1ana. Debido a esto, puede ser dif\u00edcil ver la mejora en su reba\u00f1o en el d\u00eda a d\u00eda. <\/p>\n\n\n\n<p>La evaluaci\u00f3n gen\u00e9tica es una forma de validar que la gen\u00e9tica se est\u00e1 moviendo en la direcci\u00f3n correcta. Este proceso se realiza analizando el pedigr\u00ed o la informaci\u00f3n gen\u00f3mica de un animal. Es una forma de asegurar que la pr\u00f3xima generaci\u00f3n es mejor que la \u00faltima al comparar los rasgos determinados en su plan gen\u00e9tico inicial. <\/p>\n\n\n\n<p>Sabiendo que no todas las vacas son creadas iguales, tambi\u00e9n nos permite ayudarles a clasificar sus animales de mejor a peor. Esto puede ayudarle a segmentar el reba\u00f1o e identificar qu\u00e9 hembras ser\u00e1n utilizadas para hacer su pr\u00f3xima generaci\u00f3n.&nbsp;<\/p>\n\n\n\n<p>Independientemente de que est\u00e9 evaluando su reba\u00f1o por su cuenta o confiando en un asesor gen\u00e9tico, la evaluaci\u00f3n gen\u00e9tica es un paso crucial para mantenerlo en el camino de sus objetivos gen\u00e9ticos. <\/p>\n\n\n\n<div style=\"height:50px\" aria-hidden=\"true\" class=\"wp-block-spacer\"><\/div>\n\n\n\n<h2 class=\"is-style-underline wp-block-heading\">Productos Relacionados<\/h2>\n\n\n\t\t<section id=\"\" class=\"alignwide section-wrapper section-wrapper-small-fluid block-product-slider\" data-magellan-target=\"\">\n\t\t\t<div class=\"carousel-card-section owl-carousel owl-theme\">\n\t\t\t\t\t\t\t\t\t\t<div class=\"card\">\n\t\t\t\t\t\t\t\t\t\t\t\t\t\t\t<img decoding=\"async\" class=\"card-img\" src=\"https:\/\/www.absglobal.com\/co\/wp-content\/uploads\/sites\/18\/2020\/02\/product-genetic-audit-1.jpg?w=1000&#038;resize=375,250\" alt=\"Image of medical devices\">\n\t\t\t\t\t\t\t\t\t\t\t\t\t\t<div class=\"card-section\">\n\t\t\t\t\t\t\t\t<h3 class=\"card-title\">Auditor\u00eda Gen\u00e9tica<\/h3>\n\t\t\t\t\t\t\t\t\t\t\t\t\t\t\t\t\t\t\t\t\t\t\t\t\t<p class=\"card-description\">La herramienta m\u00e1s nueva del portafolio de servicios gen\u00e9ticos, la auditor\u00eda gen\u00e9tica ABS, complementa perfectamente a GMS 2.0 para obtener el mayor retorno de su inversi\u00f3n gen\u00e9tica. &nbsp;Similar a una boleta de calificaciones, esta auditor\u00eda anual proporciona una visi\u00f3n general de la gen\u00e9tica de su reba\u00f1o. &nbsp;Con esta l\u00ednea base, puede hacer futuras comparaciones y [&hellip;]<\/p>\n\t\t\t\t\t\t\t\t\n\t\t\t\t\t\t\t\t<a href=\"https:\/\/www.absglobal.com\/co\/services\/auditoria-genetica\/\" class=\"card-section-button button\">Aprender m\u00e1s<\/a>\n\t\t\t\t\t\t\t<\/div>\n\t\t\t\t\t\t<\/div>\n\t\t\t\t\t\t\t\t\t\t\t\t<div class=\"card\">\n\t\t\t\t\t\t\t\t\t\t\t\t\t\t\t<img decoding=\"async\" class=\"card-img\" src=\"https:\/\/www.absglobal.com\/co\/wp-content\/uploads\/sites\/18\/2020\/02\/product-gms.jpg?w=1000&#038;resize=375,250\" alt=\"Image of medical devices\">\n\t\t\t\t\t\t\t\t\t\t\t\t\t\t<div class=\"card-section\">\n\t\t\t\t\t\t\t\t<h3 class=\"card-title\">GMS 2.0<\/h3>\n\t\t\t\t\t\t\t\t\t\t\t\t\t\t\t\t\t\t\t\t\t\t\t\t\t<p class=\"card-description\">La gen\u00e9tica est\u00e1 mejorando.Su programa de apareamiento deber\u00eda hacer lo mismo. Desde 1968, el Genetic Management System\u00ae (GMS\u00ae) ha proporcionado un sistema integral que optimiza el progreso gen\u00e9tico y simplifica el proceso de cr\u00eda. Desde el primer apareamiento hace cerca de 55 a\u00f1os, GMS ha procesado m\u00e1s de 160 millones de apareamiento recomendaciones, m\u00e1s que [&hellip;]<\/p>\n\t\t\t\t\t\t\t\t\n\t\t\t\t\t\t\t\t<a href=\"https:\/\/www.absglobal.com\/co\/services\/gms\/\" class=\"card-section-button button\">Aprender m\u00e1s<\/a>\n\t\t\t\t\t\t\t<\/div>\n\t\t\t\t\t\t<\/div>\n\t\t\t\t\t\t\t\t\t\t\t\t<div class=\"card\">\n\t\t\t\t\t\t\t\t\t\t\t\t\t\t\t<img decoding=\"async\" class=\"card-img\" src=\"https:\/\/www.absglobal.com\/co\/wp-content\/uploads\/sites\/18\/2020\/03\/product-sexcel-2.jpg?w=1000&#038;resize=375,250\" alt=\"Image of medical devices\">\n\t\t\t\t\t\t\t\t\t\t\t\t\t\t<div class=\"card-section\">\n\t\t\t\t\t\t\t\t<h3 class=\"card-title\">Sexcel\u00ae<\/h3>\n\t\t\t\t\t\t\t\t\t\t\t\t\t\t\t\t\t\t\t\t\t\t\t\t\t<p class=\"card-description\">Gen\u00e9tica sexada Sexcel\u00ae &#8211; haga el remplazo de sus vaquillas desde sus mejores vacas Una unidad de semen no aporta un valor real a un productor lechero a menos que resulte en una vaca pre\u00f1ada con una cr\u00eda. Del mismo modo, es necesario que nazca una vaquilla sana y solo entonces se puede ver el [&hellip;]<\/p>\n\t\t\t\t\t\t\t\t\n\t\t\t\t\t\t\t\t<a href=\"https:\/\/www.absglobal.com\/co\/services\/sexcel\/\" class=\"card-section-button button\">Aprender m\u00e1s<\/a>\n\t\t\t\t\t\t\t<\/div>\n\t\t\t\t\t\t<\/div>\n\t\t\t\t\t\t\t\t\t<\/div>\n\t\t<\/section>\n\t\t\n\n\n\t<section id=\"repFinder\" class=\"alignfull rep-finder\" data-magellan-target=\"repFinder\">\n\t\t<div class=\"section-wrapper\">\n\t\t\t\t\t\t\t<h2 class=\"section-title\">Encuentre a su vendedor local<\/h2>\n\t\t\t\n\t\t\t<div class=\"grid-x grid-margin-x align-justify rep-finder-inner\">\n\t\t\t\t<div class=\"cell medium-large-6\">\n\t\t\t\t\t<button class=\"button rep-finder-cta\" id=\"selectRep\" data-open=\"repFinderModal\">Seleccione su Representante<\/button>\n\t\t\t\t\t<div class=\"rep-finder-selected-rep\" id=\"selectedRep\"><\/div>\n\t\t\t\t<\/div>\n\n\t\t\t\t\t\t\t\t\t<div class=\"cell medium-large-6\">\n\t\t\t\t\t\t<h4>Preguntas Generales<\/h4>\n\t\t\t\t\t\t<hr class=\"rep-finder-divider\">\n\t\t\t\t\t\t\t\t\t\t\t\t\t<ul class=\"rep-finder-details\">\n\t\t\t\t\t\t\t\t\t\t\t\t\t\t\t\t\t<li><a href=\"tel:+57 313 8214684\"><h5><img decoding=\"async\" src=\"https:\/\/www.absglobal.com\/co\/wp-content\/themes\/abs\/dist\/assets\/img\/icons\/phone-icon.svg\" alt=\"Phone icon\"> +57 313 8214684<\/h5><\/a><\/li>\n\t\t\t\t\t\t\t\t\t\t\t\t\t\t\t\t\t\t<li><a href=\"mailto:info@abscolombia.com\"><h5><img decoding=\"async\" src=\"https:\/\/www.absglobal.com\/co\/wp-content\/themes\/abs\/dist\/assets\/img\/icons\/email-icon.svg\" alt=\"Email icon\"> info@abscolombia.com<\/h5><\/a><\/li>\n\t\t\t\t\t\t\t\t\t\t\t\t\t\t\t<\/ul>\n\t\t\t\t\t\t\t\t\t\t\t<\/div>\n\t\t\t\t\t\t\t<\/div>\n\t\t<\/div>\n\t<\/section>\n\t","protected":false},"excerpt":{"rendered":"<p>Evaluaci\u00f3n gen\u00e9tica &#8211; Validaci\u00f3n, orientaci\u00f3n e inteligencia para el progreso gen\u00e9tico Por mucho que nos gustar\u00eda que fuera de otra manera, el progreso gen\u00e9tico no puede verse de la noche a la ma\u00f1ana. Debido a esto, puede ser dif\u00edcil ver la mejora en su reba\u00f1o en el d\u00eda a d\u00eda. La evaluaci\u00f3n gen\u00e9tica es una [&hellip;]<\/p>\n","protected":false},"author":289,"featured_media":0,"parent":0,"menu_order":0,"comment_status":"closed","ping_status":"closed","template":"","meta":{"_acf_changed":false,"content-type":"","footnotes":""},"class_list":["post-1745","page","type-page","status-publish","hentry"],"acf":[],"yoast_head":"<!-- This site is optimized with the Yoast SEO Premium plugin v25.6 (Yoast SEO v25.6) - https:\/\/yoast.com\/wordpress\/plugins\/seo\/ -->\n<title>Evaluaci\u00f3n gen\u00e9tica - ABS Global Colombia<\/title>\n<meta name=\"robots\" content=\"index, follow, max-snippet:-1, max-image-preview:large, max-video-preview:-1\" \/>\n<link rel=\"canonical\" href=\"https:\/\/www.absglobal.com\/co\/evaluacion-genetica\/\" \/>\n<meta property=\"og:locale\" content=\"es_ES\" \/>\n<meta property=\"og:type\" content=\"article\" \/>\n<meta property=\"og:title\" content=\"Evaluaci\u00f3n gen\u00e9tica\" \/>\n<meta property=\"og:description\" content=\"Evaluaci\u00f3n gen\u00e9tica &#8211; Validaci\u00f3n, orientaci\u00f3n e inteligencia para el progreso gen\u00e9tico Por mucho que nos gustar\u00eda que fuera de otra manera, el progreso gen\u00e9tico no puede verse de la noche a la ma\u00f1ana. Debido a esto, puede ser dif\u00edcil ver la mejora en su reba\u00f1o en el d\u00eda a d\u00eda. La evaluaci\u00f3n gen\u00e9tica es una [&hellip;]\" \/>\n<meta property=\"og:url\" content=\"https:\/\/www.absglobal.com\/co\/evaluacion-genetica\/\" \/>\n<meta property=\"og:site_name\" content=\"ABS Global Colombia\" \/>\n<meta property=\"article:modified_time\" content=\"2020-07-01T15:56:00+00:00\" \/>\n<meta name=\"twitter:card\" content=\"summary_large_image\" \/>\n<meta name=\"twitter:label1\" content=\"Est. reading time\" \/>\n\t<meta name=\"twitter:data1\" content=\"1 minuto\" \/>\n<script type=\"application\/ld+json\" class=\"yoast-schema-graph\">{\"@context\":\"https:\/\/schema.org\",\"@graph\":[{\"@type\":\"WebPage\",\"@id\":\"https:\/\/www.absglobal.com\/co\/evaluacion-genetica\/\",\"url\":\"https:\/\/www.absglobal.com\/co\/evaluacion-genetica\/\",\"name\":\"Evaluaci\u00f3n gen\u00e9tica - ABS Global Colombia\",\"isPartOf\":{\"@id\":\"https:\/\/www.absglobal.com\/co\/#website\"},\"datePublished\":\"2020-02-24T15:43:15+00:00\",\"dateModified\":\"2020-07-01T15:56:00+00:00\",\"breadcrumb\":{\"@id\":\"https:\/\/www.absglobal.com\/co\/evaluacion-genetica\/#breadcrumb\"},\"inLanguage\":\"es\",\"potentialAction\":[{\"@type\":\"ReadAction\",\"target\":[\"https:\/\/www.absglobal.com\/co\/evaluacion-genetica\/\"]}]},{\"@type\":\"BreadcrumbList\",\"@id\":\"https:\/\/www.absglobal.com\/co\/evaluacion-genetica\/#breadcrumb\",\"itemListElement\":[{\"@type\":\"ListItem\",\"position\":1,\"name\":\"Home\",\"item\":\"https:\/\/www.absglobal.com\/co\/\"},{\"@type\":\"ListItem\",\"position\":2,\"name\":\"Evaluaci\u00f3n gen\u00e9tica\"}]},{\"@type\":\"WebSite\",\"@id\":\"https:\/\/www.absglobal.com\/co\/#website\",\"url\":\"https:\/\/www.absglobal.com\/co\/\",\"name\":\"ABS Global Colombia\",\"description\":\"\",\"publisher\":{\"@id\":\"https:\/\/www.absglobal.com\/co\/#organization\"},\"potentialAction\":[{\"@type\":\"SearchAction\",\"target\":{\"@type\":\"EntryPoint\",\"urlTemplate\":\"https:\/\/www.absglobal.com\/co\/?s={search_term_string}\"},\"query-input\":{\"@type\":\"PropertyValueSpecification\",\"valueRequired\":true,\"valueName\":\"search_term_string\"}}],\"inLanguage\":\"es\"},{\"@type\":\"Organization\",\"@id\":\"https:\/\/www.absglobal.com\/co\/#organization\",\"name\":\"ABS Global Colombia\",\"url\":\"https:\/\/www.absglobal.com\/co\/\",\"logo\":{\"@type\":\"ImageObject\",\"inLanguage\":\"es\",\"@id\":\"https:\/\/www.absglobal.com\/co\/#\/schema\/logo\/image\/\",\"url\":\"https:\/\/www.absglobal.com\/co\/wp-content\/uploads\/sites\/18\/2020\/03\/LogoRGB.png\",\"contentUrl\":\"https:\/\/www.absglobal.com\/co\/wp-content\/uploads\/sites\/18\/2020\/03\/LogoRGB.png\",\"width\":872,\"height\":1080,\"caption\":\"ABS Global Colombia\"},\"image\":{\"@id\":\"https:\/\/www.absglobal.com\/co\/#\/schema\/logo\/image\/\"}}]}<\/script>\n<!-- \/ Yoast SEO Premium plugin. -->","yoast_head_json":{"title":"Evaluaci\u00f3n gen\u00e9tica - ABS Global Colombia","robots":{"index":"index","follow":"follow","max-snippet":"max-snippet:-1","max-image-preview":"max-image-preview:large","max-video-preview":"max-video-preview:-1"},"canonical":"https:\/\/www.absglobal.com\/co\/evaluacion-genetica\/","og_locale":"es_ES","og_type":"article","og_title":"Evaluaci\u00f3n gen\u00e9tica","og_description":"Evaluaci\u00f3n gen\u00e9tica &#8211; Validaci\u00f3n, orientaci\u00f3n e inteligencia para el progreso gen\u00e9tico Por mucho que nos gustar\u00eda que fuera de otra manera, el progreso gen\u00e9tico no puede verse de la noche a la ma\u00f1ana. Debido a esto, puede ser dif\u00edcil ver la mejora en su reba\u00f1o en el d\u00eda a d\u00eda. La evaluaci\u00f3n gen\u00e9tica es una [&hellip;]","og_url":"https:\/\/www.absglobal.com\/co\/evaluacion-genetica\/","og_site_name":"ABS Global Colombia","article_modified_time":"2020-07-01T15:56:00+00:00","twitter_card":"summary_large_image","twitter_misc":{"Est. reading time":"1 minuto"},"schema":{"@context":"https:\/\/schema.org","@graph":[{"@type":"WebPage","@id":"https:\/\/www.absglobal.com\/co\/evaluacion-genetica\/","url":"https:\/\/www.absglobal.com\/co\/evaluacion-genetica\/","name":"Evaluaci\u00f3n gen\u00e9tica - ABS Global Colombia","isPartOf":{"@id":"https:\/\/www.absglobal.com\/co\/#website"},"datePublished":"2020-02-24T15:43:15+00:00","dateModified":"2020-07-01T15:56:00+00:00","breadcrumb":{"@id":"https:\/\/www.absglobal.com\/co\/evaluacion-genetica\/#breadcrumb"},"inLanguage":"es","potentialAction":[{"@type":"ReadAction","target":["https:\/\/www.absglobal.com\/co\/evaluacion-genetica\/"]}]},{"@type":"BreadcrumbList","@id":"https:\/\/www.absglobal.com\/co\/evaluacion-genetica\/#breadcrumb","itemListElement":[{"@type":"ListItem","position":1,"name":"Home","item":"https:\/\/www.absglobal.com\/co\/"},{"@type":"ListItem","position":2,"name":"Evaluaci\u00f3n gen\u00e9tica"}]},{"@type":"WebSite","@id":"https:\/\/www.absglobal.com\/co\/#website","url":"https:\/\/www.absglobal.com\/co\/","name":"ABS Global Colombia","description":"","publisher":{"@id":"https:\/\/www.absglobal.com\/co\/#organization"},"potentialAction":[{"@type":"SearchAction","target":{"@type":"EntryPoint","urlTemplate":"https:\/\/www.absglobal.com\/co\/?s={search_term_string}"},"query-input":{"@type":"PropertyValueSpecification","valueRequired":true,"valueName":"search_term_string"}}],"inLanguage":"es"},{"@type":"Organization","@id":"https:\/\/www.absglobal.com\/co\/#organization","name":"ABS Global Colombia","url":"https:\/\/www.absglobal.com\/co\/","logo":{"@type":"ImageObject","inLanguage":"es","@id":"https:\/\/www.absglobal.com\/co\/#\/schema\/logo\/image\/","url":"https:\/\/www.absglobal.com\/co\/wp-content\/uploads\/sites\/18\/2020\/03\/LogoRGB.png","contentUrl":"https:\/\/www.absglobal.com\/co\/wp-content\/uploads\/sites\/18\/2020\/03\/LogoRGB.png","width":872,"height":1080,"caption":"ABS Global Colombia"},"image":{"@id":"https:\/\/www.absglobal.com\/co\/#\/schema\/logo\/image\/"}}]}},"_links":{"self":[{"href":"https:\/\/www.absglobal.com\/co\/wp-json\/wp\/v2\/pages\/1745"}],"collection":[{"href":"https:\/\/www.absglobal.com\/co\/wp-json\/wp\/v2\/pages"}],"about":[{"href":"https:\/\/www.absglobal.com\/co\/wp-json\/wp\/v2\/types\/page"}],"author":[{"embeddable":true,"href":"https:\/\/www.absglobal.com\/co\/wp-json\/wp\/v2\/users\/289"}],"replies":[{"embeddable":true,"href":"https:\/\/www.absglobal.com\/co\/wp-json\/wp\/v2\/comments?post=1745"}],"version-history":[{"count":29,"href":"https:\/\/www.absglobal.com\/co\/wp-json\/wp\/v2\/pages\/1745\/revisions"}],"predecessor-version":[{"id":3318,"href":"https:\/\/www.absglobal.com\/co\/wp-json\/wp\/v2\/pages\/1745\/revisions\/3318"}],"wp:attachment":[{"href":"https:\/\/www.absglobal.com\/co\/wp-json\/wp\/v2\/media?parent=1745"}],"curies":[{"name":"wp","href":"https:\/\/api.w.org\/{rel}","templated":true}]}}