{"id":3818,"date":"2023-12-15T11:16:26","date_gmt":"2023-12-15T16:16:26","guid":{"rendered":"https:\/\/www.absglobal.com\/co\/?page_id=3818"},"modified":"2023-12-15T11:16:27","modified_gmt":"2023-12-15T16:16:27","slug":"indice-personalizado-lecheria","status":"publish","type":"page","link":"https:\/\/www.absglobal.com\/co\/indice-personalizado-lecheria\/","title":{"rendered":"Defina el camino a seguir en su lecher\u00eda con un \u00edndice personalizado"},"content":{"rendered":"\n<p>Construir un plan gen\u00e9tico es como planear un viaje por carretera. Los viajes por carretera siempre comienzan con d\u00f3nde estamos hoy y hacia d\u00f3nde queremos ir. En el plan gen\u00e9tico de una lecher\u00eda, el destino al que est\u00e1 tratando de ir siempre ser\u00e1 la vaca ideal para su operaci\u00f3n en el futuro. \u00bfC\u00f3mo necesita mejorar y evolucionar su reba\u00f1o para ser rentable en 5 a\u00f1os? \u00bfCu\u00e1les son las direcciones para llegar all\u00ed?<\/p>\n\n\n<div class=\"wp-block-image\">\n<figure class=\"alignright size-large is-resized\"><img fetchpriority=\"high\" decoding=\"async\" src=\"https:\/\/www.absglobal.com\/co\/wp-content\/uploads\/sites\/18\/2023\/12\/RS13701_CustomIndex_0423_Info_HR_Interactive-espanol-1-1_pages-to-jpg-0001.jpg?w=791\" alt=\"\" class=\"wp-image-3819\" width=\"791\" height=\"1024\" srcset=\"https:\/\/www.absglobal.com\/co\/wp-content\/uploads\/sites\/18\/2023\/12\/RS13701_CustomIndex_0423_Info_HR_Interactive-espanol-1-1_pages-to-jpg-0001.jpg 1275w, https:\/\/www.absglobal.com\/co\/wp-content\/uploads\/sites\/18\/2023\/12\/RS13701_CustomIndex_0423_Info_HR_Interactive-espanol-1-1_pages-to-jpg-0001.jpg?resize=232,300 232w, https:\/\/www.absglobal.com\/co\/wp-content\/uploads\/sites\/18\/2023\/12\/RS13701_CustomIndex_0423_Info_HR_Interactive-espanol-1-1_pages-to-jpg-0001.jpg?resize=768,994 768w, https:\/\/www.absglobal.com\/co\/wp-content\/uploads\/sites\/18\/2023\/12\/RS13701_CustomIndex_0423_Info_HR_Interactive-espanol-1-1_pages-to-jpg-0001.jpg?resize=791,1024 791w, https:\/\/www.absglobal.com\/co\/wp-content\/uploads\/sites\/18\/2023\/12\/RS13701_CustomIndex_0423_Info_HR_Interactive-espanol-1-1_pages-to-jpg-0001.jpg?resize=1187,1536 1187w\" sizes=\"(max-width: 791px) 100vw, 791px\" \/><\/figure><\/div>\n\n\n<h2 class=\"wp-block-heading\" id=\"h-determine-su-vaca-ideal-contestando-estas-preguntas\">Determine su VACA IDEAL contestando estas preguntas:<\/h2>\n\n\n\n<ul class=\"wp-block-list\"><li>\u00bfC\u00f3mo le pagan por su leche?<\/li><li>\u00bfCu\u00e1les son los requerimientos de la industria?<\/li><li>\u00bfQu\u00e9 mejoras o cambios pretende aplicar a sus instalaciones<\/li><li>\u00bfPor qu\u00e9 las vacas abandonan la lecher\u00eda?<\/li><li>\u00bfCu\u00e1les son los requerimientos de la industria?<\/li><li>\u00bfC\u00f3mo debe verse su reba\u00f1o en 5 a\u00f1os?<\/li><\/ul>\n\n\n\n<h2 class=\"wp-block-heading\" id=\"h-qu-es-un-ndice-personalizado\">\u00bfQu\u00e9 es un \u00edndice personalizado? <\/h2>\n\n\n\n<p>Por lo general, en un viaje por carretera, tiene un mapa o GPS que le indica c\u00f3mo llegar desde su punto de partida hasta su destino. Si el plan gen\u00e9tico es su viaje por carretera, piense en el \u00edndice personalizado de ABS Global como el sistema GPS para el progreso gen\u00e9tico de su reba\u00f1o. Determinar la vaca ideal en un sistema es clave para configurar un \u00edndice personalizado. Debe comenzar con el final en mente y un \u00edndice personalizado son sus instrucciones para maximizar su potencial gen\u00e9tico:<strong> su <a href=\"https:\/\/www.absglobal.com\/co\/genetic-plan\/\">plan gen\u00e9tico<\/a><\/strong><\/p>\n\n\n\n<h2 class=\"wp-block-heading\" id=\"h-mejor-que-la-forma-tradicional\">Mejor que la forma tradicional<\/h2>\n\n\n\n<p>Nuestro \u00cdndice Personalizado es un m\u00e9todo de selecci\u00f3n mejorado que va m\u00e1s all\u00e1 de las limitaciones de las evaluaciones nacionales. El uso de evaluaciones nacionales como M\u00e9rito Neto como su &#8220;Estrella del Norte&#8221; es un enfoque \u00fanico para todos que no deja espacio para personalizar su mercado de leche, instalaciones o estilo de negocio. Definir un \u00edndice personalizado con ABS Global le da la libertad de priorizar los rasgos de la industria y ABS Global. Creemos que un progreso gen\u00e9tico m\u00e1s r\u00e1pido se logra mediante un \u00edndice personalizado creado por usted, no por otros en la industria. Adem\u00e1s, usted tiene el control de seleccionar los rasgos en los que desea centrarse y ponderar su importancia en su sistema. <strong>Usted elige las \u00e1reas para mejorar lo que tiene importancia para su operaci\u00f3n<\/strong>.<\/p>\n\n\n\n<h2 class=\"wp-block-heading\" id=\"h-dise-a-un-mejor-ternero-con-un-ndice-personalizado-abs\">Dise\u00f1a un mejor ternero con un \u00edndice personalizado ABS<\/h2>\n\n\n\n<ul class=\"wp-block-list\"><li>Identifique los toros correctos para introducir a su reba\u00f1o<\/li><li>Clasifica a tus hembras en funci\u00f3n de la mezcla gen\u00e9tica adecuada para ti<\/li><li>Determina qu\u00e9 hembras quieres que se conviertan en madres para la pr\u00f3xima generaci\u00f3n<\/li><li>Use recomendaciones de apareamiento individuales si lo desea, utilice los Servicios Gen\u00e9ticos de ABS<\/li><\/ul>\n\n\n\n<div class=\"wp-block-buttons is-content-justification-center is-layout-flex wp-container-core-buttons-is-layout-1 wp-block-buttons-is-layout-flex\">\n<div class=\"wp-block-button\"><a class=\"wp-block-button__link\" href=\"https:\/\/www.absglobal.com\/co\/plan-ganador\/\">Plan Gen\u00e9tico Ganador<\/a><\/div>\n<\/div>\n\n\n\n<h2 class=\"wp-block-heading\" id=\"h-la-diferencia-entre-criterios-e-ndice-personalizado\">La diferencia entre criterios e \u00edndice personalizado<\/h2>\n\n\n\n<p>Usar criterios de rasgos para seleccionar toros no es un enfoque equivocado, pero dejas dinero sobre la mesa en t\u00e9rminos de progreso gen\u00e9tico. Debido a que los criterios de rasgo eliminan a todos los toros por debajo de un umbral para un rasgo dado, no recompensan a los toros cuya ganancia gen\u00e9tica adicional tiene un impacto significativo en la rentabilidad del reba\u00f1o. Tambi\u00e9n elimina los toros superiores que no cumplen con los criterios dentro de un margen de error de recopilaci\u00f3n de datos. <\/p>\n\n\n\n<p>Por lo tanto, un \u00edndice personalizado es una mejor manera de incorporar sus \u00e1reas gen\u00e9ticas de mejora en un plan de cr\u00eda.<\/p>\n","protected":false},"excerpt":{"rendered":"<p>Construir un plan gen\u00e9tico es como planear un viaje por carretera. Los viajes por carretera siempre comienzan con d\u00f3nde estamos hoy y hacia d\u00f3nde queremos ir. En el plan gen\u00e9tico de una lecher\u00eda, el destino al que est\u00e1 tratando de ir siempre ser\u00e1 la vaca ideal para su operaci\u00f3n en el futuro. \u00bfC\u00f3mo necesita mejorar [&hellip;]<\/p>\n","protected":false},"author":9982,"featured_media":3820,"parent":0,"menu_order":0,"comment_status":"closed","ping_status":"closed","template":"","meta":{"_acf_changed":false,"content-type":"","footnotes":""},"class_list":["post-3818","page","type-page","status-publish","has-post-thumbnail","hentry"],"acf":[],"yoast_head":"<!-- This site is optimized with the Yoast SEO Premium plugin v25.6 (Yoast SEO v25.6) - https:\/\/yoast.com\/wordpress\/plugins\/seo\/ -->\n<title>Defina el camino a seguir en su lecher\u00eda con un \u00edndice personalizado<\/title>\n<meta name=\"description\" content=\"Para maximizar su progreso gen\u00e9tico, debe tener un plan y un \u00cdndice personalizado con ABS es la ruta para el \u00e9xito.\" \/>\n<meta name=\"robots\" content=\"index, follow, max-snippet:-1, max-image-preview:large, max-video-preview:-1\" \/>\n<link rel=\"canonical\" href=\"https:\/\/www.absglobal.com\/co\/indice-personalizado-lecheria\/\" \/>\n<meta property=\"og:locale\" content=\"es_ES\" \/>\n<meta property=\"og:type\" content=\"article\" \/>\n<meta property=\"og:title\" content=\"Defina el camino a seguir en su lecher\u00eda con un \u00edndice personalizado\" \/>\n<meta property=\"og:description\" content=\"Para maximizar su progreso gen\u00e9tico, debe tener un plan y un \u00cdndice personalizado con ABS es la ruta para el \u00e9xito.\" \/>\n<meta property=\"og:url\" content=\"https:\/\/www.absglobal.com\/co\/indice-personalizado-lecheria\/\" \/>\n<meta property=\"og:site_name\" content=\"ABS Global Colombia\" \/>\n<meta property=\"article:modified_time\" content=\"2023-12-15T16:16:27+00:00\" \/>\n<meta property=\"og:image\" content=\"https:\/\/www.absglobal.com\/co\/wp-content\/uploads\/sites\/18\/2023\/12\/MicrosoftTeams-image-223.png\" \/>\n\t<meta property=\"og:image:width\" content=\"3820\" \/>\n\t<meta property=\"og:image:height\" content=\"1654\" \/>\n\t<meta property=\"og:image:type\" content=\"image\/png\" \/>\n<meta name=\"twitter:card\" content=\"summary_large_image\" \/>\n<meta name=\"twitter:label1\" content=\"Est. reading time\" \/>\n\t<meta name=\"twitter:data1\" content=\"3 minutos\" \/>\n<script type=\"application\/ld+json\" class=\"yoast-schema-graph\">{\"@context\":\"https:\/\/schema.org\",\"@graph\":[{\"@type\":\"WebPage\",\"@id\":\"https:\/\/www.absglobal.com\/co\/indice-personalizado-lecheria\/\",\"url\":\"https:\/\/www.absglobal.com\/co\/indice-personalizado-lecheria\/\",\"name\":\"Defina el camino a seguir en su lecher\u00eda con un \u00edndice personalizado\",\"isPartOf\":{\"@id\":\"https:\/\/www.absglobal.com\/co\/#website\"},\"primaryImageOfPage\":{\"@id\":\"https:\/\/www.absglobal.com\/co\/indice-personalizado-lecheria\/#primaryimage\"},\"image\":{\"@id\":\"https:\/\/www.absglobal.com\/co\/indice-personalizado-lecheria\/#primaryimage\"},\"thumbnailUrl\":\"https:\/\/www.absglobal.com\/co\/wp-content\/uploads\/sites\/18\/2023\/12\/MicrosoftTeams-image-223.png\",\"datePublished\":\"2023-12-15T16:16:26+00:00\",\"dateModified\":\"2023-12-15T16:16:27+00:00\",\"description\":\"Para maximizar su progreso gen\u00e9tico, debe tener un plan y un \u00cdndice personalizado con ABS es la ruta para el \u00e9xito.\",\"breadcrumb\":{\"@id\":\"https:\/\/www.absglobal.com\/co\/indice-personalizado-lecheria\/#breadcrumb\"},\"inLanguage\":\"es\",\"potentialAction\":[{\"@type\":\"ReadAction\",\"target\":[\"https:\/\/www.absglobal.com\/co\/indice-personalizado-lecheria\/\"]}]},{\"@type\":\"ImageObject\",\"inLanguage\":\"es\",\"@id\":\"https:\/\/www.absglobal.com\/co\/indice-personalizado-lecheria\/#primaryimage\",\"url\":\"https:\/\/www.absglobal.com\/co\/wp-content\/uploads\/sites\/18\/2023\/12\/MicrosoftTeams-image-223.png\",\"contentUrl\":\"https:\/\/www.absglobal.com\/co\/wp-content\/uploads\/sites\/18\/2023\/12\/MicrosoftTeams-image-223.png\",\"width\":3820,\"height\":1654,\"caption\":\"\u00edndice personalizado\"},{\"@type\":\"BreadcrumbList\",\"@id\":\"https:\/\/www.absglobal.com\/co\/indice-personalizado-lecheria\/#breadcrumb\",\"itemListElement\":[{\"@type\":\"ListItem\",\"position\":1,\"name\":\"Home\",\"item\":\"https:\/\/www.absglobal.com\/co\/\"},{\"@type\":\"ListItem\",\"position\":2,\"name\":\"Defina el camino a seguir en su lecher\u00eda con un \u00edndice personalizado\"}]},{\"@type\":\"WebSite\",\"@id\":\"https:\/\/www.absglobal.com\/co\/#website\",\"url\":\"https:\/\/www.absglobal.com\/co\/\",\"name\":\"ABS Global Colombia\",\"description\":\"\",\"publisher\":{\"@id\":\"https:\/\/www.absglobal.com\/co\/#organization\"},\"potentialAction\":[{\"@type\":\"SearchAction\",\"target\":{\"@type\":\"EntryPoint\",\"urlTemplate\":\"https:\/\/www.absglobal.com\/co\/?s={search_term_string}\"},\"query-input\":{\"@type\":\"PropertyValueSpecification\",\"valueRequired\":true,\"valueName\":\"search_term_string\"}}],\"inLanguage\":\"es\"},{\"@type\":\"Organization\",\"@id\":\"https:\/\/www.absglobal.com\/co\/#organization\",\"name\":\"ABS Global Colombia\",\"url\":\"https:\/\/www.absglobal.com\/co\/\",\"logo\":{\"@type\":\"ImageObject\",\"inLanguage\":\"es\",\"@id\":\"https:\/\/www.absglobal.com\/co\/#\/schema\/logo\/image\/\",\"url\":\"https:\/\/www.absglobal.com\/co\/wp-content\/uploads\/sites\/18\/2020\/03\/LogoRGB.png\",\"contentUrl\":\"https:\/\/www.absglobal.com\/co\/wp-content\/uploads\/sites\/18\/2020\/03\/LogoRGB.png\",\"width\":872,\"height\":1080,\"caption\":\"ABS Global Colombia\"},\"image\":{\"@id\":\"https:\/\/www.absglobal.com\/co\/#\/schema\/logo\/image\/\"}}]}<\/script>\n<!-- \/ Yoast SEO Premium plugin. -->","yoast_head_json":{"title":"Defina el camino a seguir en su lecher\u00eda con un \u00edndice personalizado","description":"Para maximizar su progreso gen\u00e9tico, debe tener un plan y un \u00cdndice personalizado con ABS es la ruta para el \u00e9xito.","robots":{"index":"index","follow":"follow","max-snippet":"max-snippet:-1","max-image-preview":"max-image-preview:large","max-video-preview":"max-video-preview:-1"},"canonical":"https:\/\/www.absglobal.com\/co\/indice-personalizado-lecheria\/","og_locale":"es_ES","og_type":"article","og_title":"Defina el camino a seguir en su lecher\u00eda con un \u00edndice personalizado","og_description":"Para maximizar su progreso gen\u00e9tico, debe tener un plan y un \u00cdndice personalizado con ABS es la ruta para el \u00e9xito.","og_url":"https:\/\/www.absglobal.com\/co\/indice-personalizado-lecheria\/","og_site_name":"ABS Global Colombia","article_modified_time":"2023-12-15T16:16:27+00:00","og_image":[{"width":3820,"height":1654,"url":"https:\/\/www.absglobal.com\/co\/wp-content\/uploads\/sites\/18\/2023\/12\/MicrosoftTeams-image-223.png","type":"image\/png"}],"twitter_card":"summary_large_image","twitter_misc":{"Est. reading time":"3 minutos"},"schema":{"@context":"https:\/\/schema.org","@graph":[{"@type":"WebPage","@id":"https:\/\/www.absglobal.com\/co\/indice-personalizado-lecheria\/","url":"https:\/\/www.absglobal.com\/co\/indice-personalizado-lecheria\/","name":"Defina el camino a seguir en su lecher\u00eda con un \u00edndice personalizado","isPartOf":{"@id":"https:\/\/www.absglobal.com\/co\/#website"},"primaryImageOfPage":{"@id":"https:\/\/www.absglobal.com\/co\/indice-personalizado-lecheria\/#primaryimage"},"image":{"@id":"https:\/\/www.absglobal.com\/co\/indice-personalizado-lecheria\/#primaryimage"},"thumbnailUrl":"https:\/\/www.absglobal.com\/co\/wp-content\/uploads\/sites\/18\/2023\/12\/MicrosoftTeams-image-223.png","datePublished":"2023-12-15T16:16:26+00:00","dateModified":"2023-12-15T16:16:27+00:00","description":"Para maximizar su progreso gen\u00e9tico, debe tener un plan y un \u00cdndice personalizado con ABS es la ruta para el \u00e9xito.","breadcrumb":{"@id":"https:\/\/www.absglobal.com\/co\/indice-personalizado-lecheria\/#breadcrumb"},"inLanguage":"es","potentialAction":[{"@type":"ReadAction","target":["https:\/\/www.absglobal.com\/co\/indice-personalizado-lecheria\/"]}]},{"@type":"ImageObject","inLanguage":"es","@id":"https:\/\/www.absglobal.com\/co\/indice-personalizado-lecheria\/#primaryimage","url":"https:\/\/www.absglobal.com\/co\/wp-content\/uploads\/sites\/18\/2023\/12\/MicrosoftTeams-image-223.png","contentUrl":"https:\/\/www.absglobal.com\/co\/wp-content\/uploads\/sites\/18\/2023\/12\/MicrosoftTeams-image-223.png","width":3820,"height":1654,"caption":"\u00edndice personalizado"},{"@type":"BreadcrumbList","@id":"https:\/\/www.absglobal.com\/co\/indice-personalizado-lecheria\/#breadcrumb","itemListElement":[{"@type":"ListItem","position":1,"name":"Home","item":"https:\/\/www.absglobal.com\/co\/"},{"@type":"ListItem","position":2,"name":"Defina el camino a seguir en su lecher\u00eda con un \u00edndice personalizado"}]},{"@type":"WebSite","@id":"https:\/\/www.absglobal.com\/co\/#website","url":"https:\/\/www.absglobal.com\/co\/","name":"ABS Global Colombia","description":"","publisher":{"@id":"https:\/\/www.absglobal.com\/co\/#organization"},"potentialAction":[{"@type":"SearchAction","target":{"@type":"EntryPoint","urlTemplate":"https:\/\/www.absglobal.com\/co\/?s={search_term_string}"},"query-input":{"@type":"PropertyValueSpecification","valueRequired":true,"valueName":"search_term_string"}}],"inLanguage":"es"},{"@type":"Organization","@id":"https:\/\/www.absglobal.com\/co\/#organization","name":"ABS Global Colombia","url":"https:\/\/www.absglobal.com\/co\/","logo":{"@type":"ImageObject","inLanguage":"es","@id":"https:\/\/www.absglobal.com\/co\/#\/schema\/logo\/image\/","url":"https:\/\/www.absglobal.com\/co\/wp-content\/uploads\/sites\/18\/2020\/03\/LogoRGB.png","contentUrl":"https:\/\/www.absglobal.com\/co\/wp-content\/uploads\/sites\/18\/2020\/03\/LogoRGB.png","width":872,"height":1080,"caption":"ABS Global Colombia"},"image":{"@id":"https:\/\/www.absglobal.com\/co\/#\/schema\/logo\/image\/"}}]}},"_links":{"self":[{"href":"https:\/\/www.absglobal.com\/co\/wp-json\/wp\/v2\/pages\/3818"}],"collection":[{"href":"https:\/\/www.absglobal.com\/co\/wp-json\/wp\/v2\/pages"}],"about":[{"href":"https:\/\/www.absglobal.com\/co\/wp-json\/wp\/v2\/types\/page"}],"author":[{"embeddable":true,"href":"https:\/\/www.absglobal.com\/co\/wp-json\/wp\/v2\/users\/9982"}],"replies":[{"embeddable":true,"href":"https:\/\/www.absglobal.com\/co\/wp-json\/wp\/v2\/comments?post=3818"}],"version-history":[{"count":1,"href":"https:\/\/www.absglobal.com\/co\/wp-json\/wp\/v2\/pages\/3818\/revisions"}],"predecessor-version":[{"id":3821,"href":"https:\/\/www.absglobal.com\/co\/wp-json\/wp\/v2\/pages\/3818\/revisions\/3821"}],"wp:featuredmedia":[{"embeddable":true,"href":"https:\/\/www.absglobal.com\/co\/wp-json\/wp\/v2\/media\/3820"}],"wp:attachment":[{"href":"https:\/\/www.absglobal.com\/co\/wp-json\/wp\/v2\/media?parent=3818"}],"curies":[{"name":"wp","href":"https:\/\/api.w.org\/{rel}","templated":true}]}}