{"id":6,"date":"2019-08-23T20:02:31","date_gmt":"2019-08-23T20:02:31","guid":{"rendered":"https:\/\/cms.genusplc.com\/absglobal\/?page_id=6"},"modified":"2026-03-06T11:14:23","modified_gmt":"2026-03-06T16:14:23","slug":"home","status":"publish","type":"page","link":"https:\/\/www.absglobal.com\/co\/","title":{"rendered":"Home"},"content":{"rendered":"\n<section class=\"section-wrapper\">\n<h2 id=\"h-centro-de-aprendizaje\" class=\"section-title-main\">Centro de Aprendizaje<\/h2>\n<\/section>\n\n\n\n<div class=\"wp-block-query is-layout-flow wp-block-query-is-layout-flow\"><ul class=\"wp-block-post-template is-layout-flow wp-block-post-template-is-layout-flow\"><li class=\"wp-block-post post-4068 post type-post status-publish format-standard has-post-thumbnail hentry category-centro-de-aprendizaje category-uncategorized abs_type-articulo\">\n<figure class=\"wp-block-post-featured-image\"><a href=\"https:\/\/www.absglobal.com\/co\/como-otros-aumentan-los-ingresos-a-traves-del-progreso-genetico\/\" target=\"_self\"  ><img fetchpriority=\"high\" decoding=\"async\" width=\"1024\" height=\"576\" src=\"https:\/\/www.absglobal.com\/co\/wp-content\/uploads\/sites\/18\/2025\/10\/CustomerTestimonials.webp?w=1024\" class=\"attachment-post-thumbnail size-post-thumbnail wp-post-image\" alt=\"C\u00f3mo otros aumentan los ingresos a trav\u00e9s del progreso gen\u00e9tico\" style=\"object-fit:cover;\" srcset=\"https:\/\/www.absglobal.com\/co\/wp-content\/uploads\/sites\/18\/2025\/10\/CustomerTestimonials.webp 1200w, https:\/\/www.absglobal.com\/co\/wp-content\/uploads\/sites\/18\/2025\/10\/CustomerTestimonials.webp?resize=300,169 300w, https:\/\/www.absglobal.com\/co\/wp-content\/uploads\/sites\/18\/2025\/10\/CustomerTestimonials.webp?resize=768,432 768w, https:\/\/www.absglobal.com\/co\/wp-content\/uploads\/sites\/18\/2025\/10\/CustomerTestimonials.webp?resize=1024,576 1024w\" sizes=\"(max-width: 1024px) 100vw, 1024px\" \/><\/a><\/figure>\n\n<div class=\"wp-block-post-date\"><time datetime=\"2025-10-24T09:19:03-05:00\">Oct 24<\/time><\/div>\n\n<h2 class=\"wp-block-post-title has-medium-font-size\"><a href=\"https:\/\/www.absglobal.com\/co\/como-otros-aumentan-los-ingresos-a-traves-del-progreso-genetico\/\" target=\"_self\" >C\u00f3mo otros aumentan los ingresos a trav\u00e9s del progreso gen\u00e9tico<\/a><\/h2>\n<\/li><li class=\"wp-block-post post-4040 post type-post status-publish format-standard has-post-thumbnail hentry category-centro-de-aprendizaje abs_type-articulo\">\n<figure class=\"wp-block-post-featured-image\"><a href=\"https:\/\/www.absglobal.com\/co\/nueva-tecnologia-de-abs-optimiza-la-produccion-de-embriones-holstein\/\" target=\"_self\"  ><img decoding=\"async\" width=\"1024\" height=\"576\" src=\"https:\/\/www.absglobal.com\/co\/wp-content\/uploads\/sites\/18\/2025\/08\/abs-news-250725-1.webp?w=1024\" class=\"attachment-post-thumbnail size-post-thumbnail wp-post-image\" alt=\"IN\u00c9DITO: \u00a1Nueva tecnolog\u00eda de ABS! Optimiza la producci\u00f3n de embriones Holstein sin uso de hormonas\" style=\"object-fit:cover;\" srcset=\"https:\/\/www.absglobal.com\/co\/wp-content\/uploads\/sites\/18\/2025\/08\/abs-news-250725-1.webp 1024w, https:\/\/www.absglobal.com\/co\/wp-content\/uploads\/sites\/18\/2025\/08\/abs-news-250725-1.webp?resize=300,169 300w, https:\/\/www.absglobal.com\/co\/wp-content\/uploads\/sites\/18\/2025\/08\/abs-news-250725-1.webp?resize=768,432 768w\" sizes=\"(max-width: 1024px) 100vw, 1024px\" \/><\/a><\/figure>\n\n<div class=\"wp-block-post-date\"><time datetime=\"2025-08-04T10:51:54-05:00\">Ago 4<\/time><\/div>\n\n<h2 class=\"wp-block-post-title has-medium-font-size\"><a href=\"https:\/\/www.absglobal.com\/co\/nueva-tecnologia-de-abs-optimiza-la-produccion-de-embriones-holstein\/\" target=\"_self\" >IN\u00c9DITO: \u00a1Nueva tecnolog\u00eda de ABS! Optimiza la producci\u00f3n de embriones Holstein sin uso de hormonas<\/a><\/h2>\n<\/li><li class=\"wp-block-post post-3983 post type-post status-publish format-standard has-post-thumbnail hentry category-centro-de-aprendizaje\">\n<figure class=\"wp-block-post-featured-image\"><a href=\"https:\/\/www.absglobal.com\/co\/por-que-es-importante-la-diversidad-genetica-en-un-plan-genetico\/\" target=\"_self\"  ><img decoding=\"async\" width=\"768\" height=\"432\" src=\"https:\/\/www.absglobal.com\/co\/wp-content\/uploads\/sites\/18\/2025\/05\/GeneticDiversity.webp?w=768\" class=\"attachment-post-thumbnail size-post-thumbnail wp-post-image\" alt=\"\u00bfPor qu\u00e9 es importante la diversidad gen\u00e9tica en un plan gen\u00e9tico?\u00a0\" style=\"object-fit:cover;\" srcset=\"https:\/\/www.absglobal.com\/co\/wp-content\/uploads\/sites\/18\/2025\/05\/GeneticDiversity.webp 768w, https:\/\/www.absglobal.com\/co\/wp-content\/uploads\/sites\/18\/2025\/05\/GeneticDiversity.webp?resize=300,169 300w\" sizes=\"(max-width: 768px) 100vw, 768px\" \/><\/a><\/figure>\n\n<div class=\"wp-block-post-date\"><time datetime=\"2025-05-14T16:23:17-05:00\">May 14<\/time><\/div>\n\n<h2 class=\"wp-block-post-title has-medium-font-size\"><a href=\"https:\/\/www.absglobal.com\/co\/por-que-es-importante-la-diversidad-genetica-en-un-plan-genetico\/\" target=\"_self\" >\u00bfPor qu\u00e9 es importante la diversidad gen\u00e9tica en un plan gen\u00e9tico?\u00a0<\/a><\/h2>\n<\/li><\/ul>\n\n<nav class=\"wp-block-query-pagination is-layout-flex wp-block-query-pagination-is-layout-flex\" aria-label=\"Pagination\">\n\n\n<div class=\"wp-block-query-pagination-numbers\"><span aria-current=\"page\" class=\"page-numbers current\">1<\/span>\n<a class=\"page-numbers\" href=\"?query-12-page=2\">2<\/a><\/div>\n\n<a href=\"\/co\/wp-json\/wp\/v2\/pages\/6?query-12-page=2\" class=\"wp-block-query-pagination-next\">Next Page<\/a>\n<\/nav><\/div>\n\n\n\n\t<section class=\"latest-news-block section-wrapper block-background-gray\">\n\n\t\n\t\t<div>\n\t\t<h2 class=\"section-title-main\">\u00daltimas noticias<\/h2>\n\t<\/div>\n\t\n\t<div class=\"grid-container\">\n\t\t<div class=\"card-row-grid\">\n\t\t\t\t\t\t\t<article id=\"post-3974\" class=\"post-6 page type-page status-publish hentry\">\n\t\t\t\t\t<a href=\"https:\/\/www.absglobal.com\/co\/articles\/abs-valida-los-beneficios-medioambientales-de-la-mejora-genetica-en-la-produccion-de-carne-en-leche-mediante-la-evaluacion-del-ciclo-de-vida\/\" class=\"card-row\">\n\t\t\t\t\t\t<div class=\"card-title\">\n\t\t\t\t\t\t\t<h4>ABS valida los beneficios medioambientales de la mejora gen\u00e9tica en la producci\u00f3n de carne en leche mediante la evaluaci\u00f3n del ciclo de vida<\/h4>\n\t\t\t\t\t\t<\/div>\n\t\t\t\t\t<\/a>\n\t\t\t\t<\/article>\n\t\t\t\t\t\t\t<article id=\"post-3956\" class=\"post-6 page type-page status-publish hentry\">\n\t\t\t\t\t<a href=\"https:\/\/www.absglobal.com\/co\/articles\/el-proximo-cambio-de-base-en-estados-unidos-que-significa-para-usted\/\" class=\"card-row\">\n\t\t\t\t\t\t<div class=\"card-title\">\n\t\t\t\t\t\t\t<h4>El pr\u00f3ximo cambio de base en Estados Unidos: \u00bfQu\u00e9 significa para usted?<\/h4>\n\t\t\t\t\t\t<\/div>\n\t\t\t\t\t<\/a>\n\t\t\t\t<\/article>\n\t\t\t\t\t\t\t<article id=\"post-3931\" class=\"post-6 page type-page status-publish hentry\">\n\t\t\t\t\t<a href=\"https:\/\/www.absglobal.com\/co\/articles\/abs-adquiere-el-100-de-de-novo-genetics-uno-de-los-principales-centros-geneticos-del-mundo\/\" class=\"card-row\">\n\t\t\t\t\t\t<div class=\"card-title\">\n\t\t\t\t\t\t\t<h4>ABS adquiere el 100% de De Novo Genetics, uno de los principales centros gen\u00e9ticos del mundo<\/h4>\n\t\t\t\t\t\t<\/div>\n\t\t\t\t\t<\/a>\n\t\t\t\t<\/article>\n\t\t\t\n\t\t\t\t\t\t<div class=\"button-wrapper\">\n\t\t\t\t<a class=\"button\" href=\"https:\/\/www.absglobal.com\/co\/articles\/\">\n\t\t\t\t\tMore News\t\t\t\t<\/a>\n\t\t\t<\/div>\n\t\t\t\t\t<\/div>\n\t<\/div>\n\n\t\n\t<\/section>\n\n\n\n<div style=\"height:100px\" aria-hidden=\"true\" class=\"wp-block-spacer\"><\/div>\n\n\n\n\t<section id=\"repFinder\" class=\"alignfull rep-finder\" data-magellan-target=\"repFinder\">\n\t\t<div class=\"section-wrapper\">\n\t\t\t\t\t\t\t<h2 class=\"section-title\">Encuentre a su vendedor local<\/h2>\n\t\t\t\n\t\t\t<div class=\"grid-x grid-margin-x align-justify rep-finder-inner\">\n\t\t\t\t<div class=\"cell medium-large-6\">\n\t\t\t\t\t<button class=\"button rep-finder-cta\" id=\"selectRep\" data-open=\"repFinderModal\">Seleccione su Representante<\/button>\n\t\t\t\t\t<div class=\"rep-finder-selected-rep\" id=\"selectedRep\"><\/div>\n\t\t\t\t<\/div>\n\n\t\t\t\t\t\t\t\t\t<div class=\"cell medium-large-6\">\n\t\t\t\t\t\t<h4>L\u00ednea de servicio al cliente Gen\u00e9tica BIOS<\/h4>\n\t\t\t\t\t\t<hr class=\"rep-finder-divider\">\n\t\t\t\t\t\t\t\t\t\t\t\t\t<ul class=\"rep-finder-details\">\n\t\t\t\t\t\t\t\t\t\t\t\t\t\t\t\t\t<li><a href=\"tel:+57 320 609 25 77\"><h5><img decoding=\"async\" src=\"https:\/\/www.absglobal.com\/co\/wp-content\/themes\/abs\/dist\/assets\/img\/icons\/phone-icon.svg\" alt=\"Phone icon\"> +57 320 609 25 77<\/h5><\/a><\/li>\n\t\t\t\t\t\t\t\t\t\t\t\t\t\t\t\t\t\t<li><a href=\"mailto:servicioalcliente@abscolombia.co\"><h5><img decoding=\"async\" src=\"https:\/\/www.absglobal.com\/co\/wp-content\/themes\/abs\/dist\/assets\/img\/icons\/email-icon.svg\" alt=\"Email icon\"> servicioalcliente@abscolombia.co<\/h5><\/a><\/li>\n\t\t\t\t\t\t\t\t\t\t\t\t\t\t\t<\/ul>\n\t\t\t\t\t\t\t\t\t\t\t<\/div>\n\t\t\t\t\t\t\t<\/div>\n\t\t<\/div>\n\t<\/section>\n\t","protected":false},"excerpt":{"rendered":"<p>Centro de Aprendizaje<\/p>\n","protected":false},"author":10,"featured_media":0,"parent":0,"menu_order":0,"comment_status":"closed","ping_status":"closed","template":"","meta":{"_acf_changed":false,"content-type":"","footnotes":""},"class_list":["post-6","page","type-page","status-publish","hentry"],"acf":[],"yoast_head":"<!-- This site is optimized with the Yoast SEO Premium plugin v25.6 (Yoast SEO v25.6) - https:\/\/yoast.com\/wordpress\/plugins\/seo\/ -->\n<title>Home - ABS Global Colombia<\/title>\n<meta name=\"description\" content=\"Descubre m\u00e1s sobre ABS Global y c\u00f3mo te podemos ayudar a aumentar tu rentabilidad a trav\u00e9s del progreso gen\u00e9tico.\u00a1Contacta a nuestro equipo!\" \/>\n<meta name=\"robots\" content=\"index, follow, max-snippet:-1, max-image-preview:large, max-video-preview:-1\" \/>\n<link rel=\"canonical\" href=\"https:\/\/www.absglobal.com\/co\/\" \/>\n<link rel=\"next\" href=\"https:\/\/www.absglobal.com\/co\/6?query-12-page=2\" \/>\n<meta property=\"og:locale\" content=\"es_ES\" \/>\n<meta property=\"og:type\" content=\"article\" \/>\n<meta property=\"og:title\" content=\"Home\" \/>\n<meta property=\"og:description\" content=\"Descubre m\u00e1s sobre ABS Global y c\u00f3mo te podemos ayudar a aumentar tu rentabilidad a trav\u00e9s del progreso gen\u00e9tico.\u00a1Contacta a nuestro equipo!\" \/>\n<meta property=\"og:url\" content=\"https:\/\/www.absglobal.com\/co\/\" \/>\n<meta property=\"og:site_name\" content=\"ABS Global Colombia\" \/>\n<meta property=\"article:modified_time\" content=\"2026-03-06T16:14:23+00:00\" \/>\n<meta name=\"twitter:card\" content=\"summary_large_image\" \/>\n<meta name=\"twitter:label1\" content=\"Est. reading time\" \/>\n\t<meta name=\"twitter:data1\" content=\"1 minuto\" \/>\n<script type=\"application\/ld+json\" class=\"yoast-schema-graph\">{\"@context\":\"https:\/\/schema.org\",\"@graph\":[{\"@type\":\"WebPage\",\"@id\":\"https:\/\/www.absglobal.com\/co\/\",\"url\":\"https:\/\/www.absglobal.com\/co\/\",\"name\":\"Home - ABS Global Colombia\",\"isPartOf\":{\"@id\":\"https:\/\/www.absglobal.com\/co\/#website\"},\"datePublished\":\"2019-08-23T20:02:31+00:00\",\"dateModified\":\"2026-03-06T16:14:23+00:00\",\"description\":\"Descubre m\u00e1s sobre ABS Global y c\u00f3mo te podemos ayudar a aumentar tu rentabilidad a trav\u00e9s del progreso gen\u00e9tico.\u00a1Contacta a nuestro equipo!\",\"breadcrumb\":{\"@id\":\"https:\/\/www.absglobal.com\/co\/#breadcrumb\"},\"inLanguage\":\"es\",\"potentialAction\":[{\"@type\":\"ReadAction\",\"target\":[\"https:\/\/www.absglobal.com\/co\/\"]}]},{\"@type\":\"BreadcrumbList\",\"@id\":\"https:\/\/www.absglobal.com\/co\/#breadcrumb\",\"itemListElement\":[{\"@type\":\"ListItem\",\"position\":1,\"name\":\"Home\",\"item\":\"https:\/\/www.absglobal.com\/co\/\"},{\"@type\":\"ListItem\",\"position\":2,\"name\":\"Home\"}]},{\"@type\":\"WebSite\",\"@id\":\"https:\/\/www.absglobal.com\/co\/#website\",\"url\":\"https:\/\/www.absglobal.com\/co\/\",\"name\":\"ABS Global Colombia\",\"description\":\"\",\"publisher\":{\"@id\":\"https:\/\/www.absglobal.com\/co\/#organization\"},\"potentialAction\":[{\"@type\":\"SearchAction\",\"target\":{\"@type\":\"EntryPoint\",\"urlTemplate\":\"https:\/\/www.absglobal.com\/co\/?s={search_term_string}\"},\"query-input\":{\"@type\":\"PropertyValueSpecification\",\"valueRequired\":true,\"valueName\":\"search_term_string\"}}],\"inLanguage\":\"es\"},{\"@type\":\"Organization\",\"@id\":\"https:\/\/www.absglobal.com\/co\/#organization\",\"name\":\"ABS Global Colombia\",\"url\":\"https:\/\/www.absglobal.com\/co\/\",\"logo\":{\"@type\":\"ImageObject\",\"inLanguage\":\"es\",\"@id\":\"https:\/\/www.absglobal.com\/co\/#\/schema\/logo\/image\/\",\"url\":\"https:\/\/www.absglobal.com\/co\/wp-content\/uploads\/sites\/18\/2020\/03\/LogoRGB.png\",\"contentUrl\":\"https:\/\/www.absglobal.com\/co\/wp-content\/uploads\/sites\/18\/2020\/03\/LogoRGB.png\",\"width\":872,\"height\":1080,\"caption\":\"ABS Global Colombia\"},\"image\":{\"@id\":\"https:\/\/www.absglobal.com\/co\/#\/schema\/logo\/image\/\"}}]}<\/script>\n<!-- \/ Yoast SEO Premium plugin. -->","yoast_head_json":{"title":"Home - ABS Global Colombia","description":"Descubre m\u00e1s sobre ABS Global y c\u00f3mo te podemos ayudar a aumentar tu rentabilidad a trav\u00e9s del progreso gen\u00e9tico.\u00a1Contacta a nuestro equipo!","robots":{"index":"index","follow":"follow","max-snippet":"max-snippet:-1","max-image-preview":"max-image-preview:large","max-video-preview":"max-video-preview:-1"},"canonical":"https:\/\/www.absglobal.com\/co\/","next":"https:\/\/www.absglobal.com\/co\/6?query-12-page=2","og_locale":"es_ES","og_type":"article","og_title":"Home","og_description":"Descubre m\u00e1s sobre ABS Global y c\u00f3mo te podemos ayudar a aumentar tu rentabilidad a trav\u00e9s del progreso gen\u00e9tico.\u00a1Contacta a nuestro equipo!","og_url":"https:\/\/www.absglobal.com\/co\/","og_site_name":"ABS Global Colombia","article_modified_time":"2026-03-06T16:14:23+00:00","twitter_card":"summary_large_image","twitter_misc":{"Est. reading time":"1 minuto"},"schema":{"@context":"https:\/\/schema.org","@graph":[{"@type":"WebPage","@id":"https:\/\/www.absglobal.com\/co\/","url":"https:\/\/www.absglobal.com\/co\/","name":"Home - ABS Global Colombia","isPartOf":{"@id":"https:\/\/www.absglobal.com\/co\/#website"},"datePublished":"2019-08-23T20:02:31+00:00","dateModified":"2026-03-06T16:14:23+00:00","description":"Descubre m\u00e1s sobre ABS Global y c\u00f3mo te podemos ayudar a aumentar tu rentabilidad a trav\u00e9s del progreso gen\u00e9tico.\u00a1Contacta a nuestro equipo!","breadcrumb":{"@id":"https:\/\/www.absglobal.com\/co\/#breadcrumb"},"inLanguage":"es","potentialAction":[{"@type":"ReadAction","target":["https:\/\/www.absglobal.com\/co\/"]}]},{"@type":"BreadcrumbList","@id":"https:\/\/www.absglobal.com\/co\/#breadcrumb","itemListElement":[{"@type":"ListItem","position":1,"name":"Home","item":"https:\/\/www.absglobal.com\/co\/"},{"@type":"ListItem","position":2,"name":"Home"}]},{"@type":"WebSite","@id":"https:\/\/www.absglobal.com\/co\/#website","url":"https:\/\/www.absglobal.com\/co\/","name":"ABS Global Colombia","description":"","publisher":{"@id":"https:\/\/www.absglobal.com\/co\/#organization"},"potentialAction":[{"@type":"SearchAction","target":{"@type":"EntryPoint","urlTemplate":"https:\/\/www.absglobal.com\/co\/?s={search_term_string}"},"query-input":{"@type":"PropertyValueSpecification","valueRequired":true,"valueName":"search_term_string"}}],"inLanguage":"es"},{"@type":"Organization","@id":"https:\/\/www.absglobal.com\/co\/#organization","name":"ABS Global Colombia","url":"https:\/\/www.absglobal.com\/co\/","logo":{"@type":"ImageObject","inLanguage":"es","@id":"https:\/\/www.absglobal.com\/co\/#\/schema\/logo\/image\/","url":"https:\/\/www.absglobal.com\/co\/wp-content\/uploads\/sites\/18\/2020\/03\/LogoRGB.png","contentUrl":"https:\/\/www.absglobal.com\/co\/wp-content\/uploads\/sites\/18\/2020\/03\/LogoRGB.png","width":872,"height":1080,"caption":"ABS Global Colombia"},"image":{"@id":"https:\/\/www.absglobal.com\/co\/#\/schema\/logo\/image\/"}}]}},"_links":{"self":[{"href":"https:\/\/www.absglobal.com\/co\/wp-json\/wp\/v2\/pages\/6"}],"collection":[{"href":"https:\/\/www.absglobal.com\/co\/wp-json\/wp\/v2\/pages"}],"about":[{"href":"https:\/\/www.absglobal.com\/co\/wp-json\/wp\/v2\/types\/page"}],"author":[{"embeddable":true,"href":"https:\/\/www.absglobal.com\/co\/wp-json\/wp\/v2\/users\/10"}],"replies":[{"embeddable":true,"href":"https:\/\/www.absglobal.com\/co\/wp-json\/wp\/v2\/comments?post=6"}],"version-history":[{"count":204,"href":"https:\/\/www.absglobal.com\/co\/wp-json\/wp\/v2\/pages\/6\/revisions"}],"predecessor-version":[{"id":4726,"href":"https:\/\/www.absglobal.com\/co\/wp-json\/wp\/v2\/pages\/6\/revisions\/4726"}],"wp:attachment":[{"href":"https:\/\/www.absglobal.com\/co\/wp-json\/wp\/v2\/media?parent=6"}],"curies":[{"name":"wp","href":"https:\/\/api.w.org\/{rel}","templated":true}]}}