{"id":1706,"date":"2020-02-22T18:20:01","date_gmt":"2020-02-22T23:20:01","guid":{"rendered":"http:\/\/cms.genusplc.com\/absglobal\/?page_id=1706"},"modified":"2025-03-12T04:06:57","modified_gmt":"2025-03-12T09:06:57","slug":"periodo-de-transicion","status":"publish","type":"page","link":"https:\/\/www.absglobal.com\/es\/periodo-de-transicion\/","title":{"rendered":"Per\u00edodo de transici\u00f3n"},"content":{"rendered":"\n<p>El per\u00edodo de transici\u00f3n &#8211; las \u00faltimas semanas de gestaci\u00f3n de una vaca hasta varias semanas despu\u00e9s de iniciarse su lactaci\u00f3n &#8211; juega un papel integral tanto en la producci\u00f3n como en la reproducci\u00f3n en su reba\u00f1o. <\/p>\n\n\n\n<p>Ser eficiente durante el per\u00edodo de transici\u00f3n aumentar\u00e1 las probabilidades de \u00e9xito en la lactaci\u00f3n, la vida productiva y el intervalo entre partos de una vaca. Asimismo, las tres \u00faltimas semanas de gestaci\u00f3n son muy importantes para la salud de la descendencia y es fundamental para que el ternero alcance su potencial gen\u00e9tico. <\/p>\n\n\n\n<p>Sin duda alguna, la prevenci\u00f3n es la soluci\u00f3n m\u00e1s eficiente y menos costosa para afrontar el per\u00edodo de transici\u00f3n. Las tres \u00e1reas principales a explorar son los protocolos, el trabajo y la gen\u00e9tica.<\/p>\n\n\n\n<p>Los protocolos son cruciales para proporcionar la comodidad y la nutrici\u00f3n correctas para las vacas. A continuaci\u00f3n, tener un equipo informado y bien entrenado asegura que los protocolos puedan ser ejecutados. Finalmente, con la gen\u00e9tica, puede mejorar la salud de transici\u00f3n de su reba\u00f1o, haciendo a las vacas m\u00e1s resistentes gen\u00e9ticamente a trastornos como la mastitis, la metritis y la cetosis.<\/p>\n\n\n\n<div style=\"height:50px\" aria-hidden=\"true\" class=\"wp-block-spacer\"><\/div>\n\n\n\n<h2 class=\"is-style-underline wp-block-heading\" id=\"h-la-soluci-n-abs-para-el-periodo-de-transici-n\">La soluci\u00f3n ABS para el periodo de transici\u00f3n<\/h2>\n\n\n\t\t<section id=\"\" class=\"section-wrapper article-cards-block  \" data-magellan-target=\"\">\n\t\t\t<div class=\"article-blocks\">\n\t\t\t\t\t\t\t\t\t<a href=\"https:\/\/www.absglobal.com\/es\/services\/transitionright\/\" class=\"article-block\">\n\t\t\t\t\t\t\t\t\t\t\t\t\t<figure>\n\t\t\t\t\t\t\t\t<img decoding=\"async\" class=\"article-block-img\" src=\"https:\/\/www.absglobal.com\/es\/wp-content\/uploads\/sites\/17\/2020\/03\/product-Transitionright-3.jpg\" alt=\"Transition period\">\n\t\t\t\t\t\t\t<\/figure>\n\t\t\t\t\t\t\t\t\t\t\t\t<div class=\"article-block-description\">\n\t\t\t\t\t\t\t\t\t\t\t\t\t\t\t<h3 class=\"article-block-title\">TransitionRight\u00ae<\/h3>\n\t\t\t\t\t\t\t\t\t\t\t\t\t\t\t\t\t\t\t\t\t\t<span>No reaccione. Prevenir a trav\u00e9s de la gen\u00e9tica. Los trastornos de salud durante el per\u00edodo de transici\u00f3n cobran un peaje en su tiempo, dinero y la productividad de su ganado. <\/span>\n\t\t\t\t\t\t\t\t\t\t\t\t\t\t<img decoding=\"async\" class=\"article-block-arrow\" inject-svg src=\"https:\/\/www.absglobal.com\/es\/wp-content\/themes\/abs\/dist\/assets\/img\/icons\/caret-right-icon.svg\" alt=\"Arrow icon\">\n\t\t\t\t\t\t<\/div>\n\t\t\t\t\t<\/a>\n\t\t\t\t\t\t\t<\/div>\n\t\t<\/section>\n\t\t","protected":false},"excerpt":{"rendered":"<p>El per\u00edodo de transici\u00f3n &#8211; las \u00faltimas semanas de gestaci\u00f3n de una vaca hasta varias semanas despu\u00e9s de iniciarse su lactaci\u00f3n &#8211; juega un papel integral tanto en la producci\u00f3n como en la reproducci\u00f3n en su reba\u00f1o. Ser eficiente durante el per\u00edodo de transici\u00f3n aumentar\u00e1 las probabilidades de \u00e9xito en la lactaci\u00f3n, la vida productiva [&hellip;]<\/p>\n","protected":false},"author":289,"featured_media":0,"parent":0,"menu_order":0,"comment_status":"closed","ping_status":"closed","template":"","meta":{"_acf_changed":false,"content-type":"","footnotes":""},"class_list":["post-1706","page","type-page","status-publish","hentry"],"acf":[],"yoast_head":"<!-- This site is optimized with the Yoast SEO Premium plugin v25.6 (Yoast SEO v25.6) - https:\/\/yoast.com\/wordpress\/plugins\/seo\/ -->\n<title>Per\u00edodo de transici\u00f3n - ABS Global Spain<\/title>\n<meta name=\"description\" content=\"El per\u00edodo de transici\u00f3n juega un papel integral tanto en la producci\u00f3n como en la reproducci\u00f3n en su reba\u00f1o.\" \/>\n<meta name=\"robots\" content=\"index, follow, max-snippet:-1, max-image-preview:large, max-video-preview:-1\" \/>\n<link rel=\"canonical\" href=\"https:\/\/www.absglobal.com\/es\/periodo-de-transicion\/\" \/>\n<meta property=\"og:locale\" content=\"es_ES\" \/>\n<meta property=\"og:type\" content=\"article\" \/>\n<meta property=\"og:title\" content=\"Per\u00edodo de transici\u00f3n\" \/>\n<meta property=\"og:description\" content=\"El per\u00edodo de transici\u00f3n juega un papel integral tanto en la producci\u00f3n como en la reproducci\u00f3n en su reba\u00f1o.\" \/>\n<meta property=\"og:url\" content=\"https:\/\/www.absglobal.com\/es\/periodo-de-transicion\/\" \/>\n<meta property=\"og:site_name\" content=\"ABS Global Spain\" \/>\n<meta property=\"article:modified_time\" content=\"2025-03-12T09:06:57+00:00\" \/>\n<meta name=\"twitter:card\" content=\"summary_large_image\" \/>\n<meta name=\"twitter:label1\" content=\"Est. reading time\" \/>\n\t<meta name=\"twitter:data1\" content=\"1 minuto\" \/>\n<script type=\"application\/ld+json\" class=\"yoast-schema-graph\">{\"@context\":\"https:\/\/schema.org\",\"@graph\":[{\"@type\":\"WebPage\",\"@id\":\"https:\/\/www.absglobal.com\/es\/periodo-de-transicion\/\",\"url\":\"https:\/\/www.absglobal.com\/es\/periodo-de-transicion\/\",\"name\":\"Per\u00edodo de transici\u00f3n - ABS Global Spain\",\"isPartOf\":{\"@id\":\"https:\/\/www.absglobal.com\/es\/#website\"},\"datePublished\":\"2020-02-22T23:20:01+00:00\",\"dateModified\":\"2025-03-12T09:06:57+00:00\",\"description\":\"El per\u00edodo de transici\u00f3n juega un papel integral tanto en la producci\u00f3n como en la reproducci\u00f3n en su reba\u00f1o.\",\"breadcrumb\":{\"@id\":\"https:\/\/www.absglobal.com\/es\/periodo-de-transicion\/#breadcrumb\"},\"inLanguage\":\"es\",\"potentialAction\":[{\"@type\":\"ReadAction\",\"target\":[\"https:\/\/www.absglobal.com\/es\/periodo-de-transicion\/\"]}]},{\"@type\":\"BreadcrumbList\",\"@id\":\"https:\/\/www.absglobal.com\/es\/periodo-de-transicion\/#breadcrumb\",\"itemListElement\":[{\"@type\":\"ListItem\",\"position\":1,\"name\":\"Home\",\"item\":\"https:\/\/www.absglobal.com\/es\/\"},{\"@type\":\"ListItem\",\"position\":2,\"name\":\"Per\u00edodo de transici\u00f3n\"}]},{\"@type\":\"WebSite\",\"@id\":\"https:\/\/www.absglobal.com\/es\/#website\",\"url\":\"https:\/\/www.absglobal.com\/es\/\",\"name\":\"ABS Global Spain\",\"description\":\"\",\"publisher\":{\"@id\":\"https:\/\/www.absglobal.com\/es\/#organization\"},\"potentialAction\":[{\"@type\":\"SearchAction\",\"target\":{\"@type\":\"EntryPoint\",\"urlTemplate\":\"https:\/\/www.absglobal.com\/es\/?s={search_term_string}\"},\"query-input\":{\"@type\":\"PropertyValueSpecification\",\"valueRequired\":true,\"valueName\":\"search_term_string\"}}],\"inLanguage\":\"es\"},{\"@type\":\"Organization\",\"@id\":\"https:\/\/www.absglobal.com\/es\/#organization\",\"name\":\"ABS Global Spain\",\"url\":\"https:\/\/www.absglobal.com\/es\/\",\"logo\":{\"@type\":\"ImageObject\",\"inLanguage\":\"es\",\"@id\":\"https:\/\/www.absglobal.com\/es\/#\/schema\/logo\/image\/\",\"url\":\"https:\/\/www.absglobal.com\/es\/wp-content\/uploads\/sites\/17\/2020\/04\/Asset-1.png\",\"contentUrl\":\"https:\/\/www.absglobal.com\/es\/wp-content\/uploads\/sites\/17\/2020\/04\/Asset-1.png\",\"width\":845,\"height\":1080,\"caption\":\"ABS Global Spain\"},\"image\":{\"@id\":\"https:\/\/www.absglobal.com\/es\/#\/schema\/logo\/image\/\"}}]}<\/script>\n<!-- \/ Yoast SEO Premium plugin. -->","yoast_head_json":{"title":"Per\u00edodo de transici\u00f3n - ABS Global Spain","description":"El per\u00edodo de transici\u00f3n juega un papel integral tanto en la producci\u00f3n como en la reproducci\u00f3n en su reba\u00f1o.","robots":{"index":"index","follow":"follow","max-snippet":"max-snippet:-1","max-image-preview":"max-image-preview:large","max-video-preview":"max-video-preview:-1"},"canonical":"https:\/\/www.absglobal.com\/es\/periodo-de-transicion\/","og_locale":"es_ES","og_type":"article","og_title":"Per\u00edodo de transici\u00f3n","og_description":"El per\u00edodo de transici\u00f3n juega un papel integral tanto en la producci\u00f3n como en la reproducci\u00f3n en su reba\u00f1o.","og_url":"https:\/\/www.absglobal.com\/es\/periodo-de-transicion\/","og_site_name":"ABS Global Spain","article_modified_time":"2025-03-12T09:06:57+00:00","twitter_card":"summary_large_image","twitter_misc":{"Est. reading time":"1 minuto"},"schema":{"@context":"https:\/\/schema.org","@graph":[{"@type":"WebPage","@id":"https:\/\/www.absglobal.com\/es\/periodo-de-transicion\/","url":"https:\/\/www.absglobal.com\/es\/periodo-de-transicion\/","name":"Per\u00edodo de transici\u00f3n - ABS Global Spain","isPartOf":{"@id":"https:\/\/www.absglobal.com\/es\/#website"},"datePublished":"2020-02-22T23:20:01+00:00","dateModified":"2025-03-12T09:06:57+00:00","description":"El per\u00edodo de transici\u00f3n juega un papel integral tanto en la producci\u00f3n como en la reproducci\u00f3n en su reba\u00f1o.","breadcrumb":{"@id":"https:\/\/www.absglobal.com\/es\/periodo-de-transicion\/#breadcrumb"},"inLanguage":"es","potentialAction":[{"@type":"ReadAction","target":["https:\/\/www.absglobal.com\/es\/periodo-de-transicion\/"]}]},{"@type":"BreadcrumbList","@id":"https:\/\/www.absglobal.com\/es\/periodo-de-transicion\/#breadcrumb","itemListElement":[{"@type":"ListItem","position":1,"name":"Home","item":"https:\/\/www.absglobal.com\/es\/"},{"@type":"ListItem","position":2,"name":"Per\u00edodo de transici\u00f3n"}]},{"@type":"WebSite","@id":"https:\/\/www.absglobal.com\/es\/#website","url":"https:\/\/www.absglobal.com\/es\/","name":"ABS Global Spain","description":"","publisher":{"@id":"https:\/\/www.absglobal.com\/es\/#organization"},"potentialAction":[{"@type":"SearchAction","target":{"@type":"EntryPoint","urlTemplate":"https:\/\/www.absglobal.com\/es\/?s={search_term_string}"},"query-input":{"@type":"PropertyValueSpecification","valueRequired":true,"valueName":"search_term_string"}}],"inLanguage":"es"},{"@type":"Organization","@id":"https:\/\/www.absglobal.com\/es\/#organization","name":"ABS Global Spain","url":"https:\/\/www.absglobal.com\/es\/","logo":{"@type":"ImageObject","inLanguage":"es","@id":"https:\/\/www.absglobal.com\/es\/#\/schema\/logo\/image\/","url":"https:\/\/www.absglobal.com\/es\/wp-content\/uploads\/sites\/17\/2020\/04\/Asset-1.png","contentUrl":"https:\/\/www.absglobal.com\/es\/wp-content\/uploads\/sites\/17\/2020\/04\/Asset-1.png","width":845,"height":1080,"caption":"ABS Global Spain"},"image":{"@id":"https:\/\/www.absglobal.com\/es\/#\/schema\/logo\/image\/"}}]}},"_links":{"self":[{"href":"https:\/\/www.absglobal.com\/es\/wp-json\/wp\/v2\/pages\/1706"}],"collection":[{"href":"https:\/\/www.absglobal.com\/es\/wp-json\/wp\/v2\/pages"}],"about":[{"href":"https:\/\/www.absglobal.com\/es\/wp-json\/wp\/v2\/types\/page"}],"author":[{"embeddable":true,"href":"https:\/\/www.absglobal.com\/es\/wp-json\/wp\/v2\/users\/289"}],"replies":[{"embeddable":true,"href":"https:\/\/www.absglobal.com\/es\/wp-json\/wp\/v2\/comments?post=1706"}],"version-history":[{"count":18,"href":"https:\/\/www.absglobal.com\/es\/wp-json\/wp\/v2\/pages\/1706\/revisions"}],"predecessor-version":[{"id":4014,"href":"https:\/\/www.absglobal.com\/es\/wp-json\/wp\/v2\/pages\/1706\/revisions\/4014"}],"wp:attachment":[{"href":"https:\/\/www.absglobal.com\/es\/wp-json\/wp\/v2\/media?parent=1706"}],"curies":[{"name":"wp","href":"https:\/\/api.w.org\/{rel}","templated":true}]}}