{"id":2096,"date":"2020-03-10T10:39:13","date_gmt":"2020-03-10T15:39:13","guid":{"rendered":"http:\/\/cms.genusplc.com\/absglobal\/?page_id=2096"},"modified":"2025-03-12T02:12:37","modified_gmt":"2025-03-12T07:12:37","slug":"cruce-industrial","status":"publish","type":"page","link":"https:\/\/www.absglobal.com\/es\/cruce-industrial\/","title":{"rendered":"Cruce Industrial"},"content":{"rendered":"\n<p>La idea de cruzar vacas lecheras de menor valor gen\u00e9tico\/producci\u00f3n con semen de carne se ha convertido en una pr\u00e1ctica creciente en las granjas lecheras. La raz\u00f3n principal del crecimiento es el aumento del valor de la descendencia cuando se compara con el ternero macho lechero tradicional. <\/p>\n\n\n\n<p>Mientras que el valor de las terneras de carne es un beneficio real, hay a\u00fan m\u00e1s ventajas. El uso de semen sexado con los mejores ejemplares del reba\u00f1o para crear novillas de reemplazo tambi\u00e9n aumenta la intensidad de la selecci\u00f3n y acelera el progreso gen\u00e9tico. Adem\u00e1s, el manejo proactivo del inventario de novillas evitar\u00e1 el exceso de reemplazos y resultar\u00e1 en menores gastos de crianza.<\/p>\n\n\n\n<p>Obtener m\u00e1s dinero por terneros cruzados, mejorar la gen\u00e9tica para las hembras de reemplazo y optimizar los costes es ideal, pero puede estar en riesgo si no se tiene cuidado al seleccionar la gen\u00e9tica de carne.<\/p>\n\n\n\n<p>El primer paso en este proceso es asegurar que la gen\u00e9tica de carne de vacuno funcionar\u00e1 bien para que las vacas queden pre\u00f1adas y luego demostrar el rendimiento en el parto. Adem\u00e1s, producir un ternero sano y eficiente que crear\u00e1 valor para toda la cadena de suministro de carne de vacuno.<\/p>\n\n\n\n<h2 class=\"wp-block-heading\" id=\"h-abs-tiene-multiples-formas-de-apoyar-a-los-productores-de-leche-en-la-creacion-de-un-plan-de-cruce-industrial-en-la-granja-a-continuacion-se-presentan-varios-recursos-para-iniciar-el-proceso\">ABS tiene m\u00faltiples formas de apoyar a los productores de leche en la creaci\u00f3n de un plan de cruce industrial en la granja, a continuaci\u00f3n se presentan varios recursos para iniciar el proceso. <\/h2>\n\n\n\t\t<section id=\"\" class=\"alignwide section-wrapper section-wrapper-small-fluid block-product-slider\" data-magellan-target=\"\">\n\t\t\t<div class=\"carousel-card-section owl-carousel owl-theme\">\n\t\t\t\t\t\t\t\t\t\t<div class=\"card\">\n\t\t\t\t\t\t\t\t\t\t\t\t\t\t\t<img decoding=\"async\" class=\"card-img\" src=\"https:\/\/www.absglobal.com\/es\/wp-content\/uploads\/sites\/17\/2020\/02\/beef-infocus-product-page2.jpg?w=1000&#038;resize=375,250\" alt=\"Image of medical devices\">\n\t\t\t\t\t\t\t\t\t\t\t\t\t\t<div class=\"card-section\">\n\t\t\t\t\t\t\t\t<h3 class=\"card-title\">Beef InFocus\u2122<\/h3>\n\t\t\t\t\t\t\t\t\t\t\t\t\t\t\t\t\t\t\t\t\t\t\t\t\t<p class=\"card-description\">Beef InFocus\u2122 &#8211; Cruce Industrial, pero no como lo conoce. ABS Beef InFocus\u2122, impulsado por NuEra Genetics\u2122, ofrece gen\u00e9tica de carne de vacuno probada y fiable para que el ganadero pueda maximizar el valor de la producci\u00f3n de terneros a la vez que impulsa la eficiencia de la cadena de suministro de carne de vacuno. [&hellip;]<\/p>\n\t\t\t\t\t\t\t\t\n\t\t\t\t\t\t\t\t<a href=\"https:\/\/www.absglobal.com\/es\/services\/beef-infocus\/\" class=\"card-section-button button\">Aprender m\u00e1s<\/a>\n\t\t\t\t\t\t\t<\/div>\n\t\t\t\t\t\t<\/div>\n\t\t\t\t\t\t\t\t\t\t\t\t<div class=\"card\">\n\t\t\t\t\t\t\t\t\t\t\t\t\t\t\t<img decoding=\"async\" class=\"card-img\" src=\"https:\/\/www.absglobal.com\/es\/wp-content\/uploads\/sites\/17\/2020\/03\/product-sexcel-2.jpg?w=1000&#038;resize=375,250\" alt=\"Image of medical devices\">\n\t\t\t\t\t\t\t\t\t\t\t\t\t\t<div class=\"card-section\">\n\t\t\t\t\t\t\t\t<h3 class=\"card-title\">Sexcel\u00ae<\/h3>\n\t\t\t\t\t\t\t\t\t\t\t\t\t\t\t\t\t\t\t\t\t\t\t\t\t<p class=\"card-description\">Sexcel\u00ae Sexed Genetics &#8211; Obtenga sus novillas de reemplazo de sus mejores vacas Una unidad de semen no aporta ning\u00fan valor real a un ganadero, a menos que resulte en una vaca pre\u00f1ada con un ternero hembra. De igual manera, es preciso que nazca una ternera sana y s\u00f3lo entonces se podr\u00e1 observar el progreso [&hellip;]<\/p>\n\t\t\t\t\t\t\t\t\n\t\t\t\t\t\t\t\t<a href=\"https:\/\/www.absglobal.com\/es\/services\/sexcel\/\" class=\"card-section-button button\">Aprender m\u00e1s<\/a>\n\t\t\t\t\t\t\t<\/div>\n\t\t\t\t\t\t<\/div>\n\t\t\t\t\t\t\t\t\t\t\t\t<div class=\"card\">\n\t\t\t\t\t\t\t\t\t\t\t\t\t\t\t<img decoding=\"async\" class=\"card-img\" src=\"https:\/\/www.absglobal.com\/es\/wp-content\/uploads\/sites\/17\/2020\/03\/product-nuera-2.jpg?w=1000&#038;resize=375,250\" alt=\"Image of medical devices\">\n\t\t\t\t\t\t\t\t\t\t\t\t\t\t<div class=\"card-section\">\n\t\t\t\t\t\t\t\t<h3 class=\"card-title\">NuEra Genetics\u2122<\/h3>\n\t\t\t\t\t\t\t\t\t\t\t\t\t\t\t\t\t\t\t\t\t\t\t\t\t<p class=\"card-description\">NuEra Genetics\u2122 de ABS Global abarca todos los programas de cr\u00eda de carne de vacuno de propiedad de ABS, evaluaciones e \u00edndices. Lanzado en julio de 2017, NuEra Genetics ofrece una gen\u00e9tica terminal diferenciada y superior para la rentabilidad de la cadena de suministro de carne de vacuno. NuEra Genetics simboliza el siguiente cap\u00edtulo en [&hellip;]<\/p>\n\t\t\t\t\t\t\t\t\n\t\t\t\t\t\t\t\t<a href=\"https:\/\/www.absglobal.com\/es\/services\/nuera-genetics\/\" class=\"card-section-button button\">Aprender m\u00e1s<\/a>\n\t\t\t\t\t\t\t<\/div>\n\t\t\t\t\t\t<\/div>\n\t\t\t\t\t\t\t\t\t<\/div>\n\t\t<\/section>\n\t\t","protected":false},"excerpt":{"rendered":"<p>La idea de cruzar vacas lecheras de menor valor gen\u00e9tico\/producci\u00f3n con semen de carne se ha convertido en una pr\u00e1ctica creciente en las granjas lecheras. La raz\u00f3n principal del crecimiento es el aumento del valor de la descendencia cuando se compara con el ternero macho lechero tradicional. Mientras que el valor de las terneras de [&hellip;]<\/p>\n","protected":false},"author":289,"featured_media":0,"parent":0,"menu_order":0,"comment_status":"closed","ping_status":"closed","template":"","meta":{"_acf_changed":false,"content-type":"","footnotes":""},"class_list":["post-2096","page","type-page","status-publish","hentry"],"acf":[],"yoast_head":"<!-- This site is optimized with the Yoast SEO Premium plugin v25.6 (Yoast SEO v25.6) - https:\/\/yoast.com\/wordpress\/plugins\/seo\/ -->\n<title>Cruce Industrial - ABS Global Spain<\/title>\n<meta name=\"description\" content=\"La idea de cruzar vacas lecheras de menor valor gen\u00e9tico\/producci\u00f3n con semen de carne se ha convertido en una pr\u00e1ctica creciente en las granjas lecheras.\" \/>\n<meta name=\"robots\" content=\"index, follow, max-snippet:-1, max-image-preview:large, max-video-preview:-1\" \/>\n<link rel=\"canonical\" href=\"https:\/\/www.absglobal.com\/es\/cruce-industrial\/\" \/>\n<meta property=\"og:locale\" content=\"es_ES\" \/>\n<meta property=\"og:type\" content=\"article\" \/>\n<meta property=\"og:title\" content=\"Cruce Industrial\" \/>\n<meta property=\"og:description\" content=\"La idea de cruzar vacas lecheras de menor valor gen\u00e9tico\/producci\u00f3n con semen de carne se ha convertido en una pr\u00e1ctica creciente en las granjas lecheras.\" \/>\n<meta property=\"og:url\" content=\"https:\/\/www.absglobal.com\/es\/cruce-industrial\/\" \/>\n<meta property=\"og:site_name\" content=\"ABS Global Spain\" \/>\n<meta property=\"article:modified_time\" content=\"2025-03-12T07:12:37+00:00\" \/>\n<meta name=\"twitter:card\" content=\"summary_large_image\" \/>\n<meta name=\"twitter:label1\" content=\"Est. reading time\" \/>\n\t<meta name=\"twitter:data1\" content=\"2 minutos\" \/>\n<script type=\"application\/ld+json\" class=\"yoast-schema-graph\">{\"@context\":\"https:\/\/schema.org\",\"@graph\":[{\"@type\":\"WebPage\",\"@id\":\"https:\/\/www.absglobal.com\/es\/cruce-industrial\/\",\"url\":\"https:\/\/www.absglobal.com\/es\/cruce-industrial\/\",\"name\":\"Cruce Industrial - ABS Global Spain\",\"isPartOf\":{\"@id\":\"https:\/\/www.absglobal.com\/es\/#website\"},\"datePublished\":\"2020-03-10T15:39:13+00:00\",\"dateModified\":\"2025-03-12T07:12:37+00:00\",\"description\":\"La idea de cruzar vacas lecheras de menor valor gen\u00e9tico\/producci\u00f3n con semen de carne se ha convertido en una pr\u00e1ctica creciente en las granjas lecheras.\",\"breadcrumb\":{\"@id\":\"https:\/\/www.absglobal.com\/es\/cruce-industrial\/#breadcrumb\"},\"inLanguage\":\"es\",\"potentialAction\":[{\"@type\":\"ReadAction\",\"target\":[\"https:\/\/www.absglobal.com\/es\/cruce-industrial\/\"]}]},{\"@type\":\"BreadcrumbList\",\"@id\":\"https:\/\/www.absglobal.com\/es\/cruce-industrial\/#breadcrumb\",\"itemListElement\":[{\"@type\":\"ListItem\",\"position\":1,\"name\":\"Home\",\"item\":\"https:\/\/www.absglobal.com\/es\/\"},{\"@type\":\"ListItem\",\"position\":2,\"name\":\"Cruce Industrial\"}]},{\"@type\":\"WebSite\",\"@id\":\"https:\/\/www.absglobal.com\/es\/#website\",\"url\":\"https:\/\/www.absglobal.com\/es\/\",\"name\":\"ABS Global Spain\",\"description\":\"\",\"publisher\":{\"@id\":\"https:\/\/www.absglobal.com\/es\/#organization\"},\"potentialAction\":[{\"@type\":\"SearchAction\",\"target\":{\"@type\":\"EntryPoint\",\"urlTemplate\":\"https:\/\/www.absglobal.com\/es\/?s={search_term_string}\"},\"query-input\":{\"@type\":\"PropertyValueSpecification\",\"valueRequired\":true,\"valueName\":\"search_term_string\"}}],\"inLanguage\":\"es\"},{\"@type\":\"Organization\",\"@id\":\"https:\/\/www.absglobal.com\/es\/#organization\",\"name\":\"ABS Global Spain\",\"url\":\"https:\/\/www.absglobal.com\/es\/\",\"logo\":{\"@type\":\"ImageObject\",\"inLanguage\":\"es\",\"@id\":\"https:\/\/www.absglobal.com\/es\/#\/schema\/logo\/image\/\",\"url\":\"https:\/\/www.absglobal.com\/es\/wp-content\/uploads\/sites\/17\/2020\/04\/Asset-1.png\",\"contentUrl\":\"https:\/\/www.absglobal.com\/es\/wp-content\/uploads\/sites\/17\/2020\/04\/Asset-1.png\",\"width\":845,\"height\":1080,\"caption\":\"ABS Global Spain\"},\"image\":{\"@id\":\"https:\/\/www.absglobal.com\/es\/#\/schema\/logo\/image\/\"}}]}<\/script>\n<!-- \/ Yoast SEO Premium plugin. -->","yoast_head_json":{"title":"Cruce Industrial - ABS Global Spain","description":"La idea de cruzar vacas lecheras de menor valor gen\u00e9tico\/producci\u00f3n con semen de carne se ha convertido en una pr\u00e1ctica creciente en las granjas lecheras.","robots":{"index":"index","follow":"follow","max-snippet":"max-snippet:-1","max-image-preview":"max-image-preview:large","max-video-preview":"max-video-preview:-1"},"canonical":"https:\/\/www.absglobal.com\/es\/cruce-industrial\/","og_locale":"es_ES","og_type":"article","og_title":"Cruce Industrial","og_description":"La idea de cruzar vacas lecheras de menor valor gen\u00e9tico\/producci\u00f3n con semen de carne se ha convertido en una pr\u00e1ctica creciente en las granjas lecheras.","og_url":"https:\/\/www.absglobal.com\/es\/cruce-industrial\/","og_site_name":"ABS Global Spain","article_modified_time":"2025-03-12T07:12:37+00:00","twitter_card":"summary_large_image","twitter_misc":{"Est. reading time":"2 minutos"},"schema":{"@context":"https:\/\/schema.org","@graph":[{"@type":"WebPage","@id":"https:\/\/www.absglobal.com\/es\/cruce-industrial\/","url":"https:\/\/www.absglobal.com\/es\/cruce-industrial\/","name":"Cruce Industrial - ABS Global Spain","isPartOf":{"@id":"https:\/\/www.absglobal.com\/es\/#website"},"datePublished":"2020-03-10T15:39:13+00:00","dateModified":"2025-03-12T07:12:37+00:00","description":"La idea de cruzar vacas lecheras de menor valor gen\u00e9tico\/producci\u00f3n con semen de carne se ha convertido en una pr\u00e1ctica creciente en las granjas lecheras.","breadcrumb":{"@id":"https:\/\/www.absglobal.com\/es\/cruce-industrial\/#breadcrumb"},"inLanguage":"es","potentialAction":[{"@type":"ReadAction","target":["https:\/\/www.absglobal.com\/es\/cruce-industrial\/"]}]},{"@type":"BreadcrumbList","@id":"https:\/\/www.absglobal.com\/es\/cruce-industrial\/#breadcrumb","itemListElement":[{"@type":"ListItem","position":1,"name":"Home","item":"https:\/\/www.absglobal.com\/es\/"},{"@type":"ListItem","position":2,"name":"Cruce Industrial"}]},{"@type":"WebSite","@id":"https:\/\/www.absglobal.com\/es\/#website","url":"https:\/\/www.absglobal.com\/es\/","name":"ABS Global Spain","description":"","publisher":{"@id":"https:\/\/www.absglobal.com\/es\/#organization"},"potentialAction":[{"@type":"SearchAction","target":{"@type":"EntryPoint","urlTemplate":"https:\/\/www.absglobal.com\/es\/?s={search_term_string}"},"query-input":{"@type":"PropertyValueSpecification","valueRequired":true,"valueName":"search_term_string"}}],"inLanguage":"es"},{"@type":"Organization","@id":"https:\/\/www.absglobal.com\/es\/#organization","name":"ABS Global Spain","url":"https:\/\/www.absglobal.com\/es\/","logo":{"@type":"ImageObject","inLanguage":"es","@id":"https:\/\/www.absglobal.com\/es\/#\/schema\/logo\/image\/","url":"https:\/\/www.absglobal.com\/es\/wp-content\/uploads\/sites\/17\/2020\/04\/Asset-1.png","contentUrl":"https:\/\/www.absglobal.com\/es\/wp-content\/uploads\/sites\/17\/2020\/04\/Asset-1.png","width":845,"height":1080,"caption":"ABS Global Spain"},"image":{"@id":"https:\/\/www.absglobal.com\/es\/#\/schema\/logo\/image\/"}}]}},"_links":{"self":[{"href":"https:\/\/www.absglobal.com\/es\/wp-json\/wp\/v2\/pages\/2096"}],"collection":[{"href":"https:\/\/www.absglobal.com\/es\/wp-json\/wp\/v2\/pages"}],"about":[{"href":"https:\/\/www.absglobal.com\/es\/wp-json\/wp\/v2\/types\/page"}],"author":[{"embeddable":true,"href":"https:\/\/www.absglobal.com\/es\/wp-json\/wp\/v2\/users\/289"}],"replies":[{"embeddable":true,"href":"https:\/\/www.absglobal.com\/es\/wp-json\/wp\/v2\/comments?post=2096"}],"version-history":[{"count":10,"href":"https:\/\/www.absglobal.com\/es\/wp-json\/wp\/v2\/pages\/2096\/revisions"}],"predecessor-version":[{"id":4604,"href":"https:\/\/www.absglobal.com\/es\/wp-json\/wp\/v2\/pages\/2096\/revisions\/4604"}],"wp:attachment":[{"href":"https:\/\/www.absglobal.com\/es\/wp-json\/wp\/v2\/media?parent=2096"}],"curies":[{"name":"wp","href":"https:\/\/api.w.org\/{rel}","templated":true}]}}