{"id":2105,"date":"2020-03-10T11:25:40","date_gmt":"2020-03-10T16:25:40","guid":{"rendered":"http:\/\/cms.genusplc.com\/absglobal\/?page_id=2105"},"modified":"2025-03-12T01:59:18","modified_gmt":"2025-03-12T06:59:18","slug":"cadena-de-suministro","status":"publish","type":"page","link":"https:\/\/www.absglobal.com\/es\/cadena-de-suministro\/","title":{"rendered":"Cadena de suministro"},"content":{"rendered":"\n<p>Desde el parto hasta la producci\u00f3n, el recorrido de la cadena de suministro de carne de vacuno se basa en tres componentes principales: eficiencia, salud y gen\u00e9tica.<\/p>\n\n\n\n<p>La distribuci\u00f3n entre los productores, los criaderos de animales y los empacadores es un componente clave para asegurar la eficiencia y cada jugador puede centrarse en lo que mejor sabe hacer.  Las eficiencias obtenidas de esta especializaci\u00f3n pueden tener un gran impacto en los componentes de alimentaci\u00f3n y salud, mientras que la gen\u00e9tica s\u00f3lo puede abordarse al principio del proceso en la fase de cr\u00eda, y aportan beneficios a lo largo de toda la cadena de suministro.<\/p>\n\n\n\n<p>Al conocer el impacto de la gen\u00e9tica en la eficiencia, el canal y la calidad de la carne, los empacadores y los cebaderos est\u00e1n viendo ahora la gen\u00e9tica como una forma de aumentar la sostenibilidad y la rentabilidad en toda la cadena de suministro de carne de vacuno.<\/p>\n\n\n\n<p>ABS ha desarrollado soluciones de cruce industrial teniendo en cuenta toda la cadena de suministro de carne de vacuno.<\/p>\n\n\n\n<div style=\"height:50px\" aria-hidden=\"true\" class=\"wp-block-spacer\"><\/div>\n\n\n\n<h2 class=\"is-style-underline wp-block-heading\">Productos Relacionados<\/h2>\n\n\n\t\t<section id=\"\" class=\"alignwide section-wrapper section-wrapper-small-fluid block-product-slider\" data-magellan-target=\"\">\n\t\t\t<div class=\"cards-section grid-x grid-margin-x small-up-1 medium-up-2 medium-large-up-3 show-for-medium\">\n\t\t\t\t\t\t\t\t\t\t<div class=\"cell card\">\n\t\t\t\t\t\t\t\t\t\t\t\t\t\t\t<img decoding=\"async\" class=\"card-img\" src=\"https:\/\/www.absglobal.com\/es\/wp-content\/uploads\/sites\/17\/2020\/03\/product-nuera-2.jpg?w=1000&#038;resize=375,250\" alt=\"Image of medical devices\">\n\t\t\t\t\t\t\t\t\t\t\t\t\t\t<div class=\"card-section\">\n\t\t\t\t\t\t\t\t<h3 class=\"card-title\">NuEra Genetics\u2122<\/h3>\n\t\t\t\t\t\t\t\t\t\t\t\t\t\t\t\t\t\t\t\t\t\t\t\t\t<p class=\"card-description\">NuEra Genetics\u2122 de ABS Global abarca todos los programas de cr\u00eda de carne de vacuno de propiedad de ABS, evaluaciones e \u00edndices. Lanzado en julio de 2017, NuEra Genetics ofrece una gen\u00e9tica terminal diferenciada y superior para la rentabilidad de la cadena de suministro de carne de vacuno. NuEra Genetics simboliza el siguiente cap\u00edtulo en [&hellip;]<\/p>\n\t\t\t\t\t\t\t\t\n\t\t\t\t\t\t\t\t<a href=\"https:\/\/www.absglobal.com\/es\/services\/nuera-genetics\/\" class=\"card-section-button button\">Aprender m\u00e1s<\/a>\n\t\t\t\t\t\t\t<\/div>\n\t\t\t\t\t\t<\/div>\n\t\t\t\t\t\t\t\t\t\t\t\t<div class=\"cell card\">\n\t\t\t\t\t\t\t\t\t\t\t\t\t\t\t<img decoding=\"async\" class=\"card-img\" src=\"https:\/\/www.absglobal.com\/es\/wp-content\/uploads\/sites\/17\/2020\/02\/beef-infocus-product-page2.jpg?w=1000&#038;resize=375,250\" alt=\"Image of medical devices\">\n\t\t\t\t\t\t\t\t\t\t\t\t\t\t<div class=\"card-section\">\n\t\t\t\t\t\t\t\t<h3 class=\"card-title\">Beef InFocus\u2122<\/h3>\n\t\t\t\t\t\t\t\t\t\t\t\t\t\t\t\t\t\t\t\t\t\t\t\t\t<p class=\"card-description\">Beef InFocus\u2122 &#8211; Cruce Industrial, pero no como lo conoce. ABS Beef InFocus\u2122, impulsado por NuEra Genetics\u2122, ofrece gen\u00e9tica de carne de vacuno probada y fiable para que el ganadero pueda maximizar el valor de la producci\u00f3n de terneros a la vez que impulsa la eficiencia de la cadena de suministro de carne de vacuno. [&hellip;]<\/p>\n\t\t\t\t\t\t\t\t\n\t\t\t\t\t\t\t\t<a href=\"https:\/\/www.absglobal.com\/es\/services\/beef-infocus\/\" class=\"card-section-button button\">Aprender m\u00e1s<\/a>\n\t\t\t\t\t\t\t<\/div>\n\t\t\t\t\t\t<\/div>\n\t\t\t\t\t\t\t\t\t<\/div>\n\t\t\t<div class=\"carousel-card-section-mobile owl-carousel owl-theme hide-for-medium\">\n\t\t\t\t\t\t\t\t\t\t<div class=\"card\">\n\t\t\t\t\t\t\t\t\t\t\t\t\t\t\t<img decoding=\"async\" class=\"card-img\" src=\"https:\/\/www.absglobal.com\/es\/wp-content\/uploads\/sites\/17\/2020\/03\/product-nuera-2.jpg?w=1000&#038;resize=375,250\" alt=\"Image of medical devices\">\n\t\t\t\t\t\t\t\t\t\t\t\t\t\t<div class=\"card-section\">\n\t\t\t\t\t\t\t\t<h3 class=\"card-title\">NuEra Genetics\u2122<\/h3>\n\t\t\t\t\t\t\t\t\t\t\t\t\t\t\t\t\t\t\t\t\t\t\t\t\t<p class=\"card-description\">NuEra Genetics\u2122 de ABS Global abarca todos los programas de cr\u00eda de carne de vacuno de propiedad de ABS, evaluaciones e \u00edndices. Lanzado en julio de 2017, NuEra Genetics ofrece una gen\u00e9tica terminal diferenciada y superior para la rentabilidad de la cadena de suministro de carne de vacuno. NuEra Genetics simboliza el siguiente cap\u00edtulo en [&hellip;]<\/p>\n\t\t\t\t\t\t\t\t\n\t\t\t\t\t\t\t\t<a href=\"https:\/\/www.absglobal.com\/es\/services\/nuera-genetics\/\" class=\"card-section-button button\">Aprender m\u00e1s<\/a>\n\t\t\t\t\t\t\t<\/div>\n\t\t\t\t\t\t<\/div>\n\t\t\t\t\t\t\t\t\t\t\t\t<div class=\"card\">\n\t\t\t\t\t\t\t\t\t\t\t\t\t\t\t<img decoding=\"async\" class=\"card-img\" src=\"https:\/\/www.absglobal.com\/es\/wp-content\/uploads\/sites\/17\/2020\/02\/beef-infocus-product-page2.jpg?w=1000&#038;resize=375,250\" alt=\"Image of medical devices\">\n\t\t\t\t\t\t\t\t\t\t\t\t\t\t<div class=\"card-section\">\n\t\t\t\t\t\t\t\t<h3 class=\"card-title\">Beef InFocus\u2122<\/h3>\n\t\t\t\t\t\t\t\t\t\t\t\t\t\t\t\t\t\t\t\t\t\t\t\t\t<p class=\"card-description\">Beef InFocus\u2122 &#8211; Cruce Industrial, pero no como lo conoce. ABS Beef InFocus\u2122, impulsado por NuEra Genetics\u2122, ofrece gen\u00e9tica de carne de vacuno probada y fiable para que el ganadero pueda maximizar el valor de la producci\u00f3n de terneros a la vez que impulsa la eficiencia de la cadena de suministro de carne de vacuno. [&hellip;]<\/p>\n\t\t\t\t\t\t\t\t\n\t\t\t\t\t\t\t\t<a href=\"https:\/\/www.absglobal.com\/es\/services\/beef-infocus\/\" class=\"card-section-button button\">Aprender m\u00e1s<\/a>\n\t\t\t\t\t\t\t<\/div>\n\t\t\t\t\t\t<\/div>\n\t\t\t\t\t\t\t\t\t<\/div>\n\t\t<\/section>\n\t\t","protected":false},"excerpt":{"rendered":"<p>Desde el parto hasta la producci\u00f3n, el recorrido de la cadena de suministro de carne de vacuno se basa en tres componentes principales: eficiencia, salud y gen\u00e9tica. La distribuci\u00f3n entre los productores, los criaderos de animales y los empacadores es un componente clave para asegurar la eficiencia y cada jugador puede centrarse en lo que [&hellip;]<\/p>\n","protected":false},"author":289,"featured_media":0,"parent":0,"menu_order":0,"comment_status":"closed","ping_status":"closed","template":"","meta":{"_acf_changed":false,"content-type":"","footnotes":""},"class_list":["post-2105","page","type-page","status-publish","hentry"],"acf":[],"yoast_head":"<!-- This site is optimized with the Yoast SEO Premium plugin v25.6 (Yoast SEO v25.6) - https:\/\/yoast.com\/wordpress\/plugins\/seo\/ -->\n<title>Cadena de suministro - ABS Global Spain<\/title>\n<meta name=\"description\" content=\"Desde el parto hasta la producci\u00f3n, el recorrido de la cadena de suministro de carne de vacuno se basa en tres componentes: eficiencia, salud y gen\u00e9tica.\" \/>\n<meta name=\"robots\" content=\"index, follow, max-snippet:-1, max-image-preview:large, max-video-preview:-1\" \/>\n<link rel=\"canonical\" href=\"https:\/\/www.absglobal.com\/es\/cadena-de-suministro\/\" \/>\n<meta property=\"og:locale\" content=\"es_ES\" \/>\n<meta property=\"og:type\" content=\"article\" \/>\n<meta property=\"og:title\" content=\"Cadena de suministro\" \/>\n<meta property=\"og:description\" content=\"Desde el parto hasta la producci\u00f3n, el recorrido de la cadena de suministro de carne de vacuno se basa en tres componentes: eficiencia, salud y gen\u00e9tica.\" \/>\n<meta property=\"og:url\" content=\"https:\/\/www.absglobal.com\/es\/cadena-de-suministro\/\" \/>\n<meta property=\"og:site_name\" content=\"ABS Global Spain\" \/>\n<meta property=\"article:modified_time\" content=\"2025-03-12T06:59:18+00:00\" \/>\n<meta name=\"twitter:card\" content=\"summary_large_image\" \/>\n<meta name=\"twitter:label1\" content=\"Est. reading time\" \/>\n\t<meta name=\"twitter:data1\" content=\"1 minuto\" \/>\n<script type=\"application\/ld+json\" class=\"yoast-schema-graph\">{\"@context\":\"https:\/\/schema.org\",\"@graph\":[{\"@type\":\"WebPage\",\"@id\":\"https:\/\/www.absglobal.com\/es\/cadena-de-suministro\/\",\"url\":\"https:\/\/www.absglobal.com\/es\/cadena-de-suministro\/\",\"name\":\"Cadena de suministro - ABS Global Spain\",\"isPartOf\":{\"@id\":\"https:\/\/www.absglobal.com\/es\/#website\"},\"datePublished\":\"2020-03-10T16:25:40+00:00\",\"dateModified\":\"2025-03-12T06:59:18+00:00\",\"description\":\"Desde el parto hasta la producci\u00f3n, el recorrido de la cadena de suministro de carne de vacuno se basa en tres componentes: eficiencia, salud y gen\u00e9tica.\",\"breadcrumb\":{\"@id\":\"https:\/\/www.absglobal.com\/es\/cadena-de-suministro\/#breadcrumb\"},\"inLanguage\":\"es\",\"potentialAction\":[{\"@type\":\"ReadAction\",\"target\":[\"https:\/\/www.absglobal.com\/es\/cadena-de-suministro\/\"]}]},{\"@type\":\"BreadcrumbList\",\"@id\":\"https:\/\/www.absglobal.com\/es\/cadena-de-suministro\/#breadcrumb\",\"itemListElement\":[{\"@type\":\"ListItem\",\"position\":1,\"name\":\"Home\",\"item\":\"https:\/\/www.absglobal.com\/es\/\"},{\"@type\":\"ListItem\",\"position\":2,\"name\":\"Cadena de suministro\"}]},{\"@type\":\"WebSite\",\"@id\":\"https:\/\/www.absglobal.com\/es\/#website\",\"url\":\"https:\/\/www.absglobal.com\/es\/\",\"name\":\"ABS Global Spain\",\"description\":\"\",\"publisher\":{\"@id\":\"https:\/\/www.absglobal.com\/es\/#organization\"},\"potentialAction\":[{\"@type\":\"SearchAction\",\"target\":{\"@type\":\"EntryPoint\",\"urlTemplate\":\"https:\/\/www.absglobal.com\/es\/?s={search_term_string}\"},\"query-input\":{\"@type\":\"PropertyValueSpecification\",\"valueRequired\":true,\"valueName\":\"search_term_string\"}}],\"inLanguage\":\"es\"},{\"@type\":\"Organization\",\"@id\":\"https:\/\/www.absglobal.com\/es\/#organization\",\"name\":\"ABS Global Spain\",\"url\":\"https:\/\/www.absglobal.com\/es\/\",\"logo\":{\"@type\":\"ImageObject\",\"inLanguage\":\"es\",\"@id\":\"https:\/\/www.absglobal.com\/es\/#\/schema\/logo\/image\/\",\"url\":\"https:\/\/www.absglobal.com\/es\/wp-content\/uploads\/sites\/17\/2020\/04\/Asset-1.png\",\"contentUrl\":\"https:\/\/www.absglobal.com\/es\/wp-content\/uploads\/sites\/17\/2020\/04\/Asset-1.png\",\"width\":845,\"height\":1080,\"caption\":\"ABS Global Spain\"},\"image\":{\"@id\":\"https:\/\/www.absglobal.com\/es\/#\/schema\/logo\/image\/\"}}]}<\/script>\n<!-- \/ Yoast SEO Premium plugin. -->","yoast_head_json":{"title":"Cadena de suministro - ABS Global Spain","description":"Desde el parto hasta la producci\u00f3n, el recorrido de la cadena de suministro de carne de vacuno se basa en tres componentes: eficiencia, salud y gen\u00e9tica.","robots":{"index":"index","follow":"follow","max-snippet":"max-snippet:-1","max-image-preview":"max-image-preview:large","max-video-preview":"max-video-preview:-1"},"canonical":"https:\/\/www.absglobal.com\/es\/cadena-de-suministro\/","og_locale":"es_ES","og_type":"article","og_title":"Cadena de suministro","og_description":"Desde el parto hasta la producci\u00f3n, el recorrido de la cadena de suministro de carne de vacuno se basa en tres componentes: eficiencia, salud y gen\u00e9tica.","og_url":"https:\/\/www.absglobal.com\/es\/cadena-de-suministro\/","og_site_name":"ABS Global Spain","article_modified_time":"2025-03-12T06:59:18+00:00","twitter_card":"summary_large_image","twitter_misc":{"Est. reading time":"1 minuto"},"schema":{"@context":"https:\/\/schema.org","@graph":[{"@type":"WebPage","@id":"https:\/\/www.absglobal.com\/es\/cadena-de-suministro\/","url":"https:\/\/www.absglobal.com\/es\/cadena-de-suministro\/","name":"Cadena de suministro - ABS Global Spain","isPartOf":{"@id":"https:\/\/www.absglobal.com\/es\/#website"},"datePublished":"2020-03-10T16:25:40+00:00","dateModified":"2025-03-12T06:59:18+00:00","description":"Desde el parto hasta la producci\u00f3n, el recorrido de la cadena de suministro de carne de vacuno se basa en tres componentes: eficiencia, salud y gen\u00e9tica.","breadcrumb":{"@id":"https:\/\/www.absglobal.com\/es\/cadena-de-suministro\/#breadcrumb"},"inLanguage":"es","potentialAction":[{"@type":"ReadAction","target":["https:\/\/www.absglobal.com\/es\/cadena-de-suministro\/"]}]},{"@type":"BreadcrumbList","@id":"https:\/\/www.absglobal.com\/es\/cadena-de-suministro\/#breadcrumb","itemListElement":[{"@type":"ListItem","position":1,"name":"Home","item":"https:\/\/www.absglobal.com\/es\/"},{"@type":"ListItem","position":2,"name":"Cadena de suministro"}]},{"@type":"WebSite","@id":"https:\/\/www.absglobal.com\/es\/#website","url":"https:\/\/www.absglobal.com\/es\/","name":"ABS Global Spain","description":"","publisher":{"@id":"https:\/\/www.absglobal.com\/es\/#organization"},"potentialAction":[{"@type":"SearchAction","target":{"@type":"EntryPoint","urlTemplate":"https:\/\/www.absglobal.com\/es\/?s={search_term_string}"},"query-input":{"@type":"PropertyValueSpecification","valueRequired":true,"valueName":"search_term_string"}}],"inLanguage":"es"},{"@type":"Organization","@id":"https:\/\/www.absglobal.com\/es\/#organization","name":"ABS Global Spain","url":"https:\/\/www.absglobal.com\/es\/","logo":{"@type":"ImageObject","inLanguage":"es","@id":"https:\/\/www.absglobal.com\/es\/#\/schema\/logo\/image\/","url":"https:\/\/www.absglobal.com\/es\/wp-content\/uploads\/sites\/17\/2020\/04\/Asset-1.png","contentUrl":"https:\/\/www.absglobal.com\/es\/wp-content\/uploads\/sites\/17\/2020\/04\/Asset-1.png","width":845,"height":1080,"caption":"ABS Global Spain"},"image":{"@id":"https:\/\/www.absglobal.com\/es\/#\/schema\/logo\/image\/"}}]}},"_links":{"self":[{"href":"https:\/\/www.absglobal.com\/es\/wp-json\/wp\/v2\/pages\/2105"}],"collection":[{"href":"https:\/\/www.absglobal.com\/es\/wp-json\/wp\/v2\/pages"}],"about":[{"href":"https:\/\/www.absglobal.com\/es\/wp-json\/wp\/v2\/types\/page"}],"author":[{"embeddable":true,"href":"https:\/\/www.absglobal.com\/es\/wp-json\/wp\/v2\/users\/289"}],"replies":[{"embeddable":true,"href":"https:\/\/www.absglobal.com\/es\/wp-json\/wp\/v2\/comments?post=2105"}],"version-history":[{"count":12,"href":"https:\/\/www.absglobal.com\/es\/wp-json\/wp\/v2\/pages\/2105\/revisions"}],"predecessor-version":[{"id":4602,"href":"https:\/\/www.absglobal.com\/es\/wp-json\/wp\/v2\/pages\/2105\/revisions\/4602"}],"wp:attachment":[{"href":"https:\/\/www.absglobal.com\/es\/wp-json\/wp\/v2\/media?parent=2105"}],"curies":[{"name":"wp","href":"https:\/\/api.w.org\/{rel}","templated":true}]}}