{"id":2461,"date":"2020-03-12T14:48:53","date_gmt":"2020-03-12T19:48:53","guid":{"rendered":"http:\/\/cms.genusplc.com\/absglobal\/?page_id=2461"},"modified":"2025-03-12T02:46:43","modified_gmt":"2025-03-12T07:46:43","slug":"cuidado-de-la-ubre","status":"publish","type":"page","link":"https:\/\/www.absglobal.com\/es\/cuidado-de-la-ubre\/","title":{"rendered":"Cuidado de la Ubre"},"content":{"rendered":"\n<p class=\"has-text-align-justify\">Un procedimiento de orde\u00f1o bien ejecutado depende del buen ambiente, el equipo y el cuidado de las ubres. Si hay deficiencias en cualquiera de estas \u00e1reas principales, el riesgo de que aumente la tasa de mastitis es mucho mayor.<\/p>\n\n\n\n<p class=\"has-text-align-justify\">Sin un buen procedimiento de orde\u00f1o, la vaca no tendr\u00e1 una buena bajada, lo que afectar\u00e1 negativamente la eficiencia del orde\u00f1o y la comodidad de la vaca. Adem\u00e1s, un procedimiento deficiente en la limpieza dejar\u00e1 bacterias da\u00f1inas que podr\u00edan provocar un aumento de los casos de mastitis.<\/p>\n\n\n\n<p class=\"has-text-align-justify\">Cada vez es m\u00e1s com\u00fan que las lecher\u00edas se salten el proceso de orde\u00f1o manual debido a limitaciones de tiempo percibidas. Esto en realidad causa una bajada y salida de la leche m\u00e1s lentas, ya que la extracci\u00f3n tambi\u00e9n es cuando se verifican los signos de mastitis. Eliminar este paso clave dificultar\u00e1 la detecci\u00f3n temprana de problemas y terminar\u00e1 costando m\u00e1s dinero y tiempo a largo plazo.<\/p>\n\n\n\n<p class=\"has-text-align-justify\">En este caso, la prevenci\u00f3n es mejor que una cura. Al mantener un buen ambiente, equipo y cuidado de las ubres, la tasa de mastitis disminuir\u00e1, lo que resulta en una operaci\u00f3n m\u00e1s eficiente y rentable.<\/p>\n\n\n\n<div style=\"height:100px\" aria-hidden=\"true\" class=\"wp-block-spacer\"><\/div>\n\n\n\n<h2 class=\"is-style-underline wp-block-heading\" id=\"h-soluciones-abs\">Soluciones ABS<\/h2>\n\n\n\t\t<section id=\"\" class=\"alignwide section-wrapper section-wrapper-small-fluid block-product-slider\" data-magellan-target=\"\">\n\t\t\t<div class=\"carousel-card-section owl-carousel owl-theme\">\n\t\t\t\t\t\t\t\t\t\t<div class=\"card\">\n\t\t\t\t\t\t\t\t\t\t\t\t\t\t\t<img decoding=\"async\" class=\"card-img\" src=\"https:\/\/www.absglobal.com\/es\/wp-content\/uploads\/sites\/17\/2021\/10\/valiantfoam.jpg?w=1024&#038;resize=375,250\" alt=\"Image of medical devices\">\n\t\t\t\t\t\t\t\t\t\t\t\t\t\t<div class=\"card-section\">\n\t\t\t\t\t\t\t\t<h3 class=\"card-title\">Valiant\u00ae Ultra Range<\/h3>\n\t\t\t\t\t\t\t\t\t\t\t\t\t\t\t\t\t\t\t\t\t\t\t\t\t<p class=\"card-description\">La mastitis es uno de los problemas de salud m\u00e1s costosos en la industria lechera, causando p\u00e9rdidas en la producci\u00f3n y una menor eficiencia en el orde\u00f1o. Mantener una buena salud de la ubre es esencial para conservar a calidad de la leche. Protege tu reba\u00f1o contra enfermedades costosas y la p\u00e9rdida de producci\u00f3n lechera [&hellip;]<\/p>\n\t\t\t\t\t\t\t\t\n\t\t\t\t\t\t\t\t<a href=\"https:\/\/www.absglobal.com\/es\/services\/valiant\/\" class=\"card-section-button button\">Aprender m\u00e1s<\/a>\n\t\t\t\t\t\t\t<\/div>\n\t\t\t\t\t\t<\/div>\n\t\t\t\t\t\t\t\t\t\t\t\t<div class=\"card\">\n\t\t\t\t\t\t\t\t\t\t\t\t\t\t\t<img decoding=\"async\" class=\"card-img\" src=\"https:\/\/www.absglobal.com\/es\/wp-content\/uploads\/sites\/17\/2020\/03\/product-sexcel-2.jpg?w=1000&#038;resize=375,250\" alt=\"Image of medical devices\">\n\t\t\t\t\t\t\t\t\t\t\t\t\t\t<div class=\"card-section\">\n\t\t\t\t\t\t\t\t<h3 class=\"card-title\">Sexcel\u00ae<\/h3>\n\t\t\t\t\t\t\t\t\t\t\t\t\t\t\t\t\t\t\t\t\t\t\t\t\t<p class=\"card-description\">Sexcel\u00ae Sexed Genetics &#8211; Obtenga sus novillas de reemplazo de sus mejores vacas Una unidad de semen no aporta ning\u00fan valor real a un ganadero, a menos que resulte en una vaca pre\u00f1ada con un ternero hembra. De igual manera, es preciso que nazca una ternera sana y s\u00f3lo entonces se podr\u00e1 observar el progreso [&hellip;]<\/p>\n\t\t\t\t\t\t\t\t\n\t\t\t\t\t\t\t\t<a href=\"https:\/\/www.absglobal.com\/es\/services\/sexcel\/\" class=\"card-section-button button\">Aprender m\u00e1s<\/a>\n\t\t\t\t\t\t\t<\/div>\n\t\t\t\t\t\t<\/div>\n\t\t\t\t\t\t\t\t\t\t\t\t<div class=\"card\">\n\t\t\t\t\t\t\t\t\t\t\t\t\t\t\t<img decoding=\"async\" class=\"card-img\" src=\"https:\/\/www.absglobal.com\/es\/wp-content\/uploads\/sites\/17\/2020\/03\/product-Transitionright-3.jpg?w=1000&#038;resize=375,250\" alt=\"Image of medical devices\">\n\t\t\t\t\t\t\t\t\t\t\t\t\t\t<div class=\"card-section\">\n\t\t\t\t\t\t\t\t<h3 class=\"card-title\">TransitionRight\u00ae<\/h3>\n\t\t\t\t\t\t\t\t\t\t\t\t\t\t\t\t\t\t\t\t\t\t\t\t\t<p class=\"card-description\">No reaccione. Prevenir a trav\u00e9s de la gen\u00e9tica. Los trastornos de salud durante el per\u00edodo de transici\u00f3n cobran un peaje en su tiempo, dinero y la productividad de su ganado. Hoy en d\u00eda, sin embargo, es posible reducir los riesgos con TransitionRight\u00ae de ABS Global. ABS Global, l\u00edder mundial en gen\u00e9tica bovina, servicios de reproducci\u00f3n [&hellip;]<\/p>\n\t\t\t\t\t\t\t\t\n\t\t\t\t\t\t\t\t<a href=\"https:\/\/www.absglobal.com\/es\/services\/transitionright\/\" class=\"card-section-button button\">Aprender m\u00e1s<\/a>\n\t\t\t\t\t\t\t<\/div>\n\t\t\t\t\t\t<\/div>\n\t\t\t\t\t\t\t\t\t<\/div>\n\t\t<\/section>\n\t\t","protected":false},"excerpt":{"rendered":"<p>Un procedimiento de orde\u00f1o bien ejecutado depende del buen ambiente, el equipo y el cuidado de las ubres. Si hay deficiencias en cualquiera de estas \u00e1reas principales, el riesgo de que aumente la tasa de mastitis es mucho mayor. Sin un buen procedimiento de orde\u00f1o, la vaca no tendr\u00e1 una buena bajada, lo que afectar\u00e1 [&hellip;]<\/p>\n","protected":false},"author":289,"featured_media":0,"parent":0,"menu_order":0,"comment_status":"closed","ping_status":"closed","template":"","meta":{"_acf_changed":false,"content-type":"","footnotes":""},"class_list":["post-2461","page","type-page","status-publish","hentry"],"acf":[],"yoast_head":"<!-- This site is optimized with the Yoast SEO Premium plugin v25.6 (Yoast SEO v25.6) - https:\/\/yoast.com\/wordpress\/plugins\/seo\/ -->\n<title>Cuidado de la Ubre - ABS Global Spain<\/title>\n<meta name=\"description\" content=\"Un orde\u00f1o bien ejecutado depende de muchos factores. Cualquier deficiencia hace que la tasa de mastitis sea mucho mayor.\" \/>\n<meta name=\"robots\" content=\"index, follow, max-snippet:-1, max-image-preview:large, max-video-preview:-1\" \/>\n<link rel=\"canonical\" href=\"https:\/\/www.absglobal.com\/es\/cuidado-de-la-ubre\/\" \/>\n<meta property=\"og:locale\" content=\"es_ES\" \/>\n<meta property=\"og:type\" content=\"article\" \/>\n<meta property=\"og:title\" content=\"Cuidado de la Ubre\" \/>\n<meta property=\"og:description\" content=\"Un orde\u00f1o bien ejecutado depende de muchos factores. Cualquier deficiencia hace que la tasa de mastitis sea mucho mayor.\" \/>\n<meta property=\"og:url\" content=\"https:\/\/www.absglobal.com\/es\/cuidado-de-la-ubre\/\" \/>\n<meta property=\"og:site_name\" content=\"ABS Global Spain\" \/>\n<meta property=\"article:modified_time\" content=\"2025-03-12T07:46:43+00:00\" \/>\n<meta name=\"twitter:card\" content=\"summary_large_image\" \/>\n<meta name=\"twitter:label1\" content=\"Est. reading time\" \/>\n\t<meta name=\"twitter:data1\" content=\"1 minuto\" \/>\n<script type=\"application\/ld+json\" class=\"yoast-schema-graph\">{\"@context\":\"https:\/\/schema.org\",\"@graph\":[{\"@type\":\"WebPage\",\"@id\":\"https:\/\/www.absglobal.com\/es\/cuidado-de-la-ubre\/\",\"url\":\"https:\/\/www.absglobal.com\/es\/cuidado-de-la-ubre\/\",\"name\":\"Cuidado de la Ubre - ABS Global Spain\",\"isPartOf\":{\"@id\":\"https:\/\/www.absglobal.com\/es\/#website\"},\"datePublished\":\"2020-03-12T19:48:53+00:00\",\"dateModified\":\"2025-03-12T07:46:43+00:00\",\"description\":\"Un orde\u00f1o bien ejecutado depende de muchos factores. Cualquier deficiencia hace que la tasa de mastitis sea mucho mayor.\",\"breadcrumb\":{\"@id\":\"https:\/\/www.absglobal.com\/es\/cuidado-de-la-ubre\/#breadcrumb\"},\"inLanguage\":\"es\",\"potentialAction\":[{\"@type\":\"ReadAction\",\"target\":[\"https:\/\/www.absglobal.com\/es\/cuidado-de-la-ubre\/\"]}]},{\"@type\":\"BreadcrumbList\",\"@id\":\"https:\/\/www.absglobal.com\/es\/cuidado-de-la-ubre\/#breadcrumb\",\"itemListElement\":[{\"@type\":\"ListItem\",\"position\":1,\"name\":\"Home\",\"item\":\"https:\/\/www.absglobal.com\/es\/\"},{\"@type\":\"ListItem\",\"position\":2,\"name\":\"Cuidado de la Ubre\"}]},{\"@type\":\"WebSite\",\"@id\":\"https:\/\/www.absglobal.com\/es\/#website\",\"url\":\"https:\/\/www.absglobal.com\/es\/\",\"name\":\"ABS Global Spain\",\"description\":\"\",\"publisher\":{\"@id\":\"https:\/\/www.absglobal.com\/es\/#organization\"},\"potentialAction\":[{\"@type\":\"SearchAction\",\"target\":{\"@type\":\"EntryPoint\",\"urlTemplate\":\"https:\/\/www.absglobal.com\/es\/?s={search_term_string}\"},\"query-input\":{\"@type\":\"PropertyValueSpecification\",\"valueRequired\":true,\"valueName\":\"search_term_string\"}}],\"inLanguage\":\"es\"},{\"@type\":\"Organization\",\"@id\":\"https:\/\/www.absglobal.com\/es\/#organization\",\"name\":\"ABS Global Spain\",\"url\":\"https:\/\/www.absglobal.com\/es\/\",\"logo\":{\"@type\":\"ImageObject\",\"inLanguage\":\"es\",\"@id\":\"https:\/\/www.absglobal.com\/es\/#\/schema\/logo\/image\/\",\"url\":\"https:\/\/www.absglobal.com\/es\/wp-content\/uploads\/sites\/17\/2020\/04\/Asset-1.png\",\"contentUrl\":\"https:\/\/www.absglobal.com\/es\/wp-content\/uploads\/sites\/17\/2020\/04\/Asset-1.png\",\"width\":845,\"height\":1080,\"caption\":\"ABS Global Spain\"},\"image\":{\"@id\":\"https:\/\/www.absglobal.com\/es\/#\/schema\/logo\/image\/\"}}]}<\/script>\n<!-- \/ Yoast SEO Premium plugin. -->","yoast_head_json":{"title":"Cuidado de la Ubre - ABS Global Spain","description":"Un orde\u00f1o bien ejecutado depende de muchos factores. Cualquier deficiencia hace que la tasa de mastitis sea mucho mayor.","robots":{"index":"index","follow":"follow","max-snippet":"max-snippet:-1","max-image-preview":"max-image-preview:large","max-video-preview":"max-video-preview:-1"},"canonical":"https:\/\/www.absglobal.com\/es\/cuidado-de-la-ubre\/","og_locale":"es_ES","og_type":"article","og_title":"Cuidado de la Ubre","og_description":"Un orde\u00f1o bien ejecutado depende de muchos factores. Cualquier deficiencia hace que la tasa de mastitis sea mucho mayor.","og_url":"https:\/\/www.absglobal.com\/es\/cuidado-de-la-ubre\/","og_site_name":"ABS Global Spain","article_modified_time":"2025-03-12T07:46:43+00:00","twitter_card":"summary_large_image","twitter_misc":{"Est. reading time":"1 minuto"},"schema":{"@context":"https:\/\/schema.org","@graph":[{"@type":"WebPage","@id":"https:\/\/www.absglobal.com\/es\/cuidado-de-la-ubre\/","url":"https:\/\/www.absglobal.com\/es\/cuidado-de-la-ubre\/","name":"Cuidado de la Ubre - ABS Global Spain","isPartOf":{"@id":"https:\/\/www.absglobal.com\/es\/#website"},"datePublished":"2020-03-12T19:48:53+00:00","dateModified":"2025-03-12T07:46:43+00:00","description":"Un orde\u00f1o bien ejecutado depende de muchos factores. Cualquier deficiencia hace que la tasa de mastitis sea mucho mayor.","breadcrumb":{"@id":"https:\/\/www.absglobal.com\/es\/cuidado-de-la-ubre\/#breadcrumb"},"inLanguage":"es","potentialAction":[{"@type":"ReadAction","target":["https:\/\/www.absglobal.com\/es\/cuidado-de-la-ubre\/"]}]},{"@type":"BreadcrumbList","@id":"https:\/\/www.absglobal.com\/es\/cuidado-de-la-ubre\/#breadcrumb","itemListElement":[{"@type":"ListItem","position":1,"name":"Home","item":"https:\/\/www.absglobal.com\/es\/"},{"@type":"ListItem","position":2,"name":"Cuidado de la Ubre"}]},{"@type":"WebSite","@id":"https:\/\/www.absglobal.com\/es\/#website","url":"https:\/\/www.absglobal.com\/es\/","name":"ABS Global Spain","description":"","publisher":{"@id":"https:\/\/www.absglobal.com\/es\/#organization"},"potentialAction":[{"@type":"SearchAction","target":{"@type":"EntryPoint","urlTemplate":"https:\/\/www.absglobal.com\/es\/?s={search_term_string}"},"query-input":{"@type":"PropertyValueSpecification","valueRequired":true,"valueName":"search_term_string"}}],"inLanguage":"es"},{"@type":"Organization","@id":"https:\/\/www.absglobal.com\/es\/#organization","name":"ABS Global Spain","url":"https:\/\/www.absglobal.com\/es\/","logo":{"@type":"ImageObject","inLanguage":"es","@id":"https:\/\/www.absglobal.com\/es\/#\/schema\/logo\/image\/","url":"https:\/\/www.absglobal.com\/es\/wp-content\/uploads\/sites\/17\/2020\/04\/Asset-1.png","contentUrl":"https:\/\/www.absglobal.com\/es\/wp-content\/uploads\/sites\/17\/2020\/04\/Asset-1.png","width":845,"height":1080,"caption":"ABS Global Spain"},"image":{"@id":"https:\/\/www.absglobal.com\/es\/#\/schema\/logo\/image\/"}}]}},"_links":{"self":[{"href":"https:\/\/www.absglobal.com\/es\/wp-json\/wp\/v2\/pages\/2461"}],"collection":[{"href":"https:\/\/www.absglobal.com\/es\/wp-json\/wp\/v2\/pages"}],"about":[{"href":"https:\/\/www.absglobal.com\/es\/wp-json\/wp\/v2\/types\/page"}],"author":[{"embeddable":true,"href":"https:\/\/www.absglobal.com\/es\/wp-json\/wp\/v2\/users\/289"}],"replies":[{"embeddable":true,"href":"https:\/\/www.absglobal.com\/es\/wp-json\/wp\/v2\/comments?post=2461"}],"version-history":[{"count":20,"href":"https:\/\/www.absglobal.com\/es\/wp-json\/wp\/v2\/pages\/2461\/revisions"}],"predecessor-version":[{"id":4606,"href":"https:\/\/www.absglobal.com\/es\/wp-json\/wp\/v2\/pages\/2461\/revisions\/4606"}],"wp:attachment":[{"href":"https:\/\/www.absglobal.com\/es\/wp-json\/wp\/v2\/media?parent=2461"}],"curies":[{"name":"wp","href":"https:\/\/api.w.org\/{rel}","templated":true}]}}