{"id":3583,"date":"2022-10-26T05:09:04","date_gmt":"2022-10-26T10:09:04","guid":{"rendered":"https:\/\/www.absglobal.com\/es\/?page_id=3583"},"modified":"2023-06-19T04:38:19","modified_gmt":"2023-06-19T09:38:19","slug":"concurso-de-fotografia","status":"publish","type":"page","link":"https:\/\/www.absglobal.com\/es\/concurso-de-fotografia\/","title":{"rendered":"Calendario 2024"},"content":{"rendered":"\n<h2 class=\"wp-block-heading\">Calendario 2024<\/h2>\n\n\n\n<p class=\"has-text-align-justify\">Cada a\u00f1o, el equipo de ABS Progenex publica un calendario para nuestros ganaderos. Sin duda, una herramienta ic\u00f3nica que nos encanta ver colgada en miles de explotaciones de toda Espa\u00f1a.<br>El pasado a\u00f1o pedimos ayuda a muchos de nuestros clientes para construir este calendario y pudimos lanzar la primera edici\u00f3n exclusiva de ganaderos espa\u00f1oles.<\/p>\n\n\n\n<p>Este a\u00f1o no queremos quedarnos atr\u00e1s y por eso volvemos a pediros vuestra ayuda.<br>\u00bfHas tomado alguna foto de tus novillas?, \u00bftienes alguna foto de tus hijos caminando por la granja?, \u00bfviste una hermosa puesta de sol mientras tus vacas pastan?.<\/p>\n\n\n\n<p class=\"has-text-align-center\"><strong><a href=\"mailto:comunicaciones.abs-progenex@genusplc.com\">\u00a1Comp\u00e1rtela con nosotros para tener la oportunidad de aparecer en nuestro calendario anual!<\/a><\/strong><\/p>\n\n\n\n<figure class=\"wp-block-image size-large\"><img fetchpriority=\"high\" decoding=\"async\" height=\"1024\" width=\"724\" src=\"https:\/\/www.absglobal.com\/es\/wp-content\/uploads\/sites\/17\/2022\/10\/Portada-Social-Media.jpg?w=724\" alt=\"\" class=\"wp-image-3584\" srcset=\"https:\/\/www.absglobal.com\/es\/wp-content\/uploads\/sites\/17\/2022\/10\/Portada-Social-Media.jpg 2589w, https:\/\/www.absglobal.com\/es\/wp-content\/uploads\/sites\/17\/2022\/10\/Portada-Social-Media.jpg?resize=212,300 212w, https:\/\/www.absglobal.com\/es\/wp-content\/uploads\/sites\/17\/2022\/10\/Portada-Social-Media.jpg?resize=768,1086 768w, https:\/\/www.absglobal.com\/es\/wp-content\/uploads\/sites\/17\/2022\/10\/Portada-Social-Media.jpg?resize=724,1024 724w, https:\/\/www.absglobal.com\/es\/wp-content\/uploads\/sites\/17\/2022\/10\/Portada-Social-Media.jpg?resize=1086,1536 1086w, https:\/\/www.absglobal.com\/es\/wp-content\/uploads\/sites\/17\/2022\/10\/Portada-Social-Media.jpg?resize=1448,2048 1448w\" sizes=\"(max-width: 724px) 100vw, 724px\" \/><\/figure>\n\n\n\n<h2 class=\"wp-block-heading\" id=\"h-elegibilidad\"><strong>Elegibilidad:<\/strong><\/h2>\n\n\n\n<ul class=\"wp-block-list\"><li>Cualquier persona interesada podr\u00e1 hacer sus aportaciones, pero s\u00f3lo se tendr\u00e1n en cuenta para el Calendario fotograf\u00edas de dentro de Espa\u00f1a.<\/li><\/ul>\n\n\n\n<ul class=\"wp-block-list\"><li>Cada participante podr\u00e1 presentar tantas fotograf\u00edas como desee.<\/li><\/ul>\n\n\n\n<h2 class=\"wp-block-heading\"><strong>Selecci\u00f3n:<\/strong><\/h2>\n\n\n\n<p class=\"has-text-align-justify\">El equipo de ABS Progenex elegir\u00e1 las mejores fotograf\u00edas que se utilizar\u00e1n en nuestro <strong>calendario 2024<\/strong>.<br>Adem\u00e1s, \u00a1las 12 mejores fotos se publicar\u00e1n en la p\u00e1gina de <a href=\"https:\/\/www.facebook.com\/absprogenex\">Facebook de ABS Progenex<\/a> e <a href=\"https:\/\/www.instagram.com\/absprogenex\/\">Instagram<\/a> para que nuestros amigos, familiares y clientes puedan verlas!.<\/p>\n\n\n\n<h2 class=\"wp-block-heading\"><strong>Normas para la aceptaci\u00f3n de las fotograf\u00edas:<\/strong><\/h2>\n\n\n\n<p>Para poder aceptar las fotograf\u00edas e incluirlas en el calendario, \u00e9stas deben cumplir las siguientes normas:<\/p>\n\n\n\n<ul class=\"wp-block-list\"><li>Contener vacas lecheras o de carne, terneros, cruces de carne\/leche o pertenecer a la industria l\u00e1ctea o c\u00e1rnica.<\/li><li>Se puede hacer referencia al ganado ABS que aparece en la foto.<\/li><li>Las fotograf\u00edas deben ser en <strong>alta resoluci\u00f3n<\/strong>.<\/li><li>El formato debe ser <strong>horizontal\/apaisado<\/strong>.<\/li><\/ul>\n\n\n\n<h2 class=\"wp-block-heading\"><strong>T\u00e9rminos y condiciones:<\/strong><\/h2>\n\n\n\n<ul class=\"wp-block-list\"><li>Al enviar una foto digital para su consideraci\u00f3n, declara que ha obtenido los permisos necesarios para todo el contenido de la foto (incluidas las personas) y autoriza a ABS a usar la foto en todos y cada uno de los materiales promocionales o como ABS lo considere apropiado (es decir, sitio web, folletos, redes sociales, etc.).<\/li><li>Al participar, el fot\u00f3grafo da su consentimiento a ABS para incluir su foto en materiales promocionales, <span style=\"text-decoration: underline\"><strong>rehusando recibir compensaci\u00f3n econ\u00f3mica alguna o de cualquier otro tipo por ello<\/strong><\/span>.<\/li><li>Las fotograf\u00edas deben recibirse antes de las 11:59 PM del 20 de noviembre de 2023.<\/li><li>Los participantes pueden enviar varias fotos.<\/li><li>Las fotos que sean lascivas, obscenas, sexualmente expl\u00edcitas, pornogr\u00e1ficas, difamatorias o calumniosas ser\u00e1n autom\u00e1ticamente descalificadas.<\/li><li>Al enviar una foto, el concursante da su consentimiento para su publicaci\u00f3n y acepta estos <strong>T\u00e9rminos y Condiciones<\/strong>.<\/li><li>ABS no acepta responsabilidad por las fotograf\u00edas que puedan reproducirse o usarse sin su permiso.<\/li><\/ul>\n\n\n\n<h2 class=\"wp-block-heading\"><strong> \u00bfC\u00f3mo participar? <\/strong><\/h2>\n\n\n\n<p class=\"has-text-align-justify\">Participar es muy f\u00e1cil. Simplemente env\u00ede un correo electr\u00f3nico a: <a href=\"mailto:comunicaciones.abs-progenex@genusplc.com\">comunicaciones.abs-progenex@genusplc.com<\/a> adjuntando la fotograf\u00eda e indicando lo siguiente: <\/p>\n\n\n\n<ul class=\"wp-block-list\"><li>Nombre y apellidos.<\/li><li>Nombre de la explotaci\u00f3n<\/li><li>Informaci\u00f3n de contacto (n\u00famero de tel\u00e9fono y direcci\u00f3n postal completa)<\/li><li>T\u00edtulo de la fotograf\u00eda.<\/li><li>Cu\u00e9ntanos la historia de la foto.<\/li><\/ul>\n\n\n\n<h2 class=\"wp-block-heading\"><strong>Tratamiento de Datos<\/strong><\/h2>\n\n\n\n<p class=\"has-text-align-justify\">En ABS respetamos su privacidad y mantener su informaci\u00f3n segura es una parte importante del servicio que proporcionamos.<br>Por ello, y en cumplimiento del Reglamento General de Protecci\u00f3n de Datos -UE- 2016\/679, seg\u00fan los art\u00edculos, 5, 6 y 7, y por la LOPD 3\/2018 de 5 de diciembre de garant\u00eda de los derechos digitales, en su T\u00edtulo II y sus art\u00edculos, se le informa que el Responsable del Tratamiento de sus datos es:<\/p>\n\n\n\n<p class=\"has-text-align-justify\">Raz\u00f3n Social\/Nombre y Apellidos: <strong>PIG IMPROVEMENT COMPANY ESPA\u00d1A, S.A.<\/strong>, <a href=\"mailto:espanainfo@genusplc.com\">espanainfo@genusplc.com<\/a>.<\/p>\n\n\n\n<p class=\"has-text-align-justify\"><strong>PIG IMPROVEMENT COMPANY ESPA\u00d1A, S.A.<\/strong>, trata la informaci\u00f3n y los datos personales que nos facilitan las personas, de manera licita, leal y transparente en relaci\u00f3n con el interesado, con fines determinados, expl\u00edcitos y leg\u00edtimos y no ser\u00e1n tratados ulteriormente de manera incompatible con dichos fines, los datos ser\u00e1n adecuados, pertinentes y limitados a lo necesario en relaci\u00f3n con los fines para los que son tratados y si fuera necesario, actualizados. Se adoptar\u00e1n todas las medidas razonables para que se supriman o rectifiquen sin dilaci\u00f3n los datos personales que sean inexactos con respecto a los fines para los que se tratan.<\/p>\n\n\n\n<p class=\"has-text-align-justify\">El interesado tiene derecho a presentar reclamaciones a la Autoridad de Control. Solo se ceder\u00e1n los datos del interesado por obligaci\u00f3n legal, para el tratamiento contable y fiscal.<br><br>El interesado podr\u00e1 ejercer los derechos de: <strong>acceso, rectificaci\u00f3n, supresi\u00f3n, limitaci\u00f3n y portabilidad<\/strong>, dirigi\u00e9ndose a: <a href=\"mailto:espanainfo@genusplc.com\">espanainfo@genusplc.com<\/a><\/p>\n\n\n\n<p>Al participar en el concurso confirma que <strong>ha le\u00eddo, ha comprendido, ha sido informado<\/strong> <strong>y cede sus datos personales libremente.<\/strong><\/p>\n\n\n\n<p class=\"has-text-align-justify\">El interesado tendr\u00e1 derecho a retirar su consentimiento en cualquier momento.<br>La retirada del consentimiento no afectar\u00e1 a la licitud del tratamiento basada en el consentimiento previo a su retirada. Puede consultar la Pol\u00edtica de Privacidad completa en: <a href=\"https:\/\/www.absglobal.com\/es\/terminos-y-condiciones\/\">https:\/\/www.absglobal.com\/es\/terminos-y-condiciones\/<\/a><\/p>\n\n\n\n<h2 class=\"wp-block-heading\"><strong>\u00bfYa tienes lista tu foto?<\/strong><\/h2>\n\n\n\n<p>No lo pienses m\u00e1s y m\u00e1ndala haciendo clic aqu\u00ed: <a href=\"mailto:comunicaciones.abs-progenex@genusplc.com\">comunicaciones.abs-progenex@genusplc.com<\/a><\/p>\n","protected":false},"excerpt":{"rendered":"<p>Calendario 2024 Cada a\u00f1o, el equipo de ABS Progenex publica un calendario para nuestros ganaderos. Sin duda, una herramienta ic\u00f3nica que nos encanta ver colgada en miles de explotaciones de toda Espa\u00f1a.El pasado a\u00f1o pedimos ayuda a muchos de nuestros clientes para construir este calendario y pudimos lanzar la primera edici\u00f3n exclusiva de ganaderos espa\u00f1oles. [&hellip;]<\/p>\n","protected":false},"author":305,"featured_media":0,"parent":0,"menu_order":0,"comment_status":"closed","ping_status":"closed","template":"","meta":{"_acf_changed":false,"content-type":"","footnotes":""},"class_list":["post-3583","page","type-page","status-publish","hentry"],"acf":[],"yoast_head":"<!-- This site is optimized with the Yoast SEO Premium plugin v25.6 (Yoast SEO v25.6) - https:\/\/yoast.com\/wordpress\/plugins\/seo\/ -->\n<title>Calendario 2024 - ABS Global Spain<\/title>\n<meta name=\"robots\" content=\"index, follow, max-snippet:-1, max-image-preview:large, max-video-preview:-1\" \/>\n<link rel=\"canonical\" href=\"https:\/\/www.absglobal.com\/es\/concurso-de-fotografia\/\" \/>\n<meta property=\"og:locale\" content=\"es_ES\" \/>\n<meta property=\"og:type\" content=\"article\" \/>\n<meta property=\"og:title\" content=\"Calendario 2024\" \/>\n<meta property=\"og:description\" content=\"Calendario 2024 Cada a\u00f1o, el equipo de ABS Progenex publica un calendario para nuestros ganaderos. Sin duda, una herramienta ic\u00f3nica que nos encanta ver colgada en miles de explotaciones de toda Espa\u00f1a.El pasado a\u00f1o pedimos ayuda a muchos de nuestros clientes para construir este calendario y pudimos lanzar la primera edici\u00f3n exclusiva de ganaderos espa\u00f1oles. [&hellip;]\" \/>\n<meta property=\"og:url\" content=\"https:\/\/www.absglobal.com\/es\/concurso-de-fotografia\/\" \/>\n<meta property=\"og:site_name\" content=\"ABS Global Spain\" \/>\n<meta property=\"article:modified_time\" content=\"2023-06-19T09:38:19+00:00\" \/>\n<meta property=\"og:image\" content=\"https:\/\/www.absglobal.com\/es\/wp-content\/uploads\/sites\/17\/2022\/10\/Portada-Social-Media.jpg?w=724\" \/>\n<meta name=\"twitter:card\" content=\"summary_large_image\" \/>\n<meta name=\"twitter:label1\" content=\"Est. reading time\" \/>\n\t<meta name=\"twitter:data1\" content=\"4 minutos\" \/>\n<script type=\"application\/ld+json\" class=\"yoast-schema-graph\">{\"@context\":\"https:\/\/schema.org\",\"@graph\":[{\"@type\":\"WebPage\",\"@id\":\"https:\/\/www.absglobal.com\/es\/concurso-de-fotografia\/\",\"url\":\"https:\/\/www.absglobal.com\/es\/concurso-de-fotografia\/\",\"name\":\"Calendario 2024 - ABS Global Spain\",\"isPartOf\":{\"@id\":\"https:\/\/www.absglobal.com\/es\/#website\"},\"primaryImageOfPage\":{\"@id\":\"https:\/\/www.absglobal.com\/es\/concurso-de-fotografia\/#primaryimage\"},\"image\":{\"@id\":\"https:\/\/www.absglobal.com\/es\/concurso-de-fotografia\/#primaryimage\"},\"thumbnailUrl\":\"https:\/\/www.absglobal.com\/es\/wp-content\/uploads\/sites\/17\/2022\/10\/Portada-Social-Media.jpg?w=724\",\"datePublished\":\"2022-10-26T10:09:04+00:00\",\"dateModified\":\"2023-06-19T09:38:19+00:00\",\"breadcrumb\":{\"@id\":\"https:\/\/www.absglobal.com\/es\/concurso-de-fotografia\/#breadcrumb\"},\"inLanguage\":\"es\",\"potentialAction\":[{\"@type\":\"ReadAction\",\"target\":[\"https:\/\/www.absglobal.com\/es\/concurso-de-fotografia\/\"]}]},{\"@type\":\"ImageObject\",\"inLanguage\":\"es\",\"@id\":\"https:\/\/www.absglobal.com\/es\/concurso-de-fotografia\/#primaryimage\",\"url\":\"https:\/\/www.absglobal.com\/es\/wp-content\/uploads\/sites\/17\/2022\/10\/Portada-Social-Media.jpg\",\"contentUrl\":\"https:\/\/www.absglobal.com\/es\/wp-content\/uploads\/sites\/17\/2022\/10\/Portada-Social-Media.jpg\",\"width\":2589,\"height\":3661,\"caption\":\"Portada Calendario 2023\"},{\"@type\":\"BreadcrumbList\",\"@id\":\"https:\/\/www.absglobal.com\/es\/concurso-de-fotografia\/#breadcrumb\",\"itemListElement\":[{\"@type\":\"ListItem\",\"position\":1,\"name\":\"Home\",\"item\":\"https:\/\/www.absglobal.com\/es\/\"},{\"@type\":\"ListItem\",\"position\":2,\"name\":\"Calendario 2024\"}]},{\"@type\":\"WebSite\",\"@id\":\"https:\/\/www.absglobal.com\/es\/#website\",\"url\":\"https:\/\/www.absglobal.com\/es\/\",\"name\":\"ABS Global Spain\",\"description\":\"\",\"publisher\":{\"@id\":\"https:\/\/www.absglobal.com\/es\/#organization\"},\"potentialAction\":[{\"@type\":\"SearchAction\",\"target\":{\"@type\":\"EntryPoint\",\"urlTemplate\":\"https:\/\/www.absglobal.com\/es\/?s={search_term_string}\"},\"query-input\":{\"@type\":\"PropertyValueSpecification\",\"valueRequired\":true,\"valueName\":\"search_term_string\"}}],\"inLanguage\":\"es\"},{\"@type\":\"Organization\",\"@id\":\"https:\/\/www.absglobal.com\/es\/#organization\",\"name\":\"ABS Global Spain\",\"url\":\"https:\/\/www.absglobal.com\/es\/\",\"logo\":{\"@type\":\"ImageObject\",\"inLanguage\":\"es\",\"@id\":\"https:\/\/www.absglobal.com\/es\/#\/schema\/logo\/image\/\",\"url\":\"https:\/\/www.absglobal.com\/es\/wp-content\/uploads\/sites\/17\/2020\/04\/Asset-1.png\",\"contentUrl\":\"https:\/\/www.absglobal.com\/es\/wp-content\/uploads\/sites\/17\/2020\/04\/Asset-1.png\",\"width\":845,\"height\":1080,\"caption\":\"ABS Global Spain\"},\"image\":{\"@id\":\"https:\/\/www.absglobal.com\/es\/#\/schema\/logo\/image\/\"}}]}<\/script>\n<!-- \/ Yoast SEO Premium plugin. -->","yoast_head_json":{"title":"Calendario 2024 - ABS Global Spain","robots":{"index":"index","follow":"follow","max-snippet":"max-snippet:-1","max-image-preview":"max-image-preview:large","max-video-preview":"max-video-preview:-1"},"canonical":"https:\/\/www.absglobal.com\/es\/concurso-de-fotografia\/","og_locale":"es_ES","og_type":"article","og_title":"Calendario 2024","og_description":"Calendario 2024 Cada a\u00f1o, el equipo de ABS Progenex publica un calendario para nuestros ganaderos. Sin duda, una herramienta ic\u00f3nica que nos encanta ver colgada en miles de explotaciones de toda Espa\u00f1a.El pasado a\u00f1o pedimos ayuda a muchos de nuestros clientes para construir este calendario y pudimos lanzar la primera edici\u00f3n exclusiva de ganaderos espa\u00f1oles. [&hellip;]","og_url":"https:\/\/www.absglobal.com\/es\/concurso-de-fotografia\/","og_site_name":"ABS Global Spain","article_modified_time":"2023-06-19T09:38:19+00:00","og_image":[{"url":"https:\/\/www.absglobal.com\/es\/wp-content\/uploads\/sites\/17\/2022\/10\/Portada-Social-Media.jpg?w=724","type":"","width":"","height":""}],"twitter_card":"summary_large_image","twitter_misc":{"Est. reading time":"4 minutos"},"schema":{"@context":"https:\/\/schema.org","@graph":[{"@type":"WebPage","@id":"https:\/\/www.absglobal.com\/es\/concurso-de-fotografia\/","url":"https:\/\/www.absglobal.com\/es\/concurso-de-fotografia\/","name":"Calendario 2024 - ABS Global Spain","isPartOf":{"@id":"https:\/\/www.absglobal.com\/es\/#website"},"primaryImageOfPage":{"@id":"https:\/\/www.absglobal.com\/es\/concurso-de-fotografia\/#primaryimage"},"image":{"@id":"https:\/\/www.absglobal.com\/es\/concurso-de-fotografia\/#primaryimage"},"thumbnailUrl":"https:\/\/www.absglobal.com\/es\/wp-content\/uploads\/sites\/17\/2022\/10\/Portada-Social-Media.jpg?w=724","datePublished":"2022-10-26T10:09:04+00:00","dateModified":"2023-06-19T09:38:19+00:00","breadcrumb":{"@id":"https:\/\/www.absglobal.com\/es\/concurso-de-fotografia\/#breadcrumb"},"inLanguage":"es","potentialAction":[{"@type":"ReadAction","target":["https:\/\/www.absglobal.com\/es\/concurso-de-fotografia\/"]}]},{"@type":"ImageObject","inLanguage":"es","@id":"https:\/\/www.absglobal.com\/es\/concurso-de-fotografia\/#primaryimage","url":"https:\/\/www.absglobal.com\/es\/wp-content\/uploads\/sites\/17\/2022\/10\/Portada-Social-Media.jpg","contentUrl":"https:\/\/www.absglobal.com\/es\/wp-content\/uploads\/sites\/17\/2022\/10\/Portada-Social-Media.jpg","width":2589,"height":3661,"caption":"Portada Calendario 2023"},{"@type":"BreadcrumbList","@id":"https:\/\/www.absglobal.com\/es\/concurso-de-fotografia\/#breadcrumb","itemListElement":[{"@type":"ListItem","position":1,"name":"Home","item":"https:\/\/www.absglobal.com\/es\/"},{"@type":"ListItem","position":2,"name":"Calendario 2024"}]},{"@type":"WebSite","@id":"https:\/\/www.absglobal.com\/es\/#website","url":"https:\/\/www.absglobal.com\/es\/","name":"ABS Global Spain","description":"","publisher":{"@id":"https:\/\/www.absglobal.com\/es\/#organization"},"potentialAction":[{"@type":"SearchAction","target":{"@type":"EntryPoint","urlTemplate":"https:\/\/www.absglobal.com\/es\/?s={search_term_string}"},"query-input":{"@type":"PropertyValueSpecification","valueRequired":true,"valueName":"search_term_string"}}],"inLanguage":"es"},{"@type":"Organization","@id":"https:\/\/www.absglobal.com\/es\/#organization","name":"ABS Global Spain","url":"https:\/\/www.absglobal.com\/es\/","logo":{"@type":"ImageObject","inLanguage":"es","@id":"https:\/\/www.absglobal.com\/es\/#\/schema\/logo\/image\/","url":"https:\/\/www.absglobal.com\/es\/wp-content\/uploads\/sites\/17\/2020\/04\/Asset-1.png","contentUrl":"https:\/\/www.absglobal.com\/es\/wp-content\/uploads\/sites\/17\/2020\/04\/Asset-1.png","width":845,"height":1080,"caption":"ABS Global Spain"},"image":{"@id":"https:\/\/www.absglobal.com\/es\/#\/schema\/logo\/image\/"}}]}},"_links":{"self":[{"href":"https:\/\/www.absglobal.com\/es\/wp-json\/wp\/v2\/pages\/3583"}],"collection":[{"href":"https:\/\/www.absglobal.com\/es\/wp-json\/wp\/v2\/pages"}],"about":[{"href":"https:\/\/www.absglobal.com\/es\/wp-json\/wp\/v2\/types\/page"}],"author":[{"embeddable":true,"href":"https:\/\/www.absglobal.com\/es\/wp-json\/wp\/v2\/users\/305"}],"replies":[{"embeddable":true,"href":"https:\/\/www.absglobal.com\/es\/wp-json\/wp\/v2\/comments?post=3583"}],"version-history":[{"count":28,"href":"https:\/\/www.absglobal.com\/es\/wp-json\/wp\/v2\/pages\/3583\/revisions"}],"predecessor-version":[{"id":3965,"href":"https:\/\/www.absglobal.com\/es\/wp-json\/wp\/v2\/pages\/3583\/revisions\/3965"}],"wp:attachment":[{"href":"https:\/\/www.absglobal.com\/es\/wp-json\/wp\/v2\/media?parent=3583"}],"curies":[{"name":"wp","href":"https:\/\/api.w.org\/{rel}","templated":true}]}}