{"id":4392,"date":"2024-09-27T04:27:00","date_gmt":"2024-09-27T09:27:00","guid":{"rendered":"https:\/\/www.absglobal.com\/es\/?page_id=4392"},"modified":"2024-10-23T07:03:15","modified_gmt":"2024-10-23T12:03:15","slug":"sexcel-macho","status":"publish","type":"page","link":"https:\/\/www.absglobal.com\/es\/sexcel-macho\/","title":{"rendered":"Sexcel\u00ae Macho"},"content":{"rendered":"\n<p><strong>La gen\u00e9tica sexada masculina Sexcel<sup>\u00ae<\/sup> Macho de nuestros sementales de carne NuEra, ofrece una soluci\u00f3n revolucionaria para los ganaderos lecheros que buscan mejorar la rentabilidad de sus terneros de cruce.<\/strong><\/p>\n\n\n\n<h2 class=\"wp-block-heading\" id=\"h-qu-es-sexcel-macho\">\u00bfQu\u00e9 es Sexcel<sup>\u00ae<\/sup> Macho?<\/h2>\n\n\n\n<p class=\"has-text-align-justify\">Sexcel<sup>\u00ae<\/sup> Macho proporciona gen\u00e9tica de machos sexados dise\u00f1ada para aumentar la rentabilidad del reba\u00f1o. Este producto garantiza una alta fertilidad, facilidad de parto y una descendencia masculina de calidad excepcional. Perfectamente integrado en planes gen\u00e9ticos personalizados, Sexcel\u00ae Macho maximiza el valor de su producci\u00f3n de terneros de carne.<\/p>\n\n\n\n<h2 class=\"wp-block-heading\" id=\"h-por-qu-elegir-sexcel-macho\">\u00bfPor qu\u00e9 elegir Sexcel<sup>\u00ae<\/sup> Macho?<\/h2>\n\n\n\n<p class=\"has-text-align-justify\">Normalmente, la descendencia de machos cruzados genera mayores beneficios para toda la cadena de suministro a lo largo de su ciclo de vida. Esta rentabilidad suele comenzar en la explotaci\u00f3n lechera, donde muchos ganaderos obtienen una media de entre 83 y 119\u20ac m\u00e1s por los terneros machos de cruce que por las terneras hembras. Esta ventaja se extiende a las fases de cr\u00eda y acabado, ya que los terneros crecen m\u00e1s r\u00e1pido, tardan menos d\u00edas en ser sacrificados y producen canales m\u00e1s valiosas. La descendencia de los machos de cruce tiene una rentabilidad media de unos 180\u20ac m\u00e1s que la de las hembras de la misma madre. Teniendo en cuenta esta ventaja econ\u00f3mica, Genus ABS ha desarrollado la gen\u00e9tica Sexcel<sup>\u00ae<\/sup> Macho para aumentar la rentabilidad del reba\u00f1o. Nuestra gen\u00e9tica se ha creado teniendo en cuenta la cadena de suministro de carne para garantizar un rendimiento \u00f3ptimo de su inversi\u00f3n.<\/p>\n\n\n\n<h2 class=\"wp-block-heading\" id=\"h-incorporaci-n-de-sexcel-macho-a-su-estrategia-de-cr-a\">Incorporaci\u00f3n de Sexcel<sup>\u00ae<\/sup> Macho a su estrategia de cr\u00eda<\/h2>\n\n\n\n<p>Sexcel<sup>\u00ae<\/sup> Macho encaja a la perfecci\u00f3n en una estrategia mejorada de reproducci\u00f3n con sexado y carne, permitiendo a su reba\u00f1o aumentar el progreso gen\u00e9tico y maximizar el valor de la producci\u00f3n de terneros de cruce. Esto implica:<\/p>\n\n\n\n<ol class=\"wp-block-list\">\n<li>Producir sus hembras de alto rendimiento utilizando la gen\u00e9tica de Sexcel<sup>\u00ae<\/sup>, para crear hembras de reemplazo para su reba\u00f1o.<\/li>\n\n\n\n<li>Utilizar sus vacas de primera y segunda lactaci\u00f3n para criar un ternero macho de carne de alto valor, utilizando la gen\u00e9tica Sexcel<sup>\u00ae<\/sup> Macho de carne.<\/li>\n\n\n\n<li>Utilizar sus animales de menor m\u00e9rito gen\u00e9tico para producir terneros machos y hembras de cruce, utilizando la gen\u00e9tica <a href=\"https:\/\/www.absglobal.com\/es\/services\/nuera-genetics\/\" target=\"_blank\" rel=\"noreferrer noopener\">NuEra<\/a> Beef convencional.<\/li>\n<\/ol>\n\n\n\n<h2 class=\"wp-block-heading\" id=\"h-demostraci-n-de-c-mo-llevar-a-cabo-una-estrategia-de-cr-a-mejorada\">Demostraci\u00f3n de c\u00f3mo llevar a cabo una estrategia de cr\u00eda mejorada<\/h2>\n\n\n\n<p>Nuestro equipo de expertos en gen\u00e9tica puede ayudarle a identificar qu\u00e9 animales inseminar en cada fase de la estrategia de cr\u00eda para garantizar que se ajusta a sus objetivos de cr\u00eda.<\/p>\n\n\n\n<figure class=\"wp-block-image size-large\"><img fetchpriority=\"high\" decoding=\"async\" height=\"679\" width=\"1024\" src=\"https:\/\/www.absglobal.com\/es\/wp-content\/uploads\/sites\/17\/2023\/06\/Campana-estrategia-Sexado-Macho_web.jpg?w=1024\" alt=\"Estrategia Sexado y Carne con Sexcel macho\" class=\"wp-image-4396\" srcset=\"https:\/\/www.absglobal.com\/es\/wp-content\/uploads\/sites\/17\/2023\/06\/Campana-estrategia-Sexado-Macho_web.jpg 1898w, https:\/\/www.absglobal.com\/es\/wp-content\/uploads\/sites\/17\/2023\/06\/Campana-estrategia-Sexado-Macho_web.jpg?resize=300,199 300w, https:\/\/www.absglobal.com\/es\/wp-content\/uploads\/sites\/17\/2023\/06\/Campana-estrategia-Sexado-Macho_web.jpg?resize=768,509 768w, https:\/\/www.absglobal.com\/es\/wp-content\/uploads\/sites\/17\/2023\/06\/Campana-estrategia-Sexado-Macho_web.jpg?resize=1024,679 1024w, https:\/\/www.absglobal.com\/es\/wp-content\/uploads\/sites\/17\/2023\/06\/Campana-estrategia-Sexado-Macho_web.jpg?resize=1536,1018 1536w\" sizes=\"(max-width: 1024px) 100vw, 1024px\" \/><\/figure>\n\n\n\n<h2 class=\"wp-block-heading\" id=\"h-1-gen-tica-de-carne-nuera\"><strong>1. Gen\u00e9tica de Carne NuEra<\/strong><\/h2>\n\n\n\n<p>Inseminar sus animales de menor valor gen\u00e9tico con Gen\u00e9tica de Carne <a href=\"https:\/\/www.absglobal.com\/es\/services\/nuera-genetics\/\" target=\"_blank\" rel=\"noreferrer noopener\">NuEra <\/a>le permite crear un ternero de alto valor para la cadena de suministro de vacuno de carne.<\/p>\n\n\n\n<p>La Gen\u00e9tica de Carne <a href=\"https:\/\/www.absglobal.com\/es\/services\/nuera-genetics\/\" target=\"_blank\" rel=\"noreferrer noopener\">NuEra <\/a>garantiza que los terneros nazcan con facilidad, tengan tasas de crecimiento r\u00e1pidas y consuman menos alimento, lo que los hace mejores que la descendencia media de carne, asegur\u00e1ndose a su vez de que pueda venderlos m\u00e1s r\u00e1pidamente con mejores m\u00e1rgenes.<\/p>\n\n\n\n<h2 class=\"wp-block-heading\" id=\"h-2-gen-tica-sexada-sexcel-macho\"><strong>2. Gen\u00e9tica sexada Sexcel<sup>\u00ae<\/sup> Macho<\/strong><\/h2>\n\n\n\n<p>Utilizar los animales de primera y segunda lactaci\u00f3n gen\u00e9ticamente inferiores pero positivos en fertilidad le permitir\u00e1 maximizar el valor de su producci\u00f3n de terneros de carne. Un ternero macho cruzado vale aproximadamente 119\u20ac m\u00e1s que un ternero hembra de la misma vaca. Unas decisiones de cr\u00eda m\u00e1s selectivas pueden a\u00f1adir valor a su negocio.<\/p>\n\n\n\n<h2 class=\"wp-block-heading\" id=\"h-3-gen-tica-sexada-sexcel-para-vacas-de-leche\"><strong>3. Gen\u00e9tica sexada Sexcel<sup>\u00ae<\/sup> para vacas de leche<\/strong><\/h2>\n\n\n\n<p>La reproducci\u00f3n de sus hembras de alto rendimiento con Sexcel\u00ae le permite crear mejores vacas m\u00e1s r\u00e1pidamente, mediante la reproducci\u00f3n de los animales con mayor valor gen\u00e9tico del reba\u00f1o. Con m\u00e1s de 6,9 millones de inseminaciones, Sexcel<sup>\u00ae<\/sup> es el producto de mayor fertilidad de la industria. Las tasas de concepci\u00f3n son 0,8% puntos m\u00e1s altas para las vacas Holstein y 2,7% puntos m\u00e1s altas para las novillas Holstein. El resultado es que usted puede conseguir pre\u00f1eces de mayor valor m\u00e1s r\u00e1pidamente que en ning\u00fan otro sitio.<\/p>\n\n\n\n<figure class=\"wp-block-image size-large\"><img decoding=\"async\" width=\"1015\" height=\"1006\" src=\"https:\/\/www.absglobal.com\/es\/wp-content\/uploads\/sites\/17\/2023\/06\/Beneficios-de-Sexcel-Macho.jpg?w=1015\" alt=\"Beneficios de Sexcel Macho\" class=\"wp-image-4398\" srcset=\"https:\/\/www.absglobal.com\/es\/wp-content\/uploads\/sites\/17\/2023\/06\/Beneficios-de-Sexcel-Macho.jpg 1015w, https:\/\/www.absglobal.com\/es\/wp-content\/uploads\/sites\/17\/2023\/06\/Beneficios-de-Sexcel-Macho.jpg?resize=150,150 150w, https:\/\/www.absglobal.com\/es\/wp-content\/uploads\/sites\/17\/2023\/06\/Beneficios-de-Sexcel-Macho.jpg?resize=300,297 300w, https:\/\/www.absglobal.com\/es\/wp-content\/uploads\/sites\/17\/2023\/06\/Beneficios-de-Sexcel-Macho.jpg?resize=768,761 768w\" sizes=\"(max-width: 1015px) 100vw, 1015px\" \/><\/figure>\n\n\n\n<h2 class=\"wp-block-heading\">Los ganaderos de leche que cr\u00edan sus propios terneros de cruce pueden extraer el m\u00e1ximo valor de la gen\u00e9tica de Sexcel<sup>\u00ae<\/sup> Macho<\/h2>\n\n\n\n<p>Durante m\u00e1s de una d\u00e9cada, Genus ABS ha recopilado datos completos sobre la descendencia de cruces de vacuno de la poblaci\u00f3n Holstein para identificar las diferencias gen\u00e9ticas que mejoran la eficiencia de la producci\u00f3n de carne desde la cr\u00eda hasta el sacrificio.<\/p>\n\n\n\n<p>Estos datos revelan que mediante el uso de la gen\u00e9tica <a href=\"https:\/\/www.absglobal.com\/es\/services\/nuera-genetics\/\" target=\"_blank\" rel=\"noreferrer noopener\">NuEra<\/a>, usted puede:<\/p>\n\n\n\n<ul class=\"wp-block-list\">\n<li>Mejorar las tasas diarias de crecimiento<\/li>\n\n\n\n<li>Aumentar la eficiencia alimentaria<\/li>\n\n\n\n<li>Reducir los d\u00edas hasta el sacrificio<\/li>\n<\/ul>\n\n\n\n<figure class=\"wp-block-image size-large\"><img decoding=\"async\" height=\"398\" width=\"1024\" src=\"https:\/\/www.absglobal.com\/es\/wp-content\/uploads\/sites\/17\/2023\/06\/Rendimiento-en-el-acabado-1.jpg?w=1024\" alt=\"Comparativa del Rendimiento en el acabado entre Angus y Azul Belga\" class=\"wp-image-4423\" srcset=\"https:\/\/www.absglobal.com\/es\/wp-content\/uploads\/sites\/17\/2023\/06\/Rendimiento-en-el-acabado-1.jpg 2003w, https:\/\/www.absglobal.com\/es\/wp-content\/uploads\/sites\/17\/2023\/06\/Rendimiento-en-el-acabado-1.jpg?resize=300,117 300w, https:\/\/www.absglobal.com\/es\/wp-content\/uploads\/sites\/17\/2023\/06\/Rendimiento-en-el-acabado-1.jpg?resize=768,299 768w, https:\/\/www.absglobal.com\/es\/wp-content\/uploads\/sites\/17\/2023\/06\/Rendimiento-en-el-acabado-1.jpg?resize=1024,398 1024w, https:\/\/www.absglobal.com\/es\/wp-content\/uploads\/sites\/17\/2023\/06\/Rendimiento-en-el-acabado-1.jpg?resize=1536,597 1536w\" sizes=\"(max-width: 1024px) 100vw, 1024px\" \/><\/figure>\n\n\n\n<p class=\"has-text-align-center has-small-font-size\">El gr\u00e1fico anterior demuestra que los terneros superan a las novillas, proporcionando mayores m\u00e1rgenes a los ganaderos de carne en comparaci\u00f3n con los sementales de la industria en general. Por lo tanto, es l\u00f3gico que los ganaderos de explotaciones lecheras utilicen la gen\u00e9tica Sexcel<sup>\u00ae<\/sup> Macho para producir m\u00e1s terneros machos que sean altamente deseables para la cadena de suministro.<\/p>\n\n\n\n<h2 class=\"wp-block-heading\" id=\"h-lo-que-opinan-nuestros-clientes\">Lo que opinan nuestros clientes&#8230;<\/h2>\n\n\n\n<div class=\"wp-block-media-text alignwide is-stacked-on-mobile\" style=\"grid-template-columns:46% auto\"><figure class=\"wp-block-media-text__media\"><img loading=\"lazy\" decoding=\"async\" width=\"665\" height=\"491\" src=\"https:\/\/www.absglobal.com\/es\/wp-content\/uploads\/sites\/17\/2023\/06\/Richard-Woolford.png?w=665\" alt=\"Richard Woolford\" class=\"wp-image-4405 size-full\" srcset=\"https:\/\/www.absglobal.com\/es\/wp-content\/uploads\/sites\/17\/2023\/06\/Richard-Woolford.png 665w, https:\/\/www.absglobal.com\/es\/wp-content\/uploads\/sites\/17\/2023\/06\/Richard-Woolford.png?resize=300,222 300w\" sizes=\"(max-width: 665px) 100vw, 665px\" \/><\/figure><div class=\"wp-block-media-text__content\">\n<h2 class=\"wp-block-heading\" id=\"h-richard-woolford-wiltshire\"><strong><strong>Richard Woolford, Wiltshire<\/strong><\/strong><\/h2>\n\n\n\n<p><strong>Reba\u00f1o: 260 Holsteins | Sistema: <strong>Parto en cualquier \u00e9poca del a\u00f1o<\/strong><\/strong><\/p>\n\n\n\n<p>\u00ab<em>He inseminado semen Sexcel<sup>\u00ae<\/sup> Macho en el primer y segundo servicio, luego he vuelto a cambiar a carne convencional. No hemos tenido problemas de parto. Las terneras Angus siempre se ven penalizadas en el punto de venta, mientras que los terneros machos siempre consiguen m\u00e1s valor.<\/em>\u00bb<\/p>\n<\/div><\/div>\n\n\n\n<div class=\"wp-block-media-text alignwide is-stacked-on-mobile\" style=\"grid-template-columns:46% auto\"><figure class=\"wp-block-media-text__media\"><img loading=\"lazy\" decoding=\"async\" width=\"665\" height=\"442\" src=\"https:\/\/www.absglobal.com\/es\/wp-content\/uploads\/sites\/17\/2023\/06\/Andrew-Alison-Walmsley.png?w=665\" alt=\"Andrew &amp; Alison Walmsley\" class=\"wp-image-4403 size-full\" srcset=\"https:\/\/www.absglobal.com\/es\/wp-content\/uploads\/sites\/17\/2023\/06\/Andrew-Alison-Walmsley.png 665w, https:\/\/www.absglobal.com\/es\/wp-content\/uploads\/sites\/17\/2023\/06\/Andrew-Alison-Walmsley.png?resize=300,199 300w\" sizes=\"(max-width: 665px) 100vw, 665px\" \/><\/figure><div class=\"wp-block-media-text__content\">\n<h2 class=\"wp-block-heading\" id=\"h-andrew-alison-walmsley-harrogate\"><strong><strong><strong>Andrew &amp; Alison Walmsley, Harrogate<\/strong><\/strong><\/strong><\/h2>\n\n\n\n<p><strong>Reba\u00f1o: 180 Holsteins | Sistema: Robot, <strong>Parto en cualquier \u00e9poca del a\u00f1o<\/strong><\/strong><\/p>\n\n\n\n<p>Durante m\u00e1s de seis a\u00f1os, Andrew y Alison Walmsley han utilizado una estrategia Sexcel<sup>\u00ae<\/sup> para obtener hembras de reemplazo de sus mejores animales y de carne con gen\u00e9tica <a href=\"https:\/\/www.absglobal.com\/es\/services\/nuera-genetics\/\" target=\"_blank\" rel=\"noreferrer noopener\">NuEra <\/a>para los animales de menor valor gen\u00e9tico. Hace seis meses, empezaron a utilizar la gen\u00e9tica Sexcel<sup>\u00ae<\/sup> Macho Azul Belga y han logrado una tasa de concepci\u00f3n del 56,8%. Andrew y Alison explican: \u00ab<em>La raz\u00f3n por la que pasamos a utilizar semen sexado macho en el reba\u00f1o es para aumentar nuestros ingresos por terneros. Nuestro comprador de terneros prefiere terneros machos, por lo que el semen sexado macho es la elecci\u00f3n l\u00f3gica para nosotros<\/em>\u00bb.<\/p>\n<\/div><\/div>\n\n\n\n<div class=\"wp-block-buttons is-layout-flex wp-block-buttons-is-layout-flex\">\n<div class=\"wp-block-button aligncenter is-style-fill\"><a class=\"wp-block-button__link wp-element-button\" href=\"https:\/\/www.absglobal.com\/es\/wp-content\/uploads\/sites\/17\/2023\/08\/ABS-Progenex-Triptico-Sexcel-Macho.pdf\" target=\"_blank\" rel=\"noreferrer noopener\">Descargue nuestro folleto<\/a><\/div>\n<\/div>\n\n\n\n<h3 class=\"wp-block-heading\" id=\"h-desea-mejorar-la-rentabilidad-de-sus-terneros-de-cruce\">\u00bfDesea mejorar la rentabilidad de sus terneros de cruce?<\/h3>\n\n\n\n<p>Si desea recibir m\u00e1s informaci\u00f3n, rellene el siguiente formulario y un miembro del equipo de Genus ABS se pondr\u00e1 en contacto con usted.<\/p>\n\n\n\n<h2 class=\"wp-block-heading\">Formulario de contacto <\/h2>\n\n\n\n<div class=\"wp-block-leadin-hubspot-form-block\">\n\t\t\t\t\t\t<script>\n\t\t\t\t\t\t\twindow.hsFormsOnReady = window.hsFormsOnReady || [];\n\t\t\t\t\t\t\twindow.hsFormsOnReady.push(()=>{\n\t\t\t\t\t\t\t\thbspt.forms.create({\n\t\t\t\t\t\t\t\t\tportalId: 25467392,\n\t\t\t\t\t\t\t\t\tformId: \"6b569227-efad-4416-8aab-dc6e472f17e8\",\n\t\t\t\t\t\t\t\t\ttarget: \"#hbspt-form-1775343382000-5148928903\",\n\t\t\t\t\t\t\t\t\tregion: \"eu1\",\n\t\t\t\t\t\t\t\t\t\n\t\t\t\t\t\t\t})});\n\t\t\t\t\t\t<\/script>\n\t\t\t\t\t\t<div class=\"hbspt-form\" id=\"hbspt-form-1775343382000-5148928903\"><\/div><\/div>\n","protected":false},"excerpt":{"rendered":"<p>La gen\u00e9tica sexada masculina Sexcel\u00ae Macho de nuestros sementales de carne NuEra, ofrece una soluci\u00f3n revolucionaria para los ganaderos lecheros que buscan mejorar la rentabilidad de sus terneros de cruce. \u00bfQu\u00e9 es Sexcel\u00ae Macho? Sexcel\u00ae Macho proporciona gen\u00e9tica de machos sexados dise\u00f1ada para aumentar la rentabilidad del reba\u00f1o. Este producto garantiza una alta fertilidad, facilidad [&hellip;]<\/p>\n","protected":false},"author":9770,"featured_media":0,"parent":0,"menu_order":0,"comment_status":"closed","ping_status":"closed","template":"","meta":{"_acf_changed":false,"content-type":"","footnotes":""},"class_list":["post-4392","page","type-page","status-publish","hentry"],"acf":[],"yoast_head":"<!-- This site is optimized with the Yoast SEO Premium plugin v25.6 (Yoast SEO v25.6) - https:\/\/yoast.com\/wordpress\/plugins\/seo\/ -->\n<title>Sexcel\u00ae Macho - ABS Global Spain<\/title>\n<meta name=\"description\" content=\"Sexcel\u00ae Macho es gen\u00e9tica de machos sexados dise\u00f1ada para aumentar la rentabilidad del reba\u00f1o, con alta fertilidad y facilidad de parto.\" \/>\n<meta name=\"robots\" content=\"index, follow, max-snippet:-1, max-image-preview:large, max-video-preview:-1\" \/>\n<link rel=\"canonical\" href=\"https:\/\/www.absglobal.com\/es\/sexcel-macho\/\" \/>\n<meta property=\"og:locale\" content=\"es_ES\" \/>\n<meta property=\"og:type\" content=\"article\" \/>\n<meta property=\"og:title\" content=\"Sexcel\u00ae Macho\" \/>\n<meta property=\"og:description\" content=\"Sexcel\u00ae Macho es gen\u00e9tica de machos sexados dise\u00f1ada para aumentar la rentabilidad del reba\u00f1o, con alta fertilidad y facilidad de parto.\" \/>\n<meta property=\"og:url\" content=\"https:\/\/www.absglobal.com\/es\/sexcel-macho\/\" \/>\n<meta property=\"og:site_name\" content=\"ABS Global Spain\" \/>\n<meta property=\"article:modified_time\" content=\"2024-10-23T12:03:15+00:00\" \/>\n<meta property=\"og:image\" content=\"https:\/\/www.absglobal.com\/es\/wp-content\/uploads\/sites\/17\/2023\/06\/Campana-estrategia-Sexado-Macho_web.jpg?w=1024\" \/>\n<meta name=\"twitter:card\" content=\"summary_large_image\" \/>\n<meta name=\"twitter:label1\" content=\"Est. reading time\" \/>\n\t<meta name=\"twitter:data1\" content=\"6 minutos\" \/>\n<script type=\"application\/ld+json\" class=\"yoast-schema-graph\">{\"@context\":\"https:\/\/schema.org\",\"@graph\":[{\"@type\":\"WebPage\",\"@id\":\"https:\/\/www.absglobal.com\/es\/sexcel-macho\/\",\"url\":\"https:\/\/www.absglobal.com\/es\/sexcel-macho\/\",\"name\":\"Sexcel\u00ae Macho - ABS Global Spain\",\"isPartOf\":{\"@id\":\"https:\/\/www.absglobal.com\/es\/#website\"},\"primaryImageOfPage\":{\"@id\":\"https:\/\/www.absglobal.com\/es\/sexcel-macho\/#primaryimage\"},\"image\":{\"@id\":\"https:\/\/www.absglobal.com\/es\/sexcel-macho\/#primaryimage\"},\"thumbnailUrl\":\"https:\/\/www.absglobal.com\/es\/wp-content\/uploads\/sites\/17\/2023\/06\/Campana-estrategia-Sexado-Macho_web.jpg?w=1024\",\"datePublished\":\"2024-09-27T09:27:00+00:00\",\"dateModified\":\"2024-10-23T12:03:15+00:00\",\"description\":\"Sexcel\u00ae Macho es gen\u00e9tica de machos sexados dise\u00f1ada para aumentar la rentabilidad del reba\u00f1o, con alta fertilidad y facilidad de parto.\",\"breadcrumb\":{\"@id\":\"https:\/\/www.absglobal.com\/es\/sexcel-macho\/#breadcrumb\"},\"inLanguage\":\"es\",\"potentialAction\":[{\"@type\":\"ReadAction\",\"target\":[\"https:\/\/www.absglobal.com\/es\/sexcel-macho\/\"]}]},{\"@type\":\"ImageObject\",\"inLanguage\":\"es\",\"@id\":\"https:\/\/www.absglobal.com\/es\/sexcel-macho\/#primaryimage\",\"url\":\"https:\/\/www.absglobal.com\/es\/wp-content\/uploads\/sites\/17\/2023\/06\/Campana-estrategia-Sexado-Macho_web.jpg\",\"contentUrl\":\"https:\/\/www.absglobal.com\/es\/wp-content\/uploads\/sites\/17\/2023\/06\/Campana-estrategia-Sexado-Macho_web.jpg\",\"width\":1898,\"height\":1258,\"caption\":\"Estrategia Sexado y Carne con Sexcel macho\"},{\"@type\":\"BreadcrumbList\",\"@id\":\"https:\/\/www.absglobal.com\/es\/sexcel-macho\/#breadcrumb\",\"itemListElement\":[{\"@type\":\"ListItem\",\"position\":1,\"name\":\"Home\",\"item\":\"https:\/\/www.absglobal.com\/es\/\"},{\"@type\":\"ListItem\",\"position\":2,\"name\":\"Sexcel\u00ae Macho\"}]},{\"@type\":\"WebSite\",\"@id\":\"https:\/\/www.absglobal.com\/es\/#website\",\"url\":\"https:\/\/www.absglobal.com\/es\/\",\"name\":\"ABS Global Spain\",\"description\":\"\",\"publisher\":{\"@id\":\"https:\/\/www.absglobal.com\/es\/#organization\"},\"potentialAction\":[{\"@type\":\"SearchAction\",\"target\":{\"@type\":\"EntryPoint\",\"urlTemplate\":\"https:\/\/www.absglobal.com\/es\/?s={search_term_string}\"},\"query-input\":{\"@type\":\"PropertyValueSpecification\",\"valueRequired\":true,\"valueName\":\"search_term_string\"}}],\"inLanguage\":\"es\"},{\"@type\":\"Organization\",\"@id\":\"https:\/\/www.absglobal.com\/es\/#organization\",\"name\":\"ABS Global Spain\",\"url\":\"https:\/\/www.absglobal.com\/es\/\",\"logo\":{\"@type\":\"ImageObject\",\"inLanguage\":\"es\",\"@id\":\"https:\/\/www.absglobal.com\/es\/#\/schema\/logo\/image\/\",\"url\":\"https:\/\/www.absglobal.com\/es\/wp-content\/uploads\/sites\/17\/2020\/04\/Asset-1.png\",\"contentUrl\":\"https:\/\/www.absglobal.com\/es\/wp-content\/uploads\/sites\/17\/2020\/04\/Asset-1.png\",\"width\":845,\"height\":1080,\"caption\":\"ABS Global Spain\"},\"image\":{\"@id\":\"https:\/\/www.absglobal.com\/es\/#\/schema\/logo\/image\/\"}}]}<\/script>\n<!-- \/ Yoast SEO Premium plugin. -->","yoast_head_json":{"title":"Sexcel\u00ae Macho - ABS Global Spain","description":"Sexcel\u00ae Macho es gen\u00e9tica de machos sexados dise\u00f1ada para aumentar la rentabilidad del reba\u00f1o, con alta fertilidad y facilidad de parto.","robots":{"index":"index","follow":"follow","max-snippet":"max-snippet:-1","max-image-preview":"max-image-preview:large","max-video-preview":"max-video-preview:-1"},"canonical":"https:\/\/www.absglobal.com\/es\/sexcel-macho\/","og_locale":"es_ES","og_type":"article","og_title":"Sexcel\u00ae Macho","og_description":"Sexcel\u00ae Macho es gen\u00e9tica de machos sexados dise\u00f1ada para aumentar la rentabilidad del reba\u00f1o, con alta fertilidad y facilidad de parto.","og_url":"https:\/\/www.absglobal.com\/es\/sexcel-macho\/","og_site_name":"ABS Global Spain","article_modified_time":"2024-10-23T12:03:15+00:00","og_image":[{"url":"https:\/\/www.absglobal.com\/es\/wp-content\/uploads\/sites\/17\/2023\/06\/Campana-estrategia-Sexado-Macho_web.jpg?w=1024","type":"","width":"","height":""}],"twitter_card":"summary_large_image","twitter_misc":{"Est. reading time":"6 minutos"},"schema":{"@context":"https:\/\/schema.org","@graph":[{"@type":"WebPage","@id":"https:\/\/www.absglobal.com\/es\/sexcel-macho\/","url":"https:\/\/www.absglobal.com\/es\/sexcel-macho\/","name":"Sexcel\u00ae Macho - ABS Global Spain","isPartOf":{"@id":"https:\/\/www.absglobal.com\/es\/#website"},"primaryImageOfPage":{"@id":"https:\/\/www.absglobal.com\/es\/sexcel-macho\/#primaryimage"},"image":{"@id":"https:\/\/www.absglobal.com\/es\/sexcel-macho\/#primaryimage"},"thumbnailUrl":"https:\/\/www.absglobal.com\/es\/wp-content\/uploads\/sites\/17\/2023\/06\/Campana-estrategia-Sexado-Macho_web.jpg?w=1024","datePublished":"2024-09-27T09:27:00+00:00","dateModified":"2024-10-23T12:03:15+00:00","description":"Sexcel\u00ae Macho es gen\u00e9tica de machos sexados dise\u00f1ada para aumentar la rentabilidad del reba\u00f1o, con alta fertilidad y facilidad de parto.","breadcrumb":{"@id":"https:\/\/www.absglobal.com\/es\/sexcel-macho\/#breadcrumb"},"inLanguage":"es","potentialAction":[{"@type":"ReadAction","target":["https:\/\/www.absglobal.com\/es\/sexcel-macho\/"]}]},{"@type":"ImageObject","inLanguage":"es","@id":"https:\/\/www.absglobal.com\/es\/sexcel-macho\/#primaryimage","url":"https:\/\/www.absglobal.com\/es\/wp-content\/uploads\/sites\/17\/2023\/06\/Campana-estrategia-Sexado-Macho_web.jpg","contentUrl":"https:\/\/www.absglobal.com\/es\/wp-content\/uploads\/sites\/17\/2023\/06\/Campana-estrategia-Sexado-Macho_web.jpg","width":1898,"height":1258,"caption":"Estrategia Sexado y Carne con Sexcel macho"},{"@type":"BreadcrumbList","@id":"https:\/\/www.absglobal.com\/es\/sexcel-macho\/#breadcrumb","itemListElement":[{"@type":"ListItem","position":1,"name":"Home","item":"https:\/\/www.absglobal.com\/es\/"},{"@type":"ListItem","position":2,"name":"Sexcel\u00ae Macho"}]},{"@type":"WebSite","@id":"https:\/\/www.absglobal.com\/es\/#website","url":"https:\/\/www.absglobal.com\/es\/","name":"ABS Global Spain","description":"","publisher":{"@id":"https:\/\/www.absglobal.com\/es\/#organization"},"potentialAction":[{"@type":"SearchAction","target":{"@type":"EntryPoint","urlTemplate":"https:\/\/www.absglobal.com\/es\/?s={search_term_string}"},"query-input":{"@type":"PropertyValueSpecification","valueRequired":true,"valueName":"search_term_string"}}],"inLanguage":"es"},{"@type":"Organization","@id":"https:\/\/www.absglobal.com\/es\/#organization","name":"ABS Global Spain","url":"https:\/\/www.absglobal.com\/es\/","logo":{"@type":"ImageObject","inLanguage":"es","@id":"https:\/\/www.absglobal.com\/es\/#\/schema\/logo\/image\/","url":"https:\/\/www.absglobal.com\/es\/wp-content\/uploads\/sites\/17\/2020\/04\/Asset-1.png","contentUrl":"https:\/\/www.absglobal.com\/es\/wp-content\/uploads\/sites\/17\/2020\/04\/Asset-1.png","width":845,"height":1080,"caption":"ABS Global Spain"},"image":{"@id":"https:\/\/www.absglobal.com\/es\/#\/schema\/logo\/image\/"}}]}},"_links":{"self":[{"href":"https:\/\/www.absglobal.com\/es\/wp-json\/wp\/v2\/pages\/4392"}],"collection":[{"href":"https:\/\/www.absglobal.com\/es\/wp-json\/wp\/v2\/pages"}],"about":[{"href":"https:\/\/www.absglobal.com\/es\/wp-json\/wp\/v2\/types\/page"}],"author":[{"embeddable":true,"href":"https:\/\/www.absglobal.com\/es\/wp-json\/wp\/v2\/users\/9770"}],"replies":[{"embeddable":true,"href":"https:\/\/www.absglobal.com\/es\/wp-json\/wp\/v2\/comments?post=4392"}],"version-history":[{"count":25,"href":"https:\/\/www.absglobal.com\/es\/wp-json\/wp\/v2\/pages\/4392\/revisions"}],"predecessor-version":[{"id":4472,"href":"https:\/\/www.absglobal.com\/es\/wp-json\/wp\/v2\/pages\/4392\/revisions\/4472"}],"wp:attachment":[{"href":"https:\/\/www.absglobal.com\/es\/wp-json\/wp\/v2\/media?parent=4392"}],"curies":[{"name":"wp","href":"https:\/\/api.w.org\/{rel}","templated":true}]}}