{"id":4799,"date":"2026-02-03T10:51:49","date_gmt":"2026-02-03T15:51:49","guid":{"rendered":"https:\/\/www.absglobal.com\/es\/?page_id=4799"},"modified":"2026-03-05T09:52:51","modified_gmt":"2026-03-05T14:52:51","slug":"sostenibilidad-en-produccion-animal","status":"publish","type":"page","link":"https:\/\/www.absglobal.com\/es\/sostenibilidad-en-produccion-animal\/","title":{"rendered":"La sostenibilidad en la producci\u00f3n animal comienza con la gen\u00e9tica"},"content":{"rendered":"\n<h3 class=\"wp-block-heading\" id=\"h-iniciativas-de-sostenibilidad\"><strong>Iniciativas de sostenibilidad<\/strong><\/h3>\n\n\n\n<p>En Genus ABS, la sostenibilidad es mucho m\u00e1s que una palabra de moda; es el coraz\u00f3n de nuestras operaciones. Ha estado presente en cada decisi\u00f3n que hemos tomado durante los \u00faltimos 80 a\u00f1os y en las que seguimos tomando. Nuestra misi\u00f3n sigue siendo la misma: liderar la mejora gen\u00e9tica animal para alimentar al mundo de manera sostenible.<\/p>\n\n\n\n<p>Nuestros programas de cr\u00eda personalizados y gen\u00e9tica de \u00e9lite permiten a los productores criar ganado que viva m\u00e1s tiempo, produzca de manera m\u00e1s eficiente y tenga una menor huella ambiental. A trav\u00e9s de estrategias gen\u00e9ticas innovadoras y la mejora constante de las tecnolog\u00edas gen\u00e9ticas, ayudamos a los ganaderos a maximizar el valor de cada ternero y minimizar los insumos necesarios. En definitiva, apoyamos a los ganaderos para crear m\u00e1s con menos.<\/p>\n\n\n\n<div class=\"wp-block-buttons is-layout-flex wp-block-buttons-is-layout-flex\">\n<div class=\"wp-block-button\"><a class=\"wp-block-button__link wp-element-button\" href=\"https:\/\/www.absglobal.com\/es\/wp-content\/uploads\/sites\/17\/2024\/07\/Article-British-Dairying-supplement-Feb-25.pdf\">Lee m\u00e1s sobre c\u00f3mo impulsamos la eficiencia y la rentabilidad para una agricultura sostenible<\/a><\/div>\n<\/div>\n\n\n\n<h3 class=\"wp-block-heading\"><strong>Nuestros pilares de sostenibilidad<\/strong><\/h3>\n\n\n\n<p>No solo estamos en el negocio de la gen\u00e9tica; estamos dando forma al futuro de la agricultura sostenible, ternero por ternero. En esencia, queremos asociarnos con los ganaderos para ayudarles a producir carne y leche de alta calidad, asequibles, de manera m\u00e1s eficiente y sostenible.<\/p>\n\n\n\n<p>Nuestro portafolio de soluciones gen\u00e9ticas y reproductivas ya hace que nuestros clientes sean m\u00e1s eficientes, rentables y sostenibles. Ellas son la base de nuestros pilares de sostenibilidad.<\/p>\n\n\n\n<figure class=\"wp-block-image size-full\"><img fetchpriority=\"high\" decoding=\"async\" width=\"2000\" height=\"1409\" src=\"https:\/\/www.absglobal.com\/es\/wp-content\/uploads\/sites\/17\/2026\/01\/ES_f7be0d.png\" alt=\"\" class=\"wp-image-4837\" srcset=\"https:\/\/www.absglobal.com\/es\/wp-content\/uploads\/sites\/17\/2026\/01\/ES_f7be0d.png 2000w, https:\/\/www.absglobal.com\/es\/wp-content\/uploads\/sites\/17\/2026\/01\/ES_f7be0d.png?resize=300,211 300w, https:\/\/www.absglobal.com\/es\/wp-content\/uploads\/sites\/17\/2026\/01\/ES_f7be0d.png?resize=768,541 768w, https:\/\/www.absglobal.com\/es\/wp-content\/uploads\/sites\/17\/2026\/01\/ES_f7be0d.png?resize=1024,721 1024w, https:\/\/www.absglobal.com\/es\/wp-content\/uploads\/sites\/17\/2026\/01\/ES_f7be0d.png?resize=1536,1082 1536w\" sizes=\"(max-width: 2000px) 100vw, 2000px\" \/><\/figure>\n\n\n\n<h3 class=\"wp-block-heading\"><strong>Creando mayores eficiencias<\/strong><\/h3>\n\n\n\n<p>La eficiencia est\u00e1 en el centro de la agricultura sostenible. Al criar animales que convierten el alimento de manera m\u00e1s eficaz y producen con mayor rentabilidad, ayudamos a los ganaderos a reducir costos e impactos ambientales, lo que maximiza los beneficios.<\/p>\n\n\n\n<h3 class=\"wp-block-heading\"><strong>Creando una mejor salud animal<\/strong><\/h3>\n\n\n\n<p>Los animales sanos son m\u00e1s productivos y requieren menos recursos, lo que beneficia tanto a los ganaderos como al medio ambiente. Al enfocarnos en estas gen\u00e9ticas, apoyamos a los ganaderos en la crianza de reba\u00f1os eficientes y robustos.<\/p>\n\n\n\n<h3 class=\"wp-block-heading\"><strong>Creando comunidades conscientes<\/strong><\/h3>\n\n\n\n<p>Para nosotros, la sostenibilidad incluye la creaci\u00f3n de pr\u00e1cticas \u00e9ticas que cuiden el medio ambiente, apoyen el bienestar animal y promuevan la diversidad gen\u00e9tica en el ganado. Esto asegura los medios de vida agr\u00edcolas, mejora la seguridad alimentaria, proporciona productos ganaderos de calidad y contribuye a reducir el impacto ambiental.<\/p>\n\n\n\n<blockquote class=\"wp-block-quote is-layout-flow wp-block-quote-is-layout-flow\">\n<p>Todo esto es\u2026 <strong>Gen\u00e9tica para el bien.<\/strong><\/p>\n<\/blockquote>\n\n\n\n<figure class=\"wp-block-image size-full is-resized\"><img decoding=\"async\" width=\"376\" height=\"392\" src=\"https:\/\/www.absglobal.com\/es\/wp-content\/uploads\/sites\/17\/2026\/01\/image_c34be8.png\" alt=\"\" class=\"wp-image-4801\" style=\"width:269px;height:auto\" srcset=\"https:\/\/www.absglobal.com\/es\/wp-content\/uploads\/sites\/17\/2026\/01\/image_c34be8.png 376w, https:\/\/www.absglobal.com\/es\/wp-content\/uploads\/sites\/17\/2026\/01\/image_c34be8.png?resize=288,300 288w\" sizes=\"(max-width: 376px) 100vw, 376px\" \/><\/figure>\n\n\n\n<h3 class=\"wp-block-heading\"><strong>Investigaci\u00f3n innovadora: demostrando el valor de la mejora gen\u00e9tica<\/strong><\/h3>\n\n\n\n<p>Estamos orgullosos de haber completado la primera <a href=\"https:\/\/www.absglobal.com\/es\/seleccion-genetica-en-carne-reduce-impacto-ambiental\/\">An\u00e1lisis del Ciclo de Vida (ACV) <\/a>integral de la industria para el cruce carne-leche (BxD), con el objetivo de revelar el impacto de la gen\u00e9tica en la sostenibilidad. ACV es el est\u00e1ndar de <strong>oro para evaluar el desempe\u00f1o ambiental<\/strong> y analiza cada etapa del ciclo de vida de un producto.<\/p>\n\n\n\n<p>Desarrolladas seg\u00fan las directrices de la Organizaci\u00f3n Internacional de Normalizaci\u00f3n (ISO) y actualmente bajo revisi\u00f3n acad\u00e9mica experta, nuestras ACV fueron realizadas por una consultor\u00eda independiente l\u00edder, como parte del proyecto Innovate UK, e incluyen aportes de especialistas de universidades de primer nivel en EE.\u202fUU., Canad\u00e1 y Europa.<\/p>\n\n\n\n<p>Cofinanciado por Innovate UK y DEFRA, en asociaci\u00f3n con el <a href=\"https:\/\/www.sruc.ac.uk\/\">Scotland\u2019s Rural College (SRUC)<\/a>, <strong>Climate Smart Genetics<\/strong> <strong>est\u00e1 a la vanguardia en el desarrollo de m\u00e9todos innovadores para medir y reducir el impacto ambiental de la producci\u00f3n de carne.<\/strong><\/p>\n\n\n\n<h3 class=\"wp-block-heading\"><strong>NuEra Genetics\u00ae: El futuro de la prote\u00edna sostenible<\/strong><\/h3>\n\n\n\n<p>Utilizando datos reales de rendimiento de m\u00e1s de 60.000 animales BxD en sistemas comerciales del Reino Unido, las evaluaciones demuestran que el uso de<a href=\"https:\/\/www.absglobal.com\/es\/nuera-geneticstm-una-nueva-era-en-la-mejora-genetica\/\"> <strong>NuEra Genetics\u00ae<\/strong><\/a> conduce a mayores tasas de crecimiento. Adem\u00e1s de a la reducci\u00f3n de insumos, una mejor conversi\u00f3n alimenticia y una reducci\u00f3n medible en la intensidad de las emisiones de metano.<\/p>\n\n\n\n<p>Los resultados revelan que, con un programa de mejora gen\u00e9tica dirigido, los ganaderos pueden reducir las emisiones hasta en un <strong>9% por a\u00f1o<\/strong>. Simplemente eligiendo la gen\u00e9tica adecuada.<\/p>\n\n\n\n<figure class=\"wp-block-image size-full\"><img decoding=\"async\" width=\"2000\" height=\"1409\" src=\"https:\/\/www.absglobal.com\/es\/wp-content\/uploads\/sites\/17\/2026\/01\/ES-2.png\" alt=\"\" class=\"wp-image-4838\" srcset=\"https:\/\/www.absglobal.com\/es\/wp-content\/uploads\/sites\/17\/2026\/01\/ES-2.png 2000w, https:\/\/www.absglobal.com\/es\/wp-content\/uploads\/sites\/17\/2026\/01\/ES-2.png?resize=300,211 300w, https:\/\/www.absglobal.com\/es\/wp-content\/uploads\/sites\/17\/2026\/01\/ES-2.png?resize=768,541 768w, https:\/\/www.absglobal.com\/es\/wp-content\/uploads\/sites\/17\/2026\/01\/ES-2.png?resize=1024,721 1024w, https:\/\/www.absglobal.com\/es\/wp-content\/uploads\/sites\/17\/2026\/01\/ES-2.png?resize=1536,1082 1536w\" sizes=\"(max-width: 2000px) 100vw, 2000px\" \/><\/figure>\n\n\n\n<p>NuEra Genetics ofrece a los ganaderos la oportunidad de producir prote\u00edna de mayor calidad y m\u00e1s sostenible. De esta forma, consiguen un menor impacto ambiental y una rentabilidad mejorada. Con el poder de NuEra Genetics y un programa de mejora gen\u00e9tica dirigido, los ganaderos pueden crear m\u00e1s con menos, impulsando la eficiencia, la rentabilidad y la reducci\u00f3n de las emisiones de gases de efecto invernadero (GEI) en toda la cadena de suministro.<\/p>\n\n\n\n<figure class=\"wp-block-image size-full is-resized\"><img loading=\"lazy\" decoding=\"async\" width=\"2000\" height=\"1409\" src=\"https:\/\/www.absglobal.com\/es\/wp-content\/uploads\/sites\/17\/2026\/01\/ES-3.png\" alt=\"\" class=\"wp-image-4839\" style=\"width:841px;height:auto\" srcset=\"https:\/\/www.absglobal.com\/es\/wp-content\/uploads\/sites\/17\/2026\/01\/ES-3.png 2000w, https:\/\/www.absglobal.com\/es\/wp-content\/uploads\/sites\/17\/2026\/01\/ES-3.png?resize=300,211 300w, https:\/\/www.absglobal.com\/es\/wp-content\/uploads\/sites\/17\/2026\/01\/ES-3.png?resize=768,541 768w, https:\/\/www.absglobal.com\/es\/wp-content\/uploads\/sites\/17\/2026\/01\/ES-3.png?resize=1024,721 1024w, https:\/\/www.absglobal.com\/es\/wp-content\/uploads\/sites\/17\/2026\/01\/ES-3.png?resize=1536,1082 1536w\" sizes=\"(max-width: 2000px) 100vw, 2000px\" \/><\/figure>\n\n\n\n<p>La mejora gen\u00e9tica es una soluci\u00f3n a largo plazo para la sostenibilidad. El impacto de la gen\u00e9tica ofrece beneficios permanentes y acumulativos para los ganaderos, las comunidades y la naturaleza. Genus ABS les ayuda a aumentar la productividad, mejorar la rentabilidad y minimizar el impacto ambiental. Adem\u00e1s les capacita para liderar el camino hacia una industria agr\u00edcola m\u00e1s sostenible, a trav\u00e9s de herramientas para seleccionar la mejor gen\u00e9tica.<\/p>\n\n\n\n<p>Para conocer m\u00e1s sobre el impacto que tiene la gen\u00e9tica sobre la productividad, rentabilidad y sostenibilidad de tu negocio, contacta a tu asesor de Genus ABS o completa el formulario a continuaci\u00f3n: <\/p>\n\n\n\n<div class=\"wp-block-leadin-hubspot-form-block\">\n\t\t\t<div\n\t\t\tclass=\"hs-form-frame\"\n\t\t\tdata-region=\"eu1\"\n\t\t\tdata-form-id=\"5ade250b-b4e2-4e7f-a82c-fb106c7e4ff7\"\n\t\t\tdata-portal-id=\"25467392\"\n\t\t\t >\n\t\t\t<\/div>\n\t\t\t<\/div>\n","protected":false},"excerpt":{"rendered":"<p>Iniciativas de sostenibilidad En Genus ABS, la sostenibilidad es mucho m\u00e1s que una palabra de moda; es el coraz\u00f3n de nuestras operaciones. Ha estado presente en cada decisi\u00f3n que hemos tomado durante los \u00faltimos 80 a\u00f1os y en las que seguimos tomando. Nuestra misi\u00f3n sigue siendo la misma: liderar la mejora gen\u00e9tica animal para alimentar [&hellip;]<\/p>\n","protected":false},"author":13892,"featured_media":0,"parent":0,"menu_order":0,"comment_status":"closed","ping_status":"closed","template":"","meta":{"_acf_changed":false,"content-type":"","footnotes":""},"class_list":["post-4799","page","type-page","status-publish","hentry"],"acf":[],"yoast_head":"<!-- This site is optimized with the Yoast SEO Premium plugin v25.6 (Yoast SEO v25.6) - https:\/\/yoast.com\/wordpress\/plugins\/seo\/ -->\n<title>La sostenibilidad en la producci\u00f3n animal comienza con la gen\u00e9tica - ABS Global Spain<\/title>\n<meta name=\"description\" content=\"Descubre c\u00f3mo la sostenibilidad impulsa nuestras operaciones en Genus ABS, mejorando la gen\u00e9tica animal para un futuro responsable.\" \/>\n<meta name=\"robots\" content=\"index, follow, max-snippet:-1, max-image-preview:large, max-video-preview:-1\" \/>\n<link rel=\"canonical\" href=\"https:\/\/www.absglobal.com\/es\/sostenibilidad-en-produccion-animal\/\" \/>\n<meta property=\"og:locale\" content=\"es_ES\" \/>\n<meta property=\"og:type\" content=\"article\" \/>\n<meta property=\"og:title\" content=\"La sostenibilidad en la producci\u00f3n animal comienza con la gen\u00e9tica\" \/>\n<meta property=\"og:description\" content=\"Descubre c\u00f3mo la sostenibilidad impulsa nuestras operaciones en Genus ABS, mejorando la gen\u00e9tica animal para un futuro responsable.\" \/>\n<meta property=\"og:url\" content=\"https:\/\/www.absglobal.com\/es\/sostenibilidad-en-produccion-animal\/\" \/>\n<meta property=\"og:site_name\" content=\"ABS Global Spain\" \/>\n<meta property=\"article:modified_time\" content=\"2026-03-05T14:52:51+00:00\" \/>\n<meta property=\"og:image\" content=\"https:\/\/www.absglobal.com\/es\/wp-content\/uploads\/sites\/17\/2026\/01\/ES_f7be0d.png\" \/>\n\t<meta property=\"og:image:width\" content=\"2000\" \/>\n\t<meta property=\"og:image:height\" content=\"1409\" \/>\n\t<meta property=\"og:image:type\" content=\"image\/png\" \/>\n<meta name=\"twitter:card\" content=\"summary_large_image\" \/>\n<meta name=\"twitter:label1\" content=\"Est. reading time\" \/>\n\t<meta name=\"twitter:data1\" content=\"5 minutos\" \/>\n<script type=\"application\/ld+json\" class=\"yoast-schema-graph\">{\"@context\":\"https:\/\/schema.org\",\"@graph\":[{\"@type\":\"WebPage\",\"@id\":\"https:\/\/www.absglobal.com\/es\/sostenibilidad-en-produccion-animal\/\",\"url\":\"https:\/\/www.absglobal.com\/es\/sostenibilidad-en-produccion-animal\/\",\"name\":\"La sostenibilidad en la producci\u00f3n animal comienza con la gen\u00e9tica - ABS Global Spain\",\"isPartOf\":{\"@id\":\"https:\/\/www.absglobal.com\/es\/#website\"},\"primaryImageOfPage\":{\"@id\":\"https:\/\/www.absglobal.com\/es\/sostenibilidad-en-produccion-animal\/#primaryimage\"},\"image\":{\"@id\":\"https:\/\/www.absglobal.com\/es\/sostenibilidad-en-produccion-animal\/#primaryimage\"},\"thumbnailUrl\":\"https:\/\/www.absglobal.com\/es\/wp-content\/uploads\/sites\/17\/2026\/01\/ES_f7be0d.png\",\"datePublished\":\"2026-02-03T15:51:49+00:00\",\"dateModified\":\"2026-03-05T14:52:51+00:00\",\"description\":\"Descubre c\u00f3mo la sostenibilidad impulsa nuestras operaciones en Genus ABS, mejorando la gen\u00e9tica animal para un futuro responsable.\",\"breadcrumb\":{\"@id\":\"https:\/\/www.absglobal.com\/es\/sostenibilidad-en-produccion-animal\/#breadcrumb\"},\"inLanguage\":\"es\",\"potentialAction\":[{\"@type\":\"ReadAction\",\"target\":[\"https:\/\/www.absglobal.com\/es\/sostenibilidad-en-produccion-animal\/\"]}]},{\"@type\":\"ImageObject\",\"inLanguage\":\"es\",\"@id\":\"https:\/\/www.absglobal.com\/es\/sostenibilidad-en-produccion-animal\/#primaryimage\",\"url\":\"https:\/\/www.absglobal.com\/es\/wp-content\/uploads\/sites\/17\/2026\/01\/ES_f7be0d.png\",\"contentUrl\":\"https:\/\/www.absglobal.com\/es\/wp-content\/uploads\/sites\/17\/2026\/01\/ES_f7be0d.png\",\"width\":2000,\"height\":1409},{\"@type\":\"BreadcrumbList\",\"@id\":\"https:\/\/www.absglobal.com\/es\/sostenibilidad-en-produccion-animal\/#breadcrumb\",\"itemListElement\":[{\"@type\":\"ListItem\",\"position\":1,\"name\":\"Home\",\"item\":\"https:\/\/www.absglobal.com\/es\/\"},{\"@type\":\"ListItem\",\"position\":2,\"name\":\"La sostenibilidad en la producci\u00f3n animal comienza con la gen\u00e9tica\"}]},{\"@type\":\"WebSite\",\"@id\":\"https:\/\/www.absglobal.com\/es\/#website\",\"url\":\"https:\/\/www.absglobal.com\/es\/\",\"name\":\"ABS Global Spain\",\"description\":\"\",\"publisher\":{\"@id\":\"https:\/\/www.absglobal.com\/es\/#organization\"},\"potentialAction\":[{\"@type\":\"SearchAction\",\"target\":{\"@type\":\"EntryPoint\",\"urlTemplate\":\"https:\/\/www.absglobal.com\/es\/?s={search_term_string}\"},\"query-input\":{\"@type\":\"PropertyValueSpecification\",\"valueRequired\":true,\"valueName\":\"search_term_string\"}}],\"inLanguage\":\"es\"},{\"@type\":\"Organization\",\"@id\":\"https:\/\/www.absglobal.com\/es\/#organization\",\"name\":\"ABS Global Spain\",\"url\":\"https:\/\/www.absglobal.com\/es\/\",\"logo\":{\"@type\":\"ImageObject\",\"inLanguage\":\"es\",\"@id\":\"https:\/\/www.absglobal.com\/es\/#\/schema\/logo\/image\/\",\"url\":\"https:\/\/www.absglobal.com\/es\/wp-content\/uploads\/sites\/17\/2020\/04\/Asset-1.png\",\"contentUrl\":\"https:\/\/www.absglobal.com\/es\/wp-content\/uploads\/sites\/17\/2020\/04\/Asset-1.png\",\"width\":845,\"height\":1080,\"caption\":\"ABS Global Spain\"},\"image\":{\"@id\":\"https:\/\/www.absglobal.com\/es\/#\/schema\/logo\/image\/\"}}]}<\/script>\n<!-- \/ Yoast SEO Premium plugin. -->","yoast_head_json":{"title":"La sostenibilidad en la producci\u00f3n animal comienza con la gen\u00e9tica - ABS Global Spain","description":"Descubre c\u00f3mo la sostenibilidad impulsa nuestras operaciones en Genus ABS, mejorando la gen\u00e9tica animal para un futuro responsable.","robots":{"index":"index","follow":"follow","max-snippet":"max-snippet:-1","max-image-preview":"max-image-preview:large","max-video-preview":"max-video-preview:-1"},"canonical":"https:\/\/www.absglobal.com\/es\/sostenibilidad-en-produccion-animal\/","og_locale":"es_ES","og_type":"article","og_title":"La sostenibilidad en la producci\u00f3n animal comienza con la gen\u00e9tica","og_description":"Descubre c\u00f3mo la sostenibilidad impulsa nuestras operaciones en Genus ABS, mejorando la gen\u00e9tica animal para un futuro responsable.","og_url":"https:\/\/www.absglobal.com\/es\/sostenibilidad-en-produccion-animal\/","og_site_name":"ABS Global Spain","article_modified_time":"2026-03-05T14:52:51+00:00","og_image":[{"width":2000,"height":1409,"url":"https:\/\/www.absglobal.com\/es\/wp-content\/uploads\/sites\/17\/2026\/01\/ES_f7be0d.png","type":"image\/png"}],"twitter_card":"summary_large_image","twitter_misc":{"Est. reading time":"5 minutos"},"schema":{"@context":"https:\/\/schema.org","@graph":[{"@type":"WebPage","@id":"https:\/\/www.absglobal.com\/es\/sostenibilidad-en-produccion-animal\/","url":"https:\/\/www.absglobal.com\/es\/sostenibilidad-en-produccion-animal\/","name":"La sostenibilidad en la producci\u00f3n animal comienza con la gen\u00e9tica - ABS Global Spain","isPartOf":{"@id":"https:\/\/www.absglobal.com\/es\/#website"},"primaryImageOfPage":{"@id":"https:\/\/www.absglobal.com\/es\/sostenibilidad-en-produccion-animal\/#primaryimage"},"image":{"@id":"https:\/\/www.absglobal.com\/es\/sostenibilidad-en-produccion-animal\/#primaryimage"},"thumbnailUrl":"https:\/\/www.absglobal.com\/es\/wp-content\/uploads\/sites\/17\/2026\/01\/ES_f7be0d.png","datePublished":"2026-02-03T15:51:49+00:00","dateModified":"2026-03-05T14:52:51+00:00","description":"Descubre c\u00f3mo la sostenibilidad impulsa nuestras operaciones en Genus ABS, mejorando la gen\u00e9tica animal para un futuro responsable.","breadcrumb":{"@id":"https:\/\/www.absglobal.com\/es\/sostenibilidad-en-produccion-animal\/#breadcrumb"},"inLanguage":"es","potentialAction":[{"@type":"ReadAction","target":["https:\/\/www.absglobal.com\/es\/sostenibilidad-en-produccion-animal\/"]}]},{"@type":"ImageObject","inLanguage":"es","@id":"https:\/\/www.absglobal.com\/es\/sostenibilidad-en-produccion-animal\/#primaryimage","url":"https:\/\/www.absglobal.com\/es\/wp-content\/uploads\/sites\/17\/2026\/01\/ES_f7be0d.png","contentUrl":"https:\/\/www.absglobal.com\/es\/wp-content\/uploads\/sites\/17\/2026\/01\/ES_f7be0d.png","width":2000,"height":1409},{"@type":"BreadcrumbList","@id":"https:\/\/www.absglobal.com\/es\/sostenibilidad-en-produccion-animal\/#breadcrumb","itemListElement":[{"@type":"ListItem","position":1,"name":"Home","item":"https:\/\/www.absglobal.com\/es\/"},{"@type":"ListItem","position":2,"name":"La sostenibilidad en la producci\u00f3n animal comienza con la gen\u00e9tica"}]},{"@type":"WebSite","@id":"https:\/\/www.absglobal.com\/es\/#website","url":"https:\/\/www.absglobal.com\/es\/","name":"ABS Global Spain","description":"","publisher":{"@id":"https:\/\/www.absglobal.com\/es\/#organization"},"potentialAction":[{"@type":"SearchAction","target":{"@type":"EntryPoint","urlTemplate":"https:\/\/www.absglobal.com\/es\/?s={search_term_string}"},"query-input":{"@type":"PropertyValueSpecification","valueRequired":true,"valueName":"search_term_string"}}],"inLanguage":"es"},{"@type":"Organization","@id":"https:\/\/www.absglobal.com\/es\/#organization","name":"ABS Global Spain","url":"https:\/\/www.absglobal.com\/es\/","logo":{"@type":"ImageObject","inLanguage":"es","@id":"https:\/\/www.absglobal.com\/es\/#\/schema\/logo\/image\/","url":"https:\/\/www.absglobal.com\/es\/wp-content\/uploads\/sites\/17\/2020\/04\/Asset-1.png","contentUrl":"https:\/\/www.absglobal.com\/es\/wp-content\/uploads\/sites\/17\/2020\/04\/Asset-1.png","width":845,"height":1080,"caption":"ABS Global Spain"},"image":{"@id":"https:\/\/www.absglobal.com\/es\/#\/schema\/logo\/image\/"}}]}},"_links":{"self":[{"href":"https:\/\/www.absglobal.com\/es\/wp-json\/wp\/v2\/pages\/4799"}],"collection":[{"href":"https:\/\/www.absglobal.com\/es\/wp-json\/wp\/v2\/pages"}],"about":[{"href":"https:\/\/www.absglobal.com\/es\/wp-json\/wp\/v2\/types\/page"}],"author":[{"embeddable":true,"href":"https:\/\/www.absglobal.com\/es\/wp-json\/wp\/v2\/users\/13892"}],"replies":[{"embeddable":true,"href":"https:\/\/www.absglobal.com\/es\/wp-json\/wp\/v2\/comments?post=4799"}],"version-history":[{"count":17,"href":"https:\/\/www.absglobal.com\/es\/wp-json\/wp\/v2\/pages\/4799\/revisions"}],"predecessor-version":[{"id":4858,"href":"https:\/\/www.absglobal.com\/es\/wp-json\/wp\/v2\/pages\/4799\/revisions\/4858"}],"wp:attachment":[{"href":"https:\/\/www.absglobal.com\/es\/wp-json\/wp\/v2\/media?parent=4799"}],"curies":[{"name":"wp","href":"https:\/\/api.w.org\/{rel}","templated":true}]}}