{"id":6,"date":"2019-08-23T20:02:31","date_gmt":"2019-08-23T20:02:31","guid":{"rendered":"https:\/\/cms.genusplc.com\/absglobal\/?page_id=6"},"modified":"2025-03-12T01:51:12","modified_gmt":"2025-03-12T06:51:12","slug":"home","status":"publish","type":"page","link":"https:\/\/www.absglobal.com\/es\/","title":{"rendered":"Home"},"content":{"rendered":"","protected":false},"excerpt":{"rendered":"","protected":false},"author":10,"featured_media":0,"parent":0,"menu_order":0,"comment_status":"closed","ping_status":"closed","template":"","meta":{"_acf_changed":false,"content-type":"","footnotes":""},"class_list":["post-6","page","type-page","status-publish","hentry"],"acf":[],"yoast_head":"<!-- This site is optimized with the Yoast SEO Premium plugin v25.6 (Yoast SEO v25.6) - https:\/\/yoast.com\/wordpress\/plugins\/seo\/ -->\n<title>Home - ABS Global Spain<\/title>\n<meta name=\"description\" content=\"ABS Global es el proveedor l\u00edder mundial de gen\u00e9tica bovina, servicios de reproducci\u00f3n, tecnolog\u00edas y productos para el cuidado de la ubre.\" \/>\n<meta name=\"robots\" content=\"index, follow, max-snippet:-1, max-image-preview:large, max-video-preview:-1\" \/>\n<link rel=\"canonical\" href=\"https:\/\/www.absglobal.com\/es\/\" \/>\n<meta property=\"og:locale\" content=\"es_ES\" \/>\n<meta property=\"og:type\" content=\"article\" \/>\n<meta property=\"og:title\" content=\"Home\" \/>\n<meta property=\"og:description\" content=\"ABS Global es el proveedor l\u00edder mundial de gen\u00e9tica bovina, servicios de reproducci\u00f3n, tecnolog\u00edas y productos para el cuidado de la ubre.\" \/>\n<meta property=\"og:url\" content=\"https:\/\/www.absglobal.com\/es\/\" \/>\n<meta property=\"og:site_name\" content=\"ABS Global Spain\" \/>\n<meta property=\"article:modified_time\" content=\"2025-03-12T06:51:12+00:00\" \/>\n<meta name=\"twitter:card\" content=\"summary_large_image\" \/>\n<script type=\"application\/ld+json\" class=\"yoast-schema-graph\">{\"@context\":\"https:\/\/schema.org\",\"@graph\":[{\"@type\":\"WebPage\",\"@id\":\"https:\/\/www.absglobal.com\/es\/\",\"url\":\"https:\/\/www.absglobal.com\/es\/\",\"name\":\"Home - ABS Global Spain\",\"isPartOf\":{\"@id\":\"https:\/\/www.absglobal.com\/es\/#website\"},\"datePublished\":\"2019-08-23T20:02:31+00:00\",\"dateModified\":\"2025-03-12T06:51:12+00:00\",\"description\":\"ABS Global es el proveedor l\u00edder mundial de gen\u00e9tica bovina, servicios de reproducci\u00f3n, tecnolog\u00edas y productos para el cuidado de la ubre.\",\"breadcrumb\":{\"@id\":\"https:\/\/www.absglobal.com\/es\/#breadcrumb\"},\"inLanguage\":\"es\",\"potentialAction\":[{\"@type\":\"ReadAction\",\"target\":[\"https:\/\/www.absglobal.com\/es\/\"]}]},{\"@type\":\"BreadcrumbList\",\"@id\":\"https:\/\/www.absglobal.com\/es\/#breadcrumb\",\"itemListElement\":[{\"@type\":\"ListItem\",\"position\":1,\"name\":\"Home\",\"item\":\"https:\/\/www.absglobal.com\/es\/\"},{\"@type\":\"ListItem\",\"position\":2,\"name\":\"Home\"}]},{\"@type\":\"WebSite\",\"@id\":\"https:\/\/www.absglobal.com\/es\/#website\",\"url\":\"https:\/\/www.absglobal.com\/es\/\",\"name\":\"ABS Global Spain\",\"description\":\"\",\"publisher\":{\"@id\":\"https:\/\/www.absglobal.com\/es\/#organization\"},\"potentialAction\":[{\"@type\":\"SearchAction\",\"target\":{\"@type\":\"EntryPoint\",\"urlTemplate\":\"https:\/\/www.absglobal.com\/es\/?s={search_term_string}\"},\"query-input\":{\"@type\":\"PropertyValueSpecification\",\"valueRequired\":true,\"valueName\":\"search_term_string\"}}],\"inLanguage\":\"es\"},{\"@type\":\"Organization\",\"@id\":\"https:\/\/www.absglobal.com\/es\/#organization\",\"name\":\"ABS Global Spain\",\"url\":\"https:\/\/www.absglobal.com\/es\/\",\"logo\":{\"@type\":\"ImageObject\",\"inLanguage\":\"es\",\"@id\":\"https:\/\/www.absglobal.com\/es\/#\/schema\/logo\/image\/\",\"url\":\"https:\/\/www.absglobal.com\/es\/wp-content\/uploads\/sites\/17\/2020\/04\/Asset-1.png\",\"contentUrl\":\"https:\/\/www.absglobal.com\/es\/wp-content\/uploads\/sites\/17\/2020\/04\/Asset-1.png\",\"width\":845,\"height\":1080,\"caption\":\"ABS Global Spain\"},\"image\":{\"@id\":\"https:\/\/www.absglobal.com\/es\/#\/schema\/logo\/image\/\"}}]}<\/script>\n<!-- \/ Yoast SEO Premium plugin. -->","yoast_head_json":{"title":"Home - ABS Global Spain","description":"ABS Global es el proveedor l\u00edder mundial de gen\u00e9tica bovina, servicios de reproducci\u00f3n, tecnolog\u00edas y productos para el cuidado de la ubre.","robots":{"index":"index","follow":"follow","max-snippet":"max-snippet:-1","max-image-preview":"max-image-preview:large","max-video-preview":"max-video-preview:-1"},"canonical":"https:\/\/www.absglobal.com\/es\/","og_locale":"es_ES","og_type":"article","og_title":"Home","og_description":"ABS Global es el proveedor l\u00edder mundial de gen\u00e9tica bovina, servicios de reproducci\u00f3n, tecnolog\u00edas y productos para el cuidado de la ubre.","og_url":"https:\/\/www.absglobal.com\/es\/","og_site_name":"ABS Global Spain","article_modified_time":"2025-03-12T06:51:12+00:00","twitter_card":"summary_large_image","schema":{"@context":"https:\/\/schema.org","@graph":[{"@type":"WebPage","@id":"https:\/\/www.absglobal.com\/es\/","url":"https:\/\/www.absglobal.com\/es\/","name":"Home - ABS Global Spain","isPartOf":{"@id":"https:\/\/www.absglobal.com\/es\/#website"},"datePublished":"2019-08-23T20:02:31+00:00","dateModified":"2025-03-12T06:51:12+00:00","description":"ABS Global es el proveedor l\u00edder mundial de gen\u00e9tica bovina, servicios de reproducci\u00f3n, tecnolog\u00edas y productos para el cuidado de la ubre.","breadcrumb":{"@id":"https:\/\/www.absglobal.com\/es\/#breadcrumb"},"inLanguage":"es","potentialAction":[{"@type":"ReadAction","target":["https:\/\/www.absglobal.com\/es\/"]}]},{"@type":"BreadcrumbList","@id":"https:\/\/www.absglobal.com\/es\/#breadcrumb","itemListElement":[{"@type":"ListItem","position":1,"name":"Home","item":"https:\/\/www.absglobal.com\/es\/"},{"@type":"ListItem","position":2,"name":"Home"}]},{"@type":"WebSite","@id":"https:\/\/www.absglobal.com\/es\/#website","url":"https:\/\/www.absglobal.com\/es\/","name":"ABS Global Spain","description":"","publisher":{"@id":"https:\/\/www.absglobal.com\/es\/#organization"},"potentialAction":[{"@type":"SearchAction","target":{"@type":"EntryPoint","urlTemplate":"https:\/\/www.absglobal.com\/es\/?s={search_term_string}"},"query-input":{"@type":"PropertyValueSpecification","valueRequired":true,"valueName":"search_term_string"}}],"inLanguage":"es"},{"@type":"Organization","@id":"https:\/\/www.absglobal.com\/es\/#organization","name":"ABS Global Spain","url":"https:\/\/www.absglobal.com\/es\/","logo":{"@type":"ImageObject","inLanguage":"es","@id":"https:\/\/www.absglobal.com\/es\/#\/schema\/logo\/image\/","url":"https:\/\/www.absglobal.com\/es\/wp-content\/uploads\/sites\/17\/2020\/04\/Asset-1.png","contentUrl":"https:\/\/www.absglobal.com\/es\/wp-content\/uploads\/sites\/17\/2020\/04\/Asset-1.png","width":845,"height":1080,"caption":"ABS Global Spain"},"image":{"@id":"https:\/\/www.absglobal.com\/es\/#\/schema\/logo\/image\/"}}]}},"_links":{"self":[{"href":"https:\/\/www.absglobal.com\/es\/wp-json\/wp\/v2\/pages\/6"}],"collection":[{"href":"https:\/\/www.absglobal.com\/es\/wp-json\/wp\/v2\/pages"}],"about":[{"href":"https:\/\/www.absglobal.com\/es\/wp-json\/wp\/v2\/types\/page"}],"author":[{"embeddable":true,"href":"https:\/\/www.absglobal.com\/es\/wp-json\/wp\/v2\/users\/10"}],"replies":[{"embeddable":true,"href":"https:\/\/www.absglobal.com\/es\/wp-json\/wp\/v2\/comments?post=6"}],"version-history":[{"count":113,"href":"https:\/\/www.absglobal.com\/es\/wp-json\/wp\/v2\/pages\/6\/revisions"}],"predecessor-version":[{"id":4587,"href":"https:\/\/www.absglobal.com\/es\/wp-json\/wp\/v2\/pages\/6\/revisions\/4587"}],"wp:attachment":[{"href":"https:\/\/www.absglobal.com\/es\/wp-json\/wp\/v2\/media?parent=6"}],"curies":[{"name":"wp","href":"https:\/\/api.w.org\/{rel}","templated":true}]}}