{"id":1706,"date":"2020-02-22T18:20:01","date_gmt":"2020-02-22T23:20:01","guid":{"rendered":"http:\/\/cms.genusplc.com\/absglobal\/?page_id=1706"},"modified":"2020-06-04T16:41:44","modified_gmt":"2020-06-04T21:41:44","slug":"transition-period","status":"publish","type":"page","link":"https:\/\/www.absglobal.com\/it\/transition-period\/","title":{"rendered":"Periodo di transizione"},"content":{"rendered":"\n<p>Il periodo di transizione \u2013 ovvero le ultime settimane di gestazione della bovina fino alle prime settimane di lattazione &#8211; ha un ruolo fondamentale sia per la produzione che la riproduzione della vostra mandria.<\/p>\n\n\n\n<p>Gestire in maniera efficiente il periodo di transizione aumenter\u00e0 le probabilit\u00e0 di successo nella lattazione, nella vita produttiva e nell&#8217;intervallo interparto di una vacca. Allo stesso modo, le ultime tre settimane di gestazione sono molto importanti per la salute del vitello, affinch\u00e9 possa altres\u00ec raggiungere il suo potenziale genetico.<\/p>\n\n\n\n<p>Senza dubbio, la prevenzione \u00e8 la soluzione pi\u00f9 efficiente e meno costosa per affrontare il periodo di transizione. Le tre aree principali da tenere monitorate sono i protocolli, la manodopera e la genetica.<\/p>\n\n\n\n<p>I protocolli sono molto importanti per fornire il giusto comfort e la corretta alimentazione alle vacche. Inoltre, avere un team ben informato e addestrato garantisce una buona attuazione dei protocolli stessi. Infine, con la genetica, \u00e8 possibile migliorare lo stato di salute delle vacche in transizione rendendo questi animali pi\u00f9 resistenti dal punto di vista genetico a disturbi come mastite, metrite e chetosi.<\/p>\n\n\n\n<div style=\"height:50px\" aria-hidden=\"true\" class=\"wp-block-spacer\"><\/div>\n\n\n\n<h2 class=\"is-style-underline wp-block-heading\">Prodotti correlati<\/h2>\n\n\n\t\t<section id=\"\" class=\"alignwide section-wrapper section-wrapper-small-fluid block-product-slider\" data-magellan-target=\"\">\n\t\t\t<div class=\"carousel-card-section owl-carousel owl-theme\">\n\t\t\t\t\t\t\t\t\t\t<div class=\"card\">\n\t\t\t\t\t\t\t\t\t\t\t\t\t\t\t<img decoding=\"async\" class=\"card-img\" src=\"https:\/\/www.absglobal.com\/it\/wp-content\/uploads\/sites\/26\/2020\/03\/product-Transitionright-3.jpg?w=1000&#038;resize=375,250\" alt=\"Image of medical devices\">\n\t\t\t\t\t\t\t\t\t\t\t\t\t\t<div class=\"card-section\">\n\t\t\t\t\t\t\t\t<h3 class=\"card-title\">TransitionRight\u00ae<\/h3>\n\t\t\t\t\t\t\t\t\t\t\t\t\t\t\t\t\t\t\t\t\t\t\t\t\t<p class=\"card-description\">Non reagire. Prevenire attraverso la Genetica. I disordini nel periodo di transizione hanno un costo in termini di tempo, denaro e produttivit\u00e0 della vostra mandria. Oggi, tuttavia, \u00e8 possibile ridurre i rischi grazie al migliorato TransitionRight\u00ae di ABS Global. ABS Global, leader mondiale nella genetica bovina, nei servizi di riproduzione e nelle tecnologie, utilizza un [&hellip;]<\/p>\n\t\t\t\t\t\t\t\t\n\t\t\t\t\t\t\t\t<a href=\"https:\/\/www.absglobal.com\/it\/soluzioni\/transitionright\/\" class=\"card-section-button button\">Per saperne di pi\u00f9<\/a>\n\t\t\t\t\t\t\t<\/div>\n\t\t\t\t\t\t<\/div>\n\t\t\t\t\t\t\t\t\t\t\t\t<div class=\"card\">\n\t\t\t\t\t\t\t\t\t\t\t\t\t\t\t<img decoding=\"async\" class=\"card-img\" src=\"https:\/\/www.absglobal.com\/it\/wp-content\/uploads\/sites\/26\/2020\/03\/product-sexcel-2.jpg?w=1000&#038;resize=375,250\" alt=\"Image of medical devices\">\n\t\t\t\t\t\t\t\t\t\t\t\t\t\t<div class=\"card-section\">\n\t\t\t\t\t\t\t\t<h3 class=\"card-title\">Sexcel\u00ae e la sua fertilit\u00e0 provata<\/h3>\n\t\t\t\t\t\t\t\t\t\t\t\t\t\t\t\t\t\t\t\t\t\t\t\t\t<p class=\"card-description\">I benefici dell&#8217; utilizzo di Sexcel\u00ae nella tua azienda In un mondo in cui \u201cdi pi\u00f9\u201d \u00e8 sinonimo di &#8220;meglio&#8221;, perch\u00e9 la tua genetica sessata dovrebbe essere diversa? Sexcel\u00ae \u00e8 il risultato su cui puoi contare per ottenere di pi\u00f9. Cosa significa \u201cdi pi\u00f9\u201d? Con Sexcel\u00ae, significa questo: Prestazioni affidabili del prodotto sono fondamentali per [&hellip;]<\/p>\n\t\t\t\t\t\t\t\t\n\t\t\t\t\t\t\t\t<a href=\"https:\/\/www.absglobal.com\/it\/soluzioni\/sexcel-e-la-sua-fertilita-provata\/\" class=\"card-section-button button\">Per saperne di pi\u00f9<\/a>\n\t\t\t\t\t\t\t<\/div>\n\t\t\t\t\t\t<\/div>\n\t\t\t\t\t\t\t\t\t\t\t\t<div class=\"card\">\n\t\t\t\t\t\t\t\t\t\t\t\t\t\t\t<img decoding=\"async\" class=\"card-img\" src=\"https:\/\/www.absglobal.com\/it\/wp-content\/uploads\/sites\/26\/2020\/04\/product-AI-technician-service-1.jpg?w=1000&#038;resize=375,250\" alt=\"Image of medical devices\">\n\t\t\t\t\t\t\t\t\t\t\t\t\t\t<div class=\"card-section\">\n\t\t\t\t\t\t\t\t<h3 class=\"card-title\">Reproductive Management System<\/h3>\n\t\t\t\t\t\t\t\t\t\t\t\t\t\t\t\t\t\t\t\t\t\t\t\t\t<p class=\"card-description\">I problemi di fertilit\u00e0 nelle aziende da latte diventano sempre pi\u00f9 grandi e l&#8217;RMS pu\u00f2 aiutare ad affrontare queste sfide estremamente importanti per il futuro profitto aziendale. Attraverso la presenza di un tecnico specializzato, l&#8217;RMS fornisce un paio d&#8217;occhi in pi\u00f9 in stalla per aumentare l&#8217;identificazione dei calori, fecondare e individuare qualsiasi anomalia negli animali, [&hellip;]<\/p>\n\t\t\t\t\t\t\t\t\n\t\t\t\t\t\t\t\t<a href=\"https:\/\/www.absglobal.com\/it\/soluzioni\/reproductive-management-system\/\" class=\"card-section-button button\">Per saperne di pi\u00f9<\/a>\n\t\t\t\t\t\t\t<\/div>\n\t\t\t\t\t\t<\/div>\n\t\t\t\t\t\t\t\t\t<\/div>\n\t\t<\/section>\n\t\t\n\n","protected":false},"excerpt":{"rendered":"<p>Il periodo di transizione \u2013 ovvero le ultime settimane di gestazione della bovina fino alle prime settimane di lattazione &#8211; ha un ruolo fondamentale sia per la produzione che la riproduzione della vostra mandria. Gestire in maniera efficiente il periodo di transizione aumenter\u00e0 le probabilit\u00e0 di successo nella lattazione, nella vita produttiva e nell&#8217;intervallo interparto [&hellip;]<\/p>\n","protected":false},"author":289,"featured_media":0,"parent":0,"menu_order":0,"comment_status":"closed","ping_status":"closed","template":"","meta":{"_acf_changed":false,"content-type":"","footnotes":""},"class_list":["post-1706","page","type-page","status-publish","hentry"],"acf":[],"yoast_head":"<!-- This site is optimized with the Yoast SEO Premium plugin v25.6 (Yoast SEO v25.6) - https:\/\/yoast.com\/wordpress\/plugins\/seo\/ -->\n<title>Periodo di transizione - ABS Global Italia<\/title>\n<meta name=\"robots\" content=\"index, follow, max-snippet:-1, max-image-preview:large, max-video-preview:-1\" \/>\n<link rel=\"canonical\" href=\"https:\/\/www.absglobal.com\/it\/transition-period\/\" \/>\n<meta property=\"og:locale\" content=\"it_IT\" \/>\n<meta property=\"og:type\" content=\"article\" \/>\n<meta property=\"og:title\" content=\"Periodo di transizione\" \/>\n<meta property=\"og:description\" content=\"Il periodo di transizione \u2013 ovvero le ultime settimane di gestazione della bovina fino alle prime settimane di lattazione &#8211; ha un ruolo fondamentale sia per la produzione che la riproduzione della vostra mandria. Gestire in maniera efficiente il periodo di transizione aumenter\u00e0 le probabilit\u00e0 di successo nella lattazione, nella vita produttiva e nell&#8217;intervallo interparto [&hellip;]\" \/>\n<meta property=\"og:url\" content=\"https:\/\/www.absglobal.com\/it\/transition-period\/\" \/>\n<meta property=\"og:site_name\" content=\"ABS Global Italia\" \/>\n<meta property=\"article:modified_time\" content=\"2020-06-04T21:41:44+00:00\" \/>\n<meta name=\"twitter:card\" content=\"summary_large_image\" \/>\n<meta name=\"twitter:label1\" content=\"Est. reading time\" \/>\n\t<meta name=\"twitter:data1\" content=\"1 minuto\" \/>\n<script type=\"application\/ld+json\" class=\"yoast-schema-graph\">{\"@context\":\"https:\/\/schema.org\",\"@graph\":[{\"@type\":\"WebPage\",\"@id\":\"https:\/\/www.absglobal.com\/it\/transition-period\/\",\"url\":\"https:\/\/www.absglobal.com\/it\/transition-period\/\",\"name\":\"Periodo di transizione - ABS Global Italia\",\"isPartOf\":{\"@id\":\"https:\/\/www.absglobal.com\/it\/#website\"},\"datePublished\":\"2020-02-22T23:20:01+00:00\",\"dateModified\":\"2020-06-04T21:41:44+00:00\",\"breadcrumb\":{\"@id\":\"https:\/\/www.absglobal.com\/it\/transition-period\/#breadcrumb\"},\"inLanguage\":\"it-IT\",\"potentialAction\":[{\"@type\":\"ReadAction\",\"target\":[\"https:\/\/www.absglobal.com\/it\/transition-period\/\"]}]},{\"@type\":\"BreadcrumbList\",\"@id\":\"https:\/\/www.absglobal.com\/it\/transition-period\/#breadcrumb\",\"itemListElement\":[{\"@type\":\"ListItem\",\"position\":1,\"name\":\"Home\",\"item\":\"https:\/\/www.absglobal.com\/it\/\"},{\"@type\":\"ListItem\",\"position\":2,\"name\":\"Periodo di transizione\"}]},{\"@type\":\"WebSite\",\"@id\":\"https:\/\/www.absglobal.com\/it\/#website\",\"url\":\"https:\/\/www.absglobal.com\/it\/\",\"name\":\"ABS Global Italia\",\"description\":\"\",\"publisher\":{\"@id\":\"https:\/\/www.absglobal.com\/it\/#organization\"},\"potentialAction\":[{\"@type\":\"SearchAction\",\"target\":{\"@type\":\"EntryPoint\",\"urlTemplate\":\"https:\/\/www.absglobal.com\/it\/?s={search_term_string}\"},\"query-input\":{\"@type\":\"PropertyValueSpecification\",\"valueRequired\":true,\"valueName\":\"search_term_string\"}}],\"inLanguage\":\"it-IT\"},{\"@type\":\"Organization\",\"@id\":\"https:\/\/www.absglobal.com\/it\/#organization\",\"name\":\"ABS Global Italia\",\"url\":\"https:\/\/www.absglobal.com\/it\/\",\"logo\":{\"@type\":\"ImageObject\",\"inLanguage\":\"it-IT\",\"@id\":\"https:\/\/www.absglobal.com\/it\/#\/schema\/logo\/image\/\",\"url\":\"https:\/\/www.absglobal.com\/it\/wp-content\/uploads\/sites\/26\/2020\/04\/LogoRGB.png\",\"contentUrl\":\"https:\/\/www.absglobal.com\/it\/wp-content\/uploads\/sites\/26\/2020\/04\/LogoRGB.png\",\"width\":872,\"height\":1080,\"caption\":\"ABS Global Italia\"},\"image\":{\"@id\":\"https:\/\/www.absglobal.com\/it\/#\/schema\/logo\/image\/\"}}]}<\/script>\n<!-- \/ Yoast SEO Premium plugin. -->","yoast_head_json":{"title":"Periodo di transizione - ABS Global Italia","robots":{"index":"index","follow":"follow","max-snippet":"max-snippet:-1","max-image-preview":"max-image-preview:large","max-video-preview":"max-video-preview:-1"},"canonical":"https:\/\/www.absglobal.com\/it\/transition-period\/","og_locale":"it_IT","og_type":"article","og_title":"Periodo di transizione","og_description":"Il periodo di transizione \u2013 ovvero le ultime settimane di gestazione della bovina fino alle prime settimane di lattazione &#8211; ha un ruolo fondamentale sia per la produzione che la riproduzione della vostra mandria. Gestire in maniera efficiente il periodo di transizione aumenter\u00e0 le probabilit\u00e0 di successo nella lattazione, nella vita produttiva e nell&#8217;intervallo interparto [&hellip;]","og_url":"https:\/\/www.absglobal.com\/it\/transition-period\/","og_site_name":"ABS Global Italia","article_modified_time":"2020-06-04T21:41:44+00:00","twitter_card":"summary_large_image","twitter_misc":{"Est. reading time":"1 minuto"},"schema":{"@context":"https:\/\/schema.org","@graph":[{"@type":"WebPage","@id":"https:\/\/www.absglobal.com\/it\/transition-period\/","url":"https:\/\/www.absglobal.com\/it\/transition-period\/","name":"Periodo di transizione - ABS Global Italia","isPartOf":{"@id":"https:\/\/www.absglobal.com\/it\/#website"},"datePublished":"2020-02-22T23:20:01+00:00","dateModified":"2020-06-04T21:41:44+00:00","breadcrumb":{"@id":"https:\/\/www.absglobal.com\/it\/transition-period\/#breadcrumb"},"inLanguage":"it-IT","potentialAction":[{"@type":"ReadAction","target":["https:\/\/www.absglobal.com\/it\/transition-period\/"]}]},{"@type":"BreadcrumbList","@id":"https:\/\/www.absglobal.com\/it\/transition-period\/#breadcrumb","itemListElement":[{"@type":"ListItem","position":1,"name":"Home","item":"https:\/\/www.absglobal.com\/it\/"},{"@type":"ListItem","position":2,"name":"Periodo di transizione"}]},{"@type":"WebSite","@id":"https:\/\/www.absglobal.com\/it\/#website","url":"https:\/\/www.absglobal.com\/it\/","name":"ABS Global Italia","description":"","publisher":{"@id":"https:\/\/www.absglobal.com\/it\/#organization"},"potentialAction":[{"@type":"SearchAction","target":{"@type":"EntryPoint","urlTemplate":"https:\/\/www.absglobal.com\/it\/?s={search_term_string}"},"query-input":{"@type":"PropertyValueSpecification","valueRequired":true,"valueName":"search_term_string"}}],"inLanguage":"it-IT"},{"@type":"Organization","@id":"https:\/\/www.absglobal.com\/it\/#organization","name":"ABS Global Italia","url":"https:\/\/www.absglobal.com\/it\/","logo":{"@type":"ImageObject","inLanguage":"it-IT","@id":"https:\/\/www.absglobal.com\/it\/#\/schema\/logo\/image\/","url":"https:\/\/www.absglobal.com\/it\/wp-content\/uploads\/sites\/26\/2020\/04\/LogoRGB.png","contentUrl":"https:\/\/www.absglobal.com\/it\/wp-content\/uploads\/sites\/26\/2020\/04\/LogoRGB.png","width":872,"height":1080,"caption":"ABS Global Italia"},"image":{"@id":"https:\/\/www.absglobal.com\/it\/#\/schema\/logo\/image\/"}}]}},"_links":{"self":[{"href":"https:\/\/www.absglobal.com\/it\/wp-json\/wp\/v2\/pages\/1706"}],"collection":[{"href":"https:\/\/www.absglobal.com\/it\/wp-json\/wp\/v2\/pages"}],"about":[{"href":"https:\/\/www.absglobal.com\/it\/wp-json\/wp\/v2\/types\/page"}],"author":[{"embeddable":true,"href":"https:\/\/www.absglobal.com\/it\/wp-json\/wp\/v2\/users\/289"}],"replies":[{"embeddable":true,"href":"https:\/\/www.absglobal.com\/it\/wp-json\/wp\/v2\/comments?post=1706"}],"version-history":[{"count":28,"href":"https:\/\/www.absglobal.com\/it\/wp-json\/wp\/v2\/pages\/1706\/revisions"}],"predecessor-version":[{"id":3789,"href":"https:\/\/www.absglobal.com\/it\/wp-json\/wp\/v2\/pages\/1706\/revisions\/3789"}],"wp:attachment":[{"href":"https:\/\/www.absglobal.com\/it\/wp-json\/wp\/v2\/media?parent=1706"}],"curies":[{"name":"wp","href":"https:\/\/api.w.org\/{rel}","templated":true}]}}