{"id":2105,"date":"2020-03-10T11:25:40","date_gmt":"2020-03-10T16:25:40","guid":{"rendered":"http:\/\/cms.genusplc.com\/absglobal\/?page_id=2105"},"modified":"2020-08-04T08:12:19","modified_gmt":"2020-08-04T13:12:19","slug":"supply-chain","status":"publish","type":"page","link":"https:\/\/www.absglobal.com\/it\/supply-chain\/","title":{"rendered":"La filiera da carne"},"content":{"rendered":"\n<h2 class=\"wp-block-heading\">Dal parto alla macellazione, la filiera da carne si basa su tre componenti principali: efficienza, benessere animale e genetica.<\/h2>\n\n\n\n<div style=\"height:50px\" aria-hidden=\"true\" class=\"wp-block-spacer\"><\/div>\n\n\n\n<p>La distribuzione tra i produttori di vitelli, ingrassatori e le aziende di trasformazione \u00e8 una componente chiave per assicurare l&#8217;efficienza, in questo modo ogni soggetto si pu\u00f2 concentrare su ci\u00f2 che sa fare meglio. La forte specializzazione dei vari soggetti ha un grande effetto su aspetti come alimentazione e benessere animale, mentre la genetica pu\u00f2 essere controllata solo nella prima parte del processo con la fecondazione, ma ha un beneficio su tutta la filiera produttiva.<\/p>\n\n\n\n<p>Conoscendo l&#8217;impatto della genetica su efficienza, carcassa e qualit\u00e0 della carne, le aziende di trasformazione e gli ingrassatori considerano sempre pi\u00f9 la genetica come strumento per incrementare la sostenibilit\u00e0 e il profitto di tutta la filiera da carne<\/p>\n\n\n\n<div style=\"height:50px\" aria-hidden=\"true\" class=\"wp-block-spacer\"><\/div>\n\n\n\n<h2 class=\"is-style-underline wp-block-heading\">ABS ha sviluppato la linea da carne considerando tutta la filiera da carne<\/h2>\n\n\n\t\t<section id=\"\" class=\"section-wrapper article-cards-block  \" data-magellan-target=\"\">\n\t\t\t<div class=\"article-blocks\">\n\t\t\t\t\t\t\t\t\t<a href=\"http:\/\/cms.genusplc.com\/absglobal-it\/soluzioni\/nuera-genetics\/\" class=\"article-block\">\n\t\t\t\t\t\t\t\t\t\t\t\t\t<figure>\n\t\t\t\t\t\t\t\t<img decoding=\"async\" class=\"article-block-img\" src=\"https:\/\/www.absglobal.com\/it\/wp-content\/uploads\/sites\/26\/2020\/04\/product-nuera-2.jpg\" alt=\"\">\n\t\t\t\t\t\t\t<\/figure>\n\t\t\t\t\t\t\t\t\t\t\t\t<div class=\"article-block-description\">\n\t\t\t\t\t\t\t\t\t\t\t\t\t\t\t<h3 class=\"article-block-title\">NuEra Genetics\u2122<\/h3>\n\t\t\t\t\t\t\t\t\t\t\t\t\t\t\t\t\t\t\t\t\t\t<span>NuEra Genetics\u2122 \u00e8 il nuovo marchio ABS Global che comprende tutti i programmi genetici da carne, le valutazioni e gli indici di propriet\u00e0 ABS. <\/span>\n\t\t\t\t\t\t\t\t\t\t\t\t\t\t<img decoding=\"async\" class=\"article-block-arrow\" inject-svg src=\"https:\/\/www.absglobal.com\/it\/wp-content\/themes\/abs\/dist\/assets\/img\/icons\/caret-right-icon.svg\" alt=\"Freccia icona\">\n\t\t\t\t\t\t<\/div>\n\t\t\t\t\t<\/a>\n\t\t\t\t\t\t\t<\/div>\n\t\t<\/section>\n\t\t\n\n","protected":false},"excerpt":{"rendered":"<p>Dal parto alla macellazione, la filiera da carne si basa su tre componenti principali: efficienza, benessere animale e genetica. La distribuzione tra i produttori di vitelli, ingrassatori e le aziende di trasformazione \u00e8 una componente chiave per assicurare l&#8217;efficienza, in questo modo ogni soggetto si pu\u00f2 concentrare su ci\u00f2 che sa fare meglio. La forte [&hellip;]<\/p>\n","protected":false},"author":289,"featured_media":0,"parent":0,"menu_order":0,"comment_status":"closed","ping_status":"closed","template":"","meta":{"_acf_changed":false,"content-type":"","footnotes":""},"class_list":["post-2105","page","type-page","status-publish","hentry"],"acf":[],"yoast_head":"<!-- This site is optimized with the Yoast SEO Premium plugin v25.6 (Yoast SEO v25.6) - https:\/\/yoast.com\/wordpress\/plugins\/seo\/ -->\n<title>La filiera da carne - ABS Global Italia<\/title>\n<meta name=\"robots\" content=\"index, follow, max-snippet:-1, max-image-preview:large, max-video-preview:-1\" \/>\n<link rel=\"canonical\" href=\"https:\/\/www.absglobal.com\/it\/supply-chain\/\" \/>\n<meta property=\"og:locale\" content=\"it_IT\" \/>\n<meta property=\"og:type\" content=\"article\" \/>\n<meta property=\"og:title\" content=\"La filiera da carne\" \/>\n<meta property=\"og:description\" content=\"Dal parto alla macellazione, la filiera da carne si basa su tre componenti principali: efficienza, benessere animale e genetica. La distribuzione tra i produttori di vitelli, ingrassatori e le aziende di trasformazione \u00e8 una componente chiave per assicurare l&#8217;efficienza, in questo modo ogni soggetto si pu\u00f2 concentrare su ci\u00f2 che sa fare meglio. La forte [&hellip;]\" \/>\n<meta property=\"og:url\" content=\"https:\/\/www.absglobal.com\/it\/supply-chain\/\" \/>\n<meta property=\"og:site_name\" content=\"ABS Global Italia\" \/>\n<meta property=\"article:modified_time\" content=\"2020-08-04T13:12:19+00:00\" \/>\n<meta name=\"twitter:card\" content=\"summary_large_image\" \/>\n<meta name=\"twitter:label1\" content=\"Est. reading time\" \/>\n\t<meta name=\"twitter:data1\" content=\"1 minuto\" \/>\n<script type=\"application\/ld+json\" class=\"yoast-schema-graph\">{\"@context\":\"https:\/\/schema.org\",\"@graph\":[{\"@type\":\"WebPage\",\"@id\":\"https:\/\/www.absglobal.com\/it\/supply-chain\/\",\"url\":\"https:\/\/www.absglobal.com\/it\/supply-chain\/\",\"name\":\"La filiera da carne - ABS Global Italia\",\"isPartOf\":{\"@id\":\"https:\/\/www.absglobal.com\/it\/#website\"},\"datePublished\":\"2020-03-10T16:25:40+00:00\",\"dateModified\":\"2020-08-04T13:12:19+00:00\",\"breadcrumb\":{\"@id\":\"https:\/\/www.absglobal.com\/it\/supply-chain\/#breadcrumb\"},\"inLanguage\":\"it-IT\",\"potentialAction\":[{\"@type\":\"ReadAction\",\"target\":[\"https:\/\/www.absglobal.com\/it\/supply-chain\/\"]}]},{\"@type\":\"BreadcrumbList\",\"@id\":\"https:\/\/www.absglobal.com\/it\/supply-chain\/#breadcrumb\",\"itemListElement\":[{\"@type\":\"ListItem\",\"position\":1,\"name\":\"Home\",\"item\":\"https:\/\/www.absglobal.com\/it\/\"},{\"@type\":\"ListItem\",\"position\":2,\"name\":\"La filiera da carne\"}]},{\"@type\":\"WebSite\",\"@id\":\"https:\/\/www.absglobal.com\/it\/#website\",\"url\":\"https:\/\/www.absglobal.com\/it\/\",\"name\":\"ABS Global Italia\",\"description\":\"\",\"publisher\":{\"@id\":\"https:\/\/www.absglobal.com\/it\/#organization\"},\"potentialAction\":[{\"@type\":\"SearchAction\",\"target\":{\"@type\":\"EntryPoint\",\"urlTemplate\":\"https:\/\/www.absglobal.com\/it\/?s={search_term_string}\"},\"query-input\":{\"@type\":\"PropertyValueSpecification\",\"valueRequired\":true,\"valueName\":\"search_term_string\"}}],\"inLanguage\":\"it-IT\"},{\"@type\":\"Organization\",\"@id\":\"https:\/\/www.absglobal.com\/it\/#organization\",\"name\":\"ABS Global Italia\",\"url\":\"https:\/\/www.absglobal.com\/it\/\",\"logo\":{\"@type\":\"ImageObject\",\"inLanguage\":\"it-IT\",\"@id\":\"https:\/\/www.absglobal.com\/it\/#\/schema\/logo\/image\/\",\"url\":\"https:\/\/www.absglobal.com\/it\/wp-content\/uploads\/sites\/26\/2020\/04\/LogoRGB.png\",\"contentUrl\":\"https:\/\/www.absglobal.com\/it\/wp-content\/uploads\/sites\/26\/2020\/04\/LogoRGB.png\",\"width\":872,\"height\":1080,\"caption\":\"ABS Global Italia\"},\"image\":{\"@id\":\"https:\/\/www.absglobal.com\/it\/#\/schema\/logo\/image\/\"}}]}<\/script>\n<!-- \/ Yoast SEO Premium plugin. -->","yoast_head_json":{"title":"La filiera da carne - ABS Global Italia","robots":{"index":"index","follow":"follow","max-snippet":"max-snippet:-1","max-image-preview":"max-image-preview:large","max-video-preview":"max-video-preview:-1"},"canonical":"https:\/\/www.absglobal.com\/it\/supply-chain\/","og_locale":"it_IT","og_type":"article","og_title":"La filiera da carne","og_description":"Dal parto alla macellazione, la filiera da carne si basa su tre componenti principali: efficienza, benessere animale e genetica. La distribuzione tra i produttori di vitelli, ingrassatori e le aziende di trasformazione \u00e8 una componente chiave per assicurare l&#8217;efficienza, in questo modo ogni soggetto si pu\u00f2 concentrare su ci\u00f2 che sa fare meglio. La forte [&hellip;]","og_url":"https:\/\/www.absglobal.com\/it\/supply-chain\/","og_site_name":"ABS Global Italia","article_modified_time":"2020-08-04T13:12:19+00:00","twitter_card":"summary_large_image","twitter_misc":{"Est. reading time":"1 minuto"},"schema":{"@context":"https:\/\/schema.org","@graph":[{"@type":"WebPage","@id":"https:\/\/www.absglobal.com\/it\/supply-chain\/","url":"https:\/\/www.absglobal.com\/it\/supply-chain\/","name":"La filiera da carne - ABS Global Italia","isPartOf":{"@id":"https:\/\/www.absglobal.com\/it\/#website"},"datePublished":"2020-03-10T16:25:40+00:00","dateModified":"2020-08-04T13:12:19+00:00","breadcrumb":{"@id":"https:\/\/www.absglobal.com\/it\/supply-chain\/#breadcrumb"},"inLanguage":"it-IT","potentialAction":[{"@type":"ReadAction","target":["https:\/\/www.absglobal.com\/it\/supply-chain\/"]}]},{"@type":"BreadcrumbList","@id":"https:\/\/www.absglobal.com\/it\/supply-chain\/#breadcrumb","itemListElement":[{"@type":"ListItem","position":1,"name":"Home","item":"https:\/\/www.absglobal.com\/it\/"},{"@type":"ListItem","position":2,"name":"La filiera da carne"}]},{"@type":"WebSite","@id":"https:\/\/www.absglobal.com\/it\/#website","url":"https:\/\/www.absglobal.com\/it\/","name":"ABS Global Italia","description":"","publisher":{"@id":"https:\/\/www.absglobal.com\/it\/#organization"},"potentialAction":[{"@type":"SearchAction","target":{"@type":"EntryPoint","urlTemplate":"https:\/\/www.absglobal.com\/it\/?s={search_term_string}"},"query-input":{"@type":"PropertyValueSpecification","valueRequired":true,"valueName":"search_term_string"}}],"inLanguage":"it-IT"},{"@type":"Organization","@id":"https:\/\/www.absglobal.com\/it\/#organization","name":"ABS Global Italia","url":"https:\/\/www.absglobal.com\/it\/","logo":{"@type":"ImageObject","inLanguage":"it-IT","@id":"https:\/\/www.absglobal.com\/it\/#\/schema\/logo\/image\/","url":"https:\/\/www.absglobal.com\/it\/wp-content\/uploads\/sites\/26\/2020\/04\/LogoRGB.png","contentUrl":"https:\/\/www.absglobal.com\/it\/wp-content\/uploads\/sites\/26\/2020\/04\/LogoRGB.png","width":872,"height":1080,"caption":"ABS Global Italia"},"image":{"@id":"https:\/\/www.absglobal.com\/it\/#\/schema\/logo\/image\/"}}]}},"_links":{"self":[{"href":"https:\/\/www.absglobal.com\/it\/wp-json\/wp\/v2\/pages\/2105"}],"collection":[{"href":"https:\/\/www.absglobal.com\/it\/wp-json\/wp\/v2\/pages"}],"about":[{"href":"https:\/\/www.absglobal.com\/it\/wp-json\/wp\/v2\/types\/page"}],"author":[{"embeddable":true,"href":"https:\/\/www.absglobal.com\/it\/wp-json\/wp\/v2\/users\/289"}],"replies":[{"embeddable":true,"href":"https:\/\/www.absglobal.com\/it\/wp-json\/wp\/v2\/comments?post=2105"}],"version-history":[{"count":24,"href":"https:\/\/www.absglobal.com\/it\/wp-json\/wp\/v2\/pages\/2105\/revisions"}],"predecessor-version":[{"id":3868,"href":"https:\/\/www.absglobal.com\/it\/wp-json\/wp\/v2\/pages\/2105\/revisions\/3868"}],"wp:attachment":[{"href":"https:\/\/www.absglobal.com\/it\/wp-json\/wp\/v2\/media?parent=2105"}],"curies":[{"name":"wp","href":"https:\/\/api.w.org\/{rel}","templated":true}]}}