{"id":2110,"date":"2020-03-10T11:31:17","date_gmt":"2020-03-10T16:31:17","guid":{"rendered":"http:\/\/cms.genusplc.com\/absglobal\/?page_id=2110"},"modified":"2020-08-04T08:22:59","modified_gmt":"2020-08-04T13:22:59","slug":"fertilita","status":"publish","type":"page","link":"https:\/\/www.absglobal.com\/it\/fertilita\/","title":{"rendered":"Fertilit\u00e0"},"content":{"rendered":"\n<p>L\u2019efficienza riproduttiva in un allevamento da carne \u00e8 legata alla capacit\u00e0 di ingravidare le vacche in modo tempestivo. La riproduzione \u00e8 la chiave del successo in un\u2019azienda da carne ed \u00e8 altamente associata alla redditivit\u00e0.<\/p>\n\n\n\n<p>La relazione tra riproduzione e redditivit\u00e0 pu\u00f2 essere facilmente compresa. Una mandria di riproduttori che non sono in grado di ingravidare le vacche in modo consistente non avr\u00e0 progenie da vendere per l\u2019allevamento, il finissaggio o la trasformazione della carne. Questo, a sua volta, significa che non ci saranno entrate economiche.<\/p>\n\n\n\n<p>Anche se questo pu\u00f2 sembrare logico, il processo diventa pi\u00f9 complesso quando si considera l\u2019efficienza. Per quanto siano importanti caratteri come il rendimento finale per un allevamento di bovini da carne, anche gli investimenti adottati per ingravidare una vacca e il tempo che intercorre tra un parto e l\u2019altro determinano un\u2019attivit\u00e0 efficiente e produttiva.<\/p>\n\n\n\n<p>Un buon modo di affrontare la riproduzione in un allevamento da carne \u00e8 capire che tutte le variabili all\u2019interno dell\u2019allevamento sono correlate. Queste variabili possono essere raggruppate in cinque aree principali: animali, persone, protocolli gestionali, ambiente e seme\/embrioni. Queste riguardano la maggior parte degli aspetti che possono influenzare la fertilit\u00e0 della mandria. Classificando le cose in questo modo, ogni volta che una ricevente \u00e8 sottoperformante, possiamo identificare i problemi e intervenire rapidamente.<\/p>\n\n\n\n<div style=\"height:50px\" aria-hidden=\"true\" class=\"wp-block-spacer\"><\/div>\n\n\n\n<h2 class=\"is-style-underline wp-block-heading\">Soluzioni ABS<\/h2>\n\n\n\t\t<section id=\"\" class=\"alignwide section-wrapper section-wrapper-small-fluid block-product-slider\" data-magellan-target=\"\">\n\t\t\t<div class=\"carousel-card-section owl-carousel owl-theme\">\n\t\t\t\t\t\t\t\t\t\t<div class=\"card\">\n\t\t\t\t\t\t\t\t\t\t\t\t\t\t\t<img decoding=\"async\" class=\"card-img\" src=\"https:\/\/www.absglobal.com\/it\/wp-content\/uploads\/sites\/26\/2020\/04\/product-AI-technician-service-1.jpg?w=1000&#038;resize=375,250\" alt=\"Image of medical devices\">\n\t\t\t\t\t\t\t\t\t\t\t\t\t\t<div class=\"card-section\">\n\t\t\t\t\t\t\t\t<h3 class=\"card-title\">Reproductive Management System<\/h3>\n\t\t\t\t\t\t\t\t\t\t\t\t\t\t\t\t\t\t\t\t\t\t\t\t\t<p class=\"card-description\">I problemi di fertilit\u00e0 nelle aziende da latte diventano sempre pi\u00f9 grandi e l&#8217;RMS pu\u00f2 aiutare ad affrontare queste sfide estremamente importanti per il futuro profitto aziendale. Attraverso la presenza di un tecnico specializzato, l&#8217;RMS fornisce un paio d&#8217;occhi in pi\u00f9 in stalla per aumentare l&#8217;identificazione dei calori, fecondare e individuare qualsiasi anomalia negli animali, [&hellip;]<\/p>\n\t\t\t\t\t\t\t\t\n\t\t\t\t\t\t\t\t<a href=\"https:\/\/www.absglobal.com\/it\/soluzioni\/reproductive-management-system\/\" class=\"card-section-button button\">Per saperne di pi\u00f9<\/a>\n\t\t\t\t\t\t\t<\/div>\n\t\t\t\t\t\t<\/div>\n\t\t\t\t\t\t\t\t\t\t\t\t<div class=\"card\">\n\t\t\t\t\t\t\t\t\t\t\t\t\t\t\t<img decoding=\"async\" class=\"card-img\" src=\"https:\/\/www.absglobal.com\/it\/wp-content\/uploads\/sites\/26\/2020\/02\/Breeder-tag-system-uk.jpg?w=1000&#038;resize=375,250\" alt=\"Image of medical devices\">\n\t\t\t\t\t\t\t\t\t\t\t\t\t\t<div class=\"card-section\">\n\t\t\t\t\t\t\t\t<h3 class=\"card-title\">Breeder Tag<\/h3>\n\t\t\t\t\t\t\t\t\t\t\t\t\t\t\t\t\t\t\t\t\t\t\t\t\t<p class=\"card-description\">Dalla ricerca ABS e da anni di esperienza sul campo nasce il SISTEMA ABS BREEDER TAG, un nuovo approccio verso l&#8217;efficienza riproduttiva che Ti aiuter\u00e0 ad aumentare le prestazioni del TUO allevamento: migliorando il rilevamento dei calori per produrre pi\u00f9 gravidanze &#8211; incrementando il TUO progresso genetico con il GMS &#8211; aiutandoTi ad analizzare i [&hellip;]<\/p>\n\t\t\t\t\t\t\t\t\n\t\t\t\t\t\t\t\t<a href=\"https:\/\/www.absglobal.com\/it\/soluzioni\/breeder-tag\/\" class=\"card-section-button button\">Per saperne di pi\u00f9<\/a>\n\t\t\t\t\t\t\t<\/div>\n\t\t\t\t\t\t<\/div>\n\t\t\t\t\t\t\t\t\t\t\t\t<div class=\"card\">\n\t\t\t\t\t\t\t\t\t\t\t\t\t\t\t<img decoding=\"async\" class=\"card-img\" src=\"https:\/\/www.absglobal.com\/it\/wp-content\/uploads\/sites\/26\/2020\/02\/beef-infocus-product-page2.jpg?w=1000&#038;resize=375,250\" alt=\"Image of medical devices\">\n\t\t\t\t\t\t\t\t\t\t\t\t\t\t<div class=\"card-section\">\n\t\t\t\t\t\t\t\t<h3 class=\"card-title\">Beef InFocus\u2122<\/h3>\n\t\t\t\t\t\t\t\t\t\t\t\t\t\t\t\t\t\t\t\t\t\t\t\t\t<p class=\"card-description\">Beef on Dairy, ma non il solito prodotto.ABS Beef InFocus\u2122, powered by NuEra Genetics\u2122, offre agli allevatori da latte una genetica da carne provata e attendibile per massimizzare il valore del vitello e al tempo stesso migliorare l\u2019efficienza di tutta la catena produttiva. Genetica da carne specifica per le razze da Latte I tori Beef [&hellip;]<\/p>\n\t\t\t\t\t\t\t\t\n\t\t\t\t\t\t\t\t<a href=\"https:\/\/www.absglobal.com\/it\/soluzioni\/beef-infocus\/\" class=\"card-section-button button\">Per saperne di pi\u00f9<\/a>\n\t\t\t\t\t\t\t<\/div>\n\t\t\t\t\t\t<\/div>\n\t\t\t\t\t\t\t\t\t<\/div>\n\t\t<\/section>\n\t\t\n\n","protected":false},"excerpt":{"rendered":"<p>L\u2019efficienza riproduttiva in un allevamento da carne \u00e8 legata alla capacit\u00e0 di ingravidare le vacche in modo tempestivo. La riproduzione \u00e8 la chiave del successo in un\u2019azienda da carne ed \u00e8 altamente associata alla redditivit\u00e0. La relazione tra riproduzione e redditivit\u00e0 pu\u00f2 essere facilmente compresa. Una mandria di riproduttori che non sono in grado di [&hellip;]<\/p>\n","protected":false},"author":289,"featured_media":0,"parent":0,"menu_order":0,"comment_status":"closed","ping_status":"closed","template":"","meta":{"_acf_changed":false,"content-type":"","footnotes":""},"class_list":["post-2110","page","type-page","status-publish","hentry"],"acf":[],"yoast_head":"<!-- This site is optimized with the Yoast SEO Premium plugin v25.6 (Yoast SEO v25.6) - https:\/\/yoast.com\/wordpress\/plugins\/seo\/ -->\n<title>Fertilit\u00e0 - ABS Global Italia<\/title>\n<meta name=\"robots\" content=\"index, follow, max-snippet:-1, max-image-preview:large, max-video-preview:-1\" \/>\n<link rel=\"canonical\" href=\"https:\/\/www.absglobal.com\/it\/fertilita\/\" \/>\n<meta property=\"og:locale\" content=\"it_IT\" \/>\n<meta property=\"og:type\" content=\"article\" \/>\n<meta property=\"og:title\" content=\"Fertilit\u00e0\" \/>\n<meta property=\"og:description\" content=\"L\u2019efficienza riproduttiva in un allevamento da carne \u00e8 legata alla capacit\u00e0 di ingravidare le vacche in modo tempestivo. La riproduzione \u00e8 la chiave del successo in un\u2019azienda da carne ed \u00e8 altamente associata alla redditivit\u00e0. La relazione tra riproduzione e redditivit\u00e0 pu\u00f2 essere facilmente compresa. Una mandria di riproduttori che non sono in grado di [&hellip;]\" \/>\n<meta property=\"og:url\" content=\"https:\/\/www.absglobal.com\/it\/fertilita\/\" \/>\n<meta property=\"og:site_name\" content=\"ABS Global Italia\" \/>\n<meta property=\"article:modified_time\" content=\"2020-08-04T13:22:59+00:00\" \/>\n<meta name=\"twitter:card\" content=\"summary_large_image\" \/>\n<meta name=\"twitter:label1\" content=\"Est. reading time\" \/>\n\t<meta name=\"twitter:data1\" content=\"1 minuto\" \/>\n<script type=\"application\/ld+json\" class=\"yoast-schema-graph\">{\"@context\":\"https:\/\/schema.org\",\"@graph\":[{\"@type\":\"WebPage\",\"@id\":\"https:\/\/www.absglobal.com\/it\/fertilita\/\",\"url\":\"https:\/\/www.absglobal.com\/it\/fertilita\/\",\"name\":\"Fertilit\u00e0 - ABS Global Italia\",\"isPartOf\":{\"@id\":\"https:\/\/www.absglobal.com\/it\/#website\"},\"datePublished\":\"2020-03-10T16:31:17+00:00\",\"dateModified\":\"2020-08-04T13:22:59+00:00\",\"breadcrumb\":{\"@id\":\"https:\/\/www.absglobal.com\/it\/fertilita\/#breadcrumb\"},\"inLanguage\":\"it-IT\",\"potentialAction\":[{\"@type\":\"ReadAction\",\"target\":[\"https:\/\/www.absglobal.com\/it\/fertilita\/\"]}]},{\"@type\":\"BreadcrumbList\",\"@id\":\"https:\/\/www.absglobal.com\/it\/fertilita\/#breadcrumb\",\"itemListElement\":[{\"@type\":\"ListItem\",\"position\":1,\"name\":\"Home\",\"item\":\"https:\/\/www.absglobal.com\/it\/\"},{\"@type\":\"ListItem\",\"position\":2,\"name\":\"Fertilit\u00e0\"}]},{\"@type\":\"WebSite\",\"@id\":\"https:\/\/www.absglobal.com\/it\/#website\",\"url\":\"https:\/\/www.absglobal.com\/it\/\",\"name\":\"ABS Global Italia\",\"description\":\"\",\"publisher\":{\"@id\":\"https:\/\/www.absglobal.com\/it\/#organization\"},\"potentialAction\":[{\"@type\":\"SearchAction\",\"target\":{\"@type\":\"EntryPoint\",\"urlTemplate\":\"https:\/\/www.absglobal.com\/it\/?s={search_term_string}\"},\"query-input\":{\"@type\":\"PropertyValueSpecification\",\"valueRequired\":true,\"valueName\":\"search_term_string\"}}],\"inLanguage\":\"it-IT\"},{\"@type\":\"Organization\",\"@id\":\"https:\/\/www.absglobal.com\/it\/#organization\",\"name\":\"ABS Global Italia\",\"url\":\"https:\/\/www.absglobal.com\/it\/\",\"logo\":{\"@type\":\"ImageObject\",\"inLanguage\":\"it-IT\",\"@id\":\"https:\/\/www.absglobal.com\/it\/#\/schema\/logo\/image\/\",\"url\":\"https:\/\/www.absglobal.com\/it\/wp-content\/uploads\/sites\/26\/2020\/04\/LogoRGB.png\",\"contentUrl\":\"https:\/\/www.absglobal.com\/it\/wp-content\/uploads\/sites\/26\/2020\/04\/LogoRGB.png\",\"width\":872,\"height\":1080,\"caption\":\"ABS Global Italia\"},\"image\":{\"@id\":\"https:\/\/www.absglobal.com\/it\/#\/schema\/logo\/image\/\"}}]}<\/script>\n<!-- \/ Yoast SEO Premium plugin. -->","yoast_head_json":{"title":"Fertilit\u00e0 - ABS Global Italia","robots":{"index":"index","follow":"follow","max-snippet":"max-snippet:-1","max-image-preview":"max-image-preview:large","max-video-preview":"max-video-preview:-1"},"canonical":"https:\/\/www.absglobal.com\/it\/fertilita\/","og_locale":"it_IT","og_type":"article","og_title":"Fertilit\u00e0","og_description":"L\u2019efficienza riproduttiva in un allevamento da carne \u00e8 legata alla capacit\u00e0 di ingravidare le vacche in modo tempestivo. La riproduzione \u00e8 la chiave del successo in un\u2019azienda da carne ed \u00e8 altamente associata alla redditivit\u00e0. La relazione tra riproduzione e redditivit\u00e0 pu\u00f2 essere facilmente compresa. Una mandria di riproduttori che non sono in grado di [&hellip;]","og_url":"https:\/\/www.absglobal.com\/it\/fertilita\/","og_site_name":"ABS Global Italia","article_modified_time":"2020-08-04T13:22:59+00:00","twitter_card":"summary_large_image","twitter_misc":{"Est. reading time":"1 minuto"},"schema":{"@context":"https:\/\/schema.org","@graph":[{"@type":"WebPage","@id":"https:\/\/www.absglobal.com\/it\/fertilita\/","url":"https:\/\/www.absglobal.com\/it\/fertilita\/","name":"Fertilit\u00e0 - ABS Global Italia","isPartOf":{"@id":"https:\/\/www.absglobal.com\/it\/#website"},"datePublished":"2020-03-10T16:31:17+00:00","dateModified":"2020-08-04T13:22:59+00:00","breadcrumb":{"@id":"https:\/\/www.absglobal.com\/it\/fertilita\/#breadcrumb"},"inLanguage":"it-IT","potentialAction":[{"@type":"ReadAction","target":["https:\/\/www.absglobal.com\/it\/fertilita\/"]}]},{"@type":"BreadcrumbList","@id":"https:\/\/www.absglobal.com\/it\/fertilita\/#breadcrumb","itemListElement":[{"@type":"ListItem","position":1,"name":"Home","item":"https:\/\/www.absglobal.com\/it\/"},{"@type":"ListItem","position":2,"name":"Fertilit\u00e0"}]},{"@type":"WebSite","@id":"https:\/\/www.absglobal.com\/it\/#website","url":"https:\/\/www.absglobal.com\/it\/","name":"ABS Global Italia","description":"","publisher":{"@id":"https:\/\/www.absglobal.com\/it\/#organization"},"potentialAction":[{"@type":"SearchAction","target":{"@type":"EntryPoint","urlTemplate":"https:\/\/www.absglobal.com\/it\/?s={search_term_string}"},"query-input":{"@type":"PropertyValueSpecification","valueRequired":true,"valueName":"search_term_string"}}],"inLanguage":"it-IT"},{"@type":"Organization","@id":"https:\/\/www.absglobal.com\/it\/#organization","name":"ABS Global Italia","url":"https:\/\/www.absglobal.com\/it\/","logo":{"@type":"ImageObject","inLanguage":"it-IT","@id":"https:\/\/www.absglobal.com\/it\/#\/schema\/logo\/image\/","url":"https:\/\/www.absglobal.com\/it\/wp-content\/uploads\/sites\/26\/2020\/04\/LogoRGB.png","contentUrl":"https:\/\/www.absglobal.com\/it\/wp-content\/uploads\/sites\/26\/2020\/04\/LogoRGB.png","width":872,"height":1080,"caption":"ABS Global Italia"},"image":{"@id":"https:\/\/www.absglobal.com\/it\/#\/schema\/logo\/image\/"}}]}},"_links":{"self":[{"href":"https:\/\/www.absglobal.com\/it\/wp-json\/wp\/v2\/pages\/2110"}],"collection":[{"href":"https:\/\/www.absglobal.com\/it\/wp-json\/wp\/v2\/pages"}],"about":[{"href":"https:\/\/www.absglobal.com\/it\/wp-json\/wp\/v2\/types\/page"}],"author":[{"embeddable":true,"href":"https:\/\/www.absglobal.com\/it\/wp-json\/wp\/v2\/users\/289"}],"replies":[{"embeddable":true,"href":"https:\/\/www.absglobal.com\/it\/wp-json\/wp\/v2\/comments?post=2110"}],"version-history":[{"count":30,"href":"https:\/\/www.absglobal.com\/it\/wp-json\/wp\/v2\/pages\/2110\/revisions"}],"predecessor-version":[{"id":3873,"href":"https:\/\/www.absglobal.com\/it\/wp-json\/wp\/v2\/pages\/2110\/revisions\/3873"}],"wp:attachment":[{"href":"https:\/\/www.absglobal.com\/it\/wp-json\/wp\/v2\/media?parent=2110"}],"curies":[{"name":"wp","href":"https:\/\/api.w.org\/{rel}","templated":true}]}}