{"id":2461,"date":"2020-03-12T14:48:53","date_gmt":"2020-03-12T19:48:53","guid":{"rendered":"http:\/\/cms.genusplc.com\/absglobal\/?page_id=2461"},"modified":"2025-05-16T05:25:19","modified_gmt":"2025-05-16T10:25:19","slug":"udder-care","status":"publish","type":"page","link":"https:\/\/www.absglobal.com\/it\/udder-care\/","title":{"rendered":"Salute della mammella"},"content":{"rendered":"\n<p>Una mungitura ben eseguita dipende da un ambiente adeguato, da un impianto ben funzionante e dalla salute della mammella. Se queste variabili mostrano qualche carenza, il rischio che il tasso di mastiti aumenti diventa molto pi\u00f9 alto.<\/p>\n\n\n\n<p>Senza una buona routine di mungitura, il rilascio del latte ne risentir\u00e0 e influir\u00e0 negativamente sull&#8217;efficienza di mungitura e sul benessere animale. Inoltre, una routine inadeguata, senza una corretta pulizia e applicazione del disinfettante, lascer\u00e0 sui capezzoli batteri patogeni che potrebbero incrementare i casi di mastite.<\/p>\n\n\n\n<p>Sta diventando sempre pi\u00f9 comune nelle stalle da latte non eliminare i primi getti di latte prima della mungitura per risparmiare tempo. Tuttavia, questo causa tempi pi\u00f9 lunghi nel rilascio del latte e nella mungitura, oltre al fatto che questa operazione permette di riconoscere i casi di mastite. Non eliminare i primi getti rende infatti pi\u00f9 difficile l&#8217;identificazione precoce dei sintomi di mastite e, a lungo termine, comporter\u00e0 pi\u00f9 tempo e maggiori costi.<\/p>\n\n\n\n<p>In questo caso, prevenire \u00e8 meglio che curare. Mantenendo un ambiente adeguato, un impianto ben funzionante e mammelle sane, il numero di infezioni caler\u00e0 e il processo sar\u00e0 pi\u00f9 efficiente e meno costoso.<\/p>\n\n\n\n<div style=\"height:100px\" aria-hidden=\"true\" class=\"wp-block-spacer\"><\/div>\n\n\n\n<h2 class=\"is-style-underline wp-block-heading\">Soluzioni ABS per il salute della mammella<\/h2>\n\n\n\t\t<section id=\"\" class=\"alignwide section-wrapper section-wrapper-small-fluid block-product-slider\" data-magellan-target=\"\">\n\t\t\t<div class=\"carousel-card-section owl-carousel owl-theme\">\n\t\t\t\t\t\t\t\t\t\t<div class=\"card\">\n\t\t\t\t\t\t\t\t\t\t\t\t\t\t\t<img decoding=\"async\" class=\"card-img\" src=\"https:\/\/www.absglobal.com\/it\/wp-content\/uploads\/sites\/26\/2020\/03\/product-valiant.jpeg?w=1000&#038;resize=375,250\" alt=\"Image of medical devices\">\n\t\t\t\t\t\t\t\t\t\t\t\t\t\t<div class=\"card-section\">\n\t\t\t\t\t\t\t\t<h3 class=\"card-title\">Valiant\u2122<\/h3>\n\t\t\t\t\t\t\t\t\t\t\t\t\t\t\t\t\t\t\t\t\t\t\t\t\t<p class=\"card-description\">Una procedura di mungitura ben eseguita si basa su un buon ambiente, attrezzature e cura delle mammelle. Se ci sono carenze in una di queste aree principali, il rischio di aumento del tasso di mastite \u00e8 molto pi\u00f9 alto.\nSenza una buona routine di mungitura, le vacche non rilasceranno in modo adeguato il latte e questo influenzer\u00e0 negativamente l&#8217;efficienza di mungitura e il comfort della mandria [&#8230;]<\/p>\n\t\t\t\t\t\t\t\t\n\t\t\t\t\t\t\t\t<a href=\"https:\/\/www.absglobal.com\/it\/soluzioni\/valiant\/\" class=\"card-section-button button\">Per saperne di pi\u00f9<\/a>\n\t\t\t\t\t\t\t<\/div>\n\t\t\t\t\t\t<\/div>\n\t\t\t\t\t\t\t\t\t\t\t\t<div class=\"card\">\n\t\t\t\t\t\t\t\t\t\t\t\t\t\t\t<img decoding=\"async\" class=\"card-img\" src=\"https:\/\/www.absglobal.com\/it\/wp-content\/uploads\/sites\/26\/2020\/03\/product-Transitionright-3.jpg?w=1000&#038;resize=375,250\" alt=\"Image of medical devices\">\n\t\t\t\t\t\t\t\t\t\t\t\t\t\t<div class=\"card-section\">\n\t\t\t\t\t\t\t\t<h3 class=\"card-title\">TransitionRight\u00ae<\/h3>\n\t\t\t\t\t\t\t\t\t\t\t\t\t\t\t\t\t\t\t\t\t\t\t\t\t<p class=\"card-description\">Non reagire. Prevenire attraverso la Genetica. I disordini nel periodo di transizione hanno un costo in termini di tempo, denaro e produttivit\u00e0 della vostra mandria. Oggi, tuttavia, \u00e8 possibile ridurre i rischi grazie al migliorato TransitionRight\u00ae di ABS Global. ABS Global, leader mondiale nella genetica bovina, nei servizi di riproduzione e nelle tecnologie, utilizza un [&hellip;]<\/p>\n\t\t\t\t\t\t\t\t\n\t\t\t\t\t\t\t\t<a href=\"https:\/\/www.absglobal.com\/it\/soluzioni\/transitionright\/\" class=\"card-section-button button\">Per saperne di pi\u00f9<\/a>\n\t\t\t\t\t\t\t<\/div>\n\t\t\t\t\t\t<\/div>\n\t\t\t\t\t\t\t\t\t\t\t\t<div class=\"card\">\n\t\t\t\t\t\t\t\t\t\t\t\t\t\t\t<img decoding=\"async\" class=\"card-img\" src=\"https:\/\/www.absglobal.com\/it\/wp-content\/uploads\/sites\/26\/2020\/04\/product-AI-technician-service-1.jpg?w=1000&#038;resize=375,250\" alt=\"Image of medical devices\">\n\t\t\t\t\t\t\t\t\t\t\t\t\t\t<div class=\"card-section\">\n\t\t\t\t\t\t\t\t<h3 class=\"card-title\">Reproductive Management System<\/h3>\n\t\t\t\t\t\t\t\t\t\t\t\t\t\t\t\t\t\t\t\t\t\t\t\t\t<p class=\"card-description\">I problemi di fertilit\u00e0 nelle aziende da latte diventano sempre pi\u00f9 grandi e l&#8217;RMS pu\u00f2 aiutare ad affrontare queste sfide estremamente importanti per il futuro profitto aziendale. Attraverso la presenza di un tecnico specializzato, l&#8217;RMS fornisce un paio d&#8217;occhi in pi\u00f9 in stalla per aumentare l&#8217;identificazione dei calori, fecondare e individuare qualsiasi anomalia negli animali, [&hellip;]<\/p>\n\t\t\t\t\t\t\t\t\n\t\t\t\t\t\t\t\t<a href=\"https:\/\/www.absglobal.com\/it\/soluzioni\/reproductive-management-system\/\" class=\"card-section-button button\">Per saperne di pi\u00f9<\/a>\n\t\t\t\t\t\t\t<\/div>\n\t\t\t\t\t\t<\/div>\n\t\t\t\t\t\t\t\t\t<\/div>\n\t\t<\/section>\n\t\t\n\n","protected":false},"excerpt":{"rendered":"<p>Una mungitura ben eseguita dipende da un ambiente adeguato, da un impianto ben funzionante e dalla salute della mammella. Se queste variabili mostrano qualche carenza, il rischio che il tasso di mastiti aumenti diventa molto pi\u00f9 alto. Senza una buona routine di mungitura, il rilascio del latte ne risentir\u00e0 e influir\u00e0 negativamente sull&#8217;efficienza di mungitura [&hellip;]<\/p>\n","protected":false},"author":289,"featured_media":0,"parent":0,"menu_order":0,"comment_status":"closed","ping_status":"closed","template":"","meta":{"_acf_changed":false,"content-type":"","footnotes":""},"class_list":["post-2461","page","type-page","status-publish","hentry"],"acf":[],"yoast_head":"<!-- This site is optimized with the Yoast SEO Premium plugin v25.6 (Yoast SEO v25.6) - https:\/\/yoast.com\/wordpress\/plugins\/seo\/ -->\n<title>Salute della mammella - ABS Global Italia<\/title>\n<meta name=\"robots\" content=\"index, follow, max-snippet:-1, max-image-preview:large, max-video-preview:-1\" \/>\n<link rel=\"canonical\" href=\"https:\/\/www.absglobal.com\/it\/udder-care\/\" \/>\n<meta property=\"og:locale\" content=\"it_IT\" \/>\n<meta property=\"og:type\" content=\"article\" \/>\n<meta property=\"og:title\" content=\"Salute della mammella\" \/>\n<meta property=\"og:description\" content=\"Una mungitura ben eseguita dipende da un ambiente adeguato, da un impianto ben funzionante e dalla salute della mammella. Se queste variabili mostrano qualche carenza, il rischio che il tasso di mastiti aumenti diventa molto pi\u00f9 alto. Senza una buona routine di mungitura, il rilascio del latte ne risentir\u00e0 e influir\u00e0 negativamente sull&#8217;efficienza di mungitura [&hellip;]\" \/>\n<meta property=\"og:url\" content=\"https:\/\/www.absglobal.com\/it\/udder-care\/\" \/>\n<meta property=\"og:site_name\" content=\"ABS Global Italia\" \/>\n<meta property=\"article:modified_time\" content=\"2025-05-16T10:25:19+00:00\" \/>\n<meta name=\"twitter:card\" content=\"summary_large_image\" \/>\n<meta name=\"twitter:label1\" content=\"Est. reading time\" \/>\n\t<meta name=\"twitter:data1\" content=\"2 minuti\" \/>\n<script type=\"application\/ld+json\" class=\"yoast-schema-graph\">{\"@context\":\"https:\/\/schema.org\",\"@graph\":[{\"@type\":\"WebPage\",\"@id\":\"https:\/\/www.absglobal.com\/it\/udder-care\/\",\"url\":\"https:\/\/www.absglobal.com\/it\/udder-care\/\",\"name\":\"Salute della mammella - ABS Global Italia\",\"isPartOf\":{\"@id\":\"https:\/\/www.absglobal.com\/it\/#website\"},\"datePublished\":\"2020-03-12T19:48:53+00:00\",\"dateModified\":\"2025-05-16T10:25:19+00:00\",\"breadcrumb\":{\"@id\":\"https:\/\/www.absglobal.com\/it\/udder-care\/#breadcrumb\"},\"inLanguage\":\"it-IT\",\"potentialAction\":[{\"@type\":\"ReadAction\",\"target\":[\"https:\/\/www.absglobal.com\/it\/udder-care\/\"]}]},{\"@type\":\"BreadcrumbList\",\"@id\":\"https:\/\/www.absglobal.com\/it\/udder-care\/#breadcrumb\",\"itemListElement\":[{\"@type\":\"ListItem\",\"position\":1,\"name\":\"Home\",\"item\":\"https:\/\/www.absglobal.com\/it\/\"},{\"@type\":\"ListItem\",\"position\":2,\"name\":\"Salute della mammella\"}]},{\"@type\":\"WebSite\",\"@id\":\"https:\/\/www.absglobal.com\/it\/#website\",\"url\":\"https:\/\/www.absglobal.com\/it\/\",\"name\":\"ABS Global Italia\",\"description\":\"\",\"publisher\":{\"@id\":\"https:\/\/www.absglobal.com\/it\/#organization\"},\"potentialAction\":[{\"@type\":\"SearchAction\",\"target\":{\"@type\":\"EntryPoint\",\"urlTemplate\":\"https:\/\/www.absglobal.com\/it\/?s={search_term_string}\"},\"query-input\":{\"@type\":\"PropertyValueSpecification\",\"valueRequired\":true,\"valueName\":\"search_term_string\"}}],\"inLanguage\":\"it-IT\"},{\"@type\":\"Organization\",\"@id\":\"https:\/\/www.absglobal.com\/it\/#organization\",\"name\":\"ABS Global Italia\",\"url\":\"https:\/\/www.absglobal.com\/it\/\",\"logo\":{\"@type\":\"ImageObject\",\"inLanguage\":\"it-IT\",\"@id\":\"https:\/\/www.absglobal.com\/it\/#\/schema\/logo\/image\/\",\"url\":\"https:\/\/www.absglobal.com\/it\/wp-content\/uploads\/sites\/26\/2020\/04\/LogoRGB.png\",\"contentUrl\":\"https:\/\/www.absglobal.com\/it\/wp-content\/uploads\/sites\/26\/2020\/04\/LogoRGB.png\",\"width\":872,\"height\":1080,\"caption\":\"ABS Global Italia\"},\"image\":{\"@id\":\"https:\/\/www.absglobal.com\/it\/#\/schema\/logo\/image\/\"}}]}<\/script>\n<!-- \/ Yoast SEO Premium plugin. -->","yoast_head_json":{"title":"Salute della mammella - ABS Global Italia","robots":{"index":"index","follow":"follow","max-snippet":"max-snippet:-1","max-image-preview":"max-image-preview:large","max-video-preview":"max-video-preview:-1"},"canonical":"https:\/\/www.absglobal.com\/it\/udder-care\/","og_locale":"it_IT","og_type":"article","og_title":"Salute della mammella","og_description":"Una mungitura ben eseguita dipende da un ambiente adeguato, da un impianto ben funzionante e dalla salute della mammella. Se queste variabili mostrano qualche carenza, il rischio che il tasso di mastiti aumenti diventa molto pi\u00f9 alto. Senza una buona routine di mungitura, il rilascio del latte ne risentir\u00e0 e influir\u00e0 negativamente sull&#8217;efficienza di mungitura [&hellip;]","og_url":"https:\/\/www.absglobal.com\/it\/udder-care\/","og_site_name":"ABS Global Italia","article_modified_time":"2025-05-16T10:25:19+00:00","twitter_card":"summary_large_image","twitter_misc":{"Est. reading time":"2 minuti"},"schema":{"@context":"https:\/\/schema.org","@graph":[{"@type":"WebPage","@id":"https:\/\/www.absglobal.com\/it\/udder-care\/","url":"https:\/\/www.absglobal.com\/it\/udder-care\/","name":"Salute della mammella - ABS Global Italia","isPartOf":{"@id":"https:\/\/www.absglobal.com\/it\/#website"},"datePublished":"2020-03-12T19:48:53+00:00","dateModified":"2025-05-16T10:25:19+00:00","breadcrumb":{"@id":"https:\/\/www.absglobal.com\/it\/udder-care\/#breadcrumb"},"inLanguage":"it-IT","potentialAction":[{"@type":"ReadAction","target":["https:\/\/www.absglobal.com\/it\/udder-care\/"]}]},{"@type":"BreadcrumbList","@id":"https:\/\/www.absglobal.com\/it\/udder-care\/#breadcrumb","itemListElement":[{"@type":"ListItem","position":1,"name":"Home","item":"https:\/\/www.absglobal.com\/it\/"},{"@type":"ListItem","position":2,"name":"Salute della mammella"}]},{"@type":"WebSite","@id":"https:\/\/www.absglobal.com\/it\/#website","url":"https:\/\/www.absglobal.com\/it\/","name":"ABS Global Italia","description":"","publisher":{"@id":"https:\/\/www.absglobal.com\/it\/#organization"},"potentialAction":[{"@type":"SearchAction","target":{"@type":"EntryPoint","urlTemplate":"https:\/\/www.absglobal.com\/it\/?s={search_term_string}"},"query-input":{"@type":"PropertyValueSpecification","valueRequired":true,"valueName":"search_term_string"}}],"inLanguage":"it-IT"},{"@type":"Organization","@id":"https:\/\/www.absglobal.com\/it\/#organization","name":"ABS Global Italia","url":"https:\/\/www.absglobal.com\/it\/","logo":{"@type":"ImageObject","inLanguage":"it-IT","@id":"https:\/\/www.absglobal.com\/it\/#\/schema\/logo\/image\/","url":"https:\/\/www.absglobal.com\/it\/wp-content\/uploads\/sites\/26\/2020\/04\/LogoRGB.png","contentUrl":"https:\/\/www.absglobal.com\/it\/wp-content\/uploads\/sites\/26\/2020\/04\/LogoRGB.png","width":872,"height":1080,"caption":"ABS Global Italia"},"image":{"@id":"https:\/\/www.absglobal.com\/it\/#\/schema\/logo\/image\/"}}]}},"_links":{"self":[{"href":"https:\/\/www.absglobal.com\/it\/wp-json\/wp\/v2\/pages\/2461"}],"collection":[{"href":"https:\/\/www.absglobal.com\/it\/wp-json\/wp\/v2\/pages"}],"about":[{"href":"https:\/\/www.absglobal.com\/it\/wp-json\/wp\/v2\/types\/page"}],"author":[{"embeddable":true,"href":"https:\/\/www.absglobal.com\/it\/wp-json\/wp\/v2\/users\/289"}],"replies":[{"embeddable":true,"href":"https:\/\/www.absglobal.com\/it\/wp-json\/wp\/v2\/comments?post=2461"}],"version-history":[{"count":22,"href":"https:\/\/www.absglobal.com\/it\/wp-json\/wp\/v2\/pages\/2461\/revisions"}],"predecessor-version":[{"id":5355,"href":"https:\/\/www.absglobal.com\/it\/wp-json\/wp\/v2\/pages\/2461\/revisions\/5355"}],"wp:attachment":[{"href":"https:\/\/www.absglobal.com\/it\/wp-json\/wp\/v2\/media?parent=2461"}],"curies":[{"name":"wp","href":"https:\/\/api.w.org\/{rel}","templated":true}]}}