{"id":2110,"date":"2020-03-10T11:31:17","date_gmt":"2020-03-10T16:31:17","guid":{"rendered":"http:\/\/cms.genusplc.com\/absglobal\/?page_id=2110"},"modified":"2020-04-07T10:35:01","modified_gmt":"2020-04-07T15:35:01","slug":"redimiento-reproductivo","status":"publish","type":"page","link":"https:\/\/www.absglobal.com\/mx\/redimiento-reproductivo\/","title":{"rendered":"Rendimiento Reproductivo"},"content":{"rendered":"\n<p>El rendimiento reproductivo es uno de los rasgos econ\u00f3micos m\u00e1s importantes en la producci\u00f3n ganadera. Los productores con altas ganancias son siempre los que tienen la tasa m\u00e1s alta de reproducci\u00f3n en el reba\u00f1o.<\/p>\n\n\n\n<p>Es importante gestionar el reba\u00f1o de una manera que tenga la mayor cantidad posible de hembras concibiendo en los primeros 30 d\u00edas de la temporada de reproducci\u00f3n. En ABS Global, nos gusta llamar a esto el Cambio de Juego en 30 d\u00edas.<\/p>\n\n\n\n<p>Esta ventana de 30 d\u00edas le permite obtener el mayor valor de los terneros que nacen temprano en la temporada de parto. Por ejemplo, si tiene una temporada de parto de 75 d\u00edas, que es un per\u00edodo de tiempo aceptable, los terneros nacidos en los primeros 30 d\u00edas probablemente superen a los terneros nacidos m\u00e1s tarde, ya sea en el destete, el a\u00f1o o en la producci\u00f3n.<\/p>\n\n\n\n<p>La inseminaci\u00f3n artificial (IA) combinada con sincronizaci\u00f3n, tambi\u00e9n conocida como IA de tiempo fijo, da la posibilidad a las vaquillas de reemplazo de un a\u00f1o la oportunidad de quedar embarazadas el primer d\u00eda de la temporada de reproducci\u00f3n.<\/p>\n\n\n\n<p>Tambi\u00e9n hay muchas herramientas que lo ayudan a identificar vacas que no est\u00e1n embarazadas o que quedar\u00edan embarazadas al final de la temporada de reproducci\u00f3n. Retirar estas vacas del reba\u00f1o ayuda a aumentar el rendimiento reproductivo general porque solo se mantienen las vacas que pueden concebir temprano en la temporada de cr\u00eda.<\/p>\n\n\n\n<p>Al comprender cu\u00e1ndo y c\u00f3mo embarazar a sus vacas, ABS ha desarrollado programas y protocolos para ayudar a los criadores de carne a lograr la mayor eficiencia en el rendimiento reproductivo.<\/p>\n\n\n\n<div style=\"height:50px\" aria-hidden=\"true\" class=\"wp-block-spacer\"><\/div>\n\n\n\n<h2 class=\"is-style-underline wp-block-heading\">Productos Relacionados<\/h2>\n\n\n\t\t<section id=\"\" class=\"section-wrapper article-cards-block alignwide \" data-magellan-target=\"\">\n\t\t\t<div class=\"article-blocks\">\n\t\t\t\t\t\t\t\t\t<a href=\"http:\/\/www.absglobal.com\/mx\/services\/nuera-genetics\/\" class=\"article-block\">\n\t\t\t\t\t\t\t\t\t\t\t\t\t<figure>\n\t\t\t\t\t\t\t\t<img decoding=\"async\" class=\"article-block-img\" src=\"https:\/\/www.absglobal.com\/mx\/wp-content\/uploads\/sites\/19\/2020\/03\/product-nuera.jpg\" alt=\"\">\n\t\t\t\t\t\t\t<\/figure>\n\t\t\t\t\t\t\t\t\t\t\t\t<div class=\"article-block-description\">\n\t\t\t\t\t\t\t\t\t\t\t\t\t\t\t<h3 class=\"article-block-title\">NuEra Genetics\u2122<\/h3>\n\t\t\t\t\t\t\t\t\t\t\t\t\t\t\t\t\t\t\t\t\t\t<span>NuEra Genetics\u2122 de ABS Global abarca todos los programas de cr\u00eda de carne de vacuno de propiedad de ABS, evaluaciones e \u00edndices.<\/span>\n\t\t\t\t\t\t\t\t\t\t\t\t\t\t<img decoding=\"async\" class=\"article-block-arrow\" inject-svg src=\"https:\/\/www.absglobal.com\/mx\/wp-content\/themes\/abs\/dist\/assets\/img\/icons\/caret-right-icon.svg\" alt=\"Arrow icon\">\n\t\t\t\t\t\t<\/div>\n\t\t\t\t\t<\/a>\n\t\t\t\t\t\t\t\t\t<a href=\"http:\/\/www.absglobal.com\/mx\/services\/beef-infocus\/\" class=\"article-block\">\n\t\t\t\t\t\t\t\t\t\t\t\t\t<figure>\n\t\t\t\t\t\t\t\t<img decoding=\"async\" class=\"article-block-img\" src=\"https:\/\/www.absglobal.com\/mx\/wp-content\/uploads\/sites\/19\/2020\/03\/Products_beef-on-dairy-2.jpg\" alt=\"\">\n\t\t\t\t\t\t\t<\/figure>\n\t\t\t\t\t\t\t\t\t\t\t\t<div class=\"article-block-description\">\n\t\t\t\t\t\t\t\t\t\t\t\t\t\t\t<h3 class=\"article-block-title\">Beef InFocus\u2122<\/h3>\n\t\t\t\t\t\t\t\t\t\t\t\t\t\t\t\t\t\t\t\t\t\t<span>Beef InFocus\u2122 de ABS, potenciado por NuEra Genetics\u2122, ofrece gen\u00e9tica de carne probada y confiable para que los productores lecheros maximicen el valor de la cosecha de cr\u00edas al tiempo que impulsan la eficiencia de la cadena de suministro de carne.<\/span>\n\t\t\t\t\t\t\t\t\t\t\t\t\t\t<img decoding=\"async\" class=\"article-block-arrow\" inject-svg src=\"https:\/\/www.absglobal.com\/mx\/wp-content\/themes\/abs\/dist\/assets\/img\/icons\/caret-right-icon.svg\" alt=\"Arrow icon\">\n\t\t\t\t\t\t<\/div>\n\t\t\t\t\t<\/a>\n\t\t\t\t\t\t\t<\/div>\n\t\t<\/section>\n\t\t\n\n","protected":false},"excerpt":{"rendered":"<p>El rendimiento reproductivo es uno de los rasgos econ\u00f3micos m\u00e1s importantes en la producci\u00f3n ganadera. Los productores con altas ganancias son siempre los que tienen la tasa m\u00e1s alta de reproducci\u00f3n en el reba\u00f1o. Es importante gestionar el reba\u00f1o de una manera que tenga la mayor cantidad posible de hembras concibiendo en los primeros 30 [&hellip;]<\/p>\n","protected":false},"author":289,"featured_media":0,"parent":0,"menu_order":0,"comment_status":"closed","ping_status":"closed","template":"","meta":{"_acf_changed":false,"content-type":"","footnotes":""},"class_list":["post-2110","page","type-page","status-publish","hentry"],"acf":[],"yoast_head":"<!-- This site is optimized with the Yoast SEO Premium plugin v25.6 (Yoast SEO v25.6) - https:\/\/yoast.com\/wordpress\/plugins\/seo\/ -->\n<title>Rendimiento Reproductivo - ABS Global M\u00e9xico<\/title>\n<meta name=\"robots\" content=\"index, follow, max-snippet:-1, max-image-preview:large, max-video-preview:-1\" \/>\n<link rel=\"canonical\" href=\"https:\/\/www.absglobal.com\/mx\/redimiento-reproductivo\/\" \/>\n<meta property=\"og:locale\" content=\"es_ES\" \/>\n<meta property=\"og:type\" content=\"article\" \/>\n<meta property=\"og:title\" content=\"Rendimiento Reproductivo\" \/>\n<meta property=\"og:description\" content=\"El rendimiento reproductivo es uno de los rasgos econ\u00f3micos m\u00e1s importantes en la producci\u00f3n ganadera. Los productores con altas ganancias son siempre los que tienen la tasa m\u00e1s alta de reproducci\u00f3n en el reba\u00f1o. Es importante gestionar el reba\u00f1o de una manera que tenga la mayor cantidad posible de hembras concibiendo en los primeros 30 [&hellip;]\" \/>\n<meta property=\"og:url\" content=\"https:\/\/www.absglobal.com\/mx\/redimiento-reproductivo\/\" \/>\n<meta property=\"og:site_name\" content=\"ABS Global M\u00e9xico\" \/>\n<meta property=\"article:modified_time\" content=\"2020-04-07T15:35:01+00:00\" \/>\n<meta name=\"twitter:card\" content=\"summary_large_image\" \/>\n<meta name=\"twitter:label1\" content=\"Est. reading time\" \/>\n\t<meta name=\"twitter:data1\" content=\"1 minuto\" \/>\n<script type=\"application\/ld+json\" class=\"yoast-schema-graph\">{\"@context\":\"https:\/\/schema.org\",\"@graph\":[{\"@type\":\"WebPage\",\"@id\":\"https:\/\/www.absglobal.com\/mx\/redimiento-reproductivo\/\",\"url\":\"https:\/\/www.absglobal.com\/mx\/redimiento-reproductivo\/\",\"name\":\"Rendimiento Reproductivo - ABS Global M\u00e9xico\",\"isPartOf\":{\"@id\":\"https:\/\/www.absglobal.com\/mx\/#website\"},\"datePublished\":\"2020-03-10T16:31:17+00:00\",\"dateModified\":\"2020-04-07T15:35:01+00:00\",\"breadcrumb\":{\"@id\":\"https:\/\/www.absglobal.com\/mx\/redimiento-reproductivo\/#breadcrumb\"},\"inLanguage\":\"es\",\"potentialAction\":[{\"@type\":\"ReadAction\",\"target\":[\"https:\/\/www.absglobal.com\/mx\/redimiento-reproductivo\/\"]}]},{\"@type\":\"BreadcrumbList\",\"@id\":\"https:\/\/www.absglobal.com\/mx\/redimiento-reproductivo\/#breadcrumb\",\"itemListElement\":[{\"@type\":\"ListItem\",\"position\":1,\"name\":\"Home\",\"item\":\"https:\/\/www.absglobal.com\/mx\/\"},{\"@type\":\"ListItem\",\"position\":2,\"name\":\"Rendimiento Reproductivo\"}]},{\"@type\":\"WebSite\",\"@id\":\"https:\/\/www.absglobal.com\/mx\/#website\",\"url\":\"https:\/\/www.absglobal.com\/mx\/\",\"name\":\"ABS Global M\u00e9xico\",\"description\":\"\",\"publisher\":{\"@id\":\"https:\/\/www.absglobal.com\/mx\/#organization\"},\"potentialAction\":[{\"@type\":\"SearchAction\",\"target\":{\"@type\":\"EntryPoint\",\"urlTemplate\":\"https:\/\/www.absglobal.com\/mx\/?s={search_term_string}\"},\"query-input\":{\"@type\":\"PropertyValueSpecification\",\"valueRequired\":true,\"valueName\":\"search_term_string\"}}],\"inLanguage\":\"es\"},{\"@type\":\"Organization\",\"@id\":\"https:\/\/www.absglobal.com\/mx\/#organization\",\"name\":\"ABS Global M\u00e9xico\",\"url\":\"https:\/\/www.absglobal.com\/mx\/\",\"logo\":{\"@type\":\"ImageObject\",\"inLanguage\":\"es\",\"@id\":\"https:\/\/www.absglobal.com\/mx\/#\/schema\/logo\/image\/\",\"url\":\"https:\/\/www.absglobal.com\/mx\/wp-content\/uploads\/sites\/19\/2020\/04\/LogoRGB.png\",\"contentUrl\":\"https:\/\/www.absglobal.com\/mx\/wp-content\/uploads\/sites\/19\/2020\/04\/LogoRGB.png\",\"width\":872,\"height\":1080,\"caption\":\"ABS Global M\u00e9xico\"},\"image\":{\"@id\":\"https:\/\/www.absglobal.com\/mx\/#\/schema\/logo\/image\/\"}}]}<\/script>\n<!-- \/ Yoast SEO Premium plugin. -->","yoast_head_json":{"title":"Rendimiento Reproductivo - ABS Global M\u00e9xico","robots":{"index":"index","follow":"follow","max-snippet":"max-snippet:-1","max-image-preview":"max-image-preview:large","max-video-preview":"max-video-preview:-1"},"canonical":"https:\/\/www.absglobal.com\/mx\/redimiento-reproductivo\/","og_locale":"es_ES","og_type":"article","og_title":"Rendimiento Reproductivo","og_description":"El rendimiento reproductivo es uno de los rasgos econ\u00f3micos m\u00e1s importantes en la producci\u00f3n ganadera. Los productores con altas ganancias son siempre los que tienen la tasa m\u00e1s alta de reproducci\u00f3n en el reba\u00f1o. Es importante gestionar el reba\u00f1o de una manera que tenga la mayor cantidad posible de hembras concibiendo en los primeros 30 [&hellip;]","og_url":"https:\/\/www.absglobal.com\/mx\/redimiento-reproductivo\/","og_site_name":"ABS Global M\u00e9xico","article_modified_time":"2020-04-07T15:35:01+00:00","twitter_card":"summary_large_image","twitter_misc":{"Est. reading time":"1 minuto"},"schema":{"@context":"https:\/\/schema.org","@graph":[{"@type":"WebPage","@id":"https:\/\/www.absglobal.com\/mx\/redimiento-reproductivo\/","url":"https:\/\/www.absglobal.com\/mx\/redimiento-reproductivo\/","name":"Rendimiento Reproductivo - ABS Global M\u00e9xico","isPartOf":{"@id":"https:\/\/www.absglobal.com\/mx\/#website"},"datePublished":"2020-03-10T16:31:17+00:00","dateModified":"2020-04-07T15:35:01+00:00","breadcrumb":{"@id":"https:\/\/www.absglobal.com\/mx\/redimiento-reproductivo\/#breadcrumb"},"inLanguage":"es","potentialAction":[{"@type":"ReadAction","target":["https:\/\/www.absglobal.com\/mx\/redimiento-reproductivo\/"]}]},{"@type":"BreadcrumbList","@id":"https:\/\/www.absglobal.com\/mx\/redimiento-reproductivo\/#breadcrumb","itemListElement":[{"@type":"ListItem","position":1,"name":"Home","item":"https:\/\/www.absglobal.com\/mx\/"},{"@type":"ListItem","position":2,"name":"Rendimiento Reproductivo"}]},{"@type":"WebSite","@id":"https:\/\/www.absglobal.com\/mx\/#website","url":"https:\/\/www.absglobal.com\/mx\/","name":"ABS Global M\u00e9xico","description":"","publisher":{"@id":"https:\/\/www.absglobal.com\/mx\/#organization"},"potentialAction":[{"@type":"SearchAction","target":{"@type":"EntryPoint","urlTemplate":"https:\/\/www.absglobal.com\/mx\/?s={search_term_string}"},"query-input":{"@type":"PropertyValueSpecification","valueRequired":true,"valueName":"search_term_string"}}],"inLanguage":"es"},{"@type":"Organization","@id":"https:\/\/www.absglobal.com\/mx\/#organization","name":"ABS Global M\u00e9xico","url":"https:\/\/www.absglobal.com\/mx\/","logo":{"@type":"ImageObject","inLanguage":"es","@id":"https:\/\/www.absglobal.com\/mx\/#\/schema\/logo\/image\/","url":"https:\/\/www.absglobal.com\/mx\/wp-content\/uploads\/sites\/19\/2020\/04\/LogoRGB.png","contentUrl":"https:\/\/www.absglobal.com\/mx\/wp-content\/uploads\/sites\/19\/2020\/04\/LogoRGB.png","width":872,"height":1080,"caption":"ABS Global M\u00e9xico"},"image":{"@id":"https:\/\/www.absglobal.com\/mx\/#\/schema\/logo\/image\/"}}]}},"_links":{"self":[{"href":"https:\/\/www.absglobal.com\/mx\/wp-json\/wp\/v2\/pages\/2110"}],"collection":[{"href":"https:\/\/www.absglobal.com\/mx\/wp-json\/wp\/v2\/pages"}],"about":[{"href":"https:\/\/www.absglobal.com\/mx\/wp-json\/wp\/v2\/types\/page"}],"author":[{"embeddable":true,"href":"https:\/\/www.absglobal.com\/mx\/wp-json\/wp\/v2\/users\/289"}],"replies":[{"embeddable":true,"href":"https:\/\/www.absglobal.com\/mx\/wp-json\/wp\/v2\/comments?post=2110"}],"version-history":[{"count":17,"href":"https:\/\/www.absglobal.com\/mx\/wp-json\/wp\/v2\/pages\/2110\/revisions"}],"predecessor-version":[{"id":3313,"href":"https:\/\/www.absglobal.com\/mx\/wp-json\/wp\/v2\/pages\/2110\/revisions\/3313"}],"wp:attachment":[{"href":"https:\/\/www.absglobal.com\/mx\/wp-json\/wp\/v2\/media?parent=2110"}],"curies":[{"name":"wp","href":"https:\/\/api.w.org\/{rel}","templated":true}]}}